{"id":107,"date":"2023-12-21T20:19:31","date_gmt":"2023-12-21T19:19:31","guid":{"rendered":"https:\/\/www.liecivebyliny.eu\/?page_id=107"},"modified":"2024-01-01T19:17:07","modified_gmt":"2024-01-01T18:17:07","slug":"alchemilla-xanthochlora-rothm-syn-alchemilla-vulgaris-l","status":"publish","type":"page","link":"https:\/\/www.liecivebyliny.eu\/?page_id=107","title":{"rendered":"Alchemilla xanthochlora\u00a0ROTHM. syn.\u00a0Alchemilla vulgaris\u00a0L."},"content":{"rendered":"<div class=\"wp-block-image\">\n<figure class=\"aligncenter size-full\"><img decoding=\"async\" loading=\"lazy\" width=\"256\" height=\"342\" src=\"https:\/\/www.liecivebyliny.eu\/wp-content\/uploads\/2023\/12\/image-1.jpeg\" alt=\"\" class=\"wp-image-108\" srcset=\"https:\/\/www.liecivebyliny.eu\/wp-content\/uploads\/2023\/12\/image-1.jpeg 256w, https:\/\/www.liecivebyliny.eu\/wp-content\/uploads\/2023\/12\/image-1-225x300.jpeg 225w\" sizes=\"(max-width: 256px) 100vw, 256px\" \/><figcaption class=\"wp-element-caption\">Alchemilka \u017eltozelen\u00e1<\/figcaption><\/figure><\/div>\n\n\n<p><strong>Slovensk\u00fd n\u00e1zov:&nbsp;<\/strong>alchemilka \u017eltozelen\u00e1 syn. alchemilka oby\u010dajn\u00e1<\/p>\n\n\n\n<p><strong>Anglick\u00fd n\u00e1zov:<\/strong>&nbsp;Lady\u2019s mantel<\/p>\n\n\n\n<p><strong>\u010cesk\u00fd n\u00e1zov:<\/strong>&nbsp;Kontryhel obecn\u00fd<\/p>\n\n\n\n<p><strong>\u013dudov\u00e9 n\u00e1zvy:<\/strong>&nbsp;div\u00fd mu\u0161k\u00e1t, rakovie zelie, husia n\u00f4\u017eka, rosi\u010dka, hviezdo\u0161<\/p>\n\n\n\n<p><strong>\u010ce\u013ea\u010f:<\/strong>&nbsp;<em>Rosaceae<\/em>&nbsp;(ru\u017eovit\u00e9)<\/p>\n\n\n\n<p><strong>Botanick\u00e1 charakteristika:<\/strong> Trv\u00e1ca bylina, ktor\u00e1 dorast\u00e1 do v\u00fd\u0161ky 10 \u2013 50 cm, \u017eltozelenej farby. Okr\u00fahle, 7 \u2013 9 lalo\u010dnat\u00e9 listy, pokryt\u00e9 trich\u00f3mami vyrastaj\u00fa z&nbsp;dlh\u00fdch stopiek. Ich okraje s\u00fa z\u00fabkovit\u00e9. Horn\u00e9 listy s\u00fa na kr\u00e1tkej stopke, s\u00fa chlpat\u00e9 a usporiadan\u00e9 v&nbsp;praslenoch. Drobn\u00e9, zeleno\u017elt\u00e9 kvety s\u00fa zoskupen\u00e9 do s\u00fakvet\u00ed. Plodom je na\u017eka, uzavret\u00e1 v \u010dia\u0161ke.<\/p>\n\n\n\n<p><strong>Mikroskopick\u00fd n\u00e1kres<\/strong>:<\/p>\n\n\n<div class=\"wp-block-image\">\n<figure class=\"aligncenter size-full is-resized\"><img decoding=\"async\" loading=\"lazy\" src=\"https:\/\/www.liecivebyliny.eu\/wp-content\/uploads\/2023\/12\/image-3.png\" alt=\"\" class=\"wp-image-110\" width=\"341\" height=\"191\" srcset=\"https:\/\/www.liecivebyliny.eu\/wp-content\/uploads\/2023\/12\/image-3.png 390w, https:\/\/www.liecivebyliny.eu\/wp-content\/uploads\/2023\/12\/image-3-300x168.png 300w\" sizes=\"(max-width: 341px) 100vw, 341px\" \/><figcaption class=\"wp-element-caption\"><em>V&nbsp;parenchymatick\u00fdch bunk\u00e1ch listov alchemilky \u017eltozelenej sa nach\u00e1dza \u0161\u0165avelan v\u00e1penat\u00fd v&nbsp;podobe dr\u00faz (a).<\/em><\/figcaption><\/figure><\/div>\n\n\n<div class=\"is-layout-flex wp-container-4 wp-block-columns\">\n<div class=\"is-layout-flow wp-block-column\">\n<figure class=\"is-layout-flex wp-block-gallery-1 wp-block-gallery has-nested-images columns-default is-cropped\">\n<figure class=\"wp-block-image size-large\"><img decoding=\"async\" loading=\"lazy\" width=\"640\" height=\"480\" src=\"https:\/\/www.liecivebyliny.eu\/wp-content\/uploads\/2024\/01\/Alchemillae-herba-100x-2-2.jpg\" alt=\"\" class=\"wp-image-852\" srcset=\"https:\/\/www.liecivebyliny.eu\/wp-content\/uploads\/2024\/01\/Alchemillae-herba-100x-2-2.jpg 640w, https:\/\/www.liecivebyliny.eu\/wp-content\/uploads\/2024\/01\/Alchemillae-herba-100x-2-2-300x225.jpg 300w\" sizes=\"(max-width: 640px) 100vw, 640px\" \/><figcaption class=\"wp-element-caption\">Prie\u010dny rez listom alchemilky (zv\u00e4\u010d\u0161en\u00e9 100x)<\/figcaption><\/figure>\n\n\n\n<figure class=\"wp-block-image size-large\"><img decoding=\"async\" loading=\"lazy\" width=\"640\" height=\"480\" src=\"https:\/\/www.liecivebyliny.eu\/wp-content\/uploads\/2024\/01\/Alchemillae-herba-100x-3.jpg\" alt=\"\" class=\"wp-image-851\" srcset=\"https:\/\/www.liecivebyliny.eu\/wp-content\/uploads\/2024\/01\/Alchemillae-herba-100x-3.jpg 640w, https:\/\/www.liecivebyliny.eu\/wp-content\/uploads\/2024\/01\/Alchemillae-herba-100x-3-300x225.jpg 300w\" sizes=\"(max-width: 640px) 100vw, 640px\" \/><figcaption class=\"wp-element-caption\">Prie\u010dny rez stonkou alchemilky (zv\u00e4\u010d\u0161en\u00e9 100x)<\/figcaption><\/figure>\n<\/figure>\n<\/div>\n<\/div>\n\n\n\n<p><\/p>\n\n\n\n<p><strong>Roz\u0161\u00edrenie: <\/strong>Rastie pri potokoch a riekach, mierne vlhk\u00fdch l\u00fakach, vo vlhk\u00fdch svetl\u00fdch lesoch.<\/p>\n\n\n\n<p><strong>Droga:<\/strong>&nbsp;<em>Alchemillae herba, Alchemillae folium<\/em><\/p>\n\n\n\n<p><strong>Sp\u00f4sob zberu: <\/strong>Listy a&nbsp;v\u0148a\u0165 sa zberaj\u00fa od m\u00e1ja do augusta. Sp\u00f4sob zberu sa uskuto\u010d\u0148uje ru\u010dne, pr\u00edpadne pomocou z\u00e1hradn\u00edckych no\u017en\u00edc.<\/p>\n\n\n\n<p><strong>Su\u0161enie:<\/strong> V\u0148a\u0165 a listy su\u0161\u00edme prirodzen\u00fdm sp\u00f4sobom v&nbsp;tieni, v&nbsp;tenk\u00fdch vrstv\u00e1ch, vo vetrate\u013enej miestnosti.&nbsp;<\/p>\n\n\n\n<p><strong>Obsahov\u00e9 l\u00e1tky: <\/strong>Alchemilku \u017eltozelen\u00fa zara\u010fujeme medzi trieslovinov\u00e9 drogy, pri\u010dom prevl\u00e1da hydrolyzovate\u013en\u00fd typ trieslov\u00edn. Tieto l\u00e1tky m\u00f4\u017eu tvori\u0165 a\u017e 8 % hmotnosti suchej drogy. \u010eal\u0161iu terapeuticky v\u00fdznamn\u00fa skupinu metabolitov tvoria flavonoidy, ktor\u00fdm sa pripisuj\u00fa protiz\u00e1palov\u00e9 \u00fa\u010dinky. V&nbsp;alchemilke \u017eltozelenej n\u00e1jdeme aj hor\u010diny, nepatrn\u00e9 mno\u017estvo kyseliny salicylovej, stopy sil\u00edc a&nbsp;jednoduch\u00e9 organick\u00e9 kyseliny.<\/p>\n\n\n\n<p><strong>Pou\u017eitie:<\/strong> Rastlina je v&nbsp;\u013eudovej medic\u00edne zn\u00e1ma ako prostriedok na lie\u010dbu \u201e\u017eensk\u00fdch \u0165a\u017ekost\u00ed\u201c. Uplat\u0148uje sa pri bolestivej men\u0161tru\u00e1cii, ale aj pri probl\u00e9moch s\u00favisiacich s&nbsp;menopauzou. Odvar sa pou\u017e\u00edva pri&nbsp;slab\u0161\u00edch hna\u010dk\u00e1ch, zlep\u0161uje hojenie hnisav\u00fdch r\u00e1n a&nbsp;m\u00e1 mierne spazmolytick\u00e9 \u00fa\u010dinky.<\/p>\n\n\n\n<p><strong>Tradi\u010dn\u00fd sp\u00f4sob pou\u017eitia v&nbsp;indik\u00e1ci\u00e1ch ur\u010den\u00fdch v\u00fdhradne na z\u00e1klade dlhodob\u00e9ho pou\u017e\u00edvania:<\/strong><\/p>\n\n\n\n<ul>\n<li>podporn\u00e1 lie\u010dba ne\u0161pecifickej hna\u010dky,<\/li>\n\n\n\n<li>symptomatick\u00e1 lie\u010dba gastrointestin\u00e1lnych \u0165a\u017ekost\u00ed,<\/li>\n\n\n\n<li>podporn\u00e1 lie\u010dba bolestivej men\u0161tru\u00e1cie.<\/li>\n<\/ul>\n\n\n\n<p><strong>Vybran\u00e9 rastlinn\u00e9 pr\u00edpravky: <\/strong>AGROKARPATY ALCHEMILKA \u017dLTOZELEN\u00c1 v\u0148a\u0165 bylinn\u00fd \u010daj 1&#215;50 g, FYTO ALCHEMILKOV\u00dd \u010cAJ 20&#215;1 g, APOTHEKE \u010cAJ PRE TEHOTN\u00c9 \u017dENY 20&#215;1,5 g,&nbsp;HERBEX \u017dENSK\u00dd \u010cAJ bylinn\u00fd \u010daj 20&#215;3 g, JUVAMED ALCHEMILKA OBY\u010cAJN\u00c1 &#8211; V\u0147A\u0164 bylinn\u00fd \u010daj sypan\u00fd 1&#215;40 g, Pr\u00edr. farm\u00e1cia Bylinn\u00e1 zmes C\u00ddST A MY\u00d3MOV bylinn\u00fd \u010daj 1&#215;40 g, ALIVER Pinkfertil plus cps 90 ks.<\/p>\n","protected":false},"excerpt":{"rendered":"<p>Slovensk\u00fd n\u00e1zov:&nbsp;alchemilka \u017eltozelen\u00e1 syn. alchemilka oby\u010dajn\u00e1 Anglick\u00fd n\u00e1zov:&nbsp;Lady\u2019s mantel \u010cesk\u00fd n\u00e1zov:&nbsp;Kontryhel obecn\u00fd \u013dudov\u00e9 n\u00e1zvy:&nbsp;div\u00fd mu\u0161k\u00e1t, rakovie zelie, husia n\u00f4\u017eka, rosi\u010dka, hviezdo\u0161 \u010ce\u013ea\u010f:&nbsp;Rosaceae&nbsp;(ru\u017eovit\u00e9) Botanick\u00e1 charakteristika: Trv\u00e1ca bylina, ktor\u00e1 dorast\u00e1 do v\u00fd\u0161ky 10 \u2013 50 cm, \u017eltozelenej farby. Okr\u00fahle, 7 \u2013 9 lalo\u010dnat\u00e9 listy, pokryt\u00e9 trich\u00f3mami vyrastaj\u00fa z&nbsp;dlh\u00fdch stopiek. Ich okraje s\u00fa z\u00fabkovit\u00e9. Horn\u00e9 listy s\u00fa na [&hellip;]<\/p>\n","protected":false},"author":1,"featured_media":0,"parent":0,"menu_order":0,"comment_status":"closed","ping_status":"closed","template":"","meta":{"_mi_skip_tracking":false},"yoast_head":"<!-- This site is optimized with the Yoast SEO plugin v20.4 - https:\/\/yoast.com\/wordpress\/plugins\/seo\/ -->\n<title>Alchemilla xanthochlora\u00a0ROTHM. syn.\u00a0Alchemilla vulgaris\u00a0L. - liecivebyliny.eu<\/title>\n<meta name=\"robots\" content=\"index, follow, max-snippet:-1, max-image-preview:large, max-video-preview:-1\" \/>\n<link rel=\"canonical\" href=\"https:\/\/www.liecivebyliny.eu\/?page_id=107\" \/>\n<meta property=\"og:locale\" content=\"sk_SK\" \/>\n<meta property=\"og:type\" content=\"article\" \/>\n<meta property=\"og:title\" content=\"Alchemilla xanthochlora\u00a0ROTHM. syn.\u00a0Alchemilla vulgaris\u00a0L. - liecivebyliny.eu\" \/>\n<meta property=\"og:description\" content=\"Slovensk\u00fd n\u00e1zov:&nbsp;alchemilka \u017eltozelen\u00e1 syn. alchemilka oby\u010dajn\u00e1 Anglick\u00fd n\u00e1zov:&nbsp;Lady\u2019s mantel \u010cesk\u00fd n\u00e1zov:&nbsp;Kontryhel obecn\u00fd \u013dudov\u00e9 n\u00e1zvy:&nbsp;div\u00fd mu\u0161k\u00e1t, rakovie zelie, husia n\u00f4\u017eka, rosi\u010dka, hviezdo\u0161 \u010ce\u013ea\u010f:&nbsp;Rosaceae&nbsp;(ru\u017eovit\u00e9) Botanick\u00e1 charakteristika: Trv\u00e1ca bylina, ktor\u00e1 dorast\u00e1 do v\u00fd\u0161ky 10 \u2013 50 cm, \u017eltozelenej farby. Okr\u00fahle, 7 \u2013 9 lalo\u010dnat\u00e9 listy, pokryt\u00e9 trich\u00f3mami vyrastaj\u00fa z&nbsp;dlh\u00fdch stopiek. Ich okraje s\u00fa z\u00fabkovit\u00e9. Horn\u00e9 listy s\u00fa na [&hellip;]\" \/>\n<meta property=\"og:url\" content=\"https:\/\/www.liecivebyliny.eu\/?page_id=107\" \/>\n<meta property=\"og:site_name\" content=\"liecivebyliny.eu\" \/>\n<meta property=\"article:modified_time\" content=\"2024-01-01T18:17:07+00:00\" \/>\n<meta property=\"og:image\" content=\"https:\/\/www.liecivebyliny.eu\/wp-content\/uploads\/2023\/12\/image-1.jpeg\" \/>\n<meta name=\"twitter:card\" content=\"summary_large_image\" \/>\n<meta name=\"twitter:label1\" content=\"Predpokladan\u00fd \u010das \u010d\u00edtania\" \/>\n\t<meta name=\"twitter:data1\" content=\"3 min\u00faty\" \/>\n<script type=\"application\/ld+json\" class=\"yoast-schema-graph\">{\"@context\":\"https:\/\/schema.org\",\"@graph\":[{\"@type\":\"WebPage\",\"@id\":\"https:\/\/www.liecivebyliny.eu\/?page_id=107\",\"url\":\"https:\/\/www.liecivebyliny.eu\/?page_id=107\",\"name\":\"Alchemilla xanthochlora\u00a0ROTHM. syn.\u00a0Alchemilla vulgaris\u00a0L. - liecivebyliny.eu\",\"isPartOf\":{\"@id\":\"https:\/\/www.liecivebyliny.eu\/#website\"},\"datePublished\":\"2023-12-21T19:19:31+00:00\",\"dateModified\":\"2024-01-01T18:17:07+00:00\",\"breadcrumb\":{\"@id\":\"https:\/\/www.liecivebyliny.eu\/?page_id=107#breadcrumb\"},\"inLanguage\":\"sk-SK\",\"potentialAction\":[{\"@type\":\"ReadAction\",\"target\":[\"https:\/\/www.liecivebyliny.eu\/?page_id=107\"]}]},{\"@type\":\"BreadcrumbList\",\"@id\":\"https:\/\/www.liecivebyliny.eu\/?page_id=107#breadcrumb\",\"itemListElement\":[{\"@type\":\"ListItem\",\"position\":1,\"name\":\"Home\",\"item\":\"https:\/\/www.liecivebyliny.eu\/\"},{\"@type\":\"ListItem\",\"position\":2,\"name\":\"Alchemilla xanthochlora\u00a0ROTHM. syn.\u00a0Alchemilla vulgaris\u00a0L.\"}]},{\"@type\":\"WebSite\",\"@id\":\"https:\/\/www.liecivebyliny.eu\/#website\",\"url\":\"https:\/\/www.liecivebyliny.eu\/\",\"name\":\"liecivebyliny.eu\",\"description\":\"\",\"potentialAction\":[{\"@type\":\"SearchAction\",\"target\":{\"@type\":\"EntryPoint\",\"urlTemplate\":\"https:\/\/www.liecivebyliny.eu\/?s={search_term_string}\"},\"query-input\":\"required name=search_term_string\"}],\"inLanguage\":\"sk-SK\"}]}<\/script>\n<!-- \/ Yoast SEO plugin. -->","yoast_head_json":{"title":"Alchemilla xanthochlora\u00a0ROTHM. syn.\u00a0Alchemilla vulgaris\u00a0L. - liecivebyliny.eu","robots":{"index":"index","follow":"follow","max-snippet":"max-snippet:-1","max-image-preview":"max-image-preview:large","max-video-preview":"max-video-preview:-1"},"canonical":"https:\/\/www.liecivebyliny.eu\/?page_id=107","og_locale":"sk_SK","og_type":"article","og_title":"Alchemilla xanthochlora\u00a0ROTHM. syn.\u00a0Alchemilla vulgaris\u00a0L. - liecivebyliny.eu","og_description":"Slovensk\u00fd n\u00e1zov:&nbsp;alchemilka \u017eltozelen\u00e1 syn. alchemilka oby\u010dajn\u00e1 Anglick\u00fd n\u00e1zov:&nbsp;Lady\u2019s mantel \u010cesk\u00fd n\u00e1zov:&nbsp;Kontryhel obecn\u00fd \u013dudov\u00e9 n\u00e1zvy:&nbsp;div\u00fd mu\u0161k\u00e1t, rakovie zelie, husia n\u00f4\u017eka, rosi\u010dka, hviezdo\u0161 \u010ce\u013ea\u010f:&nbsp;Rosaceae&nbsp;(ru\u017eovit\u00e9) Botanick\u00e1 charakteristika: Trv\u00e1ca bylina, ktor\u00e1 dorast\u00e1 do v\u00fd\u0161ky 10 \u2013 50 cm, \u017eltozelenej farby. Okr\u00fahle, 7 \u2013 9 lalo\u010dnat\u00e9 listy, pokryt\u00e9 trich\u00f3mami vyrastaj\u00fa z&nbsp;dlh\u00fdch stopiek. Ich okraje s\u00fa z\u00fabkovit\u00e9. Horn\u00e9 listy s\u00fa na [&hellip;]","og_url":"https:\/\/www.liecivebyliny.eu\/?page_id=107","og_site_name":"liecivebyliny.eu","article_modified_time":"2024-01-01T18:17:07+00:00","og_image":[{"url":"https:\/\/www.liecivebyliny.eu\/wp-content\/uploads\/2023\/12\/image-1.jpeg"}],"twitter_card":"summary_large_image","twitter_misc":{"Predpokladan\u00fd \u010das \u010d\u00edtania":"3 min\u00faty"},"schema":{"@context":"https:\/\/schema.org","@graph":[{"@type":"WebPage","@id":"https:\/\/www.liecivebyliny.eu\/?page_id=107","url":"https:\/\/www.liecivebyliny.eu\/?page_id=107","name":"Alchemilla xanthochlora\u00a0ROTHM. syn.\u00a0Alchemilla vulgaris\u00a0L. - liecivebyliny.eu","isPartOf":{"@id":"https:\/\/www.liecivebyliny.eu\/#website"},"datePublished":"2023-12-21T19:19:31+00:00","dateModified":"2024-01-01T18:17:07+00:00","breadcrumb":{"@id":"https:\/\/www.liecivebyliny.eu\/?page_id=107#breadcrumb"},"inLanguage":"sk-SK","potentialAction":[{"@type":"ReadAction","target":["https:\/\/www.liecivebyliny.eu\/?page_id=107"]}]},{"@type":"BreadcrumbList","@id":"https:\/\/www.liecivebyliny.eu\/?page_id=107#breadcrumb","itemListElement":[{"@type":"ListItem","position":1,"name":"Home","item":"https:\/\/www.liecivebyliny.eu\/"},{"@type":"ListItem","position":2,"name":"Alchemilla xanthochlora\u00a0ROTHM. syn.\u00a0Alchemilla vulgaris\u00a0L."}]},{"@type":"WebSite","@id":"https:\/\/www.liecivebyliny.eu\/#website","url":"https:\/\/www.liecivebyliny.eu\/","name":"liecivebyliny.eu","description":"","potentialAction":[{"@type":"SearchAction","target":{"@type":"EntryPoint","urlTemplate":"https:\/\/www.liecivebyliny.eu\/?s={search_term_string}"},"query-input":"required name=search_term_string"}],"inLanguage":"sk-SK"}]}},"_links":{"self":[{"href":"https:\/\/www.liecivebyliny.eu\/index.php?rest_route=\/wp\/v2\/pages\/107"}],"collection":[{"href":"https:\/\/www.liecivebyliny.eu\/index.php?rest_route=\/wp\/v2\/pages"}],"about":[{"href":"https:\/\/www.liecivebyliny.eu\/index.php?rest_route=\/wp\/v2\/types\/page"}],"author":[{"embeddable":true,"href":"https:\/\/www.liecivebyliny.eu\/index.php?rest_route=\/wp\/v2\/users\/1"}],"replies":[{"embeddable":true,"href":"https:\/\/www.liecivebyliny.eu\/index.php?rest_route=%2Fwp%2Fv2%2Fcomments&post=107"}],"version-history":[{"count":4,"href":"https:\/\/www.liecivebyliny.eu\/index.php?rest_route=\/wp\/v2\/pages\/107\/revisions"}],"predecessor-version":[{"id":855,"href":"https:\/\/www.liecivebyliny.eu\/index.php?rest_route=\/wp\/v2\/pages\/107\/revisions\/855"}],"wp:attachment":[{"href":"https:\/\/www.liecivebyliny.eu\/index.php?rest_route=%2Fwp%2Fv2%2Fmedia&parent=107"}],"curies":[{"name":"wp","href":"https:\/\/api.w.org\/{rel}","templated":true}]}}