{"id":129,"date":"2023-12-21T20:39:08","date_gmt":"2023-12-21T19:39:08","guid":{"rendered":"https:\/\/www.liecivebyliny.eu\/?page_id=129"},"modified":"2023-12-21T20:39:09","modified_gmt":"2023-12-21T19:39:09","slug":"bellis-perennis-l","status":"publish","type":"page","link":"https:\/\/www.liecivebyliny.eu\/?page_id=129","title":{"rendered":"<em>Bellis perennis&nbsp;<\/em>L."},"content":{"rendered":"<div class=\"wp-block-image\">\n<figure class=\"aligncenter size-full\"><img decoding=\"async\" loading=\"lazy\" width=\"254\" height=\"336\" src=\"https:\/\/www.liecivebyliny.eu\/wp-content\/uploads\/2023\/12\/image-4.jpeg\" alt=\"\" class=\"wp-image-130\" srcset=\"https:\/\/www.liecivebyliny.eu\/wp-content\/uploads\/2023\/12\/image-4.jpeg 254w, https:\/\/www.liecivebyliny.eu\/wp-content\/uploads\/2023\/12\/image-4-227x300.jpeg 227w\" sizes=\"(max-width: 254px) 100vw, 254px\" \/><figcaption class=\"wp-element-caption\">sedmokr\u00e1ska oby\u010dajn\u00e1<\/figcaption><\/figure><\/div>\n\n\n<p><strong>Slovensk\u00fd n\u00e1zov:<\/strong>\u00a0sedmokr\u00e1ska oby\u010dajn\u00e1<\/p>\n\n\n\n<p><strong>Anglick\u00fd n\u00e1zov:<\/strong>&nbsp;Daisy<\/p>\n\n\n\n<p><strong>\u010cesk\u00fd n\u00e1zov:<\/strong>&nbsp;sedmikr\u00e1ska obecn\u00e1<\/p>\n\n\n\n<p><strong>\u013dudov\u00e9 n\u00e1zvy:<\/strong>&nbsp;cig\u00e1nka, husie kvietko, chudobka, sir\u00f4tka, letn\u00e1 kr\u00e1sa<\/p>\n\n\n\n<p><strong>\u010ce\u013ea\u010f:<\/strong>&nbsp;<em>Asteraceae<\/em>&nbsp;(astrovit\u00e9)<\/p>\n\n\n\n<p><strong>Botanick\u00e1 charakteristika:<\/strong> Trv\u00e1ca bylina, vysok\u00e1 5 \u2013 10 cm. Listy s\u00fa usporiadan\u00e9 v\u00a0pr\u00edzemnej ru\u017eici, listov\u00e1 \u010depe\u013e je ly\u017eicovit\u00e1. Stonka je okr\u00fahla a\u00a0chlpat\u00e1. Na konci stonky s\u00fa 1 \u2013 3 cm \u0161irok\u00e9 \u00fabory. Jazykovit\u00e9 kvety s\u00fa biele, r\u00farkovit\u00e9 kvety \u017elt\u00e9. Plodom s\u00fa na\u017eky.<\/p>\n\n\n\n<p><strong>Mikroskopick\u00fd n\u00e1kres:<\/strong><\/p>\n\n\n<div class=\"wp-block-image\">\n<figure class=\"aligncenter size-full is-resized\"><img decoding=\"async\" loading=\"lazy\" src=\"https:\/\/www.liecivebyliny.eu\/wp-content\/uploads\/2023\/12\/image-6.png\" alt=\"\" class=\"wp-image-131\" width=\"254\" height=\"128\" srcset=\"https:\/\/www.liecivebyliny.eu\/wp-content\/uploads\/2023\/12\/image-6.png 310w, https:\/\/www.liecivebyliny.eu\/wp-content\/uploads\/2023\/12\/image-6-300x151.png 300w\" sizes=\"(max-width: 254px) 100vw, 254px\" \/><figcaption class=\"wp-element-caption\"><em>Vn\u00fatorn\u00e1 poko\u017eka korunn\u00fdch lupienkov je husto pokryt\u00e1 papilami.<\/em><\/figcaption><\/figure><\/div>\n\n\n<p><\/p>\n\n\n\n<p><strong>Roz\u0161\u00edrenie: <\/strong>Rastie v\u00a0z\u00e1hrad\u00e1ch, parkoch, na l\u00fakach a\u00a0pasienkoch, od n\u00ed\u017ein a\u017e po vysokohorsk\u00e9 oblasti.\u00a0<\/p>\n\n\n\n<p><strong>Droga:\u00a0<\/strong><em>Bellidis flos<\/em><\/p>\n\n\n\n<p><strong>Sp\u00f4sob zberu: <\/strong>Kvety sa zbieraj\u00fa od m\u00e1ja do j\u00fana. Kvetn\u00e9 \u00fabory so stopkou sa zbieraj\u00fa ru\u010dne, alebo no\u017enicami na za\u010diatku kvitnutia.<\/p>\n\n\n\n<p><strong>Su\u0161enie:<\/strong> Kvety sa su\u0161ia prirodzen\u00fdm sp\u00f4sobom v\u00a0tenk\u00fdch vrstv\u00e1ch vo vzdu\u0161nom, vetrate\u013enom mieste, v tieni. Umel\u00fdm sp\u00f4sobom v\u00a0su\u0161iarni, kde teplota nesmie prekro\u010di\u0165 40 \u00b0C.\u00a0<\/p>\n\n\n\n<p><strong>Obsahov\u00e9 l\u00e1tky: <\/strong>V\u00a0sedmokr\u00e1ske oby\u010dajnej nach\u00e1dzame triterp\u00e9nov\u00e9 sapon\u00edny, flavonoidy, poly\u00edny a\u00a0stopy sil\u00edc.<\/p>\n\n\n\n<p><strong>Pou\u017eitie: <\/strong>V \u201ez\u00e1padnej medic\u00edne\u201c nem\u00e1 \u017eiadne terapeutick\u00e9 vyu\u017eitie. V\u00a0\u013eudovom lie\u010dite\u013estve sa v\u0161ak pou\u017e\u00edva pri kataroch d\u00fdchac\u00edch ciest, ochoreniach pe\u010dene a\u00a0ko\u017en\u00fdch probl\u00e9moch.<\/p>\n\n\n\n<p><strong>Vybran\u00e9 rastlinn\u00e9 pr\u00edpravky:<\/strong>\u00a0LEROS IMUNITA MAXIMUM n\u00e1levov\u00e9 vreck\u00e1 20&#215;1,2 g, TEEKANNE B\u010c HRDLO A D\u00ddCHACIE CESTY bylinn\u00e1 zmes 10&#215;2 g, VITAR SUPER BETA KAROT\u00c9N tbl s necht\u00edkom a sedmokr\u00e1skou 120 ks.<\/p>\n","protected":false},"excerpt":{"rendered":"<p>Slovensk\u00fd n\u00e1zov:\u00a0sedmokr\u00e1ska oby\u010dajn\u00e1 Anglick\u00fd n\u00e1zov:&nbsp;Daisy \u010cesk\u00fd n\u00e1zov:&nbsp;sedmikr\u00e1ska obecn\u00e1 \u013dudov\u00e9 n\u00e1zvy:&nbsp;cig\u00e1nka, husie kvietko, chudobka, sir\u00f4tka, letn\u00e1 kr\u00e1sa \u010ce\u013ea\u010f:&nbsp;Asteraceae&nbsp;(astrovit\u00e9) Botanick\u00e1 charakteristika: Trv\u00e1ca bylina, vysok\u00e1 5 \u2013 10 cm. Listy s\u00fa usporiadan\u00e9 v\u00a0pr\u00edzemnej ru\u017eici, listov\u00e1 \u010depe\u013e je ly\u017eicovit\u00e1. Stonka je okr\u00fahla a\u00a0chlpat\u00e1. Na konci stonky s\u00fa 1 \u2013 3 cm \u0161irok\u00e9 \u00fabory. Jazykovit\u00e9 kvety s\u00fa biele, r\u00farkovit\u00e9 kvety [&hellip;]<\/p>\n","protected":false},"author":1,"featured_media":0,"parent":0,"menu_order":0,"comment_status":"closed","ping_status":"closed","template":"","meta":{"_mi_skip_tracking":false},"yoast_head":"<!-- This site is optimized with the Yoast SEO plugin v20.4 - https:\/\/yoast.com\/wordpress\/plugins\/seo\/ -->\n<title>Bellis perennis&nbsp;L. - liecivebyliny.eu<\/title>\n<meta name=\"robots\" content=\"index, follow, max-snippet:-1, max-image-preview:large, max-video-preview:-1\" \/>\n<link rel=\"canonical\" href=\"https:\/\/www.liecivebyliny.eu\/?page_id=129\" \/>\n<meta property=\"og:locale\" content=\"sk_SK\" \/>\n<meta property=\"og:type\" content=\"article\" \/>\n<meta property=\"og:title\" content=\"Bellis perennis&nbsp;L. - liecivebyliny.eu\" \/>\n<meta property=\"og:description\" content=\"Slovensk\u00fd n\u00e1zov:\u00a0sedmokr\u00e1ska oby\u010dajn\u00e1 Anglick\u00fd n\u00e1zov:&nbsp;Daisy \u010cesk\u00fd n\u00e1zov:&nbsp;sedmikr\u00e1ska obecn\u00e1 \u013dudov\u00e9 n\u00e1zvy:&nbsp;cig\u00e1nka, husie kvietko, chudobka, sir\u00f4tka, letn\u00e1 kr\u00e1sa \u010ce\u013ea\u010f:&nbsp;Asteraceae&nbsp;(astrovit\u00e9) Botanick\u00e1 charakteristika: Trv\u00e1ca bylina, vysok\u00e1 5 \u2013 10 cm. Listy s\u00fa usporiadan\u00e9 v\u00a0pr\u00edzemnej ru\u017eici, listov\u00e1 \u010depe\u013e je ly\u017eicovit\u00e1. Stonka je okr\u00fahla a\u00a0chlpat\u00e1. Na konci stonky s\u00fa 1 \u2013 3 cm \u0161irok\u00e9 \u00fabory. Jazykovit\u00e9 kvety s\u00fa biele, r\u00farkovit\u00e9 kvety [&hellip;]\" \/>\n<meta property=\"og:url\" content=\"https:\/\/www.liecivebyliny.eu\/?page_id=129\" \/>\n<meta property=\"og:site_name\" content=\"liecivebyliny.eu\" \/>\n<meta property=\"article:modified_time\" content=\"2023-12-21T19:39:09+00:00\" \/>\n<meta property=\"og:image\" content=\"https:\/\/www.liecivebyliny.eu\/wp-content\/uploads\/2023\/12\/image-4.jpeg\" \/>\n<meta name=\"twitter:card\" content=\"summary_large_image\" \/>\n<meta name=\"twitter:label1\" content=\"Predpokladan\u00fd \u010das \u010d\u00edtania\" \/>\n\t<meta name=\"twitter:data1\" content=\"2 min\u00faty\" \/>\n<script type=\"application\/ld+json\" class=\"yoast-schema-graph\">{\"@context\":\"https:\/\/schema.org\",\"@graph\":[{\"@type\":\"WebPage\",\"@id\":\"https:\/\/www.liecivebyliny.eu\/?page_id=129\",\"url\":\"https:\/\/www.liecivebyliny.eu\/?page_id=129\",\"name\":\"Bellis perennis&nbsp;L. - liecivebyliny.eu\",\"isPartOf\":{\"@id\":\"https:\/\/www.liecivebyliny.eu\/#website\"},\"datePublished\":\"2023-12-21T19:39:08+00:00\",\"dateModified\":\"2023-12-21T19:39:09+00:00\",\"breadcrumb\":{\"@id\":\"https:\/\/www.liecivebyliny.eu\/?page_id=129#breadcrumb\"},\"inLanguage\":\"sk-SK\",\"potentialAction\":[{\"@type\":\"ReadAction\",\"target\":[\"https:\/\/www.liecivebyliny.eu\/?page_id=129\"]}]},{\"@type\":\"BreadcrumbList\",\"@id\":\"https:\/\/www.liecivebyliny.eu\/?page_id=129#breadcrumb\",\"itemListElement\":[{\"@type\":\"ListItem\",\"position\":1,\"name\":\"Home\",\"item\":\"https:\/\/www.liecivebyliny.eu\/\"},{\"@type\":\"ListItem\",\"position\":2,\"name\":\"Bellis perennis&nbsp;L.\"}]},{\"@type\":\"WebSite\",\"@id\":\"https:\/\/www.liecivebyliny.eu\/#website\",\"url\":\"https:\/\/www.liecivebyliny.eu\/\",\"name\":\"liecivebyliny.eu\",\"description\":\"\",\"potentialAction\":[{\"@type\":\"SearchAction\",\"target\":{\"@type\":\"EntryPoint\",\"urlTemplate\":\"https:\/\/www.liecivebyliny.eu\/?s={search_term_string}\"},\"query-input\":\"required name=search_term_string\"}],\"inLanguage\":\"sk-SK\"}]}<\/script>\n<!-- \/ Yoast SEO plugin. -->","yoast_head_json":{"title":"Bellis perennis&nbsp;L. - liecivebyliny.eu","robots":{"index":"index","follow":"follow","max-snippet":"max-snippet:-1","max-image-preview":"max-image-preview:large","max-video-preview":"max-video-preview:-1"},"canonical":"https:\/\/www.liecivebyliny.eu\/?page_id=129","og_locale":"sk_SK","og_type":"article","og_title":"Bellis perennis&nbsp;L. - liecivebyliny.eu","og_description":"Slovensk\u00fd n\u00e1zov:\u00a0sedmokr\u00e1ska oby\u010dajn\u00e1 Anglick\u00fd n\u00e1zov:&nbsp;Daisy \u010cesk\u00fd n\u00e1zov:&nbsp;sedmikr\u00e1ska obecn\u00e1 \u013dudov\u00e9 n\u00e1zvy:&nbsp;cig\u00e1nka, husie kvietko, chudobka, sir\u00f4tka, letn\u00e1 kr\u00e1sa \u010ce\u013ea\u010f:&nbsp;Asteraceae&nbsp;(astrovit\u00e9) Botanick\u00e1 charakteristika: Trv\u00e1ca bylina, vysok\u00e1 5 \u2013 10 cm. Listy s\u00fa usporiadan\u00e9 v\u00a0pr\u00edzemnej ru\u017eici, listov\u00e1 \u010depe\u013e je ly\u017eicovit\u00e1. Stonka je okr\u00fahla a\u00a0chlpat\u00e1. Na konci stonky s\u00fa 1 \u2013 3 cm \u0161irok\u00e9 \u00fabory. Jazykovit\u00e9 kvety s\u00fa biele, r\u00farkovit\u00e9 kvety [&hellip;]","og_url":"https:\/\/www.liecivebyliny.eu\/?page_id=129","og_site_name":"liecivebyliny.eu","article_modified_time":"2023-12-21T19:39:09+00:00","og_image":[{"url":"https:\/\/www.liecivebyliny.eu\/wp-content\/uploads\/2023\/12\/image-4.jpeg"}],"twitter_card":"summary_large_image","twitter_misc":{"Predpokladan\u00fd \u010das \u010d\u00edtania":"2 min\u00faty"},"schema":{"@context":"https:\/\/schema.org","@graph":[{"@type":"WebPage","@id":"https:\/\/www.liecivebyliny.eu\/?page_id=129","url":"https:\/\/www.liecivebyliny.eu\/?page_id=129","name":"Bellis perennis&nbsp;L. - liecivebyliny.eu","isPartOf":{"@id":"https:\/\/www.liecivebyliny.eu\/#website"},"datePublished":"2023-12-21T19:39:08+00:00","dateModified":"2023-12-21T19:39:09+00:00","breadcrumb":{"@id":"https:\/\/www.liecivebyliny.eu\/?page_id=129#breadcrumb"},"inLanguage":"sk-SK","potentialAction":[{"@type":"ReadAction","target":["https:\/\/www.liecivebyliny.eu\/?page_id=129"]}]},{"@type":"BreadcrumbList","@id":"https:\/\/www.liecivebyliny.eu\/?page_id=129#breadcrumb","itemListElement":[{"@type":"ListItem","position":1,"name":"Home","item":"https:\/\/www.liecivebyliny.eu\/"},{"@type":"ListItem","position":2,"name":"Bellis perennis&nbsp;L."}]},{"@type":"WebSite","@id":"https:\/\/www.liecivebyliny.eu\/#website","url":"https:\/\/www.liecivebyliny.eu\/","name":"liecivebyliny.eu","description":"","potentialAction":[{"@type":"SearchAction","target":{"@type":"EntryPoint","urlTemplate":"https:\/\/www.liecivebyliny.eu\/?s={search_term_string}"},"query-input":"required name=search_term_string"}],"inLanguage":"sk-SK"}]}},"_links":{"self":[{"href":"https:\/\/www.liecivebyliny.eu\/index.php?rest_route=\/wp\/v2\/pages\/129"}],"collection":[{"href":"https:\/\/www.liecivebyliny.eu\/index.php?rest_route=\/wp\/v2\/pages"}],"about":[{"href":"https:\/\/www.liecivebyliny.eu\/index.php?rest_route=\/wp\/v2\/types\/page"}],"author":[{"embeddable":true,"href":"https:\/\/www.liecivebyliny.eu\/index.php?rest_route=\/wp\/v2\/users\/1"}],"replies":[{"embeddable":true,"href":"https:\/\/www.liecivebyliny.eu\/index.php?rest_route=%2Fwp%2Fv2%2Fcomments&post=129"}],"version-history":[{"count":1,"href":"https:\/\/www.liecivebyliny.eu\/index.php?rest_route=\/wp\/v2\/pages\/129\/revisions"}],"predecessor-version":[{"id":132,"href":"https:\/\/www.liecivebyliny.eu\/index.php?rest_route=\/wp\/v2\/pages\/129\/revisions\/132"}],"wp:attachment":[{"href":"https:\/\/www.liecivebyliny.eu\/index.php?rest_route=%2Fwp%2Fv2%2Fmedia&parent=129"}],"curies":[{"name":"wp","href":"https:\/\/api.w.org\/{rel}","templated":true}]}}