{"id":136,"date":"2023-12-21T20:43:48","date_gmt":"2023-12-21T19:43:48","guid":{"rendered":"https:\/\/www.liecivebyliny.eu\/?page_id=136"},"modified":"2024-01-01T20:03:47","modified_gmt":"2024-01-01T19:03:47","slug":"calendula-officinalis-l","status":"publish","type":"page","link":"https:\/\/www.liecivebyliny.eu\/?page_id=136","title":{"rendered":"<em>Calendula officinalis<\/em>&nbsp;L."},"content":{"rendered":"<div class=\"wp-block-image\">\n<figure class=\"aligncenter size-full\"><img decoding=\"async\" loading=\"lazy\" width=\"278\" height=\"342\" src=\"https:\/\/www.liecivebyliny.eu\/wp-content\/uploads\/2023\/12\/image-5.jpeg\" alt=\"\" class=\"wp-image-137\" srcset=\"https:\/\/www.liecivebyliny.eu\/wp-content\/uploads\/2023\/12\/image-5.jpeg 278w, https:\/\/www.liecivebyliny.eu\/wp-content\/uploads\/2023\/12\/image-5-244x300.jpeg 244w\" sizes=\"(max-width: 278px) 100vw, 278px\" \/><figcaption class=\"wp-element-caption\">necht\u00edk lek\u00e1rsky<\/figcaption><\/figure><\/div>\n\n\n<p><strong>Slovensk\u00fd n\u00e1zov:&nbsp;<\/strong>necht\u00edk lek\u00e1rsky<\/p>\n\n\n\n<p><strong>Anglick\u00fd n\u00e1zov:<\/strong>&nbsp;Pot marigold<\/p>\n\n\n\n<p><strong>\u010cesk\u00fd n\u00e1zov:<\/strong>&nbsp;m\u011bs\u00ed\u010dek l\u00e9ka\u0159sk\u00fd<\/p>\n\n\n\n<p><strong>\u013dudov\u00e9 n\u00e1zvy:<\/strong>&nbsp;slnie\u010dko, mesia\u010dik, nah\u00e1tka lie\u010div\u00e1<\/p>\n\n\n\n<p><strong>\u010ce\u013ea\u010f:<\/strong>&nbsp;<em>Asteraceae<\/em>&nbsp;(astrovit\u00e9)<\/p>\n\n\n\n<p><strong>Botanick\u00e1 charakteristika:<\/strong> Jednoro\u010dn\u00e1 bylina, vysok\u00e1 20 \u2013 50 cm, s&nbsp;rozkon\u00e1renou stonkou. Listy s\u00fa vajcovito kopijovit\u00e9, striedav\u00e9, horn\u00e9 s\u00fa sediace. Listy a&nbsp;stonka s\u00fa ochlpen\u00e9. Kvety vytv\u00e1raj\u00fa \u017eltooran\u017eov\u00e9 \u00fabory. Plodom s\u00fa na\u017eky.<\/p>\n\n\n\n<p><strong>Mikroskopick\u00fd n\u00e1kres:<\/strong><\/p>\n\n\n<div class=\"wp-block-image\">\n<figure class=\"aligncenter size-full is-resized\"><img decoding=\"async\" loading=\"lazy\" src=\"https:\/\/www.liecivebyliny.eu\/wp-content\/uploads\/2023\/12\/image-7.png\" alt=\"\" class=\"wp-image-138\" width=\"195\" height=\"175\"\/><figcaption class=\"wp-element-caption\"><em>Vn\u00fatorn\u00e1 poko\u017eka korunn\u00fdch lupienkov je husto pokryt\u00e1 dlh\u00fdmi papilami.<\/em><\/figcaption><\/figure><\/div>\n\n<div class=\"wp-block-image\">\n<figure class=\"aligncenter size-full is-resized\"><img decoding=\"async\" loading=\"lazy\" src=\"https:\/\/www.liecivebyliny.eu\/wp-content\/uploads\/2024\/01\/Calendulae-flos-100x.jpg\" alt=\"\" class=\"wp-image-900\" width=\"366\" height=\"275\" srcset=\"https:\/\/www.liecivebyliny.eu\/wp-content\/uploads\/2024\/01\/Calendulae-flos-100x.jpg 640w, https:\/\/www.liecivebyliny.eu\/wp-content\/uploads\/2024\/01\/Calendulae-flos-100x-300x225.jpg 300w\" sizes=\"(max-width: 366px) 100vw, 366px\" \/><figcaption class=\"wp-element-caption\">Poko\u017eka korunn\u00e9ho lupienka necht\u00edka (zv\u00e4\u010d\u0161en\u00e9 100x)<\/figcaption><\/figure><\/div>\n\n\n<p><\/p>\n\n\n\n<p><strong>Roz\u0161\u00edrenie: <\/strong>Pestuje sa ako lie\u010div\u00e1 rastlina<\/p>\n\n\n\n<p><strong>Droga:&nbsp;<\/strong><em>Calendulae flos<\/em><\/p>\n\n\n\n<p><strong>Sp\u00f4sob zberu: <\/strong>Kvety sa zbieraj\u00fa od j\u00fana do okt\u00f3bra. Kvety bez kalicha (jazykovit\u00e9 lupienky) a&nbsp;kvety s&nbsp;kalichom bez stopiek sa zbieraj\u00fa v&nbsp;\u010dase pln\u00e9ho kvitnutia.<\/p>\n\n\n\n<p><strong>Su\u0161enie: <\/strong>Kvety sa su\u0161ia prirodzen\u00fdm sp\u00f4sobom v&nbsp;tenk\u00fdch vrstv\u00e1ch, v&nbsp;tmavej a vzdu\u0161nej miestnosti. Umel\u00fdm sp\u00f4sobom v&nbsp;su\u0161iarni, kde teplota nesmie prekro\u010di\u0165 40 \u00b0C.&nbsp;<\/p>\n\n\n\n<p><strong>Obsahov\u00e9 l\u00e1tky: <\/strong>Kvety necht\u00edka lek\u00e1rskeho obsahuj\u00fa triterp\u00e9nov\u00e9 zl\u00fa\u010deniny ak\u00fdmi s\u00fa faradiol, \u010di glykozidy kyseliny oleanolovej. Silice obsiahnut\u00e9 v&nbsp;droge s\u00fa na b\u00e1ze kadinolu a&nbsp;toreyolu. Vo&nbsp;vysok\u00fdch mno\u017estv\u00e1ch s\u00fa obsiahnut\u00e9 \u017elt\u00e9 a&nbsp;\u017elto-oran\u017eov\u00e9 farbiv\u00e1 ako karotenoidy, flavonoidy a&nbsp;xantofyly. K&nbsp;v\u00fdznamn\u00fdm metabolitom m\u00f4\u017eeme zaradi\u0165 aj hydroxykumar\u00edny a&nbsp;poly\u00edny.<\/p>\n\n\n\n<p><strong>Pou\u017eitie: <\/strong>T\u00e1to droga je tradi\u010dne zn\u00e1ma pre svoje protiz\u00e1palov\u00e9 a&nbsp;bakteriostatick\u00e9 vlastnosti, ktor\u00e9 ju predur\u010duj\u00fa k&nbsp;pou\u017eitiu na terapiu drobn\u00fdch tr\u017en\u00fdch r\u00e1n, opuchov, pomlia\u017eden\u00edn, pop\u00e1len\u00edn \u010di omrzl\u00edn.&nbsp;<\/p>\n\n\n\n<p><strong>Tradi\u010dn\u00fd sp\u00f4sob pou\u017eitia v&nbsp;indik\u00e1ci\u00e1ch ur\u010den\u00fdch v\u00fdhradne na z\u00e1klade dlhodob\u00e9ho pou\u017e\u00edvania:<\/strong><\/p>\n\n\n\n<ul>\n<li>podpora hojenia drobn\u00fdch povrchov\u00fdch r\u00e1n a symptomatick\u00e1 lie\u010dba drobn\u00fdch ko\u017en\u00fdch z\u00e1palov, vr\u00e1tane sp\u00e1lenia od slnka,<\/li>\n\n\n\n<li>symptomatick\u00e1 lie\u010dba z\u00e1palov \u00fastnej dutiny a&nbsp;hrdla.<\/li>\n<\/ul>\n\n\n\n<p><strong>Vybran\u00e9 rastlinn\u00e9 pr\u00edpravky:<\/strong>&nbsp;AGROKARPATY BIO Necht\u00edk lek\u00e1rsky bylinn\u00fd \u010daj 20&#215;2 g, APOTHEKE BIO DETSK\u00dd BYLINN\u00dd \u010cAJ NA IMUNITU n\u00e1levov\u00e9 vreck\u00e1 20&#215;1,5 g, FYTO Bylinn\u00fd \u010daj NA LYMFATICK\u00dd SYST\u00c9M 20&#215;1,5 g, Dr.Max O\u010dis\u0165uj\u00faca bylinn\u00e1 \u010dajov\u00e1 zmes n\u00e1levov\u00e9 vrec\u00fa\u0161ka&nbsp;20&#215;1,5 g, HERBALMED HOT DRINK nachladnutie a n\u00e1dcha\/d\u00fdchacie cesty a imunita 180 g, Dr.Svatek SIRUP z byl\u00edn NA TR\u00c1VENIE 250 ml, ALIVER Pinkfertil plus cps 90 ks, AVITA ZDRAV\u00c1 PLE\u0164 cps 60 ks, Gastroval HEPAR FORMULA cps 30 ks, GS Betakarot\u00e9n s necht\u00edkom cps 30 ks, Dr.Rukavi\u010dka ARODUBIN \u0161irokospektr\u00e1lny SPREJ bylinn\u00e1 tinkt\u00fara 30 ml, CICADERMA ung der 30 g.<\/p>\n","protected":false},"excerpt":{"rendered":"<p>Slovensk\u00fd n\u00e1zov:&nbsp;necht\u00edk lek\u00e1rsky Anglick\u00fd n\u00e1zov:&nbsp;Pot marigold \u010cesk\u00fd n\u00e1zov:&nbsp;m\u011bs\u00ed\u010dek l\u00e9ka\u0159sk\u00fd \u013dudov\u00e9 n\u00e1zvy:&nbsp;slnie\u010dko, mesia\u010dik, nah\u00e1tka lie\u010div\u00e1 \u010ce\u013ea\u010f:&nbsp;Asteraceae&nbsp;(astrovit\u00e9) Botanick\u00e1 charakteristika: Jednoro\u010dn\u00e1 bylina, vysok\u00e1 20 \u2013 50 cm, s&nbsp;rozkon\u00e1renou stonkou. Listy s\u00fa vajcovito kopijovit\u00e9, striedav\u00e9, horn\u00e9 s\u00fa sediace. Listy a&nbsp;stonka s\u00fa ochlpen\u00e9. Kvety vytv\u00e1raj\u00fa \u017eltooran\u017eov\u00e9 \u00fabory. Plodom s\u00fa na\u017eky. Mikroskopick\u00fd n\u00e1kres: Roz\u0161\u00edrenie: Pestuje sa ako lie\u010div\u00e1 rastlina Droga:&nbsp;Calendulae flos [&hellip;]<\/p>\n","protected":false},"author":1,"featured_media":0,"parent":0,"menu_order":0,"comment_status":"closed","ping_status":"closed","template":"","meta":{"_mi_skip_tracking":false},"yoast_head":"<!-- This site is optimized with the Yoast SEO plugin v20.4 - https:\/\/yoast.com\/wordpress\/plugins\/seo\/ -->\n<title>Calendula officinalis&nbsp;L. - liecivebyliny.eu<\/title>\n<meta name=\"robots\" content=\"index, follow, max-snippet:-1, max-image-preview:large, max-video-preview:-1\" \/>\n<link rel=\"canonical\" href=\"https:\/\/www.liecivebyliny.eu\/?page_id=136\" \/>\n<meta property=\"og:locale\" content=\"sk_SK\" \/>\n<meta property=\"og:type\" content=\"article\" \/>\n<meta property=\"og:title\" content=\"Calendula officinalis&nbsp;L. - liecivebyliny.eu\" \/>\n<meta property=\"og:description\" content=\"Slovensk\u00fd n\u00e1zov:&nbsp;necht\u00edk lek\u00e1rsky Anglick\u00fd n\u00e1zov:&nbsp;Pot marigold \u010cesk\u00fd n\u00e1zov:&nbsp;m\u011bs\u00ed\u010dek l\u00e9ka\u0159sk\u00fd \u013dudov\u00e9 n\u00e1zvy:&nbsp;slnie\u010dko, mesia\u010dik, nah\u00e1tka lie\u010div\u00e1 \u010ce\u013ea\u010f:&nbsp;Asteraceae&nbsp;(astrovit\u00e9) Botanick\u00e1 charakteristika: Jednoro\u010dn\u00e1 bylina, vysok\u00e1 20 \u2013 50 cm, s&nbsp;rozkon\u00e1renou stonkou. Listy s\u00fa vajcovito kopijovit\u00e9, striedav\u00e9, horn\u00e9 s\u00fa sediace. Listy a&nbsp;stonka s\u00fa ochlpen\u00e9. Kvety vytv\u00e1raj\u00fa \u017eltooran\u017eov\u00e9 \u00fabory. Plodom s\u00fa na\u017eky. Mikroskopick\u00fd n\u00e1kres: Roz\u0161\u00edrenie: Pestuje sa ako lie\u010div\u00e1 rastlina Droga:&nbsp;Calendulae flos [&hellip;]\" \/>\n<meta property=\"og:url\" content=\"https:\/\/www.liecivebyliny.eu\/?page_id=136\" \/>\n<meta property=\"og:site_name\" content=\"liecivebyliny.eu\" \/>\n<meta property=\"article:modified_time\" content=\"2024-01-01T19:03:47+00:00\" \/>\n<meta property=\"og:image\" content=\"https:\/\/www.liecivebyliny.eu\/wp-content\/uploads\/2023\/12\/image-5.jpeg\" \/>\n<meta name=\"twitter:card\" content=\"summary_large_image\" \/>\n<meta name=\"twitter:label1\" content=\"Predpokladan\u00fd \u010das \u010d\u00edtania\" \/>\n\t<meta name=\"twitter:data1\" content=\"3 min\u00faty\" \/>\n<script type=\"application\/ld+json\" class=\"yoast-schema-graph\">{\"@context\":\"https:\/\/schema.org\",\"@graph\":[{\"@type\":\"WebPage\",\"@id\":\"https:\/\/www.liecivebyliny.eu\/?page_id=136\",\"url\":\"https:\/\/www.liecivebyliny.eu\/?page_id=136\",\"name\":\"Calendula officinalis&nbsp;L. - liecivebyliny.eu\",\"isPartOf\":{\"@id\":\"https:\/\/www.liecivebyliny.eu\/#website\"},\"datePublished\":\"2023-12-21T19:43:48+00:00\",\"dateModified\":\"2024-01-01T19:03:47+00:00\",\"breadcrumb\":{\"@id\":\"https:\/\/www.liecivebyliny.eu\/?page_id=136#breadcrumb\"},\"inLanguage\":\"sk-SK\",\"potentialAction\":[{\"@type\":\"ReadAction\",\"target\":[\"https:\/\/www.liecivebyliny.eu\/?page_id=136\"]}]},{\"@type\":\"BreadcrumbList\",\"@id\":\"https:\/\/www.liecivebyliny.eu\/?page_id=136#breadcrumb\",\"itemListElement\":[{\"@type\":\"ListItem\",\"position\":1,\"name\":\"Home\",\"item\":\"https:\/\/www.liecivebyliny.eu\/\"},{\"@type\":\"ListItem\",\"position\":2,\"name\":\"Calendula officinalis&nbsp;L.\"}]},{\"@type\":\"WebSite\",\"@id\":\"https:\/\/www.liecivebyliny.eu\/#website\",\"url\":\"https:\/\/www.liecivebyliny.eu\/\",\"name\":\"liecivebyliny.eu\",\"description\":\"\",\"potentialAction\":[{\"@type\":\"SearchAction\",\"target\":{\"@type\":\"EntryPoint\",\"urlTemplate\":\"https:\/\/www.liecivebyliny.eu\/?s={search_term_string}\"},\"query-input\":\"required name=search_term_string\"}],\"inLanguage\":\"sk-SK\"}]}<\/script>\n<!-- \/ Yoast SEO plugin. -->","yoast_head_json":{"title":"Calendula officinalis&nbsp;L. - liecivebyliny.eu","robots":{"index":"index","follow":"follow","max-snippet":"max-snippet:-1","max-image-preview":"max-image-preview:large","max-video-preview":"max-video-preview:-1"},"canonical":"https:\/\/www.liecivebyliny.eu\/?page_id=136","og_locale":"sk_SK","og_type":"article","og_title":"Calendula officinalis&nbsp;L. - liecivebyliny.eu","og_description":"Slovensk\u00fd n\u00e1zov:&nbsp;necht\u00edk lek\u00e1rsky Anglick\u00fd n\u00e1zov:&nbsp;Pot marigold \u010cesk\u00fd n\u00e1zov:&nbsp;m\u011bs\u00ed\u010dek l\u00e9ka\u0159sk\u00fd \u013dudov\u00e9 n\u00e1zvy:&nbsp;slnie\u010dko, mesia\u010dik, nah\u00e1tka lie\u010div\u00e1 \u010ce\u013ea\u010f:&nbsp;Asteraceae&nbsp;(astrovit\u00e9) Botanick\u00e1 charakteristika: Jednoro\u010dn\u00e1 bylina, vysok\u00e1 20 \u2013 50 cm, s&nbsp;rozkon\u00e1renou stonkou. Listy s\u00fa vajcovito kopijovit\u00e9, striedav\u00e9, horn\u00e9 s\u00fa sediace. Listy a&nbsp;stonka s\u00fa ochlpen\u00e9. Kvety vytv\u00e1raj\u00fa \u017eltooran\u017eov\u00e9 \u00fabory. Plodom s\u00fa na\u017eky. Mikroskopick\u00fd n\u00e1kres: Roz\u0161\u00edrenie: Pestuje sa ako lie\u010div\u00e1 rastlina Droga:&nbsp;Calendulae flos [&hellip;]","og_url":"https:\/\/www.liecivebyliny.eu\/?page_id=136","og_site_name":"liecivebyliny.eu","article_modified_time":"2024-01-01T19:03:47+00:00","og_image":[{"url":"https:\/\/www.liecivebyliny.eu\/wp-content\/uploads\/2023\/12\/image-5.jpeg"}],"twitter_card":"summary_large_image","twitter_misc":{"Predpokladan\u00fd \u010das \u010d\u00edtania":"3 min\u00faty"},"schema":{"@context":"https:\/\/schema.org","@graph":[{"@type":"WebPage","@id":"https:\/\/www.liecivebyliny.eu\/?page_id=136","url":"https:\/\/www.liecivebyliny.eu\/?page_id=136","name":"Calendula officinalis&nbsp;L. - liecivebyliny.eu","isPartOf":{"@id":"https:\/\/www.liecivebyliny.eu\/#website"},"datePublished":"2023-12-21T19:43:48+00:00","dateModified":"2024-01-01T19:03:47+00:00","breadcrumb":{"@id":"https:\/\/www.liecivebyliny.eu\/?page_id=136#breadcrumb"},"inLanguage":"sk-SK","potentialAction":[{"@type":"ReadAction","target":["https:\/\/www.liecivebyliny.eu\/?page_id=136"]}]},{"@type":"BreadcrumbList","@id":"https:\/\/www.liecivebyliny.eu\/?page_id=136#breadcrumb","itemListElement":[{"@type":"ListItem","position":1,"name":"Home","item":"https:\/\/www.liecivebyliny.eu\/"},{"@type":"ListItem","position":2,"name":"Calendula officinalis&nbsp;L."}]},{"@type":"WebSite","@id":"https:\/\/www.liecivebyliny.eu\/#website","url":"https:\/\/www.liecivebyliny.eu\/","name":"liecivebyliny.eu","description":"","potentialAction":[{"@type":"SearchAction","target":{"@type":"EntryPoint","urlTemplate":"https:\/\/www.liecivebyliny.eu\/?s={search_term_string}"},"query-input":"required name=search_term_string"}],"inLanguage":"sk-SK"}]}},"_links":{"self":[{"href":"https:\/\/www.liecivebyliny.eu\/index.php?rest_route=\/wp\/v2\/pages\/136"}],"collection":[{"href":"https:\/\/www.liecivebyliny.eu\/index.php?rest_route=\/wp\/v2\/pages"}],"about":[{"href":"https:\/\/www.liecivebyliny.eu\/index.php?rest_route=\/wp\/v2\/types\/page"}],"author":[{"embeddable":true,"href":"https:\/\/www.liecivebyliny.eu\/index.php?rest_route=\/wp\/v2\/users\/1"}],"replies":[{"embeddable":true,"href":"https:\/\/www.liecivebyliny.eu\/index.php?rest_route=%2Fwp%2Fv2%2Fcomments&post=136"}],"version-history":[{"count":2,"href":"https:\/\/www.liecivebyliny.eu\/index.php?rest_route=\/wp\/v2\/pages\/136\/revisions"}],"predecessor-version":[{"id":901,"href":"https:\/\/www.liecivebyliny.eu\/index.php?rest_route=\/wp\/v2\/pages\/136\/revisions\/901"}],"wp:attachment":[{"href":"https:\/\/www.liecivebyliny.eu\/index.php?rest_route=%2Fwp%2Fv2%2Fmedia&parent=136"}],"curies":[{"name":"wp","href":"https:\/\/api.w.org\/{rel}","templated":true}]}}