{"id":148,"date":"2023-12-21T21:09:42","date_gmt":"2023-12-21T20:09:42","guid":{"rendered":"https:\/\/www.liecivebyliny.eu\/?page_id=148"},"modified":"2023-12-21T21:09:43","modified_gmt":"2023-12-21T20:09:43","slug":"centaurea-cyanus-l-syn-cyanus-arvensis-moench","status":"publish","type":"page","link":"https:\/\/www.liecivebyliny.eu\/?page_id=148","title":{"rendered":"Centaurea cyanus\u00a0L. syn.\u00a0Cyanus arvensis\u00a0Moench."},"content":{"rendered":"<div class=\"wp-block-image\">\n<figure class=\"aligncenter size-full\"><img decoding=\"async\" loading=\"lazy\" width=\"250\" height=\"340\" src=\"https:\/\/www.liecivebyliny.eu\/wp-content\/uploads\/2023\/12\/image-7.jpeg\" alt=\"\" class=\"wp-image-149\" srcset=\"https:\/\/www.liecivebyliny.eu\/wp-content\/uploads\/2023\/12\/image-7.jpeg 250w, https:\/\/www.liecivebyliny.eu\/wp-content\/uploads\/2023\/12\/image-7-221x300.jpeg 221w\" sizes=\"(max-width: 250px) 100vw, 250px\" \/><figcaption class=\"wp-element-caption\">Nev\u00e4dza po\u013en\u00e1<\/figcaption><\/figure><\/div>\n\n\n<p><strong>Slovensk\u00fd n\u00e1zov:\u00a0<\/strong>nev\u00e4dza po\u013en\u00e1<\/p>\n\n\n\n<p><strong>Anglick\u00fd n\u00e1zov:<\/strong>&nbsp;Corneflower&nbsp;<\/p>\n\n\n\n<p><strong>\u010cesk\u00fd n\u00e1zov:<\/strong>&nbsp;chrpa modr\u00e1k, chrpa poln\u00ed<\/p>\n\n\n\n<p><strong>\u013dudov\u00e9 n\u00e1zvy:<\/strong>&nbsp;modr\u00e1k, svetl\u00e1k, chrpa, modra\u010dka<\/p>\n\n\n\n<p><strong>\u010ce\u013ea\u010f:<\/strong>&nbsp;<em>Asteraceae&nbsp;<\/em>(astrovit\u00e9)<\/p>\n\n\n\n<p><strong>Botanick\u00e1 charakteristika:<\/strong>&nbsp;Jednoro\u010dn\u00e1 20 \u2013 50 cm vysok\u00e1 bylina s priamou stonkou. Stonka je hranat\u00e1, rozkon\u00e1ren\u00e1, pokryt\u00e1 trich\u00f3mami. Listy s\u00fa kopijovit\u00e9, perovito strihan\u00e9. Kvety s\u00fa modrofialovo sfarben\u00e9, vytv\u00e1raj\u00fa \u00fabor. Plodom s\u00fa na\u017eky s dvojradov\u00fdm chocholcom.<\/p>\n\n\n\n<p><strong>Mikroskopick\u00fd n\u00e1kres:<\/strong><\/p>\n\n\n<div class=\"wp-block-image\">\n<figure class=\"aligncenter size-full\"><img decoding=\"async\" loading=\"lazy\" width=\"332\" height=\"314\" src=\"https:\/\/www.liecivebyliny.eu\/wp-content\/uploads\/2023\/12\/image-9.png\" alt=\"\" class=\"wp-image-150\" srcset=\"https:\/\/www.liecivebyliny.eu\/wp-content\/uploads\/2023\/12\/image-9.png 332w, https:\/\/www.liecivebyliny.eu\/wp-content\/uploads\/2023\/12\/image-9-300x284.png 300w\" sizes=\"(max-width: 332px) 100vw, 332px\" \/><figcaption class=\"wp-element-caption\"><em>Poko\u017eka kali\u0161n\u00fdch l\u00edstkov obsahuje charakteristick\u00e9 dvojbunkov\u00e9 trich\u00f3my (a).<\/em><\/figcaption><\/figure><\/div>\n\n\n<p><\/p>\n\n\n\n<p><strong>Roz\u0161\u00edrenie:&nbsp;<\/strong>Vyskytuje sa na poliach v obil\u00ed, pri cest\u00e1ch, na slne\u010dn\u00fdch str\u00e1\u0148ach.<\/p>\n\n\n\n<p><strong>Droga:<\/strong>&nbsp;<em>Cyani flos<\/em><\/p>\n\n\n\n<p><strong>Sp\u00f4sob zberu:&nbsp;<\/strong>Kvety nev\u00e4dze po\u013enej sa zbieraj\u00fa od m\u00e1ja do j\u00fala. Kvety bez kalicha (jazykovit\u00e9 lupienky) a&nbsp;kvety s kalichom bez stopiek sa zbieraj\u00fa na za\u010diatku kvitnutia.<\/p>\n\n\n\n<p><strong>Su\u0161enie:<\/strong>&nbsp;Kvety sa su\u0161ia prirodzen\u00fdm sp\u00f4sobom v tenk\u00fdch vrstv\u00e1ch na vzdu\u0161nom a&nbsp;tienistom mieste. Umel\u00fdm sp\u00f4sobom v su\u0161iarni, kde teplota nesmie prekro\u010di\u0165 35 \u00b0C.&nbsp;<\/p>\n\n\n\n<p><strong>Obsahov\u00e9 l\u00e1tky:<\/strong>&nbsp;Kvet nev\u00e4dze po\u013enej obsahuje predov\u0161etk\u00fdm modr\u00e9 antoky\u00e1nov\u00e9 farbiv\u00e1 na&nbsp;b\u00e1ze cyan\u00ednu. Pomerne hojne s\u00fa zast\u00fapen\u00e9 flavonoidy. K&nbsp;obsahov\u00fdm l\u00e1tkam je mo\u017en\u00e9 priradi\u0165 aj chemicky r\u00f4znorod\u00e9 hor\u010diny.<\/p>\n\n\n\n<p><strong>Pou\u017eitie:<\/strong>\u00a0Kv\u00f4li horkej chuti sa m\u00f4\u017ee nev\u00e4dza po\u013en\u00e1 pou\u017ei\u0165 na podporu tr\u00e1venia, no \u010dastej\u0161ie sa s\u00a0\u0148ou stretneme v\u00a0\u010dajovin\u00e1ch s\u00a0rozli\u010dn\u00fdm pou\u017eit\u00fdm, kde pre atrakt\u00edvnos\u0165 modr\u00fdch kvetov pln\u00ed estetick\u00fa funkciu.<\/p>\n\n\n\n<p><strong>Vybran\u00e9 rastlinn\u00e9 pr\u00edpravky:<\/strong>\u00a0FYTO Bylinn\u00e1 zmes NA DOBR\u00dd ZRAK 20&#215;1,5 g, HERBALMED HotDrink FORTE &#8211; Dr.Weis vrec\u00fa\u0161ka 1&#215;12 ks, M\u00dcLLEROVE PASTILKY SO SKOR. MAT. D\u00da\u0160KOU A VIT. C (pri ka\u0161li) 24 ks.<\/p>\n","protected":false},"excerpt":{"rendered":"<p>Slovensk\u00fd n\u00e1zov:\u00a0nev\u00e4dza po\u013en\u00e1 Anglick\u00fd n\u00e1zov:&nbsp;Corneflower&nbsp; \u010cesk\u00fd n\u00e1zov:&nbsp;chrpa modr\u00e1k, chrpa poln\u00ed \u013dudov\u00e9 n\u00e1zvy:&nbsp;modr\u00e1k, svetl\u00e1k, chrpa, modra\u010dka \u010ce\u013ea\u010f:&nbsp;Asteraceae&nbsp;(astrovit\u00e9) Botanick\u00e1 charakteristika:&nbsp;Jednoro\u010dn\u00e1 20 \u2013 50 cm vysok\u00e1 bylina s priamou stonkou. Stonka je hranat\u00e1, rozkon\u00e1ren\u00e1, pokryt\u00e1 trich\u00f3mami. Listy s\u00fa kopijovit\u00e9, perovito strihan\u00e9. Kvety s\u00fa modrofialovo sfarben\u00e9, vytv\u00e1raj\u00fa \u00fabor. Plodom s\u00fa na\u017eky s dvojradov\u00fdm chocholcom. Mikroskopick\u00fd n\u00e1kres: Roz\u0161\u00edrenie:&nbsp;Vyskytuje sa na [&hellip;]<\/p>\n","protected":false},"author":1,"featured_media":0,"parent":0,"menu_order":0,"comment_status":"closed","ping_status":"closed","template":"","meta":{"_mi_skip_tracking":false},"yoast_head":"<!-- This site is optimized with the Yoast SEO plugin v20.4 - https:\/\/yoast.com\/wordpress\/plugins\/seo\/ -->\n<title>Centaurea cyanus\u00a0L. syn.\u00a0Cyanus arvensis\u00a0Moench. - liecivebyliny.eu<\/title>\n<meta name=\"robots\" content=\"index, follow, max-snippet:-1, max-image-preview:large, max-video-preview:-1\" \/>\n<link rel=\"canonical\" href=\"https:\/\/www.liecivebyliny.eu\/?page_id=148\" \/>\n<meta property=\"og:locale\" content=\"sk_SK\" \/>\n<meta property=\"og:type\" content=\"article\" \/>\n<meta property=\"og:title\" content=\"Centaurea cyanus\u00a0L. syn.\u00a0Cyanus arvensis\u00a0Moench. - liecivebyliny.eu\" \/>\n<meta property=\"og:description\" content=\"Slovensk\u00fd n\u00e1zov:\u00a0nev\u00e4dza po\u013en\u00e1 Anglick\u00fd n\u00e1zov:&nbsp;Corneflower&nbsp; \u010cesk\u00fd n\u00e1zov:&nbsp;chrpa modr\u00e1k, chrpa poln\u00ed \u013dudov\u00e9 n\u00e1zvy:&nbsp;modr\u00e1k, svetl\u00e1k, chrpa, modra\u010dka \u010ce\u013ea\u010f:&nbsp;Asteraceae&nbsp;(astrovit\u00e9) Botanick\u00e1 charakteristika:&nbsp;Jednoro\u010dn\u00e1 20 \u2013 50 cm vysok\u00e1 bylina s priamou stonkou. Stonka je hranat\u00e1, rozkon\u00e1ren\u00e1, pokryt\u00e1 trich\u00f3mami. Listy s\u00fa kopijovit\u00e9, perovito strihan\u00e9. Kvety s\u00fa modrofialovo sfarben\u00e9, vytv\u00e1raj\u00fa \u00fabor. Plodom s\u00fa na\u017eky s dvojradov\u00fdm chocholcom. Mikroskopick\u00fd n\u00e1kres: Roz\u0161\u00edrenie:&nbsp;Vyskytuje sa na [&hellip;]\" \/>\n<meta property=\"og:url\" content=\"https:\/\/www.liecivebyliny.eu\/?page_id=148\" \/>\n<meta property=\"og:site_name\" content=\"liecivebyliny.eu\" \/>\n<meta property=\"article:modified_time\" content=\"2023-12-21T20:09:43+00:00\" \/>\n<meta property=\"og:image\" content=\"https:\/\/www.liecivebyliny.eu\/wp-content\/uploads\/2023\/12\/image-7.jpeg\" \/>\n<meta name=\"twitter:card\" content=\"summary_large_image\" \/>\n<meta name=\"twitter:label1\" content=\"Predpokladan\u00fd \u010das \u010d\u00edtania\" \/>\n\t<meta name=\"twitter:data1\" content=\"2 min\u00faty\" \/>\n<script type=\"application\/ld+json\" class=\"yoast-schema-graph\">{\"@context\":\"https:\/\/schema.org\",\"@graph\":[{\"@type\":\"WebPage\",\"@id\":\"https:\/\/www.liecivebyliny.eu\/?page_id=148\",\"url\":\"https:\/\/www.liecivebyliny.eu\/?page_id=148\",\"name\":\"Centaurea cyanus\u00a0L. syn.\u00a0Cyanus arvensis\u00a0Moench. - liecivebyliny.eu\",\"isPartOf\":{\"@id\":\"https:\/\/www.liecivebyliny.eu\/#website\"},\"datePublished\":\"2023-12-21T20:09:42+00:00\",\"dateModified\":\"2023-12-21T20:09:43+00:00\",\"breadcrumb\":{\"@id\":\"https:\/\/www.liecivebyliny.eu\/?page_id=148#breadcrumb\"},\"inLanguage\":\"sk-SK\",\"potentialAction\":[{\"@type\":\"ReadAction\",\"target\":[\"https:\/\/www.liecivebyliny.eu\/?page_id=148\"]}]},{\"@type\":\"BreadcrumbList\",\"@id\":\"https:\/\/www.liecivebyliny.eu\/?page_id=148#breadcrumb\",\"itemListElement\":[{\"@type\":\"ListItem\",\"position\":1,\"name\":\"Home\",\"item\":\"https:\/\/www.liecivebyliny.eu\/\"},{\"@type\":\"ListItem\",\"position\":2,\"name\":\"Centaurea cyanus\u00a0L. syn.\u00a0Cyanus arvensis\u00a0Moench.\"}]},{\"@type\":\"WebSite\",\"@id\":\"https:\/\/www.liecivebyliny.eu\/#website\",\"url\":\"https:\/\/www.liecivebyliny.eu\/\",\"name\":\"liecivebyliny.eu\",\"description\":\"\",\"potentialAction\":[{\"@type\":\"SearchAction\",\"target\":{\"@type\":\"EntryPoint\",\"urlTemplate\":\"https:\/\/www.liecivebyliny.eu\/?s={search_term_string}\"},\"query-input\":\"required name=search_term_string\"}],\"inLanguage\":\"sk-SK\"}]}<\/script>\n<!-- \/ Yoast SEO plugin. -->","yoast_head_json":{"title":"Centaurea cyanus\u00a0L. syn.\u00a0Cyanus arvensis\u00a0Moench. - liecivebyliny.eu","robots":{"index":"index","follow":"follow","max-snippet":"max-snippet:-1","max-image-preview":"max-image-preview:large","max-video-preview":"max-video-preview:-1"},"canonical":"https:\/\/www.liecivebyliny.eu\/?page_id=148","og_locale":"sk_SK","og_type":"article","og_title":"Centaurea cyanus\u00a0L. syn.\u00a0Cyanus arvensis\u00a0Moench. - liecivebyliny.eu","og_description":"Slovensk\u00fd n\u00e1zov:\u00a0nev\u00e4dza po\u013en\u00e1 Anglick\u00fd n\u00e1zov:&nbsp;Corneflower&nbsp; \u010cesk\u00fd n\u00e1zov:&nbsp;chrpa modr\u00e1k, chrpa poln\u00ed \u013dudov\u00e9 n\u00e1zvy:&nbsp;modr\u00e1k, svetl\u00e1k, chrpa, modra\u010dka \u010ce\u013ea\u010f:&nbsp;Asteraceae&nbsp;(astrovit\u00e9) Botanick\u00e1 charakteristika:&nbsp;Jednoro\u010dn\u00e1 20 \u2013 50 cm vysok\u00e1 bylina s priamou stonkou. Stonka je hranat\u00e1, rozkon\u00e1ren\u00e1, pokryt\u00e1 trich\u00f3mami. Listy s\u00fa kopijovit\u00e9, perovito strihan\u00e9. Kvety s\u00fa modrofialovo sfarben\u00e9, vytv\u00e1raj\u00fa \u00fabor. Plodom s\u00fa na\u017eky s dvojradov\u00fdm chocholcom. Mikroskopick\u00fd n\u00e1kres: Roz\u0161\u00edrenie:&nbsp;Vyskytuje sa na [&hellip;]","og_url":"https:\/\/www.liecivebyliny.eu\/?page_id=148","og_site_name":"liecivebyliny.eu","article_modified_time":"2023-12-21T20:09:43+00:00","og_image":[{"url":"https:\/\/www.liecivebyliny.eu\/wp-content\/uploads\/2023\/12\/image-7.jpeg"}],"twitter_card":"summary_large_image","twitter_misc":{"Predpokladan\u00fd \u010das \u010d\u00edtania":"2 min\u00faty"},"schema":{"@context":"https:\/\/schema.org","@graph":[{"@type":"WebPage","@id":"https:\/\/www.liecivebyliny.eu\/?page_id=148","url":"https:\/\/www.liecivebyliny.eu\/?page_id=148","name":"Centaurea cyanus\u00a0L. syn.\u00a0Cyanus arvensis\u00a0Moench. - liecivebyliny.eu","isPartOf":{"@id":"https:\/\/www.liecivebyliny.eu\/#website"},"datePublished":"2023-12-21T20:09:42+00:00","dateModified":"2023-12-21T20:09:43+00:00","breadcrumb":{"@id":"https:\/\/www.liecivebyliny.eu\/?page_id=148#breadcrumb"},"inLanguage":"sk-SK","potentialAction":[{"@type":"ReadAction","target":["https:\/\/www.liecivebyliny.eu\/?page_id=148"]}]},{"@type":"BreadcrumbList","@id":"https:\/\/www.liecivebyliny.eu\/?page_id=148#breadcrumb","itemListElement":[{"@type":"ListItem","position":1,"name":"Home","item":"https:\/\/www.liecivebyliny.eu\/"},{"@type":"ListItem","position":2,"name":"Centaurea cyanus\u00a0L. syn.\u00a0Cyanus arvensis\u00a0Moench."}]},{"@type":"WebSite","@id":"https:\/\/www.liecivebyliny.eu\/#website","url":"https:\/\/www.liecivebyliny.eu\/","name":"liecivebyliny.eu","description":"","potentialAction":[{"@type":"SearchAction","target":{"@type":"EntryPoint","urlTemplate":"https:\/\/www.liecivebyliny.eu\/?s={search_term_string}"},"query-input":"required name=search_term_string"}],"inLanguage":"sk-SK"}]}},"_links":{"self":[{"href":"https:\/\/www.liecivebyliny.eu\/index.php?rest_route=\/wp\/v2\/pages\/148"}],"collection":[{"href":"https:\/\/www.liecivebyliny.eu\/index.php?rest_route=\/wp\/v2\/pages"}],"about":[{"href":"https:\/\/www.liecivebyliny.eu\/index.php?rest_route=\/wp\/v2\/types\/page"}],"author":[{"embeddable":true,"href":"https:\/\/www.liecivebyliny.eu\/index.php?rest_route=\/wp\/v2\/users\/1"}],"replies":[{"embeddable":true,"href":"https:\/\/www.liecivebyliny.eu\/index.php?rest_route=%2Fwp%2Fv2%2Fcomments&post=148"}],"version-history":[{"count":1,"href":"https:\/\/www.liecivebyliny.eu\/index.php?rest_route=\/wp\/v2\/pages\/148\/revisions"}],"predecessor-version":[{"id":151,"href":"https:\/\/www.liecivebyliny.eu\/index.php?rest_route=\/wp\/v2\/pages\/148\/revisions\/151"}],"wp:attachment":[{"href":"https:\/\/www.liecivebyliny.eu\/index.php?rest_route=%2Fwp%2Fv2%2Fmedia&parent=148"}],"curies":[{"name":"wp","href":"https:\/\/api.w.org\/{rel}","templated":true}]}}