{"id":161,"date":"2023-12-21T21:17:19","date_gmt":"2023-12-21T20:17:19","guid":{"rendered":"https:\/\/www.liecivebyliny.eu\/?page_id=161"},"modified":"2023-12-21T21:17:20","modified_gmt":"2023-12-21T20:17:20","slug":"cichorium-intybus-l","status":"publish","type":"page","link":"https:\/\/www.liecivebyliny.eu\/?page_id=161","title":{"rendered":"<em>Cichorium intybus<\/em>&nbsp;L."},"content":{"rendered":"<div class=\"wp-block-image\">\n<figure class=\"aligncenter size-full\"><img decoding=\"async\" loading=\"lazy\" width=\"226\" height=\"342\" src=\"https:\/\/www.liecivebyliny.eu\/wp-content\/uploads\/2023\/12\/image-10.jpeg\" alt=\"\" class=\"wp-image-162\" srcset=\"https:\/\/www.liecivebyliny.eu\/wp-content\/uploads\/2023\/12\/image-10.jpeg 226w, https:\/\/www.liecivebyliny.eu\/wp-content\/uploads\/2023\/12\/image-10-198x300.jpeg 198w\" sizes=\"(max-width: 226px) 100vw, 226px\" \/><figcaption class=\"wp-element-caption\">\u010cakanka oby\u010dajn\u00e1<\/figcaption><\/figure><\/div>\n\n\n<p><strong>Slovensk\u00fd n\u00e1zov:\u00a0<\/strong>\u010dakanka oby\u010dajn\u00e1<\/p>\n\n\n\n<p><strong>Anglick\u00fd n\u00e1zov:<\/strong>&nbsp;Chicory, Succory<\/p>\n\n\n\n<p><strong>\u010cesk\u00fd n\u00e1zov:<\/strong>&nbsp;\u010dekanka obecn\u00e1<\/p>\n\n\n\n<p><strong>\u013dudov\u00e9 n\u00e1zvy:<\/strong>&nbsp;korenie sv. Petra, Hani\u010dka, cig\u00f3ria&nbsp;<\/p>\n\n\n\n<p><strong>\u010ce\u013ea\u010f:<\/strong>&nbsp;<em>Asteraceae&nbsp;<\/em>(astrovit\u00e9)<\/p>\n\n\n\n<p><strong>Botanick\u00e1 charakteristika:<\/strong>&nbsp;Trv\u00e1ca bylina, vysok\u00e1 120 cm, s&nbsp;rozkon\u00e1renou, ryhovanou stonkou, pokrytou ch\u013apkami. Pr\u00edzemn\u00e9 listy s\u00fa usporiadan\u00e9 v&nbsp;pr\u00edzemnej ru\u017eici, stonkov\u00e9 listy s\u00fa kopijovit\u00e9. Jazykovit\u00e9 kvety, modrej farby zlo\u017een\u00e9 v&nbsp;\u00faboroch, sa nach\u00e1dzaj\u00fa na vrchole stonky. Plodom je na\u017eka s&nbsp;chocholcom. V\u0161etky \u010dasti rastliny obsahuj\u00fa mlie\u010dnu \u0161\u0165avu.&nbsp;<\/p>\n\n\n\n<p><strong>Mikroskopick\u00fd n\u00e1kres:<\/strong><\/p>\n\n\n<div class=\"wp-block-image\">\n<figure class=\"aligncenter size-full is-resized\"><img decoding=\"async\" loading=\"lazy\" src=\"https:\/\/www.liecivebyliny.eu\/wp-content\/uploads\/2023\/12\/image-11.png\" alt=\"\" class=\"wp-image-163\" width=\"266\" height=\"242\" srcset=\"https:\/\/www.liecivebyliny.eu\/wp-content\/uploads\/2023\/12\/image-11.png 312w, https:\/\/www.liecivebyliny.eu\/wp-content\/uploads\/2023\/12\/image-11-300x273.png 300w\" sizes=\"(max-width: 266px) 100vw, 266px\" \/><figcaption class=\"wp-element-caption\"><em>Spodn\u00e1 poko\u017eka listu \u010dakanky sa vyzna\u010duje ve\u013ek\u00fdm po\u010dtom prieduchov.<\/em><\/figcaption><\/figure><\/div>\n\n\n<p><\/p>\n\n\n\n<p><strong>Roz\u0161\u00edrenie:<\/strong>&nbsp;Rastie na l\u00fakach, pri cest\u00e1ch, na n\u00e1sypoch.<\/p>\n\n\n\n<p><strong>Droga:&nbsp;<\/strong><strong><em>Cichorii herba, Cichorii radix<\/em><\/strong><\/p>\n\n\n\n<p><strong>Sp\u00f4sob zberu:<\/strong>&nbsp;Nadzemn\u00e9 \u010dasti sa zbieraj\u00fa v&nbsp;j\u00fali a\u017e v auguste a&nbsp;korene sa vykop\u00e1vaj\u00fa na jese\u0148, v&nbsp;okt\u00f3bri, za such\u00e9ho po\u010dasia. S\u00fakvetie sa strih\u00e1 aj s&nbsp;1 cm dlhou stopkou. Plody sa zberaj\u00fa po\u010das augusta a&nbsp;septembra.&nbsp;<\/p>\n\n\n\n<p><strong>Su\u0161enie:&nbsp;<\/strong>V\u0148a\u0165 \u010dakanky oby\u010dajnej su\u0161\u00edme v&nbsp;tenkej vrstve v&nbsp;tieni, vo vetrate\u013enej miestnosti. Korene sa su\u0161ia umel\u00fdm sp\u00f4sobom pri teplote do 50 \u00b0C.&nbsp;<\/p>\n\n\n\n<p><strong>Obsahov\u00e9 l\u00e1tky:<\/strong>&nbsp;\u010cakanka oby\u010dajn\u00e1 obsahuje horko-chutiace l\u00e1tky t.j. hor\u010diny, ktor\u00fdch \u0161trukt\u00fara je odvoden\u00e1 od seskviterp\u00e9nlakt\u00f3nov. Z&nbsp;najzn\u00e1mej\u0161\u00edch je mo\u017en\u00e9 spomen\u00fa\u0165 laktuc\u00edn a&nbsp;laktucopikr\u00edn. Jedn\u00fdm z&nbsp;najd\u00f4le\u017eitej\u0161\u00edch metabolitov je polysacharid inul\u00edn. Pr\u00edtomn\u00e9 s\u00fa tie\u017e organick\u00e9 kyseliny (kyselina \u0161koricov\u00e1, kyselina \u010dakankov\u00e1, kyselina dikafeoylv\u00ednna) a&nbsp;ich deriv\u00e1ty, flavonoidy, hydroxykumar\u00edny \u010di poly\u00edny.&nbsp;<\/p>\n\n\n\n<p><strong>Pou\u017eitie:&nbsp;<\/strong>Droga sa ojedinele pou\u017e\u00edva na podporu tr\u00e1venia. Z&nbsp;pra\u017een\u00fdch horko-chutiacich kore\u0148ov sa z\u00edskava n\u00e1hrada k\u00e1vy tzv. cig\u00f3ria. V&nbsp;niektor\u00fdch krajin\u00e1ch je \u010dakanka oby\u010dajn\u00e1 tradi\u010dne pou\u017e\u00edvan\u00e1 ako zelenina a&nbsp;konzumuje sa za \u010derstva ako zlo\u017eka \u0161al\u00e1tov.&nbsp;<\/p>\n\n\n\n<p><strong>Tradi\u010dn\u00fd sp\u00f4sob pou\u017eitia v&nbsp;indik\u00e1ci\u00e1ch ur\u010den\u00fdch v\u00fdhradne na z\u00e1klade dlhodob\u00e9ho pou\u017e\u00edvania:<\/strong><\/p>\n\n\n\n<ul>\n<li>symptomatick\u00e1 lie\u010dba miernych por\u00fach tr\u00e1venia (pocit plnosti brucha, pomal\u00e9 tr\u00e1venie, plynatos\u0165),<\/li>\n\n\n\n<li>podporn\u00e1 lie\u010dba pri do\u010dasnej straty chuti do jedla.<\/li>\n<\/ul>\n\n\n\n<p><strong>Vybran\u00e9 rastlinn\u00e9 pr\u00edpravky:<\/strong>&nbsp;AGROKARPATY \u010cAKANKA OBY\u010cAJNA v\u0148a\u0165 bylinn\u00fd \u010daj 1&#215;30 g, APOTHEKE BYLINN\u00dd \u010cAJ NA \u017dL\u010cN\u00cdK A SLINIVKU 20&#215;1,5 g, Slovakiapharm \u017dal\u00fado\u010dn\u00fd \u010daj 20&#215;1,5 g, Biogena Majestic Tea Zimn\u00fd pun\u010d ovocn\u00fd \u010daj 20&#215;2 g, Dr. Popov Bylinn\u00fd \u010daj BYLINN\u00dd DETOX n\u00e1levov\u00e9 vrec\u00fa\u0161ka 20&#215;1,5 g, PEDIAKID Na chu\u0165 do jedla sirup 125 ml, BIODREN F kvapky 50 ml, DRENAFORM kvapky 50 ml, GRE\u0160\u00cdK BYLINN\u00c9 KVAPKY DOBR\u00c9 TR\u00c1VENIE 50 ml, LEPICOL BASIC cps 180 ks.<\/p>\n","protected":false},"excerpt":{"rendered":"<p>Slovensk\u00fd n\u00e1zov:\u00a0\u010dakanka oby\u010dajn\u00e1 Anglick\u00fd n\u00e1zov:&nbsp;Chicory, Succory \u010cesk\u00fd n\u00e1zov:&nbsp;\u010dekanka obecn\u00e1 \u013dudov\u00e9 n\u00e1zvy:&nbsp;korenie sv. Petra, Hani\u010dka, cig\u00f3ria&nbsp; \u010ce\u013ea\u010f:&nbsp;Asteraceae&nbsp;(astrovit\u00e9) Botanick\u00e1 charakteristika:&nbsp;Trv\u00e1ca bylina, vysok\u00e1 120 cm, s&nbsp;rozkon\u00e1renou, ryhovanou stonkou, pokrytou ch\u013apkami. Pr\u00edzemn\u00e9 listy s\u00fa usporiadan\u00e9 v&nbsp;pr\u00edzemnej ru\u017eici, stonkov\u00e9 listy s\u00fa kopijovit\u00e9. Jazykovit\u00e9 kvety, modrej farby zlo\u017een\u00e9 v&nbsp;\u00faboroch, sa nach\u00e1dzaj\u00fa na vrchole stonky. Plodom je na\u017eka s&nbsp;chocholcom. V\u0161etky \u010dasti rastliny [&hellip;]<\/p>\n","protected":false},"author":1,"featured_media":0,"parent":0,"menu_order":0,"comment_status":"closed","ping_status":"closed","template":"","meta":{"_mi_skip_tracking":false},"yoast_head":"<!-- This site is optimized with the Yoast SEO plugin v20.4 - https:\/\/yoast.com\/wordpress\/plugins\/seo\/ -->\n<title>Cichorium intybus&nbsp;L. - liecivebyliny.eu<\/title>\n<meta name=\"robots\" content=\"index, follow, max-snippet:-1, max-image-preview:large, max-video-preview:-1\" \/>\n<link rel=\"canonical\" href=\"https:\/\/www.liecivebyliny.eu\/?page_id=161\" \/>\n<meta property=\"og:locale\" content=\"sk_SK\" \/>\n<meta property=\"og:type\" content=\"article\" \/>\n<meta property=\"og:title\" content=\"Cichorium intybus&nbsp;L. - liecivebyliny.eu\" \/>\n<meta property=\"og:description\" content=\"Slovensk\u00fd n\u00e1zov:\u00a0\u010dakanka oby\u010dajn\u00e1 Anglick\u00fd n\u00e1zov:&nbsp;Chicory, Succory \u010cesk\u00fd n\u00e1zov:&nbsp;\u010dekanka obecn\u00e1 \u013dudov\u00e9 n\u00e1zvy:&nbsp;korenie sv. Petra, Hani\u010dka, cig\u00f3ria&nbsp; \u010ce\u013ea\u010f:&nbsp;Asteraceae&nbsp;(astrovit\u00e9) Botanick\u00e1 charakteristika:&nbsp;Trv\u00e1ca bylina, vysok\u00e1 120 cm, s&nbsp;rozkon\u00e1renou, ryhovanou stonkou, pokrytou ch\u013apkami. Pr\u00edzemn\u00e9 listy s\u00fa usporiadan\u00e9 v&nbsp;pr\u00edzemnej ru\u017eici, stonkov\u00e9 listy s\u00fa kopijovit\u00e9. Jazykovit\u00e9 kvety, modrej farby zlo\u017een\u00e9 v&nbsp;\u00faboroch, sa nach\u00e1dzaj\u00fa na vrchole stonky. Plodom je na\u017eka s&nbsp;chocholcom. V\u0161etky \u010dasti rastliny [&hellip;]\" \/>\n<meta property=\"og:url\" content=\"https:\/\/www.liecivebyliny.eu\/?page_id=161\" \/>\n<meta property=\"og:site_name\" content=\"liecivebyliny.eu\" \/>\n<meta property=\"article:modified_time\" content=\"2023-12-21T20:17:20+00:00\" \/>\n<meta property=\"og:image\" content=\"https:\/\/www.liecivebyliny.eu\/wp-content\/uploads\/2023\/12\/image-10.jpeg\" \/>\n<meta name=\"twitter:card\" content=\"summary_large_image\" \/>\n<meta name=\"twitter:label1\" content=\"Predpokladan\u00fd \u010das \u010d\u00edtania\" \/>\n\t<meta name=\"twitter:data1\" content=\"3 min\u00faty\" \/>\n<script type=\"application\/ld+json\" class=\"yoast-schema-graph\">{\"@context\":\"https:\/\/schema.org\",\"@graph\":[{\"@type\":\"WebPage\",\"@id\":\"https:\/\/www.liecivebyliny.eu\/?page_id=161\",\"url\":\"https:\/\/www.liecivebyliny.eu\/?page_id=161\",\"name\":\"Cichorium intybus&nbsp;L. - liecivebyliny.eu\",\"isPartOf\":{\"@id\":\"https:\/\/www.liecivebyliny.eu\/#website\"},\"datePublished\":\"2023-12-21T20:17:19+00:00\",\"dateModified\":\"2023-12-21T20:17:20+00:00\",\"breadcrumb\":{\"@id\":\"https:\/\/www.liecivebyliny.eu\/?page_id=161#breadcrumb\"},\"inLanguage\":\"sk-SK\",\"potentialAction\":[{\"@type\":\"ReadAction\",\"target\":[\"https:\/\/www.liecivebyliny.eu\/?page_id=161\"]}]},{\"@type\":\"BreadcrumbList\",\"@id\":\"https:\/\/www.liecivebyliny.eu\/?page_id=161#breadcrumb\",\"itemListElement\":[{\"@type\":\"ListItem\",\"position\":1,\"name\":\"Home\",\"item\":\"https:\/\/www.liecivebyliny.eu\/\"},{\"@type\":\"ListItem\",\"position\":2,\"name\":\"Cichorium intybus&nbsp;L.\"}]},{\"@type\":\"WebSite\",\"@id\":\"https:\/\/www.liecivebyliny.eu\/#website\",\"url\":\"https:\/\/www.liecivebyliny.eu\/\",\"name\":\"liecivebyliny.eu\",\"description\":\"\",\"potentialAction\":[{\"@type\":\"SearchAction\",\"target\":{\"@type\":\"EntryPoint\",\"urlTemplate\":\"https:\/\/www.liecivebyliny.eu\/?s={search_term_string}\"},\"query-input\":\"required name=search_term_string\"}],\"inLanguage\":\"sk-SK\"}]}<\/script>\n<!-- \/ Yoast SEO plugin. -->","yoast_head_json":{"title":"Cichorium intybus&nbsp;L. - liecivebyliny.eu","robots":{"index":"index","follow":"follow","max-snippet":"max-snippet:-1","max-image-preview":"max-image-preview:large","max-video-preview":"max-video-preview:-1"},"canonical":"https:\/\/www.liecivebyliny.eu\/?page_id=161","og_locale":"sk_SK","og_type":"article","og_title":"Cichorium intybus&nbsp;L. - liecivebyliny.eu","og_description":"Slovensk\u00fd n\u00e1zov:\u00a0\u010dakanka oby\u010dajn\u00e1 Anglick\u00fd n\u00e1zov:&nbsp;Chicory, Succory \u010cesk\u00fd n\u00e1zov:&nbsp;\u010dekanka obecn\u00e1 \u013dudov\u00e9 n\u00e1zvy:&nbsp;korenie sv. Petra, Hani\u010dka, cig\u00f3ria&nbsp; \u010ce\u013ea\u010f:&nbsp;Asteraceae&nbsp;(astrovit\u00e9) Botanick\u00e1 charakteristika:&nbsp;Trv\u00e1ca bylina, vysok\u00e1 120 cm, s&nbsp;rozkon\u00e1renou, ryhovanou stonkou, pokrytou ch\u013apkami. Pr\u00edzemn\u00e9 listy s\u00fa usporiadan\u00e9 v&nbsp;pr\u00edzemnej ru\u017eici, stonkov\u00e9 listy s\u00fa kopijovit\u00e9. Jazykovit\u00e9 kvety, modrej farby zlo\u017een\u00e9 v&nbsp;\u00faboroch, sa nach\u00e1dzaj\u00fa na vrchole stonky. Plodom je na\u017eka s&nbsp;chocholcom. V\u0161etky \u010dasti rastliny [&hellip;]","og_url":"https:\/\/www.liecivebyliny.eu\/?page_id=161","og_site_name":"liecivebyliny.eu","article_modified_time":"2023-12-21T20:17:20+00:00","og_image":[{"url":"https:\/\/www.liecivebyliny.eu\/wp-content\/uploads\/2023\/12\/image-10.jpeg"}],"twitter_card":"summary_large_image","twitter_misc":{"Predpokladan\u00fd \u010das \u010d\u00edtania":"3 min\u00faty"},"schema":{"@context":"https:\/\/schema.org","@graph":[{"@type":"WebPage","@id":"https:\/\/www.liecivebyliny.eu\/?page_id=161","url":"https:\/\/www.liecivebyliny.eu\/?page_id=161","name":"Cichorium intybus&nbsp;L. - liecivebyliny.eu","isPartOf":{"@id":"https:\/\/www.liecivebyliny.eu\/#website"},"datePublished":"2023-12-21T20:17:19+00:00","dateModified":"2023-12-21T20:17:20+00:00","breadcrumb":{"@id":"https:\/\/www.liecivebyliny.eu\/?page_id=161#breadcrumb"},"inLanguage":"sk-SK","potentialAction":[{"@type":"ReadAction","target":["https:\/\/www.liecivebyliny.eu\/?page_id=161"]}]},{"@type":"BreadcrumbList","@id":"https:\/\/www.liecivebyliny.eu\/?page_id=161#breadcrumb","itemListElement":[{"@type":"ListItem","position":1,"name":"Home","item":"https:\/\/www.liecivebyliny.eu\/"},{"@type":"ListItem","position":2,"name":"Cichorium intybus&nbsp;L."}]},{"@type":"WebSite","@id":"https:\/\/www.liecivebyliny.eu\/#website","url":"https:\/\/www.liecivebyliny.eu\/","name":"liecivebyliny.eu","description":"","potentialAction":[{"@type":"SearchAction","target":{"@type":"EntryPoint","urlTemplate":"https:\/\/www.liecivebyliny.eu\/?s={search_term_string}"},"query-input":"required name=search_term_string"}],"inLanguage":"sk-SK"}]}},"_links":{"self":[{"href":"https:\/\/www.liecivebyliny.eu\/index.php?rest_route=\/wp\/v2\/pages\/161"}],"collection":[{"href":"https:\/\/www.liecivebyliny.eu\/index.php?rest_route=\/wp\/v2\/pages"}],"about":[{"href":"https:\/\/www.liecivebyliny.eu\/index.php?rest_route=\/wp\/v2\/types\/page"}],"author":[{"embeddable":true,"href":"https:\/\/www.liecivebyliny.eu\/index.php?rest_route=\/wp\/v2\/users\/1"}],"replies":[{"embeddable":true,"href":"https:\/\/www.liecivebyliny.eu\/index.php?rest_route=%2Fwp%2Fv2%2Fcomments&post=161"}],"version-history":[{"count":1,"href":"https:\/\/www.liecivebyliny.eu\/index.php?rest_route=\/wp\/v2\/pages\/161\/revisions"}],"predecessor-version":[{"id":164,"href":"https:\/\/www.liecivebyliny.eu\/index.php?rest_route=\/wp\/v2\/pages\/161\/revisions\/164"}],"wp:attachment":[{"href":"https:\/\/www.liecivebyliny.eu\/index.php?rest_route=%2Fwp%2Fv2%2Fmedia&parent=161"}],"curies":[{"name":"wp","href":"https:\/\/api.w.org\/{rel}","templated":true}]}}