{"id":168,"date":"2023-12-21T21:20:32","date_gmt":"2023-12-21T20:20:32","guid":{"rendered":"https:\/\/www.liecivebyliny.eu\/?page_id=168"},"modified":"2024-01-01T19:43:12","modified_gmt":"2024-01-01T18:43:12","slug":"crataegus-monogyna-jacq","status":"publish","type":"page","link":"https:\/\/www.liecivebyliny.eu\/?page_id=168","title":{"rendered":"<em>Crataegus monogyna<\/em>&nbsp;Jacq."},"content":{"rendered":"<div class=\"wp-block-image\">\n<figure class=\"aligncenter size-full\"><img decoding=\"async\" loading=\"lazy\" width=\"256\" height=\"324\" src=\"https:\/\/www.liecivebyliny.eu\/wp-content\/uploads\/2023\/12\/image-12.png\" alt=\"\" class=\"wp-image-169\" srcset=\"https:\/\/www.liecivebyliny.eu\/wp-content\/uploads\/2023\/12\/image-12.png 256w, https:\/\/www.liecivebyliny.eu\/wp-content\/uploads\/2023\/12\/image-12-237x300.png 237w\" sizes=\"(max-width: 256px) 100vw, 256px\" \/><figcaption class=\"wp-element-caption\">Hloh jednosemenn\u00fd<\/figcaption><\/figure><\/div>\n\n\n<p><strong>Slovensk\u00fd n\u00e1zov:&nbsp;<\/strong>hloh jednosemenn\u00fd<\/p>\n\n\n\n<p><strong>Anglick\u00fd n\u00e1zov:<\/strong>&nbsp;Common hawthorn<\/p>\n\n\n\n<p><strong>\u010cesk\u00fd n\u00e1zov:<\/strong>&nbsp;Hloh jednosemenn\u00fd<\/p>\n\n\n\n<p><strong>\u013dudov\u00fd n\u00e1zvov:<\/strong>&nbsp;l\u00f4h<\/p>\n\n\n\n<p><strong>\u010ce\u013ea\u010f:<\/strong>&nbsp;<em>Rosaceae&nbsp;<\/em>(ru\u017eovit\u00e9)<\/p>\n\n\n\n<p><strong>Botanick\u00e1 charakteristika:<\/strong>&nbsp;T\u0155nist\u00fd ker alebo strom so sivou k\u00f4rou, dorastaj\u00faci do v\u00fd\u0161ky 5 \u2013 10&nbsp;m. Listy s\u00fa trojlalo\u010dnat\u00e9 a\u017e p\u00e4\u0165lalo\u010dnat\u00e9, vajcovit\u00e9, s&nbsp;kr\u00e1tkou stopkou. Na rube tmavo zelen\u00e9, na l\u00edci svetlozelen\u00e9. Biele kvety vytv\u00e1raj\u00fa vrchol\u00edkovit\u00e9 s\u00fakvetie. Plodom je k\u00f4stkovica.&nbsp;<\/p>\n\n\n\n<p><strong>Mikroskopick\u00fd n\u00e1kres:<\/strong><\/p>\n\n\n<div class=\"wp-block-image\">\n<figure class=\"aligncenter size-full\"><img decoding=\"async\" loading=\"lazy\" width=\"354\" height=\"348\" src=\"https:\/\/www.liecivebyliny.eu\/wp-content\/uploads\/2023\/12\/image-13.png\" alt=\"\" class=\"wp-image-170\" srcset=\"https:\/\/www.liecivebyliny.eu\/wp-content\/uploads\/2023\/12\/image-13.png 354w, https:\/\/www.liecivebyliny.eu\/wp-content\/uploads\/2023\/12\/image-13-300x295.png 300w\" sizes=\"(max-width: 354px) 100vw, 354px\" \/><figcaption class=\"wp-element-caption\"><em>Na povrchu prie\u010dneho rezu listu hlohu jednosemenn\u00e9ho je mo\u017en\u00e9 pozorova\u0165 poko\u017eku (a), pod&nbsp;ktorou sa nach\u00e1dza vrstva palis\u00e1dov\u00e9ho parench\u00fdmu (b) a&nbsp;hubov\u00e9ho parench\u00fdmu. Spodn\u00e1 poko\u017eka sa vyzna\u010duje pr\u00edtomnos\u0165ou prieduchov (g). V&nbsp;strede prepar\u00e1tu s\u00fa situovan\u00e9 kolater\u00e1lne cievne zv\u00e4zky tvoren\u00e9 lykovou (e) a&nbsp;drevnou \u010das\u0165ou (f). Cievne zv\u00e4zky s\u00fa spevnen\u00e9 sklerench\u00fdmom (d).<\/em><\/figcaption><\/figure><\/div>\n\n<div class=\"wp-block-image\">\n<figure class=\"aligncenter size-full\"><img decoding=\"async\" loading=\"lazy\" width=\"374\" height=\"499\" src=\"https:\/\/www.liecivebyliny.eu\/wp-content\/uploads\/2024\/01\/Crataegi-folium-100x-1-edited.jpg\" alt=\"\" class=\"wp-image-880\" srcset=\"https:\/\/www.liecivebyliny.eu\/wp-content\/uploads\/2024\/01\/Crataegi-folium-100x-1-edited.jpg 374w, https:\/\/www.liecivebyliny.eu\/wp-content\/uploads\/2024\/01\/Crataegi-folium-100x-1-edited-225x300.jpg 225w\" sizes=\"(max-width: 374px) 100vw, 374px\" \/><figcaption class=\"wp-element-caption\">Prie\u010dny rez listom hlohu (zv\u00e4\u010d\u0161en\u00e9 100x)<\/figcaption><\/figure><\/div>\n\n\n<p><\/p>\n\n\n\n<p><strong>Roz\u0161\u00edrenie:&nbsp;<\/strong>Rastie na pasienkoch, pri riekach, na okrajoch lesov, na str\u00e1\u0148ach, pri cest\u00e1ch.<\/p>\n\n\n\n<p><strong>Droga:<\/strong>&nbsp;<em>Crataegi folium cum flore, Crataegi fructus<\/em><\/p>\n\n\n\n<p><strong>Sp\u00f4sob zberu:<\/strong>&nbsp;List s&nbsp;kvetom sa ru\u010dne zbiera na za\u010diatku kvitnutia. Rovnako aj kvety s&nbsp;kr\u00e1tkou stopkou sa trhaj\u00fa na za\u010diatku kvitnutia, zvy\u010dajne v&nbsp;m\u00e1ji. Plody bez stopiek sa ru\u010dne zbieraj\u00fa v&nbsp;septembri a\u017e okt\u00f3bri.&nbsp;<\/p>\n\n\n\n<p><strong>Su\u0161enie:<\/strong>&nbsp;Listy s&nbsp;kvetmi a&nbsp;samotn\u00e9 kvety hlohu jednosemenn\u00e9ho sa su\u0161ia v&nbsp;tenkej vrstve v&nbsp;tieni, vo vetrate\u013enej miestnosti. Umel\u00fdm sp\u00f4sobom pri teplote do 35 \u00b0C. Plody sa su\u0161ia v&nbsp;tenk\u00fdch vrstv\u00e1ch, na vzdu\u0161nom mieste. Dosu\u0161uj\u00fa sa umel\u00fdm teplom pri teplote 70 \u00b0C.&nbsp;<\/p>\n\n\n\n<p><strong>Obsahov\u00e9 l\u00e1tky:&nbsp;<\/strong>K&nbsp;najd\u00f4le\u017eitej\u0161\u00edm obsahov\u00fdm l\u00e1tkam bezpochyby patria vysok\u00e9 hladiny flavonoidov (kvercet\u00edn, rut\u00edn, hyperozid, vitex\u00edn), ale aj protoantokyanid\u00edny, triterpenick\u00e9 kyseliny, najm\u00e4 kyselina ursolov\u00e1, aminopur\u00edny, sapon\u00edny, katech\u00ednov\u00e9 triesloviny, vitam\u00edn B a&nbsp;C.<\/p>\n\n\n\n<p><strong>Pou\u017eitie:&nbsp;<\/strong>Pr\u00edpravky z&nbsp;hlohu jednosemenn\u00e9ho nepr\u00edjemne zap\u00e1chaj\u00fa kv\u00f4li aminopur\u00ednom. Pr\u00e1ve preto s\u00fa pred \u010dajmi sk\u00f4r preferovan\u00e9 extrakty v&nbsp;tabletovanej forme. Tie sa u\u017e\u00edvaj\u00fa kv\u00f4li schopnosti zni\u017eova\u0165 krvn\u00fd tlak. Hloh zlep\u0161uje prekrvenie koron\u00e1rnych tepien vy\u017eivuj\u00facich srdcov\u00fd sval.&nbsp;<\/p>\n\n\n\n<p><strong>Tradi\u010dn\u00fd sp\u00f4sob pou\u017eitia v&nbsp;indik\u00e1ci\u00e1ch ur\u010den\u00fdch v\u00fdhradne na z\u00e1klade dlhodob\u00e9ho pou\u017e\u00edvania:<\/strong><\/p>\n\n\n\n<ul>\n<li>zmiernenie pr\u00edznakov pre\u0165a\u017eenia srdcov\u00e9ho svalu (napr. b\u00fa\u0161enie srdca vyvolan\u00e9 stresom alebo \u00fazkos\u0165ou),<\/li>\n\n\n\n<li>podporn\u00e1 lie\u010dba nespavosti a&nbsp;zmiernenia sympt\u00f3mov vyvolan\u00fdch stresom.<\/li>\n<\/ul>\n\n\n\n<p><strong>Vybran\u00e9 rastlinn\u00e9 pr\u00edpravky:&nbsp;<\/strong>CannamediQ HYPETEZIN cps 60 ks, J.V. KVAPKY &#8211; ALMER na pam\u00e4\u0165 a nervov\u00fa s\u00fastavu 50 ml, J.V. KVAPKY &#8211; CIEVY bylinn\u00fd komplex 50 ml, PEDIAKID Na \u013eah\u0161ie zasp\u00e1vanie sirup 125 ml.<\/p>\n","protected":false},"excerpt":{"rendered":"<p>Slovensk\u00fd n\u00e1zov:&nbsp;hloh jednosemenn\u00fd Anglick\u00fd n\u00e1zov:&nbsp;Common hawthorn \u010cesk\u00fd n\u00e1zov:&nbsp;Hloh jednosemenn\u00fd \u013dudov\u00fd n\u00e1zvov:&nbsp;l\u00f4h \u010ce\u013ea\u010f:&nbsp;Rosaceae&nbsp;(ru\u017eovit\u00e9) Botanick\u00e1 charakteristika:&nbsp;T\u0155nist\u00fd ker alebo strom so sivou k\u00f4rou, dorastaj\u00faci do v\u00fd\u0161ky 5 \u2013 10&nbsp;m. Listy s\u00fa trojlalo\u010dnat\u00e9 a\u017e p\u00e4\u0165lalo\u010dnat\u00e9, vajcovit\u00e9, s&nbsp;kr\u00e1tkou stopkou. Na rube tmavo zelen\u00e9, na l\u00edci svetlozelen\u00e9. Biele kvety vytv\u00e1raj\u00fa vrchol\u00edkovit\u00e9 s\u00fakvetie. Plodom je k\u00f4stkovica.&nbsp; Mikroskopick\u00fd n\u00e1kres: Roz\u0161\u00edrenie:&nbsp;Rastie na pasienkoch, pri [&hellip;]<\/p>\n","protected":false},"author":1,"featured_media":0,"parent":0,"menu_order":0,"comment_status":"closed","ping_status":"closed","template":"","meta":{"_mi_skip_tracking":false},"yoast_head":"<!-- This site is optimized with the Yoast SEO plugin v20.4 - https:\/\/yoast.com\/wordpress\/plugins\/seo\/ -->\n<title>Crataegus monogyna&nbsp;Jacq. - liecivebyliny.eu<\/title>\n<meta name=\"robots\" content=\"index, follow, max-snippet:-1, max-image-preview:large, max-video-preview:-1\" \/>\n<link rel=\"canonical\" href=\"https:\/\/www.liecivebyliny.eu\/?page_id=168\" \/>\n<meta property=\"og:locale\" content=\"sk_SK\" \/>\n<meta property=\"og:type\" content=\"article\" \/>\n<meta property=\"og:title\" content=\"Crataegus monogyna&nbsp;Jacq. - liecivebyliny.eu\" \/>\n<meta property=\"og:description\" content=\"Slovensk\u00fd n\u00e1zov:&nbsp;hloh jednosemenn\u00fd Anglick\u00fd n\u00e1zov:&nbsp;Common hawthorn \u010cesk\u00fd n\u00e1zov:&nbsp;Hloh jednosemenn\u00fd \u013dudov\u00fd n\u00e1zvov:&nbsp;l\u00f4h \u010ce\u013ea\u010f:&nbsp;Rosaceae&nbsp;(ru\u017eovit\u00e9) Botanick\u00e1 charakteristika:&nbsp;T\u0155nist\u00fd ker alebo strom so sivou k\u00f4rou, dorastaj\u00faci do v\u00fd\u0161ky 5 \u2013 10&nbsp;m. Listy s\u00fa trojlalo\u010dnat\u00e9 a\u017e p\u00e4\u0165lalo\u010dnat\u00e9, vajcovit\u00e9, s&nbsp;kr\u00e1tkou stopkou. Na rube tmavo zelen\u00e9, na l\u00edci svetlozelen\u00e9. Biele kvety vytv\u00e1raj\u00fa vrchol\u00edkovit\u00e9 s\u00fakvetie. Plodom je k\u00f4stkovica.&nbsp; Mikroskopick\u00fd n\u00e1kres: Roz\u0161\u00edrenie:&nbsp;Rastie na pasienkoch, pri [&hellip;]\" \/>\n<meta property=\"og:url\" content=\"https:\/\/www.liecivebyliny.eu\/?page_id=168\" \/>\n<meta property=\"og:site_name\" content=\"liecivebyliny.eu\" \/>\n<meta property=\"article:modified_time\" content=\"2024-01-01T18:43:12+00:00\" \/>\n<meta property=\"og:image\" content=\"https:\/\/www.liecivebyliny.eu\/wp-content\/uploads\/2023\/12\/image-12.png\" \/>\n<meta name=\"twitter:card\" content=\"summary_large_image\" \/>\n<meta name=\"twitter:label1\" content=\"Predpokladan\u00fd \u010das \u010d\u00edtania\" \/>\n\t<meta name=\"twitter:data1\" content=\"3 min\u00faty\" \/>\n<script type=\"application\/ld+json\" class=\"yoast-schema-graph\">{\"@context\":\"https:\/\/schema.org\",\"@graph\":[{\"@type\":\"WebPage\",\"@id\":\"https:\/\/www.liecivebyliny.eu\/?page_id=168\",\"url\":\"https:\/\/www.liecivebyliny.eu\/?page_id=168\",\"name\":\"Crataegus monogyna&nbsp;Jacq. - liecivebyliny.eu\",\"isPartOf\":{\"@id\":\"https:\/\/www.liecivebyliny.eu\/#website\"},\"datePublished\":\"2023-12-21T20:20:32+00:00\",\"dateModified\":\"2024-01-01T18:43:12+00:00\",\"breadcrumb\":{\"@id\":\"https:\/\/www.liecivebyliny.eu\/?page_id=168#breadcrumb\"},\"inLanguage\":\"sk-SK\",\"potentialAction\":[{\"@type\":\"ReadAction\",\"target\":[\"https:\/\/www.liecivebyliny.eu\/?page_id=168\"]}]},{\"@type\":\"BreadcrumbList\",\"@id\":\"https:\/\/www.liecivebyliny.eu\/?page_id=168#breadcrumb\",\"itemListElement\":[{\"@type\":\"ListItem\",\"position\":1,\"name\":\"Home\",\"item\":\"https:\/\/www.liecivebyliny.eu\/\"},{\"@type\":\"ListItem\",\"position\":2,\"name\":\"Crataegus monogyna&nbsp;Jacq.\"}]},{\"@type\":\"WebSite\",\"@id\":\"https:\/\/www.liecivebyliny.eu\/#website\",\"url\":\"https:\/\/www.liecivebyliny.eu\/\",\"name\":\"liecivebyliny.eu\",\"description\":\"\",\"potentialAction\":[{\"@type\":\"SearchAction\",\"target\":{\"@type\":\"EntryPoint\",\"urlTemplate\":\"https:\/\/www.liecivebyliny.eu\/?s={search_term_string}\"},\"query-input\":\"required name=search_term_string\"}],\"inLanguage\":\"sk-SK\"}]}<\/script>\n<!-- \/ Yoast SEO plugin. -->","yoast_head_json":{"title":"Crataegus monogyna&nbsp;Jacq. - liecivebyliny.eu","robots":{"index":"index","follow":"follow","max-snippet":"max-snippet:-1","max-image-preview":"max-image-preview:large","max-video-preview":"max-video-preview:-1"},"canonical":"https:\/\/www.liecivebyliny.eu\/?page_id=168","og_locale":"sk_SK","og_type":"article","og_title":"Crataegus monogyna&nbsp;Jacq. - liecivebyliny.eu","og_description":"Slovensk\u00fd n\u00e1zov:&nbsp;hloh jednosemenn\u00fd Anglick\u00fd n\u00e1zov:&nbsp;Common hawthorn \u010cesk\u00fd n\u00e1zov:&nbsp;Hloh jednosemenn\u00fd \u013dudov\u00fd n\u00e1zvov:&nbsp;l\u00f4h \u010ce\u013ea\u010f:&nbsp;Rosaceae&nbsp;(ru\u017eovit\u00e9) Botanick\u00e1 charakteristika:&nbsp;T\u0155nist\u00fd ker alebo strom so sivou k\u00f4rou, dorastaj\u00faci do v\u00fd\u0161ky 5 \u2013 10&nbsp;m. Listy s\u00fa trojlalo\u010dnat\u00e9 a\u017e p\u00e4\u0165lalo\u010dnat\u00e9, vajcovit\u00e9, s&nbsp;kr\u00e1tkou stopkou. Na rube tmavo zelen\u00e9, na l\u00edci svetlozelen\u00e9. Biele kvety vytv\u00e1raj\u00fa vrchol\u00edkovit\u00e9 s\u00fakvetie. Plodom je k\u00f4stkovica.&nbsp; Mikroskopick\u00fd n\u00e1kres: Roz\u0161\u00edrenie:&nbsp;Rastie na pasienkoch, pri [&hellip;]","og_url":"https:\/\/www.liecivebyliny.eu\/?page_id=168","og_site_name":"liecivebyliny.eu","article_modified_time":"2024-01-01T18:43:12+00:00","og_image":[{"url":"https:\/\/www.liecivebyliny.eu\/wp-content\/uploads\/2023\/12\/image-12.png"}],"twitter_card":"summary_large_image","twitter_misc":{"Predpokladan\u00fd \u010das \u010d\u00edtania":"3 min\u00faty"},"schema":{"@context":"https:\/\/schema.org","@graph":[{"@type":"WebPage","@id":"https:\/\/www.liecivebyliny.eu\/?page_id=168","url":"https:\/\/www.liecivebyliny.eu\/?page_id=168","name":"Crataegus monogyna&nbsp;Jacq. - liecivebyliny.eu","isPartOf":{"@id":"https:\/\/www.liecivebyliny.eu\/#website"},"datePublished":"2023-12-21T20:20:32+00:00","dateModified":"2024-01-01T18:43:12+00:00","breadcrumb":{"@id":"https:\/\/www.liecivebyliny.eu\/?page_id=168#breadcrumb"},"inLanguage":"sk-SK","potentialAction":[{"@type":"ReadAction","target":["https:\/\/www.liecivebyliny.eu\/?page_id=168"]}]},{"@type":"BreadcrumbList","@id":"https:\/\/www.liecivebyliny.eu\/?page_id=168#breadcrumb","itemListElement":[{"@type":"ListItem","position":1,"name":"Home","item":"https:\/\/www.liecivebyliny.eu\/"},{"@type":"ListItem","position":2,"name":"Crataegus monogyna&nbsp;Jacq."}]},{"@type":"WebSite","@id":"https:\/\/www.liecivebyliny.eu\/#website","url":"https:\/\/www.liecivebyliny.eu\/","name":"liecivebyliny.eu","description":"","potentialAction":[{"@type":"SearchAction","target":{"@type":"EntryPoint","urlTemplate":"https:\/\/www.liecivebyliny.eu\/?s={search_term_string}"},"query-input":"required name=search_term_string"}],"inLanguage":"sk-SK"}]}},"_links":{"self":[{"href":"https:\/\/www.liecivebyliny.eu\/index.php?rest_route=\/wp\/v2\/pages\/168"}],"collection":[{"href":"https:\/\/www.liecivebyliny.eu\/index.php?rest_route=\/wp\/v2\/pages"}],"about":[{"href":"https:\/\/www.liecivebyliny.eu\/index.php?rest_route=\/wp\/v2\/types\/page"}],"author":[{"embeddable":true,"href":"https:\/\/www.liecivebyliny.eu\/index.php?rest_route=\/wp\/v2\/users\/1"}],"replies":[{"embeddable":true,"href":"https:\/\/www.liecivebyliny.eu\/index.php?rest_route=%2Fwp%2Fv2%2Fcomments&post=168"}],"version-history":[{"count":4,"href":"https:\/\/www.liecivebyliny.eu\/index.php?rest_route=\/wp\/v2\/pages\/168\/revisions"}],"predecessor-version":[{"id":881,"href":"https:\/\/www.liecivebyliny.eu\/index.php?rest_route=\/wp\/v2\/pages\/168\/revisions\/881"}],"wp:attachment":[{"href":"https:\/\/www.liecivebyliny.eu\/index.php?rest_route=%2Fwp%2Fv2%2Fmedia&parent=168"}],"curies":[{"name":"wp","href":"https:\/\/api.w.org\/{rel}","templated":true}]}}