{"id":177,"date":"2023-12-21T21:34:09","date_gmt":"2023-12-21T20:34:09","guid":{"rendered":"https:\/\/www.liecivebyliny.eu\/?page_id=177"},"modified":"2023-12-21T21:34:27","modified_gmt":"2023-12-21T20:34:27","slug":"cucurbita-pepo-l","status":"publish","type":"page","link":"https:\/\/www.liecivebyliny.eu\/?page_id=177","title":{"rendered":"<em>Cucurbita pepo<\/em>&nbsp;L."},"content":{"rendered":"<div class=\"wp-block-image\">\n<figure class=\"aligncenter size-full\"><img decoding=\"async\" loading=\"lazy\" width=\"254\" height=\"340\" src=\"https:\/\/www.liecivebyliny.eu\/wp-content\/uploads\/2023\/12\/image-11.jpeg\" alt=\"\" class=\"wp-image-178\" srcset=\"https:\/\/www.liecivebyliny.eu\/wp-content\/uploads\/2023\/12\/image-11.jpeg 254w, https:\/\/www.liecivebyliny.eu\/wp-content\/uploads\/2023\/12\/image-11-224x300.jpeg 224w\" sizes=\"(max-width: 254px) 100vw, 254px\" \/><figcaption class=\"wp-element-caption\">Tekvica oby\u010dajn\u00e1<\/figcaption><\/figure><\/div>\n\n\n<p><strong>Slovensk\u00fd n\u00e1zov:\u00a0<\/strong>tekvica oby\u010dajn\u00e1<\/p>\n\n\n\n<p><strong>Anglick\u00fd n\u00e1zov:<\/strong>&nbsp;Pumpkin<\/p>\n\n\n\n<p><strong>\u010cesk\u00fd n\u00e1zov:&nbsp;<\/strong>tykev obecn\u00e1 \u2013 turek<\/p>\n\n\n\n<p><strong>\u013dudov\u00e9 n\u00e1zvy:&nbsp;<\/strong>dy\u0148a<\/p>\n\n\n\n<p><strong>\u010ce\u013ea\u010f:<\/strong>&nbsp;<em>Cucurbitacea&nbsp;<\/em>(tekvicovit\u00e9)<\/p>\n\n\n\n<p><strong>Botanick\u00e1 charakteristika:<\/strong>&nbsp;Jednoro\u010dn\u00e1 pop\u00ednav\u00e1 alebo poliehav\u00e1 rastlina, s&nbsp;v\u00fdrazn\u00fdm ochlpen\u00edm,&nbsp;rozkon\u00e1ren\u00fdmi \u00faponkami. Listy s\u00fa stopkat\u00e9, \u0161iroko vajcovit\u00e9, p\u00e4\u0165lalo\u010dnat\u00e9. Sam\u010die kvety s\u00fa v pazu\u0161n\u00fdch vrchol\u00edkov\u00fdch zv\u00e4zo\u010dkoch, sami\u010die sa vyskytuj\u00fa jednotlivo, stopky s\u00fa 5\u2011hrann\u00e9. Koruna je \u0161irok\u00e1 7 \u2013 10 cm, s\u00fdto\u017eltej farby. Kvitne od j\u00fana do septembra. Plodom je ve\u013ek\u00e1 gu\u013eat\u00e1 a\u017e valcovit\u00e1 bobu\u013ea, \u017eltej alebo zelenej farby s&nbsp;ploch\u00fdmi bielymi semenami.<\/p>\n\n\n\n<p><strong>Mikroskopick\u00fd n\u00e1kres:<\/strong><\/p>\n\n\n<div class=\"wp-block-image\">\n<figure class=\"aligncenter size-full\"><img decoding=\"async\" loading=\"lazy\" width=\"322\" height=\"80\" src=\"https:\/\/www.liecivebyliny.eu\/wp-content\/uploads\/2023\/12\/image-14.png\" alt=\"\" class=\"wp-image-179\" srcset=\"https:\/\/www.liecivebyliny.eu\/wp-content\/uploads\/2023\/12\/image-14.png 322w, https:\/\/www.liecivebyliny.eu\/wp-content\/uploads\/2023\/12\/image-14-300x75.png 300w\" sizes=\"(max-width: 322px) 100vw, 322px\" \/><figcaption class=\"wp-element-caption\"><em>Prie\u010dny rez semenom tekvice zobrazuje osemenie (a), ktor\u00e9 kryje samotn\u00e9 embryo (b).<\/em><\/figcaption><\/figure><\/div>\n\n\n<p><\/p>\n\n\n\n<p><strong>Roz\u0161\u00edrenie:<\/strong>&nbsp;P\u00f4vodom poch\u00e1dza zo Severnej Ameriky. Vyskytuje sa na celom svete v&nbsp;mnoh\u00fdch odrod\u00e1ch.&nbsp;<\/p>\n\n\n\n<p><strong>Droga:&nbsp;<\/strong><em>Cucurbitae semen<\/em><\/p>\n\n\n\n<p><strong>Sp\u00f4sob zberu:&nbsp;<\/strong>Semen\u00e1 tekvice oby\u010dajnej sa zberaj\u00fa v&nbsp;obdob\u00ed zrelosti od j\u00fala do septembra.<\/p>\n\n\n\n<p><strong>Su\u0161enie:<\/strong>&nbsp;Semen\u00e1 sa su\u0161ia na vzduchu prirodzen\u00fdm sp\u00f4sobom, v&nbsp;tenk\u00fdch vrstv\u00e1ch a&nbsp;dosu\u0161uj\u00fa sa v&nbsp;elektrick\u00fdch r\u00farach.&nbsp;<\/p>\n\n\n\n<p><strong>Obsahov\u00e9 l\u00e1tky:<\/strong>&nbsp;Semen\u00e1 tekvice oby\u010dajnej obsahuj\u00fa mastn\u00fd olej, vysok\u00fd podiel fytosterolov, predov\u0161etk\u00fdm delta-7-sterol. Pr\u00edtomn\u00fd je vitam\u00edn E, esenci\u00e1lne aminokyseliny, aminokyselina kukurbit\u00edn, stopov\u00e9 prvky ako sel\u00e9n, mang\u00e1n, me\u010f \u010di zinok.<\/p>\n\n\n\n<p><strong>Pou\u017eitie:<\/strong>&nbsp;Tekvicov\u00e9 semen\u00e1 a&nbsp;z&nbsp;nich vylisovan\u00fd olej sa pou\u017e\u00edvaj\u00fa pri terapii ben\u00edgnej hyperpl\u00e1zii prostaty (nezhub\u00e9 zv\u00e4\u010d\u0161enie prostaty).&nbsp;<\/p>\n\n\n\n<p><strong>Tradi\u010dn\u00fd sp\u00f4sob pou\u017eitia v&nbsp;indik\u00e1ci\u00e1ch ur\u010den\u00fdch v\u00fdhradne na z\u00e1klade dlhodob\u00e9ho pou\u017e\u00edvania:<\/strong><\/p>\n\n\n\n<ul>\n<li>symptomatick\u00e1 lie\u010dba mo\u010dov\u00fdch ciest pri ben\u00edgnej hyperpl\u00e1zii prostaty alebo pri&nbsp;nadmernej aktivite mo\u010dov\u00e9ho mech\u00fara.<\/li>\n<\/ul>\n\n\n\n<p><strong>Vybran\u00e9 rastlinn\u00e9 pr\u00edpravky:<\/strong>&nbsp;FeminHelp URO tbl 56 ks, IVE INKONTIN STOP cps 30 ks, KZ 4 MEN UP cps (potencia, prostata, energia) 60 ks, LIFTEA Tekvica a kapuc\u00ednka cps 30 ks,&nbsp;Uropill tbl 30 ks, Phyteneo Methionin komplex cps 60 ks, Phyteneo Vermophyt sirup 60 ml, VATRA pre mu\u017eov g\u00e9l na peror\u00e1lne pou\u017eitie 6&#215;7 g, VIRDE TEKVICA 100% OLEJ 250 ml.<\/p>\n","protected":false},"excerpt":{"rendered":"<p>Slovensk\u00fd n\u00e1zov:\u00a0tekvica oby\u010dajn\u00e1 Anglick\u00fd n\u00e1zov:&nbsp;Pumpkin \u010cesk\u00fd n\u00e1zov:&nbsp;tykev obecn\u00e1 \u2013 turek \u013dudov\u00e9 n\u00e1zvy:&nbsp;dy\u0148a \u010ce\u013ea\u010f:&nbsp;Cucurbitacea&nbsp;(tekvicovit\u00e9) Botanick\u00e1 charakteristika:&nbsp;Jednoro\u010dn\u00e1 pop\u00ednav\u00e1 alebo poliehav\u00e1 rastlina, s&nbsp;v\u00fdrazn\u00fdm ochlpen\u00edm,&nbsp;rozkon\u00e1ren\u00fdmi \u00faponkami. Listy s\u00fa stopkat\u00e9, \u0161iroko vajcovit\u00e9, p\u00e4\u0165lalo\u010dnat\u00e9. Sam\u010die kvety s\u00fa v pazu\u0161n\u00fdch vrchol\u00edkov\u00fdch zv\u00e4zo\u010dkoch, sami\u010die sa vyskytuj\u00fa jednotlivo, stopky s\u00fa 5\u2011hrann\u00e9. Koruna je \u0161irok\u00e1 7 \u2013 10 cm, s\u00fdto\u017eltej farby. Kvitne od j\u00fana do [&hellip;]<\/p>\n","protected":false},"author":1,"featured_media":0,"parent":0,"menu_order":0,"comment_status":"closed","ping_status":"closed","template":"","meta":{"_mi_skip_tracking":false},"yoast_head":"<!-- This site is optimized with the Yoast SEO plugin v20.4 - https:\/\/yoast.com\/wordpress\/plugins\/seo\/ -->\n<title>Cucurbita pepo&nbsp;L. - liecivebyliny.eu<\/title>\n<meta name=\"robots\" content=\"index, follow, max-snippet:-1, max-image-preview:large, max-video-preview:-1\" \/>\n<link rel=\"canonical\" href=\"https:\/\/www.liecivebyliny.eu\/?page_id=177\" \/>\n<meta property=\"og:locale\" content=\"sk_SK\" \/>\n<meta property=\"og:type\" content=\"article\" \/>\n<meta property=\"og:title\" content=\"Cucurbita pepo&nbsp;L. - liecivebyliny.eu\" \/>\n<meta property=\"og:description\" content=\"Slovensk\u00fd n\u00e1zov:\u00a0tekvica oby\u010dajn\u00e1 Anglick\u00fd n\u00e1zov:&nbsp;Pumpkin \u010cesk\u00fd n\u00e1zov:&nbsp;tykev obecn\u00e1 \u2013 turek \u013dudov\u00e9 n\u00e1zvy:&nbsp;dy\u0148a \u010ce\u013ea\u010f:&nbsp;Cucurbitacea&nbsp;(tekvicovit\u00e9) Botanick\u00e1 charakteristika:&nbsp;Jednoro\u010dn\u00e1 pop\u00ednav\u00e1 alebo poliehav\u00e1 rastlina, s&nbsp;v\u00fdrazn\u00fdm ochlpen\u00edm,&nbsp;rozkon\u00e1ren\u00fdmi \u00faponkami. Listy s\u00fa stopkat\u00e9, \u0161iroko vajcovit\u00e9, p\u00e4\u0165lalo\u010dnat\u00e9. Sam\u010die kvety s\u00fa v pazu\u0161n\u00fdch vrchol\u00edkov\u00fdch zv\u00e4zo\u010dkoch, sami\u010die sa vyskytuj\u00fa jednotlivo, stopky s\u00fa 5\u2011hrann\u00e9. Koruna je \u0161irok\u00e1 7 \u2013 10 cm, s\u00fdto\u017eltej farby. Kvitne od j\u00fana do [&hellip;]\" \/>\n<meta property=\"og:url\" content=\"https:\/\/www.liecivebyliny.eu\/?page_id=177\" \/>\n<meta property=\"og:site_name\" content=\"liecivebyliny.eu\" \/>\n<meta property=\"article:modified_time\" content=\"2023-12-21T20:34:27+00:00\" \/>\n<meta property=\"og:image\" content=\"https:\/\/www.liecivebyliny.eu\/wp-content\/uploads\/2023\/12\/image-11.jpeg\" \/>\n<meta name=\"twitter:card\" content=\"summary_large_image\" \/>\n<meta name=\"twitter:label1\" content=\"Predpokladan\u00fd \u010das \u010d\u00edtania\" \/>\n\t<meta name=\"twitter:data1\" content=\"2 min\u00faty\" \/>\n<script type=\"application\/ld+json\" class=\"yoast-schema-graph\">{\"@context\":\"https:\/\/schema.org\",\"@graph\":[{\"@type\":\"WebPage\",\"@id\":\"https:\/\/www.liecivebyliny.eu\/?page_id=177\",\"url\":\"https:\/\/www.liecivebyliny.eu\/?page_id=177\",\"name\":\"Cucurbita pepo&nbsp;L. - liecivebyliny.eu\",\"isPartOf\":{\"@id\":\"https:\/\/www.liecivebyliny.eu\/#website\"},\"datePublished\":\"2023-12-21T20:34:09+00:00\",\"dateModified\":\"2023-12-21T20:34:27+00:00\",\"breadcrumb\":{\"@id\":\"https:\/\/www.liecivebyliny.eu\/?page_id=177#breadcrumb\"},\"inLanguage\":\"sk-SK\",\"potentialAction\":[{\"@type\":\"ReadAction\",\"target\":[\"https:\/\/www.liecivebyliny.eu\/?page_id=177\"]}]},{\"@type\":\"BreadcrumbList\",\"@id\":\"https:\/\/www.liecivebyliny.eu\/?page_id=177#breadcrumb\",\"itemListElement\":[{\"@type\":\"ListItem\",\"position\":1,\"name\":\"Home\",\"item\":\"https:\/\/www.liecivebyliny.eu\/\"},{\"@type\":\"ListItem\",\"position\":2,\"name\":\"Cucurbita pepo&nbsp;L.\"}]},{\"@type\":\"WebSite\",\"@id\":\"https:\/\/www.liecivebyliny.eu\/#website\",\"url\":\"https:\/\/www.liecivebyliny.eu\/\",\"name\":\"liecivebyliny.eu\",\"description\":\"\",\"potentialAction\":[{\"@type\":\"SearchAction\",\"target\":{\"@type\":\"EntryPoint\",\"urlTemplate\":\"https:\/\/www.liecivebyliny.eu\/?s={search_term_string}\"},\"query-input\":\"required name=search_term_string\"}],\"inLanguage\":\"sk-SK\"}]}<\/script>\n<!-- \/ Yoast SEO plugin. -->","yoast_head_json":{"title":"Cucurbita pepo&nbsp;L. - liecivebyliny.eu","robots":{"index":"index","follow":"follow","max-snippet":"max-snippet:-1","max-image-preview":"max-image-preview:large","max-video-preview":"max-video-preview:-1"},"canonical":"https:\/\/www.liecivebyliny.eu\/?page_id=177","og_locale":"sk_SK","og_type":"article","og_title":"Cucurbita pepo&nbsp;L. - liecivebyliny.eu","og_description":"Slovensk\u00fd n\u00e1zov:\u00a0tekvica oby\u010dajn\u00e1 Anglick\u00fd n\u00e1zov:&nbsp;Pumpkin \u010cesk\u00fd n\u00e1zov:&nbsp;tykev obecn\u00e1 \u2013 turek \u013dudov\u00e9 n\u00e1zvy:&nbsp;dy\u0148a \u010ce\u013ea\u010f:&nbsp;Cucurbitacea&nbsp;(tekvicovit\u00e9) Botanick\u00e1 charakteristika:&nbsp;Jednoro\u010dn\u00e1 pop\u00ednav\u00e1 alebo poliehav\u00e1 rastlina, s&nbsp;v\u00fdrazn\u00fdm ochlpen\u00edm,&nbsp;rozkon\u00e1ren\u00fdmi \u00faponkami. Listy s\u00fa stopkat\u00e9, \u0161iroko vajcovit\u00e9, p\u00e4\u0165lalo\u010dnat\u00e9. Sam\u010die kvety s\u00fa v pazu\u0161n\u00fdch vrchol\u00edkov\u00fdch zv\u00e4zo\u010dkoch, sami\u010die sa vyskytuj\u00fa jednotlivo, stopky s\u00fa 5\u2011hrann\u00e9. Koruna je \u0161irok\u00e1 7 \u2013 10 cm, s\u00fdto\u017eltej farby. Kvitne od j\u00fana do [&hellip;]","og_url":"https:\/\/www.liecivebyliny.eu\/?page_id=177","og_site_name":"liecivebyliny.eu","article_modified_time":"2023-12-21T20:34:27+00:00","og_image":[{"url":"https:\/\/www.liecivebyliny.eu\/wp-content\/uploads\/2023\/12\/image-11.jpeg"}],"twitter_card":"summary_large_image","twitter_misc":{"Predpokladan\u00fd \u010das \u010d\u00edtania":"2 min\u00faty"},"schema":{"@context":"https:\/\/schema.org","@graph":[{"@type":"WebPage","@id":"https:\/\/www.liecivebyliny.eu\/?page_id=177","url":"https:\/\/www.liecivebyliny.eu\/?page_id=177","name":"Cucurbita pepo&nbsp;L. - liecivebyliny.eu","isPartOf":{"@id":"https:\/\/www.liecivebyliny.eu\/#website"},"datePublished":"2023-12-21T20:34:09+00:00","dateModified":"2023-12-21T20:34:27+00:00","breadcrumb":{"@id":"https:\/\/www.liecivebyliny.eu\/?page_id=177#breadcrumb"},"inLanguage":"sk-SK","potentialAction":[{"@type":"ReadAction","target":["https:\/\/www.liecivebyliny.eu\/?page_id=177"]}]},{"@type":"BreadcrumbList","@id":"https:\/\/www.liecivebyliny.eu\/?page_id=177#breadcrumb","itemListElement":[{"@type":"ListItem","position":1,"name":"Home","item":"https:\/\/www.liecivebyliny.eu\/"},{"@type":"ListItem","position":2,"name":"Cucurbita pepo&nbsp;L."}]},{"@type":"WebSite","@id":"https:\/\/www.liecivebyliny.eu\/#website","url":"https:\/\/www.liecivebyliny.eu\/","name":"liecivebyliny.eu","description":"","potentialAction":[{"@type":"SearchAction","target":{"@type":"EntryPoint","urlTemplate":"https:\/\/www.liecivebyliny.eu\/?s={search_term_string}"},"query-input":"required name=search_term_string"}],"inLanguage":"sk-SK"}]}},"_links":{"self":[{"href":"https:\/\/www.liecivebyliny.eu\/index.php?rest_route=\/wp\/v2\/pages\/177"}],"collection":[{"href":"https:\/\/www.liecivebyliny.eu\/index.php?rest_route=\/wp\/v2\/pages"}],"about":[{"href":"https:\/\/www.liecivebyliny.eu\/index.php?rest_route=\/wp\/v2\/types\/page"}],"author":[{"embeddable":true,"href":"https:\/\/www.liecivebyliny.eu\/index.php?rest_route=\/wp\/v2\/users\/1"}],"replies":[{"embeddable":true,"href":"https:\/\/www.liecivebyliny.eu\/index.php?rest_route=%2Fwp%2Fv2%2Fcomments&post=177"}],"version-history":[{"count":2,"href":"https:\/\/www.liecivebyliny.eu\/index.php?rest_route=\/wp\/v2\/pages\/177\/revisions"}],"predecessor-version":[{"id":181,"href":"https:\/\/www.liecivebyliny.eu\/index.php?rest_route=\/wp\/v2\/pages\/177\/revisions\/181"}],"wp:attachment":[{"href":"https:\/\/www.liecivebyliny.eu\/index.php?rest_route=%2Fwp%2Fv2%2Fmedia&parent=177"}],"curies":[{"name":"wp","href":"https:\/\/api.w.org\/{rel}","templated":true}]}}