{"id":185,"date":"2023-12-21T21:37:18","date_gmt":"2023-12-21T20:37:18","guid":{"rendered":"https:\/\/www.liecivebyliny.eu\/?page_id=185"},"modified":"2024-01-01T19:38:07","modified_gmt":"2024-01-01T18:38:07","slug":"echiaceae-purpurea-moench","status":"publish","type":"page","link":"https:\/\/www.liecivebyliny.eu\/?page_id=185","title":{"rendered":"<em>Echiaceae purpurea<\/em>&nbsp;Moench."},"content":{"rendered":"<div class=\"wp-block-image\">\n<figure class=\"aligncenter size-full\"><img decoding=\"async\" loading=\"lazy\" width=\"254\" height=\"350\" src=\"https:\/\/www.liecivebyliny.eu\/wp-content\/uploads\/2023\/12\/image-12.jpeg\" alt=\"\" class=\"wp-image-186\" srcset=\"https:\/\/www.liecivebyliny.eu\/wp-content\/uploads\/2023\/12\/image-12.jpeg 254w, https:\/\/www.liecivebyliny.eu\/wp-content\/uploads\/2023\/12\/image-12-218x300.jpeg 218w\" sizes=\"(max-width: 254px) 100vw, 254px\" \/><figcaption class=\"wp-element-caption\">Echinacea purpurov\u00e1<\/figcaption><\/figure><\/div>\n\n\n<p><strong>Slovensk\u00fd n\u00e1zov:&nbsp;<\/strong>echinacea purpurov\u00e1<\/p>\n\n\n\n<p><strong>Anglick\u00fd n\u00e1zov:<\/strong>&nbsp;Narrow-leaved purple coneflower<strong><\/strong><\/p>\n\n\n\n<p><strong>\u010cesk\u00fd n\u00e1zov:<\/strong>&nbsp;t\u0159apatkovka nachov\u00e1<\/p>\n\n\n\n<p><strong>\u013dudov\u00e9 n\u00e1zvy:<\/strong>&nbsp;divok\u00fd kvet pr\u00e9rie, rudbekia<\/p>\n\n\n\n<p><strong>\u010ce\u013ea\u010f:<\/strong>&nbsp;<em>Asteraceae&nbsp;<\/em>(astrovit\u00e9)<\/p>\n\n\n\n<p><strong>Botanick\u00e1 charakteristika:<\/strong>&nbsp;Trv\u00e1ca mohutn\u00e1 bylina, vysok\u00e1 50 \u2013 150 cm, s&nbsp;priamou, chlpatou, hnedozelenou stonkou. Listy s\u00fa vajcovit\u00e9 a\u017e kopijovit\u00e9, na b\u00e1ze zaoblen\u00e9, p\u00edlkovit\u00e9. Kvetn\u00e9 \u00fabory s&nbsp;ru\u017eovo\u010derven\u00fdmi jazykovit\u00fdmi kvetmi, dlh\u00fdmi 2 \u2013 4 cm maj\u00fa vyklenut\u00e9 pich\u013eav\u00e9 l\u00f4\u017eko. Plodom je na\u017eka.<\/p>\n\n\n\n<p><strong>Mikroskopick\u00fd n\u00e1kres:<\/strong><\/p>\n\n\n<div class=\"wp-block-image\">\n<figure class=\"aligncenter size-full\"><img decoding=\"async\" loading=\"lazy\" width=\"268\" height=\"326\" src=\"https:\/\/www.liecivebyliny.eu\/wp-content\/uploads\/2023\/12\/image-15.png\" alt=\"\" class=\"wp-image-187\" srcset=\"https:\/\/www.liecivebyliny.eu\/wp-content\/uploads\/2023\/12\/image-15.png 268w, https:\/\/www.liecivebyliny.eu\/wp-content\/uploads\/2023\/12\/image-15-247x300.png 247w\" sizes=\"(max-width: 268px) 100vw, 268px\" \/><figcaption class=\"wp-element-caption\"><em>V&nbsp;prim\u00e1rnej k\u00f4re podzemku s\u00fa bohato roztr\u00fasen\u00e9 sklereidy (a). N\u00e1kres zobrazuje pozd\u013a\u017eny rez sklereidu echinacey purpurovej.<\/em><\/figcaption><\/figure><\/div>\n\n<div class=\"wp-block-image\">\n<figure class=\"aligncenter size-full is-resized\"><img decoding=\"async\" loading=\"lazy\" src=\"https:\/\/www.liecivebyliny.eu\/wp-content\/uploads\/2024\/01\/Echinaceae-flos-100x.jpg\" alt=\"\" class=\"wp-image-873\" width=\"416\" height=\"312\" srcset=\"https:\/\/www.liecivebyliny.eu\/wp-content\/uploads\/2024\/01\/Echinaceae-flos-100x.jpg 640w, https:\/\/www.liecivebyliny.eu\/wp-content\/uploads\/2024\/01\/Echinaceae-flos-100x-300x225.jpg 300w\" sizes=\"(max-width: 416px) 100vw, 416px\" \/><figcaption class=\"wp-element-caption\">Poko\u017eka korunn\u00e9ho lupienka echinacey purpurovej (zv\u00e4\u010d\u0161en\u00e9 100x)<\/figcaption><\/figure><\/div>\n\n\n<p><\/p>\n\n\n\n<p><strong>Roz\u0161\u00edrenie:&nbsp;<\/strong>Vyskytuje sa vo svojej p\u00f4vodnej domovine (Severn\u00e1 Amerika) v&nbsp;p\u00e1sme n\u00ed\u017ein, pahorkat\u00edn, v&nbsp;okol\u00ed vodn\u00fdch tokov. V&nbsp;Eur\u00f3pe sa pestuje ako okrasn\u00e1 rastlina v&nbsp;z\u00e1hrad\u00e1ch a&nbsp;parkoch.<\/p>\n\n\n\n<p><strong>Droga:<\/strong>&nbsp;<strong><em>Echinaceae purpureae herba<\/em><\/strong><strong><em><\/em><\/strong><\/p>\n\n\n\n<p><strong>Sp\u00f4sob zberu:<\/strong>&nbsp;V\u0148a\u0165 echinacey purpurovej sa zbiera v&nbsp;obdob\u00ed pln\u00e9ho kvitnutia ru\u010dne alebo pomocou z\u00e1hradn\u00edckych no\u017en\u00edc.<\/p>\n\n\n\n<p><strong>Su\u0161enie:<\/strong>&nbsp;V\u0148a\u0165 su\u0161\u00edme v&nbsp;tenkej vrstve v&nbsp;tieni, vo vetrate\u013enej miestnosti. Umel\u00fdm sp\u00f4sobom v&nbsp;su\u0161iarni pri teplote do 40 \u00b0C.&nbsp;<\/p>\n\n\n\n<p><strong>Obsahov\u00e9 l\u00e1tky:<\/strong>&nbsp;Echinacea purpurov\u00e1 je bohat\u00e1 na heteropolysacharidy, predov\u0161etk\u00fdm arabinogalakt\u00e1ny. N\u00e1jdeme v&nbsp;nej aj deriv\u00e1ty kyseliny k\u00e1vovej ako echinakozid a&nbsp;kyselinu \u010dakankov\u00fa. Rastlina obsahuje izobutylamidy nenas\u00fdten\u00fdch mastn\u00fdch kysel\u00edn, ku ktor\u00fdm patr\u00ed echinace\u00edn. K&nbsp;metabolitom je mo\u017en\u00e9 zahrn\u00fa\u0165 aj silice, polyfenoly a&nbsp;flavonoidy.<\/p>\n\n\n\n<p><strong>Pou\u017eitie:<\/strong>&nbsp;\u0160\u0165ava, ale aj extrakty z&nbsp;echinacey purpurovej podporuj\u00fa obranyschopnos\u0165 organizmu a&nbsp;p\u00f4sobia prevent\u00edvne pri infekci\u00e1ch d\u00fdchac\u00edch ciest a&nbsp;mo\u010dovodov. \u010casto sa pou\u017e\u00edva na terapiu chor\u00f4b z&nbsp;prechladnutia. Drogu je mo\u017en\u00e9 pou\u017ei\u0165 aj na o\u0161etrenie \u0165a\u017eko sa hojacich povrchov\u00fdch r\u00e1n.<\/p>\n\n\n\n<p><strong>Tradi\u010dn\u00fd sp\u00f4sob pou\u017eitia v&nbsp;indik\u00e1ci\u00e1ch ur\u010den\u00fdch v\u00fdhradne na z\u00e1klade dlhodob\u00e9ho pou\u017e\u00edvania:<\/strong><\/p>\n\n\n\n<ul>\n<li>\u00fa\u013eava od pr\u00edznakov prechladnutia,<\/li>\n\n\n\n<li>o\u0161etrenie drobn\u00fdch povrchov\u00fdch r\u00e1n a&nbsp;mierneho akn\u00e9.<\/li>\n<\/ul>\n\n\n\n<p><strong>Vybran\u00e9 rastlinn\u00e9 pr\u00edpravky:&nbsp;<\/strong>AGROKARPATY ECHINACEA PURPUROV\u00c1 kvet bylinn\u00fd \u010daj 1&#215;30 g, APOTHEKE IMUNOTEA bylinn\u00fd \u010daj v n\u00e1levov\u00fdch vreck\u00e1ch 20&#215;1,5 g, Biogena Tea2O Jahoda &amp; Echinacea ovocn\u00fd \u010daj 20&#215;2,3 g, Pregrippal sol por 50 ml, Dr.Max Echinacea bylinn\u00e9 kvapky 100 ml, AMPCARE JUNIOR CLASSIC sirup 150 ml, aromatica ECHINKA Skorocelov\u00fd SIRUP pre deti s echinaceou 210 ml, M\u00dcLLEROV SIRUP S ECHINACEOU A VIT. C 320 g, ADVANCE Imunax cps 60 ks, GS Echinacea FORTE 600 tbl 30 ks, VITAR VITAM\u00cdN C + ZINOK, ECHINACEA A \u0160\u00cdPKA tbl oro 45 ks, CEM-M GUMMIES IMUNITA \u017eelat\u00ednov\u00e9 multivitam\u00edny s&nbsp;Echinaceou 120 ks, fytofontana VIROSTOP pastilky na cm\u00fa\u013eanie, pr\u00edchu\u0165 citrusov\u00e1 20 ks.<\/p>\n","protected":false},"excerpt":{"rendered":"<p>Slovensk\u00fd n\u00e1zov:&nbsp;echinacea purpurov\u00e1 Anglick\u00fd n\u00e1zov:&nbsp;Narrow-leaved purple coneflower \u010cesk\u00fd n\u00e1zov:&nbsp;t\u0159apatkovka nachov\u00e1 \u013dudov\u00e9 n\u00e1zvy:&nbsp;divok\u00fd kvet pr\u00e9rie, rudbekia \u010ce\u013ea\u010f:&nbsp;Asteraceae&nbsp;(astrovit\u00e9) Botanick\u00e1 charakteristika:&nbsp;Trv\u00e1ca mohutn\u00e1 bylina, vysok\u00e1 50 \u2013 150 cm, s&nbsp;priamou, chlpatou, hnedozelenou stonkou. Listy s\u00fa vajcovit\u00e9 a\u017e kopijovit\u00e9, na b\u00e1ze zaoblen\u00e9, p\u00edlkovit\u00e9. Kvetn\u00e9 \u00fabory s&nbsp;ru\u017eovo\u010derven\u00fdmi jazykovit\u00fdmi kvetmi, dlh\u00fdmi 2 \u2013 4 cm maj\u00fa vyklenut\u00e9 pich\u013eav\u00e9 l\u00f4\u017eko. Plodom je na\u017eka. [&hellip;]<\/p>\n","protected":false},"author":1,"featured_media":0,"parent":0,"menu_order":0,"comment_status":"closed","ping_status":"closed","template":"","meta":{"_mi_skip_tracking":false},"yoast_head":"<!-- This site is optimized with the Yoast SEO plugin v20.4 - https:\/\/yoast.com\/wordpress\/plugins\/seo\/ -->\n<title>Echiaceae purpurea&nbsp;Moench. - liecivebyliny.eu<\/title>\n<meta name=\"robots\" content=\"index, follow, max-snippet:-1, max-image-preview:large, max-video-preview:-1\" \/>\n<link rel=\"canonical\" href=\"https:\/\/www.liecivebyliny.eu\/?page_id=185\" \/>\n<meta property=\"og:locale\" content=\"sk_SK\" \/>\n<meta property=\"og:type\" content=\"article\" \/>\n<meta property=\"og:title\" content=\"Echiaceae purpurea&nbsp;Moench. - liecivebyliny.eu\" \/>\n<meta property=\"og:description\" content=\"Slovensk\u00fd n\u00e1zov:&nbsp;echinacea purpurov\u00e1 Anglick\u00fd n\u00e1zov:&nbsp;Narrow-leaved purple coneflower \u010cesk\u00fd n\u00e1zov:&nbsp;t\u0159apatkovka nachov\u00e1 \u013dudov\u00e9 n\u00e1zvy:&nbsp;divok\u00fd kvet pr\u00e9rie, rudbekia \u010ce\u013ea\u010f:&nbsp;Asteraceae&nbsp;(astrovit\u00e9) Botanick\u00e1 charakteristika:&nbsp;Trv\u00e1ca mohutn\u00e1 bylina, vysok\u00e1 50 \u2013 150 cm, s&nbsp;priamou, chlpatou, hnedozelenou stonkou. Listy s\u00fa vajcovit\u00e9 a\u017e kopijovit\u00e9, na b\u00e1ze zaoblen\u00e9, p\u00edlkovit\u00e9. Kvetn\u00e9 \u00fabory s&nbsp;ru\u017eovo\u010derven\u00fdmi jazykovit\u00fdmi kvetmi, dlh\u00fdmi 2 \u2013 4 cm maj\u00fa vyklenut\u00e9 pich\u013eav\u00e9 l\u00f4\u017eko. Plodom je na\u017eka. [&hellip;]\" \/>\n<meta property=\"og:url\" content=\"https:\/\/www.liecivebyliny.eu\/?page_id=185\" \/>\n<meta property=\"og:site_name\" content=\"liecivebyliny.eu\" \/>\n<meta property=\"article:modified_time\" content=\"2024-01-01T18:38:07+00:00\" \/>\n<meta property=\"og:image\" content=\"https:\/\/www.liecivebyliny.eu\/wp-content\/uploads\/2023\/12\/image-12.jpeg\" \/>\n<meta name=\"twitter:card\" content=\"summary_large_image\" \/>\n<meta name=\"twitter:label1\" content=\"Predpokladan\u00fd \u010das \u010d\u00edtania\" \/>\n\t<meta name=\"twitter:data1\" content=\"3 min\u00faty\" \/>\n<script type=\"application\/ld+json\" class=\"yoast-schema-graph\">{\"@context\":\"https:\/\/schema.org\",\"@graph\":[{\"@type\":\"WebPage\",\"@id\":\"https:\/\/www.liecivebyliny.eu\/?page_id=185\",\"url\":\"https:\/\/www.liecivebyliny.eu\/?page_id=185\",\"name\":\"Echiaceae purpurea&nbsp;Moench. - liecivebyliny.eu\",\"isPartOf\":{\"@id\":\"https:\/\/www.liecivebyliny.eu\/#website\"},\"datePublished\":\"2023-12-21T20:37:18+00:00\",\"dateModified\":\"2024-01-01T18:38:07+00:00\",\"breadcrumb\":{\"@id\":\"https:\/\/www.liecivebyliny.eu\/?page_id=185#breadcrumb\"},\"inLanguage\":\"sk-SK\",\"potentialAction\":[{\"@type\":\"ReadAction\",\"target\":[\"https:\/\/www.liecivebyliny.eu\/?page_id=185\"]}]},{\"@type\":\"BreadcrumbList\",\"@id\":\"https:\/\/www.liecivebyliny.eu\/?page_id=185#breadcrumb\",\"itemListElement\":[{\"@type\":\"ListItem\",\"position\":1,\"name\":\"Home\",\"item\":\"https:\/\/www.liecivebyliny.eu\/\"},{\"@type\":\"ListItem\",\"position\":2,\"name\":\"Echiaceae purpurea&nbsp;Moench.\"}]},{\"@type\":\"WebSite\",\"@id\":\"https:\/\/www.liecivebyliny.eu\/#website\",\"url\":\"https:\/\/www.liecivebyliny.eu\/\",\"name\":\"liecivebyliny.eu\",\"description\":\"\",\"potentialAction\":[{\"@type\":\"SearchAction\",\"target\":{\"@type\":\"EntryPoint\",\"urlTemplate\":\"https:\/\/www.liecivebyliny.eu\/?s={search_term_string}\"},\"query-input\":\"required name=search_term_string\"}],\"inLanguage\":\"sk-SK\"}]}<\/script>\n<!-- \/ Yoast SEO plugin. -->","yoast_head_json":{"title":"Echiaceae purpurea&nbsp;Moench. - liecivebyliny.eu","robots":{"index":"index","follow":"follow","max-snippet":"max-snippet:-1","max-image-preview":"max-image-preview:large","max-video-preview":"max-video-preview:-1"},"canonical":"https:\/\/www.liecivebyliny.eu\/?page_id=185","og_locale":"sk_SK","og_type":"article","og_title":"Echiaceae purpurea&nbsp;Moench. - liecivebyliny.eu","og_description":"Slovensk\u00fd n\u00e1zov:&nbsp;echinacea purpurov\u00e1 Anglick\u00fd n\u00e1zov:&nbsp;Narrow-leaved purple coneflower \u010cesk\u00fd n\u00e1zov:&nbsp;t\u0159apatkovka nachov\u00e1 \u013dudov\u00e9 n\u00e1zvy:&nbsp;divok\u00fd kvet pr\u00e9rie, rudbekia \u010ce\u013ea\u010f:&nbsp;Asteraceae&nbsp;(astrovit\u00e9) Botanick\u00e1 charakteristika:&nbsp;Trv\u00e1ca mohutn\u00e1 bylina, vysok\u00e1 50 \u2013 150 cm, s&nbsp;priamou, chlpatou, hnedozelenou stonkou. Listy s\u00fa vajcovit\u00e9 a\u017e kopijovit\u00e9, na b\u00e1ze zaoblen\u00e9, p\u00edlkovit\u00e9. Kvetn\u00e9 \u00fabory s&nbsp;ru\u017eovo\u010derven\u00fdmi jazykovit\u00fdmi kvetmi, dlh\u00fdmi 2 \u2013 4 cm maj\u00fa vyklenut\u00e9 pich\u013eav\u00e9 l\u00f4\u017eko. Plodom je na\u017eka. [&hellip;]","og_url":"https:\/\/www.liecivebyliny.eu\/?page_id=185","og_site_name":"liecivebyliny.eu","article_modified_time":"2024-01-01T18:38:07+00:00","og_image":[{"url":"https:\/\/www.liecivebyliny.eu\/wp-content\/uploads\/2023\/12\/image-12.jpeg"}],"twitter_card":"summary_large_image","twitter_misc":{"Predpokladan\u00fd \u010das \u010d\u00edtania":"3 min\u00faty"},"schema":{"@context":"https:\/\/schema.org","@graph":[{"@type":"WebPage","@id":"https:\/\/www.liecivebyliny.eu\/?page_id=185","url":"https:\/\/www.liecivebyliny.eu\/?page_id=185","name":"Echiaceae purpurea&nbsp;Moench. - liecivebyliny.eu","isPartOf":{"@id":"https:\/\/www.liecivebyliny.eu\/#website"},"datePublished":"2023-12-21T20:37:18+00:00","dateModified":"2024-01-01T18:38:07+00:00","breadcrumb":{"@id":"https:\/\/www.liecivebyliny.eu\/?page_id=185#breadcrumb"},"inLanguage":"sk-SK","potentialAction":[{"@type":"ReadAction","target":["https:\/\/www.liecivebyliny.eu\/?page_id=185"]}]},{"@type":"BreadcrumbList","@id":"https:\/\/www.liecivebyliny.eu\/?page_id=185#breadcrumb","itemListElement":[{"@type":"ListItem","position":1,"name":"Home","item":"https:\/\/www.liecivebyliny.eu\/"},{"@type":"ListItem","position":2,"name":"Echiaceae purpurea&nbsp;Moench."}]},{"@type":"WebSite","@id":"https:\/\/www.liecivebyliny.eu\/#website","url":"https:\/\/www.liecivebyliny.eu\/","name":"liecivebyliny.eu","description":"","potentialAction":[{"@type":"SearchAction","target":{"@type":"EntryPoint","urlTemplate":"https:\/\/www.liecivebyliny.eu\/?s={search_term_string}"},"query-input":"required name=search_term_string"}],"inLanguage":"sk-SK"}]}},"_links":{"self":[{"href":"https:\/\/www.liecivebyliny.eu\/index.php?rest_route=\/wp\/v2\/pages\/185"}],"collection":[{"href":"https:\/\/www.liecivebyliny.eu\/index.php?rest_route=\/wp\/v2\/pages"}],"about":[{"href":"https:\/\/www.liecivebyliny.eu\/index.php?rest_route=\/wp\/v2\/types\/page"}],"author":[{"embeddable":true,"href":"https:\/\/www.liecivebyliny.eu\/index.php?rest_route=\/wp\/v2\/users\/1"}],"replies":[{"embeddable":true,"href":"https:\/\/www.liecivebyliny.eu\/index.php?rest_route=%2Fwp%2Fv2%2Fcomments&post=185"}],"version-history":[{"count":2,"href":"https:\/\/www.liecivebyliny.eu\/index.php?rest_route=\/wp\/v2\/pages\/185\/revisions"}],"predecessor-version":[{"id":874,"href":"https:\/\/www.liecivebyliny.eu\/index.php?rest_route=\/wp\/v2\/pages\/185\/revisions\/874"}],"wp:attachment":[{"href":"https:\/\/www.liecivebyliny.eu\/index.php?rest_route=%2Fwp%2Fv2%2Fmedia&parent=185"}],"curies":[{"name":"wp","href":"https:\/\/api.w.org\/{rel}","templated":true}]}}