{"id":192,"date":"2023-12-21T21:40:19","date_gmt":"2023-12-21T20:40:19","guid":{"rendered":"https:\/\/www.liecivebyliny.eu\/?page_id=192"},"modified":"2024-01-01T20:07:25","modified_gmt":"2024-01-01T19:07:25","slug":"equisetum-arvense-l","status":"publish","type":"page","link":"https:\/\/www.liecivebyliny.eu\/?page_id=192","title":{"rendered":"<em>Equisetum arvense<\/em>&nbsp;L.&nbsp;"},"content":{"rendered":"<div class=\"wp-block-image\">\n<figure class=\"aligncenter size-full\"><img decoding=\"async\" loading=\"lazy\" width=\"256\" height=\"342\" src=\"https:\/\/www.liecivebyliny.eu\/wp-content\/uploads\/2023\/12\/image-14.jpeg\" alt=\"\" class=\"wp-image-194\" srcset=\"https:\/\/www.liecivebyliny.eu\/wp-content\/uploads\/2023\/12\/image-14.jpeg 256w, https:\/\/www.liecivebyliny.eu\/wp-content\/uploads\/2023\/12\/image-14-225x300.jpeg 225w\" sizes=\"(max-width: 256px) 100vw, 256px\" \/><figcaption class=\"wp-element-caption\">Prasli\u010dka ro\u013en\u00e1<\/figcaption><\/figure><\/div>\n\n\n<p><strong>Slovensk\u00fd n\u00e1zov:&nbsp;<\/strong>prasli\u010dka ro\u013en\u00e1<\/p>\n\n\n\n<p><strong>Anglick\u00fd n\u00e1zov:<\/strong>&nbsp;Common horsetail&nbsp;<\/p>\n\n\n\n<p><strong>\u010cesk\u00fd n\u00e1zov:<\/strong>&nbsp;p\u0159esli\u010dka roln\u00ed<\/p>\n\n\n\n<p><strong>\u013dudov\u00e9 n\u00e1zvy:<\/strong>&nbsp;praslica, prasli\u010dka po\u013en\u00e1, div\u00e9 proso, \u0161mirg\u013eov\u00e1 tr\u00e1va<\/p>\n\n\n\n<p><strong>\u010ce\u013ea\u010f:<\/strong>&nbsp;<em>Equisetaceae&nbsp;<\/em>(prasli\u010dkovit\u00e9)<\/p>\n\n\n\n<p><strong>Botanick\u00e1 charakteristika:&nbsp;<\/strong>Trv\u00e1ca 5 \u2013 50 cm vysok\u00e1 bylina, s&nbsp;plaziv\u00fdm, rozkon\u00e1ren\u00fdm pozemkom, z&nbsp;ktor\u00e9ho vyrastaj\u00fa dva druhy stonky. Neplodn\u00e9, letn\u00e9, zelen\u00e9 byle s\u00fa husto rozkon\u00e1ren\u00e9 a&nbsp;maj\u00fa praslenovit\u00e9 kon\u00e1riky a&nbsp;nerozvetven\u00fdm vrcholom. Plodn\u00e9, nerozkon\u00e1ren\u00e9 byle \u010dervenohnedej farby sa vyskytuj\u00fa na jar a&nbsp;na vrchole maj\u00fa hned\u00fd klas v\u00fdtrusn\u00fdch listov. V\u00fdtrusy dozrievaj\u00fa v&nbsp;marci a&nbsp;apr\u00edli.<\/p>\n\n\n\n<p><strong>Mikroskopick\u00fd n\u00e1kres:<\/strong><\/p>\n\n\n<div class=\"wp-block-image\">\n<figure class=\"aligncenter size-full\"><img decoding=\"async\" loading=\"lazy\" width=\"316\" height=\"330\" src=\"https:\/\/www.liecivebyliny.eu\/wp-content\/uploads\/2023\/12\/image-16.png\" alt=\"\" class=\"wp-image-195\" srcset=\"https:\/\/www.liecivebyliny.eu\/wp-content\/uploads\/2023\/12\/image-16.png 316w, https:\/\/www.liecivebyliny.eu\/wp-content\/uploads\/2023\/12\/image-16-287x300.png 287w\" sizes=\"(max-width: 316px) 100vw, 316px\" \/><figcaption class=\"wp-element-caption\"><em>Na prie\u010dnom reze stoky prasli\u010dky ro\u013enej je vidite\u013en\u00fd jej rebrovit\u00fd vzh\u013ead. Ka\u017ed\u00e9 rebro vystu\u017euje sklerench\u00fdm (a), pri\u010dom pletiv\u00e1 medzi rebrami s\u00fa spevnen\u00e9 kolench\u00fdmom (b). Cel\u00fd prepar\u00e1t obsahuje nieko\u013eko dut\u00edn. Ide o&nbsp;valekul\u00e1rnu dutinu (c), karin\u00e1lnu dutinu (d) a&nbsp;centr\u00e1lnu dutinu (e). V&nbsp;rastline nach\u00e1dzame kolater\u00e1lne cievne zv\u00e4zky (f).<\/em><\/figcaption><\/figure><\/div>\n\n<div class=\"wp-block-image\">\n<figure class=\"aligncenter size-full is-resized\"><img decoding=\"async\" loading=\"lazy\" src=\"https:\/\/www.liecivebyliny.eu\/wp-content\/uploads\/2024\/01\/Equiseti-herba-40x.jpg\" alt=\"\" class=\"wp-image-902\" width=\"419\" height=\"314\" srcset=\"https:\/\/www.liecivebyliny.eu\/wp-content\/uploads\/2024\/01\/Equiseti-herba-40x.jpg 640w, https:\/\/www.liecivebyliny.eu\/wp-content\/uploads\/2024\/01\/Equiseti-herba-40x-300x225.jpg 300w\" sizes=\"(max-width: 419px) 100vw, 419px\" \/><figcaption class=\"wp-element-caption\">Prie\u010dny rez stonkou prasli\u010dky (zv\u00e4\u010d\u0161en\u00e9 40x)<\/figcaption><\/figure><\/div>\n\n\n<p><\/p>\n\n\n\n<p><strong>Roz\u0161\u00edrenie:<\/strong>&nbsp;Rastie na vlhk\u00fdch l\u00fakach, poliach, pri cest\u00e1ch, na brehoch.<\/p>\n\n\n\n<p><strong>Droga:<\/strong>&nbsp;<em>Equiseti herba<\/em><\/p>\n\n\n\n<p><strong>Sp\u00f4sob zberu:<\/strong>&nbsp;Neplodn\u00e1 zelen\u00e1 nekvitn\u00faca v\u0148a\u0165 sa zbiera z\u00e1hradn\u00edckymi no\u017enicami.<\/p>\n\n\n\n<p><strong>Su\u0161enie:<\/strong>&nbsp;V\u0148a\u0165 prasli\u010dky ro\u013enej sa su\u0161\u00ed prirodzen\u00fdm sp\u00f4sobom v&nbsp;tenkej vrstve, na vzdu\u0161nom a&nbsp;tienistom mieste. Umel\u00fdm sp\u00f4sobom v&nbsp;su\u0161iarni, kde teplota nesmie prekro\u010di\u0165 40 \u00b0C.&nbsp;<\/p>\n\n\n\n<p><strong>Obsahov\u00e9 l\u00e1tky:<\/strong>&nbsp;Prasli\u010dkov\u00e1 v\u0148a\u0165 obsahuje ve\u013ek\u00e9 mno\u017estvo flavonoidov a&nbsp;deriv\u00e1tov kyseliny k\u00e1vovej. Zauj\u00edmav\u00fd je vysok\u00fd podiel miner\u00e1lnych l\u00e1tok (a\u017e okolo 10 %), z&nbsp;ktor\u00fdch je terapeuticky v\u00fdznamn\u00fd rozpustn\u00fd podiel kyseliny kremi\u010ditej s mo\u010dopudn\u00fdmi \u00fa\u010dinkami. V&nbsp;droge nach\u00e1dzame aj stopy alkaloidov, obzvl\u00e1\u0161\u0165 nikot\u00ednu.<\/p>\n\n\n\n<p><strong>Pou\u017eitie: Prasli\u010dka<\/strong>&nbsp;ro\u013en\u00e1 sa pou\u017e\u00edva ako ve\u013emi \u00fa\u010dinn\u00fd mo\u010dopudn\u00fd prostriedok na&nbsp;elimin\u00e1ciu opuchov alebo na \u201eprepl\u00e1chnutie\u201c mo\u010dov\u00fdch ciest pri uroinfekci\u00e1ch \u010di v\u00fdskyte mo\u010dov\u00fdch kame\u0148ov.<\/p>\n\n\n\n<p><strong>Tradi\u010dn\u00fd sp\u00f4sob pou\u017eitia v&nbsp;indik\u00e1ci\u00e1ch ur\u010den\u00fdch v\u00fdhradne na z\u00e1klade dlhodob\u00e9ho pou\u017e\u00edvania:<\/strong><\/p>\n\n\n\n<ul>\n<li>zv\u00fd\u0161enie tvorby a&nbsp;vylu\u010dovania mo\u010du, podporn\u00e1 lie\u010dba ochoren\u00ed mo\u010dov\u00fdch ciest,<\/li>\n\n\n\n<li>podporn\u00e1 lie\u010dba povrchov\u00fdch poranen\u00ed.<\/li>\n<\/ul>\n\n\n\n<p><strong>Vybran\u00e9 rastlinn\u00e9 pr\u00edpravky:&nbsp;<\/strong>AGROKARPATY PRASLI\u010cKA RO\u013dN\u00c1 v\u0148a\u0165 bylinn\u00fd \u010daj 1&#215;30&nbsp;g, APOTHEKE Prasli\u010dka ro\u013en\u00e1 z\u00e1parov\u00e9 vreck\u00e1 20&#215;1,5 g, AGROKARPATY UROLOGICK\u00dd sv\u00e4toj\u00e1nsky bylinn\u00fd \u010daj 20&#215;2 g, Dr.Max Urologick\u00e1 bylinn\u00e1 zmes s&nbsp;brusnicami n\u00e1levov\u00e9 vrec\u00fa\u0161ka 20&#215;1,5 g, FYTO Bylinn\u00e1 zmes pri zv\u00fd\u0161enej kyseline mo\u010dovej 20&#215;1,25 g, J.V. KVAPKY &#8211; NEFRI na \u010dinnos\u0165 obli\u010diek 50 ml,&nbsp;BIODREN R kvapky 50 ml, CLINICAL HAIR-CARE cps 60 ks, Collagenceutical cps 60 ks, DonnaHAIR Forte cps 30 ks, FYTO NEPHROSAL + BRUSNICE na mo\u010dov\u00e9 cesty 30 ks.<\/p>\n","protected":false},"excerpt":{"rendered":"<p>Slovensk\u00fd n\u00e1zov:&nbsp;prasli\u010dka ro\u013en\u00e1 Anglick\u00fd n\u00e1zov:&nbsp;Common horsetail&nbsp; \u010cesk\u00fd n\u00e1zov:&nbsp;p\u0159esli\u010dka roln\u00ed \u013dudov\u00e9 n\u00e1zvy:&nbsp;praslica, prasli\u010dka po\u013en\u00e1, div\u00e9 proso, \u0161mirg\u013eov\u00e1 tr\u00e1va \u010ce\u013ea\u010f:&nbsp;Equisetaceae&nbsp;(prasli\u010dkovit\u00e9) Botanick\u00e1 charakteristika:&nbsp;Trv\u00e1ca 5 \u2013 50 cm vysok\u00e1 bylina, s&nbsp;plaziv\u00fdm, rozkon\u00e1ren\u00fdm pozemkom, z&nbsp;ktor\u00e9ho vyrastaj\u00fa dva druhy stonky. Neplodn\u00e9, letn\u00e9, zelen\u00e9 byle s\u00fa husto rozkon\u00e1ren\u00e9 a&nbsp;maj\u00fa praslenovit\u00e9 kon\u00e1riky a&nbsp;nerozvetven\u00fdm vrcholom. Plodn\u00e9, nerozkon\u00e1ren\u00e9 byle \u010dervenohnedej farby sa vyskytuj\u00fa na jar [&hellip;]<\/p>\n","protected":false},"author":1,"featured_media":0,"parent":0,"menu_order":0,"comment_status":"closed","ping_status":"closed","template":"","meta":{"_mi_skip_tracking":false},"yoast_head":"<!-- This site is optimized with the Yoast SEO plugin v20.4 - https:\/\/yoast.com\/wordpress\/plugins\/seo\/ -->\n<title>Equisetum arvense&nbsp;L.&nbsp; - liecivebyliny.eu<\/title>\n<meta name=\"robots\" content=\"index, follow, max-snippet:-1, max-image-preview:large, max-video-preview:-1\" \/>\n<link rel=\"canonical\" href=\"https:\/\/www.liecivebyliny.eu\/?page_id=192\" \/>\n<meta property=\"og:locale\" content=\"sk_SK\" \/>\n<meta property=\"og:type\" content=\"article\" \/>\n<meta property=\"og:title\" content=\"Equisetum arvense&nbsp;L.&nbsp; - liecivebyliny.eu\" \/>\n<meta property=\"og:description\" content=\"Slovensk\u00fd n\u00e1zov:&nbsp;prasli\u010dka ro\u013en\u00e1 Anglick\u00fd n\u00e1zov:&nbsp;Common horsetail&nbsp; \u010cesk\u00fd n\u00e1zov:&nbsp;p\u0159esli\u010dka roln\u00ed \u013dudov\u00e9 n\u00e1zvy:&nbsp;praslica, prasli\u010dka po\u013en\u00e1, div\u00e9 proso, \u0161mirg\u013eov\u00e1 tr\u00e1va \u010ce\u013ea\u010f:&nbsp;Equisetaceae&nbsp;(prasli\u010dkovit\u00e9) Botanick\u00e1 charakteristika:&nbsp;Trv\u00e1ca 5 \u2013 50 cm vysok\u00e1 bylina, s&nbsp;plaziv\u00fdm, rozkon\u00e1ren\u00fdm pozemkom, z&nbsp;ktor\u00e9ho vyrastaj\u00fa dva druhy stonky. Neplodn\u00e9, letn\u00e9, zelen\u00e9 byle s\u00fa husto rozkon\u00e1ren\u00e9 a&nbsp;maj\u00fa praslenovit\u00e9 kon\u00e1riky a&nbsp;nerozvetven\u00fdm vrcholom. Plodn\u00e9, nerozkon\u00e1ren\u00e9 byle \u010dervenohnedej farby sa vyskytuj\u00fa na jar [&hellip;]\" \/>\n<meta property=\"og:url\" content=\"https:\/\/www.liecivebyliny.eu\/?page_id=192\" \/>\n<meta property=\"og:site_name\" content=\"liecivebyliny.eu\" \/>\n<meta property=\"article:modified_time\" content=\"2024-01-01T19:07:25+00:00\" \/>\n<meta property=\"og:image\" content=\"https:\/\/www.liecivebyliny.eu\/wp-content\/uploads\/2023\/12\/image-14.jpeg\" \/>\n<meta name=\"twitter:card\" content=\"summary_large_image\" \/>\n<meta name=\"twitter:label1\" content=\"Predpokladan\u00fd \u010das \u010d\u00edtania\" \/>\n\t<meta name=\"twitter:data1\" content=\"3 min\u00faty\" \/>\n<script type=\"application\/ld+json\" class=\"yoast-schema-graph\">{\"@context\":\"https:\/\/schema.org\",\"@graph\":[{\"@type\":\"WebPage\",\"@id\":\"https:\/\/www.liecivebyliny.eu\/?page_id=192\",\"url\":\"https:\/\/www.liecivebyliny.eu\/?page_id=192\",\"name\":\"Equisetum arvense&nbsp;L.&nbsp; - liecivebyliny.eu\",\"isPartOf\":{\"@id\":\"https:\/\/www.liecivebyliny.eu\/#website\"},\"datePublished\":\"2023-12-21T20:40:19+00:00\",\"dateModified\":\"2024-01-01T19:07:25+00:00\",\"breadcrumb\":{\"@id\":\"https:\/\/www.liecivebyliny.eu\/?page_id=192#breadcrumb\"},\"inLanguage\":\"sk-SK\",\"potentialAction\":[{\"@type\":\"ReadAction\",\"target\":[\"https:\/\/www.liecivebyliny.eu\/?page_id=192\"]}]},{\"@type\":\"BreadcrumbList\",\"@id\":\"https:\/\/www.liecivebyliny.eu\/?page_id=192#breadcrumb\",\"itemListElement\":[{\"@type\":\"ListItem\",\"position\":1,\"name\":\"Home\",\"item\":\"https:\/\/www.liecivebyliny.eu\/\"},{\"@type\":\"ListItem\",\"position\":2,\"name\":\"Equisetum arvense&nbsp;L.&nbsp;\"}]},{\"@type\":\"WebSite\",\"@id\":\"https:\/\/www.liecivebyliny.eu\/#website\",\"url\":\"https:\/\/www.liecivebyliny.eu\/\",\"name\":\"liecivebyliny.eu\",\"description\":\"\",\"potentialAction\":[{\"@type\":\"SearchAction\",\"target\":{\"@type\":\"EntryPoint\",\"urlTemplate\":\"https:\/\/www.liecivebyliny.eu\/?s={search_term_string}\"},\"query-input\":\"required name=search_term_string\"}],\"inLanguage\":\"sk-SK\"}]}<\/script>\n<!-- \/ Yoast SEO plugin. -->","yoast_head_json":{"title":"Equisetum arvense&nbsp;L.&nbsp; - liecivebyliny.eu","robots":{"index":"index","follow":"follow","max-snippet":"max-snippet:-1","max-image-preview":"max-image-preview:large","max-video-preview":"max-video-preview:-1"},"canonical":"https:\/\/www.liecivebyliny.eu\/?page_id=192","og_locale":"sk_SK","og_type":"article","og_title":"Equisetum arvense&nbsp;L.&nbsp; - liecivebyliny.eu","og_description":"Slovensk\u00fd n\u00e1zov:&nbsp;prasli\u010dka ro\u013en\u00e1 Anglick\u00fd n\u00e1zov:&nbsp;Common horsetail&nbsp; \u010cesk\u00fd n\u00e1zov:&nbsp;p\u0159esli\u010dka roln\u00ed \u013dudov\u00e9 n\u00e1zvy:&nbsp;praslica, prasli\u010dka po\u013en\u00e1, div\u00e9 proso, \u0161mirg\u013eov\u00e1 tr\u00e1va \u010ce\u013ea\u010f:&nbsp;Equisetaceae&nbsp;(prasli\u010dkovit\u00e9) Botanick\u00e1 charakteristika:&nbsp;Trv\u00e1ca 5 \u2013 50 cm vysok\u00e1 bylina, s&nbsp;plaziv\u00fdm, rozkon\u00e1ren\u00fdm pozemkom, z&nbsp;ktor\u00e9ho vyrastaj\u00fa dva druhy stonky. Neplodn\u00e9, letn\u00e9, zelen\u00e9 byle s\u00fa husto rozkon\u00e1ren\u00e9 a&nbsp;maj\u00fa praslenovit\u00e9 kon\u00e1riky a&nbsp;nerozvetven\u00fdm vrcholom. Plodn\u00e9, nerozkon\u00e1ren\u00e9 byle \u010dervenohnedej farby sa vyskytuj\u00fa na jar [&hellip;]","og_url":"https:\/\/www.liecivebyliny.eu\/?page_id=192","og_site_name":"liecivebyliny.eu","article_modified_time":"2024-01-01T19:07:25+00:00","og_image":[{"url":"https:\/\/www.liecivebyliny.eu\/wp-content\/uploads\/2023\/12\/image-14.jpeg"}],"twitter_card":"summary_large_image","twitter_misc":{"Predpokladan\u00fd \u010das \u010d\u00edtania":"3 min\u00faty"},"schema":{"@context":"https:\/\/schema.org","@graph":[{"@type":"WebPage","@id":"https:\/\/www.liecivebyliny.eu\/?page_id=192","url":"https:\/\/www.liecivebyliny.eu\/?page_id=192","name":"Equisetum arvense&nbsp;L.&nbsp; - liecivebyliny.eu","isPartOf":{"@id":"https:\/\/www.liecivebyliny.eu\/#website"},"datePublished":"2023-12-21T20:40:19+00:00","dateModified":"2024-01-01T19:07:25+00:00","breadcrumb":{"@id":"https:\/\/www.liecivebyliny.eu\/?page_id=192#breadcrumb"},"inLanguage":"sk-SK","potentialAction":[{"@type":"ReadAction","target":["https:\/\/www.liecivebyliny.eu\/?page_id=192"]}]},{"@type":"BreadcrumbList","@id":"https:\/\/www.liecivebyliny.eu\/?page_id=192#breadcrumb","itemListElement":[{"@type":"ListItem","position":1,"name":"Home","item":"https:\/\/www.liecivebyliny.eu\/"},{"@type":"ListItem","position":2,"name":"Equisetum arvense&nbsp;L.&nbsp;"}]},{"@type":"WebSite","@id":"https:\/\/www.liecivebyliny.eu\/#website","url":"https:\/\/www.liecivebyliny.eu\/","name":"liecivebyliny.eu","description":"","potentialAction":[{"@type":"SearchAction","target":{"@type":"EntryPoint","urlTemplate":"https:\/\/www.liecivebyliny.eu\/?s={search_term_string}"},"query-input":"required name=search_term_string"}],"inLanguage":"sk-SK"}]}},"_links":{"self":[{"href":"https:\/\/www.liecivebyliny.eu\/index.php?rest_route=\/wp\/v2\/pages\/192"}],"collection":[{"href":"https:\/\/www.liecivebyliny.eu\/index.php?rest_route=\/wp\/v2\/pages"}],"about":[{"href":"https:\/\/www.liecivebyliny.eu\/index.php?rest_route=\/wp\/v2\/types\/page"}],"author":[{"embeddable":true,"href":"https:\/\/www.liecivebyliny.eu\/index.php?rest_route=\/wp\/v2\/users\/1"}],"replies":[{"embeddable":true,"href":"https:\/\/www.liecivebyliny.eu\/index.php?rest_route=%2Fwp%2Fv2%2Fcomments&post=192"}],"version-history":[{"count":2,"href":"https:\/\/www.liecivebyliny.eu\/index.php?rest_route=\/wp\/v2\/pages\/192\/revisions"}],"predecessor-version":[{"id":903,"href":"https:\/\/www.liecivebyliny.eu\/index.php?rest_route=\/wp\/v2\/pages\/192\/revisions\/903"}],"wp:attachment":[{"href":"https:\/\/www.liecivebyliny.eu\/index.php?rest_route=%2Fwp%2Fv2%2Fmedia&parent=192"}],"curies":[{"name":"wp","href":"https:\/\/api.w.org\/{rel}","templated":true}]}}