{"id":199,"date":"2023-12-21T21:42:39","date_gmt":"2023-12-21T20:42:39","guid":{"rendered":"https:\/\/www.liecivebyliny.eu\/?page_id=199"},"modified":"2023-12-21T21:42:40","modified_gmt":"2023-12-21T20:42:40","slug":"euphrasia-rostkoviana-hayne","status":"publish","type":"page","link":"https:\/\/www.liecivebyliny.eu\/?page_id=199","title":{"rendered":"<em>Euphrasia rostkoviana<\/em>&nbsp;Hayne.&nbsp;"},"content":{"rendered":"<div class=\"wp-block-image\">\n<figure class=\"aligncenter size-full\"><img decoding=\"async\" loading=\"lazy\" width=\"250\" height=\"380\" src=\"https:\/\/www.liecivebyliny.eu\/wp-content\/uploads\/2023\/12\/image-15.jpeg\" alt=\"\" class=\"wp-image-200\" srcset=\"https:\/\/www.liecivebyliny.eu\/wp-content\/uploads\/2023\/12\/image-15.jpeg 250w, https:\/\/www.liecivebyliny.eu\/wp-content\/uploads\/2023\/12\/image-15-197x300.jpeg 197w\" sizes=\"(max-width: 250px) 100vw, 250px\" \/><figcaption class=\"wp-element-caption\">O\u010dianka rostkovova<\/figcaption><\/figure><\/div>\n\n\n<p><strong>Slovensk\u00fd n\u00e1zov:\u00a0<\/strong>o\u010dianka rostkovova<\/p>\n\n\n\n<p><strong>Anglick\u00fd n\u00e1zov:<\/strong>&nbsp;Eyebright<\/p>\n\n\n\n<p><strong>\u010cesk\u00fd n\u00e1zov:<\/strong>&nbsp;sv\u011btl\u00edk l\u00e9ka\u0159sk\u00fd<\/p>\n\n\n\n<p><strong>\u013dudov\u00e9 n\u00e1zvy:<\/strong>&nbsp;zubov\u00e1 tr\u00e1va, pote\u0161enie o\u010d\u00ed, te\u0161inka, o\u010dn\u00e1 zelina<\/p>\n\n\n\n<p><strong>\u010ce\u013ea\u010f:<\/strong>&nbsp;<em>Scrophulariaceae&nbsp;<\/em>(krti\u010dn\u00edkovit\u00e9)<\/p>\n\n\n\n<p><strong>Botanick\u00e1 charakteristika:&nbsp;<\/strong>Jednoro\u010dn\u00e1 10 \u2013 25 cm vysok\u00e1 bylina. Stonka je priama, dole chlpat\u00e1, v&nbsp;hornej \u010dasti aj \u017e\u013eaznat\u00e1. Listy s\u00fa vajcovit\u00e9, a\u017e podlhovast\u00e9, sediace, protistojn\u00e9, z\u00fabkat\u00e9. Kvety s\u00fa biele a\u017e bledoru\u017eov\u00e9, vyrastaj\u00fa v&nbsp;klasoch, so \u017eltou \u0161kvrnou na spodnom pysku. Plodom je tobolka.<\/p>\n\n\n\n<p><strong>Mikroskopick\u00fd n\u00e1kres:<\/strong><\/p>\n\n\n<div class=\"wp-block-image\">\n<figure class=\"aligncenter size-full\"><img decoding=\"async\" loading=\"lazy\" width=\"296\" height=\"234\" src=\"https:\/\/www.liecivebyliny.eu\/wp-content\/uploads\/2023\/12\/image-17.png\" alt=\"\" class=\"wp-image-201\"\/><figcaption class=\"wp-element-caption\"><em>Na poko\u017eke listu o\u010dianky rostkovovej je mo\u017en\u00e9 n\u00e1js\u0165 krycie (a) a\u00a0\u017e\u013eaznat\u00e9 (b) trich\u00f3my.\u00a0<\/em><\/figcaption><\/figure><\/div>\n\n\n<p><\/p>\n\n\n\n<p><strong>Roz\u0161\u00edrenie:<\/strong>&nbsp;Rastie na vlhk\u00fdch l\u00fakach, pasienkoch, na okrajoch lesov. Nie je n\u00e1ro\u010dn\u00e1 na p\u00f4du.<\/p>\n\n\n\n<p><strong>Droga:<\/strong>&nbsp;<em>Euphrasiae herba<\/em><\/p>\n\n\n\n<p><strong>Sp\u00f4sob zberu:<\/strong>&nbsp;V\u0148a\u0165 o\u010dianky rostkovovej sa zbiera od j\u00fala do septembra. Je ve\u013emi krehk\u00e1.<\/p>\n\n\n\n<p><strong>Su\u0161enie:<\/strong>&nbsp;V\u0148a\u0165 sa su\u0161\u00ed prirodzen\u00fdm sp\u00f4sobom v&nbsp;tenkej vrstve alebo vo zv\u00e4zo\u010dkoch, na&nbsp;vzdu\u0161nom a&nbsp;tienistom mieste. Umel\u00fdm sp\u00f4sobom v&nbsp;su\u0161iarni, kde teplota nesmie prekro\u010di\u0165 35&nbsp;\u00b0C.<\/p>\n\n\n\n<p><strong>Obsahov\u00e9 l\u00e1tky:<\/strong>&nbsp;V&nbsp;o\u010dianke rostkovovej n\u00e1jdeme iridoglykozidov\u00e9 hor\u010diny ako aukub\u00edn, eufrozid, \u010di katalpol, ale aj flavonoidy, triesloviny, fenolov\u00e9 kyseliny a&nbsp;stopy sil\u00edc.<\/p>\n\n\n\n<p><strong>Pou\u017eitie:&nbsp;<\/strong>V\u00fdluhy z&nbsp;rastliny sa vn\u00fatorne pou\u017e\u00edvaj\u00fa na lie\u010dbu ka\u0161\u013ea, ale \u010dastej\u0161ie s\u00fa indikovan\u00e9 na lie\u010dbu z\u00e1palov o\u010dn\u00fdch spojiviek a&nbsp;vie\u010dok. Je d\u00f4le\u017eit\u00e9 zd\u00f4razni\u0165, \u017ee dom\u00e1ce pou\u017eitie drogy na om\u00fdvanie \u010di k\u00fapele o\u010d\u00ed sa neodpor\u00fa\u010da, kv\u00f4li neschopnosti v&nbsp;dom\u00e1cich podmienkach docieli\u0165 sterilitu, ktor\u00e1 je striktne vy\u017eadovan\u00e1 pri v\u0161etk\u00fdch liekov ur\u010den\u00fdch na&nbsp;aplik\u00e1ciu do oka. Jej extrakty s\u00fa ur\u010den\u00e9 k&nbsp;priemyselnej v\u00fdrobe steriln\u00fdch o\u010dn\u00fdch pr\u00edpravkov.<\/p>\n\n\n\n<p><strong>Tradi\u010dn\u00fd sp\u00f4sob pou\u017eitia v&nbsp;indik\u00e1ci\u00e1ch ur\u010den\u00fdch v\u00fdhradne na z\u00e1klade dlhodob\u00e9ho pou\u017e\u00edvania:<\/strong><\/p>\n\n\n\n<ul>\n<li>symptomatick\u00e1 lie\u010dba a prevencia konjunktivit\u00eddy,<\/li>\n\n\n\n<li>symptomatick\u00e1 lie\u010dba hnisav\u00fdch a chronick\u00fdch z\u00e1palov \u0161trukt\u00far oka,<\/li>\n\n\n\n<li>potl\u00e1\u010danie sympt\u00f3mov \u2013 \u0161t\u00edpanie o\u010d\u00ed, s\u010dervenanie spojiviek oka, p\u00e1lenie o\u010d\u00ed, z\u00e1pal spojiviek,<\/li>\n\n\n\n<li>symptomatick\u00e1 lie\u010dba prechladnutia.<\/li>\n<\/ul>\n\n\n\n<p><strong>Vybran\u00e9 rastlinn\u00e9 pr\u00edpravky:&nbsp;<\/strong>AGROKARPATY O\u010cIANKA ROSTKOVOV\u00c1 v\u0148a\u0165 bylinn\u00fd \u010daj 1&#215;30 g, FYTO Bylinn\u00e1 zmes NA DOBR\u00dd ZRAK 20&#215;1,5 g, J.V. KVAPKY &#8211; ZRAK na zrak 50 ml, NATURVITA BETAVID s o\u010diankou rostkovovou tbl 60 ks, Noventis Ostrovidky Neo cps 45 ks.<\/p>\n","protected":false},"excerpt":{"rendered":"<p>Slovensk\u00fd n\u00e1zov:\u00a0o\u010dianka rostkovova Anglick\u00fd n\u00e1zov:&nbsp;Eyebright \u010cesk\u00fd n\u00e1zov:&nbsp;sv\u011btl\u00edk l\u00e9ka\u0159sk\u00fd \u013dudov\u00e9 n\u00e1zvy:&nbsp;zubov\u00e1 tr\u00e1va, pote\u0161enie o\u010d\u00ed, te\u0161inka, o\u010dn\u00e1 zelina \u010ce\u013ea\u010f:&nbsp;Scrophulariaceae&nbsp;(krti\u010dn\u00edkovit\u00e9) Botanick\u00e1 charakteristika:&nbsp;Jednoro\u010dn\u00e1 10 \u2013 25 cm vysok\u00e1 bylina. Stonka je priama, dole chlpat\u00e1, v&nbsp;hornej \u010dasti aj \u017e\u013eaznat\u00e1. Listy s\u00fa vajcovit\u00e9, a\u017e podlhovast\u00e9, sediace, protistojn\u00e9, z\u00fabkat\u00e9. Kvety s\u00fa biele a\u017e bledoru\u017eov\u00e9, vyrastaj\u00fa v&nbsp;klasoch, so \u017eltou \u0161kvrnou na spodnom pysku. [&hellip;]<\/p>\n","protected":false},"author":1,"featured_media":0,"parent":0,"menu_order":0,"comment_status":"closed","ping_status":"closed","template":"","meta":{"_mi_skip_tracking":false},"yoast_head":"<!-- This site is optimized with the Yoast SEO plugin v20.4 - https:\/\/yoast.com\/wordpress\/plugins\/seo\/ -->\n<title>Euphrasia rostkoviana&nbsp;Hayne.&nbsp; - liecivebyliny.eu<\/title>\n<meta name=\"robots\" content=\"index, follow, max-snippet:-1, max-image-preview:large, max-video-preview:-1\" \/>\n<link rel=\"canonical\" href=\"https:\/\/www.liecivebyliny.eu\/?page_id=199\" \/>\n<meta property=\"og:locale\" content=\"sk_SK\" \/>\n<meta property=\"og:type\" content=\"article\" \/>\n<meta property=\"og:title\" content=\"Euphrasia rostkoviana&nbsp;Hayne.&nbsp; - liecivebyliny.eu\" \/>\n<meta property=\"og:description\" content=\"Slovensk\u00fd n\u00e1zov:\u00a0o\u010dianka rostkovova Anglick\u00fd n\u00e1zov:&nbsp;Eyebright \u010cesk\u00fd n\u00e1zov:&nbsp;sv\u011btl\u00edk l\u00e9ka\u0159sk\u00fd \u013dudov\u00e9 n\u00e1zvy:&nbsp;zubov\u00e1 tr\u00e1va, pote\u0161enie o\u010d\u00ed, te\u0161inka, o\u010dn\u00e1 zelina \u010ce\u013ea\u010f:&nbsp;Scrophulariaceae&nbsp;(krti\u010dn\u00edkovit\u00e9) Botanick\u00e1 charakteristika:&nbsp;Jednoro\u010dn\u00e1 10 \u2013 25 cm vysok\u00e1 bylina. Stonka je priama, dole chlpat\u00e1, v&nbsp;hornej \u010dasti aj \u017e\u013eaznat\u00e1. Listy s\u00fa vajcovit\u00e9, a\u017e podlhovast\u00e9, sediace, protistojn\u00e9, z\u00fabkat\u00e9. Kvety s\u00fa biele a\u017e bledoru\u017eov\u00e9, vyrastaj\u00fa v&nbsp;klasoch, so \u017eltou \u0161kvrnou na spodnom pysku. [&hellip;]\" \/>\n<meta property=\"og:url\" content=\"https:\/\/www.liecivebyliny.eu\/?page_id=199\" \/>\n<meta property=\"og:site_name\" content=\"liecivebyliny.eu\" \/>\n<meta property=\"article:modified_time\" content=\"2023-12-21T20:42:40+00:00\" \/>\n<meta property=\"og:image\" content=\"https:\/\/www.liecivebyliny.eu\/wp-content\/uploads\/2023\/12\/image-15.jpeg\" \/>\n<meta name=\"twitter:card\" content=\"summary_large_image\" \/>\n<meta name=\"twitter:label1\" content=\"Predpokladan\u00fd \u010das \u010d\u00edtania\" \/>\n\t<meta name=\"twitter:data1\" content=\"3 min\u00faty\" \/>\n<script type=\"application\/ld+json\" class=\"yoast-schema-graph\">{\"@context\":\"https:\/\/schema.org\",\"@graph\":[{\"@type\":\"WebPage\",\"@id\":\"https:\/\/www.liecivebyliny.eu\/?page_id=199\",\"url\":\"https:\/\/www.liecivebyliny.eu\/?page_id=199\",\"name\":\"Euphrasia rostkoviana&nbsp;Hayne.&nbsp; - liecivebyliny.eu\",\"isPartOf\":{\"@id\":\"https:\/\/www.liecivebyliny.eu\/#website\"},\"datePublished\":\"2023-12-21T20:42:39+00:00\",\"dateModified\":\"2023-12-21T20:42:40+00:00\",\"breadcrumb\":{\"@id\":\"https:\/\/www.liecivebyliny.eu\/?page_id=199#breadcrumb\"},\"inLanguage\":\"sk-SK\",\"potentialAction\":[{\"@type\":\"ReadAction\",\"target\":[\"https:\/\/www.liecivebyliny.eu\/?page_id=199\"]}]},{\"@type\":\"BreadcrumbList\",\"@id\":\"https:\/\/www.liecivebyliny.eu\/?page_id=199#breadcrumb\",\"itemListElement\":[{\"@type\":\"ListItem\",\"position\":1,\"name\":\"Home\",\"item\":\"https:\/\/www.liecivebyliny.eu\/\"},{\"@type\":\"ListItem\",\"position\":2,\"name\":\"Euphrasia rostkoviana&nbsp;Hayne.&nbsp;\"}]},{\"@type\":\"WebSite\",\"@id\":\"https:\/\/www.liecivebyliny.eu\/#website\",\"url\":\"https:\/\/www.liecivebyliny.eu\/\",\"name\":\"liecivebyliny.eu\",\"description\":\"\",\"potentialAction\":[{\"@type\":\"SearchAction\",\"target\":{\"@type\":\"EntryPoint\",\"urlTemplate\":\"https:\/\/www.liecivebyliny.eu\/?s={search_term_string}\"},\"query-input\":\"required name=search_term_string\"}],\"inLanguage\":\"sk-SK\"}]}<\/script>\n<!-- \/ Yoast SEO plugin. -->","yoast_head_json":{"title":"Euphrasia rostkoviana&nbsp;Hayne.&nbsp; - liecivebyliny.eu","robots":{"index":"index","follow":"follow","max-snippet":"max-snippet:-1","max-image-preview":"max-image-preview:large","max-video-preview":"max-video-preview:-1"},"canonical":"https:\/\/www.liecivebyliny.eu\/?page_id=199","og_locale":"sk_SK","og_type":"article","og_title":"Euphrasia rostkoviana&nbsp;Hayne.&nbsp; - liecivebyliny.eu","og_description":"Slovensk\u00fd n\u00e1zov:\u00a0o\u010dianka rostkovova Anglick\u00fd n\u00e1zov:&nbsp;Eyebright \u010cesk\u00fd n\u00e1zov:&nbsp;sv\u011btl\u00edk l\u00e9ka\u0159sk\u00fd \u013dudov\u00e9 n\u00e1zvy:&nbsp;zubov\u00e1 tr\u00e1va, pote\u0161enie o\u010d\u00ed, te\u0161inka, o\u010dn\u00e1 zelina \u010ce\u013ea\u010f:&nbsp;Scrophulariaceae&nbsp;(krti\u010dn\u00edkovit\u00e9) Botanick\u00e1 charakteristika:&nbsp;Jednoro\u010dn\u00e1 10 \u2013 25 cm vysok\u00e1 bylina. Stonka je priama, dole chlpat\u00e1, v&nbsp;hornej \u010dasti aj \u017e\u013eaznat\u00e1. Listy s\u00fa vajcovit\u00e9, a\u017e podlhovast\u00e9, sediace, protistojn\u00e9, z\u00fabkat\u00e9. Kvety s\u00fa biele a\u017e bledoru\u017eov\u00e9, vyrastaj\u00fa v&nbsp;klasoch, so \u017eltou \u0161kvrnou na spodnom pysku. [&hellip;]","og_url":"https:\/\/www.liecivebyliny.eu\/?page_id=199","og_site_name":"liecivebyliny.eu","article_modified_time":"2023-12-21T20:42:40+00:00","og_image":[{"url":"https:\/\/www.liecivebyliny.eu\/wp-content\/uploads\/2023\/12\/image-15.jpeg"}],"twitter_card":"summary_large_image","twitter_misc":{"Predpokladan\u00fd \u010das \u010d\u00edtania":"3 min\u00faty"},"schema":{"@context":"https:\/\/schema.org","@graph":[{"@type":"WebPage","@id":"https:\/\/www.liecivebyliny.eu\/?page_id=199","url":"https:\/\/www.liecivebyliny.eu\/?page_id=199","name":"Euphrasia rostkoviana&nbsp;Hayne.&nbsp; - liecivebyliny.eu","isPartOf":{"@id":"https:\/\/www.liecivebyliny.eu\/#website"},"datePublished":"2023-12-21T20:42:39+00:00","dateModified":"2023-12-21T20:42:40+00:00","breadcrumb":{"@id":"https:\/\/www.liecivebyliny.eu\/?page_id=199#breadcrumb"},"inLanguage":"sk-SK","potentialAction":[{"@type":"ReadAction","target":["https:\/\/www.liecivebyliny.eu\/?page_id=199"]}]},{"@type":"BreadcrumbList","@id":"https:\/\/www.liecivebyliny.eu\/?page_id=199#breadcrumb","itemListElement":[{"@type":"ListItem","position":1,"name":"Home","item":"https:\/\/www.liecivebyliny.eu\/"},{"@type":"ListItem","position":2,"name":"Euphrasia rostkoviana&nbsp;Hayne.&nbsp;"}]},{"@type":"WebSite","@id":"https:\/\/www.liecivebyliny.eu\/#website","url":"https:\/\/www.liecivebyliny.eu\/","name":"liecivebyliny.eu","description":"","potentialAction":[{"@type":"SearchAction","target":{"@type":"EntryPoint","urlTemplate":"https:\/\/www.liecivebyliny.eu\/?s={search_term_string}"},"query-input":"required name=search_term_string"}],"inLanguage":"sk-SK"}]}},"_links":{"self":[{"href":"https:\/\/www.liecivebyliny.eu\/index.php?rest_route=\/wp\/v2\/pages\/199"}],"collection":[{"href":"https:\/\/www.liecivebyliny.eu\/index.php?rest_route=\/wp\/v2\/pages"}],"about":[{"href":"https:\/\/www.liecivebyliny.eu\/index.php?rest_route=\/wp\/v2\/types\/page"}],"author":[{"embeddable":true,"href":"https:\/\/www.liecivebyliny.eu\/index.php?rest_route=\/wp\/v2\/users\/1"}],"replies":[{"embeddable":true,"href":"https:\/\/www.liecivebyliny.eu\/index.php?rest_route=%2Fwp%2Fv2%2Fcomments&post=199"}],"version-history":[{"count":1,"href":"https:\/\/www.liecivebyliny.eu\/index.php?rest_route=\/wp\/v2\/pages\/199\/revisions"}],"predecessor-version":[{"id":202,"href":"https:\/\/www.liecivebyliny.eu\/index.php?rest_route=\/wp\/v2\/pages\/199\/revisions\/202"}],"wp:attachment":[{"href":"https:\/\/www.liecivebyliny.eu\/index.php?rest_route=%2Fwp%2Fv2%2Fmedia&parent=199"}],"curies":[{"name":"wp","href":"https:\/\/api.w.org\/{rel}","templated":true}]}}