{"id":2,"date":"2023-12-28T14:29:04","date_gmt":"2023-12-28T13:29:04","guid":{"rendered":"https:\/\/www.liecivebyliny.eu\/?page_id=2"},"modified":"2023-12-21T15:25:35","modified_gmt":"2023-12-21T14:25:35","slug":"ukazkova-stranka","status":"publish","type":"page","link":"https:\/\/www.liecivebyliny.eu\/","title":{"rendered":"\u00davod"},"content":{"rendered":"\n<blockquote class=\"wp-block-quote\">\n<p>Lie\u010div\u00e9 rastliny s\u00fa s\u00fa\u010das\u0165ou n\u00e1\u0161ho ka\u017edodenn\u00e9ho \u017eivota a ovplyv\u0148uj\u00fa existenciu ka\u017ed\u00e9ho jedn\u00e9ho \u010dloveka. Kedysi boli rastliny vyu\u017e\u00edvan\u00e9 iba ako zdroj potravy, no ich lie\u010div\u00e1 sila nezostala skryt\u00e1. U\u017e pred mnoh\u00fdmi tis\u00edcro\u010diami si \u013eudia uvedomili, \u017ee rastliny dok\u00e1\u017eu napom\u00f4c\u0165 pri r\u00f4znych \u0165a\u017ekostiach, \u010di lie\u010dbe viacer\u00fdch ochoren\u00ed. Cie\u013eom tejto webovskej str\u00e1nky&nbsp;je poskytn\u00fa\u0165 v\u0161eobecn\u00e9 poznatky o&nbsp;lie\u010div\u00fdch rastlin\u00e1ch, ich zbere a&nbsp;spracovan\u00ed na drogu. V\u00fdznamn\u00fa \u010das\u0165 tvor\u00ed charakteristika vybran\u00fdch druhov lie\u010div\u00fdch rastl\u00edn. Pri ka\u017edej lie\u010divej rastline je okrem viacjazy\u010dn\u00e9ho pomenovania uveden\u00fd samotn\u00fd opis rastliny, n\u00e1zov drogy, obsahov\u00e9 l\u00e1tky a&nbsp;pou\u017eitie, doplnen\u00e9 o&nbsp;zoznam dostupn\u00fdch v\u00fd\u017eivov\u00fdch pr\u00edpravkov. Popisn\u00fd text pri ka\u017edej rastline sprev\u00e1dza fotografia a&nbsp;\u0161pecifick\u00fd mikroskopick\u00fd n\u00e1kres. Z&nbsp;h\u013eadiska internacionaliz\u00e1cie s\u00fa s\u00fa\u010dat\u0161ou tohto webu aj medzin\u00e1rodn\u00e9 n\u00e1zvy pou\u017e\u00edvan\u00fdch drog.<\/p>\n<\/blockquote>\n","protected":false},"excerpt":{"rendered":"<p>Lie\u010div\u00e9 rastliny s\u00fa s\u00fa\u010das\u0165ou n\u00e1\u0161ho ka\u017edodenn\u00e9ho \u017eivota a ovplyv\u0148uj\u00fa existenciu ka\u017ed\u00e9ho jedn\u00e9ho \u010dloveka. Kedysi boli rastliny vyu\u017e\u00edvan\u00e9 iba ako zdroj potravy, no ich lie\u010div\u00e1 sila nezostala skryt\u00e1. U\u017e pred mnoh\u00fdmi tis\u00edcro\u010diami si \u013eudia uvedomili, \u017ee rastliny dok\u00e1\u017eu napom\u00f4c\u0165 pri r\u00f4znych \u0165a\u017ekostiach, \u010di lie\u010dbe viacer\u00fdch ochoren\u00ed. Cie\u013eom tejto webovskej str\u00e1nky&nbsp;je poskytn\u00fa\u0165 v\u0161eobecn\u00e9 poznatky o&nbsp;lie\u010div\u00fdch rastlin\u00e1ch, ich [&hellip;]<\/p>\n","protected":false},"author":1,"featured_media":0,"parent":0,"menu_order":0,"comment_status":"closed","ping_status":"closed","template":"","meta":{"_mi_skip_tracking":false},"yoast_head":"<!-- This site is optimized with the Yoast SEO plugin v20.4 - https:\/\/yoast.com\/wordpress\/plugins\/seo\/ -->\n<title>\u00davod - liecivebyliny.eu<\/title>\n<meta name=\"robots\" content=\"index, follow, max-snippet:-1, max-image-preview:large, max-video-preview:-1\" \/>\n<link rel=\"canonical\" href=\"https:\/\/www.liecivebyliny.eu\/\" \/>\n<meta property=\"og:locale\" content=\"sk_SK\" \/>\n<meta property=\"og:type\" content=\"article\" \/>\n<meta property=\"og:title\" content=\"\u00davod - liecivebyliny.eu\" \/>\n<meta property=\"og:description\" content=\"Lie\u010div\u00e9 rastliny s\u00fa s\u00fa\u010das\u0165ou n\u00e1\u0161ho ka\u017edodenn\u00e9ho \u017eivota a ovplyv\u0148uj\u00fa existenciu ka\u017ed\u00e9ho jedn\u00e9ho \u010dloveka. Kedysi boli rastliny vyu\u017e\u00edvan\u00e9 iba ako zdroj potravy, no ich lie\u010div\u00e1 sila nezostala skryt\u00e1. U\u017e pred mnoh\u00fdmi tis\u00edcro\u010diami si \u013eudia uvedomili, \u017ee rastliny dok\u00e1\u017eu napom\u00f4c\u0165 pri r\u00f4znych \u0165a\u017ekostiach, \u010di lie\u010dbe viacer\u00fdch ochoren\u00ed. Cie\u013eom tejto webovskej str\u00e1nky&nbsp;je poskytn\u00fa\u0165 v\u0161eobecn\u00e9 poznatky o&nbsp;lie\u010div\u00fdch rastlin\u00e1ch, ich [&hellip;]\" \/>\n<meta property=\"og:url\" content=\"https:\/\/www.liecivebyliny.eu\/\" \/>\n<meta property=\"og:site_name\" content=\"liecivebyliny.eu\" \/>\n<meta property=\"article:modified_time\" content=\"2023-12-21T14:25:35+00:00\" \/>\n<meta name=\"twitter:card\" content=\"summary_large_image\" \/>\n<meta name=\"twitter:label1\" content=\"Predpokladan\u00fd \u010das \u010d\u00edtania\" \/>\n\t<meta name=\"twitter:data1\" content=\"1 min\u00fata\" \/>\n<script type=\"application\/ld+json\" class=\"yoast-schema-graph\">{\"@context\":\"https:\/\/schema.org\",\"@graph\":[{\"@type\":\"WebPage\",\"@id\":\"https:\/\/www.liecivebyliny.eu\/\",\"url\":\"https:\/\/www.liecivebyliny.eu\/\",\"name\":\"\u00davod - liecivebyliny.eu\",\"isPartOf\":{\"@id\":\"https:\/\/www.liecivebyliny.eu\/#website\"},\"datePublished\":\"2023-12-28T13:29:04+00:00\",\"dateModified\":\"2023-12-21T14:25:35+00:00\",\"breadcrumb\":{\"@id\":\"https:\/\/www.liecivebyliny.eu\/#breadcrumb\"},\"inLanguage\":\"sk-SK\",\"potentialAction\":[{\"@type\":\"ReadAction\",\"target\":[\"https:\/\/www.liecivebyliny.eu\/\"]}]},{\"@type\":\"BreadcrumbList\",\"@id\":\"https:\/\/www.liecivebyliny.eu\/#breadcrumb\",\"itemListElement\":[{\"@type\":\"ListItem\",\"position\":1,\"name\":\"Home\",\"item\":\"https:\/\/www.liecivebyliny.eu\/\"},{\"@type\":\"ListItem\",\"position\":2,\"name\":\"\u00davod\"}]},{\"@type\":\"WebSite\",\"@id\":\"https:\/\/www.liecivebyliny.eu\/#website\",\"url\":\"https:\/\/www.liecivebyliny.eu\/\",\"name\":\"liecivebyliny.eu\",\"description\":\"\",\"potentialAction\":[{\"@type\":\"SearchAction\",\"target\":{\"@type\":\"EntryPoint\",\"urlTemplate\":\"https:\/\/www.liecivebyliny.eu\/?s={search_term_string}\"},\"query-input\":\"required name=search_term_string\"}],\"inLanguage\":\"sk-SK\"}]}<\/script>\n<!-- \/ Yoast SEO plugin. -->","yoast_head_json":{"title":"\u00davod - liecivebyliny.eu","robots":{"index":"index","follow":"follow","max-snippet":"max-snippet:-1","max-image-preview":"max-image-preview:large","max-video-preview":"max-video-preview:-1"},"canonical":"https:\/\/www.liecivebyliny.eu\/","og_locale":"sk_SK","og_type":"article","og_title":"\u00davod - liecivebyliny.eu","og_description":"Lie\u010div\u00e9 rastliny s\u00fa s\u00fa\u010das\u0165ou n\u00e1\u0161ho ka\u017edodenn\u00e9ho \u017eivota a ovplyv\u0148uj\u00fa existenciu ka\u017ed\u00e9ho jedn\u00e9ho \u010dloveka. Kedysi boli rastliny vyu\u017e\u00edvan\u00e9 iba ako zdroj potravy, no ich lie\u010div\u00e1 sila nezostala skryt\u00e1. U\u017e pred mnoh\u00fdmi tis\u00edcro\u010diami si \u013eudia uvedomili, \u017ee rastliny dok\u00e1\u017eu napom\u00f4c\u0165 pri r\u00f4znych \u0165a\u017ekostiach, \u010di lie\u010dbe viacer\u00fdch ochoren\u00ed. Cie\u013eom tejto webovskej str\u00e1nky&nbsp;je poskytn\u00fa\u0165 v\u0161eobecn\u00e9 poznatky o&nbsp;lie\u010div\u00fdch rastlin\u00e1ch, ich [&hellip;]","og_url":"https:\/\/www.liecivebyliny.eu\/","og_site_name":"liecivebyliny.eu","article_modified_time":"2023-12-21T14:25:35+00:00","twitter_card":"summary_large_image","twitter_misc":{"Predpokladan\u00fd \u010das \u010d\u00edtania":"1 min\u00fata"},"schema":{"@context":"https:\/\/schema.org","@graph":[{"@type":"WebPage","@id":"https:\/\/www.liecivebyliny.eu\/","url":"https:\/\/www.liecivebyliny.eu\/","name":"\u00davod - liecivebyliny.eu","isPartOf":{"@id":"https:\/\/www.liecivebyliny.eu\/#website"},"datePublished":"2023-12-28T13:29:04+00:00","dateModified":"2023-12-21T14:25:35+00:00","breadcrumb":{"@id":"https:\/\/www.liecivebyliny.eu\/#breadcrumb"},"inLanguage":"sk-SK","potentialAction":[{"@type":"ReadAction","target":["https:\/\/www.liecivebyliny.eu\/"]}]},{"@type":"BreadcrumbList","@id":"https:\/\/www.liecivebyliny.eu\/#breadcrumb","itemListElement":[{"@type":"ListItem","position":1,"name":"Home","item":"https:\/\/www.liecivebyliny.eu\/"},{"@type":"ListItem","position":2,"name":"\u00davod"}]},{"@type":"WebSite","@id":"https:\/\/www.liecivebyliny.eu\/#website","url":"https:\/\/www.liecivebyliny.eu\/","name":"liecivebyliny.eu","description":"","potentialAction":[{"@type":"SearchAction","target":{"@type":"EntryPoint","urlTemplate":"https:\/\/www.liecivebyliny.eu\/?s={search_term_string}"},"query-input":"required name=search_term_string"}],"inLanguage":"sk-SK"}]}},"_links":{"self":[{"href":"https:\/\/www.liecivebyliny.eu\/index.php?rest_route=\/wp\/v2\/pages\/2"}],"collection":[{"href":"https:\/\/www.liecivebyliny.eu\/index.php?rest_route=\/wp\/v2\/pages"}],"about":[{"href":"https:\/\/www.liecivebyliny.eu\/index.php?rest_route=\/wp\/v2\/types\/page"}],"author":[{"embeddable":true,"href":"https:\/\/www.liecivebyliny.eu\/index.php?rest_route=\/wp\/v2\/users\/1"}],"replies":[{"embeddable":true,"href":"https:\/\/www.liecivebyliny.eu\/index.php?rest_route=%2Fwp%2Fv2%2Fcomments&post=2"}],"version-history":[{"count":7,"href":"https:\/\/www.liecivebyliny.eu\/index.php?rest_route=\/wp\/v2\/pages\/2\/revisions"}],"predecessor-version":[{"id":501,"href":"https:\/\/www.liecivebyliny.eu\/index.php?rest_route=\/wp\/v2\/pages\/2\/revisions\/501"}],"wp:attachment":[{"href":"https:\/\/www.liecivebyliny.eu\/index.php?rest_route=%2Fwp%2Fv2%2Fmedia&parent=2"}],"curies":[{"name":"wp","href":"https:\/\/api.w.org\/{rel}","templated":true}]}}