{"id":213,"date":"2023-12-21T21:49:42","date_gmt":"2023-12-21T20:49:42","guid":{"rendered":"https:\/\/www.liecivebyliny.eu\/?page_id=213"},"modified":"2023-12-21T21:49:43","modified_gmt":"2023-12-21T20:49:43","slug":"fragaria-vesca-l","status":"publish","type":"page","link":"https:\/\/www.liecivebyliny.eu\/?page_id=213","title":{"rendered":"<em>Fragaria vesca<\/em>&nbsp;L."},"content":{"rendered":"<div class=\"wp-block-image\">\n<figure class=\"aligncenter size-full\"><img decoding=\"async\" loading=\"lazy\" width=\"248\" height=\"334\" src=\"https:\/\/www.liecivebyliny.eu\/wp-content\/uploads\/2023\/12\/image-17.jpeg\" alt=\"\" class=\"wp-image-214\" srcset=\"https:\/\/www.liecivebyliny.eu\/wp-content\/uploads\/2023\/12\/image-17.jpeg 248w, https:\/\/www.liecivebyliny.eu\/wp-content\/uploads\/2023\/12\/image-17-223x300.jpeg 223w\" sizes=\"(max-width: 248px) 100vw, 248px\" \/><figcaption class=\"wp-element-caption\">Kahoda oby\u010dajn\u00e1<\/figcaption><\/figure><\/div>\n\n\n<p><strong>Slovensk\u00fd n\u00e1zov:\u00a0<\/strong>jahoda oby\u010dajn\u00e1<\/p>\n\n\n\n<p><strong>Anglick\u00fd n\u00e1zov:<\/strong>&nbsp;Wild strawberry<\/p>\n\n\n\n<p><strong>\u010cesk\u00fd n\u00e1zov:<\/strong>&nbsp;jahodn\u00edk obecn\u00fd<\/p>\n\n\n\n<p><strong>\u013dudov\u00e9 n\u00e1zvy:<\/strong>&nbsp;jah\u00f4dka, zemnica, smokvica<\/p>\n\n\n\n<p><strong>\u010ce\u013ea\u010f:<\/strong>&nbsp;<em>Rosaceae&nbsp;<\/em>(ru\u017eovit\u00e9)<\/p>\n\n\n\n<p><strong>Botanick\u00e1 charakteristika:&nbsp;<\/strong>Trv\u00e1ca 10 \u2013 30 cm vysok\u00e1 bylina s&nbsp;plazivou stonkou. Listy s\u00fa zlo\u017een\u00e9 z&nbsp;troch vajcovit\u00fdch listov, ulo\u017een\u00e9 v&nbsp;pr\u00edzemnej ru\u017eici. Kvety s\u00fa biele s p\u00e4\u0165po\u010detnou korunou, usporiadan\u00e9 jednotlivo alebo vo vrchol\u00edku. Neprav\u00fdm plodom je s\u00faplodie na\u017eiek (jahoda), zlo\u017een\u00e9 z&nbsp;ve\u013ek\u00e9ho po\u010dtu semien.<\/p>\n\n\n\n<p><strong>Mikroskopick\u00fd n\u00e1kres:<\/strong><\/p>\n\n\n<div class=\"wp-block-image\">\n<figure class=\"aligncenter size-full is-resized\"><img decoding=\"async\" loading=\"lazy\" src=\"https:\/\/www.liecivebyliny.eu\/wp-content\/uploads\/2023\/12\/image-20.png\" alt=\"\" class=\"wp-image-215\" width=\"294\" height=\"279\" srcset=\"https:\/\/www.liecivebyliny.eu\/wp-content\/uploads\/2023\/12\/image-20.png 324w, https:\/\/www.liecivebyliny.eu\/wp-content\/uploads\/2023\/12\/image-20-300x285.png 300w\" sizes=\"(max-width: 294px) 100vw, 294px\" \/><figcaption class=\"wp-element-caption\"><em>N\u00e1kres zobrazuje spodn\u00fa poko\u017eku listu jahody oby\u010dajnej s\u00a0prieduchmi.<\/em><\/figcaption><\/figure><\/div>\n\n\n<p><\/p>\n\n\n\n<p><strong>Roz\u0161\u00edrenie:<\/strong>&nbsp;Rastie na okrajoch lesov, na r\u00fabanisk\u00e1ch, lesn\u00fdch \u010distin\u00e1ch, l\u00fakach.<\/p>\n\n\n\n<p><strong>Droga:&nbsp;<\/strong><em>Fragariae folium, F. herba, F. fructus<\/em><\/p>\n\n\n\n<p><strong>Sp\u00f4sob zberu:<\/strong>&nbsp;Listy jahody oby\u010dajnej sa zbieraj\u00fa od m\u00e1ja do augusta. Zbieraj\u00fa sa ru\u010dne aj so stopkami, zvy\u010dajne po zbere plodov.&nbsp;<\/p>\n\n\n\n<p><strong>Su\u0161enie:<\/strong>&nbsp;Listy sa su\u0161ia prirodzen\u00fdm sp\u00f4sobom v&nbsp;tenkej vrstve na vzdu\u0161nom a tienistom mieste. Umel\u00fdm sp\u00f4sobom v&nbsp;su\u0161iarni, kde teplota nesmie prekro\u010di\u0165 40 \u00b0C.&nbsp;<\/p>\n\n\n\n<p><strong>Obsahov\u00e9 l\u00e1tky:<\/strong>&nbsp;K&nbsp;hlavn\u00fdm obsahov\u00fdm l\u00e1tkam jahody oby\u010dajnej patria el\u00e1gov\u00e9 triesloviny, flavonoidy, deriv\u00e1ty fenolov\u00fdch kysel\u00edn,&nbsp;vitam\u00edn C a stopy sil\u00edc.<\/p>\n\n\n\n<p><strong>Pou\u017eitie:<\/strong>&nbsp;Pre ni\u017e\u0161\u00ed obsah trieslov\u00edn sa jahoda oby\u010dajn\u00e1 pou\u017e\u00edva ako slab\u00fd s\u0165ahuj\u00faci prostriedok pri&nbsp;miernych hna\u010dk\u00e1ch a&nbsp;\u013eah\u0161\u00edch z\u00e1palov sliznice \u00fast. Vzh\u013eadom k&nbsp;tomu, \u017ee listy jahody oby\u010dajnej s\u00fa nedr\u00e1\u017ediv\u00e9, zvykn\u00fa sa prid\u00e1va\u0165 aj do detsk\u00fdch \u010dajov\u00edn.<\/p>\n\n\n\n<p><strong>Tradi\u010dn\u00fd sp\u00f4sob pou\u017eitia v&nbsp;indik\u00e1ci\u00e1ch ur\u010den\u00fdch v\u00fdhradne na z\u00e1klade dlhodob\u00e9ho pou\u017e\u00edvania:<\/strong><\/p>\n\n\n\n<ul>\n<li>zv\u00fd\u0161enie tvorby a&nbsp;vylu\u010dovania mo\u010du pri ochoreniach mo\u010dov\u00fdch ciest,<\/li>\n\n\n\n<li>symptomatick\u00e1 lie\u010dba miernej hna\u010dky.<\/li>\n<\/ul>\n\n\n\n<p><strong>Vybran\u00e9 rastlinn\u00e9 pr\u00edpravky:<\/strong>&nbsp;AGROKARPATY JAHODA OBY\u010cAJN\u00c1 list bylinn\u00fd \u010daj 1&#215;30&nbsp;g, FYTO JAHODA &amp; ECHINACEA ovocno-bylinn\u00fd \u010daj 20&#215;2 g, JUVAMED JAHODA OBY\u010cAJN\u00c1 bylinn\u00fd \u010daj sypan\u00fd 1&#215;40 g, Sunar Rozpustn\u00fd n\u00e1poj Jahodov\u00fd v&nbsp;pr\u00e1\u0161ku 200 g, Kitl \u017divotabudi\u010d sirup 500 ml.&nbsp;<\/p>\n","protected":false},"excerpt":{"rendered":"<p>Slovensk\u00fd n\u00e1zov:\u00a0jahoda oby\u010dajn\u00e1 Anglick\u00fd n\u00e1zov:&nbsp;Wild strawberry \u010cesk\u00fd n\u00e1zov:&nbsp;jahodn\u00edk obecn\u00fd \u013dudov\u00e9 n\u00e1zvy:&nbsp;jah\u00f4dka, zemnica, smokvica \u010ce\u013ea\u010f:&nbsp;Rosaceae&nbsp;(ru\u017eovit\u00e9) Botanick\u00e1 charakteristika:&nbsp;Trv\u00e1ca 10 \u2013 30 cm vysok\u00e1 bylina s&nbsp;plazivou stonkou. Listy s\u00fa zlo\u017een\u00e9 z&nbsp;troch vajcovit\u00fdch listov, ulo\u017een\u00e9 v&nbsp;pr\u00edzemnej ru\u017eici. Kvety s\u00fa biele s p\u00e4\u0165po\u010detnou korunou, usporiadan\u00e9 jednotlivo alebo vo vrchol\u00edku. Neprav\u00fdm plodom je s\u00faplodie na\u017eiek (jahoda), zlo\u017een\u00e9 z&nbsp;ve\u013ek\u00e9ho po\u010dtu semien. Mikroskopick\u00fd [&hellip;]<\/p>\n","protected":false},"author":1,"featured_media":0,"parent":0,"menu_order":0,"comment_status":"closed","ping_status":"closed","template":"","meta":{"_mi_skip_tracking":false},"yoast_head":"<!-- This site is optimized with the Yoast SEO plugin v20.4 - https:\/\/yoast.com\/wordpress\/plugins\/seo\/ -->\n<title>Fragaria vesca&nbsp;L. - liecivebyliny.eu<\/title>\n<meta name=\"robots\" content=\"index, follow, max-snippet:-1, max-image-preview:large, max-video-preview:-1\" \/>\n<link rel=\"canonical\" href=\"https:\/\/www.liecivebyliny.eu\/?page_id=213\" \/>\n<meta property=\"og:locale\" content=\"sk_SK\" \/>\n<meta property=\"og:type\" content=\"article\" \/>\n<meta property=\"og:title\" content=\"Fragaria vesca&nbsp;L. - liecivebyliny.eu\" \/>\n<meta property=\"og:description\" content=\"Slovensk\u00fd n\u00e1zov:\u00a0jahoda oby\u010dajn\u00e1 Anglick\u00fd n\u00e1zov:&nbsp;Wild strawberry \u010cesk\u00fd n\u00e1zov:&nbsp;jahodn\u00edk obecn\u00fd \u013dudov\u00e9 n\u00e1zvy:&nbsp;jah\u00f4dka, zemnica, smokvica \u010ce\u013ea\u010f:&nbsp;Rosaceae&nbsp;(ru\u017eovit\u00e9) Botanick\u00e1 charakteristika:&nbsp;Trv\u00e1ca 10 \u2013 30 cm vysok\u00e1 bylina s&nbsp;plazivou stonkou. Listy s\u00fa zlo\u017een\u00e9 z&nbsp;troch vajcovit\u00fdch listov, ulo\u017een\u00e9 v&nbsp;pr\u00edzemnej ru\u017eici. Kvety s\u00fa biele s p\u00e4\u0165po\u010detnou korunou, usporiadan\u00e9 jednotlivo alebo vo vrchol\u00edku. Neprav\u00fdm plodom je s\u00faplodie na\u017eiek (jahoda), zlo\u017een\u00e9 z&nbsp;ve\u013ek\u00e9ho po\u010dtu semien. Mikroskopick\u00fd [&hellip;]\" \/>\n<meta property=\"og:url\" content=\"https:\/\/www.liecivebyliny.eu\/?page_id=213\" \/>\n<meta property=\"og:site_name\" content=\"liecivebyliny.eu\" \/>\n<meta property=\"article:modified_time\" content=\"2023-12-21T20:49:43+00:00\" \/>\n<meta property=\"og:image\" content=\"https:\/\/www.liecivebyliny.eu\/wp-content\/uploads\/2023\/12\/image-17.jpeg\" \/>\n<meta name=\"twitter:card\" content=\"summary_large_image\" \/>\n<meta name=\"twitter:label1\" content=\"Predpokladan\u00fd \u010das \u010d\u00edtania\" \/>\n\t<meta name=\"twitter:data1\" content=\"2 min\u00faty\" \/>\n<script type=\"application\/ld+json\" class=\"yoast-schema-graph\">{\"@context\":\"https:\/\/schema.org\",\"@graph\":[{\"@type\":\"WebPage\",\"@id\":\"https:\/\/www.liecivebyliny.eu\/?page_id=213\",\"url\":\"https:\/\/www.liecivebyliny.eu\/?page_id=213\",\"name\":\"Fragaria vesca&nbsp;L. - liecivebyliny.eu\",\"isPartOf\":{\"@id\":\"https:\/\/www.liecivebyliny.eu\/#website\"},\"datePublished\":\"2023-12-21T20:49:42+00:00\",\"dateModified\":\"2023-12-21T20:49:43+00:00\",\"breadcrumb\":{\"@id\":\"https:\/\/www.liecivebyliny.eu\/?page_id=213#breadcrumb\"},\"inLanguage\":\"sk-SK\",\"potentialAction\":[{\"@type\":\"ReadAction\",\"target\":[\"https:\/\/www.liecivebyliny.eu\/?page_id=213\"]}]},{\"@type\":\"BreadcrumbList\",\"@id\":\"https:\/\/www.liecivebyliny.eu\/?page_id=213#breadcrumb\",\"itemListElement\":[{\"@type\":\"ListItem\",\"position\":1,\"name\":\"Home\",\"item\":\"https:\/\/www.liecivebyliny.eu\/\"},{\"@type\":\"ListItem\",\"position\":2,\"name\":\"Fragaria vesca&nbsp;L.\"}]},{\"@type\":\"WebSite\",\"@id\":\"https:\/\/www.liecivebyliny.eu\/#website\",\"url\":\"https:\/\/www.liecivebyliny.eu\/\",\"name\":\"liecivebyliny.eu\",\"description\":\"\",\"potentialAction\":[{\"@type\":\"SearchAction\",\"target\":{\"@type\":\"EntryPoint\",\"urlTemplate\":\"https:\/\/www.liecivebyliny.eu\/?s={search_term_string}\"},\"query-input\":\"required name=search_term_string\"}],\"inLanguage\":\"sk-SK\"}]}<\/script>\n<!-- \/ Yoast SEO plugin. -->","yoast_head_json":{"title":"Fragaria vesca&nbsp;L. - liecivebyliny.eu","robots":{"index":"index","follow":"follow","max-snippet":"max-snippet:-1","max-image-preview":"max-image-preview:large","max-video-preview":"max-video-preview:-1"},"canonical":"https:\/\/www.liecivebyliny.eu\/?page_id=213","og_locale":"sk_SK","og_type":"article","og_title":"Fragaria vesca&nbsp;L. - liecivebyliny.eu","og_description":"Slovensk\u00fd n\u00e1zov:\u00a0jahoda oby\u010dajn\u00e1 Anglick\u00fd n\u00e1zov:&nbsp;Wild strawberry \u010cesk\u00fd n\u00e1zov:&nbsp;jahodn\u00edk obecn\u00fd \u013dudov\u00e9 n\u00e1zvy:&nbsp;jah\u00f4dka, zemnica, smokvica \u010ce\u013ea\u010f:&nbsp;Rosaceae&nbsp;(ru\u017eovit\u00e9) Botanick\u00e1 charakteristika:&nbsp;Trv\u00e1ca 10 \u2013 30 cm vysok\u00e1 bylina s&nbsp;plazivou stonkou. Listy s\u00fa zlo\u017een\u00e9 z&nbsp;troch vajcovit\u00fdch listov, ulo\u017een\u00e9 v&nbsp;pr\u00edzemnej ru\u017eici. Kvety s\u00fa biele s p\u00e4\u0165po\u010detnou korunou, usporiadan\u00e9 jednotlivo alebo vo vrchol\u00edku. Neprav\u00fdm plodom je s\u00faplodie na\u017eiek (jahoda), zlo\u017een\u00e9 z&nbsp;ve\u013ek\u00e9ho po\u010dtu semien. Mikroskopick\u00fd [&hellip;]","og_url":"https:\/\/www.liecivebyliny.eu\/?page_id=213","og_site_name":"liecivebyliny.eu","article_modified_time":"2023-12-21T20:49:43+00:00","og_image":[{"url":"https:\/\/www.liecivebyliny.eu\/wp-content\/uploads\/2023\/12\/image-17.jpeg"}],"twitter_card":"summary_large_image","twitter_misc":{"Predpokladan\u00fd \u010das \u010d\u00edtania":"2 min\u00faty"},"schema":{"@context":"https:\/\/schema.org","@graph":[{"@type":"WebPage","@id":"https:\/\/www.liecivebyliny.eu\/?page_id=213","url":"https:\/\/www.liecivebyliny.eu\/?page_id=213","name":"Fragaria vesca&nbsp;L. - liecivebyliny.eu","isPartOf":{"@id":"https:\/\/www.liecivebyliny.eu\/#website"},"datePublished":"2023-12-21T20:49:42+00:00","dateModified":"2023-12-21T20:49:43+00:00","breadcrumb":{"@id":"https:\/\/www.liecivebyliny.eu\/?page_id=213#breadcrumb"},"inLanguage":"sk-SK","potentialAction":[{"@type":"ReadAction","target":["https:\/\/www.liecivebyliny.eu\/?page_id=213"]}]},{"@type":"BreadcrumbList","@id":"https:\/\/www.liecivebyliny.eu\/?page_id=213#breadcrumb","itemListElement":[{"@type":"ListItem","position":1,"name":"Home","item":"https:\/\/www.liecivebyliny.eu\/"},{"@type":"ListItem","position":2,"name":"Fragaria vesca&nbsp;L."}]},{"@type":"WebSite","@id":"https:\/\/www.liecivebyliny.eu\/#website","url":"https:\/\/www.liecivebyliny.eu\/","name":"liecivebyliny.eu","description":"","potentialAction":[{"@type":"SearchAction","target":{"@type":"EntryPoint","urlTemplate":"https:\/\/www.liecivebyliny.eu\/?s={search_term_string}"},"query-input":"required name=search_term_string"}],"inLanguage":"sk-SK"}]}},"_links":{"self":[{"href":"https:\/\/www.liecivebyliny.eu\/index.php?rest_route=\/wp\/v2\/pages\/213"}],"collection":[{"href":"https:\/\/www.liecivebyliny.eu\/index.php?rest_route=\/wp\/v2\/pages"}],"about":[{"href":"https:\/\/www.liecivebyliny.eu\/index.php?rest_route=\/wp\/v2\/types\/page"}],"author":[{"embeddable":true,"href":"https:\/\/www.liecivebyliny.eu\/index.php?rest_route=\/wp\/v2\/users\/1"}],"replies":[{"embeddable":true,"href":"https:\/\/www.liecivebyliny.eu\/index.php?rest_route=%2Fwp%2Fv2%2Fcomments&post=213"}],"version-history":[{"count":1,"href":"https:\/\/www.liecivebyliny.eu\/index.php?rest_route=\/wp\/v2\/pages\/213\/revisions"}],"predecessor-version":[{"id":216,"href":"https:\/\/www.liecivebyliny.eu\/index.php?rest_route=\/wp\/v2\/pages\/213\/revisions\/216"}],"wp:attachment":[{"href":"https:\/\/www.liecivebyliny.eu\/index.php?rest_route=%2Fwp%2Fv2%2Fmedia&parent=213"}],"curies":[{"name":"wp","href":"https:\/\/api.w.org\/{rel}","templated":true}]}}