{"id":227,"date":"2023-12-21T21:56:48","date_gmt":"2023-12-21T20:56:48","guid":{"rendered":"https:\/\/www.liecivebyliny.eu\/?page_id=227"},"modified":"2024-01-01T19:55:59","modified_gmt":"2024-01-01T18:55:59","slug":"hypericum-perforatum-l","status":"publish","type":"page","link":"https:\/\/www.liecivebyliny.eu\/?page_id=227","title":{"rendered":"<em>Hypericum perforatum<\/em>&nbsp;L<strong>.<\/strong>"},"content":{"rendered":"<div class=\"wp-block-image\">\n<figure class=\"aligncenter size-full\"><img decoding=\"async\" loading=\"lazy\" width=\"252\" height=\"336\" src=\"https:\/\/www.liecivebyliny.eu\/wp-content\/uploads\/2023\/12\/image-19.jpeg\" alt=\"\" class=\"wp-image-228\" srcset=\"https:\/\/www.liecivebyliny.eu\/wp-content\/uploads\/2023\/12\/image-19.jpeg 252w, https:\/\/www.liecivebyliny.eu\/wp-content\/uploads\/2023\/12\/image-19-225x300.jpeg 225w\" sizes=\"(max-width: 252px) 100vw, 252px\" \/><figcaption class=\"wp-element-caption\">\u013dubovn\u00edk bodkovan\u00fd<\/figcaption><\/figure><\/div>\n\n\n<p><strong>Slovensk\u00fd n\u00e1zov:&nbsp;<\/strong>\u013eubovn\u00edk bodkovan\u00fd<\/p>\n\n\n\n<p><strong>Anglick\u00fd n\u00e1zov:<\/strong>&nbsp;Perforate st John\u00b4s Wort<\/p>\n\n\n\n<p><strong>\u010cesk\u00fd n\u00e1zov:<\/strong>&nbsp;t\u0159ezalka te\u010dkovan\u00e1<\/p>\n\n\n\n<p><strong>\u013dudov\u00e9 n\u00e1zvy:<\/strong>&nbsp;sv\u00e4toj\u00e1nska bylina, l\u00e1skavec, \u013euben\u00edk<\/p>\n\n\n\n<p><strong>\u010ce\u013ea\u010f:<\/strong>&nbsp;<em>Hypericaceae&nbsp;<\/em>(\u013eubovn\u00edkovit\u00e9)<\/p>\n\n\n\n<p><strong>Botanick\u00e1 charakteristika:<\/strong>&nbsp;Trv\u00e1ca rastlina, vysok\u00e1 30 \u2013 70 cm. Stonka je dvojhrann\u00e1. Listy s\u00fa protistojn\u00e9, vajcovit\u00e9, celistvookrajov\u00e9, priesvitno-bodkov\u00e9 so sili\u010dnat\u00fdmi \u017eliazkami. Kvety \u017eltej farby s\u00fa usporiadan\u00e9 vo vrchol\u00edkovit\u00fdch s\u00fakvetiach. Plodom je \u017e\u013eaznat\u00e1 tobolka.&nbsp;<\/p>\n\n\n\n<p><strong>Mikroskopick\u00fd n\u00e1kres:<\/strong><\/p>\n\n\n<div class=\"wp-block-image\">\n<figure class=\"aligncenter size-full is-resized\"><img decoding=\"async\" loading=\"lazy\" src=\"https:\/\/www.liecivebyliny.eu\/wp-content\/uploads\/2023\/12\/image-24.png\" alt=\"\" class=\"wp-image-230\" width=\"392\" height=\"265\" srcset=\"https:\/\/www.liecivebyliny.eu\/wp-content\/uploads\/2023\/12\/image-24.png 438w, https:\/\/www.liecivebyliny.eu\/wp-content\/uploads\/2023\/12\/image-24-300x203.png 300w\" sizes=\"(max-width: 392px) 100vw, 392px\" \/><figcaption class=\"wp-element-caption\">N\u00e1kres zobrazuje prie\u010dny rez listom. Na povrchu listu \u013eubovn\u00edka bodkovan\u00e9ho sa nach\u00e1dza poko\u017eka (a), pod ktorou je umiestnen\u00fd palis\u00e1dov\u00fd parench\u00fdm (b) a&nbsp;n\u00e1sledne hubov\u00fd parench\u00fdm (c). V&nbsp;strede prepar\u00e1tu s\u00fa kolater\u00e1lne cievne zv\u00e4zky (d) a&nbsp;\u017eliazky (e).<\/figcaption><\/figure><\/div>\n\n<div class=\"wp-block-image\">\n<figure class=\"aligncenter size-full is-resized\"><img decoding=\"async\" loading=\"lazy\" src=\"https:\/\/www.liecivebyliny.eu\/wp-content\/uploads\/2024\/01\/hyperici-herba-100x.jpg\" alt=\"\" class=\"wp-image-895\" width=\"408\" height=\"306\" srcset=\"https:\/\/www.liecivebyliny.eu\/wp-content\/uploads\/2024\/01\/hyperici-herba-100x.jpg 640w, https:\/\/www.liecivebyliny.eu\/wp-content\/uploads\/2024\/01\/hyperici-herba-100x-300x225.jpg 300w\" sizes=\"(max-width: 408px) 100vw, 408px\" \/><figcaption class=\"wp-element-caption\">Prie\u010dny rez stonkou \u013eubovn\u00edka bodkovan\u00e9ho (zv\u00e4\u010d\u0161en\u00e9 100x)<\/figcaption><\/figure><\/div>\n\n\n<p><\/p>\n\n\n\n<p><strong>Roz\u0161\u00edrenie:<\/strong>&nbsp;Rastie na slne\u010dn\u00fdch, such\u00fdch stanovi\u0161tiach, okrajoch ciest, lesn\u00fdch porastoch, l\u00fakach chudobn\u00fdch na \u017eiviny.<\/p>\n\n\n\n<p><strong>Droga:<\/strong>&nbsp;<em>Hyperici herba<\/em><\/p>\n\n\n\n<p><strong>Sp\u00f4sob zberu:<\/strong>&nbsp;Kvitne od m\u00e1ja do septembra. V\u0148a\u0165 sa zbiera za such\u00e9ho po\u010dasia na za\u010diatku kvitnutia z\u00e1hradn\u00edckymi no\u017enicami, alebo sa skos\u00ed.<\/p>\n\n\n\n<p><strong>Su\u0161enie:<\/strong>&nbsp;V\u0148a\u0165 \u013eubovn\u00edka bodkovan\u00e9ho sa su\u0161\u00ed prirodzen\u00fdm sp\u00f4sobom v&nbsp;tenk\u00fdch vrstv\u00e1ch na vzdu\u0161nom, tienistom mieste. V\u0148a\u0165 sa m\u00f4\u017ee viaza\u0165 do zv\u00e4zo\u010dkov. Umel\u00fd sp\u00f4sob su\u0161enia je v&nbsp;su\u0161iarni, kde teplota nesmie prekro\u010di\u0165 35 \u00b0C.&nbsp;<\/p>\n\n\n\n<p><strong>Obsahov\u00e9 l\u00e1tky:<\/strong>&nbsp;Vo v\u0148ati \u013eubovn\u00edka bodkovan\u00e9ho s\u00fa obsiahnut\u00e9 naftodiantr\u00f3ny s&nbsp;majoritn\u00fdm zast\u00fapen\u00edm hyperic\u00ednu. Zn\u00e1my je tie\u017e deriv\u00e1t florogluc\u00ednu \u2013 hyperfor\u00edn. Z&nbsp;\u010fal\u0161\u00edch l\u00e1tok je mo\u017en\u00e9 spomen\u00fa\u0165 flavonoidy ako rut\u00edn a&nbsp;hyperozid, katech\u00ednov\u00e9 triesloviny, xant\u00f3ny a&nbsp;mal\u00e9 mno\u017estvo sil\u00edc.<\/p>\n\n\n\n<p><strong>Pou\u017eitie:<\/strong>&nbsp;\u013dubovn\u00edk bodkovan\u00fd sa pou\u017e\u00edva na lie\u010dbu \u013eah\u0161\u00edch foriem depresijn\u00fdch stavov. V\u010faka trieslovin\u00e1m sa m\u00f4\u017ee uplatni\u0165 aj pri&nbsp;hna\u010dkov\u00fdch ochoreniach. Olivov\u00fd olej s&nbsp;v\u00fd\u0165a\u017ekami z&nbsp;\u013eubovn\u00edka bodkovan\u00e9ho sl\u00fa\u017ei na o\u0161etrenie r\u00e1n, pop\u00e1len\u00edn a&nbsp;ekz\u00e9mov. Je d\u00f4le\u017eit\u00e9 upozorni\u0165 na to, \u017ee hyperic\u00edn sp\u00f4sobuje fotodermat\u00f3zu. \u010co znamen\u00e1, \u017ee zvy\u0161uje podr\u00e1\u017edenie poko\u017eky po&nbsp;jej vystaven\u00ed na slnku.<\/p>\n\n\n\n<p><strong>Tradi\u010dn\u00fd sp\u00f4sob pou\u017eitia v&nbsp;indik\u00e1ci\u00e1ch ur\u010den\u00fdch v\u00fdhradne na z\u00e1klade dlhodob\u00e9ho pou\u017e\u00edvania:<\/strong><\/p>\n\n\n\n<ul>\n<li>podporn\u00fd prostriedok pri do\u010dasnom psychickom vy\u010derpan\u00ed,<\/li>\n\n\n\n<li>pomoc pri hojen\u00ed drobn\u00fdch povrchov\u00fdch poranen\u00ed, symptomatick\u00e1 lie\u010dba men\u0161\u00edch ko\u017en\u00fdch z\u00e1palov, vr\u00e1tane sp\u00e1lenia od slnka,<\/li>\n\n\n\n<li>symptomatick\u00e1 lie\u010dba mierneho gastrointestin\u00e1lneho diskomfortu,<\/li>\n\n\n\n<li>podporn\u00e1 lie\u010dba nervov\u00e9ho vy\u010derpania, nepokoja, por\u00fach sp\u00e1nku.<\/li>\n<\/ul>\n\n\n\n<p><strong>Vybran\u00e9 rastlinn\u00e9 pr\u00edpravky:<\/strong>&nbsp;AGROKARPATY BIO \u013dubovn\u00edk bodkovan\u00fd bylinn\u00fd \u010daj 20&#215;2 g, APOTHEKE BYLINN\u00dd \u010cAJ NA \u017dL\u010cN\u00cdK A SLINIVKU 20&#215;1,5 g, ADVANCE Modin cps 60 ks, De-press cps 30 ks,&nbsp;J.V. KVAPKY &#8211; ALMER na pam\u00e4\u0165 a nervov\u00fa s\u00fastavu 50 ml, VIRDE \u013dUBOVN\u00cdKOV\u00dd OLEJ 50 ml.<\/p>\n","protected":false},"excerpt":{"rendered":"<p>Slovensk\u00fd n\u00e1zov:&nbsp;\u013eubovn\u00edk bodkovan\u00fd Anglick\u00fd n\u00e1zov:&nbsp;Perforate st John\u00b4s Wort \u010cesk\u00fd n\u00e1zov:&nbsp;t\u0159ezalka te\u010dkovan\u00e1 \u013dudov\u00e9 n\u00e1zvy:&nbsp;sv\u00e4toj\u00e1nska bylina, l\u00e1skavec, \u013euben\u00edk \u010ce\u013ea\u010f:&nbsp;Hypericaceae&nbsp;(\u013eubovn\u00edkovit\u00e9) Botanick\u00e1 charakteristika:&nbsp;Trv\u00e1ca rastlina, vysok\u00e1 30 \u2013 70 cm. Stonka je dvojhrann\u00e1. Listy s\u00fa protistojn\u00e9, vajcovit\u00e9, celistvookrajov\u00e9, priesvitno-bodkov\u00e9 so sili\u010dnat\u00fdmi \u017eliazkami. Kvety \u017eltej farby s\u00fa usporiadan\u00e9 vo vrchol\u00edkovit\u00fdch s\u00fakvetiach. Plodom je \u017e\u013eaznat\u00e1 tobolka.&nbsp; Mikroskopick\u00fd n\u00e1kres: Roz\u0161\u00edrenie:&nbsp;Rastie na slne\u010dn\u00fdch, such\u00fdch [&hellip;]<\/p>\n","protected":false},"author":1,"featured_media":0,"parent":0,"menu_order":0,"comment_status":"closed","ping_status":"closed","template":"","meta":{"_mi_skip_tracking":false},"yoast_head":"<!-- This site is optimized with the Yoast SEO plugin v20.4 - https:\/\/yoast.com\/wordpress\/plugins\/seo\/ -->\n<title>Hypericum perforatum&nbsp;L. - liecivebyliny.eu<\/title>\n<meta name=\"robots\" content=\"index, follow, max-snippet:-1, max-image-preview:large, max-video-preview:-1\" \/>\n<link rel=\"canonical\" href=\"https:\/\/www.liecivebyliny.eu\/?page_id=227\" \/>\n<meta property=\"og:locale\" content=\"sk_SK\" \/>\n<meta property=\"og:type\" content=\"article\" \/>\n<meta property=\"og:title\" content=\"Hypericum perforatum&nbsp;L. - liecivebyliny.eu\" \/>\n<meta property=\"og:description\" content=\"Slovensk\u00fd n\u00e1zov:&nbsp;\u013eubovn\u00edk bodkovan\u00fd Anglick\u00fd n\u00e1zov:&nbsp;Perforate st John\u00b4s Wort \u010cesk\u00fd n\u00e1zov:&nbsp;t\u0159ezalka te\u010dkovan\u00e1 \u013dudov\u00e9 n\u00e1zvy:&nbsp;sv\u00e4toj\u00e1nska bylina, l\u00e1skavec, \u013euben\u00edk \u010ce\u013ea\u010f:&nbsp;Hypericaceae&nbsp;(\u013eubovn\u00edkovit\u00e9) Botanick\u00e1 charakteristika:&nbsp;Trv\u00e1ca rastlina, vysok\u00e1 30 \u2013 70 cm. Stonka je dvojhrann\u00e1. Listy s\u00fa protistojn\u00e9, vajcovit\u00e9, celistvookrajov\u00e9, priesvitno-bodkov\u00e9 so sili\u010dnat\u00fdmi \u017eliazkami. Kvety \u017eltej farby s\u00fa usporiadan\u00e9 vo vrchol\u00edkovit\u00fdch s\u00fakvetiach. Plodom je \u017e\u013eaznat\u00e1 tobolka.&nbsp; Mikroskopick\u00fd n\u00e1kres: Roz\u0161\u00edrenie:&nbsp;Rastie na slne\u010dn\u00fdch, such\u00fdch [&hellip;]\" \/>\n<meta property=\"og:url\" content=\"https:\/\/www.liecivebyliny.eu\/?page_id=227\" \/>\n<meta property=\"og:site_name\" content=\"liecivebyliny.eu\" \/>\n<meta property=\"article:modified_time\" content=\"2024-01-01T18:55:59+00:00\" \/>\n<meta property=\"og:image\" content=\"https:\/\/www.liecivebyliny.eu\/wp-content\/uploads\/2023\/12\/image-19.jpeg\" \/>\n<meta name=\"twitter:card\" content=\"summary_large_image\" \/>\n<meta name=\"twitter:label1\" content=\"Predpokladan\u00fd \u010das \u010d\u00edtania\" \/>\n\t<meta name=\"twitter:data1\" content=\"3 min\u00faty\" \/>\n<script type=\"application\/ld+json\" class=\"yoast-schema-graph\">{\"@context\":\"https:\/\/schema.org\",\"@graph\":[{\"@type\":\"WebPage\",\"@id\":\"https:\/\/www.liecivebyliny.eu\/?page_id=227\",\"url\":\"https:\/\/www.liecivebyliny.eu\/?page_id=227\",\"name\":\"Hypericum perforatum&nbsp;L. - liecivebyliny.eu\",\"isPartOf\":{\"@id\":\"https:\/\/www.liecivebyliny.eu\/#website\"},\"datePublished\":\"2023-12-21T20:56:48+00:00\",\"dateModified\":\"2024-01-01T18:55:59+00:00\",\"breadcrumb\":{\"@id\":\"https:\/\/www.liecivebyliny.eu\/?page_id=227#breadcrumb\"},\"inLanguage\":\"sk-SK\",\"potentialAction\":[{\"@type\":\"ReadAction\",\"target\":[\"https:\/\/www.liecivebyliny.eu\/?page_id=227\"]}]},{\"@type\":\"BreadcrumbList\",\"@id\":\"https:\/\/www.liecivebyliny.eu\/?page_id=227#breadcrumb\",\"itemListElement\":[{\"@type\":\"ListItem\",\"position\":1,\"name\":\"Home\",\"item\":\"https:\/\/www.liecivebyliny.eu\/\"},{\"@type\":\"ListItem\",\"position\":2,\"name\":\"Hypericum perforatum&nbsp;L.\"}]},{\"@type\":\"WebSite\",\"@id\":\"https:\/\/www.liecivebyliny.eu\/#website\",\"url\":\"https:\/\/www.liecivebyliny.eu\/\",\"name\":\"liecivebyliny.eu\",\"description\":\"\",\"potentialAction\":[{\"@type\":\"SearchAction\",\"target\":{\"@type\":\"EntryPoint\",\"urlTemplate\":\"https:\/\/www.liecivebyliny.eu\/?s={search_term_string}\"},\"query-input\":\"required name=search_term_string\"}],\"inLanguage\":\"sk-SK\"}]}<\/script>\n<!-- \/ Yoast SEO plugin. -->","yoast_head_json":{"title":"Hypericum perforatum&nbsp;L. - liecivebyliny.eu","robots":{"index":"index","follow":"follow","max-snippet":"max-snippet:-1","max-image-preview":"max-image-preview:large","max-video-preview":"max-video-preview:-1"},"canonical":"https:\/\/www.liecivebyliny.eu\/?page_id=227","og_locale":"sk_SK","og_type":"article","og_title":"Hypericum perforatum&nbsp;L. - liecivebyliny.eu","og_description":"Slovensk\u00fd n\u00e1zov:&nbsp;\u013eubovn\u00edk bodkovan\u00fd Anglick\u00fd n\u00e1zov:&nbsp;Perforate st John\u00b4s Wort \u010cesk\u00fd n\u00e1zov:&nbsp;t\u0159ezalka te\u010dkovan\u00e1 \u013dudov\u00e9 n\u00e1zvy:&nbsp;sv\u00e4toj\u00e1nska bylina, l\u00e1skavec, \u013euben\u00edk \u010ce\u013ea\u010f:&nbsp;Hypericaceae&nbsp;(\u013eubovn\u00edkovit\u00e9) Botanick\u00e1 charakteristika:&nbsp;Trv\u00e1ca rastlina, vysok\u00e1 30 \u2013 70 cm. Stonka je dvojhrann\u00e1. Listy s\u00fa protistojn\u00e9, vajcovit\u00e9, celistvookrajov\u00e9, priesvitno-bodkov\u00e9 so sili\u010dnat\u00fdmi \u017eliazkami. Kvety \u017eltej farby s\u00fa usporiadan\u00e9 vo vrchol\u00edkovit\u00fdch s\u00fakvetiach. Plodom je \u017e\u013eaznat\u00e1 tobolka.&nbsp; Mikroskopick\u00fd n\u00e1kres: Roz\u0161\u00edrenie:&nbsp;Rastie na slne\u010dn\u00fdch, such\u00fdch [&hellip;]","og_url":"https:\/\/www.liecivebyliny.eu\/?page_id=227","og_site_name":"liecivebyliny.eu","article_modified_time":"2024-01-01T18:55:59+00:00","og_image":[{"url":"https:\/\/www.liecivebyliny.eu\/wp-content\/uploads\/2023\/12\/image-19.jpeg"}],"twitter_card":"summary_large_image","twitter_misc":{"Predpokladan\u00fd \u010das \u010d\u00edtania":"3 min\u00faty"},"schema":{"@context":"https:\/\/schema.org","@graph":[{"@type":"WebPage","@id":"https:\/\/www.liecivebyliny.eu\/?page_id=227","url":"https:\/\/www.liecivebyliny.eu\/?page_id=227","name":"Hypericum perforatum&nbsp;L. - liecivebyliny.eu","isPartOf":{"@id":"https:\/\/www.liecivebyliny.eu\/#website"},"datePublished":"2023-12-21T20:56:48+00:00","dateModified":"2024-01-01T18:55:59+00:00","breadcrumb":{"@id":"https:\/\/www.liecivebyliny.eu\/?page_id=227#breadcrumb"},"inLanguage":"sk-SK","potentialAction":[{"@type":"ReadAction","target":["https:\/\/www.liecivebyliny.eu\/?page_id=227"]}]},{"@type":"BreadcrumbList","@id":"https:\/\/www.liecivebyliny.eu\/?page_id=227#breadcrumb","itemListElement":[{"@type":"ListItem","position":1,"name":"Home","item":"https:\/\/www.liecivebyliny.eu\/"},{"@type":"ListItem","position":2,"name":"Hypericum perforatum&nbsp;L."}]},{"@type":"WebSite","@id":"https:\/\/www.liecivebyliny.eu\/#website","url":"https:\/\/www.liecivebyliny.eu\/","name":"liecivebyliny.eu","description":"","potentialAction":[{"@type":"SearchAction","target":{"@type":"EntryPoint","urlTemplate":"https:\/\/www.liecivebyliny.eu\/?s={search_term_string}"},"query-input":"required name=search_term_string"}],"inLanguage":"sk-SK"}]}},"_links":{"self":[{"href":"https:\/\/www.liecivebyliny.eu\/index.php?rest_route=\/wp\/v2\/pages\/227"}],"collection":[{"href":"https:\/\/www.liecivebyliny.eu\/index.php?rest_route=\/wp\/v2\/pages"}],"about":[{"href":"https:\/\/www.liecivebyliny.eu\/index.php?rest_route=\/wp\/v2\/types\/page"}],"author":[{"embeddable":true,"href":"https:\/\/www.liecivebyliny.eu\/index.php?rest_route=\/wp\/v2\/users\/1"}],"replies":[{"embeddable":true,"href":"https:\/\/www.liecivebyliny.eu\/index.php?rest_route=%2Fwp%2Fv2%2Fcomments&post=227"}],"version-history":[{"count":2,"href":"https:\/\/www.liecivebyliny.eu\/index.php?rest_route=\/wp\/v2\/pages\/227\/revisions"}],"predecessor-version":[{"id":896,"href":"https:\/\/www.liecivebyliny.eu\/index.php?rest_route=\/wp\/v2\/pages\/227\/revisions\/896"}],"wp:attachment":[{"href":"https:\/\/www.liecivebyliny.eu\/index.php?rest_route=%2Fwp%2Fv2%2Fmedia&parent=227"}],"curies":[{"name":"wp","href":"https:\/\/api.w.org\/{rel}","templated":true}]}}