{"id":235,"date":"2023-12-21T22:00:01","date_gmt":"2023-12-21T21:00:01","guid":{"rendered":"https:\/\/www.liecivebyliny.eu\/?page_id=235"},"modified":"2023-12-21T22:00:02","modified_gmt":"2023-12-21T21:00:02","slug":"hyssopus-officinalis-l","status":"publish","type":"page","link":"https:\/\/www.liecivebyliny.eu\/?page_id=235","title":{"rendered":"<em>Hyssopus&nbsp;officinalis<\/em><strong>&nbsp;L.<\/strong>"},"content":{"rendered":"<div class=\"wp-block-image\">\n<figure class=\"aligncenter size-full\"><img decoding=\"async\" loading=\"lazy\" width=\"244\" height=\"340\" src=\"https:\/\/www.liecivebyliny.eu\/wp-content\/uploads\/2023\/12\/image-20.jpeg\" alt=\"\" class=\"wp-image-236\" srcset=\"https:\/\/www.liecivebyliny.eu\/wp-content\/uploads\/2023\/12\/image-20.jpeg 244w, https:\/\/www.liecivebyliny.eu\/wp-content\/uploads\/2023\/12\/image-20-215x300.jpeg 215w\" sizes=\"(max-width: 244px) 100vw, 244px\" \/><figcaption class=\"wp-element-caption\">Yzop lek\u00e1rsky<\/figcaption><\/figure><\/div>\n\n\n<p><strong>Slovensk\u00fd n\u00e1zov:\u00a0<\/strong>yzop lek\u00e1rsky<\/p>\n\n\n\n<p><strong>Anglick\u00fd n\u00e1zov:<\/strong>&nbsp;Hyssop<\/p>\n\n\n\n<p><strong>\u010cesk\u00fd n\u00e1zov:<\/strong>&nbsp;yzop l\u00e9ka\u0159sk\u00fd<\/p>\n\n\n\n<p><strong>\u013dudov\u00fd n\u00e1zov:&nbsp;<\/strong>izop<\/p>\n\n\n\n<p><strong>\u010ce\u013ea\u010f:<\/strong>&nbsp;<em>Lamiaceae<\/em>&nbsp;(hluchavkovit\u00e9)<\/p>\n\n\n\n<p><strong>Botanick\u00e1 charakteristika:<\/strong>&nbsp;Trv\u00e1ca rastlina, poloker, vysok\u00fd 20 \u2013 60 cm. Stonka je priama, \u0161tvorhrann\u00e1. Listy s\u00fa sediace, \u010diarkovito kopijovit\u00e9, celistvookrajov\u00e9. Kvety modrej, fialovej, ru\u017eovej farby s\u00fa usporiadan\u00e9 do&nbsp;paprasle\u0148ov a&nbsp;vytv\u00e1raj\u00fa paklas. Plodom s\u00fa tvrdky.&nbsp;<\/p>\n\n\n\n<p><strong>Mikroskopick\u00fd n\u00e1kres:<\/strong><\/p>\n\n\n<div class=\"wp-block-image\">\n<figure class=\"aligncenter size-full\"><img decoding=\"async\" loading=\"lazy\" width=\"248\" height=\"318\" src=\"https:\/\/www.liecivebyliny.eu\/wp-content\/uploads\/2023\/12\/image-25.png\" alt=\"\" class=\"wp-image-237\" srcset=\"https:\/\/www.liecivebyliny.eu\/wp-content\/uploads\/2023\/12\/image-25.png 248w, https:\/\/www.liecivebyliny.eu\/wp-content\/uploads\/2023\/12\/image-25-234x300.png 234w\" sizes=\"(max-width: 248px) 100vw, 248px\" \/><figcaption class=\"wp-element-caption\"><em>Poko\u017eka listu yzopu lek\u00e1rskeho obsahuje typick\u00e9 diskovit\u00e9 \u017eliazky rastl\u00edn \u010de\u013eade Lamiaceae (a), trich\u00f3my (b) a\u00a0prieduchy s\u00a0dvoma sprievodn\u00fdmi bunkami (c).<\/em><\/figcaption><\/figure><\/div>\n\n\n<p><\/p>\n\n\n\n<p><strong>Roz\u0161\u00edrenie:<\/strong>&nbsp;P\u00f4vodom poch\u00e1dza zo oblasti Stredozemn\u00e9ho mora. V&nbsp;na\u0161ich zemepisn\u00fdch \u0161\u00edrkach sa pestuje v&nbsp;z\u00e1hrad\u00e1ch. Rastie na slne\u010dn\u00fdch, such\u00fdch stanovi\u0161tiach, \u017eelezni\u010dn\u00fdch n\u00e1sypoch.<\/p>\n\n\n\n<p><strong>Droga:<\/strong>&nbsp;<em>Hyssopi herba<\/em><\/p>\n\n\n\n<p><strong>Sp\u00f4sob zberu:<\/strong>&nbsp;V\u0148a\u0165 tejto rastliny sa zbiera v&nbsp;\u010dase kvitnutia pomocou z\u00e1hradn\u00edckych no\u017en\u00edc, za&nbsp;such\u00e9ho po\u010dasia.<\/p>\n\n\n\n<p><strong>Su\u0161enie:<\/strong>&nbsp;V\u0148a\u0165 sa su\u0161\u00ed prirodzen\u00fdm sp\u00f4sobom v&nbsp;tenk\u00fdch vrstv\u00e1ch na vzdu\u0161nom a tienistom mieste. Umel\u00fdm sp\u00f4sobom v&nbsp;su\u0161iarni, kde teplota nesmie prekro\u010di\u0165 35 \u00b0C.&nbsp;<\/p>\n\n\n\n<p><strong>Obsahov\u00e9 l\u00e1tky:<\/strong>&nbsp;Yzop lek\u00e1rsky sa vyzna\u010duje charakteristickou v\u00f4\u0148ou, \u010do signalizuje pr\u00edtomnos\u0165 sil\u00edc. Tie reprezentuje predov\u0161etk\u00fdm pinokamf\u00f3n a&nbsp;izopinokamf\u00f3n, ale aj pinokarv\u00f3n, limon\u00e9n a pin\u00e9n. Rastlina v&nbsp;r\u00e1mci svojho metabolizmu syntetizuje flavonoidy (diosm\u00edn), r\u00f4zne fenolick\u00e9 zl\u00fa\u010deniny (kyselina rozmar\u00ednov\u00e1), hor\u010diny (marubi\u00edn) a&nbsp;triterp\u00e9ny&nbsp;(kyselina ursolov\u00e1 \u010di ole\u00e1nov\u00e1).<\/p>\n\n\n\n<p><strong>Pou\u017eitie:&nbsp;<\/strong>Droga disponuje slab\u00fdmi protiz\u00e1palov\u00fdmi \u00fa\u010dinkami, podporuje vyka\u0161liavanie hust\u00e9ho visk\u00f3zneho hlienu, p\u00f4sob\u00ed spazmolyticky pri k\u0155\u010doch gastrointestin\u00e1lneho traktu a&nbsp;uvo\u013e\u0148uje vetry. V\u00fdluhom yzopu lek\u00e1rskeho sa pripisuj\u00fa antiseptick\u00e9 \u00fa\u010dinky a&nbsp;je nimi mo\u017en\u00e9 klokta\u0165 pri&nbsp;z\u00e1paloch \u010fasien a&nbsp;nosohltana. Chut\u00ed korenisto a&nbsp;nahorklo, \u010do stimuluje tvorbu tr\u00e1viacich \u0161tiav a&nbsp;podporuje tr\u00e1venie.<\/p>\n\n\n\n<p><strong>Vybran\u00e9 rastlinn\u00e9 pr\u00edpravky:<\/strong>&nbsp;AGROKARPATY YZOP Lek\u00e1rsky protiz\u00e1palov\u00fd \u010daj 20&#215;2 g, JUVAMED YZOP LEK\u00c1RSKY &#8211; V\u0147A\u0164 bylinn\u00fd \u010daj sypan\u00fd 1&#215;40 g, Dr.Svatek SIRUP z byl\u00edn NA VYKA\u0160LIAVANIE 250 ml, Liftea \u0160ALVIA + YZOP cps 30 ks, PSICOPHYT REMEDY 2 kvapky 50 ml.<\/p>\n","protected":false},"excerpt":{"rendered":"<p>Slovensk\u00fd n\u00e1zov:\u00a0yzop lek\u00e1rsky Anglick\u00fd n\u00e1zov:&nbsp;Hyssop \u010cesk\u00fd n\u00e1zov:&nbsp;yzop l\u00e9ka\u0159sk\u00fd \u013dudov\u00fd n\u00e1zov:&nbsp;izop \u010ce\u013ea\u010f:&nbsp;Lamiaceae&nbsp;(hluchavkovit\u00e9) Botanick\u00e1 charakteristika:&nbsp;Trv\u00e1ca rastlina, poloker, vysok\u00fd 20 \u2013 60 cm. Stonka je priama, \u0161tvorhrann\u00e1. Listy s\u00fa sediace, \u010diarkovito kopijovit\u00e9, celistvookrajov\u00e9. Kvety modrej, fialovej, ru\u017eovej farby s\u00fa usporiadan\u00e9 do&nbsp;paprasle\u0148ov a&nbsp;vytv\u00e1raj\u00fa paklas. Plodom s\u00fa tvrdky.&nbsp; Mikroskopick\u00fd n\u00e1kres: Roz\u0161\u00edrenie:&nbsp;P\u00f4vodom poch\u00e1dza zo oblasti Stredozemn\u00e9ho mora. V&nbsp;na\u0161ich zemepisn\u00fdch \u0161\u00edrkach sa [&hellip;]<\/p>\n","protected":false},"author":1,"featured_media":0,"parent":0,"menu_order":0,"comment_status":"closed","ping_status":"closed","template":"","meta":{"_mi_skip_tracking":false},"yoast_head":"<!-- This site is optimized with the Yoast SEO plugin v20.4 - https:\/\/yoast.com\/wordpress\/plugins\/seo\/ -->\n<title>Hyssopus&nbsp;officinalis&nbsp;L. - liecivebyliny.eu<\/title>\n<meta name=\"robots\" content=\"index, follow, max-snippet:-1, max-image-preview:large, max-video-preview:-1\" \/>\n<link rel=\"canonical\" href=\"https:\/\/www.liecivebyliny.eu\/?page_id=235\" \/>\n<meta property=\"og:locale\" content=\"sk_SK\" \/>\n<meta property=\"og:type\" content=\"article\" \/>\n<meta property=\"og:title\" content=\"Hyssopus&nbsp;officinalis&nbsp;L. - liecivebyliny.eu\" \/>\n<meta property=\"og:description\" content=\"Slovensk\u00fd n\u00e1zov:\u00a0yzop lek\u00e1rsky Anglick\u00fd n\u00e1zov:&nbsp;Hyssop \u010cesk\u00fd n\u00e1zov:&nbsp;yzop l\u00e9ka\u0159sk\u00fd \u013dudov\u00fd n\u00e1zov:&nbsp;izop \u010ce\u013ea\u010f:&nbsp;Lamiaceae&nbsp;(hluchavkovit\u00e9) Botanick\u00e1 charakteristika:&nbsp;Trv\u00e1ca rastlina, poloker, vysok\u00fd 20 \u2013 60 cm. Stonka je priama, \u0161tvorhrann\u00e1. Listy s\u00fa sediace, \u010diarkovito kopijovit\u00e9, celistvookrajov\u00e9. Kvety modrej, fialovej, ru\u017eovej farby s\u00fa usporiadan\u00e9 do&nbsp;paprasle\u0148ov a&nbsp;vytv\u00e1raj\u00fa paklas. Plodom s\u00fa tvrdky.&nbsp; Mikroskopick\u00fd n\u00e1kres: Roz\u0161\u00edrenie:&nbsp;P\u00f4vodom poch\u00e1dza zo oblasti Stredozemn\u00e9ho mora. V&nbsp;na\u0161ich zemepisn\u00fdch \u0161\u00edrkach sa [&hellip;]\" \/>\n<meta property=\"og:url\" content=\"https:\/\/www.liecivebyliny.eu\/?page_id=235\" \/>\n<meta property=\"og:site_name\" content=\"liecivebyliny.eu\" \/>\n<meta property=\"article:modified_time\" content=\"2023-12-21T21:00:02+00:00\" \/>\n<meta property=\"og:image\" content=\"https:\/\/www.liecivebyliny.eu\/wp-content\/uploads\/2023\/12\/image-20.jpeg\" \/>\n<meta name=\"twitter:card\" content=\"summary_large_image\" \/>\n<meta name=\"twitter:label1\" content=\"Predpokladan\u00fd \u010das \u010d\u00edtania\" \/>\n\t<meta name=\"twitter:data1\" content=\"2 min\u00faty\" \/>\n<script type=\"application\/ld+json\" class=\"yoast-schema-graph\">{\"@context\":\"https:\/\/schema.org\",\"@graph\":[{\"@type\":\"WebPage\",\"@id\":\"https:\/\/www.liecivebyliny.eu\/?page_id=235\",\"url\":\"https:\/\/www.liecivebyliny.eu\/?page_id=235\",\"name\":\"Hyssopus&nbsp;officinalis&nbsp;L. - liecivebyliny.eu\",\"isPartOf\":{\"@id\":\"https:\/\/www.liecivebyliny.eu\/#website\"},\"datePublished\":\"2023-12-21T21:00:01+00:00\",\"dateModified\":\"2023-12-21T21:00:02+00:00\",\"breadcrumb\":{\"@id\":\"https:\/\/www.liecivebyliny.eu\/?page_id=235#breadcrumb\"},\"inLanguage\":\"sk-SK\",\"potentialAction\":[{\"@type\":\"ReadAction\",\"target\":[\"https:\/\/www.liecivebyliny.eu\/?page_id=235\"]}]},{\"@type\":\"BreadcrumbList\",\"@id\":\"https:\/\/www.liecivebyliny.eu\/?page_id=235#breadcrumb\",\"itemListElement\":[{\"@type\":\"ListItem\",\"position\":1,\"name\":\"Home\",\"item\":\"https:\/\/www.liecivebyliny.eu\/\"},{\"@type\":\"ListItem\",\"position\":2,\"name\":\"Hyssopus&nbsp;officinalis&nbsp;L.\"}]},{\"@type\":\"WebSite\",\"@id\":\"https:\/\/www.liecivebyliny.eu\/#website\",\"url\":\"https:\/\/www.liecivebyliny.eu\/\",\"name\":\"liecivebyliny.eu\",\"description\":\"\",\"potentialAction\":[{\"@type\":\"SearchAction\",\"target\":{\"@type\":\"EntryPoint\",\"urlTemplate\":\"https:\/\/www.liecivebyliny.eu\/?s={search_term_string}\"},\"query-input\":\"required name=search_term_string\"}],\"inLanguage\":\"sk-SK\"}]}<\/script>\n<!-- \/ Yoast SEO plugin. -->","yoast_head_json":{"title":"Hyssopus&nbsp;officinalis&nbsp;L. - liecivebyliny.eu","robots":{"index":"index","follow":"follow","max-snippet":"max-snippet:-1","max-image-preview":"max-image-preview:large","max-video-preview":"max-video-preview:-1"},"canonical":"https:\/\/www.liecivebyliny.eu\/?page_id=235","og_locale":"sk_SK","og_type":"article","og_title":"Hyssopus&nbsp;officinalis&nbsp;L. - liecivebyliny.eu","og_description":"Slovensk\u00fd n\u00e1zov:\u00a0yzop lek\u00e1rsky Anglick\u00fd n\u00e1zov:&nbsp;Hyssop \u010cesk\u00fd n\u00e1zov:&nbsp;yzop l\u00e9ka\u0159sk\u00fd \u013dudov\u00fd n\u00e1zov:&nbsp;izop \u010ce\u013ea\u010f:&nbsp;Lamiaceae&nbsp;(hluchavkovit\u00e9) Botanick\u00e1 charakteristika:&nbsp;Trv\u00e1ca rastlina, poloker, vysok\u00fd 20 \u2013 60 cm. Stonka je priama, \u0161tvorhrann\u00e1. Listy s\u00fa sediace, \u010diarkovito kopijovit\u00e9, celistvookrajov\u00e9. Kvety modrej, fialovej, ru\u017eovej farby s\u00fa usporiadan\u00e9 do&nbsp;paprasle\u0148ov a&nbsp;vytv\u00e1raj\u00fa paklas. Plodom s\u00fa tvrdky.&nbsp; Mikroskopick\u00fd n\u00e1kres: Roz\u0161\u00edrenie:&nbsp;P\u00f4vodom poch\u00e1dza zo oblasti Stredozemn\u00e9ho mora. V&nbsp;na\u0161ich zemepisn\u00fdch \u0161\u00edrkach sa [&hellip;]","og_url":"https:\/\/www.liecivebyliny.eu\/?page_id=235","og_site_name":"liecivebyliny.eu","article_modified_time":"2023-12-21T21:00:02+00:00","og_image":[{"url":"https:\/\/www.liecivebyliny.eu\/wp-content\/uploads\/2023\/12\/image-20.jpeg"}],"twitter_card":"summary_large_image","twitter_misc":{"Predpokladan\u00fd \u010das \u010d\u00edtania":"2 min\u00faty"},"schema":{"@context":"https:\/\/schema.org","@graph":[{"@type":"WebPage","@id":"https:\/\/www.liecivebyliny.eu\/?page_id=235","url":"https:\/\/www.liecivebyliny.eu\/?page_id=235","name":"Hyssopus&nbsp;officinalis&nbsp;L. - liecivebyliny.eu","isPartOf":{"@id":"https:\/\/www.liecivebyliny.eu\/#website"},"datePublished":"2023-12-21T21:00:01+00:00","dateModified":"2023-12-21T21:00:02+00:00","breadcrumb":{"@id":"https:\/\/www.liecivebyliny.eu\/?page_id=235#breadcrumb"},"inLanguage":"sk-SK","potentialAction":[{"@type":"ReadAction","target":["https:\/\/www.liecivebyliny.eu\/?page_id=235"]}]},{"@type":"BreadcrumbList","@id":"https:\/\/www.liecivebyliny.eu\/?page_id=235#breadcrumb","itemListElement":[{"@type":"ListItem","position":1,"name":"Home","item":"https:\/\/www.liecivebyliny.eu\/"},{"@type":"ListItem","position":2,"name":"Hyssopus&nbsp;officinalis&nbsp;L."}]},{"@type":"WebSite","@id":"https:\/\/www.liecivebyliny.eu\/#website","url":"https:\/\/www.liecivebyliny.eu\/","name":"liecivebyliny.eu","description":"","potentialAction":[{"@type":"SearchAction","target":{"@type":"EntryPoint","urlTemplate":"https:\/\/www.liecivebyliny.eu\/?s={search_term_string}"},"query-input":"required name=search_term_string"}],"inLanguage":"sk-SK"}]}},"_links":{"self":[{"href":"https:\/\/www.liecivebyliny.eu\/index.php?rest_route=\/wp\/v2\/pages\/235"}],"collection":[{"href":"https:\/\/www.liecivebyliny.eu\/index.php?rest_route=\/wp\/v2\/pages"}],"about":[{"href":"https:\/\/www.liecivebyliny.eu\/index.php?rest_route=\/wp\/v2\/types\/page"}],"author":[{"embeddable":true,"href":"https:\/\/www.liecivebyliny.eu\/index.php?rest_route=\/wp\/v2\/users\/1"}],"replies":[{"embeddable":true,"href":"https:\/\/www.liecivebyliny.eu\/index.php?rest_route=%2Fwp%2Fv2%2Fcomments&post=235"}],"version-history":[{"count":1,"href":"https:\/\/www.liecivebyliny.eu\/index.php?rest_route=\/wp\/v2\/pages\/235\/revisions"}],"predecessor-version":[{"id":238,"href":"https:\/\/www.liecivebyliny.eu\/index.php?rest_route=\/wp\/v2\/pages\/235\/revisions\/238"}],"wp:attachment":[{"href":"https:\/\/www.liecivebyliny.eu\/index.php?rest_route=%2Fwp%2Fv2%2Fmedia&parent=235"}],"curies":[{"name":"wp","href":"https:\/\/api.w.org\/{rel}","templated":true}]}}