{"id":241,"date":"2023-12-21T22:03:24","date_gmt":"2023-12-21T21:03:24","guid":{"rendered":"https:\/\/www.liecivebyliny.eu\/?page_id=241"},"modified":"2024-01-01T19:50:59","modified_gmt":"2024-01-01T18:50:59","slug":"lavandula-angustifolia-mill","status":"publish","type":"page","link":"https:\/\/www.liecivebyliny.eu\/?page_id=241","title":{"rendered":"<em>Lavandula angustifolia<\/em>&nbsp;Mill."},"content":{"rendered":"<div class=\"wp-block-image\">\n<figure class=\"aligncenter size-full\"><img decoding=\"async\" loading=\"lazy\" width=\"228\" height=\"342\" src=\"https:\/\/www.liecivebyliny.eu\/wp-content\/uploads\/2023\/12\/image-21.jpeg\" alt=\"\" class=\"wp-image-242\" srcset=\"https:\/\/www.liecivebyliny.eu\/wp-content\/uploads\/2023\/12\/image-21.jpeg 228w, https:\/\/www.liecivebyliny.eu\/wp-content\/uploads\/2023\/12\/image-21-200x300.jpeg 200w\" sizes=\"(max-width: 228px) 100vw, 228px\" \/><figcaption class=\"wp-element-caption\">Levandu\u013ea \u00fazkolist\u00e1<\/figcaption><\/figure><\/div>\n\n\n<p><strong>Slovensk\u00fd n\u00e1zov:&nbsp;<\/strong>levandu\u013ea \u00fazkolist\u00e1<\/p>\n\n\n\n<p><strong>Anglick\u00fd n\u00e1zov:<\/strong>&nbsp;Common Lavender<\/p>\n\n\n\n<p><strong>\u010cesk\u00fd n\u00e1zov:<\/strong>&nbsp;levandule \u00fazkolist\u00e1<\/p>\n\n\n\n<p><strong>\u013dudov\u00e9 n\u00e1zvy:<\/strong>&nbsp;levendula, dulenka, vandeli\u010dka<\/p>\n\n\n\n<p><strong>\u010ce\u013ea\u010f:<\/strong>&nbsp;<em>Lamiaceae&nbsp;<\/em>(hluchavkovit\u00e9)<\/p>\n\n\n\n<p><strong>Botanick\u00e1 charakteristika:<\/strong>&nbsp;Trv\u00e1ci poloker, vysok\u00fd 20 \u2013 60 cm, m\u00e1 \u0161tvorhrann\u00fa stonku. Listy s\u00fa podlhovasto kopijovit\u00e9, celistvookrajov\u00e9, bielo plstnat\u00e9. Listene s\u00fa vajcovit\u00e9, \u017eilkovan\u00e9. S\u00fakvetie je usporiadan\u00e9 v papraslenoch a&nbsp;vytv\u00e1ra valcovit\u00fd paklas na dlh\u00fdch stopk\u00e1ch. Koruna je modrej farby, dvojpyskovit\u00e1, kalich je zvon\u010dekovit\u00fd, \u017eliazkato bodkovan\u00fd. Plodom je leskl\u00e1 tvrdka.<\/p>\n\n\n\n<p><strong>Mikroskopick\u00fd n\u00e1kres:<\/strong><\/p>\n\n\n<div class=\"wp-block-image\">\n<figure class=\"aligncenter size-full\"><img decoding=\"async\" loading=\"lazy\" width=\"296\" height=\"340\" src=\"https:\/\/www.liecivebyliny.eu\/wp-content\/uploads\/2023\/12\/image-26.png\" alt=\"\" class=\"wp-image-243\" srcset=\"https:\/\/www.liecivebyliny.eu\/wp-content\/uploads\/2023\/12\/image-26.png 296w, https:\/\/www.liecivebyliny.eu\/wp-content\/uploads\/2023\/12\/image-26-261x300.png 261w\" sizes=\"(max-width: 296px) 100vw, 296px\" \/><figcaption class=\"wp-element-caption\"><em>Poko\u017eka kalichu levandu\u013eov\u00e9ho kvetu obsahuje vidlicovito delen\u00e9 krycie trich\u00f3my (a), \u017e\u013eaznat\u00e9 trich\u00f3my (b) a&nbsp;typick\u00e9 diskovit\u00e9 \u017eliazky rastl\u00edn z&nbsp;\u010de\u013eade Lamiaceae (c).<\/em><\/figcaption><\/figure><\/div>\n\n<div class=\"wp-block-image\">\n<figure class=\"aligncenter size-full is-resized\"><img decoding=\"async\" loading=\"lazy\" src=\"https:\/\/www.liecivebyliny.eu\/wp-content\/uploads\/2024\/01\/Lavandulae-flos-400x.jpg\" alt=\"\" class=\"wp-image-889\" width=\"439\" height=\"329\" srcset=\"https:\/\/www.liecivebyliny.eu\/wp-content\/uploads\/2024\/01\/Lavandulae-flos-400x.jpg 640w, https:\/\/www.liecivebyliny.eu\/wp-content\/uploads\/2024\/01\/Lavandulae-flos-400x-300x225.jpg 300w\" sizes=\"(max-width: 439px) 100vw, 439px\" \/><figcaption class=\"wp-element-caption\">Poko\u017eka kalichu kvetu levandule (zv\u00e4\u010d\u0161en\u00e9 400x)<\/figcaption><\/figure><\/div>\n\n\n<p><\/p>\n\n\n\n<p><strong>Roz\u0161\u00edrenie:<\/strong>&nbsp;P\u00f4vodom poch\u00e1dza zo Stredomoria. Pestuje sa v&nbsp;z\u00e1hrad\u00e1ch, parkoch, na&nbsp;pestovate\u013esk\u00fdch ploch\u00e1ch. Vy\u017eaduje slne\u010dn\u00e9 stanovi\u0161tia a&nbsp;v\u00e1penat\u00e9 p\u00f4dy.<\/p>\n\n\n\n<p><strong>Droga:&nbsp;<\/strong><em>Lavandulae flos<\/em><\/p>\n\n\n\n<p><strong>Sp\u00f4sob zberu:<\/strong>&nbsp;Kvety levandule \u00fazkolistej sa zbieraj\u00fa za such\u00e9ho po\u010dasia, na za\u010diatku kvitnutia ru\u010dne alebo z\u00e1hradn\u00edckymi no\u017enicami.<\/p>\n\n\n\n<p><strong>Su\u0161enie:<\/strong>&nbsp;Kvety sa su\u0161ia prirodzen\u00fdm sp\u00f4sobom v&nbsp;tenk\u00fdch vrstv\u00e1ch na vzdu\u0161nom a&nbsp;tienistom mieste. Umel\u00fdm sp\u00f4sobom v&nbsp;su\u0161iarni, kde teplota nesmie prekro\u010di\u0165 40 \u00b0C.&nbsp;<\/p>\n\n\n\n<p><strong>Obsahov\u00e9 l\u00e1tky:<\/strong>&nbsp;Za charakteristick\u00fa v\u00f4\u0148u kvetov levandule \u00fazkolistej zodpovedaj\u00fa silice&nbsp;na&nbsp;b\u00e1ze&nbsp;linalolu, linalylacet\u00e1tu a&nbsp;geraniolu. Modro-fialov\u00fa farbu kvetov sp\u00f4sobuj\u00fa antoky\u00e1nov\u00e9 farbiv\u00e1. V&nbsp;rastline nach\u00e1dzame triesloviny, hor\u010diny a&nbsp;z&nbsp;organick\u00fdch kysel\u00edn je mo\u017en\u00e9 spomen\u00fa\u0165 kyselinu rozmar\u00ednov\u00fa, ktor\u00e1 je roz\u0161\u00edren\u00e1 vo v\u0161etk\u00fdch rastlin\u00e1ch z&nbsp;\u010de\u013eade hluchavkovit\u00e9.<\/p>\n\n\n\n<p><strong>Pou\u017eitie:<\/strong>&nbsp;Levandu\u013ea \u00fazkolist\u00e1 je st\u00e1ro\u010dia zn\u00e1ma pre svoje upokojuj\u00face \u00fa\u010dinky. Pou\u017e\u00edva sa pri&nbsp;nepokoji, nervovom vy\u010derpan\u00ed, poruch\u00e1ch zasp\u00e1vania a&nbsp;migr\u00e9ne. V\u00fdluhy z&nbsp;tejto rastliny zvy\u0161uj\u00fa vylu\u010dovanie \u017el\u010de a&nbsp;podporuj\u00fa tr\u00e1venie predov\u0161etk\u00fdm mastn\u00fdch jed\u00e1l. P\u00f4sob\u00ed tie\u017e odpudzuj\u00faco vo\u010di moliam a&nbsp;niektor\u00fdm druhom hmyzu.<\/p>\n\n\n\n<p><strong>Tradi\u010dn\u00fd sp\u00f4sob pou\u017eitia v&nbsp;indik\u00e1ci\u00e1ch ur\u010den\u00fdch v\u00fdhradne na z\u00e1klade dlhodob\u00e9ho pou\u017e\u00edvania:<\/strong><\/p>\n\n\n\n<ul>\n<li>zmiernenie pr\u00edznakov psychick\u00e9ho stresu a&nbsp;vy\u010derpania,<\/li>\n\n\n\n<li>podpora sp\u00e1nku.<\/li>\n<\/ul>\n\n\n\n<p><strong>Vybran\u00e9 rastlinn\u00e9 pr\u00edpravky:<\/strong>&nbsp;AGROKARPATY LEVANDULA \u00daZKOLIST\u00c1 kvet bylinn\u00fd \u010daj 1&#215;30 g, Dr.Max Upokojuj\u00faca bylinn\u00e1 zmes n\u00e1levov\u00e9 vrec\u00fa\u0161ka 20&#215;1,5 g, LEROS Sirup Levandu\u013eov\u00e9 upokojenie 250 ml, GRE\u0160\u00cdK BYLINN\u00c9 KVAPKY NA SPANIE 50 ml, NaturProdukt LEVANDU\u013dOVE PASTILKY 20 ks, Lavekan cps mol 80 mg 28 ks.<\/p>\n","protected":false},"excerpt":{"rendered":"<p>Slovensk\u00fd n\u00e1zov:&nbsp;levandu\u013ea \u00fazkolist\u00e1 Anglick\u00fd n\u00e1zov:&nbsp;Common Lavender \u010cesk\u00fd n\u00e1zov:&nbsp;levandule \u00fazkolist\u00e1 \u013dudov\u00e9 n\u00e1zvy:&nbsp;levendula, dulenka, vandeli\u010dka \u010ce\u013ea\u010f:&nbsp;Lamiaceae&nbsp;(hluchavkovit\u00e9) Botanick\u00e1 charakteristika:&nbsp;Trv\u00e1ci poloker, vysok\u00fd 20 \u2013 60 cm, m\u00e1 \u0161tvorhrann\u00fa stonku. Listy s\u00fa podlhovasto kopijovit\u00e9, celistvookrajov\u00e9, bielo plstnat\u00e9. Listene s\u00fa vajcovit\u00e9, \u017eilkovan\u00e9. S\u00fakvetie je usporiadan\u00e9 v papraslenoch a&nbsp;vytv\u00e1ra valcovit\u00fd paklas na dlh\u00fdch stopk\u00e1ch. Koruna je modrej farby, dvojpyskovit\u00e1, kalich je zvon\u010dekovit\u00fd, [&hellip;]<\/p>\n","protected":false},"author":1,"featured_media":0,"parent":0,"menu_order":0,"comment_status":"closed","ping_status":"closed","template":"","meta":{"_mi_skip_tracking":false},"yoast_head":"<!-- This site is optimized with the Yoast SEO plugin v20.4 - https:\/\/yoast.com\/wordpress\/plugins\/seo\/ -->\n<title>Lavandula angustifolia&nbsp;Mill. - liecivebyliny.eu<\/title>\n<meta name=\"robots\" content=\"index, follow, max-snippet:-1, max-image-preview:large, max-video-preview:-1\" \/>\n<link rel=\"canonical\" href=\"https:\/\/www.liecivebyliny.eu\/?page_id=241\" \/>\n<meta property=\"og:locale\" content=\"sk_SK\" \/>\n<meta property=\"og:type\" content=\"article\" \/>\n<meta property=\"og:title\" content=\"Lavandula angustifolia&nbsp;Mill. - liecivebyliny.eu\" \/>\n<meta property=\"og:description\" content=\"Slovensk\u00fd n\u00e1zov:&nbsp;levandu\u013ea \u00fazkolist\u00e1 Anglick\u00fd n\u00e1zov:&nbsp;Common Lavender \u010cesk\u00fd n\u00e1zov:&nbsp;levandule \u00fazkolist\u00e1 \u013dudov\u00e9 n\u00e1zvy:&nbsp;levendula, dulenka, vandeli\u010dka \u010ce\u013ea\u010f:&nbsp;Lamiaceae&nbsp;(hluchavkovit\u00e9) Botanick\u00e1 charakteristika:&nbsp;Trv\u00e1ci poloker, vysok\u00fd 20 \u2013 60 cm, m\u00e1 \u0161tvorhrann\u00fa stonku. Listy s\u00fa podlhovasto kopijovit\u00e9, celistvookrajov\u00e9, bielo plstnat\u00e9. Listene s\u00fa vajcovit\u00e9, \u017eilkovan\u00e9. S\u00fakvetie je usporiadan\u00e9 v papraslenoch a&nbsp;vytv\u00e1ra valcovit\u00fd paklas na dlh\u00fdch stopk\u00e1ch. Koruna je modrej farby, dvojpyskovit\u00e1, kalich je zvon\u010dekovit\u00fd, [&hellip;]\" \/>\n<meta property=\"og:url\" content=\"https:\/\/www.liecivebyliny.eu\/?page_id=241\" \/>\n<meta property=\"og:site_name\" content=\"liecivebyliny.eu\" \/>\n<meta property=\"article:modified_time\" content=\"2024-01-01T18:50:59+00:00\" \/>\n<meta property=\"og:image\" content=\"https:\/\/www.liecivebyliny.eu\/wp-content\/uploads\/2023\/12\/image-21.jpeg\" \/>\n<meta name=\"twitter:card\" content=\"summary_large_image\" \/>\n<meta name=\"twitter:label1\" content=\"Predpokladan\u00fd \u010das \u010d\u00edtania\" \/>\n\t<meta name=\"twitter:data1\" content=\"3 min\u00faty\" \/>\n<script type=\"application\/ld+json\" class=\"yoast-schema-graph\">{\"@context\":\"https:\/\/schema.org\",\"@graph\":[{\"@type\":\"WebPage\",\"@id\":\"https:\/\/www.liecivebyliny.eu\/?page_id=241\",\"url\":\"https:\/\/www.liecivebyliny.eu\/?page_id=241\",\"name\":\"Lavandula angustifolia&nbsp;Mill. - liecivebyliny.eu\",\"isPartOf\":{\"@id\":\"https:\/\/www.liecivebyliny.eu\/#website\"},\"datePublished\":\"2023-12-21T21:03:24+00:00\",\"dateModified\":\"2024-01-01T18:50:59+00:00\",\"breadcrumb\":{\"@id\":\"https:\/\/www.liecivebyliny.eu\/?page_id=241#breadcrumb\"},\"inLanguage\":\"sk-SK\",\"potentialAction\":[{\"@type\":\"ReadAction\",\"target\":[\"https:\/\/www.liecivebyliny.eu\/?page_id=241\"]}]},{\"@type\":\"BreadcrumbList\",\"@id\":\"https:\/\/www.liecivebyliny.eu\/?page_id=241#breadcrumb\",\"itemListElement\":[{\"@type\":\"ListItem\",\"position\":1,\"name\":\"Home\",\"item\":\"https:\/\/www.liecivebyliny.eu\/\"},{\"@type\":\"ListItem\",\"position\":2,\"name\":\"Lavandula angustifolia&nbsp;Mill.\"}]},{\"@type\":\"WebSite\",\"@id\":\"https:\/\/www.liecivebyliny.eu\/#website\",\"url\":\"https:\/\/www.liecivebyliny.eu\/\",\"name\":\"liecivebyliny.eu\",\"description\":\"\",\"potentialAction\":[{\"@type\":\"SearchAction\",\"target\":{\"@type\":\"EntryPoint\",\"urlTemplate\":\"https:\/\/www.liecivebyliny.eu\/?s={search_term_string}\"},\"query-input\":\"required name=search_term_string\"}],\"inLanguage\":\"sk-SK\"}]}<\/script>\n<!-- \/ Yoast SEO plugin. -->","yoast_head_json":{"title":"Lavandula angustifolia&nbsp;Mill. - liecivebyliny.eu","robots":{"index":"index","follow":"follow","max-snippet":"max-snippet:-1","max-image-preview":"max-image-preview:large","max-video-preview":"max-video-preview:-1"},"canonical":"https:\/\/www.liecivebyliny.eu\/?page_id=241","og_locale":"sk_SK","og_type":"article","og_title":"Lavandula angustifolia&nbsp;Mill. - liecivebyliny.eu","og_description":"Slovensk\u00fd n\u00e1zov:&nbsp;levandu\u013ea \u00fazkolist\u00e1 Anglick\u00fd n\u00e1zov:&nbsp;Common Lavender \u010cesk\u00fd n\u00e1zov:&nbsp;levandule \u00fazkolist\u00e1 \u013dudov\u00e9 n\u00e1zvy:&nbsp;levendula, dulenka, vandeli\u010dka \u010ce\u013ea\u010f:&nbsp;Lamiaceae&nbsp;(hluchavkovit\u00e9) Botanick\u00e1 charakteristika:&nbsp;Trv\u00e1ci poloker, vysok\u00fd 20 \u2013 60 cm, m\u00e1 \u0161tvorhrann\u00fa stonku. Listy s\u00fa podlhovasto kopijovit\u00e9, celistvookrajov\u00e9, bielo plstnat\u00e9. Listene s\u00fa vajcovit\u00e9, \u017eilkovan\u00e9. S\u00fakvetie je usporiadan\u00e9 v papraslenoch a&nbsp;vytv\u00e1ra valcovit\u00fd paklas na dlh\u00fdch stopk\u00e1ch. Koruna je modrej farby, dvojpyskovit\u00e1, kalich je zvon\u010dekovit\u00fd, [&hellip;]","og_url":"https:\/\/www.liecivebyliny.eu\/?page_id=241","og_site_name":"liecivebyliny.eu","article_modified_time":"2024-01-01T18:50:59+00:00","og_image":[{"url":"https:\/\/www.liecivebyliny.eu\/wp-content\/uploads\/2023\/12\/image-21.jpeg"}],"twitter_card":"summary_large_image","twitter_misc":{"Predpokladan\u00fd \u010das \u010d\u00edtania":"3 min\u00faty"},"schema":{"@context":"https:\/\/schema.org","@graph":[{"@type":"WebPage","@id":"https:\/\/www.liecivebyliny.eu\/?page_id=241","url":"https:\/\/www.liecivebyliny.eu\/?page_id=241","name":"Lavandula angustifolia&nbsp;Mill. - liecivebyliny.eu","isPartOf":{"@id":"https:\/\/www.liecivebyliny.eu\/#website"},"datePublished":"2023-12-21T21:03:24+00:00","dateModified":"2024-01-01T18:50:59+00:00","breadcrumb":{"@id":"https:\/\/www.liecivebyliny.eu\/?page_id=241#breadcrumb"},"inLanguage":"sk-SK","potentialAction":[{"@type":"ReadAction","target":["https:\/\/www.liecivebyliny.eu\/?page_id=241"]}]},{"@type":"BreadcrumbList","@id":"https:\/\/www.liecivebyliny.eu\/?page_id=241#breadcrumb","itemListElement":[{"@type":"ListItem","position":1,"name":"Home","item":"https:\/\/www.liecivebyliny.eu\/"},{"@type":"ListItem","position":2,"name":"Lavandula angustifolia&nbsp;Mill."}]},{"@type":"WebSite","@id":"https:\/\/www.liecivebyliny.eu\/#website","url":"https:\/\/www.liecivebyliny.eu\/","name":"liecivebyliny.eu","description":"","potentialAction":[{"@type":"SearchAction","target":{"@type":"EntryPoint","urlTemplate":"https:\/\/www.liecivebyliny.eu\/?s={search_term_string}"},"query-input":"required name=search_term_string"}],"inLanguage":"sk-SK"}]}},"_links":{"self":[{"href":"https:\/\/www.liecivebyliny.eu\/index.php?rest_route=\/wp\/v2\/pages\/241"}],"collection":[{"href":"https:\/\/www.liecivebyliny.eu\/index.php?rest_route=\/wp\/v2\/pages"}],"about":[{"href":"https:\/\/www.liecivebyliny.eu\/index.php?rest_route=\/wp\/v2\/types\/page"}],"author":[{"embeddable":true,"href":"https:\/\/www.liecivebyliny.eu\/index.php?rest_route=\/wp\/v2\/users\/1"}],"replies":[{"embeddable":true,"href":"https:\/\/www.liecivebyliny.eu\/index.php?rest_route=%2Fwp%2Fv2%2Fcomments&post=241"}],"version-history":[{"count":2,"href":"https:\/\/www.liecivebyliny.eu\/index.php?rest_route=\/wp\/v2\/pages\/241\/revisions"}],"predecessor-version":[{"id":890,"href":"https:\/\/www.liecivebyliny.eu\/index.php?rest_route=\/wp\/v2\/pages\/241\/revisions\/890"}],"wp:attachment":[{"href":"https:\/\/www.liecivebyliny.eu\/index.php?rest_route=%2Fwp%2Fv2%2Fmedia&parent=241"}],"curies":[{"name":"wp","href":"https:\/\/api.w.org\/{rel}","templated":true}]}}