{"id":247,"date":"2023-12-21T22:11:09","date_gmt":"2023-12-21T21:11:09","guid":{"rendered":"https:\/\/www.liecivebyliny.eu\/?page_id=247"},"modified":"2024-01-02T14:53:08","modified_gmt":"2024-01-02T13:53:08","slug":"lamium-album-l","status":"publish","type":"page","link":"https:\/\/www.liecivebyliny.eu\/?page_id=247","title":{"rendered":"<em>Lamium album<\/em>&nbsp;L."},"content":{"rendered":"<div class=\"wp-block-image\">\n<figure class=\"aligncenter size-full\"><img decoding=\"async\" loading=\"lazy\" width=\"246\" height=\"344\" src=\"https:\/\/www.liecivebyliny.eu\/wp-content\/uploads\/2023\/12\/image-22.jpeg\" alt=\"\" class=\"wp-image-248\" srcset=\"https:\/\/www.liecivebyliny.eu\/wp-content\/uploads\/2023\/12\/image-22.jpeg 246w, https:\/\/www.liecivebyliny.eu\/wp-content\/uploads\/2023\/12\/image-22-215x300.jpeg 215w\" sizes=\"(max-width: 246px) 100vw, 246px\" \/><figcaption class=\"wp-element-caption\">Hluchavka biela<\/figcaption><\/figure><\/div>\n\n\n<p><strong>Slovensk\u00fd n\u00e1zov:&nbsp;<\/strong>hluchavka biela<\/p>\n\n\n\n<p><strong>Anglick\u00fd n\u00e1zov:<\/strong>&nbsp;White dead nettle<\/p>\n\n\n\n<p><strong>\u010cesk\u00fd n\u00e1zov:<\/strong>&nbsp;hluchavka b\u00edl\u00e1<\/p>\n\n\n\n<p><strong>\u013dudov\u00e9 n\u00e1zvy:<\/strong>&nbsp;m\u0155tva \u017eih\u013eava, medulka, hluch\u00e1 p\u0155h\u013eava<\/p>\n\n\n\n<p><strong>\u010ce\u013ea\u010f:<\/strong>&nbsp;<em>Lamiaceae&nbsp;<\/em>(hluchavkovit\u00e9)<\/p>\n\n\n\n<p><strong>Botanick\u00e1 charakteristika:&nbsp;<\/strong>Jednoro\u010dn\u00e1 bylina, vysok\u00e1 20 \u2013 40 cm, m\u00e1 \u0161tvorhrann\u00fa stonku. Listy s\u00fa vajcovit\u00e9 so \u0161picat\u00fdm vrcholom, protistojn\u00e9, s&nbsp;p\u00edlkovit\u00fdm okrajom. Biele kvety vyrastaj\u00fa v&nbsp;pazuch\u00e1ch listov, vytv\u00e1raj\u00fa dvojpyskovit\u00e9 koruny. Plodom s\u00fa \u0161tyri tvrdky.&nbsp;<\/p>\n\n\n\n<p><strong>Mikroskopick\u00fd n\u00e1kres:<\/strong><\/p>\n\n\n<div class=\"wp-block-image\">\n<figure class=\"aligncenter size-full\"><img decoding=\"async\" loading=\"lazy\" width=\"346\" height=\"378\" src=\"https:\/\/www.liecivebyliny.eu\/wp-content\/uploads\/2023\/12\/image-27.png\" alt=\"\" class=\"wp-image-249\" srcset=\"https:\/\/www.liecivebyliny.eu\/wp-content\/uploads\/2023\/12\/image-27.png 346w, https:\/\/www.liecivebyliny.eu\/wp-content\/uploads\/2023\/12\/image-27-275x300.png 275w\" sizes=\"(max-width: 346px) 100vw, 346px\" \/><figcaption class=\"wp-element-caption\"><em>N\u00e1kres zobrazuje \u010das\u0165 (jedno rebro) prie\u010dneh rezu \u0161tvorhrannej stonky hluchavky bielej. Na&nbsp;povrchu stonky je epiderma (a). Pod epidermou je v&nbsp;rebr\u00e1ch vrstva kolench\u00fdmu (b), ktor\u00e9mu sa pripisuje spev\u0148uj\u00faca funkcia. V&nbsp;rebr\u00e1ch s\u00fa tie\u017e situovan\u00e9 kolater\u00e1lne cievne zv\u00e4zky (c). Nako\u013eko je stonka hluchavkovit\u00fdch rastl\u00edn dut\u00e1, v&nbsp;strede prepar\u00e1tu pozorujeme dutinu (d).<\/em><\/figcaption><\/figure><\/div>\n\n<div class=\"wp-block-image\">\n<figure class=\"aligncenter size-full is-resized\"><img decoding=\"async\" loading=\"lazy\" src=\"https:\/\/www.liecivebyliny.eu\/wp-content\/uploads\/2024\/01\/image.jpg\" alt=\"\" class=\"wp-image-1014\" width=\"455\" height=\"454\" srcset=\"https:\/\/www.liecivebyliny.eu\/wp-content\/uploads\/2024\/01\/image.jpg 769w, https:\/\/www.liecivebyliny.eu\/wp-content\/uploads\/2024\/01\/image-300x300.jpg 300w, https:\/\/www.liecivebyliny.eu\/wp-content\/uploads\/2024\/01\/image-150x150.jpg 150w\" sizes=\"(max-width: 455px) 100vw, 455px\" \/><figcaption class=\"wp-element-caption\">Prie\u010dny rez stonkou hluchavky (zv\u00e4\u010d\u0161en\u00e9 40 x)<\/figcaption><\/figure><\/div>\n\n\n<p><strong>Roz\u0161\u00edrenie:&nbsp;<\/strong>Rastie pri cest\u00e1ch, na okrajoch lesov, z\u00e1hrad\u00e1ch.<\/p>\n\n\n\n<p><strong>Droga:<\/strong>&nbsp;<em>Lamii albi flos, Lamii albi herba<\/em><\/p>\n\n\n\n<p><strong>Sp\u00f4sob zberu:<\/strong>&nbsp;Kvety a&nbsp;v\u0148a\u0165 s&nbsp;kvetmi sa zbieraj\u00fa od m\u00e1ja do septembra. Biele korunn\u00e9 lupienky sa ru\u010dne odtrh\u00e1vaj\u00fa za such\u00e9ho po\u010dasia. V\u0148a\u0165 s&nbsp;kvetmi sa zbiera z\u00e1hradn\u00edckymi no\u017enicami, bez&nbsp;pr\u00edtomnosti spodn\u00fdch drevnat\u00fdch \u010dast\u00ed.<\/p>\n\n\n\n<p><strong>Su\u0161enie:<\/strong>&nbsp;Kvety a&nbsp;v\u0148a\u0165 sa su\u0161ia prirodzen\u00fdm sp\u00f4sobom v&nbsp;tenk\u00fdch vrstv\u00e1ch na vzdu\u0161nom mieste, v tieni. Umel\u00fdm sp\u00f4sobom v&nbsp;su\u0161iarni, kde teplota nesmie prekro\u010di\u0165 40 \u00b0C.&nbsp;<\/p>\n\n\n\n<p><strong>Obsahov\u00e9 l\u00e1tky:<\/strong>&nbsp;Hluchavka biela obsahuje iridoidov\u00e9 horko-chutiace l\u00e1tky ako lamalbid. Flavonoidy s\u00fa zast\u00fapen\u00e9 rutozidom a&nbsp;tilirozidom. V&nbsp;droge nach\u00e1dzame sliz, men\u0161ie mno\u017estvo trieslov\u00edn a stopy&nbsp;sil\u00edc. K&nbsp;fenolick\u00fdm zl\u00fa\u010denin\u00e1m patr\u00ed kyselina rozmar\u00ednov\u00e1, ktor\u00e1 je biogeneticky syntetizovan\u00e1 v\u0161etk\u00fdmi z\u00e1stupcami \u010de\u013eade hluchavkovit\u00fdch rastl\u00edn.<\/p>\n\n\n\n<p><strong>Pou\u017eitie:<\/strong>&nbsp;Hluchavka biela a&nbsp;pr\u00edpravky z&nbsp;nej s\u00fa sk\u00f4r pou\u017e\u00edvan\u00e9 v&nbsp;\u013eudovej medic\u00edne, kde je ch\u00e1pan\u00e1 ako tzv. \u017eensk\u00e1 rastlina. Pou\u017e\u00edva sa pri nepravidelnom men\u0161trua\u010dnom cykle a&nbsp;pri&nbsp;infekci\u00e1ch \u017eensk\u00fdch pohlavn\u00fdch org\u00e1nov. Tieto \u00fa\u010dinky v\u0161ak doposia\u013e neboli dostato\u010dne vedecky podlo\u017een\u00e9. Pre obsah slizov, trieslov\u00edn a&nbsp;protiz\u00e1palovo p\u00f4sobiacich l\u00e1tok sa droga m\u00f4\u017ee ojedinele uplatni\u0165 pri \u017eal\u00fado\u010dnom a&nbsp;\u010drevnom podr\u00e1\u017eden\u00ed.&nbsp;<\/p>\n\n\n\n<p><strong>Vybran\u00e9 rastlinn\u00e9 pr\u00edpravky:<\/strong>&nbsp;AGROKARPATY HLUCHAVKA BIELA v\u0148a\u0165 bylinn\u00fd \u010daj 1&#215;30 g,&nbsp;LEROS D\u00ddCHACIE CESTY n\u00e1levov\u00e9 vreck\u00e1 20&#215;1,5 g, FYTO GYNASTAN Bylinn\u00fd \u017dENSK\u00dd \u010cAJ 20&#215;1 g, LEROS POKOJN\u00c1 MEN\u0160TRU\u00c1CIA n\u00e1levov\u00e9 vreck\u00e1 20&#215;1,5 g, J.V. KVAPKY &#8211; FEMI na \u010dinnos\u0165 vaje\u010dn\u00edkov 50 ml.<\/p>\n","protected":false},"excerpt":{"rendered":"<p>Slovensk\u00fd n\u00e1zov:&nbsp;hluchavka biela Anglick\u00fd n\u00e1zov:&nbsp;White dead nettle \u010cesk\u00fd n\u00e1zov:&nbsp;hluchavka b\u00edl\u00e1 \u013dudov\u00e9 n\u00e1zvy:&nbsp;m\u0155tva \u017eih\u013eava, medulka, hluch\u00e1 p\u0155h\u013eava \u010ce\u013ea\u010f:&nbsp;Lamiaceae&nbsp;(hluchavkovit\u00e9) Botanick\u00e1 charakteristika:&nbsp;Jednoro\u010dn\u00e1 bylina, vysok\u00e1 20 \u2013 40 cm, m\u00e1 \u0161tvorhrann\u00fa stonku. Listy s\u00fa vajcovit\u00e9 so \u0161picat\u00fdm vrcholom, protistojn\u00e9, s&nbsp;p\u00edlkovit\u00fdm okrajom. Biele kvety vyrastaj\u00fa v&nbsp;pazuch\u00e1ch listov, vytv\u00e1raj\u00fa dvojpyskovit\u00e9 koruny. Plodom s\u00fa \u0161tyri tvrdky.&nbsp; Mikroskopick\u00fd n\u00e1kres: Roz\u0161\u00edrenie:&nbsp;Rastie pri cest\u00e1ch, na [&hellip;]<\/p>\n","protected":false},"author":1,"featured_media":0,"parent":0,"menu_order":0,"comment_status":"closed","ping_status":"closed","template":"","meta":{"_mi_skip_tracking":false},"yoast_head":"<!-- This site is optimized with the Yoast SEO plugin v20.4 - https:\/\/yoast.com\/wordpress\/plugins\/seo\/ -->\n<title>Lamium album&nbsp;L. - liecivebyliny.eu<\/title>\n<meta name=\"robots\" content=\"index, follow, max-snippet:-1, max-image-preview:large, max-video-preview:-1\" \/>\n<link rel=\"canonical\" href=\"https:\/\/www.liecivebyliny.eu\/?page_id=247\" \/>\n<meta property=\"og:locale\" content=\"sk_SK\" \/>\n<meta property=\"og:type\" content=\"article\" \/>\n<meta property=\"og:title\" content=\"Lamium album&nbsp;L. - liecivebyliny.eu\" \/>\n<meta property=\"og:description\" content=\"Slovensk\u00fd n\u00e1zov:&nbsp;hluchavka biela Anglick\u00fd n\u00e1zov:&nbsp;White dead nettle \u010cesk\u00fd n\u00e1zov:&nbsp;hluchavka b\u00edl\u00e1 \u013dudov\u00e9 n\u00e1zvy:&nbsp;m\u0155tva \u017eih\u013eava, medulka, hluch\u00e1 p\u0155h\u013eava \u010ce\u013ea\u010f:&nbsp;Lamiaceae&nbsp;(hluchavkovit\u00e9) Botanick\u00e1 charakteristika:&nbsp;Jednoro\u010dn\u00e1 bylina, vysok\u00e1 20 \u2013 40 cm, m\u00e1 \u0161tvorhrann\u00fa stonku. Listy s\u00fa vajcovit\u00e9 so \u0161picat\u00fdm vrcholom, protistojn\u00e9, s&nbsp;p\u00edlkovit\u00fdm okrajom. Biele kvety vyrastaj\u00fa v&nbsp;pazuch\u00e1ch listov, vytv\u00e1raj\u00fa dvojpyskovit\u00e9 koruny. Plodom s\u00fa \u0161tyri tvrdky.&nbsp; Mikroskopick\u00fd n\u00e1kres: Roz\u0161\u00edrenie:&nbsp;Rastie pri cest\u00e1ch, na [&hellip;]\" \/>\n<meta property=\"og:url\" content=\"https:\/\/www.liecivebyliny.eu\/?page_id=247\" \/>\n<meta property=\"og:site_name\" content=\"liecivebyliny.eu\" \/>\n<meta property=\"article:modified_time\" content=\"2024-01-02T13:53:08+00:00\" \/>\n<meta property=\"og:image\" content=\"https:\/\/www.liecivebyliny.eu\/wp-content\/uploads\/2023\/12\/image-22.jpeg\" \/>\n<meta name=\"twitter:card\" content=\"summary_large_image\" \/>\n<meta name=\"twitter:label1\" content=\"Predpokladan\u00fd \u010das \u010d\u00edtania\" \/>\n\t<meta name=\"twitter:data1\" content=\"3 min\u00faty\" \/>\n<script type=\"application\/ld+json\" class=\"yoast-schema-graph\">{\"@context\":\"https:\/\/schema.org\",\"@graph\":[{\"@type\":\"WebPage\",\"@id\":\"https:\/\/www.liecivebyliny.eu\/?page_id=247\",\"url\":\"https:\/\/www.liecivebyliny.eu\/?page_id=247\",\"name\":\"Lamium album&nbsp;L. - liecivebyliny.eu\",\"isPartOf\":{\"@id\":\"https:\/\/www.liecivebyliny.eu\/#website\"},\"datePublished\":\"2023-12-21T21:11:09+00:00\",\"dateModified\":\"2024-01-02T13:53:08+00:00\",\"breadcrumb\":{\"@id\":\"https:\/\/www.liecivebyliny.eu\/?page_id=247#breadcrumb\"},\"inLanguage\":\"sk-SK\",\"potentialAction\":[{\"@type\":\"ReadAction\",\"target\":[\"https:\/\/www.liecivebyliny.eu\/?page_id=247\"]}]},{\"@type\":\"BreadcrumbList\",\"@id\":\"https:\/\/www.liecivebyliny.eu\/?page_id=247#breadcrumb\",\"itemListElement\":[{\"@type\":\"ListItem\",\"position\":1,\"name\":\"Home\",\"item\":\"https:\/\/www.liecivebyliny.eu\/\"},{\"@type\":\"ListItem\",\"position\":2,\"name\":\"Lamium album&nbsp;L.\"}]},{\"@type\":\"WebSite\",\"@id\":\"https:\/\/www.liecivebyliny.eu\/#website\",\"url\":\"https:\/\/www.liecivebyliny.eu\/\",\"name\":\"liecivebyliny.eu\",\"description\":\"\",\"potentialAction\":[{\"@type\":\"SearchAction\",\"target\":{\"@type\":\"EntryPoint\",\"urlTemplate\":\"https:\/\/www.liecivebyliny.eu\/?s={search_term_string}\"},\"query-input\":\"required name=search_term_string\"}],\"inLanguage\":\"sk-SK\"}]}<\/script>\n<!-- \/ Yoast SEO plugin. -->","yoast_head_json":{"title":"Lamium album&nbsp;L. - liecivebyliny.eu","robots":{"index":"index","follow":"follow","max-snippet":"max-snippet:-1","max-image-preview":"max-image-preview:large","max-video-preview":"max-video-preview:-1"},"canonical":"https:\/\/www.liecivebyliny.eu\/?page_id=247","og_locale":"sk_SK","og_type":"article","og_title":"Lamium album&nbsp;L. - liecivebyliny.eu","og_description":"Slovensk\u00fd n\u00e1zov:&nbsp;hluchavka biela Anglick\u00fd n\u00e1zov:&nbsp;White dead nettle \u010cesk\u00fd n\u00e1zov:&nbsp;hluchavka b\u00edl\u00e1 \u013dudov\u00e9 n\u00e1zvy:&nbsp;m\u0155tva \u017eih\u013eava, medulka, hluch\u00e1 p\u0155h\u013eava \u010ce\u013ea\u010f:&nbsp;Lamiaceae&nbsp;(hluchavkovit\u00e9) Botanick\u00e1 charakteristika:&nbsp;Jednoro\u010dn\u00e1 bylina, vysok\u00e1 20 \u2013 40 cm, m\u00e1 \u0161tvorhrann\u00fa stonku. Listy s\u00fa vajcovit\u00e9 so \u0161picat\u00fdm vrcholom, protistojn\u00e9, s&nbsp;p\u00edlkovit\u00fdm okrajom. Biele kvety vyrastaj\u00fa v&nbsp;pazuch\u00e1ch listov, vytv\u00e1raj\u00fa dvojpyskovit\u00e9 koruny. Plodom s\u00fa \u0161tyri tvrdky.&nbsp; Mikroskopick\u00fd n\u00e1kres: Roz\u0161\u00edrenie:&nbsp;Rastie pri cest\u00e1ch, na [&hellip;]","og_url":"https:\/\/www.liecivebyliny.eu\/?page_id=247","og_site_name":"liecivebyliny.eu","article_modified_time":"2024-01-02T13:53:08+00:00","og_image":[{"url":"https:\/\/www.liecivebyliny.eu\/wp-content\/uploads\/2023\/12\/image-22.jpeg"}],"twitter_card":"summary_large_image","twitter_misc":{"Predpokladan\u00fd \u010das \u010d\u00edtania":"3 min\u00faty"},"schema":{"@context":"https:\/\/schema.org","@graph":[{"@type":"WebPage","@id":"https:\/\/www.liecivebyliny.eu\/?page_id=247","url":"https:\/\/www.liecivebyliny.eu\/?page_id=247","name":"Lamium album&nbsp;L. - liecivebyliny.eu","isPartOf":{"@id":"https:\/\/www.liecivebyliny.eu\/#website"},"datePublished":"2023-12-21T21:11:09+00:00","dateModified":"2024-01-02T13:53:08+00:00","breadcrumb":{"@id":"https:\/\/www.liecivebyliny.eu\/?page_id=247#breadcrumb"},"inLanguage":"sk-SK","potentialAction":[{"@type":"ReadAction","target":["https:\/\/www.liecivebyliny.eu\/?page_id=247"]}]},{"@type":"BreadcrumbList","@id":"https:\/\/www.liecivebyliny.eu\/?page_id=247#breadcrumb","itemListElement":[{"@type":"ListItem","position":1,"name":"Home","item":"https:\/\/www.liecivebyliny.eu\/"},{"@type":"ListItem","position":2,"name":"Lamium album&nbsp;L."}]},{"@type":"WebSite","@id":"https:\/\/www.liecivebyliny.eu\/#website","url":"https:\/\/www.liecivebyliny.eu\/","name":"liecivebyliny.eu","description":"","potentialAction":[{"@type":"SearchAction","target":{"@type":"EntryPoint","urlTemplate":"https:\/\/www.liecivebyliny.eu\/?s={search_term_string}"},"query-input":"required name=search_term_string"}],"inLanguage":"sk-SK"}]}},"_links":{"self":[{"href":"https:\/\/www.liecivebyliny.eu\/index.php?rest_route=\/wp\/v2\/pages\/247"}],"collection":[{"href":"https:\/\/www.liecivebyliny.eu\/index.php?rest_route=\/wp\/v2\/pages"}],"about":[{"href":"https:\/\/www.liecivebyliny.eu\/index.php?rest_route=\/wp\/v2\/types\/page"}],"author":[{"embeddable":true,"href":"https:\/\/www.liecivebyliny.eu\/index.php?rest_route=\/wp\/v2\/users\/1"}],"replies":[{"embeddable":true,"href":"https:\/\/www.liecivebyliny.eu\/index.php?rest_route=%2Fwp%2Fv2%2Fcomments&post=247"}],"version-history":[{"count":3,"href":"https:\/\/www.liecivebyliny.eu\/index.php?rest_route=\/wp\/v2\/pages\/247\/revisions"}],"predecessor-version":[{"id":1016,"href":"https:\/\/www.liecivebyliny.eu\/index.php?rest_route=\/wp\/v2\/pages\/247\/revisions\/1016"}],"wp:attachment":[{"href":"https:\/\/www.liecivebyliny.eu\/index.php?rest_route=%2Fwp%2Fv2%2Fmedia&parent=247"}],"curies":[{"name":"wp","href":"https:\/\/api.w.org\/{rel}","templated":true}]}}