{"id":254,"date":"2023-12-21T22:13:56","date_gmt":"2023-12-21T21:13:56","guid":{"rendered":"https:\/\/www.liecivebyliny.eu\/?page_id=254"},"modified":"2024-01-01T19:52:27","modified_gmt":"2024-01-01T18:52:27","slug":"levisticum-officinale-koch","status":"publish","type":"page","link":"https:\/\/www.liecivebyliny.eu\/?page_id=254","title":{"rendered":"<em>Levisticum officinale<\/em>&nbsp;Koch."},"content":{"rendered":"<div class=\"wp-block-image\">\n<figure class=\"aligncenter size-full\"><img decoding=\"async\" loading=\"lazy\" width=\"226\" height=\"340\" src=\"https:\/\/www.liecivebyliny.eu\/wp-content\/uploads\/2023\/12\/image-23.jpeg\" alt=\"\" class=\"wp-image-255\" srcset=\"https:\/\/www.liecivebyliny.eu\/wp-content\/uploads\/2023\/12\/image-23.jpeg 226w, https:\/\/www.liecivebyliny.eu\/wp-content\/uploads\/2023\/12\/image-23-199x300.jpeg 199w\" sizes=\"(max-width: 226px) 100vw, 226px\" \/><figcaption class=\"wp-element-caption\">Ligur\u010dek lek\u00e1rsky<\/figcaption><\/figure><\/div>\n\n\n<p><strong>Slovensk\u00fd n\u00e1zov:&nbsp;<\/strong>ligur\u010dek lek\u00e1rsky<\/p>\n\n\n\n<p><strong>Anglick\u00fd n\u00e1zov:<\/strong>&nbsp;Lovage<\/p>\n\n\n\n<p><strong>\u010cesk\u00fd n\u00e1zov:<\/strong>&nbsp;liber\u010dek l\u00e9ka\u0159sk\u00fd<\/p>\n\n\n\n<p><strong>\u013dudov\u00e9 n\u00e1zvy:<\/strong>&nbsp;apich ve\u013ek\u00fd, \u013eubo\u010dek lie\u010div\u00fd, \u013eub\u010dek<\/p>\n\n\n\n<p><strong>\u010ce\u013ea\u010f:<\/strong>&nbsp;<em>Apiaceae&nbsp;<\/em>(mrkvovit\u00e9)<\/p>\n\n\n\n<p><strong>Botanick\u00e1 charakteristika:&nbsp;<\/strong>Trv\u00e1ca, aromatick\u00e1 bylina, ktor\u00e1 dorast\u00e1 do v\u00fd\u0161ky 1 \u2013 2 m. Korene dorastaj\u00fa do h\u013abky 0,5 m. V prvom roku veget\u00e1cie vytv\u00e1ra pr\u00edzemn\u00fa ru\u017eicu listov. Listy s\u00fa tmavozelen\u00e9, dvojito a\u017e trojito perovito zlo\u017een\u00e9. \u017dlt\u00e9 kvety s\u00fa usporiadan\u00e9 do zlo\u017een\u00fdch okol\u00edkov, ktor\u00e9 vznikaj\u00fa z&nbsp;12 \u2013 20 okol\u00ed\u010dkov. Plodom je \u017eltohned\u00e1 dvojna\u017eka.<\/p>\n\n\n\n<p><strong>Mikroskopick\u00fd n\u00e1kres:<\/strong><\/p>\n\n\n<div class=\"wp-block-image\">\n<figure class=\"aligncenter size-full\"><img decoding=\"async\" loading=\"lazy\" width=\"368\" height=\"354\" src=\"https:\/\/www.liecivebyliny.eu\/wp-content\/uploads\/2023\/12\/image-28.png\" alt=\"\" class=\"wp-image-256\" srcset=\"https:\/\/www.liecivebyliny.eu\/wp-content\/uploads\/2023\/12\/image-28.png 368w, https:\/\/www.liecivebyliny.eu\/wp-content\/uploads\/2023\/12\/image-28-300x289.png 300w\" sizes=\"(max-width: 368px) 100vw, 368px\" \/><figcaption class=\"wp-element-caption\"><em>Na povrchu prie\u010dneho rezu kore\u0148a ligur\u010deka lek\u00e1rskeho je mo\u017en\u00e9 zbada\u0165 bunky korku (a). Prim\u00e1rna k\u00f4ra obsahuje ve\u013ek\u00e9 mno\u017estvo vzduchov\u00fdch dut\u00edn (b) a&nbsp;sili\u010dn\u00fdch kan\u00e1likov (c). Centripet\u00e1lne od&nbsp;kambia s\u00fa ulo\u017een\u00e9 cievy (d). Stred prepar\u00e1tu tvor\u00ed str\u017ee\u0148 (e).&nbsp;<\/em><\/figcaption><\/figure><\/div>\n\n<div class=\"wp-block-image\">\n<figure class=\"aligncenter size-full is-resized\"><img decoding=\"async\" loading=\"lazy\" src=\"https:\/\/www.liecivebyliny.eu\/wp-content\/uploads\/2024\/01\/Levistici-radix-100x.jpg\" alt=\"\" class=\"wp-image-891\" width=\"432\" height=\"324\" srcset=\"https:\/\/www.liecivebyliny.eu\/wp-content\/uploads\/2024\/01\/Levistici-radix-100x.jpg 640w, https:\/\/www.liecivebyliny.eu\/wp-content\/uploads\/2024\/01\/Levistici-radix-100x-300x225.jpg 300w\" sizes=\"(max-width: 432px) 100vw, 432px\" \/><figcaption class=\"wp-element-caption\">Prie\u010dny rez kore\u0148om ligur\u010deka lek\u00e1rskeho (zv\u00e4\u010d\u0161en\u00e9 100x)<\/figcaption><\/figure><\/div>\n\n\n<p><\/p>\n\n\n\n<p><strong>Roz\u0161\u00edrenie:&nbsp;<\/strong>P\u00f4vodom poch\u00e1dza z&nbsp;juhoz\u00e1padnej oblasti \u00c1zie a&nbsp;Stredozemn\u00e9ho mora. Vyskytuje sa v&nbsp;podhorsk\u00fdch a&nbsp;horsk\u00fdch oblastiach. Pestuje sa v z\u00e1hrad\u00e1ch.<\/p>\n\n\n\n<p><strong>Droga<a>:&nbsp;<\/a><\/strong><em>Levistici radix<\/em>, pre potravin\u00e1rske \u00fa\u010dely sa vyu\u017e\u00edva&nbsp;<em>Levistici folium<\/em><\/p>\n\n\n\n<p><strong>Sp\u00f4sob zberu:<\/strong>&nbsp;Najkvalitnej\u0161\u00ed kore\u0148 ligur\u010deka lek\u00e1rskeho je v&nbsp;tre\u0165om roku vegeta\u010dn\u00e9ho obdobia. Kore\u0148 sa vyr\u00fd\u013euje, alebo vykope a o\u010dist\u00ed od hliny. M\u00f4\u017ee sa pozd\u013a\u017ene prereza\u0165. Listy sa zberaj\u00fa u\u017e v&nbsp;prvom roku veget\u00e1cie, pomocou z\u00e1hradn\u00edckych no\u017en\u00edc.&nbsp;<\/p>\n\n\n\n<p><strong>Su\u0161enie:<\/strong>&nbsp;Korene ligur\u010deka lek\u00e1rskeho sa su\u0161ia prirodzen\u00fdm sp\u00f4sobom. Vhodnej\u0161\u00ed je umel\u00fd sp\u00f4sob su\u0161enia v&nbsp;su\u0161i\u010dk\u00e1ch pri teplote do 40 \u00b0C.&nbsp;<\/p>\n\n\n\n<p><strong>Obsahov\u00e9 l\u00e1tky:<\/strong>&nbsp;Ligur\u010dek lek\u00e1rsky je typick\u00e1 sili\u010dn\u00e1 droga, ktor\u00e1 obsahuje alkylftalidy \u2013 butylftalid a&nbsp;ligustilid, ktor\u00e9 zodpovedaj\u00fa za charakteristick\u00fa v\u00f4\u0148u&nbsp;<em>\u201emaggi korenia\u201c.<\/em>&nbsp;V&nbsp;silici n\u00e1jdeme \u010fal\u0161ie vo\u0148av\u00e9 l\u00e1tky ako felandr\u00e9n, citronelal a&nbsp;r\u00f4zne terp\u00e9ny. Pre drogu je pr\u00edzna\u010dn\u00fd obsah kumar\u00ednov, ak\u00fdmi s\u00fa bergapt\u00e9n \u010di psoral\u00e9n. Je mo\u017en\u00e9 spomen\u00fa\u0165 aj pr\u00edtomnos\u0165 hor\u010d\u00edn a organick\u00fdch kysel\u00edn.<\/p>\n\n\n\n<p><strong>Pou\u017eitie:<\/strong>&nbsp;Kore\u0148 ligur\u010deka lek\u00e1rskeho sa tradi\u010dne pou\u017e\u00edva ako korenina, av\u0161ak m\u00e1 aj farmaceutick\u00e9 vyu\u017eitie. P\u00f4sob\u00ed silne mo\u010dopudne, uvo\u013e\u0148uje k\u0155\u010de hladk\u00e9ho svalstva a&nbsp;podporuje tr\u00e1venie. Kv\u00f4li t\u00fdmto \u00fa\u010dinkom je indikovan\u00fd pri mo\u010dov\u00fdch kame\u0148och a infekci\u00e1ch mo\u010dov\u00e9ho \u00fastrojenstva na&nbsp;tzv. preplachovaciu terapiu. T\u00e1to rastlina sa uplat\u0148uje aj pri probl\u00e9moch s&nbsp;tr\u00e1ven\u00edm.<\/p>\n\n\n\n<p><strong>Tradi\u010dn\u00fd sp\u00f4sob pou\u017eitia v&nbsp;indik\u00e1ci\u00e1ch ur\u010den\u00fdch v\u00fdhradne na z\u00e1klade dlhodob\u00e9ho pou\u017e\u00edvania:<\/strong><\/p>\n\n\n\n<ul>\n<li>zv\u00fd\u0161enie diur\u00e9zy pri ochoreniach mo\u010dov\u00fdch ciest.<\/li>\n<\/ul>\n\n\n\n<p><strong>Vybran\u00e9 rastlinn\u00e9 pr\u00edpravky:<\/strong>&nbsp;DELTA PESTRECOV\u00c1 BYLINN\u00c1 PASTA s panensk\u00fdm slne\u010dnicov\u00fdm olejom, feniklom, lop\u00fachom a&nbsp;ligur\u010dekom 500 ml.<\/p>\n","protected":false},"excerpt":{"rendered":"<p>Slovensk\u00fd n\u00e1zov:&nbsp;ligur\u010dek lek\u00e1rsky Anglick\u00fd n\u00e1zov:&nbsp;Lovage \u010cesk\u00fd n\u00e1zov:&nbsp;liber\u010dek l\u00e9ka\u0159sk\u00fd \u013dudov\u00e9 n\u00e1zvy:&nbsp;apich ve\u013ek\u00fd, \u013eubo\u010dek lie\u010div\u00fd, \u013eub\u010dek \u010ce\u013ea\u010f:&nbsp;Apiaceae&nbsp;(mrkvovit\u00e9) Botanick\u00e1 charakteristika:&nbsp;Trv\u00e1ca, aromatick\u00e1 bylina, ktor\u00e1 dorast\u00e1 do v\u00fd\u0161ky 1 \u2013 2 m. Korene dorastaj\u00fa do h\u013abky 0,5 m. V prvom roku veget\u00e1cie vytv\u00e1ra pr\u00edzemn\u00fa ru\u017eicu listov. Listy s\u00fa tmavozelen\u00e9, dvojito a\u017e trojito perovito zlo\u017een\u00e9. \u017dlt\u00e9 kvety s\u00fa usporiadan\u00e9 do zlo\u017een\u00fdch [&hellip;]<\/p>\n","protected":false},"author":1,"featured_media":0,"parent":0,"menu_order":0,"comment_status":"closed","ping_status":"closed","template":"","meta":{"_mi_skip_tracking":false},"yoast_head":"<!-- This site is optimized with the Yoast SEO plugin v20.4 - https:\/\/yoast.com\/wordpress\/plugins\/seo\/ -->\n<title>Levisticum officinale&nbsp;Koch. - liecivebyliny.eu<\/title>\n<meta name=\"robots\" content=\"index, follow, max-snippet:-1, max-image-preview:large, max-video-preview:-1\" \/>\n<link rel=\"canonical\" href=\"https:\/\/www.liecivebyliny.eu\/?page_id=254\" \/>\n<meta property=\"og:locale\" content=\"sk_SK\" \/>\n<meta property=\"og:type\" content=\"article\" \/>\n<meta property=\"og:title\" content=\"Levisticum officinale&nbsp;Koch. - liecivebyliny.eu\" \/>\n<meta property=\"og:description\" content=\"Slovensk\u00fd n\u00e1zov:&nbsp;ligur\u010dek lek\u00e1rsky Anglick\u00fd n\u00e1zov:&nbsp;Lovage \u010cesk\u00fd n\u00e1zov:&nbsp;liber\u010dek l\u00e9ka\u0159sk\u00fd \u013dudov\u00e9 n\u00e1zvy:&nbsp;apich ve\u013ek\u00fd, \u013eubo\u010dek lie\u010div\u00fd, \u013eub\u010dek \u010ce\u013ea\u010f:&nbsp;Apiaceae&nbsp;(mrkvovit\u00e9) Botanick\u00e1 charakteristika:&nbsp;Trv\u00e1ca, aromatick\u00e1 bylina, ktor\u00e1 dorast\u00e1 do v\u00fd\u0161ky 1 \u2013 2 m. Korene dorastaj\u00fa do h\u013abky 0,5 m. V prvom roku veget\u00e1cie vytv\u00e1ra pr\u00edzemn\u00fa ru\u017eicu listov. Listy s\u00fa tmavozelen\u00e9, dvojito a\u017e trojito perovito zlo\u017een\u00e9. \u017dlt\u00e9 kvety s\u00fa usporiadan\u00e9 do zlo\u017een\u00fdch [&hellip;]\" \/>\n<meta property=\"og:url\" content=\"https:\/\/www.liecivebyliny.eu\/?page_id=254\" \/>\n<meta property=\"og:site_name\" content=\"liecivebyliny.eu\" \/>\n<meta property=\"article:modified_time\" content=\"2024-01-01T18:52:27+00:00\" \/>\n<meta property=\"og:image\" content=\"https:\/\/www.liecivebyliny.eu\/wp-content\/uploads\/2023\/12\/image-23.jpeg\" \/>\n<meta name=\"twitter:card\" content=\"summary_large_image\" \/>\n<meta name=\"twitter:label1\" content=\"Predpokladan\u00fd \u010das \u010d\u00edtania\" \/>\n\t<meta name=\"twitter:data1\" content=\"3 min\u00faty\" \/>\n<script type=\"application\/ld+json\" class=\"yoast-schema-graph\">{\"@context\":\"https:\/\/schema.org\",\"@graph\":[{\"@type\":\"WebPage\",\"@id\":\"https:\/\/www.liecivebyliny.eu\/?page_id=254\",\"url\":\"https:\/\/www.liecivebyliny.eu\/?page_id=254\",\"name\":\"Levisticum officinale&nbsp;Koch. - liecivebyliny.eu\",\"isPartOf\":{\"@id\":\"https:\/\/www.liecivebyliny.eu\/#website\"},\"datePublished\":\"2023-12-21T21:13:56+00:00\",\"dateModified\":\"2024-01-01T18:52:27+00:00\",\"breadcrumb\":{\"@id\":\"https:\/\/www.liecivebyliny.eu\/?page_id=254#breadcrumb\"},\"inLanguage\":\"sk-SK\",\"potentialAction\":[{\"@type\":\"ReadAction\",\"target\":[\"https:\/\/www.liecivebyliny.eu\/?page_id=254\"]}]},{\"@type\":\"BreadcrumbList\",\"@id\":\"https:\/\/www.liecivebyliny.eu\/?page_id=254#breadcrumb\",\"itemListElement\":[{\"@type\":\"ListItem\",\"position\":1,\"name\":\"Home\",\"item\":\"https:\/\/www.liecivebyliny.eu\/\"},{\"@type\":\"ListItem\",\"position\":2,\"name\":\"Levisticum officinale&nbsp;Koch.\"}]},{\"@type\":\"WebSite\",\"@id\":\"https:\/\/www.liecivebyliny.eu\/#website\",\"url\":\"https:\/\/www.liecivebyliny.eu\/\",\"name\":\"liecivebyliny.eu\",\"description\":\"\",\"potentialAction\":[{\"@type\":\"SearchAction\",\"target\":{\"@type\":\"EntryPoint\",\"urlTemplate\":\"https:\/\/www.liecivebyliny.eu\/?s={search_term_string}\"},\"query-input\":\"required name=search_term_string\"}],\"inLanguage\":\"sk-SK\"}]}<\/script>\n<!-- \/ Yoast SEO plugin. -->","yoast_head_json":{"title":"Levisticum officinale&nbsp;Koch. - liecivebyliny.eu","robots":{"index":"index","follow":"follow","max-snippet":"max-snippet:-1","max-image-preview":"max-image-preview:large","max-video-preview":"max-video-preview:-1"},"canonical":"https:\/\/www.liecivebyliny.eu\/?page_id=254","og_locale":"sk_SK","og_type":"article","og_title":"Levisticum officinale&nbsp;Koch. - liecivebyliny.eu","og_description":"Slovensk\u00fd n\u00e1zov:&nbsp;ligur\u010dek lek\u00e1rsky Anglick\u00fd n\u00e1zov:&nbsp;Lovage \u010cesk\u00fd n\u00e1zov:&nbsp;liber\u010dek l\u00e9ka\u0159sk\u00fd \u013dudov\u00e9 n\u00e1zvy:&nbsp;apich ve\u013ek\u00fd, \u013eubo\u010dek lie\u010div\u00fd, \u013eub\u010dek \u010ce\u013ea\u010f:&nbsp;Apiaceae&nbsp;(mrkvovit\u00e9) Botanick\u00e1 charakteristika:&nbsp;Trv\u00e1ca, aromatick\u00e1 bylina, ktor\u00e1 dorast\u00e1 do v\u00fd\u0161ky 1 \u2013 2 m. Korene dorastaj\u00fa do h\u013abky 0,5 m. V prvom roku veget\u00e1cie vytv\u00e1ra pr\u00edzemn\u00fa ru\u017eicu listov. Listy s\u00fa tmavozelen\u00e9, dvojito a\u017e trojito perovito zlo\u017een\u00e9. \u017dlt\u00e9 kvety s\u00fa usporiadan\u00e9 do zlo\u017een\u00fdch [&hellip;]","og_url":"https:\/\/www.liecivebyliny.eu\/?page_id=254","og_site_name":"liecivebyliny.eu","article_modified_time":"2024-01-01T18:52:27+00:00","og_image":[{"url":"https:\/\/www.liecivebyliny.eu\/wp-content\/uploads\/2023\/12\/image-23.jpeg"}],"twitter_card":"summary_large_image","twitter_misc":{"Predpokladan\u00fd \u010das \u010d\u00edtania":"3 min\u00faty"},"schema":{"@context":"https:\/\/schema.org","@graph":[{"@type":"WebPage","@id":"https:\/\/www.liecivebyliny.eu\/?page_id=254","url":"https:\/\/www.liecivebyliny.eu\/?page_id=254","name":"Levisticum officinale&nbsp;Koch. - liecivebyliny.eu","isPartOf":{"@id":"https:\/\/www.liecivebyliny.eu\/#website"},"datePublished":"2023-12-21T21:13:56+00:00","dateModified":"2024-01-01T18:52:27+00:00","breadcrumb":{"@id":"https:\/\/www.liecivebyliny.eu\/?page_id=254#breadcrumb"},"inLanguage":"sk-SK","potentialAction":[{"@type":"ReadAction","target":["https:\/\/www.liecivebyliny.eu\/?page_id=254"]}]},{"@type":"BreadcrumbList","@id":"https:\/\/www.liecivebyliny.eu\/?page_id=254#breadcrumb","itemListElement":[{"@type":"ListItem","position":1,"name":"Home","item":"https:\/\/www.liecivebyliny.eu\/"},{"@type":"ListItem","position":2,"name":"Levisticum officinale&nbsp;Koch."}]},{"@type":"WebSite","@id":"https:\/\/www.liecivebyliny.eu\/#website","url":"https:\/\/www.liecivebyliny.eu\/","name":"liecivebyliny.eu","description":"","potentialAction":[{"@type":"SearchAction","target":{"@type":"EntryPoint","urlTemplate":"https:\/\/www.liecivebyliny.eu\/?s={search_term_string}"},"query-input":"required name=search_term_string"}],"inLanguage":"sk-SK"}]}},"_links":{"self":[{"href":"https:\/\/www.liecivebyliny.eu\/index.php?rest_route=\/wp\/v2\/pages\/254"}],"collection":[{"href":"https:\/\/www.liecivebyliny.eu\/index.php?rest_route=\/wp\/v2\/pages"}],"about":[{"href":"https:\/\/www.liecivebyliny.eu\/index.php?rest_route=\/wp\/v2\/types\/page"}],"author":[{"embeddable":true,"href":"https:\/\/www.liecivebyliny.eu\/index.php?rest_route=\/wp\/v2\/users\/1"}],"replies":[{"embeddable":true,"href":"https:\/\/www.liecivebyliny.eu\/index.php?rest_route=%2Fwp%2Fv2%2Fcomments&post=254"}],"version-history":[{"count":2,"href":"https:\/\/www.liecivebyliny.eu\/index.php?rest_route=\/wp\/v2\/pages\/254\/revisions"}],"predecessor-version":[{"id":892,"href":"https:\/\/www.liecivebyliny.eu\/index.php?rest_route=\/wp\/v2\/pages\/254\/revisions\/892"}],"wp:attachment":[{"href":"https:\/\/www.liecivebyliny.eu\/index.php?rest_route=%2Fwp%2Fv2%2Fmedia&parent=254"}],"curies":[{"name":"wp","href":"https:\/\/api.w.org\/{rel}","templated":true}]}}