{"id":263,"date":"2023-12-21T22:17:19","date_gmt":"2023-12-21T21:17:19","guid":{"rendered":"https:\/\/www.liecivebyliny.eu\/?page_id=263"},"modified":"2024-01-01T19:48:15","modified_gmt":"2024-01-01T18:48:15","slug":"marrubium-vulgare-l","status":"publish","type":"page","link":"https:\/\/www.liecivebyliny.eu\/?page_id=263","title":{"rendered":"<strong><em>Marrubium vulgare<\/em><\/strong><strong>&nbsp;L<\/strong>."},"content":{"rendered":"<div class=\"wp-block-image\">\n<figure class=\"aligncenter size-full\"><img decoding=\"async\" loading=\"lazy\" width=\"260\" height=\"330\" src=\"https:\/\/www.liecivebyliny.eu\/wp-content\/uploads\/2023\/12\/image-24.jpeg\" alt=\"\" class=\"wp-image-264\" srcset=\"https:\/\/www.liecivebyliny.eu\/wp-content\/uploads\/2023\/12\/image-24.jpeg 260w, https:\/\/www.liecivebyliny.eu\/wp-content\/uploads\/2023\/12\/image-24-236x300.jpeg 236w\" sizes=\"(max-width: 260px) 100vw, 260px\" \/><figcaption class=\"wp-element-caption\">Jabl\u010dn\u00edk oby\u010dajn\u00fd<\/figcaption><\/figure><\/div>\n\n\n<p><strong>Slovensk\u00fd n\u00e1zov:&nbsp;<\/strong>jabl\u010dn\u00edk oby\u010dajn\u00fd<\/p>\n\n\n\n<p><strong>Anglick\u00fd n\u00e1zov:<\/strong>&nbsp;White horehound<\/p>\n\n\n\n<p><strong>\u010cesk\u00fd n\u00e1zov:<\/strong>&nbsp;jable\u010dn\u00edk obecn\u00fd<\/p>\n\n\n\n<p><strong>\u013dudov\u00e9 n\u00e1zvy:<\/strong>&nbsp;jabl\u010dn\u00edk, samarit\u00e1nka<\/p>\n\n\n\n<p><strong>\u010ce\u013ea\u010f:<\/strong>&nbsp;<em>Lamiaceae&nbsp;<\/em>(hluchavkovit\u00e9)<\/p>\n\n\n\n<p><strong>Botanick\u00e1 charakteristika:&nbsp;<\/strong>Trv\u00e1ca bylina, dorastaj\u00faca do v\u00fd\u0161ky 50 cm. Stonka je na b\u00e1ze drevnaj\u00faca, \u0161tvorhrann\u00e1, bielo-plstnat\u00e1. Protistojn\u00e9 sivozelen\u00e9 listy s\u00fa vajcovit\u00e9ho tvaru, zvr\u00e1skaven\u00e9, vr\u00fabkovan\u00e9. Kvety s\u00fa bielej farby, vyrastaj\u00fa v&nbsp;pazuch\u00e1ch listov v papraslenoch. Plodom je tvrdka.<\/p>\n\n\n\n<p><strong>Mikroskopick\u00fd n\u00e1kres:<\/strong><\/p>\n\n\n<div class=\"wp-block-image\">\n<figure class=\"aligncenter size-full\"><img decoding=\"async\" loading=\"lazy\" width=\"256\" height=\"334\" src=\"https:\/\/www.liecivebyliny.eu\/wp-content\/uploads\/2023\/12\/image-29.png\" alt=\"\" class=\"wp-image-265\" srcset=\"https:\/\/www.liecivebyliny.eu\/wp-content\/uploads\/2023\/12\/image-29.png 256w, https:\/\/www.liecivebyliny.eu\/wp-content\/uploads\/2023\/12\/image-29-230x300.png 230w\" sizes=\"(max-width: 256px) 100vw, 256px\" \/><figcaption class=\"wp-element-caption\"><em>Poko\u017eka listu jabl\u010dn\u00edka oby\u010dajn\u00e9ho je husto pokryt\u00e1 kryc\u00edmi (a), kandel\u00e1brovit\u00fdmi (b) a&nbsp;\u017e\u013eaznat\u00fdmi (c) trich\u00f3mami. N\u00e1jdeme na nej aj diskovit\u00e9 \u017eliazky (d) a&nbsp;prieduchy s&nbsp;dvoma sprievodn\u00fdmi bunkami (e), \u010do je charakteristick\u00e9 pre mikroskopiu z\u00e1stupcov hluchavkovit\u00fdch rastl\u00edn.<\/em><\/figcaption><\/figure><\/div>\n\n\n<figure class=\"is-layout-flex wp-block-gallery-1 wp-block-gallery has-nested-images columns-default is-cropped\">\n<figure class=\"wp-block-image size-large\"><img decoding=\"async\" loading=\"lazy\" width=\"480\" height=\"360\" data-id=\"885\"  src=\"https:\/\/www.liecivebyliny.eu\/wp-content\/uploads\/2024\/01\/marrubii-herba-100x-a.jpg\" alt=\"\" class=\"wp-image-885\" srcset=\"https:\/\/www.liecivebyliny.eu\/wp-content\/uploads\/2024\/01\/marrubii-herba-100x-a.jpg 480w, https:\/\/www.liecivebyliny.eu\/wp-content\/uploads\/2024\/01\/marrubii-herba-100x-a-300x225.jpg 300w\" sizes=\"(max-width: 480px) 100vw, 480px\" \/><figcaption class=\"wp-element-caption\">Prie\u010dny rez listom jabl\u010dn\u00edka (zv\u00e4\u010d\u0161en\u00e9 100x)<\/figcaption><\/figure>\n\n\n\n<figure class=\"wp-block-image size-large\"><img decoding=\"async\" loading=\"lazy\" width=\"640\" height=\"480\" data-id=\"886\"  src=\"https:\/\/www.liecivebyliny.eu\/wp-content\/uploads\/2024\/01\/Marrubii-herba-100x.jpg\" alt=\"\" class=\"wp-image-886\" srcset=\"https:\/\/www.liecivebyliny.eu\/wp-content\/uploads\/2024\/01\/Marrubii-herba-100x.jpg 640w, https:\/\/www.liecivebyliny.eu\/wp-content\/uploads\/2024\/01\/Marrubii-herba-100x-300x225.jpg 300w\" sizes=\"(max-width: 640px) 100vw, 640px\" \/><figcaption class=\"wp-element-caption\">Prie\u010dny rez listom jabl\u010dn\u00edka (zv\u00e4\u010d\u0161en\u00e9 100x)<\/figcaption><\/figure>\n<\/figure>\n\n\n\n<p><\/p>\n\n\n\n<p><strong>Roz\u0161\u00edrenie:<\/strong>&nbsp;P\u00f4vodom poch\u00e1dza z&nbsp;Ju\u017enej Eur\u00f3py, vyskytuje sa od n\u00ed\u017ein po vysokohorsk\u00e9 oblasti. Rastie pri cest\u00e1ch, plotoch.<\/p>\n\n\n\n<p><strong>Droga:<\/strong>&nbsp;<em>Marrubii herba<\/em><\/p>\n\n\n\n<p><strong>Sp\u00f4sob zberu:<\/strong>&nbsp;V\u0148a\u0165 sa zber\u00e1 v&nbsp;\u010dase kvitnutia od j\u00fana do septembra, pomocou z\u00e1hradn\u00edckych no\u017en\u00edc.&nbsp;<\/p>\n\n\n\n<p><strong>Su\u0161enie:<\/strong>&nbsp;Su\u0161enie jabl\u010dn\u00edka oby\u010dajn\u00e9ho prebieha prirodzen\u00fdm sp\u00f4sobom v tenk\u00fdch vrstv\u00e1ch, v&nbsp;tmavej miestnosti. Umel\u00fdm sp\u00f4sobom pri teplote do 35 \u00b0C.&nbsp;<\/p>\n\n\n\n<p><strong>Obsahov\u00e9 l\u00e1tky:&nbsp;<\/strong>Za hork\u00fa chu\u0165 celej rastliny zodpovedaj\u00fa horko chutiace l\u00e1tky \u2013 hor\u010diny s&nbsp;dominanciou marubi\u00ednu. Zvy\u0161ok tvoria triesloviny, organick\u00e9 kyseliny, predov\u0161etk\u00fdm kyselina chlorog\u00e9nov\u00e1 a&nbsp;k\u00e1vov\u00e1. Zvy\u0161n\u00e9 l\u00e1tky tvoria flavonoidy a&nbsp;silice.&nbsp;<\/p>\n\n\n\n<p><strong>Pou\u017eitie:<\/strong>&nbsp;Jabl\u010dn\u00edk oby\u010dajn\u00fd svojou horkos\u0165ou podporuje vylu\u010dovanie tr\u00e1viacich \u0161tiav, stimuluje tr\u00e1venie a&nbsp;zvy\u0161uje chu\u0165 do jedla.&nbsp;<\/p>\n\n\n\n<p><strong>Tradi\u010dn\u00fd sp\u00f4sob pou\u017eitia v&nbsp;indik\u00e1ci\u00e1ch ur\u010den\u00fdch v\u00fdhradne na z\u00e1klade dlhodob\u00e9ho pou\u017e\u00edvania:<\/strong><\/p>\n\n\n\n<ul>\n<li>expektorans pri produkt\u00edvnom ka\u0161li s\u00favisiacom s&nbsp;prechladnut\u00edm,<\/li>\n\n\n\n<li>symptomatick\u00e1 lie\u010dba miernych dyspeptick\u00fdch \u0165a\u017ekost\u00ed, nad\u00favania a&nbsp;plynatosti,<\/li>\n\n\n\n<li>podporn\u00e1 lie\u010dba pri do\u010dasnej strate chuti do jedla.<\/li>\n<\/ul>\n\n\n\n<p>Vybran\u00e9 rastlinn\u00e9 pr\u00edpravky:&nbsp;AGROKARPATY JABL\u010cN\u00cdK OBY\u010cAJN\u00dd v\u0148a\u0165 bylinn\u00fd \u010daj 1&#215;30 g, AGROKARPATY PE\u010cE\u0147 a \u017el\u010dn\u00edk bylinn\u00fd \u010daj 20&#215;2 g, Dr.Svatek SIRUP z byl\u00edn NA&nbsp;VYKA\u0160LIAVANIE 250 ml, HANUS \u0160V\u00c9DSKE KVAPKY gtt 100 ml, POTENCI\u00c1L Forte \u017euvacia tableta 1 ks.<\/p>\n","protected":false},"excerpt":{"rendered":"<p>Slovensk\u00fd n\u00e1zov:&nbsp;jabl\u010dn\u00edk oby\u010dajn\u00fd Anglick\u00fd n\u00e1zov:&nbsp;White horehound \u010cesk\u00fd n\u00e1zov:&nbsp;jable\u010dn\u00edk obecn\u00fd \u013dudov\u00e9 n\u00e1zvy:&nbsp;jabl\u010dn\u00edk, samarit\u00e1nka \u010ce\u013ea\u010f:&nbsp;Lamiaceae&nbsp;(hluchavkovit\u00e9) Botanick\u00e1 charakteristika:&nbsp;Trv\u00e1ca bylina, dorastaj\u00faca do v\u00fd\u0161ky 50 cm. Stonka je na b\u00e1ze drevnaj\u00faca, \u0161tvorhrann\u00e1, bielo-plstnat\u00e1. Protistojn\u00e9 sivozelen\u00e9 listy s\u00fa vajcovit\u00e9ho tvaru, zvr\u00e1skaven\u00e9, vr\u00fabkovan\u00e9. Kvety s\u00fa bielej farby, vyrastaj\u00fa v&nbsp;pazuch\u00e1ch listov v papraslenoch. Plodom je tvrdka. Mikroskopick\u00fd n\u00e1kres: Roz\u0161\u00edrenie:&nbsp;P\u00f4vodom poch\u00e1dza z&nbsp;Ju\u017enej Eur\u00f3py, vyskytuje [&hellip;]<\/p>\n","protected":false},"author":1,"featured_media":0,"parent":0,"menu_order":0,"comment_status":"closed","ping_status":"closed","template":"","meta":{"_mi_skip_tracking":false},"yoast_head":"<!-- This site is optimized with the Yoast SEO plugin v20.4 - https:\/\/yoast.com\/wordpress\/plugins\/seo\/ -->\n<title>Marrubium vulgare&nbsp;L. - liecivebyliny.eu<\/title>\n<meta name=\"robots\" content=\"index, follow, max-snippet:-1, max-image-preview:large, max-video-preview:-1\" \/>\n<link rel=\"canonical\" href=\"https:\/\/www.liecivebyliny.eu\/?page_id=263\" \/>\n<meta property=\"og:locale\" content=\"sk_SK\" \/>\n<meta property=\"og:type\" content=\"article\" \/>\n<meta property=\"og:title\" content=\"Marrubium vulgare&nbsp;L. - liecivebyliny.eu\" \/>\n<meta property=\"og:description\" content=\"Slovensk\u00fd n\u00e1zov:&nbsp;jabl\u010dn\u00edk oby\u010dajn\u00fd Anglick\u00fd n\u00e1zov:&nbsp;White horehound \u010cesk\u00fd n\u00e1zov:&nbsp;jable\u010dn\u00edk obecn\u00fd \u013dudov\u00e9 n\u00e1zvy:&nbsp;jabl\u010dn\u00edk, samarit\u00e1nka \u010ce\u013ea\u010f:&nbsp;Lamiaceae&nbsp;(hluchavkovit\u00e9) Botanick\u00e1 charakteristika:&nbsp;Trv\u00e1ca bylina, dorastaj\u00faca do v\u00fd\u0161ky 50 cm. Stonka je na b\u00e1ze drevnaj\u00faca, \u0161tvorhrann\u00e1, bielo-plstnat\u00e1. Protistojn\u00e9 sivozelen\u00e9 listy s\u00fa vajcovit\u00e9ho tvaru, zvr\u00e1skaven\u00e9, vr\u00fabkovan\u00e9. Kvety s\u00fa bielej farby, vyrastaj\u00fa v&nbsp;pazuch\u00e1ch listov v papraslenoch. Plodom je tvrdka. Mikroskopick\u00fd n\u00e1kres: Roz\u0161\u00edrenie:&nbsp;P\u00f4vodom poch\u00e1dza z&nbsp;Ju\u017enej Eur\u00f3py, vyskytuje [&hellip;]\" \/>\n<meta property=\"og:url\" content=\"https:\/\/www.liecivebyliny.eu\/?page_id=263\" \/>\n<meta property=\"og:site_name\" content=\"liecivebyliny.eu\" \/>\n<meta property=\"article:modified_time\" content=\"2024-01-01T18:48:15+00:00\" \/>\n<meta property=\"og:image\" content=\"https:\/\/www.liecivebyliny.eu\/wp-content\/uploads\/2023\/12\/image-24.jpeg\" \/>\n<meta name=\"twitter:card\" content=\"summary_large_image\" \/>\n<meta name=\"twitter:label1\" content=\"Predpokladan\u00fd \u010das \u010d\u00edtania\" \/>\n\t<meta name=\"twitter:data1\" content=\"3 min\u00faty\" \/>\n<script type=\"application\/ld+json\" class=\"yoast-schema-graph\">{\"@context\":\"https:\/\/schema.org\",\"@graph\":[{\"@type\":\"WebPage\",\"@id\":\"https:\/\/www.liecivebyliny.eu\/?page_id=263\",\"url\":\"https:\/\/www.liecivebyliny.eu\/?page_id=263\",\"name\":\"Marrubium vulgare&nbsp;L. - liecivebyliny.eu\",\"isPartOf\":{\"@id\":\"https:\/\/www.liecivebyliny.eu\/#website\"},\"datePublished\":\"2023-12-21T21:17:19+00:00\",\"dateModified\":\"2024-01-01T18:48:15+00:00\",\"breadcrumb\":{\"@id\":\"https:\/\/www.liecivebyliny.eu\/?page_id=263#breadcrumb\"},\"inLanguage\":\"sk-SK\",\"potentialAction\":[{\"@type\":\"ReadAction\",\"target\":[\"https:\/\/www.liecivebyliny.eu\/?page_id=263\"]}]},{\"@type\":\"BreadcrumbList\",\"@id\":\"https:\/\/www.liecivebyliny.eu\/?page_id=263#breadcrumb\",\"itemListElement\":[{\"@type\":\"ListItem\",\"position\":1,\"name\":\"Home\",\"item\":\"https:\/\/www.liecivebyliny.eu\/\"},{\"@type\":\"ListItem\",\"position\":2,\"name\":\"Marrubium vulgare&nbsp;L.\"}]},{\"@type\":\"WebSite\",\"@id\":\"https:\/\/www.liecivebyliny.eu\/#website\",\"url\":\"https:\/\/www.liecivebyliny.eu\/\",\"name\":\"liecivebyliny.eu\",\"description\":\"\",\"potentialAction\":[{\"@type\":\"SearchAction\",\"target\":{\"@type\":\"EntryPoint\",\"urlTemplate\":\"https:\/\/www.liecivebyliny.eu\/?s={search_term_string}\"},\"query-input\":\"required name=search_term_string\"}],\"inLanguage\":\"sk-SK\"}]}<\/script>\n<!-- \/ Yoast SEO plugin. -->","yoast_head_json":{"title":"Marrubium vulgare&nbsp;L. - liecivebyliny.eu","robots":{"index":"index","follow":"follow","max-snippet":"max-snippet:-1","max-image-preview":"max-image-preview:large","max-video-preview":"max-video-preview:-1"},"canonical":"https:\/\/www.liecivebyliny.eu\/?page_id=263","og_locale":"sk_SK","og_type":"article","og_title":"Marrubium vulgare&nbsp;L. - liecivebyliny.eu","og_description":"Slovensk\u00fd n\u00e1zov:&nbsp;jabl\u010dn\u00edk oby\u010dajn\u00fd Anglick\u00fd n\u00e1zov:&nbsp;White horehound \u010cesk\u00fd n\u00e1zov:&nbsp;jable\u010dn\u00edk obecn\u00fd \u013dudov\u00e9 n\u00e1zvy:&nbsp;jabl\u010dn\u00edk, samarit\u00e1nka \u010ce\u013ea\u010f:&nbsp;Lamiaceae&nbsp;(hluchavkovit\u00e9) Botanick\u00e1 charakteristika:&nbsp;Trv\u00e1ca bylina, dorastaj\u00faca do v\u00fd\u0161ky 50 cm. Stonka je na b\u00e1ze drevnaj\u00faca, \u0161tvorhrann\u00e1, bielo-plstnat\u00e1. Protistojn\u00e9 sivozelen\u00e9 listy s\u00fa vajcovit\u00e9ho tvaru, zvr\u00e1skaven\u00e9, vr\u00fabkovan\u00e9. Kvety s\u00fa bielej farby, vyrastaj\u00fa v&nbsp;pazuch\u00e1ch listov v papraslenoch. Plodom je tvrdka. Mikroskopick\u00fd n\u00e1kres: Roz\u0161\u00edrenie:&nbsp;P\u00f4vodom poch\u00e1dza z&nbsp;Ju\u017enej Eur\u00f3py, vyskytuje [&hellip;]","og_url":"https:\/\/www.liecivebyliny.eu\/?page_id=263","og_site_name":"liecivebyliny.eu","article_modified_time":"2024-01-01T18:48:15+00:00","og_image":[{"url":"https:\/\/www.liecivebyliny.eu\/wp-content\/uploads\/2023\/12\/image-24.jpeg"}],"twitter_card":"summary_large_image","twitter_misc":{"Predpokladan\u00fd \u010das \u010d\u00edtania":"3 min\u00faty"},"schema":{"@context":"https:\/\/schema.org","@graph":[{"@type":"WebPage","@id":"https:\/\/www.liecivebyliny.eu\/?page_id=263","url":"https:\/\/www.liecivebyliny.eu\/?page_id=263","name":"Marrubium vulgare&nbsp;L. - liecivebyliny.eu","isPartOf":{"@id":"https:\/\/www.liecivebyliny.eu\/#website"},"datePublished":"2023-12-21T21:17:19+00:00","dateModified":"2024-01-01T18:48:15+00:00","breadcrumb":{"@id":"https:\/\/www.liecivebyliny.eu\/?page_id=263#breadcrumb"},"inLanguage":"sk-SK","potentialAction":[{"@type":"ReadAction","target":["https:\/\/www.liecivebyliny.eu\/?page_id=263"]}]},{"@type":"BreadcrumbList","@id":"https:\/\/www.liecivebyliny.eu\/?page_id=263#breadcrumb","itemListElement":[{"@type":"ListItem","position":1,"name":"Home","item":"https:\/\/www.liecivebyliny.eu\/"},{"@type":"ListItem","position":2,"name":"Marrubium vulgare&nbsp;L."}]},{"@type":"WebSite","@id":"https:\/\/www.liecivebyliny.eu\/#website","url":"https:\/\/www.liecivebyliny.eu\/","name":"liecivebyliny.eu","description":"","potentialAction":[{"@type":"SearchAction","target":{"@type":"EntryPoint","urlTemplate":"https:\/\/www.liecivebyliny.eu\/?s={search_term_string}"},"query-input":"required name=search_term_string"}],"inLanguage":"sk-SK"}]}},"_links":{"self":[{"href":"https:\/\/www.liecivebyliny.eu\/index.php?rest_route=\/wp\/v2\/pages\/263"}],"collection":[{"href":"https:\/\/www.liecivebyliny.eu\/index.php?rest_route=\/wp\/v2\/pages"}],"about":[{"href":"https:\/\/www.liecivebyliny.eu\/index.php?rest_route=\/wp\/v2\/types\/page"}],"author":[{"embeddable":true,"href":"https:\/\/www.liecivebyliny.eu\/index.php?rest_route=\/wp\/v2\/users\/1"}],"replies":[{"embeddable":true,"href":"https:\/\/www.liecivebyliny.eu\/index.php?rest_route=%2Fwp%2Fv2%2Fcomments&post=263"}],"version-history":[{"count":2,"href":"https:\/\/www.liecivebyliny.eu\/index.php?rest_route=\/wp\/v2\/pages\/263\/revisions"}],"predecessor-version":[{"id":888,"href":"https:\/\/www.liecivebyliny.eu\/index.php?rest_route=\/wp\/v2\/pages\/263\/revisions\/888"}],"wp:attachment":[{"href":"https:\/\/www.liecivebyliny.eu\/index.php?rest_route=%2Fwp%2Fv2%2Fmedia&parent=263"}],"curies":[{"name":"wp","href":"https:\/\/api.w.org\/{rel}","templated":true}]}}