{"id":276,"date":"2023-12-23T18:15:36","date_gmt":"2023-12-23T17:15:36","guid":{"rendered":"https:\/\/www.liecivebyliny.eu\/?page_id=276"},"modified":"2023-12-23T18:15:37","modified_gmt":"2023-12-23T17:15:37","slug":"melissa-officinalis-l","status":"publish","type":"page","link":"https:\/\/www.liecivebyliny.eu\/?page_id=276","title":{"rendered":"<strong><em>Melissa officinalis<\/em><\/strong><strong>&nbsp;L<\/strong>."},"content":{"rendered":"<div class=\"wp-block-image\">\n<figure class=\"aligncenter size-full\"><img decoding=\"async\" loading=\"lazy\" width=\"228\" height=\"340\" src=\"https:\/\/www.liecivebyliny.eu\/wp-content\/uploads\/2023\/12\/image-26.jpeg\" alt=\"\" class=\"wp-image-277\" srcset=\"https:\/\/www.liecivebyliny.eu\/wp-content\/uploads\/2023\/12\/image-26.jpeg 228w, https:\/\/www.liecivebyliny.eu\/wp-content\/uploads\/2023\/12\/image-26-201x300.jpeg 201w\" sizes=\"(max-width: 228px) 100vw, 228px\" \/><figcaption class=\"wp-element-caption\">Medovka lek\u00e1rska<\/figcaption><\/figure><\/div>\n\n\n<p><strong>Slovensk\u00fd n\u00e1zov:\u00a0<\/strong>medovka lek\u00e1rska<\/p>\n\n\n\n<p><strong>Anglick\u00fd n\u00e1zov:&nbsp;<\/strong>Balm<\/p>\n\n\n\n<p><strong>\u010cesk\u00fd n\u00e1zov:&nbsp;<\/strong>medu\u0148ka l\u00e9ka\u0159sk\u00e1<\/p>\n\n\n\n<p><strong>\u013dudov\u00e9 n\u00e1zvy:&nbsp;<\/strong>medu\u0148, v\u010deln\u00edk, citr\u00f3nov\u00e1 zelina<\/p>\n\n\n\n<p><strong>\u010ce\u013ea\u010f:<\/strong>&nbsp;<em>Lamiaceae&nbsp;<\/em>(hluchavkovit\u00e9)<\/p>\n\n\n\n<p><strong>Botanick\u00e1 charakteristika:<\/strong>&nbsp;Trv\u00e1ca bylina s&nbsp;rozkon\u00e1renou \u0161tvorhrannou stonkou, vysok\u00e1 do 1&nbsp;m. Listy s\u00fa vajcovit\u00e9, kr\u00ed\u017emo protistojnn\u00e9, na okraji p\u00edlkovit\u00e9, s&nbsp;typickou citr\u00f3novou v\u00f4\u0148ou. Listov\u00e1 \u010depe\u013e je na l\u00edcnej strane s\u00fdtozelen\u00e1 na rubovej svetlej\u0161ia. Biele kvety vyrastaj\u00fa v&nbsp;pazuch\u00e1ch listov, usporiadan\u00e9 s\u00fa do papraslenov. Plodom s\u00fa mal\u00e9 tvrdky. Rastlina je pokryt\u00e1 \u017e\u013eaznat\u00fdmi trich\u00f3mami.<\/p>\n\n\n\n<p><strong>Mikroskopick\u00fd n\u00e1kres:<\/strong><\/p>\n\n\n<div class=\"wp-block-image\">\n<figure class=\"aligncenter size-full\"><img decoding=\"async\" loading=\"lazy\" width=\"356\" height=\"362\" src=\"https:\/\/www.liecivebyliny.eu\/wp-content\/uploads\/2023\/12\/image-31.png\" alt=\"\" class=\"wp-image-278\" srcset=\"https:\/\/www.liecivebyliny.eu\/wp-content\/uploads\/2023\/12\/image-31.png 356w, https:\/\/www.liecivebyliny.eu\/wp-content\/uploads\/2023\/12\/image-31-295x300.png 295w\" sizes=\"(max-width: 356px) 100vw, 356px\" \/><figcaption class=\"wp-element-caption\"><em>N\u00e1kres zobrazuje prie\u010dny rez listom medovky lek\u00e1rskej. Povrch listu tvor\u00ed poko\u017eka (a), pokryt\u00e1 \u017e\u013eaznat\u00fdmi (b) a\u00a0kryc\u00edmi (c) trich\u00f3mami. Spodn\u00e1 poko\u017eka obsahuje aj diskovit\u00e9 \u017eliazky (d). Pod poko\u017ekou je vrstva palis\u00e1dov\u00e9ho parench\u00fdmu (e), ktor\u00fa nasleduje hubov\u00fd parench\u00fdm (f). V\u00a0listoch nach\u00e1dzame kolater\u00e1lne cievne zv\u00e4zky (g) vystu\u017een\u00e9 kolench\u00fdmom (h).<\/em><\/figcaption><\/figure><\/div>\n\n\n<p><\/p>\n\n\n\n<p><strong>Roz\u0161\u00edrenie:<\/strong>&nbsp;P\u00f4vodom poch\u00e1dza z&nbsp;mediter\u00e1nnej oblasti. Na Slovensku sa pestuje v&nbsp;z\u00e1hrad\u00e1ch a&nbsp;na po\u013enohospod\u00e1rskych ploch\u00e1ch.<\/p>\n\n\n\n<p><strong>Droga:<\/strong>&nbsp;<em>Melissae folium, M. herba<\/em><\/p>\n\n\n\n<p><strong>Sp\u00f4sob zberu:<\/strong>&nbsp;Listy medovky lek\u00e1rskej sa zbieraj\u00fa tesne pred kvitnut\u00edm z\u00e1hradn\u00edckymi no\u017enicami. Po\u0161koden\u00e9 listy sa vytriedia.<\/p>\n\n\n\n<p><strong>Su\u0161enie: Listy<\/strong>&nbsp;medovky lek\u00e1rskej sa su\u0161ia prirodzen\u00fdm sp\u00f4sobom v&nbsp;tenkej vrstve, v&nbsp;tmavej<br>&nbsp;a vetrate\u013enej miestnosti. V\u0148a\u0165 m\u00f4\u017eu by\u0165 zviazan\u00e1 do zv\u00e4zkov a&nbsp;zavesen\u00e1 oproti gravit\u00e1cii. Umel\u00fdm sp\u00f4sobom sa listy a&nbsp;v\u0148a\u0165 su\u0161ia v&nbsp;su\u0161iarni, kde teplota nesmie prekro\u010di\u0165 35 \u00b0C.&nbsp;<\/p>\n\n\n\n<p><strong>Obsahov\u00e9 l\u00e1tky:<\/strong>&nbsp;Medovka lek\u00e1rska obsahuje silicu, ktor\u00e1 je nosite\u013eom charakteristickej citr\u00f3novej v\u00f4ne. Silica je zlo\u017een\u00e1 z&nbsp;l\u00e1tok ako citral, citronelal, citronelol, geraniol, linalol, karyofyl\u00e9n a&nbsp;germagr\u00e9n. V&nbsp;rastline n\u00e1jdeme triesloviny, flavonoidy a organick\u00e9 kyseliny s&nbsp;dominanciou kyseliny rozmar\u00ednovej.<\/p>\n\n\n\n<p><strong>Pou\u017eitie:<\/strong>&nbsp;Droga preuk\u00e1zate\u013ene disponuje upokojuj\u00facimi \u00fa\u010dinkami, pre ktor\u00e9 je aj naj\u010dastej\u0161ie indikovan\u00e1. Medovku lek\u00e1rsku je mo\u017en\u00e9 uplatni\u0165 pri \u017eal\u00fado\u010dn\u00fdch, \u010drevn\u00fdch a&nbsp;srdcov\u00fdch \u0165a\u017ekostiach nervov\u00e9ho p\u00f4vodu. Pou\u017e\u00edva sa aj kv\u00f4li spazmolytick\u00fdm \u00fa\u010dinkom a&nbsp;pom\u00e1ha pri&nbsp;plynatosti.&nbsp;<\/p>\n\n\n\n<p><strong>Tradi\u010dn\u00fd sp\u00f4sob pou\u017eitia v&nbsp;indik\u00e1ci\u00e1ch ur\u010den\u00fdch v\u00fdhradne na z\u00e1klade dlhodob\u00e9ho pou\u017e\u00edvania:<\/strong><\/p>\n\n\n\n<ul>\n<li>zmiernenie pr\u00edznakov psychick\u00e9ho stresu, vy\u010derpania a&nbsp;podpora sp\u00e1nku,<\/li>\n\n\n\n<li>symptomatick\u00e1 lie\u010dba miernych \u0165a\u017ekost\u00ed gastrointestin\u00e1lneho traktu, vr\u00e1tane plynatosti a&nbsp;nad\u00favania.<\/li>\n<\/ul>\n\n\n\n<p><strong>Vybran\u00e9 rastlinn\u00e9 pr\u00edpravky:<\/strong>&nbsp;AGROKARPATY BIO Medovka bylinn\u00fd \u010daj 20&#215;2 g, APOTHEKE BIO DETSK\u00dd BYLINN\u00dd \u010cAJ NA DOBR\u00c9 TR\u00c1VENIE n\u00e1levov\u00e9 vreck\u00e1 20&#215;1,5 g, Barny&#8217;s HypnoX KompleX MELATON\u00cdN cps 30 ks, Bloom Robbins STRESS no more \u017euvacie pastilky 60 ks, GRE\u0160\u00cdK BYLINN\u00c9 KVAPKY NA SPANIE 50 ml.<\/p>\n","protected":false},"excerpt":{"rendered":"<p>Slovensk\u00fd n\u00e1zov:\u00a0medovka lek\u00e1rska Anglick\u00fd n\u00e1zov:&nbsp;Balm \u010cesk\u00fd n\u00e1zov:&nbsp;medu\u0148ka l\u00e9ka\u0159sk\u00e1 \u013dudov\u00e9 n\u00e1zvy:&nbsp;medu\u0148, v\u010deln\u00edk, citr\u00f3nov\u00e1 zelina \u010ce\u013ea\u010f:&nbsp;Lamiaceae&nbsp;(hluchavkovit\u00e9) Botanick\u00e1 charakteristika:&nbsp;Trv\u00e1ca bylina s&nbsp;rozkon\u00e1renou \u0161tvorhrannou stonkou, vysok\u00e1 do 1&nbsp;m. Listy s\u00fa vajcovit\u00e9, kr\u00ed\u017emo protistojnn\u00e9, na okraji p\u00edlkovit\u00e9, s&nbsp;typickou citr\u00f3novou v\u00f4\u0148ou. Listov\u00e1 \u010depe\u013e je na l\u00edcnej strane s\u00fdtozelen\u00e1 na rubovej svetlej\u0161ia. Biele kvety vyrastaj\u00fa v&nbsp;pazuch\u00e1ch listov, usporiadan\u00e9 s\u00fa do papraslenov. Plodom s\u00fa [&hellip;]<\/p>\n","protected":false},"author":1,"featured_media":0,"parent":0,"menu_order":0,"comment_status":"closed","ping_status":"closed","template":"","meta":{"_mi_skip_tracking":false},"yoast_head":"<!-- This site is optimized with the Yoast SEO plugin v20.4 - https:\/\/yoast.com\/wordpress\/plugins\/seo\/ -->\n<title>Melissa officinalis&nbsp;L. - liecivebyliny.eu<\/title>\n<meta name=\"robots\" content=\"index, follow, max-snippet:-1, max-image-preview:large, max-video-preview:-1\" \/>\n<link rel=\"canonical\" href=\"https:\/\/www.liecivebyliny.eu\/?page_id=276\" \/>\n<meta property=\"og:locale\" content=\"sk_SK\" \/>\n<meta property=\"og:type\" content=\"article\" \/>\n<meta property=\"og:title\" content=\"Melissa officinalis&nbsp;L. - liecivebyliny.eu\" \/>\n<meta property=\"og:description\" content=\"Slovensk\u00fd n\u00e1zov:\u00a0medovka lek\u00e1rska Anglick\u00fd n\u00e1zov:&nbsp;Balm \u010cesk\u00fd n\u00e1zov:&nbsp;medu\u0148ka l\u00e9ka\u0159sk\u00e1 \u013dudov\u00e9 n\u00e1zvy:&nbsp;medu\u0148, v\u010deln\u00edk, citr\u00f3nov\u00e1 zelina \u010ce\u013ea\u010f:&nbsp;Lamiaceae&nbsp;(hluchavkovit\u00e9) Botanick\u00e1 charakteristika:&nbsp;Trv\u00e1ca bylina s&nbsp;rozkon\u00e1renou \u0161tvorhrannou stonkou, vysok\u00e1 do 1&nbsp;m. Listy s\u00fa vajcovit\u00e9, kr\u00ed\u017emo protistojnn\u00e9, na okraji p\u00edlkovit\u00e9, s&nbsp;typickou citr\u00f3novou v\u00f4\u0148ou. Listov\u00e1 \u010depe\u013e je na l\u00edcnej strane s\u00fdtozelen\u00e1 na rubovej svetlej\u0161ia. Biele kvety vyrastaj\u00fa v&nbsp;pazuch\u00e1ch listov, usporiadan\u00e9 s\u00fa do papraslenov. Plodom s\u00fa [&hellip;]\" \/>\n<meta property=\"og:url\" content=\"https:\/\/www.liecivebyliny.eu\/?page_id=276\" \/>\n<meta property=\"og:site_name\" content=\"liecivebyliny.eu\" \/>\n<meta property=\"article:modified_time\" content=\"2023-12-23T17:15:37+00:00\" \/>\n<meta property=\"og:image\" content=\"https:\/\/www.liecivebyliny.eu\/wp-content\/uploads\/2023\/12\/image-26.jpeg\" \/>\n<meta name=\"twitter:card\" content=\"summary_large_image\" \/>\n<meta name=\"twitter:label1\" content=\"Predpokladan\u00fd \u010das \u010d\u00edtania\" \/>\n\t<meta name=\"twitter:data1\" content=\"3 min\u00faty\" \/>\n<script type=\"application\/ld+json\" class=\"yoast-schema-graph\">{\"@context\":\"https:\/\/schema.org\",\"@graph\":[{\"@type\":\"WebPage\",\"@id\":\"https:\/\/www.liecivebyliny.eu\/?page_id=276\",\"url\":\"https:\/\/www.liecivebyliny.eu\/?page_id=276\",\"name\":\"Melissa officinalis&nbsp;L. - liecivebyliny.eu\",\"isPartOf\":{\"@id\":\"https:\/\/www.liecivebyliny.eu\/#website\"},\"datePublished\":\"2023-12-23T17:15:36+00:00\",\"dateModified\":\"2023-12-23T17:15:37+00:00\",\"breadcrumb\":{\"@id\":\"https:\/\/www.liecivebyliny.eu\/?page_id=276#breadcrumb\"},\"inLanguage\":\"sk-SK\",\"potentialAction\":[{\"@type\":\"ReadAction\",\"target\":[\"https:\/\/www.liecivebyliny.eu\/?page_id=276\"]}]},{\"@type\":\"BreadcrumbList\",\"@id\":\"https:\/\/www.liecivebyliny.eu\/?page_id=276#breadcrumb\",\"itemListElement\":[{\"@type\":\"ListItem\",\"position\":1,\"name\":\"Home\",\"item\":\"https:\/\/www.liecivebyliny.eu\/\"},{\"@type\":\"ListItem\",\"position\":2,\"name\":\"Melissa officinalis&nbsp;L.\"}]},{\"@type\":\"WebSite\",\"@id\":\"https:\/\/www.liecivebyliny.eu\/#website\",\"url\":\"https:\/\/www.liecivebyliny.eu\/\",\"name\":\"liecivebyliny.eu\",\"description\":\"\",\"potentialAction\":[{\"@type\":\"SearchAction\",\"target\":{\"@type\":\"EntryPoint\",\"urlTemplate\":\"https:\/\/www.liecivebyliny.eu\/?s={search_term_string}\"},\"query-input\":\"required name=search_term_string\"}],\"inLanguage\":\"sk-SK\"}]}<\/script>\n<!-- \/ Yoast SEO plugin. -->","yoast_head_json":{"title":"Melissa officinalis&nbsp;L. - liecivebyliny.eu","robots":{"index":"index","follow":"follow","max-snippet":"max-snippet:-1","max-image-preview":"max-image-preview:large","max-video-preview":"max-video-preview:-1"},"canonical":"https:\/\/www.liecivebyliny.eu\/?page_id=276","og_locale":"sk_SK","og_type":"article","og_title":"Melissa officinalis&nbsp;L. - liecivebyliny.eu","og_description":"Slovensk\u00fd n\u00e1zov:\u00a0medovka lek\u00e1rska Anglick\u00fd n\u00e1zov:&nbsp;Balm \u010cesk\u00fd n\u00e1zov:&nbsp;medu\u0148ka l\u00e9ka\u0159sk\u00e1 \u013dudov\u00e9 n\u00e1zvy:&nbsp;medu\u0148, v\u010deln\u00edk, citr\u00f3nov\u00e1 zelina \u010ce\u013ea\u010f:&nbsp;Lamiaceae&nbsp;(hluchavkovit\u00e9) Botanick\u00e1 charakteristika:&nbsp;Trv\u00e1ca bylina s&nbsp;rozkon\u00e1renou \u0161tvorhrannou stonkou, vysok\u00e1 do 1&nbsp;m. Listy s\u00fa vajcovit\u00e9, kr\u00ed\u017emo protistojnn\u00e9, na okraji p\u00edlkovit\u00e9, s&nbsp;typickou citr\u00f3novou v\u00f4\u0148ou. Listov\u00e1 \u010depe\u013e je na l\u00edcnej strane s\u00fdtozelen\u00e1 na rubovej svetlej\u0161ia. Biele kvety vyrastaj\u00fa v&nbsp;pazuch\u00e1ch listov, usporiadan\u00e9 s\u00fa do papraslenov. Plodom s\u00fa [&hellip;]","og_url":"https:\/\/www.liecivebyliny.eu\/?page_id=276","og_site_name":"liecivebyliny.eu","article_modified_time":"2023-12-23T17:15:37+00:00","og_image":[{"url":"https:\/\/www.liecivebyliny.eu\/wp-content\/uploads\/2023\/12\/image-26.jpeg"}],"twitter_card":"summary_large_image","twitter_misc":{"Predpokladan\u00fd \u010das \u010d\u00edtania":"3 min\u00faty"},"schema":{"@context":"https:\/\/schema.org","@graph":[{"@type":"WebPage","@id":"https:\/\/www.liecivebyliny.eu\/?page_id=276","url":"https:\/\/www.liecivebyliny.eu\/?page_id=276","name":"Melissa officinalis&nbsp;L. - liecivebyliny.eu","isPartOf":{"@id":"https:\/\/www.liecivebyliny.eu\/#website"},"datePublished":"2023-12-23T17:15:36+00:00","dateModified":"2023-12-23T17:15:37+00:00","breadcrumb":{"@id":"https:\/\/www.liecivebyliny.eu\/?page_id=276#breadcrumb"},"inLanguage":"sk-SK","potentialAction":[{"@type":"ReadAction","target":["https:\/\/www.liecivebyliny.eu\/?page_id=276"]}]},{"@type":"BreadcrumbList","@id":"https:\/\/www.liecivebyliny.eu\/?page_id=276#breadcrumb","itemListElement":[{"@type":"ListItem","position":1,"name":"Home","item":"https:\/\/www.liecivebyliny.eu\/"},{"@type":"ListItem","position":2,"name":"Melissa officinalis&nbsp;L."}]},{"@type":"WebSite","@id":"https:\/\/www.liecivebyliny.eu\/#website","url":"https:\/\/www.liecivebyliny.eu\/","name":"liecivebyliny.eu","description":"","potentialAction":[{"@type":"SearchAction","target":{"@type":"EntryPoint","urlTemplate":"https:\/\/www.liecivebyliny.eu\/?s={search_term_string}"},"query-input":"required name=search_term_string"}],"inLanguage":"sk-SK"}]}},"_links":{"self":[{"href":"https:\/\/www.liecivebyliny.eu\/index.php?rest_route=\/wp\/v2\/pages\/276"}],"collection":[{"href":"https:\/\/www.liecivebyliny.eu\/index.php?rest_route=\/wp\/v2\/pages"}],"about":[{"href":"https:\/\/www.liecivebyliny.eu\/index.php?rest_route=\/wp\/v2\/types\/page"}],"author":[{"embeddable":true,"href":"https:\/\/www.liecivebyliny.eu\/index.php?rest_route=\/wp\/v2\/users\/1"}],"replies":[{"embeddable":true,"href":"https:\/\/www.liecivebyliny.eu\/index.php?rest_route=%2Fwp%2Fv2%2Fcomments&post=276"}],"version-history":[{"count":1,"href":"https:\/\/www.liecivebyliny.eu\/index.php?rest_route=\/wp\/v2\/pages\/276\/revisions"}],"predecessor-version":[{"id":279,"href":"https:\/\/www.liecivebyliny.eu\/index.php?rest_route=\/wp\/v2\/pages\/276\/revisions\/279"}],"wp:attachment":[{"href":"https:\/\/www.liecivebyliny.eu\/index.php?rest_route=%2Fwp%2Fv2%2Fmedia&parent=276"}],"curies":[{"name":"wp","href":"https:\/\/api.w.org\/{rel}","templated":true}]}}