{"id":28,"date":"2023-12-21T15:12:52","date_gmt":"2023-12-21T14:12:52","guid":{"rendered":"https:\/\/www.liecivebyliny.eu\/?page_id=28"},"modified":"2023-12-23T21:00:40","modified_gmt":"2023-12-23T20:00:40","slug":"celade","status":"publish","type":"page","link":"https:\/\/www.liecivebyliny.eu\/?page_id=28","title":{"rendered":"\u010ce\u013eade"},"content":{"rendered":"\n<p><\/p>\n\n\n\n<p><strong><em>Apiaceae<\/em>&nbsp;(mrkvovit\u00e9)<\/strong><\/p>\n\n\n\n<ul>\n<li><a href=\"https:\/\/www.liecivebyliny.eu\/?page_id=122\">archangelika lek\u00e1rska, angelika lek\u00e1rska (Archangelica archangelica L. syn.&nbsp;<em>Angelica officinalis<\/em>&nbsp;Hoffm.)<\/a>\n\n\n\n\n\n\n<ul><\/ul>\n\n\n\n<ul><\/ul>\n<\/li>\n\n\n\n<li><a href=\"https:\/\/www.liecivebyliny.eu\/?page_id=205\">fenikel oby\u010dajn\u00fd (<em>Foeniculum vulgare<\/em>&nbsp;Mill.)<\/a>\n<ul><\/ul>\n<\/li>\n\n\n\n<li><a href=\"https:\/\/www.liecivebyliny.eu\/?page_id=254\">ligur\u010dek lek\u00e1rsky (<em>Levisticum officinale<\/em>&nbsp;Koch.)<\/a>\n\n\n\n\n\n\n<ul><\/ul>\n\n\n\n<ul><\/ul>\n<\/li>\n<\/ul>\n\n\n\n<p><\/p>\n\n\n\n<p><strong><em>Asteraceae&nbsp;<\/em>(astrovit\u00e9)<\/strong><\/p>\n\n\n\n<ul>\n<li><a href=\"https:\/\/www.liecivebyliny.eu\/?page_id=161\">\u010dakanka oby\u010dajn\u00e1 (<em>Cichorium intybus<\/em>&nbsp;L.)<\/a><\/li>\n\n\n\n<li><a href=\"https:\/\/www.liecivebyliny.eu\/?page_id=185\">echinacea purpurov\u00e1 (<em>Echiaceae purpurea<\/em>&nbsp;Moench.)<\/a>\n<ul><\/ul>\n<\/li>\n\n\n\n<li><a href=\"https:\/\/www.liecivebyliny.eu\/?page_id=136\">necht\u00edk lek\u00e1rsky (<em>Calendula officinalis<\/em>&nbsp;L.)<\/a><\/li>\n\n\n\n<li><a href=\"https:\/\/www.liecivebyliny.eu\/?page_id=148\">nev\u00e4dza po\u013en\u00e1 (<em>Centaurea cyanus<\/em>&nbsp;L. syn.&nbsp;<em>Cyanus arvensis<\/em>&nbsp;Moench.)<\/a><\/li>\n\n\n\n<li><a href=\"https:\/\/www.liecivebyliny.eu\/?page_id=406\">podbe\u013e lie\u010div\u00fd (<em>Tussilago farfara<\/em>\u00a0L.)<\/a>\n<ul><\/ul>\n<\/li>\n\n\n\n<li><a href=\"https:\/\/www.liecivebyliny.eu\/?page_id=379\">p\u00fapava lek\u00e1rska (<em>Taraxacum officinale<\/em>&nbsp;F.H.Wigg.)<\/a>\n<ul><\/ul>\n<\/li>\n\n\n\n<li><a href=\"https:\/\/www.liecivebyliny.eu\/?page_id=98\">rebr\u00ed\u010dek oby\u010dajn\u00fd (<em>Achillea millefolium<\/em>&nbsp;L.)<\/a><\/li>\n\n\n\n<li><a href=\"https:\/\/www.liecivebyliny.eu\/?page_id=269\">ruman\u010dek kamilkov\u00fd (<em>Matricaria recucita<\/em>&nbsp;L. syn.&nbsp;<em>Chamomilla recucita)<\/em><\/a>\n<ul><\/ul>\n<\/li>\n\n\n\n<li><a href=\"https:\/\/www.liecivebyliny.eu\/?page_id=129\">sedmokr\u00e1ska oby\u010dajn\u00e1 (<em>Bellis perennis&nbsp;<\/em>L.)<\/a><\/li>\n<\/ul>\n\n\n\n<p><\/p>\n\n\n\n<p><strong><em>Boraginaceae&nbsp;<\/em>(bor\u00e1kovit\u00e9)<\/strong><\/p>\n\n\n\n<ul>\n<li><a href=\"https:\/\/www.liecivebyliny.eu\/?page_id=372\">kostihoj lek\u00e1rsky (<em>Symphytum officinale<\/em>&nbsp;L.)<\/a>\n<ul><\/ul>\n<\/li>\n\n\n\n<li><a href=\"https:\/\/www.liecivebyliny.eu\/?page_id=331\">p\u013e\u00facnik lek\u00e1rsky (<em>Pulmonaria officinalis<\/em>&nbsp;L.)<\/a>\n<ul><\/ul>\n<\/li>\n<\/ul>\n\n\n\n<p><\/p>\n\n\n\n<p><strong><em>Brassicaceaea<\/em>&nbsp;(kapustovit\u00e9)<\/strong><\/p>\n\n\n\n<ul>\n<li><a href=\"https:\/\/www.liecivebyliny.eu\/?page_id=142\">kapsi\u010dka pastierska (<em>Capsella bursa-pastoris&nbsp;<\/em>(L.) Med.)<\/a><\/li>\n<\/ul>\n\n\n\n<p><\/p>\n\n\n\n<p><strong><em>Caprifoliaceae&nbsp;<\/em>(zemolezovit\u00e9)<\/strong><\/p>\n\n\n\n<ul>\n<li><a href=\"https:\/\/www.liecivebyliny.eu\/?page_id=350\">baza \u010dierna (<em>Sambucus nigra<\/em>&nbsp;L.)<\/a>\n<ul><\/ul>\n<\/li>\n<\/ul>\n\n\n\n<p><\/p>\n\n\n\n<p><strong><em>Cucurbitacea&nbsp;<\/em>(tekvicovit\u00e9)<\/strong><\/p>\n\n\n\n<ul>\n<li><a href=\"https:\/\/www.liecivebyliny.eu\/?page_id=177\">tekvica oby\u010dajn\u00e1 (<em>Cucurbita pepo<\/em>&nbsp;L.)<\/a>\n<ul><\/ul>\n<\/li>\n<\/ul>\n\n\n\n<p><\/p>\n\n\n\n<p><strong><em>Ericaceae&nbsp;<\/em>(vresovcovit\u00e9)<\/strong><\/p>\n\n\n\n<ul>\n<li><a href=\"https:\/\/www.liecivebyliny.eu\/?page_id=418\">brusnica \u010du\u010doriedkov\u00e1 (<em>Vaccinium myrtillus<\/em>\u00a0L.)<\/a>\n<ul><\/ul>\n<\/li>\n<\/ul>\n\n\n\n<p><\/p>\n\n\n\n<p><strong><em>Equisetaceae&nbsp;<\/em>(prasli\u010dkovit\u00e9)<\/strong><\/p>\n\n\n\n<ul>\n<li><a href=\"https:\/\/www.liecivebyliny.eu\/?page_id=192\">prasli\u010dka ro\u013en\u00e1 (<em>Equisetum arvense<\/em>&nbsp;L.)<\/a>\n<ul><\/ul>\n<\/li>\n<\/ul>\n\n\n\n<p><\/p>\n\n\n\n<p><strong><em>Fabaceae&nbsp;<\/em>(b\u00f4bovit\u00e9)<\/strong><\/p>\n\n\n\n<ul>\n<li><a href=\"https:\/\/www.liecivebyliny.eu\/?page_id=393\">\u010fatelina l\u00fa\u010dna (<em>Trifolium pratense<\/em>&nbsp;L.)<\/a>\n<ul><\/ul>\n<\/li>\n\n\n\n<li><a href=\"https:\/\/www.liecivebyliny.eu\/?page_id=290\">komonica lek\u00e1rska (<em>Melilotus officinalis<\/em>&nbsp;L.)<\/a>\n<ul><\/ul>\n<\/li>\n<\/ul>\n\n\n\n<p><\/p>\n\n\n\n<p><strong><em>Gentianaceae&nbsp;<\/em>(horcovit\u00e9)<\/strong><\/p>\n\n\n\n<ul>\n<li><a href=\"https:\/\/www.liecivebyliny.eu\/?page_id=154\">zeme\u017el\u010d men\u0161ia (<em>Centaurium erytraea<\/em>&nbsp;Raf.)<\/a><\/li>\n<\/ul>\n\n\n\n<p><\/p>\n\n\n\n<p><strong><em>Hypericaceae&nbsp;<\/em>(\u013eubovn\u00edkovit\u00e9)<\/strong><\/p>\n\n\n\n<ul>\n<li><a href=\"https:\/\/www.liecivebyliny.eu\/?page_id=227\">\u013eubovn\u00edk bodkovan\u00fd (<em>Hypericum&nbsp;perforatum<\/em>&nbsp;L<strong>.<\/strong>)<\/a>\n<ul><\/ul>\n<\/li>\n<\/ul>\n\n\n\n<p><\/p>\n\n\n\n<p><strong><em>Lamiaceae<\/em>&nbsp;(hluchavkovit\u00e9)<\/strong><\/p>\n\n\n\n<ul>\n<li><a href=\"https:\/\/www.liecivebyliny.eu\/?page_id=299\">bazalka prav\u00e1 (<em>Ocimum basilicum<\/em>&nbsp;L.)<\/a>\n<ul><\/ul>\n<\/li>\n\n\n\n<li><a href=\"https:\/\/www.liecivebyliny.eu\/?page_id=400\">d\u00fa\u0161ka materina (<em>Thymus serphyllum<\/em>&nbsp;L.)<\/a>\n<ul><\/ul>\n<\/li>\n\n\n\n<li><a href=\"https:\/\/www.liecivebyliny.eu\/?page_id=247\">hluchavka biela (Lamium album L.)<\/a><\/li>\n\n\n\n<li><a href=\"https:\/\/www.liecivebyliny.eu\/?page_id=263\">jabl\u010dn\u00edk oby\u010dajn\u00fd (<em>Marrubium vulgare<\/em>&nbsp;L.)<\/a><\/li>\n\n\n\n<li><a href=\"https:\/\/www.liecivebyliny.eu\/?page_id=241\">levandu\u013ea \u00fazkolist\u00e1 (<em>Lavandula angustifolia<\/em>&nbsp;Mill.)<\/a><\/li>\n\n\n\n<li><a href=\"https:\/\/www.liecivebyliny.eu\/?page_id=284\">m\u00e4ta pieporn\u00e1 (<em>Mentha \u00d7 piperita<\/em>&nbsp;L.)<\/a>\n<ul><\/ul>\n<\/li>\n\n\n\n<li><a href=\"https:\/\/www.liecivebyliny.eu\/?page_id=276\">medovka lek\u00e1rska (<em>Melissa officinalis<\/em>&nbsp;L.)<\/a><\/li>\n\n\n\n<li><a href=\"https:\/\/www.liecivebyliny.eu\/?page_id=305\">pamajor\u00e1n oby\u010dajn\u00fd (<em>Origanum vulgare<\/em>&nbsp;L.)<\/a>\n<ul><\/ul>\n<\/li>\n\n\n\n<li><a href=\"https:\/\/www.liecivebyliny.eu\/?page_id=364\">saturejka z\u00e1hradn\u00e1 (<em>Satureja hortensis<\/em>&nbsp;L.)<\/a>\n<ul><\/ul>\n<\/li>\n\n\n\n<li><a href=\"https:\/\/www.liecivebyliny.eu\/?page_id=357\">\u0161alvia lek\u00e1rska (<em>Salvia officinalis<\/em>&nbsp;L.)<\/a>\n<ul><\/ul>\n<\/li>\n\n\n\n<li><a href=\"https:\/\/www.liecivebyliny.eu\/?page_id=235\">yzop lek\u00e1rsky<strong> (<\/strong><em>Hyssopus&nbsp;officinalis<\/em><strong>&nbsp;<\/strong>L.)<\/a><\/li>\n<\/ul>\n\n\n\n<p><\/p>\n\n\n\n<p><strong><em>Malvaceae&nbsp;<\/em>(slezovit\u00e9)<\/strong><\/p>\n\n\n\n<ul>\n<li><a href=\"https:\/\/www.liecivebyliny.eu\/?page_id=115\">Ibi\u0161 lek\u00e1rsky (Althaea officinalis L.)<\/a><\/li>\n<\/ul>\n\n\n\n<p><\/p>\n\n\n\n<p><strong><em>Papaveraceae&nbsp;<\/em>(makovit\u00e9)<\/strong><\/p>\n\n\n\n<ul>\n<li><a href=\"https:\/\/www.liecivebyliny.eu\/?page_id=311\">mak vl\u010d\u00ed (<em>Papaver rhoeas<\/em>&nbsp;L.)<\/a>\n<ul><\/ul>\n<\/li>\n<\/ul>\n\n\n\n<p><\/p>\n\n\n\n<p><strong><em>Plantaginaceae&nbsp;<\/em>(skoroce\u013eovit\u00e9)<\/strong><\/p>\n\n\n\n<ul>\n<li><a href=\"https:\/\/www.liecivebyliny.eu\/?page_id=318\">skorocel kopijovit\u00fd (<em>Plantago lanceolata<\/em>&nbsp;L.)<\/a><\/li>\n<\/ul>\n\n\n\n<p><\/p>\n\n\n\n<p><strong><em>Rosaceae&nbsp;<\/em>(ru\u017eovit\u00e9)<\/strong><\/p>\n\n\n\n<ul>\n<li><a href=\"https:\/\/www.liecivebyliny.eu\/?page_id=107\">alchemilka \u017eltozelen\u00e1 syn. oby\u010dajn\u00e1 (<em>Alchemilla xanthochlora&nbsp;<\/em>ROTHM. syn.&nbsp;<em>Alchemilla vulgaris&nbsp;<\/em>L.)<\/a><\/li>\n\n\n\n<li><a href=\"https:\/\/www.liecivebyliny.eu\/?page_id=168(otv\u00e1ra sa na novej karte)\">hloh jednosemenn\u00fd (<em>Crataegus monogyna<\/em>&nbsp;Jacq.)<\/a>\n<ul><\/ul>\n<\/li>\n\n\n\n<li><a href=\"https:\/\/www.liecivebyliny.eu\/?page_id=213\">jahoda oby\u010dajn\u00e1 (<em>Fragaria vesca<\/em>&nbsp;L.)<\/a>\n<ul><\/ul>\n<\/li>\n\n\n\n<li><a href=\"https:\/\/www.liecivebyliny.eu\/?page_id=325\">n\u00e1tr\u017en\u00edk hus\u00ed (<em>Potentilla anserina<\/em>&nbsp;L.)<\/a><\/li>\n\n\n\n<li><a href=\"https:\/\/www.liecivebyliny.eu\/?page_id=343\">ostru\u017eina \u010dernicov\u00e1 (<em>Rubus fructicosus<\/em>&nbsp;L.)<\/a>\n<ul><\/ul>\n<\/li>\n\n\n\n<li><a href=\"https:\/\/www.liecivebyliny.eu\/?page_id=79\">rep\u00edk lek\u00e1rsky (<em>Agrimonia eupatoria&nbsp;<\/em>L.)<\/a><\/li>\n\n\n\n<li><a href=\"https:\/\/www.liecivebyliny.eu\/?page_id=337\">ru\u017ea \u0161\u00edpov\u00e1 (<em>Rosa canina<\/em>&nbsp;L.)<\/a>\n<ul><\/ul>\n<\/li>\n<\/ul>\n\n\n\n<p><\/p>\n\n\n\n<p><strong><em>Rubiaceae&nbsp;<\/em>(marenovit\u00e9)<\/strong><\/p>\n\n\n\n<ul>\n<li><a href=\"https:\/\/www.liecivebyliny.eu\/?page_id=220\">lipkavec marinkov\u00fd<strong>&nbsp;<\/strong>(<em>Galium odoratum<\/em>&nbsp;L., syn.&nbsp;<em>Asperula odorata<\/em>&nbsp;L.)<\/a>\n<ul><\/ul>\n<\/li>\n<\/ul>\n\n\n\n<p><\/p>\n\n\n\n<p><strong><em>Scrophulariaceae&nbsp;<\/em>(krti\u010dn\u00edkovit\u00e9)<\/strong><\/p>\n\n\n\n<ul>\n<li><a href=\"https:\/\/www.liecivebyliny.eu\/?page_id=431\">divozel ve\u013ekokvet\u00fd (<em>Verbascum densiflorum<\/em>\u00a0BERTOL.)<\/a>\n<ul><\/ul>\n<\/li>\n\n\n\n<li><a href=\"https:\/\/www.liecivebyliny.eu\/?page_id=199\">o\u010dianka rostkovova (<em>Euphrasia rostkoviana<\/em>&nbsp;Hayne.)<\/a>\n<ul><\/ul>\n<\/li>\n<\/ul>\n\n\n\n<p><\/p>\n\n\n\n<p><strong><em>Tiliaceae&nbsp;<\/em>(lipovit\u00e9)<\/strong><\/p>\n\n\n\n<ul>\n<li><a href=\"https:\/\/www.liecivebyliny.eu\/?page_id=386\">lipa malolist\u00e1, lipa ve\u013ekolist\u00e1 (<em>Tilia cordata<\/em>&nbsp;Mill.,&nbsp;<em>Tilia plathyphylla<\/em>&nbsp;Scop.)<\/a><\/li>\n<\/ul>\n\n\n\n<p><\/p>\n\n\n\n<p><strong><em>Urticaceae&nbsp;<\/em>(\u017eih\u013eavovit\u00e9)<\/strong><\/p>\n\n\n\n<ul>\n<li><a href=\"https:\/\/www.liecivebyliny.eu\/?page_id=412\">p\u0155h\u013eava dvojdom\u00e1 (<em>Urtica dioica<\/em>\u00a0L.)<\/a>\n<ul><\/ul>\n<\/li>\n<\/ul>\n\n\n\n<p><\/p>\n\n\n\n<p><strong><em>Valeriananceae&nbsp;<\/em>(valeri\u00e1novit\u00e9)<\/strong><\/p>\n\n\n\n<ul>\n<li><a href=\"https:\/\/www.liecivebyliny.eu\/?page_id=424\">valeri\u00e1na lek\u00e1rska (<em>Valeriana officinalis<\/em>\u00a0L.)<\/a>\n<ul><\/ul>\n<\/li>\n<\/ul>\n","protected":false},"excerpt":{"rendered":"<p>Apiaceae&nbsp;(mrkvovit\u00e9) Asteraceae&nbsp;(astrovit\u00e9) Boraginaceae&nbsp;(bor\u00e1kovit\u00e9) Brassicaceaea&nbsp;(kapustovit\u00e9) Caprifoliaceae&nbsp;(zemolezovit\u00e9) Cucurbitacea&nbsp;(tekvicovit\u00e9) Ericaceae&nbsp;(vresovcovit\u00e9) Equisetaceae&nbsp;(prasli\u010dkovit\u00e9) Fabaceae&nbsp;(b\u00f4bovit\u00e9) Gentianaceae&nbsp;(horcovit\u00e9) Hypericaceae&nbsp;(\u013eubovn\u00edkovit\u00e9) Lamiaceae&nbsp;(hluchavkovit\u00e9) Malvaceae&nbsp;(slezovit\u00e9) Papaveraceae&nbsp;(makovit\u00e9) Plantaginaceae&nbsp;(skoroce\u013eovit\u00e9) Rosaceae&nbsp;(ru\u017eovit\u00e9) Rubiaceae&nbsp;(marenovit\u00e9) Scrophulariaceae&nbsp;(krti\u010dn\u00edkovit\u00e9) Tiliaceae&nbsp;(lipovit\u00e9) Urticaceae&nbsp;(\u017eih\u013eavovit\u00e9) Valeriananceae&nbsp;(valeri\u00e1novit\u00e9)<\/p>\n","protected":false},"author":1,"featured_media":0,"parent":0,"menu_order":0,"comment_status":"closed","ping_status":"closed","template":"","meta":{"_mi_skip_tracking":false},"yoast_head":"<!-- This site is optimized with the Yoast SEO plugin v20.4 - https:\/\/yoast.com\/wordpress\/plugins\/seo\/ -->\n<title>\u010ce\u013eade - liecivebyliny.eu<\/title>\n<meta name=\"robots\" content=\"index, follow, max-snippet:-1, max-image-preview:large, max-video-preview:-1\" \/>\n<link rel=\"canonical\" href=\"https:\/\/www.liecivebyliny.eu\/?page_id=28\" \/>\n<meta property=\"og:locale\" content=\"sk_SK\" \/>\n<meta property=\"og:type\" content=\"article\" \/>\n<meta property=\"og:title\" content=\"\u010ce\u013eade - liecivebyliny.eu\" \/>\n<meta property=\"og:description\" content=\"Apiaceae&nbsp;(mrkvovit\u00e9) Asteraceae&nbsp;(astrovit\u00e9) Boraginaceae&nbsp;(bor\u00e1kovit\u00e9) Brassicaceaea&nbsp;(kapustovit\u00e9) Caprifoliaceae&nbsp;(zemolezovit\u00e9) Cucurbitacea&nbsp;(tekvicovit\u00e9) Ericaceae&nbsp;(vresovcovit\u00e9) Equisetaceae&nbsp;(prasli\u010dkovit\u00e9) Fabaceae&nbsp;(b\u00f4bovit\u00e9) Gentianaceae&nbsp;(horcovit\u00e9) Hypericaceae&nbsp;(\u013eubovn\u00edkovit\u00e9) Lamiaceae&nbsp;(hluchavkovit\u00e9) Malvaceae&nbsp;(slezovit\u00e9) Papaveraceae&nbsp;(makovit\u00e9) Plantaginaceae&nbsp;(skoroce\u013eovit\u00e9) Rosaceae&nbsp;(ru\u017eovit\u00e9) Rubiaceae&nbsp;(marenovit\u00e9) Scrophulariaceae&nbsp;(krti\u010dn\u00edkovit\u00e9) Tiliaceae&nbsp;(lipovit\u00e9) Urticaceae&nbsp;(\u017eih\u013eavovit\u00e9) Valeriananceae&nbsp;(valeri\u00e1novit\u00e9)\" \/>\n<meta property=\"og:url\" content=\"https:\/\/www.liecivebyliny.eu\/?page_id=28\" \/>\n<meta property=\"og:site_name\" content=\"liecivebyliny.eu\" \/>\n<meta property=\"article:modified_time\" content=\"2023-12-23T20:00:40+00:00\" \/>\n<meta name=\"twitter:card\" content=\"summary_large_image\" \/>\n<meta name=\"twitter:label1\" content=\"Predpokladan\u00fd \u010das \u010d\u00edtania\" \/>\n\t<meta name=\"twitter:data1\" content=\"2 min\u00faty\" \/>\n<script type=\"application\/ld+json\" class=\"yoast-schema-graph\">{\"@context\":\"https:\/\/schema.org\",\"@graph\":[{\"@type\":\"WebPage\",\"@id\":\"https:\/\/www.liecivebyliny.eu\/?page_id=28\",\"url\":\"https:\/\/www.liecivebyliny.eu\/?page_id=28\",\"name\":\"\u010ce\u013eade - liecivebyliny.eu\",\"isPartOf\":{\"@id\":\"https:\/\/www.liecivebyliny.eu\/#website\"},\"datePublished\":\"2023-12-21T14:12:52+00:00\",\"dateModified\":\"2023-12-23T20:00:40+00:00\",\"breadcrumb\":{\"@id\":\"https:\/\/www.liecivebyliny.eu\/?page_id=28#breadcrumb\"},\"inLanguage\":\"sk-SK\",\"potentialAction\":[{\"@type\":\"ReadAction\",\"target\":[\"https:\/\/www.liecivebyliny.eu\/?page_id=28\"]}]},{\"@type\":\"BreadcrumbList\",\"@id\":\"https:\/\/www.liecivebyliny.eu\/?page_id=28#breadcrumb\",\"itemListElement\":[{\"@type\":\"ListItem\",\"position\":1,\"name\":\"Home\",\"item\":\"https:\/\/www.liecivebyliny.eu\/\"},{\"@type\":\"ListItem\",\"position\":2,\"name\":\"\u010ce\u013eade\"}]},{\"@type\":\"WebSite\",\"@id\":\"https:\/\/www.liecivebyliny.eu\/#website\",\"url\":\"https:\/\/www.liecivebyliny.eu\/\",\"name\":\"liecivebyliny.eu\",\"description\":\"\",\"potentialAction\":[{\"@type\":\"SearchAction\",\"target\":{\"@type\":\"EntryPoint\",\"urlTemplate\":\"https:\/\/www.liecivebyliny.eu\/?s={search_term_string}\"},\"query-input\":\"required name=search_term_string\"}],\"inLanguage\":\"sk-SK\"}]}<\/script>\n<!-- \/ Yoast SEO plugin. -->","yoast_head_json":{"title":"\u010ce\u013eade - liecivebyliny.eu","robots":{"index":"index","follow":"follow","max-snippet":"max-snippet:-1","max-image-preview":"max-image-preview:large","max-video-preview":"max-video-preview:-1"},"canonical":"https:\/\/www.liecivebyliny.eu\/?page_id=28","og_locale":"sk_SK","og_type":"article","og_title":"\u010ce\u013eade - liecivebyliny.eu","og_description":"Apiaceae&nbsp;(mrkvovit\u00e9) Asteraceae&nbsp;(astrovit\u00e9) Boraginaceae&nbsp;(bor\u00e1kovit\u00e9) Brassicaceaea&nbsp;(kapustovit\u00e9) Caprifoliaceae&nbsp;(zemolezovit\u00e9) Cucurbitacea&nbsp;(tekvicovit\u00e9) Ericaceae&nbsp;(vresovcovit\u00e9) Equisetaceae&nbsp;(prasli\u010dkovit\u00e9) Fabaceae&nbsp;(b\u00f4bovit\u00e9) Gentianaceae&nbsp;(horcovit\u00e9) Hypericaceae&nbsp;(\u013eubovn\u00edkovit\u00e9) Lamiaceae&nbsp;(hluchavkovit\u00e9) Malvaceae&nbsp;(slezovit\u00e9) Papaveraceae&nbsp;(makovit\u00e9) Plantaginaceae&nbsp;(skoroce\u013eovit\u00e9) Rosaceae&nbsp;(ru\u017eovit\u00e9) Rubiaceae&nbsp;(marenovit\u00e9) Scrophulariaceae&nbsp;(krti\u010dn\u00edkovit\u00e9) Tiliaceae&nbsp;(lipovit\u00e9) Urticaceae&nbsp;(\u017eih\u013eavovit\u00e9) Valeriananceae&nbsp;(valeri\u00e1novit\u00e9)","og_url":"https:\/\/www.liecivebyliny.eu\/?page_id=28","og_site_name":"liecivebyliny.eu","article_modified_time":"2023-12-23T20:00:40+00:00","twitter_card":"summary_large_image","twitter_misc":{"Predpokladan\u00fd \u010das \u010d\u00edtania":"2 min\u00faty"},"schema":{"@context":"https:\/\/schema.org","@graph":[{"@type":"WebPage","@id":"https:\/\/www.liecivebyliny.eu\/?page_id=28","url":"https:\/\/www.liecivebyliny.eu\/?page_id=28","name":"\u010ce\u013eade - liecivebyliny.eu","isPartOf":{"@id":"https:\/\/www.liecivebyliny.eu\/#website"},"datePublished":"2023-12-21T14:12:52+00:00","dateModified":"2023-12-23T20:00:40+00:00","breadcrumb":{"@id":"https:\/\/www.liecivebyliny.eu\/?page_id=28#breadcrumb"},"inLanguage":"sk-SK","potentialAction":[{"@type":"ReadAction","target":["https:\/\/www.liecivebyliny.eu\/?page_id=28"]}]},{"@type":"BreadcrumbList","@id":"https:\/\/www.liecivebyliny.eu\/?page_id=28#breadcrumb","itemListElement":[{"@type":"ListItem","position":1,"name":"Home","item":"https:\/\/www.liecivebyliny.eu\/"},{"@type":"ListItem","position":2,"name":"\u010ce\u013eade"}]},{"@type":"WebSite","@id":"https:\/\/www.liecivebyliny.eu\/#website","url":"https:\/\/www.liecivebyliny.eu\/","name":"liecivebyliny.eu","description":"","potentialAction":[{"@type":"SearchAction","target":{"@type":"EntryPoint","urlTemplate":"https:\/\/www.liecivebyliny.eu\/?s={search_term_string}"},"query-input":"required name=search_term_string"}],"inLanguage":"sk-SK"}]}},"_links":{"self":[{"href":"https:\/\/www.liecivebyliny.eu\/index.php?rest_route=\/wp\/v2\/pages\/28"}],"collection":[{"href":"https:\/\/www.liecivebyliny.eu\/index.php?rest_route=\/wp\/v2\/pages"}],"about":[{"href":"https:\/\/www.liecivebyliny.eu\/index.php?rest_route=\/wp\/v2\/types\/page"}],"author":[{"embeddable":true,"href":"https:\/\/www.liecivebyliny.eu\/index.php?rest_route=\/wp\/v2\/users\/1"}],"replies":[{"embeddable":true,"href":"https:\/\/www.liecivebyliny.eu\/index.php?rest_route=%2Fwp%2Fv2%2Fcomments&post=28"}],"version-history":[{"count":5,"href":"https:\/\/www.liecivebyliny.eu\/index.php?rest_route=\/wp\/v2\/pages\/28\/revisions"}],"predecessor-version":[{"id":442,"href":"https:\/\/www.liecivebyliny.eu\/index.php?rest_route=\/wp\/v2\/pages\/28\/revisions\/442"}],"wp:attachment":[{"href":"https:\/\/www.liecivebyliny.eu\/index.php?rest_route=%2Fwp%2Fv2%2Fmedia&parent=28"}],"curies":[{"name":"wp","href":"https:\/\/api.w.org\/{rel}","templated":true}]}}