{"id":284,"date":"2023-12-23T18:18:56","date_gmt":"2023-12-23T17:18:56","guid":{"rendered":"https:\/\/www.liecivebyliny.eu\/?page_id=284"},"modified":"2023-12-23T18:18:57","modified_gmt":"2023-12-23T17:18:57","slug":"mentha-x-piperita-l","status":"publish","type":"page","link":"https:\/\/www.liecivebyliny.eu\/?page_id=284","title":{"rendered":"<em>Mentha \u00d7 piperita<\/em>&nbsp;L.<a><\/a>"},"content":{"rendered":"<div class=\"wp-block-image\">\n<figure class=\"aligncenter size-full\"><img decoding=\"async\" loading=\"lazy\" width=\"256\" height=\"342\" src=\"https:\/\/www.liecivebyliny.eu\/wp-content\/uploads\/2023\/12\/image-27.jpeg\" alt=\"\" class=\"wp-image-285\" srcset=\"https:\/\/www.liecivebyliny.eu\/wp-content\/uploads\/2023\/12\/image-27.jpeg 256w, https:\/\/www.liecivebyliny.eu\/wp-content\/uploads\/2023\/12\/image-27-225x300.jpeg 225w\" sizes=\"(max-width: 256px) 100vw, 256px\" \/><figcaption class=\"wp-element-caption\">M\u00e4ta pieporn\u00e1<\/figcaption><\/figure><\/div>\n\n\n<p><strong>Slovensk\u00fd n\u00e1zov:\u00a0<\/strong>m\u00e4ta pieporn\u00e1<\/p>\n\n\n\n<p><strong>Anglick\u00fd n\u00e1zov:<\/strong>&nbsp;Peppermint<\/p>\n\n\n\n<p><strong>\u010cesk\u00fd n\u00e1zov:<\/strong>&nbsp;m\u00e1ta peprn\u00e1<\/p>\n\n\n\n<p><strong>\u013dudov\u00e9 n\u00e1zvy:<\/strong>&nbsp;vetrov\u00e1 zelina, promine\u013ea<\/p>\n\n\n\n<p><strong>\u010ce\u013ea\u010f<\/strong>:&nbsp;<em>Lamiaceae&nbsp;<\/em>(hluchavkovit\u00e9)<\/p>\n\n\n\n<p><strong>Botanick\u00e1 charakteristika:<\/strong>&nbsp;Trv\u00e1ca bylina s&nbsp;dlh\u00fdm plaziv\u00fdm pozemkom. Stonka je&nbsp;rozkon\u00e1ren\u00e1 \u0161tvorhrann\u00e1, vysok\u00e1 do 1 m. Listy s\u00fa kopijovit\u00e9, protistojnn\u00e9, na okraji p\u00edlkovit\u00e9. \u010cervenofialov\u00e9 kvety s\u00fa na vrchole stonky usporiadan\u00e9 do papraslenov. Plodom s\u00fa mal\u00e9 tvrdky. Je to kr\u00ed\u017eenec m\u00e4ty vodnej a&nbsp;m\u00e4ty klasnatej (<em>Mentha aquatica&nbsp;<\/em>L.&nbsp;<em>\u00d7 Mentha spicata&nbsp;<\/em>L.).<\/p>\n\n\n\n<p><strong>Mikroskopick\u00fd n\u00e1kres:<\/strong><\/p>\n\n\n<div class=\"wp-block-image\">\n<figure class=\"aligncenter size-full\"><img decoding=\"async\" loading=\"lazy\" width=\"282\" height=\"272\" src=\"https:\/\/www.liecivebyliny.eu\/wp-content\/uploads\/2023\/12\/image-32.png\" alt=\"\" class=\"wp-image-286\"\/><figcaption class=\"wp-element-caption\"><em>Mikroskopia spodnej poko\u017eky listu m\u00e4ty piepornej vykazuje charakteristick\u00e9 morfologick\u00e9 znaky rastl\u00edn \u010de\u013eade hluchavkovit\u00fdch. K\u00a0t\u00fdmto znakom patria krycie (a) a\u00a0\u017e\u013eaznat\u00e9 (b) trich\u00f3my, \u017eliazky typu Lamiaceae (c) a\u00a0prieduchy s\u00a0dvoma sprievodn\u00fdmi bunkami (d).<\/em><\/figcaption><\/figure><\/div>\n\n\n<p><\/p>\n\n\n\n<p><strong>Roz\u0161\u00edrenie:<\/strong>&nbsp;P\u00f4vodom poch\u00e1dza z&nbsp;oblasti Stredozemn\u00e9ho mora. V&nbsp;na\u0161ich oblastiach sa pestuje v&nbsp;z\u00e1hrad\u00e1ch a&nbsp;na po\u013enohospod\u00e1rskych ploch\u00e1ch.<\/p>\n\n\n\n<p><strong>Droga:<\/strong>&nbsp;<em>Menthae piperitae folium, Menthae piperitae herba<\/em><\/p>\n\n\n\n<p><strong>Sp\u00f4sob zberu:<\/strong>&nbsp;Listy m\u00e4ty piepornej sa zbieraj\u00fa tesne pred kvitnut\u00edm z\u00e1hradn\u00edckymi no\u017enicami. Po\u0161koden\u00e9 listy sa vytriedia.<\/p>\n\n\n\n<p><strong>Su\u0161enie:<\/strong>&nbsp;Listy m\u00e4ty piepornej sa su\u0161ia prirodzen\u00fdm sp\u00f4sobom v&nbsp;tenkej vrstve v&nbsp;tmavej&nbsp;<br>a vetrate\u013enej miestnosti. V\u0148a\u0165 m\u00f4\u017ee by\u0165 zviazan\u00e1 do zv\u00e4zkov a&nbsp;zavesen\u00e1 proti smeru gravit\u00e1cie. Umel\u00fdm sp\u00f4sobom sa su\u0161\u00ed v&nbsp;su\u0161iarni, kde teplota nesmie prekro\u010di\u0165 35 \u00b0C.&nbsp;<\/p>\n\n\n\n<p><strong>Obsahov\u00e9 l\u00e1tky:<\/strong>&nbsp;M\u00e4ta pieporn\u00e1 je bohat\u00e1 na&nbsp;silicu, ktor\u00e1 pozost\u00e1va z mentolu, ment\u00f3nu, mentofur\u00e1nu, mentylacet\u00e1tu, jasm\u00f3nu, puleg\u00f3nu a&nbsp;karv\u00f3nu. Obsahuje aj triesloviny, hor\u010diny a&nbsp;flavonoidy.<\/p>\n\n\n\n<p><strong>Pou\u017eitie:<\/strong>&nbsp;Rastlina sa vyzna\u010duje spazmolytick\u00fdmi \u00fa\u010dinkami a&nbsp;schopnos\u0165ou stimulova\u0165 vylu\u010dovanie tr\u00e1viacich \u0161tiav a&nbsp;\u017el\u010de, \u010d\u00edm podporova\u0165 tr\u00e1venie. M\u00e4tov\u00e1 silica obsahuje mentol, ktor\u00fd vyvol\u00e1va pocit chladu, zni\u017euje svrbenie a citlivos\u0165 na&nbsp;boles\u0165.&nbsp;<\/p>\n\n\n\n<p><strong>Tradi\u010dn\u00fd sp\u00f4sob pou\u017eitia v&nbsp;indik\u00e1ci\u00e1ch ur\u010den\u00fdch v\u00fdhradne na z\u00e1klade dlhodob\u00e9ho pou\u017e\u00edvania:<\/strong><\/p>\n\n\n\n<ul>\n<li>symptomatick\u00e1 lie\u010dba tr\u00e1viacich por\u00fach, dyspepsie a&nbsp;plynatosti.<\/li>\n<\/ul>\n\n\n\n<p><strong>Vybran\u00e9 rastlinn\u00e9 pr\u00edpravky:<\/strong>&nbsp;AGROKARPATY BIO M\u00e4ta pieporn\u00e1 bylinn\u00fd \u010daj 20&#215;2 g, AGROKARPATY \u010caj\u00edk z babkinej \u0161pajzy ovocn\u00fd s&nbsp;m\u00e4tou 20&#215;2 g,&nbsp;Dr.Max O\u010dis\u0165uj\u00faca bylinn\u00e1 \u010dajov\u00e1 zmes n\u00e1levov\u00e9 vrec\u00fa\u0161ka 20&#215;1,5 g, Calendula Cynarofit kvapky 25 ml, GENERICA SymbioLac sirup 100 ml, Dr. M\u00fcller Lesn\u011bnky s m\u00e4tou pastilky 9 ks, FYTO EUGASTRIN na&nbsp;dobr\u00e9 tr\u00e1venie, cps 30 ks, FYTO Folsalvin spray aer ora 30 ml.<\/p>\n","protected":false},"excerpt":{"rendered":"<p>Slovensk\u00fd n\u00e1zov:\u00a0m\u00e4ta pieporn\u00e1 Anglick\u00fd n\u00e1zov:&nbsp;Peppermint \u010cesk\u00fd n\u00e1zov:&nbsp;m\u00e1ta peprn\u00e1 \u013dudov\u00e9 n\u00e1zvy:&nbsp;vetrov\u00e1 zelina, promine\u013ea \u010ce\u013ea\u010f:&nbsp;Lamiaceae&nbsp;(hluchavkovit\u00e9) Botanick\u00e1 charakteristika:&nbsp;Trv\u00e1ca bylina s&nbsp;dlh\u00fdm plaziv\u00fdm pozemkom. Stonka je&nbsp;rozkon\u00e1ren\u00e1 \u0161tvorhrann\u00e1, vysok\u00e1 do 1 m. Listy s\u00fa kopijovit\u00e9, protistojnn\u00e9, na okraji p\u00edlkovit\u00e9. \u010cervenofialov\u00e9 kvety s\u00fa na vrchole stonky usporiadan\u00e9 do papraslenov. Plodom s\u00fa mal\u00e9 tvrdky. Je to kr\u00ed\u017eenec m\u00e4ty vodnej a&nbsp;m\u00e4ty klasnatej (Mentha aquatica&nbsp;L.&nbsp;\u00d7 [&hellip;]<\/p>\n","protected":false},"author":1,"featured_media":0,"parent":0,"menu_order":0,"comment_status":"closed","ping_status":"closed","template":"","meta":{"_mi_skip_tracking":false},"yoast_head":"<!-- This site is optimized with the Yoast SEO plugin v20.4 - https:\/\/yoast.com\/wordpress\/plugins\/seo\/ -->\n<title>Mentha \u00d7 piperita&nbsp;L. - liecivebyliny.eu<\/title>\n<meta name=\"robots\" content=\"index, follow, max-snippet:-1, max-image-preview:large, max-video-preview:-1\" \/>\n<link rel=\"canonical\" href=\"https:\/\/www.liecivebyliny.eu\/?page_id=284\" \/>\n<meta property=\"og:locale\" content=\"sk_SK\" \/>\n<meta property=\"og:type\" content=\"article\" \/>\n<meta property=\"og:title\" content=\"Mentha \u00d7 piperita&nbsp;L. - liecivebyliny.eu\" \/>\n<meta property=\"og:description\" content=\"Slovensk\u00fd n\u00e1zov:\u00a0m\u00e4ta pieporn\u00e1 Anglick\u00fd n\u00e1zov:&nbsp;Peppermint \u010cesk\u00fd n\u00e1zov:&nbsp;m\u00e1ta peprn\u00e1 \u013dudov\u00e9 n\u00e1zvy:&nbsp;vetrov\u00e1 zelina, promine\u013ea \u010ce\u013ea\u010f:&nbsp;Lamiaceae&nbsp;(hluchavkovit\u00e9) Botanick\u00e1 charakteristika:&nbsp;Trv\u00e1ca bylina s&nbsp;dlh\u00fdm plaziv\u00fdm pozemkom. Stonka je&nbsp;rozkon\u00e1ren\u00e1 \u0161tvorhrann\u00e1, vysok\u00e1 do 1 m. Listy s\u00fa kopijovit\u00e9, protistojnn\u00e9, na okraji p\u00edlkovit\u00e9. \u010cervenofialov\u00e9 kvety s\u00fa na vrchole stonky usporiadan\u00e9 do papraslenov. Plodom s\u00fa mal\u00e9 tvrdky. Je to kr\u00ed\u017eenec m\u00e4ty vodnej a&nbsp;m\u00e4ty klasnatej (Mentha aquatica&nbsp;L.&nbsp;\u00d7 [&hellip;]\" \/>\n<meta property=\"og:url\" content=\"https:\/\/www.liecivebyliny.eu\/?page_id=284\" \/>\n<meta property=\"og:site_name\" content=\"liecivebyliny.eu\" \/>\n<meta property=\"article:modified_time\" content=\"2023-12-23T17:18:57+00:00\" \/>\n<meta property=\"og:image\" content=\"https:\/\/www.liecivebyliny.eu\/wp-content\/uploads\/2023\/12\/image-27.jpeg\" \/>\n<meta name=\"twitter:card\" content=\"summary_large_image\" \/>\n<meta name=\"twitter:label1\" content=\"Predpokladan\u00fd \u010das \u010d\u00edtania\" \/>\n\t<meta name=\"twitter:data1\" content=\"3 min\u00faty\" \/>\n<script type=\"application\/ld+json\" class=\"yoast-schema-graph\">{\"@context\":\"https:\/\/schema.org\",\"@graph\":[{\"@type\":\"WebPage\",\"@id\":\"https:\/\/www.liecivebyliny.eu\/?page_id=284\",\"url\":\"https:\/\/www.liecivebyliny.eu\/?page_id=284\",\"name\":\"Mentha \u00d7 piperita&nbsp;L. - liecivebyliny.eu\",\"isPartOf\":{\"@id\":\"https:\/\/www.liecivebyliny.eu\/#website\"},\"datePublished\":\"2023-12-23T17:18:56+00:00\",\"dateModified\":\"2023-12-23T17:18:57+00:00\",\"breadcrumb\":{\"@id\":\"https:\/\/www.liecivebyliny.eu\/?page_id=284#breadcrumb\"},\"inLanguage\":\"sk-SK\",\"potentialAction\":[{\"@type\":\"ReadAction\",\"target\":[\"https:\/\/www.liecivebyliny.eu\/?page_id=284\"]}]},{\"@type\":\"BreadcrumbList\",\"@id\":\"https:\/\/www.liecivebyliny.eu\/?page_id=284#breadcrumb\",\"itemListElement\":[{\"@type\":\"ListItem\",\"position\":1,\"name\":\"Home\",\"item\":\"https:\/\/www.liecivebyliny.eu\/\"},{\"@type\":\"ListItem\",\"position\":2,\"name\":\"Mentha \u00d7 piperita&nbsp;L.\"}]},{\"@type\":\"WebSite\",\"@id\":\"https:\/\/www.liecivebyliny.eu\/#website\",\"url\":\"https:\/\/www.liecivebyliny.eu\/\",\"name\":\"liecivebyliny.eu\",\"description\":\"\",\"potentialAction\":[{\"@type\":\"SearchAction\",\"target\":{\"@type\":\"EntryPoint\",\"urlTemplate\":\"https:\/\/www.liecivebyliny.eu\/?s={search_term_string}\"},\"query-input\":\"required name=search_term_string\"}],\"inLanguage\":\"sk-SK\"}]}<\/script>\n<!-- \/ Yoast SEO plugin. -->","yoast_head_json":{"title":"Mentha \u00d7 piperita&nbsp;L. - liecivebyliny.eu","robots":{"index":"index","follow":"follow","max-snippet":"max-snippet:-1","max-image-preview":"max-image-preview:large","max-video-preview":"max-video-preview:-1"},"canonical":"https:\/\/www.liecivebyliny.eu\/?page_id=284","og_locale":"sk_SK","og_type":"article","og_title":"Mentha \u00d7 piperita&nbsp;L. - liecivebyliny.eu","og_description":"Slovensk\u00fd n\u00e1zov:\u00a0m\u00e4ta pieporn\u00e1 Anglick\u00fd n\u00e1zov:&nbsp;Peppermint \u010cesk\u00fd n\u00e1zov:&nbsp;m\u00e1ta peprn\u00e1 \u013dudov\u00e9 n\u00e1zvy:&nbsp;vetrov\u00e1 zelina, promine\u013ea \u010ce\u013ea\u010f:&nbsp;Lamiaceae&nbsp;(hluchavkovit\u00e9) Botanick\u00e1 charakteristika:&nbsp;Trv\u00e1ca bylina s&nbsp;dlh\u00fdm plaziv\u00fdm pozemkom. Stonka je&nbsp;rozkon\u00e1ren\u00e1 \u0161tvorhrann\u00e1, vysok\u00e1 do 1 m. Listy s\u00fa kopijovit\u00e9, protistojnn\u00e9, na okraji p\u00edlkovit\u00e9. \u010cervenofialov\u00e9 kvety s\u00fa na vrchole stonky usporiadan\u00e9 do papraslenov. Plodom s\u00fa mal\u00e9 tvrdky. Je to kr\u00ed\u017eenec m\u00e4ty vodnej a&nbsp;m\u00e4ty klasnatej (Mentha aquatica&nbsp;L.&nbsp;\u00d7 [&hellip;]","og_url":"https:\/\/www.liecivebyliny.eu\/?page_id=284","og_site_name":"liecivebyliny.eu","article_modified_time":"2023-12-23T17:18:57+00:00","og_image":[{"url":"https:\/\/www.liecivebyliny.eu\/wp-content\/uploads\/2023\/12\/image-27.jpeg"}],"twitter_card":"summary_large_image","twitter_misc":{"Predpokladan\u00fd \u010das \u010d\u00edtania":"3 min\u00faty"},"schema":{"@context":"https:\/\/schema.org","@graph":[{"@type":"WebPage","@id":"https:\/\/www.liecivebyliny.eu\/?page_id=284","url":"https:\/\/www.liecivebyliny.eu\/?page_id=284","name":"Mentha \u00d7 piperita&nbsp;L. - liecivebyliny.eu","isPartOf":{"@id":"https:\/\/www.liecivebyliny.eu\/#website"},"datePublished":"2023-12-23T17:18:56+00:00","dateModified":"2023-12-23T17:18:57+00:00","breadcrumb":{"@id":"https:\/\/www.liecivebyliny.eu\/?page_id=284#breadcrumb"},"inLanguage":"sk-SK","potentialAction":[{"@type":"ReadAction","target":["https:\/\/www.liecivebyliny.eu\/?page_id=284"]}]},{"@type":"BreadcrumbList","@id":"https:\/\/www.liecivebyliny.eu\/?page_id=284#breadcrumb","itemListElement":[{"@type":"ListItem","position":1,"name":"Home","item":"https:\/\/www.liecivebyliny.eu\/"},{"@type":"ListItem","position":2,"name":"Mentha \u00d7 piperita&nbsp;L."}]},{"@type":"WebSite","@id":"https:\/\/www.liecivebyliny.eu\/#website","url":"https:\/\/www.liecivebyliny.eu\/","name":"liecivebyliny.eu","description":"","potentialAction":[{"@type":"SearchAction","target":{"@type":"EntryPoint","urlTemplate":"https:\/\/www.liecivebyliny.eu\/?s={search_term_string}"},"query-input":"required name=search_term_string"}],"inLanguage":"sk-SK"}]}},"_links":{"self":[{"href":"https:\/\/www.liecivebyliny.eu\/index.php?rest_route=\/wp\/v2\/pages\/284"}],"collection":[{"href":"https:\/\/www.liecivebyliny.eu\/index.php?rest_route=\/wp\/v2\/pages"}],"about":[{"href":"https:\/\/www.liecivebyliny.eu\/index.php?rest_route=\/wp\/v2\/types\/page"}],"author":[{"embeddable":true,"href":"https:\/\/www.liecivebyliny.eu\/index.php?rest_route=\/wp\/v2\/users\/1"}],"replies":[{"embeddable":true,"href":"https:\/\/www.liecivebyliny.eu\/index.php?rest_route=%2Fwp%2Fv2%2Fcomments&post=284"}],"version-history":[{"count":1,"href":"https:\/\/www.liecivebyliny.eu\/index.php?rest_route=\/wp\/v2\/pages\/284\/revisions"}],"predecessor-version":[{"id":287,"href":"https:\/\/www.liecivebyliny.eu\/index.php?rest_route=\/wp\/v2\/pages\/284\/revisions\/287"}],"wp:attachment":[{"href":"https:\/\/www.liecivebyliny.eu\/index.php?rest_route=%2Fwp%2Fv2%2Fmedia&parent=284"}],"curies":[{"name":"wp","href":"https:\/\/api.w.org\/{rel}","templated":true}]}}