{"id":290,"date":"2023-12-23T18:21:10","date_gmt":"2023-12-23T17:21:10","guid":{"rendered":"https:\/\/www.liecivebyliny.eu\/?page_id=290"},"modified":"2023-12-23T18:21:11","modified_gmt":"2023-12-23T17:21:11","slug":"melilotus-officinalis-l","status":"publish","type":"page","link":"https:\/\/www.liecivebyliny.eu\/?page_id=290","title":{"rendered":"<em>Melilotus officinalis<\/em>&nbsp;L."},"content":{"rendered":"<div class=\"wp-block-image\">\n<figure class=\"aligncenter size-full\"><img decoding=\"async\" loading=\"lazy\" width=\"256\" height=\"342\" src=\"https:\/\/www.liecivebyliny.eu\/wp-content\/uploads\/2023\/12\/image-28.jpeg\" alt=\"\" class=\"wp-image-291\" srcset=\"https:\/\/www.liecivebyliny.eu\/wp-content\/uploads\/2023\/12\/image-28.jpeg 256w, https:\/\/www.liecivebyliny.eu\/wp-content\/uploads\/2023\/12\/image-28-225x300.jpeg 225w\" sizes=\"(max-width: 256px) 100vw, 256px\" \/><figcaption class=\"wp-element-caption\">Komonica lek\u00e1rska<\/figcaption><\/figure><\/div>\n\n\n<p><strong>Slovensk\u00fd n\u00e1zov:\u00a0<\/strong>komonica lek\u00e1rska<\/p>\n\n\n\n<p><strong>Anglick\u00fd n\u00e1zov:&nbsp;<\/strong>Common Melilot<\/p>\n\n\n\n<p><strong>\u010cesk\u00fd n\u00e1zov:<\/strong>&nbsp;komonice l\u00e9ka\u0159sk\u00e1<\/p>\n\n\n\n<p><strong>\u013dudov\u00e9 n\u00e1zvy:<\/strong>&nbsp;skaln\u00e1 \u010fatelina, \u017elt\u00e1 lucerna, suchotn\u00edk<\/p>\n\n\n\n<p><strong>\u010ce\u013ea\u010f:<\/strong>&nbsp;<em>Fabaceae&nbsp;<\/em>(b\u00f4bovit\u00e9)<\/p>\n\n\n\n<p><strong>Botanick\u00e1 charakteristika:<\/strong>&nbsp;Dvojro\u010dn\u00e1, 1 m vysok\u00e1 bylina, s&nbsp;rozkon\u00e1renou stonkou. Listy s\u00fa trojpo\u010detn\u00e9, z\u00fabkat\u00e9, maj\u00fa dva celistvookrajov\u00e9 pril\u00edstky. Kvety s\u00fa \u017elt\u00e9, tvoria dlh\u00e9 strapce. Plodom je struk s&nbsp;jedn\u00fdm semenom.<\/p>\n\n\n\n<p><strong>Mikroskopick\u00fd n\u00e1kres:<\/strong><\/p>\n\n\n<div class=\"wp-block-image\">\n<figure class=\"aligncenter size-full\"><img decoding=\"async\" loading=\"lazy\" width=\"306\" height=\"286\" src=\"https:\/\/www.liecivebyliny.eu\/wp-content\/uploads\/2023\/12\/image-33.png\" alt=\"\" class=\"wp-image-292\" srcset=\"https:\/\/www.liecivebyliny.eu\/wp-content\/uploads\/2023\/12\/image-33.png 306w, https:\/\/www.liecivebyliny.eu\/wp-content\/uploads\/2023\/12\/image-33-300x280.png 300w\" sizes=\"(max-width: 306px) 100vw, 306px\" \/><figcaption class=\"wp-element-caption\"><em>Na prie\u010dnom reze listu komonice lek\u00e1rskej je vidite\u013en\u00e1 poko\u017eka (a), pod \u0148ou palis\u00e1dov\u00fd parench\u00fdm (b) a\u00a0hubov\u00fd parench\u00fdm (c).<\/em><\/figcaption><\/figure><\/div>\n\n\n<p><\/p>\n\n\n\n<p><strong>Roz\u0161\u00edrenie:<\/strong>&nbsp;Rastie na vlhk\u00fdch tr\u00e1vnat\u00fdch ploch\u00e1ch, pri okrajoch ciest, \u017eelezni\u010dn\u00fdch n\u00e1sypoch, vo viniciach. Vyu\u017e\u00edva sa ako krmovina.<\/p>\n\n\n\n<p><strong>Droga:<\/strong>&nbsp;<a><em>Meliloti herba<\/em><\/a><\/p>\n\n\n\n<p><strong>Sp\u00f4sob zberu:<\/strong>&nbsp;V\u0148a\u0165 sa zbiera od j\u00fana do augusta, v&nbsp;\u010dase kvitnutia. 20 cm dlh\u00e9 \u010dasti stonky sa zre\u017e\u00fa z\u00e1hradn\u00edckymi no\u017enicami, alebo sa skosia.&nbsp;<\/p>\n\n\n\n<p><strong>Su\u0161enie:<\/strong>&nbsp;V\u0148a\u0165 komonice lek\u00e1rskej sa su\u0161\u00ed prirodzen\u00fdm sp\u00f4sobom v&nbsp;tenkej vrstve, v&nbsp;tmavej&nbsp;<br>a vetrate\u013enej miestnosti, m\u00f4\u017ee by\u0165 zviazan\u00e1 do zv\u00e4zkov a&nbsp;zavesen\u00e1. Umel\u00fdm sp\u00f4sobom sa su\u0161\u00ed v&nbsp;su\u0161iarni, kde teplota nesmie prekro\u010di\u0165 35 \u00b0C.&nbsp;<\/p>\n\n\n\n<p><strong>Obsahov\u00e9 l\u00e1tky:<\/strong>&nbsp;Droga je bohat\u00e1 na kumar\u00ednov\u00e9 glykozidy s&nbsp;dominanciou melilotozidu. V&nbsp;procese su\u0161enia sa tieto l\u00e1tky enzymaticky \u0161tiepia za vzniku kumar\u00ednu, ktor\u00fd droge dod\u00e1va charakteristick\u00fd pach. K&nbsp;obsahov\u00fdm l\u00e1tkam rad\u00edme aj flavonoidy, triesloviny a&nbsp;sliz.&nbsp;<\/p>\n\n\n\n<p><strong>Pou\u017eitie:<\/strong>&nbsp;Kumar\u00edny disponuj\u00fa protiz\u00e1palov\u00fdm \u00fa\u010dinkom, zni\u017euj\u00fa tvorbu opuchov a&nbsp;zmier\u0148uj\u00fa l\u00e1mavos\u0165 krvn\u00fdch kapil\u00e1r.<\/p>\n\n\n\n<p><strong>Tradi\u010dn\u00fd sp\u00f4sob pou\u017eitia v&nbsp;indik\u00e1ci\u00e1ch ur\u010den\u00fdch v\u00fdhradne na z\u00e1klade dlhodob\u00e9ho pou\u017e\u00edvania:<\/strong><\/p>\n\n\n\n<ul>\n<li>\u00fa\u013eava od pr\u00edznakov \u0165a\u017ek\u00fdch a&nbsp;opuchnut\u00fdch n\u00f4h s\u00favisiacich so \u017eilovou nedostato\u010dnos\u0165ou,<\/li>\n\n\n\n<li>lie\u010dba drobn\u00fdch ko\u017en\u00fdch z\u00e1palov.<\/li>\n<\/ul>\n\n\n\n<p><strong>Vybran\u00e9 rastlinn\u00e9 pr\u00edpravky: AGROKARPATY<\/strong>&nbsp;KOMONICA LEK\u00c1RSKA v\u0148a\u0165 bylinn\u00fd \u010daj 1&#215;30 g, AGROKARPATY K\u0154\u010cOV\u00c9 \u017dILY bylinn\u00fd \u010daj 20&#215;2 g, HerbaWay ARTEROPROTECT bylinkov\u00e9 kvapky 100 ml.<\/p>\n","protected":false},"excerpt":{"rendered":"<p>Slovensk\u00fd n\u00e1zov:\u00a0komonica lek\u00e1rska Anglick\u00fd n\u00e1zov:&nbsp;Common Melilot \u010cesk\u00fd n\u00e1zov:&nbsp;komonice l\u00e9ka\u0159sk\u00e1 \u013dudov\u00e9 n\u00e1zvy:&nbsp;skaln\u00e1 \u010fatelina, \u017elt\u00e1 lucerna, suchotn\u00edk \u010ce\u013ea\u010f:&nbsp;Fabaceae&nbsp;(b\u00f4bovit\u00e9) Botanick\u00e1 charakteristika:&nbsp;Dvojro\u010dn\u00e1, 1 m vysok\u00e1 bylina, s&nbsp;rozkon\u00e1renou stonkou. Listy s\u00fa trojpo\u010detn\u00e9, z\u00fabkat\u00e9, maj\u00fa dva celistvookrajov\u00e9 pril\u00edstky. Kvety s\u00fa \u017elt\u00e9, tvoria dlh\u00e9 strapce. Plodom je struk s&nbsp;jedn\u00fdm semenom. Mikroskopick\u00fd n\u00e1kres: Roz\u0161\u00edrenie:&nbsp;Rastie na vlhk\u00fdch tr\u00e1vnat\u00fdch ploch\u00e1ch, pri okrajoch ciest, \u017eelezni\u010dn\u00fdch n\u00e1sypoch, [&hellip;]<\/p>\n","protected":false},"author":1,"featured_media":0,"parent":0,"menu_order":0,"comment_status":"closed","ping_status":"closed","template":"","meta":{"_mi_skip_tracking":false},"yoast_head":"<!-- This site is optimized with the Yoast SEO plugin v20.4 - https:\/\/yoast.com\/wordpress\/plugins\/seo\/ -->\n<title>Melilotus officinalis&nbsp;L. - liecivebyliny.eu<\/title>\n<meta name=\"robots\" content=\"index, follow, max-snippet:-1, max-image-preview:large, max-video-preview:-1\" \/>\n<link rel=\"canonical\" href=\"https:\/\/www.liecivebyliny.eu\/?page_id=290\" \/>\n<meta property=\"og:locale\" content=\"sk_SK\" \/>\n<meta property=\"og:type\" content=\"article\" \/>\n<meta property=\"og:title\" content=\"Melilotus officinalis&nbsp;L. - liecivebyliny.eu\" \/>\n<meta property=\"og:description\" content=\"Slovensk\u00fd n\u00e1zov:\u00a0komonica lek\u00e1rska Anglick\u00fd n\u00e1zov:&nbsp;Common Melilot \u010cesk\u00fd n\u00e1zov:&nbsp;komonice l\u00e9ka\u0159sk\u00e1 \u013dudov\u00e9 n\u00e1zvy:&nbsp;skaln\u00e1 \u010fatelina, \u017elt\u00e1 lucerna, suchotn\u00edk \u010ce\u013ea\u010f:&nbsp;Fabaceae&nbsp;(b\u00f4bovit\u00e9) Botanick\u00e1 charakteristika:&nbsp;Dvojro\u010dn\u00e1, 1 m vysok\u00e1 bylina, s&nbsp;rozkon\u00e1renou stonkou. Listy s\u00fa trojpo\u010detn\u00e9, z\u00fabkat\u00e9, maj\u00fa dva celistvookrajov\u00e9 pril\u00edstky. Kvety s\u00fa \u017elt\u00e9, tvoria dlh\u00e9 strapce. Plodom je struk s&nbsp;jedn\u00fdm semenom. Mikroskopick\u00fd n\u00e1kres: Roz\u0161\u00edrenie:&nbsp;Rastie na vlhk\u00fdch tr\u00e1vnat\u00fdch ploch\u00e1ch, pri okrajoch ciest, \u017eelezni\u010dn\u00fdch n\u00e1sypoch, [&hellip;]\" \/>\n<meta property=\"og:url\" content=\"https:\/\/www.liecivebyliny.eu\/?page_id=290\" \/>\n<meta property=\"og:site_name\" content=\"liecivebyliny.eu\" \/>\n<meta property=\"article:modified_time\" content=\"2023-12-23T17:21:11+00:00\" \/>\n<meta property=\"og:image\" content=\"https:\/\/www.liecivebyliny.eu\/wp-content\/uploads\/2023\/12\/image-28.jpeg\" \/>\n<meta name=\"twitter:card\" content=\"summary_large_image\" \/>\n<meta name=\"twitter:label1\" content=\"Predpokladan\u00fd \u010das \u010d\u00edtania\" \/>\n\t<meta name=\"twitter:data1\" content=\"2 min\u00faty\" \/>\n<script type=\"application\/ld+json\" class=\"yoast-schema-graph\">{\"@context\":\"https:\/\/schema.org\",\"@graph\":[{\"@type\":\"WebPage\",\"@id\":\"https:\/\/www.liecivebyliny.eu\/?page_id=290\",\"url\":\"https:\/\/www.liecivebyliny.eu\/?page_id=290\",\"name\":\"Melilotus officinalis&nbsp;L. - liecivebyliny.eu\",\"isPartOf\":{\"@id\":\"https:\/\/www.liecivebyliny.eu\/#website\"},\"datePublished\":\"2023-12-23T17:21:10+00:00\",\"dateModified\":\"2023-12-23T17:21:11+00:00\",\"breadcrumb\":{\"@id\":\"https:\/\/www.liecivebyliny.eu\/?page_id=290#breadcrumb\"},\"inLanguage\":\"sk-SK\",\"potentialAction\":[{\"@type\":\"ReadAction\",\"target\":[\"https:\/\/www.liecivebyliny.eu\/?page_id=290\"]}]},{\"@type\":\"BreadcrumbList\",\"@id\":\"https:\/\/www.liecivebyliny.eu\/?page_id=290#breadcrumb\",\"itemListElement\":[{\"@type\":\"ListItem\",\"position\":1,\"name\":\"Home\",\"item\":\"https:\/\/www.liecivebyliny.eu\/\"},{\"@type\":\"ListItem\",\"position\":2,\"name\":\"Melilotus officinalis&nbsp;L.\"}]},{\"@type\":\"WebSite\",\"@id\":\"https:\/\/www.liecivebyliny.eu\/#website\",\"url\":\"https:\/\/www.liecivebyliny.eu\/\",\"name\":\"liecivebyliny.eu\",\"description\":\"\",\"potentialAction\":[{\"@type\":\"SearchAction\",\"target\":{\"@type\":\"EntryPoint\",\"urlTemplate\":\"https:\/\/www.liecivebyliny.eu\/?s={search_term_string}\"},\"query-input\":\"required name=search_term_string\"}],\"inLanguage\":\"sk-SK\"}]}<\/script>\n<!-- \/ Yoast SEO plugin. -->","yoast_head_json":{"title":"Melilotus officinalis&nbsp;L. - liecivebyliny.eu","robots":{"index":"index","follow":"follow","max-snippet":"max-snippet:-1","max-image-preview":"max-image-preview:large","max-video-preview":"max-video-preview:-1"},"canonical":"https:\/\/www.liecivebyliny.eu\/?page_id=290","og_locale":"sk_SK","og_type":"article","og_title":"Melilotus officinalis&nbsp;L. - liecivebyliny.eu","og_description":"Slovensk\u00fd n\u00e1zov:\u00a0komonica lek\u00e1rska Anglick\u00fd n\u00e1zov:&nbsp;Common Melilot \u010cesk\u00fd n\u00e1zov:&nbsp;komonice l\u00e9ka\u0159sk\u00e1 \u013dudov\u00e9 n\u00e1zvy:&nbsp;skaln\u00e1 \u010fatelina, \u017elt\u00e1 lucerna, suchotn\u00edk \u010ce\u013ea\u010f:&nbsp;Fabaceae&nbsp;(b\u00f4bovit\u00e9) Botanick\u00e1 charakteristika:&nbsp;Dvojro\u010dn\u00e1, 1 m vysok\u00e1 bylina, s&nbsp;rozkon\u00e1renou stonkou. Listy s\u00fa trojpo\u010detn\u00e9, z\u00fabkat\u00e9, maj\u00fa dva celistvookrajov\u00e9 pril\u00edstky. Kvety s\u00fa \u017elt\u00e9, tvoria dlh\u00e9 strapce. Plodom je struk s&nbsp;jedn\u00fdm semenom. Mikroskopick\u00fd n\u00e1kres: Roz\u0161\u00edrenie:&nbsp;Rastie na vlhk\u00fdch tr\u00e1vnat\u00fdch ploch\u00e1ch, pri okrajoch ciest, \u017eelezni\u010dn\u00fdch n\u00e1sypoch, [&hellip;]","og_url":"https:\/\/www.liecivebyliny.eu\/?page_id=290","og_site_name":"liecivebyliny.eu","article_modified_time":"2023-12-23T17:21:11+00:00","og_image":[{"url":"https:\/\/www.liecivebyliny.eu\/wp-content\/uploads\/2023\/12\/image-28.jpeg"}],"twitter_card":"summary_large_image","twitter_misc":{"Predpokladan\u00fd \u010das \u010d\u00edtania":"2 min\u00faty"},"schema":{"@context":"https:\/\/schema.org","@graph":[{"@type":"WebPage","@id":"https:\/\/www.liecivebyliny.eu\/?page_id=290","url":"https:\/\/www.liecivebyliny.eu\/?page_id=290","name":"Melilotus officinalis&nbsp;L. - liecivebyliny.eu","isPartOf":{"@id":"https:\/\/www.liecivebyliny.eu\/#website"},"datePublished":"2023-12-23T17:21:10+00:00","dateModified":"2023-12-23T17:21:11+00:00","breadcrumb":{"@id":"https:\/\/www.liecivebyliny.eu\/?page_id=290#breadcrumb"},"inLanguage":"sk-SK","potentialAction":[{"@type":"ReadAction","target":["https:\/\/www.liecivebyliny.eu\/?page_id=290"]}]},{"@type":"BreadcrumbList","@id":"https:\/\/www.liecivebyliny.eu\/?page_id=290#breadcrumb","itemListElement":[{"@type":"ListItem","position":1,"name":"Home","item":"https:\/\/www.liecivebyliny.eu\/"},{"@type":"ListItem","position":2,"name":"Melilotus officinalis&nbsp;L."}]},{"@type":"WebSite","@id":"https:\/\/www.liecivebyliny.eu\/#website","url":"https:\/\/www.liecivebyliny.eu\/","name":"liecivebyliny.eu","description":"","potentialAction":[{"@type":"SearchAction","target":{"@type":"EntryPoint","urlTemplate":"https:\/\/www.liecivebyliny.eu\/?s={search_term_string}"},"query-input":"required name=search_term_string"}],"inLanguage":"sk-SK"}]}},"_links":{"self":[{"href":"https:\/\/www.liecivebyliny.eu\/index.php?rest_route=\/wp\/v2\/pages\/290"}],"collection":[{"href":"https:\/\/www.liecivebyliny.eu\/index.php?rest_route=\/wp\/v2\/pages"}],"about":[{"href":"https:\/\/www.liecivebyliny.eu\/index.php?rest_route=\/wp\/v2\/types\/page"}],"author":[{"embeddable":true,"href":"https:\/\/www.liecivebyliny.eu\/index.php?rest_route=\/wp\/v2\/users\/1"}],"replies":[{"embeddable":true,"href":"https:\/\/www.liecivebyliny.eu\/index.php?rest_route=%2Fwp%2Fv2%2Fcomments&post=290"}],"version-history":[{"count":1,"href":"https:\/\/www.liecivebyliny.eu\/index.php?rest_route=\/wp\/v2\/pages\/290\/revisions"}],"predecessor-version":[{"id":293,"href":"https:\/\/www.liecivebyliny.eu\/index.php?rest_route=\/wp\/v2\/pages\/290\/revisions\/293"}],"wp:attachment":[{"href":"https:\/\/www.liecivebyliny.eu\/index.php?rest_route=%2Fwp%2Fv2%2Fmedia&parent=290"}],"curies":[{"name":"wp","href":"https:\/\/api.w.org\/{rel}","templated":true}]}}