{"id":299,"date":"2023-12-23T18:25:03","date_gmt":"2023-12-23T17:25:03","guid":{"rendered":"https:\/\/www.liecivebyliny.eu\/?page_id=299"},"modified":"2024-01-02T15:03:03","modified_gmt":"2024-01-02T14:03:03","slug":"ocimum-basilicum-l","status":"publish","type":"page","link":"https:\/\/www.liecivebyliny.eu\/?page_id=299","title":{"rendered":"<em>Ocimum basilicum<\/em>&nbsp;L."},"content":{"rendered":"<div class=\"wp-block-image\">\n<figure class=\"aligncenter size-full\"><img decoding=\"async\" loading=\"lazy\" width=\"252\" height=\"348\" src=\"https:\/\/www.liecivebyliny.eu\/wp-content\/uploads\/2023\/12\/image-29.jpeg\" alt=\"\" class=\"wp-image-300\" srcset=\"https:\/\/www.liecivebyliny.eu\/wp-content\/uploads\/2023\/12\/image-29.jpeg 252w, https:\/\/www.liecivebyliny.eu\/wp-content\/uploads\/2023\/12\/image-29-217x300.jpeg 217w\" sizes=\"(max-width: 252px) 100vw, 252px\" \/><figcaption class=\"wp-element-caption\">Bazalka prav\u00e1<\/figcaption><\/figure><\/div>\n\n\n<p><strong>Slovensk\u00fd n\u00e1zov:&nbsp;<\/strong>bazalka prav\u00e1<\/p>\n\n\n\n<p><strong>Anglick\u00fd n\u00e1zov:<\/strong>&nbsp;Basil<\/p>\n\n\n\n<p><strong>\u010cesk\u00fd n\u00e1zov:<\/strong>&nbsp;bazalka z\u00e1hradn\u00ed<\/p>\n\n\n\n<p><strong>\u013dudov\u00e9 n\u00e1zvy:<\/strong>&nbsp;bazalka, basilka<\/p>\n\n\n\n<p><strong>\u010ce\u013ea\u010f:<\/strong>&nbsp;<em>Lamiaceae&nbsp;<\/em>(hluchavkovit\u00e9)<\/p>\n\n\n\n<p><strong>Botanick\u00e1 charakteristika:<\/strong>&nbsp;Jednoro\u010dn\u00e1 30 \u2013 60 cm vysok\u00e1 bylina. \u0160tvorhrann\u00e1 stonka je sfarben\u00e1 do \u010dervena. Listy s\u00fa svetlozelen\u00e9, protistojn\u00e9, vajcovito-kopijovit\u00e9. Biele kvety s\u00fa usporiadan\u00e9 do paprasle\u0148ov. Obdobie kvitnutia je od j\u00fana do septembra. Plodom je mal\u00e1 ov\u00e1lna tvrdka.<\/p>\n\n\n\n<p><strong>Mikroskopick\u00fd n\u00e1kres:<\/strong><\/p>\n\n\n<div class=\"wp-block-image\">\n<figure class=\"aligncenter size-full\"><img decoding=\"async\" loading=\"lazy\" width=\"290\" height=\"286\" src=\"https:\/\/www.liecivebyliny.eu\/wp-content\/uploads\/2023\/12\/image-34.png\" alt=\"\" class=\"wp-image-301\"\/><figcaption class=\"wp-element-caption\"><em>Spodn\u00e1 poko\u017eka listu bazalky pravej vykazuje charakteristick\u00e9 morfologick\u00e9 znaky rastl\u00edn \u010de\u013eade hluchavkovit\u00fdch. K&nbsp;t\u00fdmto znakom patria krycie (a) a&nbsp;\u017e\u013eaznat\u00e9 (b) trich\u00f3my, \u017eliazky typu Lamiaceae (c) a&nbsp;prieduchy s&nbsp;dvoma sprievodn\u00fdmi bunkami (d).<\/em><\/figcaption><\/figure><\/div>\n\n<div class=\"wp-block-image\">\n<figure class=\"aligncenter size-full is-resized\"><img decoding=\"async\" src=\"https:\/\/www.liecivebyliny.eu\/wp-content\/uploads\/2024\/01\/image-2-edited.jpg\" alt=\"\" class=\"wp-image-1027\" width=\"365\" srcset=\"https:\/\/www.liecivebyliny.eu\/wp-content\/uploads\/2024\/01\/image-2-edited.jpg 734w, https:\/\/www.liecivebyliny.eu\/wp-content\/uploads\/2024\/01\/image-2-edited-300x294.jpg 300w\" sizes=\"(max-width: 734px) 100vw, 734px\" \/><figcaption class=\"wp-element-caption\">Prie\u010dny rez stonkou bazalky (zv\u00e4\u010d\u0161en\u00e9 40x)<\/figcaption><\/figure><\/div>\n\n\n<p><\/p>\n\n\n\n<p><strong>Roz\u0161\u00edrenie:&nbsp;<\/strong>P\u00f4vodom&nbsp;poch\u00e1dza z&nbsp;Indie. V&nbsp;s\u00fa\u010dasnosti sa v&nbsp;pr\u00edrode nevyskytuje. Na celom svete sa pestuje 150 odr\u00f4d bazalky pravej. Ve\u013emi \u013eahko sa pestuje v&nbsp;kvetin\u00e1\u010doch a&nbsp;v z\u00e1hradk\u00e1ch.<\/p>\n\n\n\n<p><strong>Droga:<\/strong>&nbsp;<em>Basilici herba<\/em><\/p>\n\n\n\n<p><strong>Sp\u00f4sob zberu:<\/strong>&nbsp;V\u0148a\u0165 sa zber\u00e1 tesne pred rozkvitnut\u00edm. Listy sa zberaj\u00fa v&nbsp;j\u00fani a&nbsp;v&nbsp;septembri.<\/p>\n\n\n\n<p><strong>Su\u0161enie:<\/strong>&nbsp;V\u0148a\u0165 bazalky pravej sa su\u0161\u00ed prirodzen\u00fdm sp\u00f4sobom v&nbsp;tieni, s&nbsp;dobrou cirkul\u00e1ciou vzduchu. Umel\u00fdm sp\u00f4sobom v&nbsp;su\u0161i\u010dk\u00e1ch pri teplote do 35 \u00b0C.&nbsp;<\/p>\n\n\n\n<p><strong>Obsahov\u00e9 l\u00e1tky:<\/strong>&nbsp;Bazalka prav\u00e1 obsahuje a\u017e 1,5 % silice zlo\u017eenej z&nbsp;metylchavikolu, linalolu, g\u00e1fru, pin\u00e9nu a&nbsp;ocim\u00e9nu. Zvy\u0161n\u00e9 l\u00e1tky s\u00fa reprezentovan\u00e9 flavonoidmi a&nbsp;trieslovinami.&nbsp;<\/p>\n\n\n\n<p><strong>Pou\u017eitie:<\/strong>&nbsp;Cel\u00e1 rastlina podporuje tr\u00e1venie a&nbsp;\u00fa\u010dinne p\u00f4sob\u00ed pri plynatosti. Silica je nosite\u013eom antiseptick\u00e9ho \u00fa\u010dinku.&nbsp;<\/p>\n\n\n\n<p><strong>Vybran\u00e9 rastlinn\u00e9 pr\u00edpravky:<\/strong>&nbsp;AGROKARPATY BAZALKA PRAV\u00c1 v\u0148a\u0165 bylinn\u00fd \u010daj 1&#215;30 g, Helvetia Apotheke ImunoActive tekut\u00fd, pre deti 250 ml, SINUPO FORTE sirup 150 ml, J.V. KVAPKY &#8211; URO na funkciu mo\u010dov\u00e9ho mech\u00fara 50 ml.&nbsp;<\/p>\n","protected":false},"excerpt":{"rendered":"<p>Slovensk\u00fd n\u00e1zov:&nbsp;bazalka prav\u00e1 Anglick\u00fd n\u00e1zov:&nbsp;Basil \u010cesk\u00fd n\u00e1zov:&nbsp;bazalka z\u00e1hradn\u00ed \u013dudov\u00e9 n\u00e1zvy:&nbsp;bazalka, basilka \u010ce\u013ea\u010f:&nbsp;Lamiaceae&nbsp;(hluchavkovit\u00e9) Botanick\u00e1 charakteristika:&nbsp;Jednoro\u010dn\u00e1 30 \u2013 60 cm vysok\u00e1 bylina. \u0160tvorhrann\u00e1 stonka je sfarben\u00e1 do \u010dervena. Listy s\u00fa svetlozelen\u00e9, protistojn\u00e9, vajcovito-kopijovit\u00e9. Biele kvety s\u00fa usporiadan\u00e9 do paprasle\u0148ov. Obdobie kvitnutia je od j\u00fana do septembra. Plodom je mal\u00e1 ov\u00e1lna tvrdka. Mikroskopick\u00fd n\u00e1kres: Roz\u0161\u00edrenie:&nbsp;P\u00f4vodom&nbsp;poch\u00e1dza z&nbsp;Indie. V&nbsp;s\u00fa\u010dasnosti sa [&hellip;]<\/p>\n","protected":false},"author":1,"featured_media":0,"parent":0,"menu_order":0,"comment_status":"closed","ping_status":"closed","template":"","meta":{"_mi_skip_tracking":false},"yoast_head":"<!-- This site is optimized with the Yoast SEO plugin v20.4 - https:\/\/yoast.com\/wordpress\/plugins\/seo\/ -->\n<title>Ocimum basilicum&nbsp;L. - liecivebyliny.eu<\/title>\n<meta name=\"robots\" content=\"index, follow, max-snippet:-1, max-image-preview:large, max-video-preview:-1\" \/>\n<link rel=\"canonical\" href=\"https:\/\/www.liecivebyliny.eu\/?page_id=299\" \/>\n<meta property=\"og:locale\" content=\"sk_SK\" \/>\n<meta property=\"og:type\" content=\"article\" \/>\n<meta property=\"og:title\" content=\"Ocimum basilicum&nbsp;L. - liecivebyliny.eu\" \/>\n<meta property=\"og:description\" content=\"Slovensk\u00fd n\u00e1zov:&nbsp;bazalka prav\u00e1 Anglick\u00fd n\u00e1zov:&nbsp;Basil \u010cesk\u00fd n\u00e1zov:&nbsp;bazalka z\u00e1hradn\u00ed \u013dudov\u00e9 n\u00e1zvy:&nbsp;bazalka, basilka \u010ce\u013ea\u010f:&nbsp;Lamiaceae&nbsp;(hluchavkovit\u00e9) Botanick\u00e1 charakteristika:&nbsp;Jednoro\u010dn\u00e1 30 \u2013 60 cm vysok\u00e1 bylina. \u0160tvorhrann\u00e1 stonka je sfarben\u00e1 do \u010dervena. Listy s\u00fa svetlozelen\u00e9, protistojn\u00e9, vajcovito-kopijovit\u00e9. Biele kvety s\u00fa usporiadan\u00e9 do paprasle\u0148ov. Obdobie kvitnutia je od j\u00fana do septembra. Plodom je mal\u00e1 ov\u00e1lna tvrdka. Mikroskopick\u00fd n\u00e1kres: Roz\u0161\u00edrenie:&nbsp;P\u00f4vodom&nbsp;poch\u00e1dza z&nbsp;Indie. V&nbsp;s\u00fa\u010dasnosti sa [&hellip;]\" \/>\n<meta property=\"og:url\" content=\"https:\/\/www.liecivebyliny.eu\/?page_id=299\" \/>\n<meta property=\"og:site_name\" content=\"liecivebyliny.eu\" \/>\n<meta property=\"article:modified_time\" content=\"2024-01-02T14:03:03+00:00\" \/>\n<meta property=\"og:image\" content=\"https:\/\/www.liecivebyliny.eu\/wp-content\/uploads\/2023\/12\/image-29.jpeg\" \/>\n<meta name=\"twitter:card\" content=\"summary_large_image\" \/>\n<meta name=\"twitter:label1\" content=\"Predpokladan\u00fd \u010das \u010d\u00edtania\" \/>\n\t<meta name=\"twitter:data1\" content=\"2 min\u00faty\" \/>\n<script type=\"application\/ld+json\" class=\"yoast-schema-graph\">{\"@context\":\"https:\/\/schema.org\",\"@graph\":[{\"@type\":\"WebPage\",\"@id\":\"https:\/\/www.liecivebyliny.eu\/?page_id=299\",\"url\":\"https:\/\/www.liecivebyliny.eu\/?page_id=299\",\"name\":\"Ocimum basilicum&nbsp;L. - liecivebyliny.eu\",\"isPartOf\":{\"@id\":\"https:\/\/www.liecivebyliny.eu\/#website\"},\"datePublished\":\"2023-12-23T17:25:03+00:00\",\"dateModified\":\"2024-01-02T14:03:03+00:00\",\"breadcrumb\":{\"@id\":\"https:\/\/www.liecivebyliny.eu\/?page_id=299#breadcrumb\"},\"inLanguage\":\"sk-SK\",\"potentialAction\":[{\"@type\":\"ReadAction\",\"target\":[\"https:\/\/www.liecivebyliny.eu\/?page_id=299\"]}]},{\"@type\":\"BreadcrumbList\",\"@id\":\"https:\/\/www.liecivebyliny.eu\/?page_id=299#breadcrumb\",\"itemListElement\":[{\"@type\":\"ListItem\",\"position\":1,\"name\":\"Home\",\"item\":\"https:\/\/www.liecivebyliny.eu\/\"},{\"@type\":\"ListItem\",\"position\":2,\"name\":\"Ocimum basilicum&nbsp;L.\"}]},{\"@type\":\"WebSite\",\"@id\":\"https:\/\/www.liecivebyliny.eu\/#website\",\"url\":\"https:\/\/www.liecivebyliny.eu\/\",\"name\":\"liecivebyliny.eu\",\"description\":\"\",\"potentialAction\":[{\"@type\":\"SearchAction\",\"target\":{\"@type\":\"EntryPoint\",\"urlTemplate\":\"https:\/\/www.liecivebyliny.eu\/?s={search_term_string}\"},\"query-input\":\"required name=search_term_string\"}],\"inLanguage\":\"sk-SK\"}]}<\/script>\n<!-- \/ Yoast SEO plugin. -->","yoast_head_json":{"title":"Ocimum basilicum&nbsp;L. - liecivebyliny.eu","robots":{"index":"index","follow":"follow","max-snippet":"max-snippet:-1","max-image-preview":"max-image-preview:large","max-video-preview":"max-video-preview:-1"},"canonical":"https:\/\/www.liecivebyliny.eu\/?page_id=299","og_locale":"sk_SK","og_type":"article","og_title":"Ocimum basilicum&nbsp;L. - liecivebyliny.eu","og_description":"Slovensk\u00fd n\u00e1zov:&nbsp;bazalka prav\u00e1 Anglick\u00fd n\u00e1zov:&nbsp;Basil \u010cesk\u00fd n\u00e1zov:&nbsp;bazalka z\u00e1hradn\u00ed \u013dudov\u00e9 n\u00e1zvy:&nbsp;bazalka, basilka \u010ce\u013ea\u010f:&nbsp;Lamiaceae&nbsp;(hluchavkovit\u00e9) Botanick\u00e1 charakteristika:&nbsp;Jednoro\u010dn\u00e1 30 \u2013 60 cm vysok\u00e1 bylina. \u0160tvorhrann\u00e1 stonka je sfarben\u00e1 do \u010dervena. Listy s\u00fa svetlozelen\u00e9, protistojn\u00e9, vajcovito-kopijovit\u00e9. Biele kvety s\u00fa usporiadan\u00e9 do paprasle\u0148ov. Obdobie kvitnutia je od j\u00fana do septembra. Plodom je mal\u00e1 ov\u00e1lna tvrdka. Mikroskopick\u00fd n\u00e1kres: Roz\u0161\u00edrenie:&nbsp;P\u00f4vodom&nbsp;poch\u00e1dza z&nbsp;Indie. V&nbsp;s\u00fa\u010dasnosti sa [&hellip;]","og_url":"https:\/\/www.liecivebyliny.eu\/?page_id=299","og_site_name":"liecivebyliny.eu","article_modified_time":"2024-01-02T14:03:03+00:00","og_image":[{"url":"https:\/\/www.liecivebyliny.eu\/wp-content\/uploads\/2023\/12\/image-29.jpeg"}],"twitter_card":"summary_large_image","twitter_misc":{"Predpokladan\u00fd \u010das \u010d\u00edtania":"2 min\u00faty"},"schema":{"@context":"https:\/\/schema.org","@graph":[{"@type":"WebPage","@id":"https:\/\/www.liecivebyliny.eu\/?page_id=299","url":"https:\/\/www.liecivebyliny.eu\/?page_id=299","name":"Ocimum basilicum&nbsp;L. - liecivebyliny.eu","isPartOf":{"@id":"https:\/\/www.liecivebyliny.eu\/#website"},"datePublished":"2023-12-23T17:25:03+00:00","dateModified":"2024-01-02T14:03:03+00:00","breadcrumb":{"@id":"https:\/\/www.liecivebyliny.eu\/?page_id=299#breadcrumb"},"inLanguage":"sk-SK","potentialAction":[{"@type":"ReadAction","target":["https:\/\/www.liecivebyliny.eu\/?page_id=299"]}]},{"@type":"BreadcrumbList","@id":"https:\/\/www.liecivebyliny.eu\/?page_id=299#breadcrumb","itemListElement":[{"@type":"ListItem","position":1,"name":"Home","item":"https:\/\/www.liecivebyliny.eu\/"},{"@type":"ListItem","position":2,"name":"Ocimum basilicum&nbsp;L."}]},{"@type":"WebSite","@id":"https:\/\/www.liecivebyliny.eu\/#website","url":"https:\/\/www.liecivebyliny.eu\/","name":"liecivebyliny.eu","description":"","potentialAction":[{"@type":"SearchAction","target":{"@type":"EntryPoint","urlTemplate":"https:\/\/www.liecivebyliny.eu\/?s={search_term_string}"},"query-input":"required name=search_term_string"}],"inLanguage":"sk-SK"}]}},"_links":{"self":[{"href":"https:\/\/www.liecivebyliny.eu\/index.php?rest_route=\/wp\/v2\/pages\/299"}],"collection":[{"href":"https:\/\/www.liecivebyliny.eu\/index.php?rest_route=\/wp\/v2\/pages"}],"about":[{"href":"https:\/\/www.liecivebyliny.eu\/index.php?rest_route=\/wp\/v2\/types\/page"}],"author":[{"embeddable":true,"href":"https:\/\/www.liecivebyliny.eu\/index.php?rest_route=\/wp\/v2\/users\/1"}],"replies":[{"embeddable":true,"href":"https:\/\/www.liecivebyliny.eu\/index.php?rest_route=%2Fwp%2Fv2%2Fcomments&post=299"}],"version-history":[{"count":3,"href":"https:\/\/www.liecivebyliny.eu\/index.php?rest_route=\/wp\/v2\/pages\/299\/revisions"}],"predecessor-version":[{"id":1028,"href":"https:\/\/www.liecivebyliny.eu\/index.php?rest_route=\/wp\/v2\/pages\/299\/revisions\/1028"}],"wp:attachment":[{"href":"https:\/\/www.liecivebyliny.eu\/index.php?rest_route=%2Fwp%2Fv2%2Fmedia&parent=299"}],"curies":[{"name":"wp","href":"https:\/\/api.w.org\/{rel}","templated":true}]}}