{"id":30,"date":"2023-12-21T15:12:52","date_gmt":"2023-12-21T14:12:52","guid":{"rendered":"https:\/\/www.liecivebyliny.eu\/?page_id=30"},"modified":"2023-12-29T15:59:57","modified_gmt":"2023-12-29T14:59:57","slug":"alfabeticky-system","status":"publish","type":"page","link":"https:\/\/www.liecivebyliny.eu\/?page_id=30","title":{"rendered":"Alfabetick\u00fd syst\u00e9m"},"content":{"rendered":"\n<p><\/p>\n\n\n\n<p><\/p>\n\n\n\n<p><strong>A<\/strong><\/p>\n\n\n\n<p><a href=\"https:\/\/www.liecivebyliny.eu\/?page_id=107\">Alchemilka \u017eltozelen\u00e1<\/a><\/p>\n\n\n\n<p><a href=\"https:\/\/www.liecivebyliny.eu\/?page_id=122\">Angelika<em>&nbsp;<\/em>lek\u00e1rska<\/a><\/p>\n\n\n\n<p><\/p>\n\n\n\n<p><strong>B<\/strong><\/p>\n\n\n\n<p><a href=\"https:\/\/www.liecivebyliny.eu\/?page_id=299\">Bazalka<em>&nbsp;<\/em>prav\u00e1<\/a><\/p>\n\n\n\n<p><a href=\"https:\/\/www.liecivebyliny.eu\/?page_id=350\">Baza<em>&nbsp;<\/em>\u010dierna<\/a><\/p>\n\n\n\n<p><a href=\"https:\/\/www.liecivebyliny.eu\/?page_id=418\">Brusnica<em>&nbsp;<\/em>\u010du\u010doriedkov\u00e1<\/a><\/p>\n\n\n\n<p><\/p>\n\n\n\n<p><strong>C, \u010c<\/strong><\/p>\n\n\n\n<p><a href=\"https:\/\/www.liecivebyliny.eu\/?page_id=161\">\u010cakanka<em>&nbsp;<\/em>oby\u010dajn\u00e1<\/a><\/p>\n\n\n\n<p><\/p>\n\n\n\n<p><strong>D, \u010e<\/strong><\/p>\n\n\n\n<p><a href=\"https:\/\/www.liecivebyliny.eu\/?page_id=431\">Divozel<em>&nbsp;<\/em>ve\u013ekokvet\u00fd<\/a><\/p>\n\n\n\n<p><a href=\"https:\/\/www.liecivebyliny.eu\/?page_id=393\">\u010eatelina<em>&nbsp;<\/em>l\u00fa\u010dna<\/a><\/p>\n\n\n\n<p><a href=\"https:\/\/www.liecivebyliny.eu\/?page_id=400\">D\u00fa\u0161ka<em>&nbsp;<\/em>materina<\/a><\/p>\n\n\n\n<p><\/p>\n\n\n\n<p><strong>E<\/strong><\/p>\n\n\n\n<p><a href=\"https:\/\/www.liecivebyliny.eu\/?page_id=185\">Echinacea<em>&nbsp;<\/em>purpurov\u00e1<\/a><\/p>\n\n\n\n<p><\/p>\n\n\n\n<p><strong>F<\/strong><\/p>\n\n\n\n<p><a href=\"https:\/\/www.liecivebyliny.eu\/?page_id=205\">Fenikel<em>&nbsp;<\/em>oby\u010dajn\u00fd<\/a><\/p>\n\n\n\n<p><\/p>\n\n\n\n<p><strong>H<\/strong><\/p>\n\n\n\n<p><a href=\"https:\/\/www.liecivebyliny.eu\/?page_id=168(otv\u00e1ra sa na novej karte)\">Hloh<em>&nbsp;<\/em>jednosemenn\u00fd<\/a><\/p>\n\n\n\n<p><a href=\"https:\/\/www.liecivebyliny.eu\/?page_id=247\">Hluchavka<em>&nbsp;<\/em>biela<\/a><\/p>\n\n\n\n<p><\/p>\n\n\n\n<p><strong>I<\/strong><\/p>\n\n\n\n<p><a href=\"https:\/\/www.liecivebyliny.eu\/?page_id=115\">Ibi\u0161<em>&nbsp;<\/em>lek\u00e1rsky<\/a><\/p>\n\n\n\n<p><\/p>\n\n\n\n<p><strong>J<\/strong><\/p>\n\n\n\n<p><a href=\"https:\/\/www.liecivebyliny.eu\/?page_id=263\">Jabl\u010dn\u00edk<em>&nbsp;<\/em>oby\u010dajn\u00fd<\/a><\/p>\n\n\n\n<p><a href=\"https:\/\/www.liecivebyliny.eu\/?page_id=213\">Jahoda<em>&nbsp;<\/em>oby\u010dajn\u00e1<\/a><\/p>\n\n\n\n<p><\/p>\n\n\n\n<p><strong>K<\/strong><\/p>\n\n\n\n<p><a href=\"https:\/\/www.liecivebyliny.eu\/?page_id=142\">Kapsi\u010dka<em>&nbsp;<\/em>pastierska<\/a><\/p>\n\n\n\n<p><a href=\"https:\/\/www.liecivebyliny.eu\/?page_id=290\">Komonica<em>&nbsp;<\/em>lek\u00e1rska<\/a><\/p>\n\n\n\n<p><a href=\"https:\/\/www.liecivebyliny.eu\/?page_id=372\">Kostihoj<em>&nbsp;<\/em>lek\u00e1rsky<\/a><\/p>\n\n\n\n<p><\/p>\n\n\n\n<p><strong>L, \u013d<\/strong><\/p>\n\n\n\n<p><a href=\"https:\/\/www.liecivebyliny.eu\/?page_id=241\">Levandu\u013ea<em>&nbsp;<\/em>\u00fazkolist\u00e1<\/a><\/p>\n\n\n\n<p><a href=\"https:\/\/www.liecivebyliny.eu\/?page_id=254\">Ligur\u010dek<em>&nbsp;<\/em>lek\u00e1rsky<\/a><\/p>\n\n\n\n<p><a href=\"https:\/\/www.liecivebyliny.eu\/?page_id=386\">Lipa<em>&nbsp;<\/em>malolist\u00e1<\/a><\/p>\n\n\n\n<p><a href=\"https:\/\/www.liecivebyliny.eu\/?page_id=220\">Lipkavec<em>&nbsp;<\/em>marinkov\u00fd<\/a><\/p>\n\n\n\n<p><a href=\"https:\/\/www.liecivebyliny.eu\/?page_id=227\">\u013dubovn\u00edk<em>&nbsp;<\/em>bodkovan\u00fd<\/a><\/p>\n\n\n\n<p><\/p>\n\n\n\n<p><strong>M<\/strong><\/p>\n\n\n\n<p><a href=\"https:\/\/www.liecivebyliny.eu\/?page_id=311\">Mak<em>&nbsp;<\/em>vl\u010d\u00ed<\/a><\/p>\n\n\n\n<p><a href=\"https:\/\/www.liecivebyliny.eu\/?page_id=284\">M\u00e4ta<em>&nbsp;<\/em>pieporn\u00e1<\/a><\/p>\n\n\n\n<p><a href=\"https:\/\/www.liecivebyliny.eu\/?page_id=276\">Medovka<em>&nbsp;<\/em>lek\u00e1rska<\/a><\/p>\n\n\n\n<p><\/p>\n\n\n\n<p><strong>N<\/strong><\/p>\n\n\n\n<p><a href=\"https:\/\/www.liecivebyliny.eu\/?page_id=325\">N\u00e1tr\u017en\u00edk<em>&nbsp;<\/em>hus\u00ed<\/a><\/p>\n\n\n\n<p><a href=\"https:\/\/www.liecivebyliny.eu\/?page_id=136\">Necht\u00edk<em>&nbsp;<\/em>lek\u00e1rsky<\/a><\/p>\n\n\n\n<p><a href=\"https:\/\/www.liecivebyliny.eu\/?page_id=148\">Nev\u00e4dza<em>&nbsp;<\/em>po\u013en\u00e1<\/a><\/p>\n\n\n\n<p><\/p>\n\n\n\n<p><strong>O<\/strong><\/p>\n\n\n\n<p><a href=\"https:\/\/www.liecivebyliny.eu\/?page_id=199\">O\u010dianka<em>&nbsp;<\/em>rostkovova<\/a><\/p>\n\n\n\n<p><a href=\"https:\/\/www.liecivebyliny.eu\/?page_id=343\">Ostru\u017eina<em>&nbsp;<\/em>\u010dernicov\u00e1<\/a><\/p>\n\n\n\n<p><\/p>\n\n\n\n<p><strong>P<\/strong><\/p>\n\n\n\n<p><a href=\"https:\/\/www.liecivebyliny.eu\/?page_id=305\">Pamajor\u00e1n<em>&nbsp;<\/em>oby\u010dajn\u00fd<\/a><\/p>\n\n\n\n<p><a href=\"https:\/\/www.liecivebyliny.eu\/?page_id=331\">P\u013e\u00facnik<em>&nbsp;<\/em>lek\u00e1rsky<\/a><\/p>\n\n\n\n<p><a href=\"https:\/\/www.liecivebyliny.eu\/?page_id=406\">Podbe\u013e<em>&nbsp;<\/em>lie\u010div\u00fd<\/a><\/p>\n\n\n\n<p><a href=\"https:\/\/www.liecivebyliny.eu\/?page_id=192\">Prasli\u010dka<em>&nbsp;<\/em>ro\u013en\u00e1<\/a><\/p>\n\n\n\n<p><a href=\"https:\/\/www.liecivebyliny.eu\/?page_id=412\">P\u0155h\u013eava<em>&nbsp;<\/em>dvojdom\u00e1<\/a><\/p>\n\n\n\n<p><a href=\"https:\/\/www.liecivebyliny.eu\/?page_id=379\">P\u00fapava<em>&nbsp;<\/em>lek\u00e1rska<\/a><\/p>\n\n\n\n<p><\/p>\n\n\n\n<p><strong>R<\/strong><\/p>\n\n\n\n<p><a href=\"https:\/\/www.liecivebyliny.eu\/?page_id=98\">Rebr\u00ed\u010dek<em>&nbsp;<\/em>oby\u010dajn\u00fd<\/a><em>&nbsp;<\/em><\/p>\n\n\n\n<p><a href=\"https:\/\/www.liecivebyliny.eu\/?page_id=79\">Rep\u00edk<em>&nbsp;<\/em>lek\u00e1rsky<\/a><\/p>\n\n\n\n<p><a href=\"https:\/\/www.liecivebyliny.eu\/?page_id=269\">Ruman\u010dek<em>&nbsp;<\/em>kamilkov\u00fd<em>&nbsp;<\/em><\/a><\/p>\n\n\n\n<p><a href=\"https:\/\/www.liecivebyliny.eu\/?page_id=337\">Ru\u017ea<em>&nbsp;<\/em>\u0161\u00edpov\u00e1<\/a><\/p>\n\n\n\n<p><\/p>\n\n\n\n<p><strong>S, \u0160<\/strong><\/p>\n\n\n\n<p><a href=\"https:\/\/www.liecivebyliny.eu\/?page_id=364\">Saturejka<em>&nbsp;<\/em>z\u00e1hradn\u00e1<\/a><\/p>\n\n\n\n<p><a href=\"https:\/\/www.liecivebyliny.eu\/?page_id=129\">Sedmokr\u00e1ska<em>&nbsp;<\/em>oby\u010dajn\u00e1<\/a><\/p>\n\n\n\n<p><a href=\"https:\/\/www.liecivebyliny.eu\/?page_id=318\">Skorocel<em>&nbsp;<\/em>kopijovit\u00fd<\/a><\/p>\n\n\n\n<p><a href=\"https:\/\/www.liecivebyliny.eu\/?page_id=357\">\u0160alvia<em>&nbsp;<\/em>lek\u00e1rska<\/a><\/p>\n\n\n\n<p><\/p>\n\n\n\n<p><strong>T<\/strong><\/p>\n\n\n\n<p><a href=\"https:\/\/www.liecivebyliny.eu\/?page_id=177\">Tekvica<em>&nbsp;<\/em>oby\u010dajn\u00e1<\/a><\/p>\n\n\n\n<p><\/p>\n\n\n\n<p><strong>V<\/strong><\/p>\n\n\n\n<p><a href=\"https:\/\/www.liecivebyliny.eu\/?page_id=424\">Valeri\u00e1na<em>&nbsp;<\/em>lek\u00e1rska<\/a><\/p>\n\n\n\n<p><\/p>\n\n\n\n<p><strong>Y<\/strong><\/p>\n\n\n\n<p><a href=\"https:\/\/www.liecivebyliny.eu\/?page_id=235\">Yzop<em>&nbsp;<\/em>lek\u00e1rsky<\/a><\/p>\n\n\n\n<p><\/p>\n\n\n\n<p><strong>Z<\/strong><\/p>\n\n\n\n<p><a href=\"https:\/\/www.liecivebyliny.eu\/?page_id=154\">Zeme\u017el\u010d<em>&nbsp;<\/em>men\u0161ia<\/a><\/p>\n","protected":false},"excerpt":{"rendered":"<p>A Alchemilka \u017eltozelen\u00e1 Angelika&nbsp;lek\u00e1rska B Bazalka&nbsp;prav\u00e1 Baza&nbsp;\u010dierna Brusnica&nbsp;\u010du\u010doriedkov\u00e1 C, \u010c \u010cakanka&nbsp;oby\u010dajn\u00e1 D, \u010e Divozel&nbsp;ve\u013ekokvet\u00fd \u010eatelina&nbsp;l\u00fa\u010dna D\u00fa\u0161ka&nbsp;materina E Echinacea&nbsp;purpurov\u00e1 F Fenikel&nbsp;oby\u010dajn\u00fd H Hloh&nbsp;jednosemenn\u00fd Hluchavka&nbsp;biela I Ibi\u0161&nbsp;lek\u00e1rsky J Jabl\u010dn\u00edk&nbsp;oby\u010dajn\u00fd Jahoda&nbsp;oby\u010dajn\u00e1 K Kapsi\u010dka&nbsp;pastierska Komonica&nbsp;lek\u00e1rska Kostihoj&nbsp;lek\u00e1rsky L, \u013d Levandu\u013ea&nbsp;\u00fazkolist\u00e1 Ligur\u010dek&nbsp;lek\u00e1rsky Lipa&nbsp;malolist\u00e1 Lipkavec&nbsp;marinkov\u00fd \u013dubovn\u00edk&nbsp;bodkovan\u00fd M Mak&nbsp;vl\u010d\u00ed M\u00e4ta&nbsp;pieporn\u00e1 Medovka&nbsp;lek\u00e1rska N N\u00e1tr\u017en\u00edk&nbsp;hus\u00ed Necht\u00edk&nbsp;lek\u00e1rsky Nev\u00e4dza&nbsp;po\u013en\u00e1 O O\u010dianka&nbsp;rostkovova Ostru\u017eina&nbsp;\u010dernicov\u00e1 P Pamajor\u00e1n&nbsp;oby\u010dajn\u00fd P\u013e\u00facnik&nbsp;lek\u00e1rsky Podbe\u013e&nbsp;lie\u010div\u00fd Prasli\u010dka&nbsp;ro\u013en\u00e1 [&hellip;]<\/p>\n","protected":false},"author":1,"featured_media":0,"parent":0,"menu_order":0,"comment_status":"closed","ping_status":"closed","template":"","meta":{"_mi_skip_tracking":false},"yoast_head":"<!-- This site is optimized with the Yoast SEO plugin v20.4 - https:\/\/yoast.com\/wordpress\/plugins\/seo\/ -->\n<title>Alfabetick\u00fd syst\u00e9m - liecivebyliny.eu<\/title>\n<meta name=\"robots\" content=\"index, follow, max-snippet:-1, max-image-preview:large, max-video-preview:-1\" \/>\n<link rel=\"canonical\" href=\"https:\/\/www.liecivebyliny.eu\/?page_id=30\" \/>\n<meta property=\"og:locale\" content=\"sk_SK\" \/>\n<meta property=\"og:type\" content=\"article\" \/>\n<meta property=\"og:title\" content=\"Alfabetick\u00fd syst\u00e9m - liecivebyliny.eu\" \/>\n<meta property=\"og:description\" content=\"A Alchemilka \u017eltozelen\u00e1 Angelika&nbsp;lek\u00e1rska B Bazalka&nbsp;prav\u00e1 Baza&nbsp;\u010dierna Brusnica&nbsp;\u010du\u010doriedkov\u00e1 C, \u010c \u010cakanka&nbsp;oby\u010dajn\u00e1 D, \u010e Divozel&nbsp;ve\u013ekokvet\u00fd \u010eatelina&nbsp;l\u00fa\u010dna D\u00fa\u0161ka&nbsp;materina E Echinacea&nbsp;purpurov\u00e1 F Fenikel&nbsp;oby\u010dajn\u00fd H Hloh&nbsp;jednosemenn\u00fd Hluchavka&nbsp;biela I Ibi\u0161&nbsp;lek\u00e1rsky J Jabl\u010dn\u00edk&nbsp;oby\u010dajn\u00fd Jahoda&nbsp;oby\u010dajn\u00e1 K Kapsi\u010dka&nbsp;pastierska Komonica&nbsp;lek\u00e1rska Kostihoj&nbsp;lek\u00e1rsky L, \u013d Levandu\u013ea&nbsp;\u00fazkolist\u00e1 Ligur\u010dek&nbsp;lek\u00e1rsky Lipa&nbsp;malolist\u00e1 Lipkavec&nbsp;marinkov\u00fd \u013dubovn\u00edk&nbsp;bodkovan\u00fd M Mak&nbsp;vl\u010d\u00ed M\u00e4ta&nbsp;pieporn\u00e1 Medovka&nbsp;lek\u00e1rska N N\u00e1tr\u017en\u00edk&nbsp;hus\u00ed Necht\u00edk&nbsp;lek\u00e1rsky Nev\u00e4dza&nbsp;po\u013en\u00e1 O O\u010dianka&nbsp;rostkovova Ostru\u017eina&nbsp;\u010dernicov\u00e1 P Pamajor\u00e1n&nbsp;oby\u010dajn\u00fd P\u013e\u00facnik&nbsp;lek\u00e1rsky Podbe\u013e&nbsp;lie\u010div\u00fd Prasli\u010dka&nbsp;ro\u013en\u00e1 [&hellip;]\" \/>\n<meta property=\"og:url\" content=\"https:\/\/www.liecivebyliny.eu\/?page_id=30\" \/>\n<meta property=\"og:site_name\" content=\"liecivebyliny.eu\" \/>\n<meta property=\"article:modified_time\" content=\"2023-12-29T14:59:57+00:00\" \/>\n<meta name=\"twitter:card\" content=\"summary_large_image\" \/>\n<meta name=\"twitter:label1\" content=\"Predpokladan\u00fd \u010das \u010d\u00edtania\" \/>\n\t<meta name=\"twitter:data1\" content=\"1 min\u00fata\" \/>\n<script type=\"application\/ld+json\" class=\"yoast-schema-graph\">{\"@context\":\"https:\/\/schema.org\",\"@graph\":[{\"@type\":\"WebPage\",\"@id\":\"https:\/\/www.liecivebyliny.eu\/?page_id=30\",\"url\":\"https:\/\/www.liecivebyliny.eu\/?page_id=30\",\"name\":\"Alfabetick\u00fd syst\u00e9m - liecivebyliny.eu\",\"isPartOf\":{\"@id\":\"https:\/\/www.liecivebyliny.eu\/#website\"},\"datePublished\":\"2023-12-21T14:12:52+00:00\",\"dateModified\":\"2023-12-29T14:59:57+00:00\",\"breadcrumb\":{\"@id\":\"https:\/\/www.liecivebyliny.eu\/?page_id=30#breadcrumb\"},\"inLanguage\":\"sk-SK\",\"potentialAction\":[{\"@type\":\"ReadAction\",\"target\":[\"https:\/\/www.liecivebyliny.eu\/?page_id=30\"]}]},{\"@type\":\"BreadcrumbList\",\"@id\":\"https:\/\/www.liecivebyliny.eu\/?page_id=30#breadcrumb\",\"itemListElement\":[{\"@type\":\"ListItem\",\"position\":1,\"name\":\"Home\",\"item\":\"https:\/\/www.liecivebyliny.eu\/\"},{\"@type\":\"ListItem\",\"position\":2,\"name\":\"Alfabetick\u00fd syst\u00e9m\"}]},{\"@type\":\"WebSite\",\"@id\":\"https:\/\/www.liecivebyliny.eu\/#website\",\"url\":\"https:\/\/www.liecivebyliny.eu\/\",\"name\":\"liecivebyliny.eu\",\"description\":\"\",\"potentialAction\":[{\"@type\":\"SearchAction\",\"target\":{\"@type\":\"EntryPoint\",\"urlTemplate\":\"https:\/\/www.liecivebyliny.eu\/?s={search_term_string}\"},\"query-input\":\"required name=search_term_string\"}],\"inLanguage\":\"sk-SK\"}]}<\/script>\n<!-- \/ Yoast SEO plugin. -->","yoast_head_json":{"title":"Alfabetick\u00fd syst\u00e9m - liecivebyliny.eu","robots":{"index":"index","follow":"follow","max-snippet":"max-snippet:-1","max-image-preview":"max-image-preview:large","max-video-preview":"max-video-preview:-1"},"canonical":"https:\/\/www.liecivebyliny.eu\/?page_id=30","og_locale":"sk_SK","og_type":"article","og_title":"Alfabetick\u00fd syst\u00e9m - liecivebyliny.eu","og_description":"A Alchemilka \u017eltozelen\u00e1 Angelika&nbsp;lek\u00e1rska B Bazalka&nbsp;prav\u00e1 Baza&nbsp;\u010dierna Brusnica&nbsp;\u010du\u010doriedkov\u00e1 C, \u010c \u010cakanka&nbsp;oby\u010dajn\u00e1 D, \u010e Divozel&nbsp;ve\u013ekokvet\u00fd \u010eatelina&nbsp;l\u00fa\u010dna D\u00fa\u0161ka&nbsp;materina E Echinacea&nbsp;purpurov\u00e1 F Fenikel&nbsp;oby\u010dajn\u00fd H Hloh&nbsp;jednosemenn\u00fd Hluchavka&nbsp;biela I Ibi\u0161&nbsp;lek\u00e1rsky J Jabl\u010dn\u00edk&nbsp;oby\u010dajn\u00fd Jahoda&nbsp;oby\u010dajn\u00e1 K Kapsi\u010dka&nbsp;pastierska Komonica&nbsp;lek\u00e1rska Kostihoj&nbsp;lek\u00e1rsky L, \u013d Levandu\u013ea&nbsp;\u00fazkolist\u00e1 Ligur\u010dek&nbsp;lek\u00e1rsky Lipa&nbsp;malolist\u00e1 Lipkavec&nbsp;marinkov\u00fd \u013dubovn\u00edk&nbsp;bodkovan\u00fd M Mak&nbsp;vl\u010d\u00ed M\u00e4ta&nbsp;pieporn\u00e1 Medovka&nbsp;lek\u00e1rska N N\u00e1tr\u017en\u00edk&nbsp;hus\u00ed Necht\u00edk&nbsp;lek\u00e1rsky Nev\u00e4dza&nbsp;po\u013en\u00e1 O O\u010dianka&nbsp;rostkovova Ostru\u017eina&nbsp;\u010dernicov\u00e1 P Pamajor\u00e1n&nbsp;oby\u010dajn\u00fd P\u013e\u00facnik&nbsp;lek\u00e1rsky Podbe\u013e&nbsp;lie\u010div\u00fd Prasli\u010dka&nbsp;ro\u013en\u00e1 [&hellip;]","og_url":"https:\/\/www.liecivebyliny.eu\/?page_id=30","og_site_name":"liecivebyliny.eu","article_modified_time":"2023-12-29T14:59:57+00:00","twitter_card":"summary_large_image","twitter_misc":{"Predpokladan\u00fd \u010das \u010d\u00edtania":"1 min\u00fata"},"schema":{"@context":"https:\/\/schema.org","@graph":[{"@type":"WebPage","@id":"https:\/\/www.liecivebyliny.eu\/?page_id=30","url":"https:\/\/www.liecivebyliny.eu\/?page_id=30","name":"Alfabetick\u00fd syst\u00e9m - liecivebyliny.eu","isPartOf":{"@id":"https:\/\/www.liecivebyliny.eu\/#website"},"datePublished":"2023-12-21T14:12:52+00:00","dateModified":"2023-12-29T14:59:57+00:00","breadcrumb":{"@id":"https:\/\/www.liecivebyliny.eu\/?page_id=30#breadcrumb"},"inLanguage":"sk-SK","potentialAction":[{"@type":"ReadAction","target":["https:\/\/www.liecivebyliny.eu\/?page_id=30"]}]},{"@type":"BreadcrumbList","@id":"https:\/\/www.liecivebyliny.eu\/?page_id=30#breadcrumb","itemListElement":[{"@type":"ListItem","position":1,"name":"Home","item":"https:\/\/www.liecivebyliny.eu\/"},{"@type":"ListItem","position":2,"name":"Alfabetick\u00fd syst\u00e9m"}]},{"@type":"WebSite","@id":"https:\/\/www.liecivebyliny.eu\/#website","url":"https:\/\/www.liecivebyliny.eu\/","name":"liecivebyliny.eu","description":"","potentialAction":[{"@type":"SearchAction","target":{"@type":"EntryPoint","urlTemplate":"https:\/\/www.liecivebyliny.eu\/?s={search_term_string}"},"query-input":"required name=search_term_string"}],"inLanguage":"sk-SK"}]}},"_links":{"self":[{"href":"https:\/\/www.liecivebyliny.eu\/index.php?rest_route=\/wp\/v2\/pages\/30"}],"collection":[{"href":"https:\/\/www.liecivebyliny.eu\/index.php?rest_route=\/wp\/v2\/pages"}],"about":[{"href":"https:\/\/www.liecivebyliny.eu\/index.php?rest_route=\/wp\/v2\/types\/page"}],"author":[{"embeddable":true,"href":"https:\/\/www.liecivebyliny.eu\/index.php?rest_route=\/wp\/v2\/users\/1"}],"replies":[{"embeddable":true,"href":"https:\/\/www.liecivebyliny.eu\/index.php?rest_route=%2Fwp%2Fv2%2Fcomments&post=30"}],"version-history":[{"count":6,"href":"https:\/\/www.liecivebyliny.eu\/index.php?rest_route=\/wp\/v2\/pages\/30\/revisions"}],"predecessor-version":[{"id":511,"href":"https:\/\/www.liecivebyliny.eu\/index.php?rest_route=\/wp\/v2\/pages\/30\/revisions\/511"}],"wp:attachment":[{"href":"https:\/\/www.liecivebyliny.eu\/index.php?rest_route=%2Fwp%2Fv2%2Fmedia&parent=30"}],"curies":[{"name":"wp","href":"https:\/\/api.w.org\/{rel}","templated":true}]}}