{"id":305,"date":"2023-12-23T18:27:56","date_gmt":"2023-12-23T17:27:56","guid":{"rendered":"https:\/\/www.liecivebyliny.eu\/?page_id=305"},"modified":"2023-12-23T18:27:57","modified_gmt":"2023-12-23T17:27:57","slug":"origanum-vulgare-l","status":"publish","type":"page","link":"https:\/\/www.liecivebyliny.eu\/?page_id=305","title":{"rendered":"<em>Origanum vulgare<\/em>&nbsp;L."},"content":{"rendered":"<div class=\"wp-block-image\">\n<figure class=\"aligncenter size-full\"><img decoding=\"async\" loading=\"lazy\" width=\"256\" height=\"350\" src=\"https:\/\/www.liecivebyliny.eu\/wp-content\/uploads\/2023\/12\/image-30.jpeg\" alt=\"\" class=\"wp-image-306\" srcset=\"https:\/\/www.liecivebyliny.eu\/wp-content\/uploads\/2023\/12\/image-30.jpeg 256w, https:\/\/www.liecivebyliny.eu\/wp-content\/uploads\/2023\/12\/image-30-219x300.jpeg 219w\" sizes=\"(max-width: 256px) 100vw, 256px\" \/><figcaption class=\"wp-element-caption\">Pamajor\u00e1n oby\u010dajn\u00fd<\/figcaption><\/figure><\/div>\n\n\n<p><strong>Slovensk\u00fd n\u00e1zov:\u00a0<\/strong>pamajor\u00e1n oby\u010dajn\u00fd<\/p>\n\n\n\n<p><strong>Anglick\u00fd n\u00e1zov:<\/strong>&nbsp;Wild Marjoram<\/p>\n\n\n\n<p><strong>\u010cesk\u00fd n\u00e1zov:<\/strong>&nbsp;dobromysl obecn\u00e1<\/p>\n\n\n\n<p><strong>\u013dudov\u00e9 n\u00e1zvy:<\/strong>&nbsp;dobr\u00e1 myse\u013e, oby\u010dajn\u00fd major\u00e1n<\/p>\n\n\n\n<p><strong>\u010ce\u013ea\u010f:<\/strong>&nbsp;<em>Lamiaceae&nbsp;<\/em>(hluchavkovit\u00e9)<\/p>\n\n\n\n<p><strong>Botanick\u00e1 charakteristika:<\/strong>&nbsp;Trv\u00e1ca bylina, ktor\u00e1 dorast\u00e1 do v\u00fd\u0161ky 60 cm. Stonka je vzpriamen\u00e1, \u0161tvorhrann\u00e1, v&nbsp;hornej \u010dasti rozkon\u00e1ren\u00e1. Listy s\u00fa vajcovit\u00e9, protistojn\u00e9, celistvookrajov\u00e9. \u010cerveno-ru\u017eov\u00e9 kvety s\u00fa zoskupen\u00e9 do chochol\u00edkovit\u00fdch vrchol\u00edkov. Cel\u00e1 rastlina je pokryt\u00e1 \u017e\u013eaznat\u00fdmi trich\u00f3mami. Plodom s\u00fa tvrdky.&nbsp;<\/p>\n\n\n\n<p><strong>Mikroskopick\u00fd n\u00e1kres:<\/strong><\/p>\n\n\n<div class=\"wp-block-image\">\n<figure class=\"aligncenter size-full\"><img decoding=\"async\" loading=\"lazy\" width=\"208\" height=\"308\" src=\"https:\/\/www.liecivebyliny.eu\/wp-content\/uploads\/2023\/12\/image-35.png\" alt=\"\" class=\"wp-image-307\" srcset=\"https:\/\/www.liecivebyliny.eu\/wp-content\/uploads\/2023\/12\/image-35.png 208w, https:\/\/www.liecivebyliny.eu\/wp-content\/uploads\/2023\/12\/image-35-203x300.png 203w\" sizes=\"(max-width: 208px) 100vw, 208px\" \/><figcaption class=\"wp-element-caption\"><em>Nako\u013eko pamajor\u00e1n oby\u010dajn\u00fd patr\u00ed do \u010de\u013eade hluchavkovit\u00fdch, jeho mikroskopick\u00e9 morfologick\u00e9 znaky zah\u0155\u0148aj\u00fa preva\u017ene krycie trich\u00f3my (a), diskovit\u00e9 \u017eliazky (b) a\u00a0prieduchy s\u00a0dvoma sprievodn\u00fdmi bunkami (c).<\/em><\/figcaption><\/figure><\/div>\n\n\n<p><\/p>\n\n\n\n<p><strong>Roz\u0161\u00edrenie:<\/strong>&nbsp;Rastie na such\u00fdch slne\u010dn\u00fdch str\u00e1\u0148ach, na r\u00fabanisk\u00e1ch, na okrajoch lesov.<\/p>\n\n\n\n<p><strong>Droga:<\/strong>\u00a0<em>Origani herba<\/em><\/p>\n\n\n\n<p><strong>Sp\u00f4sob zberu:<\/strong>&nbsp;V\u0148a\u0165 sa zbiera od j\u00fala do augusta, v&nbsp;\u010dase kvitnutia. 20 cm dlh\u00e9 \u010dasti stonky sa zre\u017e\u00fa z\u00e1hradn\u00edckymi no\u017enicami, alebo sa skosia.&nbsp;<\/p>\n\n\n\n<p><strong>Su\u0161enie:<\/strong>&nbsp;V\u0148a\u0165 pamajor\u00e1nu oby\u010dajn\u00e9ho sa su\u0161\u00ed prirodzen\u00fdm sp\u00f4sobom v&nbsp;tenkej vrstve, v&nbsp;tmavej, vetrate\u013enej miestnosti. M\u00f4\u017ee by\u0165 zviazan\u00e1 do zv\u00e4zkov a&nbsp;vo\u013ene zavesen\u00e1. Umel\u00fdm sp\u00f4sobom v&nbsp;su\u0161iarni, kde teplota nesmie prekro\u010di\u0165 35 \u00b0C.&nbsp;<\/p>\n\n\n\n<p><strong>Obsahov\u00e9 l\u00e1tky:<\/strong>&nbsp;Pamajor\u00e1n oby\u010dajn\u00fd obsahuje ve\u013ek\u00e9 mno\u017estvo silice, ktor\u00fa tvoria l\u00e1tky ako karvakrol, pin\u00e9n, cym\u00e9n, myrc\u00e9n \u010di tymol. Rastlina obsahuje flavonoidy, triesloviny a kyselinu rozmar\u00ednov\u00fa.<\/p>\n\n\n\n<p><strong>Pou\u017eitie:<\/strong>&nbsp;Droga podporuje chu\u0165 do jedla, p\u00f4sob\u00ed proti nad\u00favaniu, stimuluje vylu\u010dovanie \u017el\u010de a&nbsp;m\u00e1 aj spazmolytick\u00fd \u00fa\u010dinok. V&nbsp;\u013eudovom lie\u010dite\u013estve sa oregano uplat\u0148uje pre slab\u00fd euforizuj\u00faci a&nbsp;sedat\u00edvny \u00fa\u010dinok.&nbsp;<\/p>\n\n\n\n<p><strong>Tradi\u010dn\u00fd sp\u00f4sob pou\u017eitia v&nbsp;indik\u00e1ci\u00e1ch ur\u010den\u00fdch v\u00fdhradne na z\u00e1klade dlhodob\u00e9ho pou\u017e\u00edvania:<\/strong><\/p>\n\n\n\n<ul>\n<li>symptomatick\u00e1 lie\u010dba miernych k\u0155\u010dov gastrointestin\u00e1lneho traktu, nad\u00favania a&nbsp;plynatosti,<\/li>\n\n\n\n<li>regener\u00e1cia podr\u00e1\u017edenej poko\u017eky v&nbsp;oblasti nosov\u00fdch dierok.<\/li>\n<\/ul>\n\n\n\n<p><strong>Vybran\u00e9 rastlinn\u00e9 pr\u00edpravky:&nbsp;<\/strong>AGROKARPATY&nbsp;PAMAJOR\u00c1N OBY\u010cAJN\u00dd v\u0148a\u0165 bylinn\u00fd \u010daj 1&#215;30 g,&nbsp;FYTO Bylinn\u00fd \u010daj PRI BOLESTIACH HLAVY 20&#215;1,5 g, DETOX DEOTIC 30 500 ml, nefdesant\u00e9 OREGANO Oreganov\u00fd olej kvapky 30 ml, PLUS LEK\u00c1RE\u0147 Plusimun cps 60 ks.<\/p>\n","protected":false},"excerpt":{"rendered":"<p>Slovensk\u00fd n\u00e1zov:\u00a0pamajor\u00e1n oby\u010dajn\u00fd Anglick\u00fd n\u00e1zov:&nbsp;Wild Marjoram \u010cesk\u00fd n\u00e1zov:&nbsp;dobromysl obecn\u00e1 \u013dudov\u00e9 n\u00e1zvy:&nbsp;dobr\u00e1 myse\u013e, oby\u010dajn\u00fd major\u00e1n \u010ce\u013ea\u010f:&nbsp;Lamiaceae&nbsp;(hluchavkovit\u00e9) Botanick\u00e1 charakteristika:&nbsp;Trv\u00e1ca bylina, ktor\u00e1 dorast\u00e1 do v\u00fd\u0161ky 60 cm. Stonka je vzpriamen\u00e1, \u0161tvorhrann\u00e1, v&nbsp;hornej \u010dasti rozkon\u00e1ren\u00e1. Listy s\u00fa vajcovit\u00e9, protistojn\u00e9, celistvookrajov\u00e9. \u010cerveno-ru\u017eov\u00e9 kvety s\u00fa zoskupen\u00e9 do chochol\u00edkovit\u00fdch vrchol\u00edkov. Cel\u00e1 rastlina je pokryt\u00e1 \u017e\u013eaznat\u00fdmi trich\u00f3mami. Plodom s\u00fa tvrdky.&nbsp; Mikroskopick\u00fd n\u00e1kres: Roz\u0161\u00edrenie:&nbsp;Rastie [&hellip;]<\/p>\n","protected":false},"author":1,"featured_media":0,"parent":0,"menu_order":0,"comment_status":"closed","ping_status":"closed","template":"","meta":{"_mi_skip_tracking":false},"yoast_head":"<!-- This site is optimized with the Yoast SEO plugin v20.4 - https:\/\/yoast.com\/wordpress\/plugins\/seo\/ -->\n<title>Origanum vulgare&nbsp;L. - liecivebyliny.eu<\/title>\n<meta name=\"robots\" content=\"index, follow, max-snippet:-1, max-image-preview:large, max-video-preview:-1\" \/>\n<link rel=\"canonical\" href=\"https:\/\/www.liecivebyliny.eu\/?page_id=305\" \/>\n<meta property=\"og:locale\" content=\"sk_SK\" \/>\n<meta property=\"og:type\" content=\"article\" \/>\n<meta property=\"og:title\" content=\"Origanum vulgare&nbsp;L. - liecivebyliny.eu\" \/>\n<meta property=\"og:description\" content=\"Slovensk\u00fd n\u00e1zov:\u00a0pamajor\u00e1n oby\u010dajn\u00fd Anglick\u00fd n\u00e1zov:&nbsp;Wild Marjoram \u010cesk\u00fd n\u00e1zov:&nbsp;dobromysl obecn\u00e1 \u013dudov\u00e9 n\u00e1zvy:&nbsp;dobr\u00e1 myse\u013e, oby\u010dajn\u00fd major\u00e1n \u010ce\u013ea\u010f:&nbsp;Lamiaceae&nbsp;(hluchavkovit\u00e9) Botanick\u00e1 charakteristika:&nbsp;Trv\u00e1ca bylina, ktor\u00e1 dorast\u00e1 do v\u00fd\u0161ky 60 cm. Stonka je vzpriamen\u00e1, \u0161tvorhrann\u00e1, v&nbsp;hornej \u010dasti rozkon\u00e1ren\u00e1. Listy s\u00fa vajcovit\u00e9, protistojn\u00e9, celistvookrajov\u00e9. \u010cerveno-ru\u017eov\u00e9 kvety s\u00fa zoskupen\u00e9 do chochol\u00edkovit\u00fdch vrchol\u00edkov. Cel\u00e1 rastlina je pokryt\u00e1 \u017e\u013eaznat\u00fdmi trich\u00f3mami. Plodom s\u00fa tvrdky.&nbsp; Mikroskopick\u00fd n\u00e1kres: Roz\u0161\u00edrenie:&nbsp;Rastie [&hellip;]\" \/>\n<meta property=\"og:url\" content=\"https:\/\/www.liecivebyliny.eu\/?page_id=305\" \/>\n<meta property=\"og:site_name\" content=\"liecivebyliny.eu\" \/>\n<meta property=\"article:modified_time\" content=\"2023-12-23T17:27:57+00:00\" \/>\n<meta property=\"og:image\" content=\"https:\/\/www.liecivebyliny.eu\/wp-content\/uploads\/2023\/12\/image-30.jpeg\" \/>\n<meta name=\"twitter:card\" content=\"summary_large_image\" \/>\n<meta name=\"twitter:label1\" content=\"Predpokladan\u00fd \u010das \u010d\u00edtania\" \/>\n\t<meta name=\"twitter:data1\" content=\"2 min\u00faty\" \/>\n<script type=\"application\/ld+json\" class=\"yoast-schema-graph\">{\"@context\":\"https:\/\/schema.org\",\"@graph\":[{\"@type\":\"WebPage\",\"@id\":\"https:\/\/www.liecivebyliny.eu\/?page_id=305\",\"url\":\"https:\/\/www.liecivebyliny.eu\/?page_id=305\",\"name\":\"Origanum vulgare&nbsp;L. - liecivebyliny.eu\",\"isPartOf\":{\"@id\":\"https:\/\/www.liecivebyliny.eu\/#website\"},\"datePublished\":\"2023-12-23T17:27:56+00:00\",\"dateModified\":\"2023-12-23T17:27:57+00:00\",\"breadcrumb\":{\"@id\":\"https:\/\/www.liecivebyliny.eu\/?page_id=305#breadcrumb\"},\"inLanguage\":\"sk-SK\",\"potentialAction\":[{\"@type\":\"ReadAction\",\"target\":[\"https:\/\/www.liecivebyliny.eu\/?page_id=305\"]}]},{\"@type\":\"BreadcrumbList\",\"@id\":\"https:\/\/www.liecivebyliny.eu\/?page_id=305#breadcrumb\",\"itemListElement\":[{\"@type\":\"ListItem\",\"position\":1,\"name\":\"Home\",\"item\":\"https:\/\/www.liecivebyliny.eu\/\"},{\"@type\":\"ListItem\",\"position\":2,\"name\":\"Origanum vulgare&nbsp;L.\"}]},{\"@type\":\"WebSite\",\"@id\":\"https:\/\/www.liecivebyliny.eu\/#website\",\"url\":\"https:\/\/www.liecivebyliny.eu\/\",\"name\":\"liecivebyliny.eu\",\"description\":\"\",\"potentialAction\":[{\"@type\":\"SearchAction\",\"target\":{\"@type\":\"EntryPoint\",\"urlTemplate\":\"https:\/\/www.liecivebyliny.eu\/?s={search_term_string}\"},\"query-input\":\"required name=search_term_string\"}],\"inLanguage\":\"sk-SK\"}]}<\/script>\n<!-- \/ Yoast SEO plugin. -->","yoast_head_json":{"title":"Origanum vulgare&nbsp;L. - liecivebyliny.eu","robots":{"index":"index","follow":"follow","max-snippet":"max-snippet:-1","max-image-preview":"max-image-preview:large","max-video-preview":"max-video-preview:-1"},"canonical":"https:\/\/www.liecivebyliny.eu\/?page_id=305","og_locale":"sk_SK","og_type":"article","og_title":"Origanum vulgare&nbsp;L. - liecivebyliny.eu","og_description":"Slovensk\u00fd n\u00e1zov:\u00a0pamajor\u00e1n oby\u010dajn\u00fd Anglick\u00fd n\u00e1zov:&nbsp;Wild Marjoram \u010cesk\u00fd n\u00e1zov:&nbsp;dobromysl obecn\u00e1 \u013dudov\u00e9 n\u00e1zvy:&nbsp;dobr\u00e1 myse\u013e, oby\u010dajn\u00fd major\u00e1n \u010ce\u013ea\u010f:&nbsp;Lamiaceae&nbsp;(hluchavkovit\u00e9) Botanick\u00e1 charakteristika:&nbsp;Trv\u00e1ca bylina, ktor\u00e1 dorast\u00e1 do v\u00fd\u0161ky 60 cm. Stonka je vzpriamen\u00e1, \u0161tvorhrann\u00e1, v&nbsp;hornej \u010dasti rozkon\u00e1ren\u00e1. Listy s\u00fa vajcovit\u00e9, protistojn\u00e9, celistvookrajov\u00e9. \u010cerveno-ru\u017eov\u00e9 kvety s\u00fa zoskupen\u00e9 do chochol\u00edkovit\u00fdch vrchol\u00edkov. Cel\u00e1 rastlina je pokryt\u00e1 \u017e\u013eaznat\u00fdmi trich\u00f3mami. Plodom s\u00fa tvrdky.&nbsp; Mikroskopick\u00fd n\u00e1kres: Roz\u0161\u00edrenie:&nbsp;Rastie [&hellip;]","og_url":"https:\/\/www.liecivebyliny.eu\/?page_id=305","og_site_name":"liecivebyliny.eu","article_modified_time":"2023-12-23T17:27:57+00:00","og_image":[{"url":"https:\/\/www.liecivebyliny.eu\/wp-content\/uploads\/2023\/12\/image-30.jpeg"}],"twitter_card":"summary_large_image","twitter_misc":{"Predpokladan\u00fd \u010das \u010d\u00edtania":"2 min\u00faty"},"schema":{"@context":"https:\/\/schema.org","@graph":[{"@type":"WebPage","@id":"https:\/\/www.liecivebyliny.eu\/?page_id=305","url":"https:\/\/www.liecivebyliny.eu\/?page_id=305","name":"Origanum vulgare&nbsp;L. - liecivebyliny.eu","isPartOf":{"@id":"https:\/\/www.liecivebyliny.eu\/#website"},"datePublished":"2023-12-23T17:27:56+00:00","dateModified":"2023-12-23T17:27:57+00:00","breadcrumb":{"@id":"https:\/\/www.liecivebyliny.eu\/?page_id=305#breadcrumb"},"inLanguage":"sk-SK","potentialAction":[{"@type":"ReadAction","target":["https:\/\/www.liecivebyliny.eu\/?page_id=305"]}]},{"@type":"BreadcrumbList","@id":"https:\/\/www.liecivebyliny.eu\/?page_id=305#breadcrumb","itemListElement":[{"@type":"ListItem","position":1,"name":"Home","item":"https:\/\/www.liecivebyliny.eu\/"},{"@type":"ListItem","position":2,"name":"Origanum vulgare&nbsp;L."}]},{"@type":"WebSite","@id":"https:\/\/www.liecivebyliny.eu\/#website","url":"https:\/\/www.liecivebyliny.eu\/","name":"liecivebyliny.eu","description":"","potentialAction":[{"@type":"SearchAction","target":{"@type":"EntryPoint","urlTemplate":"https:\/\/www.liecivebyliny.eu\/?s={search_term_string}"},"query-input":"required name=search_term_string"}],"inLanguage":"sk-SK"}]}},"_links":{"self":[{"href":"https:\/\/www.liecivebyliny.eu\/index.php?rest_route=\/wp\/v2\/pages\/305"}],"collection":[{"href":"https:\/\/www.liecivebyliny.eu\/index.php?rest_route=\/wp\/v2\/pages"}],"about":[{"href":"https:\/\/www.liecivebyliny.eu\/index.php?rest_route=\/wp\/v2\/types\/page"}],"author":[{"embeddable":true,"href":"https:\/\/www.liecivebyliny.eu\/index.php?rest_route=\/wp\/v2\/users\/1"}],"replies":[{"embeddable":true,"href":"https:\/\/www.liecivebyliny.eu\/index.php?rest_route=%2Fwp%2Fv2%2Fcomments&post=305"}],"version-history":[{"count":1,"href":"https:\/\/www.liecivebyliny.eu\/index.php?rest_route=\/wp\/v2\/pages\/305\/revisions"}],"predecessor-version":[{"id":308,"href":"https:\/\/www.liecivebyliny.eu\/index.php?rest_route=\/wp\/v2\/pages\/305\/revisions\/308"}],"wp:attachment":[{"href":"https:\/\/www.liecivebyliny.eu\/index.php?rest_route=%2Fwp%2Fv2%2Fmedia&parent=305"}],"curies":[{"name":"wp","href":"https:\/\/api.w.org\/{rel}","templated":true}]}}