{"id":311,"date":"2023-12-23T18:30:47","date_gmt":"2023-12-23T17:30:47","guid":{"rendered":"https:\/\/www.liecivebyliny.eu\/?page_id=311"},"modified":"2023-12-23T18:30:48","modified_gmt":"2023-12-23T17:30:48","slug":"papaver-rhoeas-l","status":"publish","type":"page","link":"https:\/\/www.liecivebyliny.eu\/?page_id=311","title":{"rendered":"<em>Papaver rhoeas<\/em>&nbsp;L."},"content":{"rendered":"<div class=\"wp-block-image\">\n<figure class=\"aligncenter size-full\"><img decoding=\"async\" loading=\"lazy\" width=\"254\" height=\"332\" src=\"https:\/\/www.liecivebyliny.eu\/wp-content\/uploads\/2023\/12\/image-31.jpeg\" alt=\"\" class=\"wp-image-312\" srcset=\"https:\/\/www.liecivebyliny.eu\/wp-content\/uploads\/2023\/12\/image-31.jpeg 254w, https:\/\/www.liecivebyliny.eu\/wp-content\/uploads\/2023\/12\/image-31-230x300.jpeg 230w\" sizes=\"(max-width: 254px) 100vw, 254px\" \/><figcaption class=\"wp-element-caption\">Mak vl\u010d\u00ed<\/figcaption><\/figure><\/div>\n\n\n<p><strong>Slovensk\u00fd n\u00e1zov:\u00a0<\/strong>mak vl\u010d\u00ed<\/p>\n\n\n\n<p><strong>Anglick\u00fd n\u00e1zov:<\/strong>&nbsp;Fieldpoppy<\/p>\n\n\n\n<p><strong>\u010cesk\u00fd n\u00e1zov:<\/strong>&nbsp;m\u00e1k vl\u010d\u00ed<\/p>\n\n\n\n<p><strong>\u013dudov\u00e9 n\u00e1zvy:<\/strong>&nbsp;div\u00fd mak, karafi\u00e1t, slep\u00fd mak<\/p>\n\n\n\n<p><strong>\u010ce\u013ea\u010f:<\/strong>&nbsp;<em>Papaveraceae&nbsp;<\/em>(makovit\u00e9)<\/p>\n\n\n\n<p><strong>Botanick\u00e1 charakteristika:&nbsp;<\/strong>Jednoro\u010dn\u00e1, 30 \u2013 60 cm vysok\u00e1 bylina, s&nbsp;priamou stonkou, pokrytou chlpmi. Listy s\u00fa perovito dielne, z\u00fabkat\u00e9. Spodn\u00e9 listy stopkat\u00e9, horn\u00e9 sediace. \u0160tyri korunn\u00e9 lupienky s\u00fa \u010derven\u00e9, na b\u00e1ze s&nbsp;tmavou \u0161kvrnou. Plodom je tobolka (makovica). Cel\u00e1 rastlina produkuje mlieko.<\/p>\n\n\n\n<p><strong>Mikroskopick\u00fd n\u00e1kres:<\/strong><\/p>\n\n\n<div class=\"wp-block-image\">\n<figure class=\"aligncenter size-full\"><img decoding=\"async\" loading=\"lazy\" width=\"336\" height=\"336\" src=\"https:\/\/www.liecivebyliny.eu\/wp-content\/uploads\/2023\/12\/image-36.png\" alt=\"\" class=\"wp-image-313\" srcset=\"https:\/\/www.liecivebyliny.eu\/wp-content\/uploads\/2023\/12\/image-36.png 336w, https:\/\/www.liecivebyliny.eu\/wp-content\/uploads\/2023\/12\/image-36-300x300.png 300w, https:\/\/www.liecivebyliny.eu\/wp-content\/uploads\/2023\/12\/image-36-150x150.png 150w\" sizes=\"(max-width: 336px) 100vw, 336px\" \/><figcaption class=\"wp-element-caption\"><em>Na povrchu prie\u010dneho rezu stonkou je vidite\u013en\u00e1 poko\u017eka (a) s\u00a0trich\u00f3mami (b). Pod \u0148ou sa nach\u00e1dzaj\u00fa sklereidy (c) a\u00a0v\u00a0prepar\u00e1te s\u00fa pr\u00edtomn\u00e9 cievne zv\u00e4zky (d).<\/em><\/figcaption><\/figure><\/div>\n\n\n<p><\/p>\n\n\n\n<p><strong>Roz\u0161\u00edrenie:<\/strong>&nbsp;Rastie na obiln\u00fdch poliach, na tr\u00e1vnat\u00fdch ploch\u00e1ch, pri okrajoch ciest, \u017eelezni\u010dn\u00fdch n\u00e1sypoch.<\/p>\n\n\n\n<p><strong>Droga:<\/strong>&nbsp;<em>Papaveris rhoeas flos<\/em><\/p>\n\n\n\n<p><strong>Sp\u00f4sob zberu:<\/strong>&nbsp;Kvitne od m\u00e1ja do j\u00fala. \u010cerven\u00e9 korunn\u00e9 lupienky sa ru\u010dne zbieraj\u00fa v&nbsp;polud\u0148aj\u0161\u00edch hodin\u00e1ch.<\/p>\n\n\n\n<p><strong>Su\u0161enie:<\/strong>&nbsp;Korunn\u00e9 lupienky maku vl\u010dieho sa pred su\u0161en\u00edm pokr\u010dia, z&nbsp;d\u00f4vodu roz\u0161\u00edrenia vosku, ktor\u00fd spoma\u013euje proces su\u0161enia. Prirodzen\u00fdm sp\u00f4sobom sa kvety su\u0161ia v&nbsp;tenkej vrstve v&nbsp;tmavej, vetrate\u013enej miestnosti. Umel\u00fdm sp\u00f4sobom v&nbsp;su\u0161iarni, kde teplota nesmie prekro\u010di\u0165 35 \u00b0C.&nbsp;<\/p>\n\n\n\n<p><strong>Obsahov\u00e9 l\u00e1tky:<\/strong>&nbsp;Kvety maku vl\u010dieho obsahuj\u00fa \u010derven\u00e9 antoky\u00e1nov\u00e9 farbivo \u2013 mekocyan\u00edn a&nbsp;cyan\u00edn, ale aj slizy, organick\u00e9 kyseliny a&nbsp;v&nbsp;mlie\u010dnej \u0161\u0165ave sa vyskytuje izochinol\u00ednov\u00fd alkaloid roead\u00edn.<\/p>\n\n\n\n<p><strong>Pou\u017eitie:<\/strong>&nbsp;Korunn\u00e9 lupienky kvetov sa pre svoj atrakt\u00edvny vzh\u013ead niekedy prid\u00e1vaj\u00fa do r\u00f4znych \u010dajov\u00fdch zmes\u00ed kv\u00f4li estetickej funcii a&nbsp;to bez ak\u00e9hoko\u013evek terapeutick\u00e9ho z\u00e1meru. V&nbsp;minulosti boli kvety s\u00fa\u010das\u0165ou sirupov proti ka\u0161\u013eu a&nbsp;chrapotu, no d\u00f4kazy o&nbsp;skuto\u010dnej \u00fa\u010dinnosti doposia\u013e ch\u00fdbaj\u00fa.&nbsp;<\/p>\n\n\n\n<p><strong>Vybran\u00e9 rastlinn\u00e9 pr\u00edpravky:<\/strong>&nbsp;LEROS RADOSTN\u00c9 ZASP\u00c1VANIE n\u00e1levov\u00e9 vreck\u00e1 20&#215;1 g, KEREES Pastilky s vl\u010d\u00edm makom drops, stay cool 8 ks.<\/p>\n","protected":false},"excerpt":{"rendered":"<p>Slovensk\u00fd n\u00e1zov:\u00a0mak vl\u010d\u00ed Anglick\u00fd n\u00e1zov:&nbsp;Fieldpoppy \u010cesk\u00fd n\u00e1zov:&nbsp;m\u00e1k vl\u010d\u00ed \u013dudov\u00e9 n\u00e1zvy:&nbsp;div\u00fd mak, karafi\u00e1t, slep\u00fd mak \u010ce\u013ea\u010f:&nbsp;Papaveraceae&nbsp;(makovit\u00e9) Botanick\u00e1 charakteristika:&nbsp;Jednoro\u010dn\u00e1, 30 \u2013 60 cm vysok\u00e1 bylina, s&nbsp;priamou stonkou, pokrytou chlpmi. Listy s\u00fa perovito dielne, z\u00fabkat\u00e9. Spodn\u00e9 listy stopkat\u00e9, horn\u00e9 sediace. \u0160tyri korunn\u00e9 lupienky s\u00fa \u010derven\u00e9, na b\u00e1ze s&nbsp;tmavou \u0161kvrnou. Plodom je tobolka (makovica). Cel\u00e1 rastlina produkuje mlieko. Mikroskopick\u00fd [&hellip;]<\/p>\n","protected":false},"author":1,"featured_media":0,"parent":0,"menu_order":0,"comment_status":"closed","ping_status":"closed","template":"","meta":{"_mi_skip_tracking":false},"yoast_head":"<!-- This site is optimized with the Yoast SEO plugin v20.4 - https:\/\/yoast.com\/wordpress\/plugins\/seo\/ -->\n<title>Papaver rhoeas&nbsp;L. - liecivebyliny.eu<\/title>\n<meta name=\"robots\" content=\"index, follow, max-snippet:-1, max-image-preview:large, max-video-preview:-1\" \/>\n<link rel=\"canonical\" href=\"https:\/\/www.liecivebyliny.eu\/?page_id=311\" \/>\n<meta property=\"og:locale\" content=\"sk_SK\" \/>\n<meta property=\"og:type\" content=\"article\" \/>\n<meta property=\"og:title\" content=\"Papaver rhoeas&nbsp;L. - liecivebyliny.eu\" \/>\n<meta property=\"og:description\" content=\"Slovensk\u00fd n\u00e1zov:\u00a0mak vl\u010d\u00ed Anglick\u00fd n\u00e1zov:&nbsp;Fieldpoppy \u010cesk\u00fd n\u00e1zov:&nbsp;m\u00e1k vl\u010d\u00ed \u013dudov\u00e9 n\u00e1zvy:&nbsp;div\u00fd mak, karafi\u00e1t, slep\u00fd mak \u010ce\u013ea\u010f:&nbsp;Papaveraceae&nbsp;(makovit\u00e9) Botanick\u00e1 charakteristika:&nbsp;Jednoro\u010dn\u00e1, 30 \u2013 60 cm vysok\u00e1 bylina, s&nbsp;priamou stonkou, pokrytou chlpmi. Listy s\u00fa perovito dielne, z\u00fabkat\u00e9. Spodn\u00e9 listy stopkat\u00e9, horn\u00e9 sediace. \u0160tyri korunn\u00e9 lupienky s\u00fa \u010derven\u00e9, na b\u00e1ze s&nbsp;tmavou \u0161kvrnou. Plodom je tobolka (makovica). Cel\u00e1 rastlina produkuje mlieko. Mikroskopick\u00fd [&hellip;]\" \/>\n<meta property=\"og:url\" content=\"https:\/\/www.liecivebyliny.eu\/?page_id=311\" \/>\n<meta property=\"og:site_name\" content=\"liecivebyliny.eu\" \/>\n<meta property=\"article:modified_time\" content=\"2023-12-23T17:30:48+00:00\" \/>\n<meta property=\"og:image\" content=\"https:\/\/www.liecivebyliny.eu\/wp-content\/uploads\/2023\/12\/image-31.jpeg\" \/>\n<meta name=\"twitter:card\" content=\"summary_large_image\" \/>\n<meta name=\"twitter:label1\" content=\"Predpokladan\u00fd \u010das \u010d\u00edtania\" \/>\n\t<meta name=\"twitter:data1\" content=\"2 min\u00faty\" \/>\n<script type=\"application\/ld+json\" class=\"yoast-schema-graph\">{\"@context\":\"https:\/\/schema.org\",\"@graph\":[{\"@type\":\"WebPage\",\"@id\":\"https:\/\/www.liecivebyliny.eu\/?page_id=311\",\"url\":\"https:\/\/www.liecivebyliny.eu\/?page_id=311\",\"name\":\"Papaver rhoeas&nbsp;L. - liecivebyliny.eu\",\"isPartOf\":{\"@id\":\"https:\/\/www.liecivebyliny.eu\/#website\"},\"datePublished\":\"2023-12-23T17:30:47+00:00\",\"dateModified\":\"2023-12-23T17:30:48+00:00\",\"breadcrumb\":{\"@id\":\"https:\/\/www.liecivebyliny.eu\/?page_id=311#breadcrumb\"},\"inLanguage\":\"sk-SK\",\"potentialAction\":[{\"@type\":\"ReadAction\",\"target\":[\"https:\/\/www.liecivebyliny.eu\/?page_id=311\"]}]},{\"@type\":\"BreadcrumbList\",\"@id\":\"https:\/\/www.liecivebyliny.eu\/?page_id=311#breadcrumb\",\"itemListElement\":[{\"@type\":\"ListItem\",\"position\":1,\"name\":\"Home\",\"item\":\"https:\/\/www.liecivebyliny.eu\/\"},{\"@type\":\"ListItem\",\"position\":2,\"name\":\"Papaver rhoeas&nbsp;L.\"}]},{\"@type\":\"WebSite\",\"@id\":\"https:\/\/www.liecivebyliny.eu\/#website\",\"url\":\"https:\/\/www.liecivebyliny.eu\/\",\"name\":\"liecivebyliny.eu\",\"description\":\"\",\"potentialAction\":[{\"@type\":\"SearchAction\",\"target\":{\"@type\":\"EntryPoint\",\"urlTemplate\":\"https:\/\/www.liecivebyliny.eu\/?s={search_term_string}\"},\"query-input\":\"required name=search_term_string\"}],\"inLanguage\":\"sk-SK\"}]}<\/script>\n<!-- \/ Yoast SEO plugin. -->","yoast_head_json":{"title":"Papaver rhoeas&nbsp;L. - liecivebyliny.eu","robots":{"index":"index","follow":"follow","max-snippet":"max-snippet:-1","max-image-preview":"max-image-preview:large","max-video-preview":"max-video-preview:-1"},"canonical":"https:\/\/www.liecivebyliny.eu\/?page_id=311","og_locale":"sk_SK","og_type":"article","og_title":"Papaver rhoeas&nbsp;L. - liecivebyliny.eu","og_description":"Slovensk\u00fd n\u00e1zov:\u00a0mak vl\u010d\u00ed Anglick\u00fd n\u00e1zov:&nbsp;Fieldpoppy \u010cesk\u00fd n\u00e1zov:&nbsp;m\u00e1k vl\u010d\u00ed \u013dudov\u00e9 n\u00e1zvy:&nbsp;div\u00fd mak, karafi\u00e1t, slep\u00fd mak \u010ce\u013ea\u010f:&nbsp;Papaveraceae&nbsp;(makovit\u00e9) Botanick\u00e1 charakteristika:&nbsp;Jednoro\u010dn\u00e1, 30 \u2013 60 cm vysok\u00e1 bylina, s&nbsp;priamou stonkou, pokrytou chlpmi. Listy s\u00fa perovito dielne, z\u00fabkat\u00e9. Spodn\u00e9 listy stopkat\u00e9, horn\u00e9 sediace. \u0160tyri korunn\u00e9 lupienky s\u00fa \u010derven\u00e9, na b\u00e1ze s&nbsp;tmavou \u0161kvrnou. Plodom je tobolka (makovica). Cel\u00e1 rastlina produkuje mlieko. Mikroskopick\u00fd [&hellip;]","og_url":"https:\/\/www.liecivebyliny.eu\/?page_id=311","og_site_name":"liecivebyliny.eu","article_modified_time":"2023-12-23T17:30:48+00:00","og_image":[{"url":"https:\/\/www.liecivebyliny.eu\/wp-content\/uploads\/2023\/12\/image-31.jpeg"}],"twitter_card":"summary_large_image","twitter_misc":{"Predpokladan\u00fd \u010das \u010d\u00edtania":"2 min\u00faty"},"schema":{"@context":"https:\/\/schema.org","@graph":[{"@type":"WebPage","@id":"https:\/\/www.liecivebyliny.eu\/?page_id=311","url":"https:\/\/www.liecivebyliny.eu\/?page_id=311","name":"Papaver rhoeas&nbsp;L. - liecivebyliny.eu","isPartOf":{"@id":"https:\/\/www.liecivebyliny.eu\/#website"},"datePublished":"2023-12-23T17:30:47+00:00","dateModified":"2023-12-23T17:30:48+00:00","breadcrumb":{"@id":"https:\/\/www.liecivebyliny.eu\/?page_id=311#breadcrumb"},"inLanguage":"sk-SK","potentialAction":[{"@type":"ReadAction","target":["https:\/\/www.liecivebyliny.eu\/?page_id=311"]}]},{"@type":"BreadcrumbList","@id":"https:\/\/www.liecivebyliny.eu\/?page_id=311#breadcrumb","itemListElement":[{"@type":"ListItem","position":1,"name":"Home","item":"https:\/\/www.liecivebyliny.eu\/"},{"@type":"ListItem","position":2,"name":"Papaver rhoeas&nbsp;L."}]},{"@type":"WebSite","@id":"https:\/\/www.liecivebyliny.eu\/#website","url":"https:\/\/www.liecivebyliny.eu\/","name":"liecivebyliny.eu","description":"","potentialAction":[{"@type":"SearchAction","target":{"@type":"EntryPoint","urlTemplate":"https:\/\/www.liecivebyliny.eu\/?s={search_term_string}"},"query-input":"required name=search_term_string"}],"inLanguage":"sk-SK"}]}},"_links":{"self":[{"href":"https:\/\/www.liecivebyliny.eu\/index.php?rest_route=\/wp\/v2\/pages\/311"}],"collection":[{"href":"https:\/\/www.liecivebyliny.eu\/index.php?rest_route=\/wp\/v2\/pages"}],"about":[{"href":"https:\/\/www.liecivebyliny.eu\/index.php?rest_route=\/wp\/v2\/types\/page"}],"author":[{"embeddable":true,"href":"https:\/\/www.liecivebyliny.eu\/index.php?rest_route=\/wp\/v2\/users\/1"}],"replies":[{"embeddable":true,"href":"https:\/\/www.liecivebyliny.eu\/index.php?rest_route=%2Fwp%2Fv2%2Fcomments&post=311"}],"version-history":[{"count":1,"href":"https:\/\/www.liecivebyliny.eu\/index.php?rest_route=\/wp\/v2\/pages\/311\/revisions"}],"predecessor-version":[{"id":314,"href":"https:\/\/www.liecivebyliny.eu\/index.php?rest_route=\/wp\/v2\/pages\/311\/revisions\/314"}],"wp:attachment":[{"href":"https:\/\/www.liecivebyliny.eu\/index.php?rest_route=%2Fwp%2Fv2%2Fmedia&parent=311"}],"curies":[{"name":"wp","href":"https:\/\/api.w.org\/{rel}","templated":true}]}}