{"id":318,"date":"2023-12-23T18:34:33","date_gmt":"2023-12-23T17:34:33","guid":{"rendered":"https:\/\/www.liecivebyliny.eu\/?page_id=318"},"modified":"2023-12-23T18:34:34","modified_gmt":"2023-12-23T17:34:34","slug":"plantago-lanceolata-l","status":"publish","type":"page","link":"https:\/\/www.liecivebyliny.eu\/?page_id=318","title":{"rendered":"<strong><em>Plantago lanceolata<\/em><\/strong><strong>&nbsp;L.<\/strong>"},"content":{"rendered":"<div class=\"wp-block-image\">\n<figure class=\"aligncenter size-full\"><img decoding=\"async\" loading=\"lazy\" width=\"258\" height=\"342\" src=\"https:\/\/www.liecivebyliny.eu\/wp-content\/uploads\/2023\/12\/image-32.jpeg\" alt=\"\" class=\"wp-image-319\" srcset=\"https:\/\/www.liecivebyliny.eu\/wp-content\/uploads\/2023\/12\/image-32.jpeg 258w, https:\/\/www.liecivebyliny.eu\/wp-content\/uploads\/2023\/12\/image-32-226x300.jpeg 226w\" sizes=\"(max-width: 258px) 100vw, 258px\" \/><figcaption class=\"wp-element-caption\">Skorocel kopijovit\u00fd<\/figcaption><\/figure><\/div>\n\n\n<p><strong>Slovensk\u00fd n\u00e1zov:\u00a0<\/strong>skorocel kopijovit\u00fd<\/p>\n\n\n\n<p><strong>Anglick\u00fd n\u00e1zov:&nbsp;<\/strong>Ribwort<\/p>\n\n\n\n<p><strong>\u010cesk\u00fd n\u00e1zov:&nbsp;<\/strong>jitrocel kopinat\u00fd<\/p>\n\n\n\n<p><strong>\u013dudov\u00e9 n\u00e1zvy:&nbsp;<\/strong>ps\u00ed jazyk, jatrocel, volsk\u00fd jazyk<\/p>\n\n\n\n<p><strong>\u010ce\u013ea\u010f:&nbsp;<\/strong><em>Plantaginaceae&nbsp;<\/em>(skoroce\u013eovit\u00e9)<\/p>\n\n\n\n<p><strong>Botanick\u00e1 charakteristika:<\/strong>&nbsp;Trv\u00e1ca bylina, ktor\u00e1 dorast\u00e1 do v\u00fd\u0161ky 30 cm. Stonka je hol\u00e1, bezlist\u00e1. Listy tvoria pr\u00edzemn\u00fa ru\u017eicu, maj\u00fa kopijovit\u00fd tvar, rovnobe\u017en\u00fa \u017eilnatinu a celistv\u00e9 okraje. Kvety s\u00fa usporiadan\u00e9 do klasov, ktor\u00e9 s\u00fa zlo\u017een\u00e9 z&nbsp;bielo\u017elt\u00fdch kvetov. Plodom je tobolka.&nbsp;<\/p>\n\n\n\n<p><strong>Mikroskopick\u00fd n\u00e1kres:<\/strong><\/p>\n\n\n<div class=\"wp-block-image\">\n<figure class=\"aligncenter size-full\"><img decoding=\"async\" loading=\"lazy\" width=\"378\" height=\"296\" src=\"https:\/\/www.liecivebyliny.eu\/wp-content\/uploads\/2023\/12\/image-37.png\" alt=\"\" class=\"wp-image-320\" srcset=\"https:\/\/www.liecivebyliny.eu\/wp-content\/uploads\/2023\/12\/image-37.png 378w, https:\/\/www.liecivebyliny.eu\/wp-content\/uploads\/2023\/12\/image-37-300x235.png 300w\" sizes=\"(max-width: 378px) 100vw, 378px\" \/><figcaption class=\"wp-element-caption\"><em>Poko\u017eka listov skorocelu kopijovit\u00e9ho obsahuje krycie (a) a\u00a0\u017e\u013eaznat\u00e9 (b) trich\u00f3my. \u013dahko pozorovate\u013en\u00e9 s\u00fa aj prieduchy (c).<\/em><\/figcaption><\/figure><\/div>\n\n\n<p><\/p>\n\n\n\n<p><strong>Roz\u0161\u00edrenie:<\/strong>&nbsp;Rastie na l\u00fakach, pasienkoch, okrajoch ciest.<\/p>\n\n\n\n<p><strong>Droga:<\/strong>\u00a0<em>Plantaginis lanceolatae folium<\/em><\/p>\n\n\n\n<p><strong>Sp\u00f4sob zberu:<\/strong>&nbsp;Kvitne od m\u00e1ja do septembra. Nepo\u0161koden\u00e9 listy sa zbieraj\u00fa ru\u010dne alebo no\u017enicami, v&nbsp;\u010dase kvitnutia.<\/p>\n\n\n\n<p><strong>Su\u0161enie:<\/strong>&nbsp;Prirodzen\u00fdm sp\u00f4sobom sa listy su\u0161ia v&nbsp;tenkej vrstve v&nbsp;tmavej, vetrate\u013enej miestnosti. Pri su\u0161en\u00ed umel\u00fdm teplom v&nbsp;su\u0161iarni, teplota nesmie prekro\u010di\u0165 40 \u00b0C.&nbsp;<\/p>\n\n\n\n<p><strong>Obsahov\u00e9 l\u00e1tky:<\/strong>&nbsp;Rastlina obsahuje ve\u013ek\u00e9 mno\u017estvo slizu a iridoidn\u00fdch glykozidov, z&nbsp;ktor\u00fdch dominantn\u00fd je pr\u00e1ve aukub\u00edn. \u010eal\u0161ie obsahov\u00e9 l\u00e1tky predstavuj\u00fa flavonoidy, triesloviny a organick\u00e9 kyseliny (kyselina k\u00e1vov\u00e1 a&nbsp;ferulov\u00e1).<\/p>\n\n\n\n<p><strong>Pou\u017eitie:<\/strong>&nbsp;Droga sa uplat\u0148uje ako antitusikum pri suchom a&nbsp;dr\u00e1\u017edivom ka\u0161li. Slizy p\u00f4sobia protekt\u00edvne na sliznice \u00fastnej dutiny a&nbsp;hltana. Ud\u00e1va sa, \u017ee kv\u00f4li obsahu aukub\u00ednu m\u00e1 droga aj antibakteri\u00e1lny \u00fa\u010dinok.&nbsp;<\/p>\n\n\n\n<p><strong>Tradi\u010dn\u00fd sp\u00f4sob pou\u017eitia v&nbsp;indik\u00e1ci\u00e1ch ur\u010den\u00fdch v\u00fdhradne na z\u00e1klade dlhodob\u00e9ho pou\u017e\u00edvania:<\/strong><\/p>\n\n\n\n<ul>\n<li>symptomatick\u00e1 lie\u010dba, zmiernenie podr\u00e1\u017edenia sliznice \u00fastnej dutiny a&nbsp;hltana vyvolan\u00e9ho such\u00fdm, dr\u00e1\u017ediv\u00fdm ka\u0161\u013eom.<\/li>\n<\/ul>\n\n\n\n<p><strong>Vybran\u00e9 rastlinn\u00e9 pr\u00edpravky:<\/strong>&nbsp;APOTHEKE Skorocel kopijovit\u00fd z\u00e1parov\u00e9 vreck\u00e1 20&#215;1,5 g, AGROKARPATY PRIEDU\u0160KY bylinn\u00fd \u010daj 20&#215;2 g, Mucoplant Sirup proti ka\u0161\u013eu so&nbsp;skorocelom a medom 250 ml, Dr.Max Skorocel Vitam\u00edn C Bez cukru 245 ml, MedPharma BYLINN\u00c9 PASTILKY Bez cukru so skorocelom, materina d\u00fa\u0161ka, vitam\u00edn C 12 ks, TEREZIA PHYTOLAX cps 10 ks, VIRDE SKOROCEL s betagluk\u00e1nom s citr\u00f3novou pr\u00edchu\u0165ou 200 ml, VINCENTKA SIRUP so skorocelom a materinou d\u00fa\u0161kou 200 ml<\/p>\n","protected":false},"excerpt":{"rendered":"<p>Slovensk\u00fd n\u00e1zov:\u00a0skorocel kopijovit\u00fd Anglick\u00fd n\u00e1zov:&nbsp;Ribwort \u010cesk\u00fd n\u00e1zov:&nbsp;jitrocel kopinat\u00fd \u013dudov\u00e9 n\u00e1zvy:&nbsp;ps\u00ed jazyk, jatrocel, volsk\u00fd jazyk \u010ce\u013ea\u010f:&nbsp;Plantaginaceae&nbsp;(skoroce\u013eovit\u00e9) Botanick\u00e1 charakteristika:&nbsp;Trv\u00e1ca bylina, ktor\u00e1 dorast\u00e1 do v\u00fd\u0161ky 30 cm. Stonka je hol\u00e1, bezlist\u00e1. Listy tvoria pr\u00edzemn\u00fa ru\u017eicu, maj\u00fa kopijovit\u00fd tvar, rovnobe\u017en\u00fa \u017eilnatinu a celistv\u00e9 okraje. Kvety s\u00fa usporiadan\u00e9 do klasov, ktor\u00e9 s\u00fa zlo\u017een\u00e9 z&nbsp;bielo\u017elt\u00fdch kvetov. Plodom je tobolka.&nbsp; Mikroskopick\u00fd n\u00e1kres: [&hellip;]<\/p>\n","protected":false},"author":1,"featured_media":0,"parent":0,"menu_order":0,"comment_status":"closed","ping_status":"closed","template":"","meta":{"_mi_skip_tracking":false},"yoast_head":"<!-- This site is optimized with the Yoast SEO plugin v20.4 - https:\/\/yoast.com\/wordpress\/plugins\/seo\/ -->\n<title>Plantago lanceolata&nbsp;L. - liecivebyliny.eu<\/title>\n<meta name=\"robots\" content=\"index, follow, max-snippet:-1, max-image-preview:large, max-video-preview:-1\" \/>\n<link rel=\"canonical\" href=\"https:\/\/www.liecivebyliny.eu\/?page_id=318\" \/>\n<meta property=\"og:locale\" content=\"sk_SK\" \/>\n<meta property=\"og:type\" content=\"article\" \/>\n<meta property=\"og:title\" content=\"Plantago lanceolata&nbsp;L. - liecivebyliny.eu\" \/>\n<meta property=\"og:description\" content=\"Slovensk\u00fd n\u00e1zov:\u00a0skorocel kopijovit\u00fd Anglick\u00fd n\u00e1zov:&nbsp;Ribwort \u010cesk\u00fd n\u00e1zov:&nbsp;jitrocel kopinat\u00fd \u013dudov\u00e9 n\u00e1zvy:&nbsp;ps\u00ed jazyk, jatrocel, volsk\u00fd jazyk \u010ce\u013ea\u010f:&nbsp;Plantaginaceae&nbsp;(skoroce\u013eovit\u00e9) Botanick\u00e1 charakteristika:&nbsp;Trv\u00e1ca bylina, ktor\u00e1 dorast\u00e1 do v\u00fd\u0161ky 30 cm. Stonka je hol\u00e1, bezlist\u00e1. Listy tvoria pr\u00edzemn\u00fa ru\u017eicu, maj\u00fa kopijovit\u00fd tvar, rovnobe\u017en\u00fa \u017eilnatinu a celistv\u00e9 okraje. Kvety s\u00fa usporiadan\u00e9 do klasov, ktor\u00e9 s\u00fa zlo\u017een\u00e9 z&nbsp;bielo\u017elt\u00fdch kvetov. Plodom je tobolka.&nbsp; Mikroskopick\u00fd n\u00e1kres: [&hellip;]\" \/>\n<meta property=\"og:url\" content=\"https:\/\/www.liecivebyliny.eu\/?page_id=318\" \/>\n<meta property=\"og:site_name\" content=\"liecivebyliny.eu\" \/>\n<meta property=\"article:modified_time\" content=\"2023-12-23T17:34:34+00:00\" \/>\n<meta property=\"og:image\" content=\"https:\/\/www.liecivebyliny.eu\/wp-content\/uploads\/2023\/12\/image-32.jpeg\" \/>\n<meta name=\"twitter:card\" content=\"summary_large_image\" \/>\n<meta name=\"twitter:label1\" content=\"Predpokladan\u00fd \u010das \u010d\u00edtania\" \/>\n\t<meta name=\"twitter:data1\" content=\"2 min\u00faty\" \/>\n<script type=\"application\/ld+json\" class=\"yoast-schema-graph\">{\"@context\":\"https:\/\/schema.org\",\"@graph\":[{\"@type\":\"WebPage\",\"@id\":\"https:\/\/www.liecivebyliny.eu\/?page_id=318\",\"url\":\"https:\/\/www.liecivebyliny.eu\/?page_id=318\",\"name\":\"Plantago lanceolata&nbsp;L. - liecivebyliny.eu\",\"isPartOf\":{\"@id\":\"https:\/\/www.liecivebyliny.eu\/#website\"},\"datePublished\":\"2023-12-23T17:34:33+00:00\",\"dateModified\":\"2023-12-23T17:34:34+00:00\",\"breadcrumb\":{\"@id\":\"https:\/\/www.liecivebyliny.eu\/?page_id=318#breadcrumb\"},\"inLanguage\":\"sk-SK\",\"potentialAction\":[{\"@type\":\"ReadAction\",\"target\":[\"https:\/\/www.liecivebyliny.eu\/?page_id=318\"]}]},{\"@type\":\"BreadcrumbList\",\"@id\":\"https:\/\/www.liecivebyliny.eu\/?page_id=318#breadcrumb\",\"itemListElement\":[{\"@type\":\"ListItem\",\"position\":1,\"name\":\"Home\",\"item\":\"https:\/\/www.liecivebyliny.eu\/\"},{\"@type\":\"ListItem\",\"position\":2,\"name\":\"Plantago lanceolata&nbsp;L.\"}]},{\"@type\":\"WebSite\",\"@id\":\"https:\/\/www.liecivebyliny.eu\/#website\",\"url\":\"https:\/\/www.liecivebyliny.eu\/\",\"name\":\"liecivebyliny.eu\",\"description\":\"\",\"potentialAction\":[{\"@type\":\"SearchAction\",\"target\":{\"@type\":\"EntryPoint\",\"urlTemplate\":\"https:\/\/www.liecivebyliny.eu\/?s={search_term_string}\"},\"query-input\":\"required name=search_term_string\"}],\"inLanguage\":\"sk-SK\"}]}<\/script>\n<!-- \/ Yoast SEO plugin. -->","yoast_head_json":{"title":"Plantago lanceolata&nbsp;L. - liecivebyliny.eu","robots":{"index":"index","follow":"follow","max-snippet":"max-snippet:-1","max-image-preview":"max-image-preview:large","max-video-preview":"max-video-preview:-1"},"canonical":"https:\/\/www.liecivebyliny.eu\/?page_id=318","og_locale":"sk_SK","og_type":"article","og_title":"Plantago lanceolata&nbsp;L. - liecivebyliny.eu","og_description":"Slovensk\u00fd n\u00e1zov:\u00a0skorocel kopijovit\u00fd Anglick\u00fd n\u00e1zov:&nbsp;Ribwort \u010cesk\u00fd n\u00e1zov:&nbsp;jitrocel kopinat\u00fd \u013dudov\u00e9 n\u00e1zvy:&nbsp;ps\u00ed jazyk, jatrocel, volsk\u00fd jazyk \u010ce\u013ea\u010f:&nbsp;Plantaginaceae&nbsp;(skoroce\u013eovit\u00e9) Botanick\u00e1 charakteristika:&nbsp;Trv\u00e1ca bylina, ktor\u00e1 dorast\u00e1 do v\u00fd\u0161ky 30 cm. Stonka je hol\u00e1, bezlist\u00e1. Listy tvoria pr\u00edzemn\u00fa ru\u017eicu, maj\u00fa kopijovit\u00fd tvar, rovnobe\u017en\u00fa \u017eilnatinu a celistv\u00e9 okraje. Kvety s\u00fa usporiadan\u00e9 do klasov, ktor\u00e9 s\u00fa zlo\u017een\u00e9 z&nbsp;bielo\u017elt\u00fdch kvetov. Plodom je tobolka.&nbsp; Mikroskopick\u00fd n\u00e1kres: [&hellip;]","og_url":"https:\/\/www.liecivebyliny.eu\/?page_id=318","og_site_name":"liecivebyliny.eu","article_modified_time":"2023-12-23T17:34:34+00:00","og_image":[{"url":"https:\/\/www.liecivebyliny.eu\/wp-content\/uploads\/2023\/12\/image-32.jpeg"}],"twitter_card":"summary_large_image","twitter_misc":{"Predpokladan\u00fd \u010das \u010d\u00edtania":"2 min\u00faty"},"schema":{"@context":"https:\/\/schema.org","@graph":[{"@type":"WebPage","@id":"https:\/\/www.liecivebyliny.eu\/?page_id=318","url":"https:\/\/www.liecivebyliny.eu\/?page_id=318","name":"Plantago lanceolata&nbsp;L. - liecivebyliny.eu","isPartOf":{"@id":"https:\/\/www.liecivebyliny.eu\/#website"},"datePublished":"2023-12-23T17:34:33+00:00","dateModified":"2023-12-23T17:34:34+00:00","breadcrumb":{"@id":"https:\/\/www.liecivebyliny.eu\/?page_id=318#breadcrumb"},"inLanguage":"sk-SK","potentialAction":[{"@type":"ReadAction","target":["https:\/\/www.liecivebyliny.eu\/?page_id=318"]}]},{"@type":"BreadcrumbList","@id":"https:\/\/www.liecivebyliny.eu\/?page_id=318#breadcrumb","itemListElement":[{"@type":"ListItem","position":1,"name":"Home","item":"https:\/\/www.liecivebyliny.eu\/"},{"@type":"ListItem","position":2,"name":"Plantago lanceolata&nbsp;L."}]},{"@type":"WebSite","@id":"https:\/\/www.liecivebyliny.eu\/#website","url":"https:\/\/www.liecivebyliny.eu\/","name":"liecivebyliny.eu","description":"","potentialAction":[{"@type":"SearchAction","target":{"@type":"EntryPoint","urlTemplate":"https:\/\/www.liecivebyliny.eu\/?s={search_term_string}"},"query-input":"required name=search_term_string"}],"inLanguage":"sk-SK"}]}},"_links":{"self":[{"href":"https:\/\/www.liecivebyliny.eu\/index.php?rest_route=\/wp\/v2\/pages\/318"}],"collection":[{"href":"https:\/\/www.liecivebyliny.eu\/index.php?rest_route=\/wp\/v2\/pages"}],"about":[{"href":"https:\/\/www.liecivebyliny.eu\/index.php?rest_route=\/wp\/v2\/types\/page"}],"author":[{"embeddable":true,"href":"https:\/\/www.liecivebyliny.eu\/index.php?rest_route=\/wp\/v2\/users\/1"}],"replies":[{"embeddable":true,"href":"https:\/\/www.liecivebyliny.eu\/index.php?rest_route=%2Fwp%2Fv2%2Fcomments&post=318"}],"version-history":[{"count":1,"href":"https:\/\/www.liecivebyliny.eu\/index.php?rest_route=\/wp\/v2\/pages\/318\/revisions"}],"predecessor-version":[{"id":321,"href":"https:\/\/www.liecivebyliny.eu\/index.php?rest_route=\/wp\/v2\/pages\/318\/revisions\/321"}],"wp:attachment":[{"href":"https:\/\/www.liecivebyliny.eu\/index.php?rest_route=%2Fwp%2Fv2%2Fmedia&parent=318"}],"curies":[{"name":"wp","href":"https:\/\/api.w.org\/{rel}","templated":true}]}}