{"id":325,"date":"2023-12-23T18:38:33","date_gmt":"2023-12-23T17:38:33","guid":{"rendered":"https:\/\/www.liecivebyliny.eu\/?page_id=325"},"modified":"2024-01-01T20:02:07","modified_gmt":"2024-01-01T19:02:07","slug":"potentilla-anserina-l","status":"publish","type":"page","link":"https:\/\/www.liecivebyliny.eu\/?page_id=325","title":{"rendered":"<em>Potentilla anserina<\/em>&nbsp;L."},"content":{"rendered":"<div class=\"wp-block-image\">\n<figure class=\"aligncenter size-full\"><img decoding=\"async\" loading=\"lazy\" width=\"248\" height=\"342\" src=\"https:\/\/www.liecivebyliny.eu\/wp-content\/uploads\/2023\/12\/image-33.jpeg\" alt=\"\" class=\"wp-image-326\" srcset=\"https:\/\/www.liecivebyliny.eu\/wp-content\/uploads\/2023\/12\/image-33.jpeg 248w, https:\/\/www.liecivebyliny.eu\/wp-content\/uploads\/2023\/12\/image-33-218x300.jpeg 218w\" sizes=\"(max-width: 248px) 100vw, 248px\" \/><figcaption class=\"wp-element-caption\"><strong>&nbsp;<\/strong>N\u00e1tr\u017en\u00edk hus\u00ed<\/figcaption><\/figure><\/div>\n\n\n<p><strong>Slovensk\u00fd n\u00e1zov:&nbsp;<\/strong>n\u00e1tr\u017en\u00edk hus\u00ed<\/p>\n\n\n\n<p><strong>Anglick\u00fd n\u00e1zov:<\/strong>&nbsp;Silverweed<\/p>\n\n\n\n<p><strong>\u010cesk\u00fd n\u00e1zov:<\/strong>&nbsp;mochna hus\u00ed<\/p>\n\n\n\n<p><strong>\u013dudov\u00e9 n\u00e1zvy:<\/strong>&nbsp;husie mydlo, husia n\u00f4\u017eka, husi\u010dky<\/p>\n\n\n\n<p><strong>\u010ce\u013ea\u010f:<\/strong>&nbsp;<em>Rosaceae&nbsp;<\/em>(ru\u017eovit\u00e9)<\/p>\n\n\n\n<p><strong>Botanick\u00e1 charakteristika:&nbsp;<\/strong>Trv\u00e1ca&nbsp;rastlina s&nbsp;chlpatou plazivou stonkou, ktor\u00e1 dorast\u00e1 do d\u013a\u017eky 80 cm. Pr\u00edzemn\u00e9 listy s\u00fa striedavo usporiadan\u00e9 v ru\u017eici, perovito-zlo\u017een\u00e9, vajcovit\u00e9ho tvaru. P\u00e4\u0165po\u010detn\u00e9 kvety s\u00fa s\u00fdtej \u017eltej farby a&nbsp;vyrastaj\u00fa samostatne na dlh\u00fdch stopk\u00e1ch. Plodom je na\u017eka.<\/p>\n\n\n\n<p><strong>Mikroskopick\u00fd n\u00e1kres:<\/strong><\/p>\n\n\n<div class=\"wp-block-image\">\n<figure class=\"aligncenter size-full\"><img decoding=\"async\" loading=\"lazy\" width=\"350\" height=\"296\" src=\"https:\/\/www.liecivebyliny.eu\/wp-content\/uploads\/2023\/12\/image-38.png\" alt=\"\" class=\"wp-image-327\" srcset=\"https:\/\/www.liecivebyliny.eu\/wp-content\/uploads\/2023\/12\/image-38.png 350w, https:\/\/www.liecivebyliny.eu\/wp-content\/uploads\/2023\/12\/image-38-300x254.png 300w\" sizes=\"(max-width: 350px) 100vw, 350px\" \/><figcaption class=\"wp-element-caption\"><em>V&nbsp;prepar\u00e1te s\u00fa roztr\u00fasen\u00e9 dr\u00fazy \u0161\u0165avelanu v\u00e1penat\u00e9ho (f) a&nbsp;je mo\u017en\u00e9 v&nbsp;\u0148om n\u00e1js\u0165 kolater\u00e1lne cievne zv\u00e4zky (g).<\/em><\/figcaption><\/figure><\/div>\n\n<div class=\"wp-block-image\">\n<figure class=\"aligncenter size-full\"><img decoding=\"async\" loading=\"lazy\" width=\"480\" height=\"640\" src=\"https:\/\/www.liecivebyliny.eu\/wp-content\/uploads\/2024\/01\/Agrimoniae-herba-100xb.jpg\" alt=\"\" class=\"wp-image-897\" srcset=\"https:\/\/www.liecivebyliny.eu\/wp-content\/uploads\/2024\/01\/Agrimoniae-herba-100xb.jpg 480w, https:\/\/www.liecivebyliny.eu\/wp-content\/uploads\/2024\/01\/Agrimoniae-herba-100xb-225x300.jpg 225w\" sizes=\"(max-width: 480px) 100vw, 480px\" \/><figcaption class=\"wp-element-caption\">Prie\u010dny rez listom n\u00e1tr\u017en\u00edka (zv\u00e4\u010d\u0161en\u00e9 100x)<\/figcaption><\/figure><\/div>\n\n\n<p><\/p>\n\n\n\n<p><strong>Roz\u0161\u00edrenie:<\/strong>&nbsp;N\u00e1tr\u017en\u00edk hus\u00ed sa vyskytuje takmer v&nbsp;celej Eur\u00f3pe na vlhk\u00fdch p\u00f4dach, pri okrajoch potokov a&nbsp;rybn\u00edkov, na chudobn\u00fdch nev\u00e1penat\u00fdch p\u00f4dach.<\/p>\n\n\n\n<p><strong>Droga:<\/strong>&nbsp;<em>Anserinae herba&nbsp;<\/em><\/p>\n\n\n\n<p><strong>Sp\u00f4sob zberu:<\/strong>&nbsp;Kvitn\u00faca, neza\u0161pinen\u00e1 v\u0148a\u0165 sa zbiera z\u00e1hradn\u00edckymi no\u017enicami v&nbsp;priebehu mesiacov m\u00e1j a\u017e august. V\u0148a\u0165 je n\u00e1chyln\u00e1 na zaparenie, preto sa zber\u00e1 do vzdu\u0161n\u00fdch prepravn\u00fdch obalov. Kvitne od m\u00e1ja do augusta.<\/p>\n\n\n\n<p><strong>Su\u0161enie:<\/strong>&nbsp;V\u0148a\u0165 n\u00e1tr\u017en\u00edka husieho sa su\u0161\u00ed prirodzen\u00fdm sp\u00f4sobom v&nbsp;tenkej vrstve, v&nbsp;tmavej, vetrate\u013enej miestnosti. Usu\u0161en\u00e1 droga nem\u00e1 ani chu\u0165 ani pach.&nbsp;<\/p>\n\n\n\n<p><strong>Obsahov\u00e9 l\u00e1tky:&nbsp;<\/strong>N\u00e1tr\u017en\u00edk&nbsp;hus\u00ed obsahuje predov\u0161etk\u00fdm katech\u00ednov\u00e9 triesloviny. V&nbsp;droge s\u00fa tie\u017e pr\u00edtomn\u00e9 flavonoidy, triterp\u00e9ny a&nbsp;organick\u00e9 kyseliny.<\/p>\n\n\n\n<p><strong>Pou\u017eitie:<\/strong>&nbsp;N\u00e1tr\u017en\u00edk hus\u00ed sa pou\u017e\u00edva vn\u00fatorne pri ne\u0161pecifick\u00fdch ak\u00fatnych hna\u010dk\u00e1ch, alebo miernych z\u00e1paloch slizn\u00edc gastrointestin\u00e1lneho traktu. Odvar m\u00f4\u017ee sl\u00fa\u017ei\u0165 na kloktanie \u010di v\u00fdplachy \u00fast pri&nbsp;krv\u00e1can\u00ed \u010fasien.<\/p>\n\n\n\n<p><strong>Tradi\u010dn\u00fd sp\u00f4sob pou\u017eitia v&nbsp;indik\u00e1ci\u00e1ch ur\u010den\u00fdch v\u00fdhradne na z\u00e1klade dlhodob\u00e9ho pou\u017e\u00edvania:<\/strong><\/p>\n\n\n\n<ul>\n<li>symptomatick\u00e1 lie\u010dba miernej hna\u010dky,<\/li>\n\n\n\n<li>symptomatick\u00e1 lie\u010dba drobn\u00fdch z\u00e1palov v \u00fastnej dutine.<\/li>\n<\/ul>\n\n\n\n<p><strong>Vybran\u00e9 rastlinn\u00e9 pr\u00edpravky:<\/strong>&nbsp;AGROKARPATY N\u00c1TR\u017dN\u00cdK HUS\u00cd v\u0148a\u0165 bylinn\u00fd \u010daj 1&#215;30 g, AGROKARPATY HRUB\u00c9 \u010cREVO bylinn\u00fd \u010daj, 20&#215;2 g, Calendula Diabetky cps 30 ks.<\/p>\n","protected":false},"excerpt":{"rendered":"<p>Slovensk\u00fd n\u00e1zov:&nbsp;n\u00e1tr\u017en\u00edk hus\u00ed Anglick\u00fd n\u00e1zov:&nbsp;Silverweed \u010cesk\u00fd n\u00e1zov:&nbsp;mochna hus\u00ed \u013dudov\u00e9 n\u00e1zvy:&nbsp;husie mydlo, husia n\u00f4\u017eka, husi\u010dky \u010ce\u013ea\u010f:&nbsp;Rosaceae&nbsp;(ru\u017eovit\u00e9) Botanick\u00e1 charakteristika:&nbsp;Trv\u00e1ca&nbsp;rastlina s&nbsp;chlpatou plazivou stonkou, ktor\u00e1 dorast\u00e1 do d\u013a\u017eky 80 cm. Pr\u00edzemn\u00e9 listy s\u00fa striedavo usporiadan\u00e9 v ru\u017eici, perovito-zlo\u017een\u00e9, vajcovit\u00e9ho tvaru. P\u00e4\u0165po\u010detn\u00e9 kvety s\u00fa s\u00fdtej \u017eltej farby a&nbsp;vyrastaj\u00fa samostatne na dlh\u00fdch stopk\u00e1ch. Plodom je na\u017eka. Mikroskopick\u00fd n\u00e1kres: Roz\u0161\u00edrenie:&nbsp;N\u00e1tr\u017en\u00edk hus\u00ed sa [&hellip;]<\/p>\n","protected":false},"author":1,"featured_media":0,"parent":0,"menu_order":0,"comment_status":"closed","ping_status":"closed","template":"","meta":{"_mi_skip_tracking":false},"yoast_head":"<!-- This site is optimized with the Yoast SEO plugin v20.4 - https:\/\/yoast.com\/wordpress\/plugins\/seo\/ -->\n<title>Potentilla anserina&nbsp;L. - liecivebyliny.eu<\/title>\n<meta name=\"robots\" content=\"index, follow, max-snippet:-1, max-image-preview:large, max-video-preview:-1\" \/>\n<link rel=\"canonical\" href=\"https:\/\/www.liecivebyliny.eu\/?page_id=325\" \/>\n<meta property=\"og:locale\" content=\"sk_SK\" \/>\n<meta property=\"og:type\" content=\"article\" \/>\n<meta property=\"og:title\" content=\"Potentilla anserina&nbsp;L. - liecivebyliny.eu\" \/>\n<meta property=\"og:description\" content=\"Slovensk\u00fd n\u00e1zov:&nbsp;n\u00e1tr\u017en\u00edk hus\u00ed Anglick\u00fd n\u00e1zov:&nbsp;Silverweed \u010cesk\u00fd n\u00e1zov:&nbsp;mochna hus\u00ed \u013dudov\u00e9 n\u00e1zvy:&nbsp;husie mydlo, husia n\u00f4\u017eka, husi\u010dky \u010ce\u013ea\u010f:&nbsp;Rosaceae&nbsp;(ru\u017eovit\u00e9) Botanick\u00e1 charakteristika:&nbsp;Trv\u00e1ca&nbsp;rastlina s&nbsp;chlpatou plazivou stonkou, ktor\u00e1 dorast\u00e1 do d\u013a\u017eky 80 cm. Pr\u00edzemn\u00e9 listy s\u00fa striedavo usporiadan\u00e9 v ru\u017eici, perovito-zlo\u017een\u00e9, vajcovit\u00e9ho tvaru. P\u00e4\u0165po\u010detn\u00e9 kvety s\u00fa s\u00fdtej \u017eltej farby a&nbsp;vyrastaj\u00fa samostatne na dlh\u00fdch stopk\u00e1ch. Plodom je na\u017eka. Mikroskopick\u00fd n\u00e1kres: Roz\u0161\u00edrenie:&nbsp;N\u00e1tr\u017en\u00edk hus\u00ed sa [&hellip;]\" \/>\n<meta property=\"og:url\" content=\"https:\/\/www.liecivebyliny.eu\/?page_id=325\" \/>\n<meta property=\"og:site_name\" content=\"liecivebyliny.eu\" \/>\n<meta property=\"article:modified_time\" content=\"2024-01-01T19:02:07+00:00\" \/>\n<meta property=\"og:image\" content=\"https:\/\/www.liecivebyliny.eu\/wp-content\/uploads\/2023\/12\/image-33.jpeg\" \/>\n<meta name=\"twitter:card\" content=\"summary_large_image\" \/>\n<meta name=\"twitter:label1\" content=\"Predpokladan\u00fd \u010das \u010d\u00edtania\" \/>\n\t<meta name=\"twitter:data1\" content=\"2 min\u00faty\" \/>\n<script type=\"application\/ld+json\" class=\"yoast-schema-graph\">{\"@context\":\"https:\/\/schema.org\",\"@graph\":[{\"@type\":\"WebPage\",\"@id\":\"https:\/\/www.liecivebyliny.eu\/?page_id=325\",\"url\":\"https:\/\/www.liecivebyliny.eu\/?page_id=325\",\"name\":\"Potentilla anserina&nbsp;L. - liecivebyliny.eu\",\"isPartOf\":{\"@id\":\"https:\/\/www.liecivebyliny.eu\/#website\"},\"datePublished\":\"2023-12-23T17:38:33+00:00\",\"dateModified\":\"2024-01-01T19:02:07+00:00\",\"breadcrumb\":{\"@id\":\"https:\/\/www.liecivebyliny.eu\/?page_id=325#breadcrumb\"},\"inLanguage\":\"sk-SK\",\"potentialAction\":[{\"@type\":\"ReadAction\",\"target\":[\"https:\/\/www.liecivebyliny.eu\/?page_id=325\"]}]},{\"@type\":\"BreadcrumbList\",\"@id\":\"https:\/\/www.liecivebyliny.eu\/?page_id=325#breadcrumb\",\"itemListElement\":[{\"@type\":\"ListItem\",\"position\":1,\"name\":\"Home\",\"item\":\"https:\/\/www.liecivebyliny.eu\/\"},{\"@type\":\"ListItem\",\"position\":2,\"name\":\"Potentilla anserina&nbsp;L.\"}]},{\"@type\":\"WebSite\",\"@id\":\"https:\/\/www.liecivebyliny.eu\/#website\",\"url\":\"https:\/\/www.liecivebyliny.eu\/\",\"name\":\"liecivebyliny.eu\",\"description\":\"\",\"potentialAction\":[{\"@type\":\"SearchAction\",\"target\":{\"@type\":\"EntryPoint\",\"urlTemplate\":\"https:\/\/www.liecivebyliny.eu\/?s={search_term_string}\"},\"query-input\":\"required name=search_term_string\"}],\"inLanguage\":\"sk-SK\"}]}<\/script>\n<!-- \/ Yoast SEO plugin. -->","yoast_head_json":{"title":"Potentilla anserina&nbsp;L. - liecivebyliny.eu","robots":{"index":"index","follow":"follow","max-snippet":"max-snippet:-1","max-image-preview":"max-image-preview:large","max-video-preview":"max-video-preview:-1"},"canonical":"https:\/\/www.liecivebyliny.eu\/?page_id=325","og_locale":"sk_SK","og_type":"article","og_title":"Potentilla anserina&nbsp;L. - liecivebyliny.eu","og_description":"Slovensk\u00fd n\u00e1zov:&nbsp;n\u00e1tr\u017en\u00edk hus\u00ed Anglick\u00fd n\u00e1zov:&nbsp;Silverweed \u010cesk\u00fd n\u00e1zov:&nbsp;mochna hus\u00ed \u013dudov\u00e9 n\u00e1zvy:&nbsp;husie mydlo, husia n\u00f4\u017eka, husi\u010dky \u010ce\u013ea\u010f:&nbsp;Rosaceae&nbsp;(ru\u017eovit\u00e9) Botanick\u00e1 charakteristika:&nbsp;Trv\u00e1ca&nbsp;rastlina s&nbsp;chlpatou plazivou stonkou, ktor\u00e1 dorast\u00e1 do d\u013a\u017eky 80 cm. Pr\u00edzemn\u00e9 listy s\u00fa striedavo usporiadan\u00e9 v ru\u017eici, perovito-zlo\u017een\u00e9, vajcovit\u00e9ho tvaru. P\u00e4\u0165po\u010detn\u00e9 kvety s\u00fa s\u00fdtej \u017eltej farby a&nbsp;vyrastaj\u00fa samostatne na dlh\u00fdch stopk\u00e1ch. Plodom je na\u017eka. Mikroskopick\u00fd n\u00e1kres: Roz\u0161\u00edrenie:&nbsp;N\u00e1tr\u017en\u00edk hus\u00ed sa [&hellip;]","og_url":"https:\/\/www.liecivebyliny.eu\/?page_id=325","og_site_name":"liecivebyliny.eu","article_modified_time":"2024-01-01T19:02:07+00:00","og_image":[{"url":"https:\/\/www.liecivebyliny.eu\/wp-content\/uploads\/2023\/12\/image-33.jpeg"}],"twitter_card":"summary_large_image","twitter_misc":{"Predpokladan\u00fd \u010das \u010d\u00edtania":"2 min\u00faty"},"schema":{"@context":"https:\/\/schema.org","@graph":[{"@type":"WebPage","@id":"https:\/\/www.liecivebyliny.eu\/?page_id=325","url":"https:\/\/www.liecivebyliny.eu\/?page_id=325","name":"Potentilla anserina&nbsp;L. - liecivebyliny.eu","isPartOf":{"@id":"https:\/\/www.liecivebyliny.eu\/#website"},"datePublished":"2023-12-23T17:38:33+00:00","dateModified":"2024-01-01T19:02:07+00:00","breadcrumb":{"@id":"https:\/\/www.liecivebyliny.eu\/?page_id=325#breadcrumb"},"inLanguage":"sk-SK","potentialAction":[{"@type":"ReadAction","target":["https:\/\/www.liecivebyliny.eu\/?page_id=325"]}]},{"@type":"BreadcrumbList","@id":"https:\/\/www.liecivebyliny.eu\/?page_id=325#breadcrumb","itemListElement":[{"@type":"ListItem","position":1,"name":"Home","item":"https:\/\/www.liecivebyliny.eu\/"},{"@type":"ListItem","position":2,"name":"Potentilla anserina&nbsp;L."}]},{"@type":"WebSite","@id":"https:\/\/www.liecivebyliny.eu\/#website","url":"https:\/\/www.liecivebyliny.eu\/","name":"liecivebyliny.eu","description":"","potentialAction":[{"@type":"SearchAction","target":{"@type":"EntryPoint","urlTemplate":"https:\/\/www.liecivebyliny.eu\/?s={search_term_string}"},"query-input":"required name=search_term_string"}],"inLanguage":"sk-SK"}]}},"_links":{"self":[{"href":"https:\/\/www.liecivebyliny.eu\/index.php?rest_route=\/wp\/v2\/pages\/325"}],"collection":[{"href":"https:\/\/www.liecivebyliny.eu\/index.php?rest_route=\/wp\/v2\/pages"}],"about":[{"href":"https:\/\/www.liecivebyliny.eu\/index.php?rest_route=\/wp\/v2\/types\/page"}],"author":[{"embeddable":true,"href":"https:\/\/www.liecivebyliny.eu\/index.php?rest_route=\/wp\/v2\/users\/1"}],"replies":[{"embeddable":true,"href":"https:\/\/www.liecivebyliny.eu\/index.php?rest_route=%2Fwp%2Fv2%2Fcomments&post=325"}],"version-history":[{"count":2,"href":"https:\/\/www.liecivebyliny.eu\/index.php?rest_route=\/wp\/v2\/pages\/325\/revisions"}],"predecessor-version":[{"id":899,"href":"https:\/\/www.liecivebyliny.eu\/index.php?rest_route=\/wp\/v2\/pages\/325\/revisions\/899"}],"wp:attachment":[{"href":"https:\/\/www.liecivebyliny.eu\/index.php?rest_route=%2Fwp%2Fv2%2Fmedia&parent=325"}],"curies":[{"name":"wp","href":"https:\/\/api.w.org\/{rel}","templated":true}]}}