{"id":337,"date":"2023-12-23T18:44:37","date_gmt":"2023-12-23T17:44:37","guid":{"rendered":"https:\/\/www.liecivebyliny.eu\/?page_id=337"},"modified":"2023-12-29T17:32:23","modified_gmt":"2023-12-29T16:32:23","slug":"rosa-canina-l","status":"publish","type":"page","link":"https:\/\/www.liecivebyliny.eu\/?page_id=337","title":{"rendered":"<em>Rosa canina<\/em>&nbsp;L."},"content":{"rendered":"<div class=\"wp-block-image\">\n<figure class=\"aligncenter size-full\"><img decoding=\"async\" loading=\"lazy\" width=\"252\" height=\"340\" src=\"https:\/\/www.liecivebyliny.eu\/wp-content\/uploads\/2023\/12\/image-35.jpeg\" alt=\"\" class=\"wp-image-338\" srcset=\"https:\/\/www.liecivebyliny.eu\/wp-content\/uploads\/2023\/12\/image-35.jpeg 252w, https:\/\/www.liecivebyliny.eu\/wp-content\/uploads\/2023\/12\/image-35-222x300.jpeg 222w\" sizes=\"(max-width: 252px) 100vw, 252px\" \/><figcaption class=\"wp-element-caption\">Ru\u017ea \u0161\u00edpov\u00e1<\/figcaption><\/figure><\/div>\n\n\n<p><strong>Slovensk\u00fd n\u00e1zov:&nbsp;<\/strong>ru\u017ea \u0161\u00edpov\u00e1<\/p>\n\n\n\n<p><strong>Anglick\u00fd n\u00e1zov:<\/strong>&nbsp;Sweet briar<\/p>\n\n\n\n<p><strong>\u010cesk\u00fd n\u00e1zov:&nbsp;<\/strong>r\u016f\u017ee \u0161\u00edpkov\u00e1<\/p>\n\n\n\n<p><strong>\u013dudov\u00e9 n\u00e1zvy:<\/strong>&nbsp;\u0161\u00edpka, \u0161\u00edpov\u00e1 ru\u017ea, div\u00fd \u0161\u00edp<\/p>\n\n\n\n<p><strong>\u010ce\u013ea\u010f:<\/strong>&nbsp;<em>Rosaceae&nbsp;<\/em>(ru\u017eovit\u00e9)<\/p>\n\n\n\n<p><strong>Botanick\u00e1 charakteristika:&nbsp;<\/strong>T\u0155nist\u00fd&nbsp;ker, vysok\u00fd a\u017e 3 metre. Vajcovit\u00e9, nep\u00e1rno perovit\u00e9 zlo\u017een\u00e9 listy s\u00fa p\u00e4\u0165po\u010detn\u00e9 a\u017e sedempo\u010detn\u00e9, s&nbsp;p\u00edlkovit\u00fdm okrajom. Kvety s\u00fa usporiadan\u00e9 na vrchole stonky samostatne alebo vo vrchol\u00edkoch. Koruna a&nbsp;kalich s\u00fa p\u00e4\u0165po\u010detn\u00e9. Plodom s\u00fa chlpat\u00e9, tvrd\u00e9 na\u017eky, ktor\u00e9 vyp\u013a\u0148aj\u00fa dutinu \u010dia\u0161ky. T\u00e1 zdu\u017enatie a&nbsp;vytvor\u00ed neprav\u00fd plod ru\u017ee \u2013 \u0161\u00edpku.<\/p>\n\n\n\n<p><strong>Mikroskopick\u00fd n\u00e1kres:<\/strong><\/p>\n\n\n<div class=\"wp-block-image\">\n<figure class=\"aligncenter size-full\"><img decoding=\"async\" loading=\"lazy\" width=\"268\" height=\"282\" src=\"https:\/\/www.liecivebyliny.eu\/wp-content\/uploads\/2023\/12\/image-40.png\" alt=\"\" class=\"wp-image-339\"\/><figcaption class=\"wp-element-caption\"><em>Plod ru\u017ee \u0161\u00edpovej je tvoren\u00fd bunkami, ktor\u00e9 obsahuj\u00fa \u017elto-oran\u017eov\u00e9 chromoplasty (a).<\/em><\/figcaption><\/figure><\/div>\n\n<div class=\"wp-block-image\">\n<figure class=\"aligncenter size-full is-resized\"><img decoding=\"async\" loading=\"lazy\" src=\"https:\/\/www.liecivebyliny.eu\/wp-content\/uploads\/2023\/12\/image-67.jpg\" alt=\"\" class=\"wp-image-576\" width=\"370\" height=\"247\" srcset=\"https:\/\/www.liecivebyliny.eu\/wp-content\/uploads\/2023\/12\/image-67.jpg 612w, https:\/\/www.liecivebyliny.eu\/wp-content\/uploads\/2023\/12\/image-67-300x200.jpg 300w\" sizes=\"(max-width: 370px) 100vw, 370px\" \/><figcaption class=\"wp-element-caption\">Mikroskopick\u00fd prepar\u00e1t z plodov ru\u017ee \u0161\u00edpovej (zv\u00e4\u010d\u0161en\u00e9 600x)<\/figcaption><\/figure><\/div>\n\n\n<p><\/p>\n\n\n\n<p><strong>Roz\u0161\u00edrenie:\u00a0<\/strong>Rastie\u00a0na okrajoch lesov, na str\u00e1\u0148ach, pri cest\u00e1ch, na slne\u010dn\u00fdch svahoch.<\/p>\n\n\n\n<p><strong>Droga:<\/strong>&nbsp;<em>Cynosbati fructus sine semine<\/em><\/p>\n\n\n\n<p><strong>Sp\u00f4sob zberu:&nbsp;<\/strong>Plod&nbsp;ru\u017ee \u0161\u00edpovej sa zbiera v&nbsp;septembri a v okt\u00f3bri. Dozret\u00e9, \u010derven\u00e9 tvrd\u00e9 plody sa zbieraj\u00fa ru\u010dne za such\u00e9ho a&nbsp;slne\u010dn\u00e9ho po\u010dasia, bez stopiek. Potrebn\u00e9 s\u00fa ochrann\u00e9 prostriedky.&nbsp;<\/p>\n\n\n\n<p><strong>Su\u0161enie:<\/strong>&nbsp;Plody ru\u017ee \u0161\u00edpovej sa su\u0161ia prirodzen\u00fdm sp\u00f4sobom v&nbsp;jednej vrstve, v prievane. Umel\u00fdm teplom sa dosu\u0161uj\u00fa pri teplote do 35 \u00b0C.&nbsp;<\/p>\n\n\n\n<p><strong>Obsahov\u00e9 l\u00e1tky:<\/strong>&nbsp;\u0160\u00edpky obsahuj\u00fa obrovsk\u00e9 mno\u017estvo vitam\u00ednov. Predov\u0161etk\u00fdm ide o&nbsp;vitam\u00edn&nbsp;C, vitam\u00edn A&nbsp;a&nbsp;vitam\u00edny skupiny B. V plodoch&nbsp;ru\u017ee \u0161\u00edpovej&nbsp;sa nach\u00e1dzaj\u00fa aj cukry, flavonoidy, karotenoidy organick\u00e9 kyseliny a&nbsp;triesloviny.<\/p>\n\n\n\n<p><strong>Pou\u017eitie:<\/strong>&nbsp;Droga p\u00f4sob\u00ed mierne mo\u010dopudne a&nbsp;preh\u00e1\u0148aj\u00faco, no terapeuticky je vyu\u017e\u00edvan\u00e1 hlavne ako zdroj vitam\u00ednu C.<\/p>\n\n\n\n<p><strong>Vybran\u00e9 rastlinn\u00e9 pr\u00edpravky:<\/strong>&nbsp;AGROKARPATY Metabolick\u00fd \u010daj \u010caro 20&#215;2 g, APOTHEKE ROZPR\u00c1VKA Jahodov\u00fd so smotanou Bio ovocn\u00fd \u010daj 20&#215;2 g, Biomin MOVE cps 60 ks, PLUS LEK\u00c1RE\u0147 Komplex vitam\u00edn C+acerola+\u0161\u00edpky+zinok vrec\u00fa\u0161ka s pr\u00edchu\u0165ou pomaran\u010d 20 ks, FITOFERRUM FORTE tablety 30 ks, NaturProdukt NCE KOLAG\u00c9N+kurkuma+ ru\u017ea+vitam\u00edn C cps \u017eelat\u00ednov\u00e9 30 ks.<\/p>\n","protected":false},"excerpt":{"rendered":"<p>Slovensk\u00fd n\u00e1zov:&nbsp;ru\u017ea \u0161\u00edpov\u00e1 Anglick\u00fd n\u00e1zov:&nbsp;Sweet briar \u010cesk\u00fd n\u00e1zov:&nbsp;r\u016f\u017ee \u0161\u00edpkov\u00e1 \u013dudov\u00e9 n\u00e1zvy:&nbsp;\u0161\u00edpka, \u0161\u00edpov\u00e1 ru\u017ea, div\u00fd \u0161\u00edp \u010ce\u013ea\u010f:&nbsp;Rosaceae&nbsp;(ru\u017eovit\u00e9) Botanick\u00e1 charakteristika:&nbsp;T\u0155nist\u00fd&nbsp;ker, vysok\u00fd a\u017e 3 metre. Vajcovit\u00e9, nep\u00e1rno perovit\u00e9 zlo\u017een\u00e9 listy s\u00fa p\u00e4\u0165po\u010detn\u00e9 a\u017e sedempo\u010detn\u00e9, s&nbsp;p\u00edlkovit\u00fdm okrajom. Kvety s\u00fa usporiadan\u00e9 na vrchole stonky samostatne alebo vo vrchol\u00edkoch. Koruna a&nbsp;kalich s\u00fa p\u00e4\u0165po\u010detn\u00e9. Plodom s\u00fa chlpat\u00e9, tvrd\u00e9 na\u017eky, ktor\u00e9 vyp\u013a\u0148aj\u00fa dutinu [&hellip;]<\/p>\n","protected":false},"author":1,"featured_media":0,"parent":0,"menu_order":0,"comment_status":"closed","ping_status":"closed","template":"","meta":{"_mi_skip_tracking":false},"yoast_head":"<!-- This site is optimized with the Yoast SEO plugin v20.4 - https:\/\/yoast.com\/wordpress\/plugins\/seo\/ -->\n<title>Rosa canina&nbsp;L. - liecivebyliny.eu<\/title>\n<meta name=\"robots\" content=\"index, follow, max-snippet:-1, max-image-preview:large, max-video-preview:-1\" \/>\n<link rel=\"canonical\" href=\"https:\/\/www.liecivebyliny.eu\/?page_id=337\" \/>\n<meta property=\"og:locale\" content=\"sk_SK\" \/>\n<meta property=\"og:type\" content=\"article\" \/>\n<meta property=\"og:title\" content=\"Rosa canina&nbsp;L. - liecivebyliny.eu\" \/>\n<meta property=\"og:description\" content=\"Slovensk\u00fd n\u00e1zov:&nbsp;ru\u017ea \u0161\u00edpov\u00e1 Anglick\u00fd n\u00e1zov:&nbsp;Sweet briar \u010cesk\u00fd n\u00e1zov:&nbsp;r\u016f\u017ee \u0161\u00edpkov\u00e1 \u013dudov\u00e9 n\u00e1zvy:&nbsp;\u0161\u00edpka, \u0161\u00edpov\u00e1 ru\u017ea, div\u00fd \u0161\u00edp \u010ce\u013ea\u010f:&nbsp;Rosaceae&nbsp;(ru\u017eovit\u00e9) Botanick\u00e1 charakteristika:&nbsp;T\u0155nist\u00fd&nbsp;ker, vysok\u00fd a\u017e 3 metre. Vajcovit\u00e9, nep\u00e1rno perovit\u00e9 zlo\u017een\u00e9 listy s\u00fa p\u00e4\u0165po\u010detn\u00e9 a\u017e sedempo\u010detn\u00e9, s&nbsp;p\u00edlkovit\u00fdm okrajom. Kvety s\u00fa usporiadan\u00e9 na vrchole stonky samostatne alebo vo vrchol\u00edkoch. Koruna a&nbsp;kalich s\u00fa p\u00e4\u0165po\u010detn\u00e9. Plodom s\u00fa chlpat\u00e9, tvrd\u00e9 na\u017eky, ktor\u00e9 vyp\u013a\u0148aj\u00fa dutinu [&hellip;]\" \/>\n<meta property=\"og:url\" content=\"https:\/\/www.liecivebyliny.eu\/?page_id=337\" \/>\n<meta property=\"og:site_name\" content=\"liecivebyliny.eu\" \/>\n<meta property=\"article:modified_time\" content=\"2023-12-29T16:32:23+00:00\" \/>\n<meta property=\"og:image\" content=\"https:\/\/www.liecivebyliny.eu\/wp-content\/uploads\/2023\/12\/image-35.jpeg\" \/>\n<meta name=\"twitter:card\" content=\"summary_large_image\" \/>\n<meta name=\"twitter:label1\" content=\"Predpokladan\u00fd \u010das \u010d\u00edtania\" \/>\n\t<meta name=\"twitter:data1\" content=\"3 min\u00faty\" \/>\n<script type=\"application\/ld+json\" class=\"yoast-schema-graph\">{\"@context\":\"https:\/\/schema.org\",\"@graph\":[{\"@type\":\"WebPage\",\"@id\":\"https:\/\/www.liecivebyliny.eu\/?page_id=337\",\"url\":\"https:\/\/www.liecivebyliny.eu\/?page_id=337\",\"name\":\"Rosa canina&nbsp;L. - liecivebyliny.eu\",\"isPartOf\":{\"@id\":\"https:\/\/www.liecivebyliny.eu\/#website\"},\"datePublished\":\"2023-12-23T17:44:37+00:00\",\"dateModified\":\"2023-12-29T16:32:23+00:00\",\"breadcrumb\":{\"@id\":\"https:\/\/www.liecivebyliny.eu\/?page_id=337#breadcrumb\"},\"inLanguage\":\"sk-SK\",\"potentialAction\":[{\"@type\":\"ReadAction\",\"target\":[\"https:\/\/www.liecivebyliny.eu\/?page_id=337\"]}]},{\"@type\":\"BreadcrumbList\",\"@id\":\"https:\/\/www.liecivebyliny.eu\/?page_id=337#breadcrumb\",\"itemListElement\":[{\"@type\":\"ListItem\",\"position\":1,\"name\":\"Home\",\"item\":\"https:\/\/www.liecivebyliny.eu\/\"},{\"@type\":\"ListItem\",\"position\":2,\"name\":\"Rosa canina&nbsp;L.\"}]},{\"@type\":\"WebSite\",\"@id\":\"https:\/\/www.liecivebyliny.eu\/#website\",\"url\":\"https:\/\/www.liecivebyliny.eu\/\",\"name\":\"liecivebyliny.eu\",\"description\":\"\",\"potentialAction\":[{\"@type\":\"SearchAction\",\"target\":{\"@type\":\"EntryPoint\",\"urlTemplate\":\"https:\/\/www.liecivebyliny.eu\/?s={search_term_string}\"},\"query-input\":\"required name=search_term_string\"}],\"inLanguage\":\"sk-SK\"}]}<\/script>\n<!-- \/ Yoast SEO plugin. -->","yoast_head_json":{"title":"Rosa canina&nbsp;L. - liecivebyliny.eu","robots":{"index":"index","follow":"follow","max-snippet":"max-snippet:-1","max-image-preview":"max-image-preview:large","max-video-preview":"max-video-preview:-1"},"canonical":"https:\/\/www.liecivebyliny.eu\/?page_id=337","og_locale":"sk_SK","og_type":"article","og_title":"Rosa canina&nbsp;L. - liecivebyliny.eu","og_description":"Slovensk\u00fd n\u00e1zov:&nbsp;ru\u017ea \u0161\u00edpov\u00e1 Anglick\u00fd n\u00e1zov:&nbsp;Sweet briar \u010cesk\u00fd n\u00e1zov:&nbsp;r\u016f\u017ee \u0161\u00edpkov\u00e1 \u013dudov\u00e9 n\u00e1zvy:&nbsp;\u0161\u00edpka, \u0161\u00edpov\u00e1 ru\u017ea, div\u00fd \u0161\u00edp \u010ce\u013ea\u010f:&nbsp;Rosaceae&nbsp;(ru\u017eovit\u00e9) Botanick\u00e1 charakteristika:&nbsp;T\u0155nist\u00fd&nbsp;ker, vysok\u00fd a\u017e 3 metre. Vajcovit\u00e9, nep\u00e1rno perovit\u00e9 zlo\u017een\u00e9 listy s\u00fa p\u00e4\u0165po\u010detn\u00e9 a\u017e sedempo\u010detn\u00e9, s&nbsp;p\u00edlkovit\u00fdm okrajom. Kvety s\u00fa usporiadan\u00e9 na vrchole stonky samostatne alebo vo vrchol\u00edkoch. Koruna a&nbsp;kalich s\u00fa p\u00e4\u0165po\u010detn\u00e9. Plodom s\u00fa chlpat\u00e9, tvrd\u00e9 na\u017eky, ktor\u00e9 vyp\u013a\u0148aj\u00fa dutinu [&hellip;]","og_url":"https:\/\/www.liecivebyliny.eu\/?page_id=337","og_site_name":"liecivebyliny.eu","article_modified_time":"2023-12-29T16:32:23+00:00","og_image":[{"url":"https:\/\/www.liecivebyliny.eu\/wp-content\/uploads\/2023\/12\/image-35.jpeg"}],"twitter_card":"summary_large_image","twitter_misc":{"Predpokladan\u00fd \u010das \u010d\u00edtania":"3 min\u00faty"},"schema":{"@context":"https:\/\/schema.org","@graph":[{"@type":"WebPage","@id":"https:\/\/www.liecivebyliny.eu\/?page_id=337","url":"https:\/\/www.liecivebyliny.eu\/?page_id=337","name":"Rosa canina&nbsp;L. - liecivebyliny.eu","isPartOf":{"@id":"https:\/\/www.liecivebyliny.eu\/#website"},"datePublished":"2023-12-23T17:44:37+00:00","dateModified":"2023-12-29T16:32:23+00:00","breadcrumb":{"@id":"https:\/\/www.liecivebyliny.eu\/?page_id=337#breadcrumb"},"inLanguage":"sk-SK","potentialAction":[{"@type":"ReadAction","target":["https:\/\/www.liecivebyliny.eu\/?page_id=337"]}]},{"@type":"BreadcrumbList","@id":"https:\/\/www.liecivebyliny.eu\/?page_id=337#breadcrumb","itemListElement":[{"@type":"ListItem","position":1,"name":"Home","item":"https:\/\/www.liecivebyliny.eu\/"},{"@type":"ListItem","position":2,"name":"Rosa canina&nbsp;L."}]},{"@type":"WebSite","@id":"https:\/\/www.liecivebyliny.eu\/#website","url":"https:\/\/www.liecivebyliny.eu\/","name":"liecivebyliny.eu","description":"","potentialAction":[{"@type":"SearchAction","target":{"@type":"EntryPoint","urlTemplate":"https:\/\/www.liecivebyliny.eu\/?s={search_term_string}"},"query-input":"required name=search_term_string"}],"inLanguage":"sk-SK"}]}},"_links":{"self":[{"href":"https:\/\/www.liecivebyliny.eu\/index.php?rest_route=\/wp\/v2\/pages\/337"}],"collection":[{"href":"https:\/\/www.liecivebyliny.eu\/index.php?rest_route=\/wp\/v2\/pages"}],"about":[{"href":"https:\/\/www.liecivebyliny.eu\/index.php?rest_route=\/wp\/v2\/types\/page"}],"author":[{"embeddable":true,"href":"https:\/\/www.liecivebyliny.eu\/index.php?rest_route=\/wp\/v2\/users\/1"}],"replies":[{"embeddable":true,"href":"https:\/\/www.liecivebyliny.eu\/index.php?rest_route=%2Fwp%2Fv2%2Fcomments&post=337"}],"version-history":[{"count":2,"href":"https:\/\/www.liecivebyliny.eu\/index.php?rest_route=\/wp\/v2\/pages\/337\/revisions"}],"predecessor-version":[{"id":579,"href":"https:\/\/www.liecivebyliny.eu\/index.php?rest_route=\/wp\/v2\/pages\/337\/revisions\/579"}],"wp:attachment":[{"href":"https:\/\/www.liecivebyliny.eu\/index.php?rest_route=%2Fwp%2Fv2%2Fmedia&parent=337"}],"curies":[{"name":"wp","href":"https:\/\/api.w.org\/{rel}","templated":true}]}}