{"id":350,"date":"2023-12-23T18:52:41","date_gmt":"2023-12-23T17:52:41","guid":{"rendered":"https:\/\/www.liecivebyliny.eu\/?page_id=350"},"modified":"2024-01-01T19:28:51","modified_gmt":"2024-01-01T18:28:51","slug":"sambucus-nigra-l","status":"publish","type":"page","link":"https:\/\/www.liecivebyliny.eu\/?page_id=350","title":{"rendered":"<em>Sambucus nigra&nbsp;<\/em>L."},"content":{"rendered":"<div class=\"wp-block-image\">\n<figure class=\"aligncenter size-full\"><img decoding=\"async\" loading=\"lazy\" width=\"254\" height=\"348\" src=\"https:\/\/www.liecivebyliny.eu\/wp-content\/uploads\/2023\/12\/image-37.jpeg\" alt=\"\" class=\"wp-image-351\" srcset=\"https:\/\/www.liecivebyliny.eu\/wp-content\/uploads\/2023\/12\/image-37.jpeg 254w, https:\/\/www.liecivebyliny.eu\/wp-content\/uploads\/2023\/12\/image-37-219x300.jpeg 219w\" sizes=\"(max-width: 254px) 100vw, 254px\" \/><figcaption class=\"wp-element-caption\">Baza \u010dierna<\/figcaption><\/figure><\/div>\n\n\n<p><strong>Slovensk\u00fd n\u00e1zov:&nbsp;<\/strong>baza \u010dierna<\/p>\n\n\n\n<p><strong>Anglick\u00fd n\u00e1zov:<\/strong>&nbsp;Elder<\/p>\n\n\n\n<p><strong>\u010cesk\u00fd n\u00e1zov:<\/strong>&nbsp;bez \u010dern\u00fd<\/p>\n\n\n\n<p><strong>\u013dudov\u00e9 n\u00e1zvy:<\/strong>&nbsp;psia baza, bieda, biedza<\/p>\n\n\n\n<p><strong>\u010ce\u013ea\u010f:&nbsp;<\/strong><em>Caprifoliaceae&nbsp;<\/em>(zemolezovit\u00e9)<\/p>\n\n\n\n<p><strong>Botanick\u00e1 charakteristika:<\/strong>&nbsp;Rozkon\u00e1ren\u00fd ker alebo strom s&nbsp;bielym str\u017e\u0148om, ktor\u00fd dorast\u00e1 do&nbsp;v\u00fd\u0161ky 6 m. Listy s\u00fa nep\u00e1rno-perovito zlo\u017een\u00e9, protistojne usporiadan\u00e9. Biele kvety vytv\u00e1raj\u00fa vrchol\u00edkovit\u00e9 s\u00fakvetie. Plodom s\u00fa drobn\u00e9 k\u00f4stkovice, \u010diernofialovej farby.<\/p>\n\n\n\n<p><strong>Mikroskopick\u00fd n\u00e1kres:<\/strong><\/p>\n\n\n<div class=\"wp-block-image\">\n<figure class=\"aligncenter size-full\"><img decoding=\"async\" loading=\"lazy\" width=\"350\" height=\"268\" src=\"https:\/\/www.liecivebyliny.eu\/wp-content\/uploads\/2023\/12\/image-42.png\" alt=\"\" class=\"wp-image-352\" srcset=\"https:\/\/www.liecivebyliny.eu\/wp-content\/uploads\/2023\/12\/image-42.png 350w, https:\/\/www.liecivebyliny.eu\/wp-content\/uploads\/2023\/12\/image-42-300x230.png 300w\" sizes=\"(max-width: 350px) 100vw, 350px\" \/><figcaption class=\"wp-element-caption\"><em>N\u00e1kres zobrazuje vonkaj\u0161iu (I.) a&nbsp;vn\u00fatorn\u00fa (II.) poko\u017eku korunn\u00e9ho lupienka bazy \u010diernej. Na&nbsp;poko\u017eke korunn\u00fdch lupienkov je miestami mo\u017en\u00e9 pozorova\u0165 prieduchy (a) a&nbsp;niektor\u00e9 bunky obsahuj\u00face \u0161\u0165avelan v\u00e1penat\u00fd vo forme piesku (b).<\/em><\/figcaption><\/figure><\/div>\n\n\n<figure class=\"wp-block-image size-full\"><img decoding=\"async\" loading=\"lazy\" width=\"579\" height=\"434\" src=\"https:\/\/www.liecivebyliny.eu\/wp-content\/uploads\/2024\/01\/Sambuci-flos-100x-edited.jpg\" alt=\"\" class=\"wp-image-861\" srcset=\"https:\/\/www.liecivebyliny.eu\/wp-content\/uploads\/2024\/01\/Sambuci-flos-100x-edited.jpg 579w, https:\/\/www.liecivebyliny.eu\/wp-content\/uploads\/2024\/01\/Sambuci-flos-100x-edited-300x225.jpg 300w\" sizes=\"(max-width: 579px) 100vw, 579px\" \/><figcaption class=\"wp-element-caption\">Poko\u017eka korunn\u00e9ho lupienka bazy \u010diernej (zv\u00e4\u010d\u0161en\u00e9 100x)<\/figcaption><\/figure>\n\n\n\n<p><\/p>\n\n\n\n<p><strong>Roz\u0161\u00edrenie:<\/strong>&nbsp;Rastie pri plotoch, na okraji lesov, r\u00faban\u00edsk, stavenisk\u00e1ch.<\/p>\n\n\n\n<p><strong>Droga:<\/strong>&nbsp;<em>Sambuci flos, Sambuci fructus, Sambuci folium<\/em><\/p>\n\n\n\n<p><strong>Sp\u00f4sob zberu:<\/strong>&nbsp;\u010cerstvo rozkvitnut\u00e9 kvety sa zbieraj\u00fa v&nbsp;m\u00e1ji a&nbsp;j\u00fani, za such\u00e9ho po\u010dasia. S\u00fakvetie sa strih\u00e1 aj s&nbsp;1 cm dlhou stopkou. Plody sa zbieraj\u00fa v&nbsp;priebehu augusta a&nbsp;septembra.&nbsp;<\/p>\n\n\n\n<p><strong>Su\u0161enie:<\/strong>&nbsp;Kvety su\u0161\u00edme v&nbsp;tenkej vrstve v&nbsp;tieni, vo vetrate\u013enej miestnosti. Pri umelom su\u0161en\u00ed pri&nbsp;teplote do 45 \u00b0C. Plody sa su\u0161ia vo zv\u00e4zo\u010dkoch, naj\u010dastej\u0161ie umel\u00fdm sp\u00f4sobom.<\/p>\n\n\n\n<p><strong>Obsahov\u00e9 l\u00e1tky:<\/strong>&nbsp;Kvety obsahuj\u00fa flavonoidy ako rut\u00edn a&nbsp;izokvercitr\u00edn, no pr\u00edtomn\u00e9 s\u00fa aj silice, triesloviny \u010di organick\u00e9 kyseliny (kyselina chlorog\u00e9nov\u00e1). K&nbsp;obsahov\u00fdm l\u00e1tkam je mo\u017en\u00e9 spomen\u00fa\u0165 aj stopy kyanog\u00e9nneho glykozidu \u2013 sambunigr\u00ednu. Pre plody s\u00fa typick\u00e9 antoky\u00e1ny, silice, vitam\u00edny, organick\u00e9 kyseliny a&nbsp;cukry.&nbsp;<\/p>\n\n\n\n<p><strong>Pou\u017eitie:<\/strong>&nbsp;Pitie \u010daju z&nbsp;bazov\u00fdch kvetov p\u00f4sob\u00ed potopudne, \u010do sa vyu\u017e\u00edva pri lie\u010dbe hor\u00fa\u010dky a pri&nbsp;chorob\u00e1ch z&nbsp;nachladnutia. Kvety podporuj\u00fa zv\u00fd\u0161en\u00fa tvorbu mo\u010du. Plody sa pou\u017e\u00edvaj\u00fa v\u00fdlu\u010dne vo&nbsp;varenom stave a&nbsp;to len v&nbsp;r\u00e1mci \u013eudovej medic\u00edny, ako zdroj vitam\u00ednov pri chorob\u00e1ch z&nbsp;prechladnutia alebo ako preh\u00e1\u0148adlo.&nbsp;<\/p>\n\n\n\n<p><strong>Tradi\u010dn\u00fd sp\u00f4sob pou\u017eitia v&nbsp;indik\u00e1ci\u00e1ch ur\u010den\u00fdch v\u00fdhradne na z\u00e1klade dlhodob\u00e9ho pou\u017e\u00edvania:<\/strong><\/p>\n\n\n\n<ul>\n<li>zmiernenie skor\u00fdch pr\u00edznakov be\u017en\u00e9ho prechladnutia.<\/li>\n<\/ul>\n\n\n\n<p><strong>Vybran\u00e9 rastlinn\u00e9 pr\u00edpravky:<\/strong>&nbsp;AGROKARPATY BAZA \u010cIERNA kvet bylinn\u00fd \u010daj 1&#215;30 g, AGROKARPATY BAZA \u010cIERNA plod bylinn\u00fd \u010daj 1&#215;30 g, AGROKARPATY Prechladnutie BAZA S LIPOU bylinn\u00fd \u010daj 20&#215;2 g, APOTHEKE \u010cAJ D\u00ddCHACIE CESTY A POTENIE 20&#215;1,5 g, Alpikol sirup na podporu imunity so zinkom 120 ml, CENTRUM IMUNITA cps s&nbsp;extraktom z bazy \u010diernej 60 ks, GENERICA Immune Akut cm\u00fa\u013eacie tablety tbl 30 ks, LEROS \u0160\u0164AVA Baza \u010dierna 500 ml.<\/p>\n","protected":false},"excerpt":{"rendered":"<p>Slovensk\u00fd n\u00e1zov:&nbsp;baza \u010dierna Anglick\u00fd n\u00e1zov:&nbsp;Elder \u010cesk\u00fd n\u00e1zov:&nbsp;bez \u010dern\u00fd \u013dudov\u00e9 n\u00e1zvy:&nbsp;psia baza, bieda, biedza \u010ce\u013ea\u010f:&nbsp;Caprifoliaceae&nbsp;(zemolezovit\u00e9) Botanick\u00e1 charakteristika:&nbsp;Rozkon\u00e1ren\u00fd ker alebo strom s&nbsp;bielym str\u017e\u0148om, ktor\u00fd dorast\u00e1 do&nbsp;v\u00fd\u0161ky 6 m. Listy s\u00fa nep\u00e1rno-perovito zlo\u017een\u00e9, protistojne usporiadan\u00e9. Biele kvety vytv\u00e1raj\u00fa vrchol\u00edkovit\u00e9 s\u00fakvetie. Plodom s\u00fa drobn\u00e9 k\u00f4stkovice, \u010diernofialovej farby. Mikroskopick\u00fd n\u00e1kres: Roz\u0161\u00edrenie:&nbsp;Rastie pri plotoch, na okraji lesov, r\u00faban\u00edsk, stavenisk\u00e1ch. Droga:&nbsp;Sambuci flos, [&hellip;]<\/p>\n","protected":false},"author":1,"featured_media":0,"parent":0,"menu_order":0,"comment_status":"closed","ping_status":"closed","template":"","meta":{"_mi_skip_tracking":false},"yoast_head":"<!-- This site is optimized with the Yoast SEO plugin v20.4 - https:\/\/yoast.com\/wordpress\/plugins\/seo\/ -->\n<title>Sambucus nigra&nbsp;L. - liecivebyliny.eu<\/title>\n<meta name=\"robots\" content=\"index, follow, max-snippet:-1, max-image-preview:large, max-video-preview:-1\" \/>\n<link rel=\"canonical\" href=\"https:\/\/www.liecivebyliny.eu\/?page_id=350\" \/>\n<meta property=\"og:locale\" content=\"sk_SK\" \/>\n<meta property=\"og:type\" content=\"article\" \/>\n<meta property=\"og:title\" content=\"Sambucus nigra&nbsp;L. - liecivebyliny.eu\" \/>\n<meta property=\"og:description\" content=\"Slovensk\u00fd n\u00e1zov:&nbsp;baza \u010dierna Anglick\u00fd n\u00e1zov:&nbsp;Elder \u010cesk\u00fd n\u00e1zov:&nbsp;bez \u010dern\u00fd \u013dudov\u00e9 n\u00e1zvy:&nbsp;psia baza, bieda, biedza \u010ce\u013ea\u010f:&nbsp;Caprifoliaceae&nbsp;(zemolezovit\u00e9) Botanick\u00e1 charakteristika:&nbsp;Rozkon\u00e1ren\u00fd ker alebo strom s&nbsp;bielym str\u017e\u0148om, ktor\u00fd dorast\u00e1 do&nbsp;v\u00fd\u0161ky 6 m. Listy s\u00fa nep\u00e1rno-perovito zlo\u017een\u00e9, protistojne usporiadan\u00e9. Biele kvety vytv\u00e1raj\u00fa vrchol\u00edkovit\u00e9 s\u00fakvetie. Plodom s\u00fa drobn\u00e9 k\u00f4stkovice, \u010diernofialovej farby. Mikroskopick\u00fd n\u00e1kres: Roz\u0161\u00edrenie:&nbsp;Rastie pri plotoch, na okraji lesov, r\u00faban\u00edsk, stavenisk\u00e1ch. Droga:&nbsp;Sambuci flos, [&hellip;]\" \/>\n<meta property=\"og:url\" content=\"https:\/\/www.liecivebyliny.eu\/?page_id=350\" \/>\n<meta property=\"og:site_name\" content=\"liecivebyliny.eu\" \/>\n<meta property=\"article:modified_time\" content=\"2024-01-01T18:28:51+00:00\" \/>\n<meta property=\"og:image\" content=\"https:\/\/www.liecivebyliny.eu\/wp-content\/uploads\/2023\/12\/image-37.jpeg\" \/>\n<meta name=\"twitter:card\" content=\"summary_large_image\" \/>\n<meta name=\"twitter:label1\" content=\"Predpokladan\u00fd \u010das \u010d\u00edtania\" \/>\n\t<meta name=\"twitter:data1\" content=\"3 min\u00faty\" \/>\n<script type=\"application\/ld+json\" class=\"yoast-schema-graph\">{\"@context\":\"https:\/\/schema.org\",\"@graph\":[{\"@type\":\"WebPage\",\"@id\":\"https:\/\/www.liecivebyliny.eu\/?page_id=350\",\"url\":\"https:\/\/www.liecivebyliny.eu\/?page_id=350\",\"name\":\"Sambucus nigra&nbsp;L. - liecivebyliny.eu\",\"isPartOf\":{\"@id\":\"https:\/\/www.liecivebyliny.eu\/#website\"},\"datePublished\":\"2023-12-23T17:52:41+00:00\",\"dateModified\":\"2024-01-01T18:28:51+00:00\",\"breadcrumb\":{\"@id\":\"https:\/\/www.liecivebyliny.eu\/?page_id=350#breadcrumb\"},\"inLanguage\":\"sk-SK\",\"potentialAction\":[{\"@type\":\"ReadAction\",\"target\":[\"https:\/\/www.liecivebyliny.eu\/?page_id=350\"]}]},{\"@type\":\"BreadcrumbList\",\"@id\":\"https:\/\/www.liecivebyliny.eu\/?page_id=350#breadcrumb\",\"itemListElement\":[{\"@type\":\"ListItem\",\"position\":1,\"name\":\"Home\",\"item\":\"https:\/\/www.liecivebyliny.eu\/\"},{\"@type\":\"ListItem\",\"position\":2,\"name\":\"Sambucus nigra&nbsp;L.\"}]},{\"@type\":\"WebSite\",\"@id\":\"https:\/\/www.liecivebyliny.eu\/#website\",\"url\":\"https:\/\/www.liecivebyliny.eu\/\",\"name\":\"liecivebyliny.eu\",\"description\":\"\",\"potentialAction\":[{\"@type\":\"SearchAction\",\"target\":{\"@type\":\"EntryPoint\",\"urlTemplate\":\"https:\/\/www.liecivebyliny.eu\/?s={search_term_string}\"},\"query-input\":\"required name=search_term_string\"}],\"inLanguage\":\"sk-SK\"}]}<\/script>\n<!-- \/ Yoast SEO plugin. -->","yoast_head_json":{"title":"Sambucus nigra&nbsp;L. - liecivebyliny.eu","robots":{"index":"index","follow":"follow","max-snippet":"max-snippet:-1","max-image-preview":"max-image-preview:large","max-video-preview":"max-video-preview:-1"},"canonical":"https:\/\/www.liecivebyliny.eu\/?page_id=350","og_locale":"sk_SK","og_type":"article","og_title":"Sambucus nigra&nbsp;L. - liecivebyliny.eu","og_description":"Slovensk\u00fd n\u00e1zov:&nbsp;baza \u010dierna Anglick\u00fd n\u00e1zov:&nbsp;Elder \u010cesk\u00fd n\u00e1zov:&nbsp;bez \u010dern\u00fd \u013dudov\u00e9 n\u00e1zvy:&nbsp;psia baza, bieda, biedza \u010ce\u013ea\u010f:&nbsp;Caprifoliaceae&nbsp;(zemolezovit\u00e9) Botanick\u00e1 charakteristika:&nbsp;Rozkon\u00e1ren\u00fd ker alebo strom s&nbsp;bielym str\u017e\u0148om, ktor\u00fd dorast\u00e1 do&nbsp;v\u00fd\u0161ky 6 m. Listy s\u00fa nep\u00e1rno-perovito zlo\u017een\u00e9, protistojne usporiadan\u00e9. Biele kvety vytv\u00e1raj\u00fa vrchol\u00edkovit\u00e9 s\u00fakvetie. Plodom s\u00fa drobn\u00e9 k\u00f4stkovice, \u010diernofialovej farby. Mikroskopick\u00fd n\u00e1kres: Roz\u0161\u00edrenie:&nbsp;Rastie pri plotoch, na okraji lesov, r\u00faban\u00edsk, stavenisk\u00e1ch. Droga:&nbsp;Sambuci flos, [&hellip;]","og_url":"https:\/\/www.liecivebyliny.eu\/?page_id=350","og_site_name":"liecivebyliny.eu","article_modified_time":"2024-01-01T18:28:51+00:00","og_image":[{"url":"https:\/\/www.liecivebyliny.eu\/wp-content\/uploads\/2023\/12\/image-37.jpeg"}],"twitter_card":"summary_large_image","twitter_misc":{"Predpokladan\u00fd \u010das \u010d\u00edtania":"3 min\u00faty"},"schema":{"@context":"https:\/\/schema.org","@graph":[{"@type":"WebPage","@id":"https:\/\/www.liecivebyliny.eu\/?page_id=350","url":"https:\/\/www.liecivebyliny.eu\/?page_id=350","name":"Sambucus nigra&nbsp;L. - liecivebyliny.eu","isPartOf":{"@id":"https:\/\/www.liecivebyliny.eu\/#website"},"datePublished":"2023-12-23T17:52:41+00:00","dateModified":"2024-01-01T18:28:51+00:00","breadcrumb":{"@id":"https:\/\/www.liecivebyliny.eu\/?page_id=350#breadcrumb"},"inLanguage":"sk-SK","potentialAction":[{"@type":"ReadAction","target":["https:\/\/www.liecivebyliny.eu\/?page_id=350"]}]},{"@type":"BreadcrumbList","@id":"https:\/\/www.liecivebyliny.eu\/?page_id=350#breadcrumb","itemListElement":[{"@type":"ListItem","position":1,"name":"Home","item":"https:\/\/www.liecivebyliny.eu\/"},{"@type":"ListItem","position":2,"name":"Sambucus nigra&nbsp;L."}]},{"@type":"WebSite","@id":"https:\/\/www.liecivebyliny.eu\/#website","url":"https:\/\/www.liecivebyliny.eu\/","name":"liecivebyliny.eu","description":"","potentialAction":[{"@type":"SearchAction","target":{"@type":"EntryPoint","urlTemplate":"https:\/\/www.liecivebyliny.eu\/?s={search_term_string}"},"query-input":"required name=search_term_string"}],"inLanguage":"sk-SK"}]}},"_links":{"self":[{"href":"https:\/\/www.liecivebyliny.eu\/index.php?rest_route=\/wp\/v2\/pages\/350"}],"collection":[{"href":"https:\/\/www.liecivebyliny.eu\/index.php?rest_route=\/wp\/v2\/pages"}],"about":[{"href":"https:\/\/www.liecivebyliny.eu\/index.php?rest_route=\/wp\/v2\/types\/page"}],"author":[{"embeddable":true,"href":"https:\/\/www.liecivebyliny.eu\/index.php?rest_route=\/wp\/v2\/users\/1"}],"replies":[{"embeddable":true,"href":"https:\/\/www.liecivebyliny.eu\/index.php?rest_route=%2Fwp%2Fv2%2Fcomments&post=350"}],"version-history":[{"count":2,"href":"https:\/\/www.liecivebyliny.eu\/index.php?rest_route=\/wp\/v2\/pages\/350\/revisions"}],"predecessor-version":[{"id":862,"href":"https:\/\/www.liecivebyliny.eu\/index.php?rest_route=\/wp\/v2\/pages\/350\/revisions\/862"}],"wp:attachment":[{"href":"https:\/\/www.liecivebyliny.eu\/index.php?rest_route=%2Fwp%2Fv2%2Fmedia&parent=350"}],"curies":[{"name":"wp","href":"https:\/\/api.w.org\/{rel}","templated":true}]}}