{"id":364,"date":"2023-12-23T19:00:40","date_gmt":"2023-12-23T18:00:40","guid":{"rendered":"https:\/\/www.liecivebyliny.eu\/?page_id=364"},"modified":"2023-12-23T19:00:41","modified_gmt":"2023-12-23T18:00:41","slug":"satureja-hortensis-l","status":"publish","type":"page","link":"https:\/\/www.liecivebyliny.eu\/?page_id=364","title":{"rendered":"<em>Satureja hortensis<\/em>&nbsp;L."},"content":{"rendered":"<div class=\"wp-block-image\">\n<figure class=\"aligncenter size-full\"><img decoding=\"async\" loading=\"lazy\" width=\"256\" height=\"340\" src=\"https:\/\/www.liecivebyliny.eu\/wp-content\/uploads\/2023\/12\/image-39.jpeg\" alt=\"\" class=\"wp-image-365\" srcset=\"https:\/\/www.liecivebyliny.eu\/wp-content\/uploads\/2023\/12\/image-39.jpeg 256w, https:\/\/www.liecivebyliny.eu\/wp-content\/uploads\/2023\/12\/image-39-226x300.jpeg 226w\" sizes=\"(max-width: 256px) 100vw, 256px\" \/><figcaption class=\"wp-element-caption\">Saturejka z\u00e1hradn\u00e1<\/figcaption><\/figure><\/div>\n\n\n<p><strong>Slovensk\u00fd n\u00e1zov:\u00a0<\/strong>saturejka z\u00e1hradn\u00e1<\/p>\n\n\n\n<p><strong>Anglick\u00fd n\u00e1zov:<\/strong>&nbsp;Summer savory<\/p>\n\n\n\n<p><strong>\u010cesk\u00fd n\u00e1zov:<\/strong>&nbsp;saturejka z\u00e1hradn\u00ed<\/p>\n\n\n\n<p><strong>\u013dudov\u00fd n\u00e1zov:<\/strong>&nbsp;\u010dibr<\/p>\n\n\n\n<p><strong>\u010ce\u013ea\u010f:<\/strong>&nbsp;<em>Lamiaceae&nbsp;<\/em>(hluchavkovit\u00e9)<\/p>\n\n\n\n<p><strong>Botanick\u00e1 charakteristika:<\/strong>&nbsp;Jednoro\u010dn\u00e1 bylina, vysok\u00e1 40 cm. Stonka je \u0161tvorhrann\u00e1, rozkon\u00e1ren\u00e1, v&nbsp;dolnej \u010dasti drevnatej\u00faca. Listy s\u00fa tmavozelen\u00e9, \u00fazko kopijovit\u00e9, maj\u00fa kr\u00e1tku stopku s&nbsp;celistv\u00fdm okrajom. Biele, svetlofialov\u00e9 kvety s\u00fa usporiadan\u00e9 v&nbsp;praslenoch a vyrastaj\u00fa v&nbsp;pazuch\u00e1ch listov. Plodom s\u00fa tvrdky.<\/p>\n\n\n\n<p><strong>Mikroskopick\u00fd n\u00e1kres:<\/strong><\/p>\n\n\n<div class=\"wp-block-image\">\n<figure class=\"aligncenter size-full\"><img decoding=\"async\" loading=\"lazy\" width=\"330\" height=\"356\" src=\"https:\/\/www.liecivebyliny.eu\/wp-content\/uploads\/2023\/12\/image-44.png\" alt=\"\" class=\"wp-image-367\" srcset=\"https:\/\/www.liecivebyliny.eu\/wp-content\/uploads\/2023\/12\/image-44.png 330w, https:\/\/www.liecivebyliny.eu\/wp-content\/uploads\/2023\/12\/image-44-278x300.png 278w\" sizes=\"(max-width: 330px) 100vw, 330px\" \/><figcaption class=\"wp-element-caption\"><em>N\u00e1kres zobrazuje spodn\u00fa poko\u017eku listu saturejky z\u00e1hradnej na ktorej je mo\u017en\u00e9 n\u00e1js\u0165 krycie (a) a\u00a0\u017e\u013eaznat\u00e9 (b) trich\u00f3my. Charakteristick\u00e9 s\u00fa prieduchy s\u00a0dvoma sprievodn\u00fdmi bunkami (c).<\/em><\/figcaption><\/figure><\/div>\n\n\n<p><\/p>\n\n\n\n<p><strong>Roz\u0161\u00edrenie:<\/strong>&nbsp;P\u00f4vodne poch\u00e1dza z&nbsp;oblasti Stredozemn\u00e9ho mora. V&nbsp;na\u0161ich zemepisn\u00fdch podmienkach sa pestuje v&nbsp;z\u00e1hrad\u00e1ch, v opusten\u00fdch vinohradoch.<\/p>\n\n\n\n<p><strong>Droga:<\/strong>&nbsp;<em>Saturejae folium et herba<\/em><\/p>\n\n\n\n<p><strong>Sp\u00f4sob zberu:<\/strong>&nbsp;Zber v\u0148ate a listov sa realizuje na za\u010diatku kvitnutia a&nbsp;po\u010das kvitnutia, od j\u00fana do augusta. Listy a&nbsp;v\u0148a\u0165 sa zrez\u00e1vaj\u00fa pomocou z\u00e1hradn\u00edckych no\u017en\u00edc.<\/p>\n\n\n\n<p><strong>Su\u0161enie:<\/strong>&nbsp;V\u0148a\u0165 sa su\u0161\u00ed v&nbsp;tieni, vo vetrate\u013enej miestnosti, v&nbsp;tenk\u00fdch vrstv\u00e1ch, prirodzen\u00fdm sp\u00f4sobom. Pri umelom su\u0161en\u00ed v&nbsp;su\u0161iarni pri teplote do 35 \u00b0C.&nbsp;<\/p>\n\n\n\n<p><strong>Obsahov\u00e9 l\u00e1tky:<\/strong>&nbsp;Saturejka z\u00e1hradn\u00e1 obsahuje silicu na b\u00e1ze karvakrolu a&nbsp;cym\u00e9nu. K&nbsp;\u010fal\u0161\u00edm l\u00e1tkam patria triesloviny, flavonoidy a&nbsp;organick\u00e9 kyseliny s&nbsp;dominanciou kyseliny rozmar\u00ednovej a&nbsp;chlorog\u00e9novej.<\/p>\n\n\n\n<p><strong>Pou\u017eitie:<\/strong>&nbsp;Rastline sa pripisuj\u00fa s\u0165ahuj\u00face a&nbsp;antiseptick\u00e9 \u00fa\u010dinky. Naj\u010dastej\u0161ie sa u\u017e\u00edva na podporu tr\u00e1venia, pri nad\u00favan\u00ed a&nbsp;k\u0155\u010doch. V\u00fdluhmi z&nbsp;drogy sa m\u00f4\u017ee klokta\u0165 pri z\u00e1paloch sliznice \u00fast a&nbsp;nosohltanu.<\/p>\n\n\n\n<p><strong>Vybran\u00e9 rastlinn\u00e9 pr\u00edpravky:<\/strong>&nbsp;Pr\u00edr. farm\u00e1cia SATUREJKA Z\u00c1HRADN\u00c1 &#8211; V\u0147A\u0164 bylinn\u00fd \u010daj 1&#215;40 g, JUVAMED Akt\u00edvne tr\u00e1venie bylinn\u00e9 kvapky 50 ml, Phyteneo Vermophyt sirup 60 ml, Phyteneo Vermophyt cps 20 ks, TESTOREX ULTRA &#8211; POTENCI\u00c1L cps 60 ks.<\/p>\n","protected":false},"excerpt":{"rendered":"<p>Slovensk\u00fd n\u00e1zov:\u00a0saturejka z\u00e1hradn\u00e1 Anglick\u00fd n\u00e1zov:&nbsp;Summer savory \u010cesk\u00fd n\u00e1zov:&nbsp;saturejka z\u00e1hradn\u00ed \u013dudov\u00fd n\u00e1zov:&nbsp;\u010dibr \u010ce\u013ea\u010f:&nbsp;Lamiaceae&nbsp;(hluchavkovit\u00e9) Botanick\u00e1 charakteristika:&nbsp;Jednoro\u010dn\u00e1 bylina, vysok\u00e1 40 cm. Stonka je \u0161tvorhrann\u00e1, rozkon\u00e1ren\u00e1, v&nbsp;dolnej \u010dasti drevnatej\u00faca. Listy s\u00fa tmavozelen\u00e9, \u00fazko kopijovit\u00e9, maj\u00fa kr\u00e1tku stopku s&nbsp;celistv\u00fdm okrajom. Biele, svetlofialov\u00e9 kvety s\u00fa usporiadan\u00e9 v&nbsp;praslenoch a vyrastaj\u00fa v&nbsp;pazuch\u00e1ch listov. Plodom s\u00fa tvrdky. Mikroskopick\u00fd n\u00e1kres: Roz\u0161\u00edrenie:&nbsp;P\u00f4vodne poch\u00e1dza z&nbsp;oblasti Stredozemn\u00e9ho mora. [&hellip;]<\/p>\n","protected":false},"author":1,"featured_media":0,"parent":0,"menu_order":0,"comment_status":"closed","ping_status":"closed","template":"","meta":{"_mi_skip_tracking":false},"yoast_head":"<!-- This site is optimized with the Yoast SEO plugin v20.4 - https:\/\/yoast.com\/wordpress\/plugins\/seo\/ -->\n<title>Satureja hortensis&nbsp;L. - liecivebyliny.eu<\/title>\n<meta name=\"robots\" content=\"index, follow, max-snippet:-1, max-image-preview:large, max-video-preview:-1\" \/>\n<link rel=\"canonical\" href=\"https:\/\/www.liecivebyliny.eu\/?page_id=364\" \/>\n<meta property=\"og:locale\" content=\"sk_SK\" \/>\n<meta property=\"og:type\" content=\"article\" \/>\n<meta property=\"og:title\" content=\"Satureja hortensis&nbsp;L. - liecivebyliny.eu\" \/>\n<meta property=\"og:description\" content=\"Slovensk\u00fd n\u00e1zov:\u00a0saturejka z\u00e1hradn\u00e1 Anglick\u00fd n\u00e1zov:&nbsp;Summer savory \u010cesk\u00fd n\u00e1zov:&nbsp;saturejka z\u00e1hradn\u00ed \u013dudov\u00fd n\u00e1zov:&nbsp;\u010dibr \u010ce\u013ea\u010f:&nbsp;Lamiaceae&nbsp;(hluchavkovit\u00e9) Botanick\u00e1 charakteristika:&nbsp;Jednoro\u010dn\u00e1 bylina, vysok\u00e1 40 cm. Stonka je \u0161tvorhrann\u00e1, rozkon\u00e1ren\u00e1, v&nbsp;dolnej \u010dasti drevnatej\u00faca. Listy s\u00fa tmavozelen\u00e9, \u00fazko kopijovit\u00e9, maj\u00fa kr\u00e1tku stopku s&nbsp;celistv\u00fdm okrajom. Biele, svetlofialov\u00e9 kvety s\u00fa usporiadan\u00e9 v&nbsp;praslenoch a vyrastaj\u00fa v&nbsp;pazuch\u00e1ch listov. Plodom s\u00fa tvrdky. Mikroskopick\u00fd n\u00e1kres: Roz\u0161\u00edrenie:&nbsp;P\u00f4vodne poch\u00e1dza z&nbsp;oblasti Stredozemn\u00e9ho mora. [&hellip;]\" \/>\n<meta property=\"og:url\" content=\"https:\/\/www.liecivebyliny.eu\/?page_id=364\" \/>\n<meta property=\"og:site_name\" content=\"liecivebyliny.eu\" \/>\n<meta property=\"article:modified_time\" content=\"2023-12-23T18:00:41+00:00\" \/>\n<meta property=\"og:image\" content=\"https:\/\/www.liecivebyliny.eu\/wp-content\/uploads\/2023\/12\/image-39.jpeg\" \/>\n<meta name=\"twitter:card\" content=\"summary_large_image\" \/>\n<meta name=\"twitter:label1\" content=\"Predpokladan\u00fd \u010das \u010d\u00edtania\" \/>\n\t<meta name=\"twitter:data1\" content=\"2 min\u00faty\" \/>\n<script type=\"application\/ld+json\" class=\"yoast-schema-graph\">{\"@context\":\"https:\/\/schema.org\",\"@graph\":[{\"@type\":\"WebPage\",\"@id\":\"https:\/\/www.liecivebyliny.eu\/?page_id=364\",\"url\":\"https:\/\/www.liecivebyliny.eu\/?page_id=364\",\"name\":\"Satureja hortensis&nbsp;L. - liecivebyliny.eu\",\"isPartOf\":{\"@id\":\"https:\/\/www.liecivebyliny.eu\/#website\"},\"datePublished\":\"2023-12-23T18:00:40+00:00\",\"dateModified\":\"2023-12-23T18:00:41+00:00\",\"breadcrumb\":{\"@id\":\"https:\/\/www.liecivebyliny.eu\/?page_id=364#breadcrumb\"},\"inLanguage\":\"sk-SK\",\"potentialAction\":[{\"@type\":\"ReadAction\",\"target\":[\"https:\/\/www.liecivebyliny.eu\/?page_id=364\"]}]},{\"@type\":\"BreadcrumbList\",\"@id\":\"https:\/\/www.liecivebyliny.eu\/?page_id=364#breadcrumb\",\"itemListElement\":[{\"@type\":\"ListItem\",\"position\":1,\"name\":\"Home\",\"item\":\"https:\/\/www.liecivebyliny.eu\/\"},{\"@type\":\"ListItem\",\"position\":2,\"name\":\"Satureja hortensis&nbsp;L.\"}]},{\"@type\":\"WebSite\",\"@id\":\"https:\/\/www.liecivebyliny.eu\/#website\",\"url\":\"https:\/\/www.liecivebyliny.eu\/\",\"name\":\"liecivebyliny.eu\",\"description\":\"\",\"potentialAction\":[{\"@type\":\"SearchAction\",\"target\":{\"@type\":\"EntryPoint\",\"urlTemplate\":\"https:\/\/www.liecivebyliny.eu\/?s={search_term_string}\"},\"query-input\":\"required name=search_term_string\"}],\"inLanguage\":\"sk-SK\"}]}<\/script>\n<!-- \/ Yoast SEO plugin. -->","yoast_head_json":{"title":"Satureja hortensis&nbsp;L. - liecivebyliny.eu","robots":{"index":"index","follow":"follow","max-snippet":"max-snippet:-1","max-image-preview":"max-image-preview:large","max-video-preview":"max-video-preview:-1"},"canonical":"https:\/\/www.liecivebyliny.eu\/?page_id=364","og_locale":"sk_SK","og_type":"article","og_title":"Satureja hortensis&nbsp;L. - liecivebyliny.eu","og_description":"Slovensk\u00fd n\u00e1zov:\u00a0saturejka z\u00e1hradn\u00e1 Anglick\u00fd n\u00e1zov:&nbsp;Summer savory \u010cesk\u00fd n\u00e1zov:&nbsp;saturejka z\u00e1hradn\u00ed \u013dudov\u00fd n\u00e1zov:&nbsp;\u010dibr \u010ce\u013ea\u010f:&nbsp;Lamiaceae&nbsp;(hluchavkovit\u00e9) Botanick\u00e1 charakteristika:&nbsp;Jednoro\u010dn\u00e1 bylina, vysok\u00e1 40 cm. Stonka je \u0161tvorhrann\u00e1, rozkon\u00e1ren\u00e1, v&nbsp;dolnej \u010dasti drevnatej\u00faca. Listy s\u00fa tmavozelen\u00e9, \u00fazko kopijovit\u00e9, maj\u00fa kr\u00e1tku stopku s&nbsp;celistv\u00fdm okrajom. Biele, svetlofialov\u00e9 kvety s\u00fa usporiadan\u00e9 v&nbsp;praslenoch a vyrastaj\u00fa v&nbsp;pazuch\u00e1ch listov. Plodom s\u00fa tvrdky. Mikroskopick\u00fd n\u00e1kres: Roz\u0161\u00edrenie:&nbsp;P\u00f4vodne poch\u00e1dza z&nbsp;oblasti Stredozemn\u00e9ho mora. [&hellip;]","og_url":"https:\/\/www.liecivebyliny.eu\/?page_id=364","og_site_name":"liecivebyliny.eu","article_modified_time":"2023-12-23T18:00:41+00:00","og_image":[{"url":"https:\/\/www.liecivebyliny.eu\/wp-content\/uploads\/2023\/12\/image-39.jpeg"}],"twitter_card":"summary_large_image","twitter_misc":{"Predpokladan\u00fd \u010das \u010d\u00edtania":"2 min\u00faty"},"schema":{"@context":"https:\/\/schema.org","@graph":[{"@type":"WebPage","@id":"https:\/\/www.liecivebyliny.eu\/?page_id=364","url":"https:\/\/www.liecivebyliny.eu\/?page_id=364","name":"Satureja hortensis&nbsp;L. - liecivebyliny.eu","isPartOf":{"@id":"https:\/\/www.liecivebyliny.eu\/#website"},"datePublished":"2023-12-23T18:00:40+00:00","dateModified":"2023-12-23T18:00:41+00:00","breadcrumb":{"@id":"https:\/\/www.liecivebyliny.eu\/?page_id=364#breadcrumb"},"inLanguage":"sk-SK","potentialAction":[{"@type":"ReadAction","target":["https:\/\/www.liecivebyliny.eu\/?page_id=364"]}]},{"@type":"BreadcrumbList","@id":"https:\/\/www.liecivebyliny.eu\/?page_id=364#breadcrumb","itemListElement":[{"@type":"ListItem","position":1,"name":"Home","item":"https:\/\/www.liecivebyliny.eu\/"},{"@type":"ListItem","position":2,"name":"Satureja hortensis&nbsp;L."}]},{"@type":"WebSite","@id":"https:\/\/www.liecivebyliny.eu\/#website","url":"https:\/\/www.liecivebyliny.eu\/","name":"liecivebyliny.eu","description":"","potentialAction":[{"@type":"SearchAction","target":{"@type":"EntryPoint","urlTemplate":"https:\/\/www.liecivebyliny.eu\/?s={search_term_string}"},"query-input":"required name=search_term_string"}],"inLanguage":"sk-SK"}]}},"_links":{"self":[{"href":"https:\/\/www.liecivebyliny.eu\/index.php?rest_route=\/wp\/v2\/pages\/364"}],"collection":[{"href":"https:\/\/www.liecivebyliny.eu\/index.php?rest_route=\/wp\/v2\/pages"}],"about":[{"href":"https:\/\/www.liecivebyliny.eu\/index.php?rest_route=\/wp\/v2\/types\/page"}],"author":[{"embeddable":true,"href":"https:\/\/www.liecivebyliny.eu\/index.php?rest_route=\/wp\/v2\/users\/1"}],"replies":[{"embeddable":true,"href":"https:\/\/www.liecivebyliny.eu\/index.php?rest_route=%2Fwp%2Fv2%2Fcomments&post=364"}],"version-history":[{"count":1,"href":"https:\/\/www.liecivebyliny.eu\/index.php?rest_route=\/wp\/v2\/pages\/364\/revisions"}],"predecessor-version":[{"id":368,"href":"https:\/\/www.liecivebyliny.eu\/index.php?rest_route=\/wp\/v2\/pages\/364\/revisions\/368"}],"wp:attachment":[{"href":"https:\/\/www.liecivebyliny.eu\/index.php?rest_route=%2Fwp%2Fv2%2Fmedia&parent=364"}],"curies":[{"name":"wp","href":"https:\/\/api.w.org\/{rel}","templated":true}]}}