{"id":386,"date":"2023-12-23T19:12:43","date_gmt":"2023-12-23T18:12:43","guid":{"rendered":"https:\/\/www.liecivebyliny.eu\/?page_id=386"},"modified":"2024-01-01T19:54:09","modified_gmt":"2024-01-01T18:54:09","slug":"tilia-cordata-mill-tilia-plathyphylla-scop","status":"publish","type":"page","link":"https:\/\/www.liecivebyliny.eu\/?page_id=386","title":{"rendered":"Tilia cordata\u00a0Mill., Tilia plathyphylla\u00a0Scop."},"content":{"rendered":"<div class=\"wp-block-image\">\n<figure class=\"aligncenter size-full\"><img decoding=\"async\" loading=\"lazy\" width=\"254\" height=\"370\" src=\"https:\/\/www.liecivebyliny.eu\/wp-content\/uploads\/2023\/12\/image-43.jpeg\" alt=\"\" class=\"wp-image-387\" srcset=\"https:\/\/www.liecivebyliny.eu\/wp-content\/uploads\/2023\/12\/image-43.jpeg 254w, https:\/\/www.liecivebyliny.eu\/wp-content\/uploads\/2023\/12\/image-43-206x300.jpeg 206w\" sizes=\"(max-width: 254px) 100vw, 254px\" \/><figcaption class=\"wp-element-caption\">Lipa<\/figcaption><\/figure><\/div>\n\n\n<p><strong>Slovensk\u00fd n\u00e1zov:&nbsp;<\/strong>lipa malolist\u00e1, lipa ve\u013ekolist\u00e1<\/p>\n\n\n\n<p><strong>Anglick\u00fd n\u00e1zov:<\/strong>&nbsp;Common lime<\/p>\n\n\n\n<p><strong>\u010cesk\u00fd n\u00e1zov:<\/strong>&nbsp;l\u00edpa velkolist\u00e1, l\u00edpa \u0161irolist\u00e1<\/p>\n\n\n\n<p><strong>\u013dudov\u00fd n\u00e1zvov:<\/strong>&nbsp;lipka<\/p>\n\n\n\n<p><strong>\u010ce\u013ea\u010f:<\/strong>&nbsp;<em>Tiliaceae&nbsp;<\/em>(lipovit\u00e9)<\/p>\n\n\n\n<p><strong>Botanick\u00e1 charakteristika:&nbsp;<\/strong>Strom&nbsp;vysok\u00fd 20 \u2013 30 m, s&nbsp;hustou korunou. Listy s\u00fa ve\u013ek\u00e9, striedav\u00e9, srdcovit\u00e9, dlhostopkat\u00e9, jemne p\u00edlkovit\u00e9, s&nbsp;pril\u00edstkami v&nbsp;pazuch\u00e1ch. Lipa malolist\u00e1 m\u00e1 men\u0161ie listy. Kvety s\u00fa vidlicovite usporiadan\u00e9. Plodom je gu\u013eovit\u00e1 na\u017eka.<\/p>\n\n\n\n<p><strong>Mikroskopick\u00fd n\u00e1kres:<\/strong><\/p>\n\n\n<div class=\"wp-block-image\">\n<figure class=\"aligncenter size-full is-resized\"><img decoding=\"async\" loading=\"lazy\" src=\"https:\/\/www.liecivebyliny.eu\/wp-content\/uploads\/2023\/12\/image-48.png\" alt=\"\" class=\"wp-image-388\" width=\"377\" height=\"278\" srcset=\"https:\/\/www.liecivebyliny.eu\/wp-content\/uploads\/2023\/12\/image-48.png 412w, https:\/\/www.liecivebyliny.eu\/wp-content\/uploads\/2023\/12\/image-48-300x221.png 300w\" sizes=\"(max-width: 377px) 100vw, 377px\" \/><figcaption class=\"wp-element-caption\"><em>Poko\u017eka kali\u0161n\u00e9ho l\u00edstka lipy ve\u013ekokvetej je husto porasten\u00e1 kryc\u00edmi trich\u00f3mami (a). Mnoh\u00e9 z&nbsp;nich vyrastaj\u00fa vo zv\u00e4zkoch ako chum\u00e1\u010dikovit\u00e9 trich\u00f3my (b). Niektor\u00e9 bunky obsahuj\u00fa \u0161\u0165avelan v\u00e1penat\u00fd v&nbsp;podobe dr\u00faz (c).<\/em><\/figcaption><\/figure><\/div>\n\n<div class=\"wp-block-image\">\n<figure class=\"aligncenter size-full is-resized\"><img decoding=\"async\" loading=\"lazy\" src=\"https:\/\/www.liecivebyliny.eu\/wp-content\/uploads\/2024\/01\/Tiliae-flos-100x.jpg\" alt=\"\" class=\"wp-image-893\" width=\"372\" height=\"279\" srcset=\"https:\/\/www.liecivebyliny.eu\/wp-content\/uploads\/2024\/01\/Tiliae-flos-100x.jpg 640w, https:\/\/www.liecivebyliny.eu\/wp-content\/uploads\/2024\/01\/Tiliae-flos-100x-300x225.jpg 300w\" sizes=\"(max-width: 372px) 100vw, 372px\" \/><figcaption class=\"wp-element-caption\">Poko\u017eka ko\u017eovit\u00e9ho liste\u0148a lipov\u00fdch kvetov (zv\u00e4\u010d\u0161en\u00e9 100x)<\/figcaption><\/figure><\/div>\n\n\n<p><\/p>\n\n\n\n<p><strong>Roz\u0161\u00edrenie:<\/strong>&nbsp;Rastie na vlhk\u00fdch p\u00f4dach, v&nbsp;listnat\u00fdch a&nbsp;zmie\u0161an\u00fdch lesoch, pri okrajoch ciest.<\/p>\n\n\n\n<p><strong>Droga:<\/strong>&nbsp;<em>Tiliae flos<\/em><\/p>\n\n\n\n<p><strong>Sp\u00f4sob zberu: Kvitne<\/strong>&nbsp;v mesiacoch j\u00fan a j\u00fal. Kvety spolu s&nbsp;liste\u0148om sa zbieraj\u00fa v&nbsp;obdob\u00ed pln\u00e9ho kvitnutia ru\u010dne, alebo no\u017enicami. Po zbere sa kvety triedia a&nbsp;odstra\u0148uj\u00fa sa ne\u010distoty.&nbsp;<\/p>\n\n\n\n<p><strong>Su\u0161enie:<\/strong>&nbsp;Kvet sa su\u0161\u00ed prirodzen\u00fdm sp\u00f4sobom v&nbsp;jednej vrstve, v&nbsp;tieni, vo vzdu\u0161nej miestnosti. Umel\u00fdm sp\u00f4sobom v&nbsp;su\u0161i\u010dke pri 45 \u00b0C.&nbsp;<\/p>\n\n\n\n<p><strong>Obsahov\u00e9 l\u00e1tky:<\/strong>&nbsp;Lipov\u00fd kvet je bohat\u00fd na pr\u00edtomnos\u0165 flavonoidov, z&nbsp;ktor\u00fdch je dominantn\u00fd rut\u00edn a&nbsp;hyperozid. Hojne s\u00fa obsiahnut\u00e9 slizov\u00e9 l\u00e1tky a&nbsp;silice. Rastlina v&nbsp;r\u00e1mci svojho metabolizmu syntetizuje aj triesloviny, \u010di organick\u00e9 kyseliny napr. kyselinu k\u00e1vov\u00fa, chlorog\u00e9nov\u00fa a&nbsp;p\u2011kumarov\u00fa.<\/p>\n\n\n\n<p><strong>Pou\u017eitie:<\/strong>&nbsp;Lipov\u00fd kvet sa pou\u017e\u00edva pri chorob\u00e1ch z&nbsp;prechladnutia a&nbsp;pri ka\u0161li. M\u00e1 v\u00fdrazn\u00fd potopudn\u00fd a&nbsp;mo\u010dopudn\u00fd \u00fa\u010dinok. \u010caju z&nbsp;tejto drogy sa pripisuje aj schopnos\u0165 tlmi\u0165 k\u0155\u010de.<\/p>\n\n\n\n<p><strong>Tradi\u010dn\u00fd sp\u00f4sob pou\u017eitia v&nbsp;indik\u00e1ci\u00e1ch ur\u010den\u00fdch v\u00fdhradne na z\u00e1klade dlhodob\u00e9ho pou\u017e\u00edvania:<\/strong><\/p>\n\n\n\n<p><strong>Vybran\u00e9 rastlinn\u00e9 pr\u00edpravky:<\/strong>&nbsp;APOTHEKE LIPOV\u00dd BYLINN\u00dd \u010cAJ 20&#215;1,5 g, FYTO LIPOV\u00dd \u010cAJ SYPAN\u00dd 1&#215;40 g, AGROKARPATY Prechladnutie BAZA S LIPOU bylinn\u00fd \u010daj 20&#215;2 g,&nbsp;MEGAFYT Dobr\u00fa noc bylinn\u00fd \u010daj 20&#215;1,5 g,&nbsp;&nbsp;NaturProdukt LIPOV\u00c9 PASTILKY d\u00fdchanie a imunita 20 ks, Dr.Max Sinutin tekut\u00fd pr\u00edpravok 245 ml, Slovakiapharm TUSIKOL 250 ml.&nbsp;<\/p>\n","protected":false},"excerpt":{"rendered":"<p>Slovensk\u00fd n\u00e1zov:&nbsp;lipa malolist\u00e1, lipa ve\u013ekolist\u00e1 Anglick\u00fd n\u00e1zov:&nbsp;Common lime \u010cesk\u00fd n\u00e1zov:&nbsp;l\u00edpa velkolist\u00e1, l\u00edpa \u0161irolist\u00e1 \u013dudov\u00fd n\u00e1zvov:&nbsp;lipka \u010ce\u013ea\u010f:&nbsp;Tiliaceae&nbsp;(lipovit\u00e9) Botanick\u00e1 charakteristika:&nbsp;Strom&nbsp;vysok\u00fd 20 \u2013 30 m, s&nbsp;hustou korunou. Listy s\u00fa ve\u013ek\u00e9, striedav\u00e9, srdcovit\u00e9, dlhostopkat\u00e9, jemne p\u00edlkovit\u00e9, s&nbsp;pril\u00edstkami v&nbsp;pazuch\u00e1ch. Lipa malolist\u00e1 m\u00e1 men\u0161ie listy. Kvety s\u00fa vidlicovite usporiadan\u00e9. Plodom je gu\u013eovit\u00e1 na\u017eka. Mikroskopick\u00fd n\u00e1kres: Roz\u0161\u00edrenie:&nbsp;Rastie na vlhk\u00fdch p\u00f4dach, v&nbsp;listnat\u00fdch a&nbsp;zmie\u0161an\u00fdch [&hellip;]<\/p>\n","protected":false},"author":1,"featured_media":0,"parent":0,"menu_order":0,"comment_status":"closed","ping_status":"closed","template":"","meta":{"_mi_skip_tracking":false},"yoast_head":"<!-- This site is optimized with the Yoast SEO plugin v20.4 - https:\/\/yoast.com\/wordpress\/plugins\/seo\/ -->\n<title>Tilia cordata\u00a0Mill., Tilia plathyphylla\u00a0Scop. - liecivebyliny.eu<\/title>\n<meta name=\"robots\" content=\"index, follow, max-snippet:-1, max-image-preview:large, max-video-preview:-1\" \/>\n<link rel=\"canonical\" href=\"https:\/\/www.liecivebyliny.eu\/?page_id=386\" \/>\n<meta property=\"og:locale\" content=\"sk_SK\" \/>\n<meta property=\"og:type\" content=\"article\" \/>\n<meta property=\"og:title\" content=\"Tilia cordata\u00a0Mill., Tilia plathyphylla\u00a0Scop. - liecivebyliny.eu\" \/>\n<meta property=\"og:description\" content=\"Slovensk\u00fd n\u00e1zov:&nbsp;lipa malolist\u00e1, lipa ve\u013ekolist\u00e1 Anglick\u00fd n\u00e1zov:&nbsp;Common lime \u010cesk\u00fd n\u00e1zov:&nbsp;l\u00edpa velkolist\u00e1, l\u00edpa \u0161irolist\u00e1 \u013dudov\u00fd n\u00e1zvov:&nbsp;lipka \u010ce\u013ea\u010f:&nbsp;Tiliaceae&nbsp;(lipovit\u00e9) Botanick\u00e1 charakteristika:&nbsp;Strom&nbsp;vysok\u00fd 20 \u2013 30 m, s&nbsp;hustou korunou. Listy s\u00fa ve\u013ek\u00e9, striedav\u00e9, srdcovit\u00e9, dlhostopkat\u00e9, jemne p\u00edlkovit\u00e9, s&nbsp;pril\u00edstkami v&nbsp;pazuch\u00e1ch. Lipa malolist\u00e1 m\u00e1 men\u0161ie listy. Kvety s\u00fa vidlicovite usporiadan\u00e9. Plodom je gu\u013eovit\u00e1 na\u017eka. Mikroskopick\u00fd n\u00e1kres: Roz\u0161\u00edrenie:&nbsp;Rastie na vlhk\u00fdch p\u00f4dach, v&nbsp;listnat\u00fdch a&nbsp;zmie\u0161an\u00fdch [&hellip;]\" \/>\n<meta property=\"og:url\" content=\"https:\/\/www.liecivebyliny.eu\/?page_id=386\" \/>\n<meta property=\"og:site_name\" content=\"liecivebyliny.eu\" \/>\n<meta property=\"article:modified_time\" content=\"2024-01-01T18:54:09+00:00\" \/>\n<meta property=\"og:image\" content=\"https:\/\/www.liecivebyliny.eu\/wp-content\/uploads\/2023\/12\/image-43.jpeg\" \/>\n<meta name=\"twitter:card\" content=\"summary_large_image\" \/>\n<meta name=\"twitter:label1\" content=\"Predpokladan\u00fd \u010das \u010d\u00edtania\" \/>\n\t<meta name=\"twitter:data1\" content=\"3 min\u00faty\" \/>\n<script type=\"application\/ld+json\" class=\"yoast-schema-graph\">{\"@context\":\"https:\/\/schema.org\",\"@graph\":[{\"@type\":\"WebPage\",\"@id\":\"https:\/\/www.liecivebyliny.eu\/?page_id=386\",\"url\":\"https:\/\/www.liecivebyliny.eu\/?page_id=386\",\"name\":\"Tilia cordata\u00a0Mill., Tilia plathyphylla\u00a0Scop. - liecivebyliny.eu\",\"isPartOf\":{\"@id\":\"https:\/\/www.liecivebyliny.eu\/#website\"},\"datePublished\":\"2023-12-23T18:12:43+00:00\",\"dateModified\":\"2024-01-01T18:54:09+00:00\",\"breadcrumb\":{\"@id\":\"https:\/\/www.liecivebyliny.eu\/?page_id=386#breadcrumb\"},\"inLanguage\":\"sk-SK\",\"potentialAction\":[{\"@type\":\"ReadAction\",\"target\":[\"https:\/\/www.liecivebyliny.eu\/?page_id=386\"]}]},{\"@type\":\"BreadcrumbList\",\"@id\":\"https:\/\/www.liecivebyliny.eu\/?page_id=386#breadcrumb\",\"itemListElement\":[{\"@type\":\"ListItem\",\"position\":1,\"name\":\"Home\",\"item\":\"https:\/\/www.liecivebyliny.eu\/\"},{\"@type\":\"ListItem\",\"position\":2,\"name\":\"Tilia cordata\u00a0Mill., Tilia plathyphylla\u00a0Scop.\"}]},{\"@type\":\"WebSite\",\"@id\":\"https:\/\/www.liecivebyliny.eu\/#website\",\"url\":\"https:\/\/www.liecivebyliny.eu\/\",\"name\":\"liecivebyliny.eu\",\"description\":\"\",\"potentialAction\":[{\"@type\":\"SearchAction\",\"target\":{\"@type\":\"EntryPoint\",\"urlTemplate\":\"https:\/\/www.liecivebyliny.eu\/?s={search_term_string}\"},\"query-input\":\"required name=search_term_string\"}],\"inLanguage\":\"sk-SK\"}]}<\/script>\n<!-- \/ Yoast SEO plugin. -->","yoast_head_json":{"title":"Tilia cordata\u00a0Mill., Tilia plathyphylla\u00a0Scop. - liecivebyliny.eu","robots":{"index":"index","follow":"follow","max-snippet":"max-snippet:-1","max-image-preview":"max-image-preview:large","max-video-preview":"max-video-preview:-1"},"canonical":"https:\/\/www.liecivebyliny.eu\/?page_id=386","og_locale":"sk_SK","og_type":"article","og_title":"Tilia cordata\u00a0Mill., Tilia plathyphylla\u00a0Scop. - liecivebyliny.eu","og_description":"Slovensk\u00fd n\u00e1zov:&nbsp;lipa malolist\u00e1, lipa ve\u013ekolist\u00e1 Anglick\u00fd n\u00e1zov:&nbsp;Common lime \u010cesk\u00fd n\u00e1zov:&nbsp;l\u00edpa velkolist\u00e1, l\u00edpa \u0161irolist\u00e1 \u013dudov\u00fd n\u00e1zvov:&nbsp;lipka \u010ce\u013ea\u010f:&nbsp;Tiliaceae&nbsp;(lipovit\u00e9) Botanick\u00e1 charakteristika:&nbsp;Strom&nbsp;vysok\u00fd 20 \u2013 30 m, s&nbsp;hustou korunou. Listy s\u00fa ve\u013ek\u00e9, striedav\u00e9, srdcovit\u00e9, dlhostopkat\u00e9, jemne p\u00edlkovit\u00e9, s&nbsp;pril\u00edstkami v&nbsp;pazuch\u00e1ch. Lipa malolist\u00e1 m\u00e1 men\u0161ie listy. Kvety s\u00fa vidlicovite usporiadan\u00e9. Plodom je gu\u013eovit\u00e1 na\u017eka. Mikroskopick\u00fd n\u00e1kres: Roz\u0161\u00edrenie:&nbsp;Rastie na vlhk\u00fdch p\u00f4dach, v&nbsp;listnat\u00fdch a&nbsp;zmie\u0161an\u00fdch [&hellip;]","og_url":"https:\/\/www.liecivebyliny.eu\/?page_id=386","og_site_name":"liecivebyliny.eu","article_modified_time":"2024-01-01T18:54:09+00:00","og_image":[{"url":"https:\/\/www.liecivebyliny.eu\/wp-content\/uploads\/2023\/12\/image-43.jpeg"}],"twitter_card":"summary_large_image","twitter_misc":{"Predpokladan\u00fd \u010das \u010d\u00edtania":"3 min\u00faty"},"schema":{"@context":"https:\/\/schema.org","@graph":[{"@type":"WebPage","@id":"https:\/\/www.liecivebyliny.eu\/?page_id=386","url":"https:\/\/www.liecivebyliny.eu\/?page_id=386","name":"Tilia cordata\u00a0Mill., Tilia plathyphylla\u00a0Scop. - liecivebyliny.eu","isPartOf":{"@id":"https:\/\/www.liecivebyliny.eu\/#website"},"datePublished":"2023-12-23T18:12:43+00:00","dateModified":"2024-01-01T18:54:09+00:00","breadcrumb":{"@id":"https:\/\/www.liecivebyliny.eu\/?page_id=386#breadcrumb"},"inLanguage":"sk-SK","potentialAction":[{"@type":"ReadAction","target":["https:\/\/www.liecivebyliny.eu\/?page_id=386"]}]},{"@type":"BreadcrumbList","@id":"https:\/\/www.liecivebyliny.eu\/?page_id=386#breadcrumb","itemListElement":[{"@type":"ListItem","position":1,"name":"Home","item":"https:\/\/www.liecivebyliny.eu\/"},{"@type":"ListItem","position":2,"name":"Tilia cordata\u00a0Mill., Tilia plathyphylla\u00a0Scop."}]},{"@type":"WebSite","@id":"https:\/\/www.liecivebyliny.eu\/#website","url":"https:\/\/www.liecivebyliny.eu\/","name":"liecivebyliny.eu","description":"","potentialAction":[{"@type":"SearchAction","target":{"@type":"EntryPoint","urlTemplate":"https:\/\/www.liecivebyliny.eu\/?s={search_term_string}"},"query-input":"required name=search_term_string"}],"inLanguage":"sk-SK"}]}},"_links":{"self":[{"href":"https:\/\/www.liecivebyliny.eu\/index.php?rest_route=\/wp\/v2\/pages\/386"}],"collection":[{"href":"https:\/\/www.liecivebyliny.eu\/index.php?rest_route=\/wp\/v2\/pages"}],"about":[{"href":"https:\/\/www.liecivebyliny.eu\/index.php?rest_route=\/wp\/v2\/types\/page"}],"author":[{"embeddable":true,"href":"https:\/\/www.liecivebyliny.eu\/index.php?rest_route=\/wp\/v2\/users\/1"}],"replies":[{"embeddable":true,"href":"https:\/\/www.liecivebyliny.eu\/index.php?rest_route=%2Fwp%2Fv2%2Fcomments&post=386"}],"version-history":[{"count":2,"href":"https:\/\/www.liecivebyliny.eu\/index.php?rest_route=\/wp\/v2\/pages\/386\/revisions"}],"predecessor-version":[{"id":894,"href":"https:\/\/www.liecivebyliny.eu\/index.php?rest_route=\/wp\/v2\/pages\/386\/revisions\/894"}],"wp:attachment":[{"href":"https:\/\/www.liecivebyliny.eu\/index.php?rest_route=%2Fwp%2Fv2%2Fmedia&parent=386"}],"curies":[{"name":"wp","href":"https:\/\/api.w.org\/{rel}","templated":true}]}}