{"id":393,"date":"2023-12-23T19:16:27","date_gmt":"2023-12-23T18:16:27","guid":{"rendered":"https:\/\/www.liecivebyliny.eu\/?page_id=393"},"modified":"2023-12-23T19:16:28","modified_gmt":"2023-12-23T18:16:28","slug":"trifolium-pratense-l","status":"publish","type":"page","link":"https:\/\/www.liecivebyliny.eu\/?page_id=393","title":{"rendered":"<em>Trifolium pratense<\/em>&nbsp;L."},"content":{"rendered":"<div class=\"wp-block-image\">\n<figure class=\"aligncenter size-full\"><img decoding=\"async\" loading=\"lazy\" width=\"256\" height=\"340\" src=\"https:\/\/www.liecivebyliny.eu\/wp-content\/uploads\/2023\/12\/image-44.jpeg\" alt=\"\" class=\"wp-image-394\" srcset=\"https:\/\/www.liecivebyliny.eu\/wp-content\/uploads\/2023\/12\/image-44.jpeg 256w, https:\/\/www.liecivebyliny.eu\/wp-content\/uploads\/2023\/12\/image-44-226x300.jpeg 226w\" sizes=\"(max-width: 256px) 100vw, 256px\" \/><figcaption class=\"wp-element-caption\">\u010eatelina l\u00fa\u010dna<\/figcaption><\/figure><\/div>\n\n\n<p><strong>Slovensk\u00fd n\u00e1zov:\u00a0<\/strong>\u010fatelina l\u00fa\u010dna<\/p>\n\n\n\n<p><strong>Anglick\u00fd n\u00e1zov:<\/strong>&nbsp;Red clover<\/p>\n\n\n\n<p><strong>\u010cesk\u00fd n\u00e1zov:<\/strong>&nbsp;jetel lu\u010dn\u00ed<\/p>\n\n\n\n<p><strong>\u013dudov\u00e9 n\u00e1zvy:<\/strong>&nbsp;\u0161tajerka, vytrval\u00e1 \u010fatelina<\/p>\n\n\n\n<p><strong>\u010ce\u013ea\u010f:<\/strong>&nbsp;<em>Fabaceae&nbsp;<\/em>(b\u00f4bovit\u00e9)<\/p>\n\n\n\n<p><strong>Botanick\u00e1 charakteristika:&nbsp;<\/strong>Trv\u00e1ca&nbsp;rozkon\u00e1ren\u00e1 bylina, ktor\u00e1 dorast\u00e1 do v\u00fd\u0161ky 10 \u2013 40 cm. Listy s\u00fa trojpo\u010detn\u00e9, maj\u00fa na l\u00edcnej strane okr\u00fahle elipsovit\u00e9 a rubovej chlpat\u00e9 pril\u00edstky. Ru\u017eovo\u010derven\u00e9 kvety tvoria gu\u013eovit\u00fa hl\u00e1vku. Plodom je jednosemenn\u00fd struk.<\/p>\n\n\n\n<p><strong>Mikroskopick\u00fd n\u00e1kres:<\/strong><\/p>\n\n\n<div class=\"wp-block-image\">\n<figure class=\"aligncenter size-full\"><img decoding=\"async\" loading=\"lazy\" width=\"332\" height=\"270\" src=\"https:\/\/www.liecivebyliny.eu\/wp-content\/uploads\/2023\/12\/image-49.png\" alt=\"\" class=\"wp-image-395\" srcset=\"https:\/\/www.liecivebyliny.eu\/wp-content\/uploads\/2023\/12\/image-49.png 332w, https:\/\/www.liecivebyliny.eu\/wp-content\/uploads\/2023\/12\/image-49-300x244.png 300w\" sizes=\"(max-width: 332px) 100vw, 332px\" \/><figcaption class=\"wp-element-caption\"><em>N\u00e1kres zobrazuje prie\u010dny rez stonkou \u010fateliny l\u00fa\u010dnej. Povrch stonky tvor\u00ed poko\u017eka (a), pod\u00a0ktorou je parench\u00fdm a\u00a0v\u00a0\u0148om s\u00fa ulo\u017een\u00e9 cievne zv\u00e4zky (b).<\/em><\/figcaption><\/figure><\/div>\n\n\n<p><\/p>\n\n\n\n<p><strong>Roz\u0161\u00edrenie:<\/strong>&nbsp;Rastie na l\u00fakach, pasienkoch, na okrajoch ciest. Sl\u00fa\u017ei ako krmovina.<\/p>\n\n\n\n<p><strong>Droga:<\/strong>\u00a0<em>Trifolii pratensis flos<\/em><\/p>\n\n\n\n<p><strong>Sp\u00f4sob zberu:&nbsp;<\/strong>Kvet&nbsp;sa zbiera od m\u00e1ja do augusta, za such\u00e9ho po\u010dasia. Kvetn\u00e9 hl\u00e1vky sa zbieraj\u00fa na za\u010diatku kvitnutia.<\/p>\n\n\n\n<p><strong>Su\u0161enie:<\/strong>&nbsp;Kvety su\u0161\u00edme v&nbsp;tenkej vrstve v&nbsp;tieni, vo vetrate\u013enej miestnosti. Pri umelom su\u0161en\u00ed pri&nbsp;teplote do 35 \u00b0C. Plody sa su\u0161ia vo zv\u00e4zo\u010dkoch, naj\u010dastej\u0161ie umel\u00fdm sp\u00f4sobom.&nbsp;<\/p>\n\n\n\n<p><strong>Obsahov\u00e9 l\u00e1tky:<\/strong>&nbsp;Kvet \u010fateliny l\u00fa\u010dnej obsahuje predov\u0161etk\u00fdm izoflav\u00f3ny, triesloviny, organick\u00e9 kyseliny a&nbsp;silice.<\/p>\n\n\n\n<p><strong>Pou\u017eitie:<\/strong>&nbsp;Nako\u013eko izoflav\u00f3ny disponuj\u00fa estrog\u00e9nnymi \u00fa\u010dinkami, droga sa pou\u017e\u00edva pri&nbsp;\u201e\u017eensk\u00fdch \u0165a\u017ekostiach\u201c, s\u00favisiacich s&nbsp;menopauzou (n\u00e1valy tepla, potenie, vy\u010derpanie). V&nbsp;\u013eudovej medic\u00edne sa pou\u017e\u00edva na om\u00fdvanie poko\u017eky, pri chronick\u00fdch ko\u017en\u00fdch ochoreniach, hna\u010dk\u00e1ch a&nbsp;z\u00e1paloch \u00fastnej dutiny a&nbsp;nosohltana.<\/p>\n\n\n\n<p><strong>Vybran\u00e9 rastlinn\u00e9 pr\u00edpravky:<\/strong>&nbsp;HANUS \u010eATELINA L\u00da\u010cNA KVET v\u00e1kuov\u00e9 bal. 1&#215;20 g, HERBEX MENOPAUZA s \u010fatelinou bylinn\u00e1 zmes 20&#215;3 g, Dr. M\u00fcller Klimakterin bylinn\u00fd \u010daj 20&#215;1,5 g, VALOSUN Minapent + \u0161alvia cps 90 ks, Liftea Hormon\u00e1lny komfort cps 60 ks, IVE INKONTIN STOP cps 30 ks.<\/p>\n","protected":false},"excerpt":{"rendered":"<p>Slovensk\u00fd n\u00e1zov:\u00a0\u010fatelina l\u00fa\u010dna Anglick\u00fd n\u00e1zov:&nbsp;Red clover \u010cesk\u00fd n\u00e1zov:&nbsp;jetel lu\u010dn\u00ed \u013dudov\u00e9 n\u00e1zvy:&nbsp;\u0161tajerka, vytrval\u00e1 \u010fatelina \u010ce\u013ea\u010f:&nbsp;Fabaceae&nbsp;(b\u00f4bovit\u00e9) Botanick\u00e1 charakteristika:&nbsp;Trv\u00e1ca&nbsp;rozkon\u00e1ren\u00e1 bylina, ktor\u00e1 dorast\u00e1 do v\u00fd\u0161ky 10 \u2013 40 cm. Listy s\u00fa trojpo\u010detn\u00e9, maj\u00fa na l\u00edcnej strane okr\u00fahle elipsovit\u00e9 a rubovej chlpat\u00e9 pril\u00edstky. Ru\u017eovo\u010derven\u00e9 kvety tvoria gu\u013eovit\u00fa hl\u00e1vku. Plodom je jednosemenn\u00fd struk. Mikroskopick\u00fd n\u00e1kres: Roz\u0161\u00edrenie:&nbsp;Rastie na l\u00fakach, pasienkoch, na okrajoch [&hellip;]<\/p>\n","protected":false},"author":1,"featured_media":0,"parent":0,"menu_order":0,"comment_status":"closed","ping_status":"closed","template":"","meta":{"_mi_skip_tracking":false},"yoast_head":"<!-- This site is optimized with the Yoast SEO plugin v20.4 - https:\/\/yoast.com\/wordpress\/plugins\/seo\/ -->\n<title>Trifolium pratense&nbsp;L. - liecivebyliny.eu<\/title>\n<meta name=\"robots\" content=\"index, follow, max-snippet:-1, max-image-preview:large, max-video-preview:-1\" \/>\n<link rel=\"canonical\" href=\"https:\/\/www.liecivebyliny.eu\/?page_id=393\" \/>\n<meta property=\"og:locale\" content=\"sk_SK\" \/>\n<meta property=\"og:type\" content=\"article\" \/>\n<meta property=\"og:title\" content=\"Trifolium pratense&nbsp;L. - liecivebyliny.eu\" \/>\n<meta property=\"og:description\" content=\"Slovensk\u00fd n\u00e1zov:\u00a0\u010fatelina l\u00fa\u010dna Anglick\u00fd n\u00e1zov:&nbsp;Red clover \u010cesk\u00fd n\u00e1zov:&nbsp;jetel lu\u010dn\u00ed \u013dudov\u00e9 n\u00e1zvy:&nbsp;\u0161tajerka, vytrval\u00e1 \u010fatelina \u010ce\u013ea\u010f:&nbsp;Fabaceae&nbsp;(b\u00f4bovit\u00e9) Botanick\u00e1 charakteristika:&nbsp;Trv\u00e1ca&nbsp;rozkon\u00e1ren\u00e1 bylina, ktor\u00e1 dorast\u00e1 do v\u00fd\u0161ky 10 \u2013 40 cm. Listy s\u00fa trojpo\u010detn\u00e9, maj\u00fa na l\u00edcnej strane okr\u00fahle elipsovit\u00e9 a rubovej chlpat\u00e9 pril\u00edstky. Ru\u017eovo\u010derven\u00e9 kvety tvoria gu\u013eovit\u00fa hl\u00e1vku. Plodom je jednosemenn\u00fd struk. Mikroskopick\u00fd n\u00e1kres: Roz\u0161\u00edrenie:&nbsp;Rastie na l\u00fakach, pasienkoch, na okrajoch [&hellip;]\" \/>\n<meta property=\"og:url\" content=\"https:\/\/www.liecivebyliny.eu\/?page_id=393\" \/>\n<meta property=\"og:site_name\" content=\"liecivebyliny.eu\" \/>\n<meta property=\"article:modified_time\" content=\"2023-12-23T18:16:28+00:00\" \/>\n<meta property=\"og:image\" content=\"https:\/\/www.liecivebyliny.eu\/wp-content\/uploads\/2023\/12\/image-44.jpeg\" \/>\n<meta name=\"twitter:card\" content=\"summary_large_image\" \/>\n<meta name=\"twitter:label1\" content=\"Predpokladan\u00fd \u010das \u010d\u00edtania\" \/>\n\t<meta name=\"twitter:data1\" content=\"2 min\u00faty\" \/>\n<script type=\"application\/ld+json\" class=\"yoast-schema-graph\">{\"@context\":\"https:\/\/schema.org\",\"@graph\":[{\"@type\":\"WebPage\",\"@id\":\"https:\/\/www.liecivebyliny.eu\/?page_id=393\",\"url\":\"https:\/\/www.liecivebyliny.eu\/?page_id=393\",\"name\":\"Trifolium pratense&nbsp;L. - liecivebyliny.eu\",\"isPartOf\":{\"@id\":\"https:\/\/www.liecivebyliny.eu\/#website\"},\"datePublished\":\"2023-12-23T18:16:27+00:00\",\"dateModified\":\"2023-12-23T18:16:28+00:00\",\"breadcrumb\":{\"@id\":\"https:\/\/www.liecivebyliny.eu\/?page_id=393#breadcrumb\"},\"inLanguage\":\"sk-SK\",\"potentialAction\":[{\"@type\":\"ReadAction\",\"target\":[\"https:\/\/www.liecivebyliny.eu\/?page_id=393\"]}]},{\"@type\":\"BreadcrumbList\",\"@id\":\"https:\/\/www.liecivebyliny.eu\/?page_id=393#breadcrumb\",\"itemListElement\":[{\"@type\":\"ListItem\",\"position\":1,\"name\":\"Home\",\"item\":\"https:\/\/www.liecivebyliny.eu\/\"},{\"@type\":\"ListItem\",\"position\":2,\"name\":\"Trifolium pratense&nbsp;L.\"}]},{\"@type\":\"WebSite\",\"@id\":\"https:\/\/www.liecivebyliny.eu\/#website\",\"url\":\"https:\/\/www.liecivebyliny.eu\/\",\"name\":\"liecivebyliny.eu\",\"description\":\"\",\"potentialAction\":[{\"@type\":\"SearchAction\",\"target\":{\"@type\":\"EntryPoint\",\"urlTemplate\":\"https:\/\/www.liecivebyliny.eu\/?s={search_term_string}\"},\"query-input\":\"required name=search_term_string\"}],\"inLanguage\":\"sk-SK\"}]}<\/script>\n<!-- \/ Yoast SEO plugin. -->","yoast_head_json":{"title":"Trifolium pratense&nbsp;L. - liecivebyliny.eu","robots":{"index":"index","follow":"follow","max-snippet":"max-snippet:-1","max-image-preview":"max-image-preview:large","max-video-preview":"max-video-preview:-1"},"canonical":"https:\/\/www.liecivebyliny.eu\/?page_id=393","og_locale":"sk_SK","og_type":"article","og_title":"Trifolium pratense&nbsp;L. - liecivebyliny.eu","og_description":"Slovensk\u00fd n\u00e1zov:\u00a0\u010fatelina l\u00fa\u010dna Anglick\u00fd n\u00e1zov:&nbsp;Red clover \u010cesk\u00fd n\u00e1zov:&nbsp;jetel lu\u010dn\u00ed \u013dudov\u00e9 n\u00e1zvy:&nbsp;\u0161tajerka, vytrval\u00e1 \u010fatelina \u010ce\u013ea\u010f:&nbsp;Fabaceae&nbsp;(b\u00f4bovit\u00e9) Botanick\u00e1 charakteristika:&nbsp;Trv\u00e1ca&nbsp;rozkon\u00e1ren\u00e1 bylina, ktor\u00e1 dorast\u00e1 do v\u00fd\u0161ky 10 \u2013 40 cm. Listy s\u00fa trojpo\u010detn\u00e9, maj\u00fa na l\u00edcnej strane okr\u00fahle elipsovit\u00e9 a rubovej chlpat\u00e9 pril\u00edstky. Ru\u017eovo\u010derven\u00e9 kvety tvoria gu\u013eovit\u00fa hl\u00e1vku. Plodom je jednosemenn\u00fd struk. Mikroskopick\u00fd n\u00e1kres: Roz\u0161\u00edrenie:&nbsp;Rastie na l\u00fakach, pasienkoch, na okrajoch [&hellip;]","og_url":"https:\/\/www.liecivebyliny.eu\/?page_id=393","og_site_name":"liecivebyliny.eu","article_modified_time":"2023-12-23T18:16:28+00:00","og_image":[{"url":"https:\/\/www.liecivebyliny.eu\/wp-content\/uploads\/2023\/12\/image-44.jpeg"}],"twitter_card":"summary_large_image","twitter_misc":{"Predpokladan\u00fd \u010das \u010d\u00edtania":"2 min\u00faty"},"schema":{"@context":"https:\/\/schema.org","@graph":[{"@type":"WebPage","@id":"https:\/\/www.liecivebyliny.eu\/?page_id=393","url":"https:\/\/www.liecivebyliny.eu\/?page_id=393","name":"Trifolium pratense&nbsp;L. - liecivebyliny.eu","isPartOf":{"@id":"https:\/\/www.liecivebyliny.eu\/#website"},"datePublished":"2023-12-23T18:16:27+00:00","dateModified":"2023-12-23T18:16:28+00:00","breadcrumb":{"@id":"https:\/\/www.liecivebyliny.eu\/?page_id=393#breadcrumb"},"inLanguage":"sk-SK","potentialAction":[{"@type":"ReadAction","target":["https:\/\/www.liecivebyliny.eu\/?page_id=393"]}]},{"@type":"BreadcrumbList","@id":"https:\/\/www.liecivebyliny.eu\/?page_id=393#breadcrumb","itemListElement":[{"@type":"ListItem","position":1,"name":"Home","item":"https:\/\/www.liecivebyliny.eu\/"},{"@type":"ListItem","position":2,"name":"Trifolium pratense&nbsp;L."}]},{"@type":"WebSite","@id":"https:\/\/www.liecivebyliny.eu\/#website","url":"https:\/\/www.liecivebyliny.eu\/","name":"liecivebyliny.eu","description":"","potentialAction":[{"@type":"SearchAction","target":{"@type":"EntryPoint","urlTemplate":"https:\/\/www.liecivebyliny.eu\/?s={search_term_string}"},"query-input":"required name=search_term_string"}],"inLanguage":"sk-SK"}]}},"_links":{"self":[{"href":"https:\/\/www.liecivebyliny.eu\/index.php?rest_route=\/wp\/v2\/pages\/393"}],"collection":[{"href":"https:\/\/www.liecivebyliny.eu\/index.php?rest_route=\/wp\/v2\/pages"}],"about":[{"href":"https:\/\/www.liecivebyliny.eu\/index.php?rest_route=\/wp\/v2\/types\/page"}],"author":[{"embeddable":true,"href":"https:\/\/www.liecivebyliny.eu\/index.php?rest_route=\/wp\/v2\/users\/1"}],"replies":[{"embeddable":true,"href":"https:\/\/www.liecivebyliny.eu\/index.php?rest_route=%2Fwp%2Fv2%2Fcomments&post=393"}],"version-history":[{"count":1,"href":"https:\/\/www.liecivebyliny.eu\/index.php?rest_route=\/wp\/v2\/pages\/393\/revisions"}],"predecessor-version":[{"id":396,"href":"https:\/\/www.liecivebyliny.eu\/index.php?rest_route=\/wp\/v2\/pages\/393\/revisions\/396"}],"wp:attachment":[{"href":"https:\/\/www.liecivebyliny.eu\/index.php?rest_route=%2Fwp%2Fv2%2Fmedia&parent=393"}],"curies":[{"name":"wp","href":"https:\/\/api.w.org\/{rel}","templated":true}]}}