{"id":400,"date":"2023-12-23T19:31:43","date_gmt":"2023-12-23T18:31:43","guid":{"rendered":"https:\/\/www.liecivebyliny.eu\/?page_id=400"},"modified":"2024-01-01T19:36:40","modified_gmt":"2024-01-01T18:36:40","slug":"thymus-serphyllum-l","status":"publish","type":"page","link":"https:\/\/www.liecivebyliny.eu\/?page_id=400","title":{"rendered":"<strong><em>Thymus serphyllum<\/em>&nbsp;L.<\/strong>"},"content":{"rendered":"<div class=\"wp-block-image\">\n<figure class=\"aligncenter size-full\"><img decoding=\"async\" loading=\"lazy\" width=\"252\" height=\"340\" src=\"https:\/\/www.liecivebyliny.eu\/wp-content\/uploads\/2023\/12\/image-45.jpeg\" alt=\"\" class=\"wp-image-401\" srcset=\"https:\/\/www.liecivebyliny.eu\/wp-content\/uploads\/2023\/12\/image-45.jpeg 252w, https:\/\/www.liecivebyliny.eu\/wp-content\/uploads\/2023\/12\/image-45-222x300.jpeg 222w\" sizes=\"(max-width: 252px) 100vw, 252px\" \/><figcaption class=\"wp-element-caption\">D\u00fa\u0161ka materina<\/figcaption><\/figure><\/div>\n\n\n<p><strong>Slovensk\u00fd n\u00e1zov:&nbsp;<\/strong>d\u00fa\u0161ka materina<\/p>\n\n\n\n<p><strong>Anglick\u00fd n\u00e1zov:&nbsp;<\/strong>Wild thyme<\/p>\n\n\n\n<p><strong>\u010cesk\u00fd n\u00e1zov:<\/strong>&nbsp;mate\u0159\u00eddou\u0161ka obecn\u00e1<\/p>\n\n\n\n<p><strong>\u013dudov\u00e9 n\u00e1zvy:<\/strong>&nbsp;materinka, d\u00fa\u0161ka chodec<\/p>\n\n\n\n<p><strong>\u010ce\u013ea\u010f:<\/strong>&nbsp;<em>Lamiaceae&nbsp;<\/em>(hluchavkovit\u00e9)<\/p>\n\n\n\n<p><strong>Botanick\u00e1 charakteristika:&nbsp;<\/strong>Trv\u00e1ca&nbsp;rastlina n\u00edzkeho vzrastu, s&nbsp;poliehavou \u0161tvorhrannou stonkou. Listy s\u00fa kr\u00e1tko stopkat\u00e9, protistojn\u00e9, vajcovit\u00e9, celistvookrajov\u00e9. Ru\u017eovofialov\u00e9 kvety vyrastaj\u00fa v&nbsp;papraslenoch na vrcholoch stoniek. Plodom s\u00fa mal\u00e9 tvrdky. Nadzemn\u00e1 \u010das\u0165 rastliny je pokryt\u00e1 silicov\u00fdmi \u017eliazkami.&nbsp;<\/p>\n\n\n\n<p><strong>Mikroskopick\u00fd n\u00e1kres:<\/strong><\/p>\n\n\n<div class=\"wp-block-image\">\n<figure class=\"aligncenter size-full\"><img decoding=\"async\" loading=\"lazy\" width=\"336\" height=\"358\" src=\"https:\/\/www.liecivebyliny.eu\/wp-content\/uploads\/2023\/12\/image-50.png\" alt=\"\" class=\"wp-image-402\" srcset=\"https:\/\/www.liecivebyliny.eu\/wp-content\/uploads\/2023\/12\/image-50.png 336w, https:\/\/www.liecivebyliny.eu\/wp-content\/uploads\/2023\/12\/image-50-282x300.png 282w\" sizes=\"(max-width: 336px) 100vw, 336px\" \/><figcaption class=\"wp-element-caption\"><em>Poko\u017eka listu d\u00fa\u0161ky materinej obsahuje krycie (a) a&nbsp;\u017e\u013eaznat\u00e9 (b) trich\u00f3my. Pr\u00edzna\u010dn\u00e9 s\u00fa aj diskovit\u00e9 \u017eliazky rastl\u00edn \u010de\u013eade Lamiaceae (c) a&nbsp;prieduchy s&nbsp;dvoma sprievodn\u00fdmi bunkami (d).<\/em><br><\/figcaption><\/figure><\/div>\n\n\n<figure class=\"is-layout-flex wp-block-gallery-1 wp-block-gallery has-nested-images columns-default is-cropped\">\n<figure class=\"wp-block-image size-large\"><img decoding=\"async\" loading=\"lazy\" width=\"635\" height=\"476\" data-id=\"870\"  src=\"https:\/\/www.liecivebyliny.eu\/wp-content\/uploads\/2024\/01\/Thymi-herba-100x-2.jpg\" alt=\"\" class=\"wp-image-870\" srcset=\"https:\/\/www.liecivebyliny.eu\/wp-content\/uploads\/2024\/01\/Thymi-herba-100x-2.jpg 635w, https:\/\/www.liecivebyliny.eu\/wp-content\/uploads\/2024\/01\/Thymi-herba-100x-2-300x225.jpg 300w\" sizes=\"(max-width: 635px) 100vw, 635px\" \/><figcaption class=\"wp-element-caption\">Prie\u010dny rez listom d\u00fa\u0161ky (zv\u00e4\u010d\u0161en\u00e9 100x)<\/figcaption><\/figure>\n\n\n\n<figure class=\"wp-block-image size-large\"><img decoding=\"async\" loading=\"lazy\" width=\"640\" height=\"480\" data-id=\"869\"  src=\"https:\/\/www.liecivebyliny.eu\/wp-content\/uploads\/2024\/01\/Thymi-herba-100x.jpg\" alt=\"\" class=\"wp-image-869\" srcset=\"https:\/\/www.liecivebyliny.eu\/wp-content\/uploads\/2024\/01\/Thymi-herba-100x.jpg 640w, https:\/\/www.liecivebyliny.eu\/wp-content\/uploads\/2024\/01\/Thymi-herba-100x-300x225.jpg 300w\" sizes=\"(max-width: 640px) 100vw, 640px\" \/><figcaption class=\"wp-element-caption\">Prie\u010dny rez stonkou d\u00fa\u0161ky (zv\u00e4\u010d\u0161en\u00e9 100x)<\/figcaption><\/figure>\n<\/figure>\n\n\n\n<p><strong>Roz\u0161\u00edrenie:&nbsp;<\/strong>Rastie&nbsp;na l\u00fakach, pasienkoch, na okrajoch lesov, na slne\u010dn\u00fdch stanovi\u0161tiach, pozd\u013a\u017e ciest.<\/p>\n\n\n\n<p><strong>Droga:<\/strong>&nbsp;<em>Serpylli herba<\/em><\/p>\n\n\n\n<p><strong>Sp\u00f4sob zberu:&nbsp;<\/strong>V\u0148a\u0165&nbsp;bez drevnat\u00fdch \u010dast\u00ed stonky sa zbiera v&nbsp;\u010dase kvitnutia za such\u00e9ho po\u010dasia, pomocou z\u00e1hradn\u00edckych no\u017en\u00edc. Kvitne od j\u00fana do septembra.<\/p>\n\n\n\n<p><strong>Su\u0161enie:<\/strong>&nbsp;V\u0148a\u0165 su\u0161\u00edme v&nbsp;tenkej vrstve v&nbsp;tieni, vo vetrate\u013enej miestnosti. Pri umelom su\u0161en\u00ed pri&nbsp;teplote do 35 \u00b0C.&nbsp;<\/p>\n\n\n\n<p><strong>Obsahov\u00e9 l\u00e1tky:<\/strong>&nbsp;Materina d\u00fa\u0161ka patr\u00ed medzi sili\u010dn\u00e9 rastliny. Silica je tvoren\u00e1 tymolom, p\u2011cymolom a&nbsp;karvakrolom. V&nbsp;rastline n\u00e1jdeme triesloviny, hor\u010diny, flavonoidy a miner\u00e1lne l\u00e1tky.<\/p>\n\n\n\n<p><strong>Pou\u017eitie:<\/strong>&nbsp;Droga podporuje vyka\u0161liavanie hust\u00e9ho a visk\u00f3zneho hlienu z&nbsp;d\u00fdchac\u00edch ciest. Jej pr\u00edpravkami je mo\u017en\u00e9 klokta\u0165 pri z\u00e1paloch slizn\u00edc \u00fast a&nbsp;nosohltana. \u010caj stimuluje tr\u00e1venie a&nbsp;silici sa pripisuj\u00fa siln\u00e9 antiseptick\u00e9 \u00fa\u010dinky.<\/p>\n\n\n\n<p><strong>Tradi\u010dn\u00fd sp\u00f4sob pou\u017eitia v&nbsp;indik\u00e1ci\u00e1ch ur\u010den\u00fdch v\u00fdhradne na z\u00e1klade dlhodob\u00e9ho pou\u017e\u00edvania:<\/strong><\/p>\n\n\n\n<ul>\n<li>symptomatick\u00e1 lie\u010dba produkt\u00edvneho ka\u0161\u013ea spojen\u00e9ho s&nbsp;prechladnut\u00edm.<\/li>\n<\/ul>\n\n\n\n<p><strong>Vybran\u00e9 rastlinn\u00e9 pr\u00edpravky:&nbsp;<\/strong>FYTO&nbsp;Materina d\u00fa\u0161ka 20&#215;1 g, HANUS D\u00da\u0160KA MATERINA V\u0147A\u0164 v\u00e1kuov\u00e9 bal. 1&#215;45 g, AGROKARPATY PRIEDU\u0160KY bylinn\u00fd \u010daj 20&#215;2 g, aromatica M\u00dcLLEROV SIRUP S MATERINOU D\u00da\u0160KOU A VIT. C 245 ml, FYTO Tatransk\u00e1 priedu\u0161kov\u00e1 zmes cukr\u00edky 60 g, StrepHerbal Junior pastilky s vitam\u00ednom C a&nbsp;zinkom 24 ks.<\/p>\n","protected":false},"excerpt":{"rendered":"<p>Slovensk\u00fd n\u00e1zov:&nbsp;d\u00fa\u0161ka materina Anglick\u00fd n\u00e1zov:&nbsp;Wild thyme \u010cesk\u00fd n\u00e1zov:&nbsp;mate\u0159\u00eddou\u0161ka obecn\u00e1 \u013dudov\u00e9 n\u00e1zvy:&nbsp;materinka, d\u00fa\u0161ka chodec \u010ce\u013ea\u010f:&nbsp;Lamiaceae&nbsp;(hluchavkovit\u00e9) Botanick\u00e1 charakteristika:&nbsp;Trv\u00e1ca&nbsp;rastlina n\u00edzkeho vzrastu, s&nbsp;poliehavou \u0161tvorhrannou stonkou. Listy s\u00fa kr\u00e1tko stopkat\u00e9, protistojn\u00e9, vajcovit\u00e9, celistvookrajov\u00e9. Ru\u017eovofialov\u00e9 kvety vyrastaj\u00fa v&nbsp;papraslenoch na vrcholoch stoniek. Plodom s\u00fa mal\u00e9 tvrdky. Nadzemn\u00e1 \u010das\u0165 rastliny je pokryt\u00e1 silicov\u00fdmi \u017eliazkami.&nbsp; Mikroskopick\u00fd n\u00e1kres: Roz\u0161\u00edrenie:&nbsp;Rastie&nbsp;na l\u00fakach, pasienkoch, na okrajoch lesov, na [&hellip;]<\/p>\n","protected":false},"author":1,"featured_media":0,"parent":0,"menu_order":0,"comment_status":"closed","ping_status":"closed","template":"","meta":{"_mi_skip_tracking":false},"yoast_head":"<!-- This site is optimized with the Yoast SEO plugin v20.4 - https:\/\/yoast.com\/wordpress\/plugins\/seo\/ -->\n<title>Thymus serphyllum&nbsp;L. - liecivebyliny.eu<\/title>\n<meta name=\"robots\" content=\"index, follow, max-snippet:-1, max-image-preview:large, max-video-preview:-1\" \/>\n<link rel=\"canonical\" href=\"https:\/\/www.liecivebyliny.eu\/?page_id=400\" \/>\n<meta property=\"og:locale\" content=\"sk_SK\" \/>\n<meta property=\"og:type\" content=\"article\" \/>\n<meta property=\"og:title\" content=\"Thymus serphyllum&nbsp;L. - liecivebyliny.eu\" \/>\n<meta property=\"og:description\" content=\"Slovensk\u00fd n\u00e1zov:&nbsp;d\u00fa\u0161ka materina Anglick\u00fd n\u00e1zov:&nbsp;Wild thyme \u010cesk\u00fd n\u00e1zov:&nbsp;mate\u0159\u00eddou\u0161ka obecn\u00e1 \u013dudov\u00e9 n\u00e1zvy:&nbsp;materinka, d\u00fa\u0161ka chodec \u010ce\u013ea\u010f:&nbsp;Lamiaceae&nbsp;(hluchavkovit\u00e9) Botanick\u00e1 charakteristika:&nbsp;Trv\u00e1ca&nbsp;rastlina n\u00edzkeho vzrastu, s&nbsp;poliehavou \u0161tvorhrannou stonkou. Listy s\u00fa kr\u00e1tko stopkat\u00e9, protistojn\u00e9, vajcovit\u00e9, celistvookrajov\u00e9. Ru\u017eovofialov\u00e9 kvety vyrastaj\u00fa v&nbsp;papraslenoch na vrcholoch stoniek. Plodom s\u00fa mal\u00e9 tvrdky. Nadzemn\u00e1 \u010das\u0165 rastliny je pokryt\u00e1 silicov\u00fdmi \u017eliazkami.&nbsp; Mikroskopick\u00fd n\u00e1kres: Roz\u0161\u00edrenie:&nbsp;Rastie&nbsp;na l\u00fakach, pasienkoch, na okrajoch lesov, na [&hellip;]\" \/>\n<meta property=\"og:url\" content=\"https:\/\/www.liecivebyliny.eu\/?page_id=400\" \/>\n<meta property=\"og:site_name\" content=\"liecivebyliny.eu\" \/>\n<meta property=\"article:modified_time\" content=\"2024-01-01T18:36:40+00:00\" \/>\n<meta property=\"og:image\" content=\"https:\/\/www.liecivebyliny.eu\/wp-content\/uploads\/2023\/12\/image-45.jpeg\" \/>\n<meta name=\"twitter:card\" content=\"summary_large_image\" \/>\n<meta name=\"twitter:label1\" content=\"Predpokladan\u00fd \u010das \u010d\u00edtania\" \/>\n\t<meta name=\"twitter:data1\" content=\"3 min\u00faty\" \/>\n<script type=\"application\/ld+json\" class=\"yoast-schema-graph\">{\"@context\":\"https:\/\/schema.org\",\"@graph\":[{\"@type\":\"WebPage\",\"@id\":\"https:\/\/www.liecivebyliny.eu\/?page_id=400\",\"url\":\"https:\/\/www.liecivebyliny.eu\/?page_id=400\",\"name\":\"Thymus serphyllum&nbsp;L. - liecivebyliny.eu\",\"isPartOf\":{\"@id\":\"https:\/\/www.liecivebyliny.eu\/#website\"},\"datePublished\":\"2023-12-23T18:31:43+00:00\",\"dateModified\":\"2024-01-01T18:36:40+00:00\",\"breadcrumb\":{\"@id\":\"https:\/\/www.liecivebyliny.eu\/?page_id=400#breadcrumb\"},\"inLanguage\":\"sk-SK\",\"potentialAction\":[{\"@type\":\"ReadAction\",\"target\":[\"https:\/\/www.liecivebyliny.eu\/?page_id=400\"]}]},{\"@type\":\"BreadcrumbList\",\"@id\":\"https:\/\/www.liecivebyliny.eu\/?page_id=400#breadcrumb\",\"itemListElement\":[{\"@type\":\"ListItem\",\"position\":1,\"name\":\"Home\",\"item\":\"https:\/\/www.liecivebyliny.eu\/\"},{\"@type\":\"ListItem\",\"position\":2,\"name\":\"Thymus serphyllum&nbsp;L.\"}]},{\"@type\":\"WebSite\",\"@id\":\"https:\/\/www.liecivebyliny.eu\/#website\",\"url\":\"https:\/\/www.liecivebyliny.eu\/\",\"name\":\"liecivebyliny.eu\",\"description\":\"\",\"potentialAction\":[{\"@type\":\"SearchAction\",\"target\":{\"@type\":\"EntryPoint\",\"urlTemplate\":\"https:\/\/www.liecivebyliny.eu\/?s={search_term_string}\"},\"query-input\":\"required name=search_term_string\"}],\"inLanguage\":\"sk-SK\"}]}<\/script>\n<!-- \/ Yoast SEO plugin. -->","yoast_head_json":{"title":"Thymus serphyllum&nbsp;L. - liecivebyliny.eu","robots":{"index":"index","follow":"follow","max-snippet":"max-snippet:-1","max-image-preview":"max-image-preview:large","max-video-preview":"max-video-preview:-1"},"canonical":"https:\/\/www.liecivebyliny.eu\/?page_id=400","og_locale":"sk_SK","og_type":"article","og_title":"Thymus serphyllum&nbsp;L. - liecivebyliny.eu","og_description":"Slovensk\u00fd n\u00e1zov:&nbsp;d\u00fa\u0161ka materina Anglick\u00fd n\u00e1zov:&nbsp;Wild thyme \u010cesk\u00fd n\u00e1zov:&nbsp;mate\u0159\u00eddou\u0161ka obecn\u00e1 \u013dudov\u00e9 n\u00e1zvy:&nbsp;materinka, d\u00fa\u0161ka chodec \u010ce\u013ea\u010f:&nbsp;Lamiaceae&nbsp;(hluchavkovit\u00e9) Botanick\u00e1 charakteristika:&nbsp;Trv\u00e1ca&nbsp;rastlina n\u00edzkeho vzrastu, s&nbsp;poliehavou \u0161tvorhrannou stonkou. Listy s\u00fa kr\u00e1tko stopkat\u00e9, protistojn\u00e9, vajcovit\u00e9, celistvookrajov\u00e9. Ru\u017eovofialov\u00e9 kvety vyrastaj\u00fa v&nbsp;papraslenoch na vrcholoch stoniek. Plodom s\u00fa mal\u00e9 tvrdky. Nadzemn\u00e1 \u010das\u0165 rastliny je pokryt\u00e1 silicov\u00fdmi \u017eliazkami.&nbsp; Mikroskopick\u00fd n\u00e1kres: Roz\u0161\u00edrenie:&nbsp;Rastie&nbsp;na l\u00fakach, pasienkoch, na okrajoch lesov, na [&hellip;]","og_url":"https:\/\/www.liecivebyliny.eu\/?page_id=400","og_site_name":"liecivebyliny.eu","article_modified_time":"2024-01-01T18:36:40+00:00","og_image":[{"url":"https:\/\/www.liecivebyliny.eu\/wp-content\/uploads\/2023\/12\/image-45.jpeg"}],"twitter_card":"summary_large_image","twitter_misc":{"Predpokladan\u00fd \u010das \u010d\u00edtania":"3 min\u00faty"},"schema":{"@context":"https:\/\/schema.org","@graph":[{"@type":"WebPage","@id":"https:\/\/www.liecivebyliny.eu\/?page_id=400","url":"https:\/\/www.liecivebyliny.eu\/?page_id=400","name":"Thymus serphyllum&nbsp;L. - liecivebyliny.eu","isPartOf":{"@id":"https:\/\/www.liecivebyliny.eu\/#website"},"datePublished":"2023-12-23T18:31:43+00:00","dateModified":"2024-01-01T18:36:40+00:00","breadcrumb":{"@id":"https:\/\/www.liecivebyliny.eu\/?page_id=400#breadcrumb"},"inLanguage":"sk-SK","potentialAction":[{"@type":"ReadAction","target":["https:\/\/www.liecivebyliny.eu\/?page_id=400"]}]},{"@type":"BreadcrumbList","@id":"https:\/\/www.liecivebyliny.eu\/?page_id=400#breadcrumb","itemListElement":[{"@type":"ListItem","position":1,"name":"Home","item":"https:\/\/www.liecivebyliny.eu\/"},{"@type":"ListItem","position":2,"name":"Thymus serphyllum&nbsp;L."}]},{"@type":"WebSite","@id":"https:\/\/www.liecivebyliny.eu\/#website","url":"https:\/\/www.liecivebyliny.eu\/","name":"liecivebyliny.eu","description":"","potentialAction":[{"@type":"SearchAction","target":{"@type":"EntryPoint","urlTemplate":"https:\/\/www.liecivebyliny.eu\/?s={search_term_string}"},"query-input":"required name=search_term_string"}],"inLanguage":"sk-SK"}]}},"_links":{"self":[{"href":"https:\/\/www.liecivebyliny.eu\/index.php?rest_route=\/wp\/v2\/pages\/400"}],"collection":[{"href":"https:\/\/www.liecivebyliny.eu\/index.php?rest_route=\/wp\/v2\/pages"}],"about":[{"href":"https:\/\/www.liecivebyliny.eu\/index.php?rest_route=\/wp\/v2\/types\/page"}],"author":[{"embeddable":true,"href":"https:\/\/www.liecivebyliny.eu\/index.php?rest_route=\/wp\/v2\/users\/1"}],"replies":[{"embeddable":true,"href":"https:\/\/www.liecivebyliny.eu\/index.php?rest_route=%2Fwp%2Fv2%2Fcomments&post=400"}],"version-history":[{"count":2,"href":"https:\/\/www.liecivebyliny.eu\/index.php?rest_route=\/wp\/v2\/pages\/400\/revisions"}],"predecessor-version":[{"id":872,"href":"https:\/\/www.liecivebyliny.eu\/index.php?rest_route=\/wp\/v2\/pages\/400\/revisions\/872"}],"wp:attachment":[{"href":"https:\/\/www.liecivebyliny.eu\/index.php?rest_route=%2Fwp%2Fv2%2Fmedia&parent=400"}],"curies":[{"name":"wp","href":"https:\/\/api.w.org\/{rel}","templated":true}]}}