{"id":406,"date":"2023-12-23T20:37:26","date_gmt":"2023-12-23T19:37:26","guid":{"rendered":"https:\/\/www.liecivebyliny.eu\/?page_id=406"},"modified":"2023-12-23T20:37:27","modified_gmt":"2023-12-23T19:37:27","slug":"tussilago-farfara-l","status":"publish","type":"page","link":"https:\/\/www.liecivebyliny.eu\/?page_id=406","title":{"rendered":"<em>Tussilago farfara<\/em>&nbsp;L."},"content":{"rendered":"<div class=\"wp-block-image\">\n<figure class=\"aligncenter size-full\"><img decoding=\"async\" loading=\"lazy\" width=\"248\" height=\"340\" src=\"https:\/\/www.liecivebyliny.eu\/wp-content\/uploads\/2023\/12\/image-46.jpeg\" alt=\"\" class=\"wp-image-407\" srcset=\"https:\/\/www.liecivebyliny.eu\/wp-content\/uploads\/2023\/12\/image-46.jpeg 248w, https:\/\/www.liecivebyliny.eu\/wp-content\/uploads\/2023\/12\/image-46-219x300.jpeg 219w\" sizes=\"(max-width: 248px) 100vw, 248px\" \/><figcaption class=\"wp-element-caption\">Podbe\u013e lie\u010div\u00fd<\/figcaption><\/figure><\/div>\n\n\n<p><strong>Slovensk\u00fd n\u00e1zov:\u00a0<\/strong>podbe\u013e lie\u010div\u00fd<\/p>\n\n\n\n<p><strong>Anglick\u00fd n\u00e1zov:<\/strong>&nbsp;Coltsfoot, Coughwort<\/p>\n\n\n\n<p><strong>\u010cesk\u00fd n\u00e1zov:&nbsp;<\/strong>podb\u011bl l\u00e9ka\u0159sk\u00fd, podb\u011bl obecn\u00fd<\/p>\n\n\n\n<p><strong>\u013dudov\u00fd n\u00e1zov:<\/strong>&nbsp;konsk\u00e9 kopytko<\/p>\n\n\n\n<p><strong>\u010ce\u013ea\u010f:<\/strong>&nbsp;<em>Asteraceae&nbsp;<\/em>(astrovit\u00e9)<\/p>\n\n\n\n<p><strong>Botanick\u00e1 charakteristika:<\/strong>&nbsp;Trv\u00e1ca rastlina, ktor\u00e1 dorast\u00e1 do v\u00fd\u0161ky 30 cm. Vytv\u00e1ra dlh\u00fd plaziv\u00fd podzemok, z&nbsp;ktor\u00e9ho na jar vyrastaj\u00fa bezlist\u00e9 stonky pokryt\u00e9 vajcovito-kopinat\u00fdmi \u0161upinami, zakon\u010den\u00fdmi \u00faborom. Kvety v&nbsp;\u00faboroch s\u00fa \u017elto sfarben\u00e9, na okrajoch jazykovit\u00e9. Po odkvitnut\u00ed sa za\u010d\u00ednaj\u00fa rozv\u00edja\u0165 ve\u013ek\u00e9, okr\u00fahlo-srdcovit\u00e9, \u0161edo-plstnat\u00e9 listy. Plodom s\u00fa na\u017eky s&nbsp;bielym chocholcom. Kvitne od marca do m\u00e1ja.<\/p>\n\n\n\n<p><strong>Mikroskopick\u00fd n\u00e1kres:<\/strong><\/p>\n\n\n<div class=\"wp-block-image\">\n<figure class=\"aligncenter size-full\"><img decoding=\"async\" loading=\"lazy\" width=\"320\" height=\"280\" src=\"https:\/\/www.liecivebyliny.eu\/wp-content\/uploads\/2023\/12\/image-51.png\" alt=\"\" class=\"wp-image-408\" srcset=\"https:\/\/www.liecivebyliny.eu\/wp-content\/uploads\/2023\/12\/image-51.png 320w, https:\/\/www.liecivebyliny.eu\/wp-content\/uploads\/2023\/12\/image-51-300x263.png 300w\" sizes=\"(max-width: 320px) 100vw, 320px\" \/><figcaption class=\"wp-element-caption\"><em>N\u00e1kres zobrazuje poko\u017eku listu podbe\u013ea lie\u010div\u00e9ho s\u00a0charakteristick\u00fdmi dlh\u00fdmi a\u00a0poskr\u00facan\u00fdmi bi\u010d\u00edkovit\u00fdmi trich\u00f3mami (a).<\/em><\/figcaption><\/figure><\/div>\n\n\n<p><\/p>\n\n\n\n<p><strong>Roz\u0161\u00edrenie:<\/strong>&nbsp;Rastie v&nbsp;celej Eur\u00f3pe, na vlhkej \u00edlovitej p\u00f4de, na poliach, l\u00fakach, pasienkoch.<\/p>\n\n\n\n<p><strong>Droga:<\/strong>&nbsp;<em>Farfarae flos, Farfarae folium<\/em><\/p>\n\n\n\n<p><strong>Sp\u00f4sob zberu:<\/strong>&nbsp;Kvetn\u00e9 \u00fabory sa zbieraj\u00fa od marca do apr\u00edla. Cel\u00e9 nerozkvitnut\u00e9 \u00fabory sa zberaj\u00fa pomocou z\u00e1hradn\u00edckych no\u017en\u00edc, spolu s&nbsp;1 cm dlhou stopkou. Svetlozelen\u00e9 ko\u017eovit\u00e9 listy sa zbieraj\u00fa v&nbsp;priebehu mesiacov m\u00e1j a\u017e august. Rastlina kvitne od marca do m\u00e1ja. Tento druh sa m\u00f4\u017ee zamie\u0148a\u0165 s&nbsp;dev\u00e4\u0165silom lek\u00e1rskym.<\/p>\n\n\n\n<p><strong>Su\u0161enie:<\/strong>&nbsp;Kvetn\u00e9 \u00fabory a&nbsp;listy sa su\u0161ia prirodzen\u00fdm sp\u00f4sobom v&nbsp;jednej vrstve, v&nbsp;tieni, vo&nbsp;vetrate\u013enej miestnosti. Umel\u00fdm sp\u00f4sobom do 40 \u00b0C.&nbsp;<\/p>\n\n\n\n<p><strong>Obsahov\u00e9 l\u00e1tky:<\/strong>&nbsp;Cel\u00e1 rastlina sa vyzna\u010duje vysok\u00fdm mno\u017estvom slizu. N\u00e1jdeme v&nbsp;nej aj triesloviny, hor\u010diny, inul\u00edn a&nbsp;mal\u00e9 mno\u017estvo alkaloidov (senkirk\u00edn, tusilag\u00edn). Kvety naviac obsahuj\u00fa esenci\u00e1lne oleje a \u017elt\u00e9 farbiv\u00e1 (xantofyly).<\/p>\n\n\n\n<p><strong>Pou\u017eitie:<\/strong>&nbsp;Podbe\u013e lie\u010div\u00fd je indikovan\u00fd pri suchom a dr\u00e1\u017edivom ka\u0161li, no pripisuj\u00fa sa mu aj protiz\u00e1palov\u00e9 vlastnosti. Droga z&nbsp;tejto rastliny sa nesmie u\u017e\u00edva\u0165 dlhodobo, aby sa neprejavil hepatotoxick\u00fd \u00fa\u010dinok alkaloidov.<\/p>\n\n\n\n<p><strong>Tradi\u010dn\u00fd sp\u00f4sob pou\u017eitia v&nbsp;indik\u00e1ci\u00e1ch ur\u010den\u00fdch v\u00fdhradne na z\u00e1klade dlhodob\u00e9ho pou\u017e\u00edvania:<\/strong><\/p>\n\n\n\n<ul>\n<li>podporn\u00e1 lie\u010dba ochoren\u00ed d\u00fdchac\u00edch ciest.<\/li>\n<\/ul>\n\n\n\n<p><strong>Vybran\u00e9 rastlinn\u00e9 pr\u00edpravky:&nbsp;<\/strong>JUVAMED&nbsp;PODBE\u013d LIE\u010cIV\u00dd &#8211; LIST bylinn\u00fd \u010daj sypan\u00fd 1&#215;30 g, Pr\u00edr. farm\u00e1cia PRIEDU\u0160KOV\u00dd \u010cAJ bylinn\u00fd 1&#215;60 g, Pr\u00edr. farm\u00e1cia Bylinn\u00e1 zmes NA&nbsp;CHR\u00cdPKU 40 g.<\/p>\n","protected":false},"excerpt":{"rendered":"<p>Slovensk\u00fd n\u00e1zov:\u00a0podbe\u013e lie\u010div\u00fd Anglick\u00fd n\u00e1zov:&nbsp;Coltsfoot, Coughwort \u010cesk\u00fd n\u00e1zov:&nbsp;podb\u011bl l\u00e9ka\u0159sk\u00fd, podb\u011bl obecn\u00fd \u013dudov\u00fd n\u00e1zov:&nbsp;konsk\u00e9 kopytko \u010ce\u013ea\u010f:&nbsp;Asteraceae&nbsp;(astrovit\u00e9) Botanick\u00e1 charakteristika:&nbsp;Trv\u00e1ca rastlina, ktor\u00e1 dorast\u00e1 do v\u00fd\u0161ky 30 cm. Vytv\u00e1ra dlh\u00fd plaziv\u00fd podzemok, z&nbsp;ktor\u00e9ho na jar vyrastaj\u00fa bezlist\u00e9 stonky pokryt\u00e9 vajcovito-kopinat\u00fdmi \u0161upinami, zakon\u010den\u00fdmi \u00faborom. Kvety v&nbsp;\u00faboroch s\u00fa \u017elto sfarben\u00e9, na okrajoch jazykovit\u00e9. Po odkvitnut\u00ed sa za\u010d\u00ednaj\u00fa rozv\u00edja\u0165 ve\u013ek\u00e9, okr\u00fahlo-srdcovit\u00e9, \u0161edo-plstnat\u00e9 [&hellip;]<\/p>\n","protected":false},"author":1,"featured_media":0,"parent":0,"menu_order":0,"comment_status":"closed","ping_status":"closed","template":"","meta":{"_mi_skip_tracking":false},"yoast_head":"<!-- This site is optimized with the Yoast SEO plugin v20.4 - https:\/\/yoast.com\/wordpress\/plugins\/seo\/ -->\n<title>Tussilago farfara&nbsp;L. - liecivebyliny.eu<\/title>\n<meta name=\"robots\" content=\"index, follow, max-snippet:-1, max-image-preview:large, max-video-preview:-1\" \/>\n<link rel=\"canonical\" href=\"https:\/\/www.liecivebyliny.eu\/?page_id=406\" \/>\n<meta property=\"og:locale\" content=\"sk_SK\" \/>\n<meta property=\"og:type\" content=\"article\" \/>\n<meta property=\"og:title\" content=\"Tussilago farfara&nbsp;L. - liecivebyliny.eu\" \/>\n<meta property=\"og:description\" content=\"Slovensk\u00fd n\u00e1zov:\u00a0podbe\u013e lie\u010div\u00fd Anglick\u00fd n\u00e1zov:&nbsp;Coltsfoot, Coughwort \u010cesk\u00fd n\u00e1zov:&nbsp;podb\u011bl l\u00e9ka\u0159sk\u00fd, podb\u011bl obecn\u00fd \u013dudov\u00fd n\u00e1zov:&nbsp;konsk\u00e9 kopytko \u010ce\u013ea\u010f:&nbsp;Asteraceae&nbsp;(astrovit\u00e9) Botanick\u00e1 charakteristika:&nbsp;Trv\u00e1ca rastlina, ktor\u00e1 dorast\u00e1 do v\u00fd\u0161ky 30 cm. Vytv\u00e1ra dlh\u00fd plaziv\u00fd podzemok, z&nbsp;ktor\u00e9ho na jar vyrastaj\u00fa bezlist\u00e9 stonky pokryt\u00e9 vajcovito-kopinat\u00fdmi \u0161upinami, zakon\u010den\u00fdmi \u00faborom. Kvety v&nbsp;\u00faboroch s\u00fa \u017elto sfarben\u00e9, na okrajoch jazykovit\u00e9. Po odkvitnut\u00ed sa za\u010d\u00ednaj\u00fa rozv\u00edja\u0165 ve\u013ek\u00e9, okr\u00fahlo-srdcovit\u00e9, \u0161edo-plstnat\u00e9 [&hellip;]\" \/>\n<meta property=\"og:url\" content=\"https:\/\/www.liecivebyliny.eu\/?page_id=406\" \/>\n<meta property=\"og:site_name\" content=\"liecivebyliny.eu\" \/>\n<meta property=\"article:modified_time\" content=\"2023-12-23T19:37:27+00:00\" \/>\n<meta property=\"og:image\" content=\"https:\/\/www.liecivebyliny.eu\/wp-content\/uploads\/2023\/12\/image-46.jpeg\" \/>\n<meta name=\"twitter:card\" content=\"summary_large_image\" \/>\n<meta name=\"twitter:label1\" content=\"Predpokladan\u00fd \u010das \u010d\u00edtania\" \/>\n\t<meta name=\"twitter:data1\" content=\"2 min\u00faty\" \/>\n<script type=\"application\/ld+json\" class=\"yoast-schema-graph\">{\"@context\":\"https:\/\/schema.org\",\"@graph\":[{\"@type\":\"WebPage\",\"@id\":\"https:\/\/www.liecivebyliny.eu\/?page_id=406\",\"url\":\"https:\/\/www.liecivebyliny.eu\/?page_id=406\",\"name\":\"Tussilago farfara&nbsp;L. - liecivebyliny.eu\",\"isPartOf\":{\"@id\":\"https:\/\/www.liecivebyliny.eu\/#website\"},\"datePublished\":\"2023-12-23T19:37:26+00:00\",\"dateModified\":\"2023-12-23T19:37:27+00:00\",\"breadcrumb\":{\"@id\":\"https:\/\/www.liecivebyliny.eu\/?page_id=406#breadcrumb\"},\"inLanguage\":\"sk-SK\",\"potentialAction\":[{\"@type\":\"ReadAction\",\"target\":[\"https:\/\/www.liecivebyliny.eu\/?page_id=406\"]}]},{\"@type\":\"BreadcrumbList\",\"@id\":\"https:\/\/www.liecivebyliny.eu\/?page_id=406#breadcrumb\",\"itemListElement\":[{\"@type\":\"ListItem\",\"position\":1,\"name\":\"Home\",\"item\":\"https:\/\/www.liecivebyliny.eu\/\"},{\"@type\":\"ListItem\",\"position\":2,\"name\":\"Tussilago farfara&nbsp;L.\"}]},{\"@type\":\"WebSite\",\"@id\":\"https:\/\/www.liecivebyliny.eu\/#website\",\"url\":\"https:\/\/www.liecivebyliny.eu\/\",\"name\":\"liecivebyliny.eu\",\"description\":\"\",\"potentialAction\":[{\"@type\":\"SearchAction\",\"target\":{\"@type\":\"EntryPoint\",\"urlTemplate\":\"https:\/\/www.liecivebyliny.eu\/?s={search_term_string}\"},\"query-input\":\"required name=search_term_string\"}],\"inLanguage\":\"sk-SK\"}]}<\/script>\n<!-- \/ Yoast SEO plugin. -->","yoast_head_json":{"title":"Tussilago farfara&nbsp;L. - liecivebyliny.eu","robots":{"index":"index","follow":"follow","max-snippet":"max-snippet:-1","max-image-preview":"max-image-preview:large","max-video-preview":"max-video-preview:-1"},"canonical":"https:\/\/www.liecivebyliny.eu\/?page_id=406","og_locale":"sk_SK","og_type":"article","og_title":"Tussilago farfara&nbsp;L. - liecivebyliny.eu","og_description":"Slovensk\u00fd n\u00e1zov:\u00a0podbe\u013e lie\u010div\u00fd Anglick\u00fd n\u00e1zov:&nbsp;Coltsfoot, Coughwort \u010cesk\u00fd n\u00e1zov:&nbsp;podb\u011bl l\u00e9ka\u0159sk\u00fd, podb\u011bl obecn\u00fd \u013dudov\u00fd n\u00e1zov:&nbsp;konsk\u00e9 kopytko \u010ce\u013ea\u010f:&nbsp;Asteraceae&nbsp;(astrovit\u00e9) Botanick\u00e1 charakteristika:&nbsp;Trv\u00e1ca rastlina, ktor\u00e1 dorast\u00e1 do v\u00fd\u0161ky 30 cm. Vytv\u00e1ra dlh\u00fd plaziv\u00fd podzemok, z&nbsp;ktor\u00e9ho na jar vyrastaj\u00fa bezlist\u00e9 stonky pokryt\u00e9 vajcovito-kopinat\u00fdmi \u0161upinami, zakon\u010den\u00fdmi \u00faborom. Kvety v&nbsp;\u00faboroch s\u00fa \u017elto sfarben\u00e9, na okrajoch jazykovit\u00e9. Po odkvitnut\u00ed sa za\u010d\u00ednaj\u00fa rozv\u00edja\u0165 ve\u013ek\u00e9, okr\u00fahlo-srdcovit\u00e9, \u0161edo-plstnat\u00e9 [&hellip;]","og_url":"https:\/\/www.liecivebyliny.eu\/?page_id=406","og_site_name":"liecivebyliny.eu","article_modified_time":"2023-12-23T19:37:27+00:00","og_image":[{"url":"https:\/\/www.liecivebyliny.eu\/wp-content\/uploads\/2023\/12\/image-46.jpeg"}],"twitter_card":"summary_large_image","twitter_misc":{"Predpokladan\u00fd \u010das \u010d\u00edtania":"2 min\u00faty"},"schema":{"@context":"https:\/\/schema.org","@graph":[{"@type":"WebPage","@id":"https:\/\/www.liecivebyliny.eu\/?page_id=406","url":"https:\/\/www.liecivebyliny.eu\/?page_id=406","name":"Tussilago farfara&nbsp;L. - liecivebyliny.eu","isPartOf":{"@id":"https:\/\/www.liecivebyliny.eu\/#website"},"datePublished":"2023-12-23T19:37:26+00:00","dateModified":"2023-12-23T19:37:27+00:00","breadcrumb":{"@id":"https:\/\/www.liecivebyliny.eu\/?page_id=406#breadcrumb"},"inLanguage":"sk-SK","potentialAction":[{"@type":"ReadAction","target":["https:\/\/www.liecivebyliny.eu\/?page_id=406"]}]},{"@type":"BreadcrumbList","@id":"https:\/\/www.liecivebyliny.eu\/?page_id=406#breadcrumb","itemListElement":[{"@type":"ListItem","position":1,"name":"Home","item":"https:\/\/www.liecivebyliny.eu\/"},{"@type":"ListItem","position":2,"name":"Tussilago farfara&nbsp;L."}]},{"@type":"WebSite","@id":"https:\/\/www.liecivebyliny.eu\/#website","url":"https:\/\/www.liecivebyliny.eu\/","name":"liecivebyliny.eu","description":"","potentialAction":[{"@type":"SearchAction","target":{"@type":"EntryPoint","urlTemplate":"https:\/\/www.liecivebyliny.eu\/?s={search_term_string}"},"query-input":"required name=search_term_string"}],"inLanguage":"sk-SK"}]}},"_links":{"self":[{"href":"https:\/\/www.liecivebyliny.eu\/index.php?rest_route=\/wp\/v2\/pages\/406"}],"collection":[{"href":"https:\/\/www.liecivebyliny.eu\/index.php?rest_route=\/wp\/v2\/pages"}],"about":[{"href":"https:\/\/www.liecivebyliny.eu\/index.php?rest_route=\/wp\/v2\/types\/page"}],"author":[{"embeddable":true,"href":"https:\/\/www.liecivebyliny.eu\/index.php?rest_route=\/wp\/v2\/users\/1"}],"replies":[{"embeddable":true,"href":"https:\/\/www.liecivebyliny.eu\/index.php?rest_route=%2Fwp%2Fv2%2Fcomments&post=406"}],"version-history":[{"count":1,"href":"https:\/\/www.liecivebyliny.eu\/index.php?rest_route=\/wp\/v2\/pages\/406\/revisions"}],"predecessor-version":[{"id":409,"href":"https:\/\/www.liecivebyliny.eu\/index.php?rest_route=\/wp\/v2\/pages\/406\/revisions\/409"}],"wp:attachment":[{"href":"https:\/\/www.liecivebyliny.eu\/index.php?rest_route=%2Fwp%2Fv2%2Fmedia&parent=406"}],"curies":[{"name":"wp","href":"https:\/\/api.w.org\/{rel}","templated":true}]}}