{"id":412,"date":"2023-12-23T20:40:40","date_gmt":"2023-12-23T19:40:40","guid":{"rendered":"https:\/\/www.liecivebyliny.eu\/?page_id=412"},"modified":"2024-01-01T20:09:31","modified_gmt":"2024-01-01T19:09:31","slug":"urtica-dioica-l","status":"publish","type":"page","link":"https:\/\/www.liecivebyliny.eu\/?page_id=412","title":{"rendered":"<em>Urtica dioica<\/em>&nbsp;L."},"content":{"rendered":"<div class=\"wp-block-image\">\n<figure class=\"aligncenter size-full\"><img decoding=\"async\" loading=\"lazy\" width=\"250\" height=\"326\" src=\"https:\/\/www.liecivebyliny.eu\/wp-content\/uploads\/2023\/12\/image-47.jpeg\" alt=\"\" class=\"wp-image-413\" srcset=\"https:\/\/www.liecivebyliny.eu\/wp-content\/uploads\/2023\/12\/image-47.jpeg 250w, https:\/\/www.liecivebyliny.eu\/wp-content\/uploads\/2023\/12\/image-47-230x300.jpeg 230w\" sizes=\"(max-width: 250px) 100vw, 250px\" \/><figcaption class=\"wp-element-caption\">P\u0155h\u013eava dvojdom\u00e1<\/figcaption><\/figure><\/div>\n\n\n<p><strong>Slovensk\u00fd n\u00e1zov:&nbsp;<\/strong>p\u0155h\u013eava dvojdom\u00e1<\/p>\n\n\n\n<p><strong>Anglick\u00fd n\u00e1zov:&nbsp;<\/strong>Stinging nettle<\/p>\n\n\n\n<p><strong>\u010cesk\u00fd n\u00e1zov:<\/strong>&nbsp;kop\u0159iva dvoudom\u00e1<\/p>\n\n\n\n<p><strong>\u013dudov\u00e9 n\u00e1zvy:<\/strong>&nbsp;kopriva, prhlica, pokriva<\/p>\n\n\n\n<p><strong>\u010ce\u013ea\u010f:<\/strong>&nbsp;<em>Urticaceae&nbsp;<\/em>(\u017eih\u013eavovit\u00e9)<\/p>\n\n\n\n<p><strong>Botanick\u00e1 charakteristika:<\/strong>&nbsp;Trv\u00e1ca bylina, ktor\u00e1 dorast\u00e1 do v\u00fd\u0161ky 2 m, pokryt\u00e1 p\u0155hliv\u00fdmi trich\u00f3mami. Stonka je vzpriamen\u00e1, \u0161tvorhrann\u00e1. Listy s\u00fa vajcovit\u00e9, protistojn\u00e9, p\u00edlkovit\u00e9, s&nbsp;mal\u00fdmi kopijovit\u00fdmi pril\u00edstkami. Kvety s\u00fa mal\u00e9, zelen\u00e9, tvoria metlinovit\u00e9 s\u00fakvetie. Plodom je na\u017eka.<\/p>\n\n\n\n<p><strong>Mikroskopick\u00fd n\u00e1kres:<\/strong><\/p>\n\n\n<div class=\"wp-block-image\">\n<figure class=\"aligncenter size-full\"><img decoding=\"async\" loading=\"lazy\" width=\"338\" height=\"252\" src=\"https:\/\/www.liecivebyliny.eu\/wp-content\/uploads\/2023\/12\/image-52.png\" alt=\"\" class=\"wp-image-414\" srcset=\"https:\/\/www.liecivebyliny.eu\/wp-content\/uploads\/2023\/12\/image-52.png 338w, https:\/\/www.liecivebyliny.eu\/wp-content\/uploads\/2023\/12\/image-52-300x224.png 300w\" sizes=\"(max-width: 338px) 100vw, 338px\" \/><figcaption class=\"wp-element-caption\"><em>N\u00e1kres zobrazuje poko\u017eku listu \u017eih\u013eavy dvojdomej husto porasten\u00fa p\u0155hliv\u00fdmi trich\u00f3mami (a).<\/em><\/figcaption><\/figure><\/div>\n\n<div class=\"wp-block-image\">\n<figure class=\"aligncenter size-full is-resized\"><img decoding=\"async\" loading=\"lazy\" src=\"https:\/\/www.liecivebyliny.eu\/wp-content\/uploads\/2024\/01\/Urticae-folium-400xa.jpg\" alt=\"\" class=\"wp-image-904\" width=\"355\" height=\"266\" srcset=\"https:\/\/www.liecivebyliny.eu\/wp-content\/uploads\/2024\/01\/Urticae-folium-400xa.jpg 637w, https:\/\/www.liecivebyliny.eu\/wp-content\/uploads\/2024\/01\/Urticae-folium-400xa-300x225.jpg 300w\" sizes=\"(max-width: 355px) 100vw, 355px\" \/><figcaption class=\"wp-element-caption\">Poko\u017eka listu \u017eih\u013eavy (zv\u00e4\u010d\u0161en\u00e9 400x)<\/figcaption><\/figure><\/div>\n\n\n<p><\/p>\n\n\n\n<p><strong>Roz\u0161\u00edrenie:<\/strong>&nbsp;Rastie na l\u00fakach, pasienkoch, na okrajoch ciest, vodn\u00fdch tokov, v&nbsp;lu\u017en\u00fdch lesoch. Vy\u017eaduje p\u00f4dy s&nbsp;vy\u0161\u0161\u00edm obsahom dus\u00edka.<\/p>\n\n\n\n<p><strong>Droga:<\/strong>&nbsp;<em>Urticae folium<\/em><\/p>\n\n\n\n<p><strong>Sp\u00f4sob zberu:<\/strong>&nbsp;Listy sa zbieraj\u00fa od m\u00e1ja do septembra, pomocou no\u017en\u00edc, pr\u00edpadne sa skosia. Potrebn\u00e9 s\u00fa ochrann\u00e9 rukavice.<\/p>\n\n\n\n<p><strong>Su\u0161enie:&nbsp;<\/strong>Listy&nbsp;su\u0161\u00edme v&nbsp;tenkej vrstve v&nbsp;tieni, vo vetrate\u013enej vzdu\u0161nej miestnosti. Pri umelom su\u0161en\u00ed pri teplote do 60 \u00b0C.&nbsp;<\/p>\n\n\n\n<p><strong>Obsahov\u00e9 l\u00e1tky:<\/strong>&nbsp;Listy s\u00fa bohat\u00e9 na chlorofyl, flavonoidy, karotenoidy, triesloviny, glukokin\u00edny, organick\u00e9 kyseliny, vitam\u00edn C, K&nbsp;a miner\u00e1lne l\u00e1tky ako \u017eelezo, fosfor \u010di hor\u010d\u00edk. V&nbsp;p\u0155hliv\u00fdch trich\u00f3moch sa nach\u00e1dza kyselina mrav\u010dia a am\u00edny ako histam\u00edn, seroton\u00edn a&nbsp;acetylchol\u00edn.<\/p>\n\n\n\n<p><strong>Pou\u017eitie:<\/strong>&nbsp;Droga obsahuje vitam\u00edn K, ktor\u00fd je d\u00f4le\u017eit\u00fd pre synt\u00e9zu faktorov krvn\u00e9ho zr\u00e1\u017eania. Droga je preto indikovan\u00e1 pri krv\u00e1cav\u00fdch stavoch. \u010caj zo \u017eih\u013eavy je \u00fa\u010dinn\u00fd pri z\u00e1pche, tr\u00e1viacich \u0165a\u017ekostiach, podporuje redukciu hmotnosti a pom\u00e1ha zn\u00ed\u017ei\u0165 hladinu krvn\u00e9ho cukru. V&nbsp;\u013eudovej medic\u00edne droga sl\u00fa\u017ei aj na terapiu reumatizmu.<\/p>\n\n\n\n<p><strong>Tradi\u010dn\u00fd sp\u00f4sob pou\u017eitia v&nbsp;indik\u00e1ci\u00e1ch ur\u010den\u00fdch v\u00fdhradne na z\u00e1klade dlhodob\u00e9ho pou\u017e\u00edvania:<\/strong><\/p>\n\n\n\n<ul>\n<li>symptomatick\u00e1 lie\u010dba ochoren\u00ed mo\u010dov\u00fdch ciest, pri probl\u00e9moch s&nbsp;mo\u010den\u00edm, diuretick\u00fd \u00fa\u010dinok,<\/li>\n\n\n\n<li>zmiernenie bolest\u00ed k\u013abov,<\/li>\n\n\n\n<li>podporn\u00e1 lie\u010dba pri seborei.<\/li>\n<\/ul>\n\n\n\n<p><strong>Vybran\u00e9 rastlinn\u00e9 pr\u00edpravky:<\/strong>&nbsp;LEROS \u017dIH\u013dAVA bylinn\u00fd \u010daj, n\u00e1levov\u00e9 vrec\u00fa\u0161ka 20&#215;1 g, HERBEX \u010cAJ \u010cISTIACI \u013dADVINY bylinn\u00fd \u010daj 20&#215;3 g,&nbsp;AGROKARPATY Jarn\u00e1 o\u010dista bylinn\u00fd \u010daj 20&#215;2 g, Liftea BYLINKY NA ODVODNENIE forte cps 30 ks, nefdesant\u00e9 BRUSNICE D-MAN\u00d3ZA \u017dIH\u013dAVA tbl 60 ks, WALMARK Prostenal CONTROL tbl 30 ks.<\/p>\n","protected":false},"excerpt":{"rendered":"<p>Slovensk\u00fd n\u00e1zov:&nbsp;p\u0155h\u013eava dvojdom\u00e1 Anglick\u00fd n\u00e1zov:&nbsp;Stinging nettle \u010cesk\u00fd n\u00e1zov:&nbsp;kop\u0159iva dvoudom\u00e1 \u013dudov\u00e9 n\u00e1zvy:&nbsp;kopriva, prhlica, pokriva \u010ce\u013ea\u010f:&nbsp;Urticaceae&nbsp;(\u017eih\u013eavovit\u00e9) Botanick\u00e1 charakteristika:&nbsp;Trv\u00e1ca bylina, ktor\u00e1 dorast\u00e1 do v\u00fd\u0161ky 2 m, pokryt\u00e1 p\u0155hliv\u00fdmi trich\u00f3mami. Stonka je vzpriamen\u00e1, \u0161tvorhrann\u00e1. Listy s\u00fa vajcovit\u00e9, protistojn\u00e9, p\u00edlkovit\u00e9, s&nbsp;mal\u00fdmi kopijovit\u00fdmi pril\u00edstkami. Kvety s\u00fa mal\u00e9, zelen\u00e9, tvoria metlinovit\u00e9 s\u00fakvetie. Plodom je na\u017eka. Mikroskopick\u00fd n\u00e1kres: Roz\u0161\u00edrenie:&nbsp;Rastie na l\u00fakach, pasienkoch, na [&hellip;]<\/p>\n","protected":false},"author":1,"featured_media":0,"parent":0,"menu_order":0,"comment_status":"closed","ping_status":"closed","template":"","meta":{"_mi_skip_tracking":false},"yoast_head":"<!-- This site is optimized with the Yoast SEO plugin v20.4 - https:\/\/yoast.com\/wordpress\/plugins\/seo\/ -->\n<title>Urtica dioica&nbsp;L. - liecivebyliny.eu<\/title>\n<meta name=\"robots\" content=\"index, follow, max-snippet:-1, max-image-preview:large, max-video-preview:-1\" \/>\n<link rel=\"canonical\" href=\"https:\/\/www.liecivebyliny.eu\/?page_id=412\" \/>\n<meta property=\"og:locale\" content=\"sk_SK\" \/>\n<meta property=\"og:type\" content=\"article\" \/>\n<meta property=\"og:title\" content=\"Urtica dioica&nbsp;L. - liecivebyliny.eu\" \/>\n<meta property=\"og:description\" content=\"Slovensk\u00fd n\u00e1zov:&nbsp;p\u0155h\u013eava dvojdom\u00e1 Anglick\u00fd n\u00e1zov:&nbsp;Stinging nettle \u010cesk\u00fd n\u00e1zov:&nbsp;kop\u0159iva dvoudom\u00e1 \u013dudov\u00e9 n\u00e1zvy:&nbsp;kopriva, prhlica, pokriva \u010ce\u013ea\u010f:&nbsp;Urticaceae&nbsp;(\u017eih\u013eavovit\u00e9) Botanick\u00e1 charakteristika:&nbsp;Trv\u00e1ca bylina, ktor\u00e1 dorast\u00e1 do v\u00fd\u0161ky 2 m, pokryt\u00e1 p\u0155hliv\u00fdmi trich\u00f3mami. Stonka je vzpriamen\u00e1, \u0161tvorhrann\u00e1. Listy s\u00fa vajcovit\u00e9, protistojn\u00e9, p\u00edlkovit\u00e9, s&nbsp;mal\u00fdmi kopijovit\u00fdmi pril\u00edstkami. Kvety s\u00fa mal\u00e9, zelen\u00e9, tvoria metlinovit\u00e9 s\u00fakvetie. Plodom je na\u017eka. Mikroskopick\u00fd n\u00e1kres: Roz\u0161\u00edrenie:&nbsp;Rastie na l\u00fakach, pasienkoch, na [&hellip;]\" \/>\n<meta property=\"og:url\" content=\"https:\/\/www.liecivebyliny.eu\/?page_id=412\" \/>\n<meta property=\"og:site_name\" content=\"liecivebyliny.eu\" \/>\n<meta property=\"article:modified_time\" content=\"2024-01-01T19:09:31+00:00\" \/>\n<meta property=\"og:image\" content=\"https:\/\/www.liecivebyliny.eu\/wp-content\/uploads\/2023\/12\/image-47.jpeg\" \/>\n<meta name=\"twitter:card\" content=\"summary_large_image\" \/>\n<meta name=\"twitter:label1\" content=\"Predpokladan\u00fd \u010das \u010d\u00edtania\" \/>\n\t<meta name=\"twitter:data1\" content=\"3 min\u00faty\" \/>\n<script type=\"application\/ld+json\" class=\"yoast-schema-graph\">{\"@context\":\"https:\/\/schema.org\",\"@graph\":[{\"@type\":\"WebPage\",\"@id\":\"https:\/\/www.liecivebyliny.eu\/?page_id=412\",\"url\":\"https:\/\/www.liecivebyliny.eu\/?page_id=412\",\"name\":\"Urtica dioica&nbsp;L. - liecivebyliny.eu\",\"isPartOf\":{\"@id\":\"https:\/\/www.liecivebyliny.eu\/#website\"},\"datePublished\":\"2023-12-23T19:40:40+00:00\",\"dateModified\":\"2024-01-01T19:09:31+00:00\",\"breadcrumb\":{\"@id\":\"https:\/\/www.liecivebyliny.eu\/?page_id=412#breadcrumb\"},\"inLanguage\":\"sk-SK\",\"potentialAction\":[{\"@type\":\"ReadAction\",\"target\":[\"https:\/\/www.liecivebyliny.eu\/?page_id=412\"]}]},{\"@type\":\"BreadcrumbList\",\"@id\":\"https:\/\/www.liecivebyliny.eu\/?page_id=412#breadcrumb\",\"itemListElement\":[{\"@type\":\"ListItem\",\"position\":1,\"name\":\"Home\",\"item\":\"https:\/\/www.liecivebyliny.eu\/\"},{\"@type\":\"ListItem\",\"position\":2,\"name\":\"Urtica dioica&nbsp;L.\"}]},{\"@type\":\"WebSite\",\"@id\":\"https:\/\/www.liecivebyliny.eu\/#website\",\"url\":\"https:\/\/www.liecivebyliny.eu\/\",\"name\":\"liecivebyliny.eu\",\"description\":\"\",\"potentialAction\":[{\"@type\":\"SearchAction\",\"target\":{\"@type\":\"EntryPoint\",\"urlTemplate\":\"https:\/\/www.liecivebyliny.eu\/?s={search_term_string}\"},\"query-input\":\"required name=search_term_string\"}],\"inLanguage\":\"sk-SK\"}]}<\/script>\n<!-- \/ Yoast SEO plugin. -->","yoast_head_json":{"title":"Urtica dioica&nbsp;L. - liecivebyliny.eu","robots":{"index":"index","follow":"follow","max-snippet":"max-snippet:-1","max-image-preview":"max-image-preview:large","max-video-preview":"max-video-preview:-1"},"canonical":"https:\/\/www.liecivebyliny.eu\/?page_id=412","og_locale":"sk_SK","og_type":"article","og_title":"Urtica dioica&nbsp;L. - liecivebyliny.eu","og_description":"Slovensk\u00fd n\u00e1zov:&nbsp;p\u0155h\u013eava dvojdom\u00e1 Anglick\u00fd n\u00e1zov:&nbsp;Stinging nettle \u010cesk\u00fd n\u00e1zov:&nbsp;kop\u0159iva dvoudom\u00e1 \u013dudov\u00e9 n\u00e1zvy:&nbsp;kopriva, prhlica, pokriva \u010ce\u013ea\u010f:&nbsp;Urticaceae&nbsp;(\u017eih\u013eavovit\u00e9) Botanick\u00e1 charakteristika:&nbsp;Trv\u00e1ca bylina, ktor\u00e1 dorast\u00e1 do v\u00fd\u0161ky 2 m, pokryt\u00e1 p\u0155hliv\u00fdmi trich\u00f3mami. Stonka je vzpriamen\u00e1, \u0161tvorhrann\u00e1. Listy s\u00fa vajcovit\u00e9, protistojn\u00e9, p\u00edlkovit\u00e9, s&nbsp;mal\u00fdmi kopijovit\u00fdmi pril\u00edstkami. Kvety s\u00fa mal\u00e9, zelen\u00e9, tvoria metlinovit\u00e9 s\u00fakvetie. Plodom je na\u017eka. Mikroskopick\u00fd n\u00e1kres: Roz\u0161\u00edrenie:&nbsp;Rastie na l\u00fakach, pasienkoch, na [&hellip;]","og_url":"https:\/\/www.liecivebyliny.eu\/?page_id=412","og_site_name":"liecivebyliny.eu","article_modified_time":"2024-01-01T19:09:31+00:00","og_image":[{"url":"https:\/\/www.liecivebyliny.eu\/wp-content\/uploads\/2023\/12\/image-47.jpeg"}],"twitter_card":"summary_large_image","twitter_misc":{"Predpokladan\u00fd \u010das \u010d\u00edtania":"3 min\u00faty"},"schema":{"@context":"https:\/\/schema.org","@graph":[{"@type":"WebPage","@id":"https:\/\/www.liecivebyliny.eu\/?page_id=412","url":"https:\/\/www.liecivebyliny.eu\/?page_id=412","name":"Urtica dioica&nbsp;L. - liecivebyliny.eu","isPartOf":{"@id":"https:\/\/www.liecivebyliny.eu\/#website"},"datePublished":"2023-12-23T19:40:40+00:00","dateModified":"2024-01-01T19:09:31+00:00","breadcrumb":{"@id":"https:\/\/www.liecivebyliny.eu\/?page_id=412#breadcrumb"},"inLanguage":"sk-SK","potentialAction":[{"@type":"ReadAction","target":["https:\/\/www.liecivebyliny.eu\/?page_id=412"]}]},{"@type":"BreadcrumbList","@id":"https:\/\/www.liecivebyliny.eu\/?page_id=412#breadcrumb","itemListElement":[{"@type":"ListItem","position":1,"name":"Home","item":"https:\/\/www.liecivebyliny.eu\/"},{"@type":"ListItem","position":2,"name":"Urtica dioica&nbsp;L."}]},{"@type":"WebSite","@id":"https:\/\/www.liecivebyliny.eu\/#website","url":"https:\/\/www.liecivebyliny.eu\/","name":"liecivebyliny.eu","description":"","potentialAction":[{"@type":"SearchAction","target":{"@type":"EntryPoint","urlTemplate":"https:\/\/www.liecivebyliny.eu\/?s={search_term_string}"},"query-input":"required name=search_term_string"}],"inLanguage":"sk-SK"}]}},"_links":{"self":[{"href":"https:\/\/www.liecivebyliny.eu\/index.php?rest_route=\/wp\/v2\/pages\/412"}],"collection":[{"href":"https:\/\/www.liecivebyliny.eu\/index.php?rest_route=\/wp\/v2\/pages"}],"about":[{"href":"https:\/\/www.liecivebyliny.eu\/index.php?rest_route=\/wp\/v2\/types\/page"}],"author":[{"embeddable":true,"href":"https:\/\/www.liecivebyliny.eu\/index.php?rest_route=\/wp\/v2\/users\/1"}],"replies":[{"embeddable":true,"href":"https:\/\/www.liecivebyliny.eu\/index.php?rest_route=%2Fwp%2Fv2%2Fcomments&post=412"}],"version-history":[{"count":2,"href":"https:\/\/www.liecivebyliny.eu\/index.php?rest_route=\/wp\/v2\/pages\/412\/revisions"}],"predecessor-version":[{"id":906,"href":"https:\/\/www.liecivebyliny.eu\/index.php?rest_route=\/wp\/v2\/pages\/412\/revisions\/906"}],"wp:attachment":[{"href":"https:\/\/www.liecivebyliny.eu\/index.php?rest_route=%2Fwp%2Fv2%2Fmedia&parent=412"}],"curies":[{"name":"wp","href":"https:\/\/api.w.org\/{rel}","templated":true}]}}