{"id":424,"date":"2023-12-23T20:46:50","date_gmt":"2023-12-23T19:46:50","guid":{"rendered":"https:\/\/www.liecivebyliny.eu\/?page_id=424"},"modified":"2024-01-01T20:27:23","modified_gmt":"2024-01-01T19:27:23","slug":"valeriana-officinalis-l","status":"publish","type":"page","link":"https:\/\/www.liecivebyliny.eu\/?page_id=424","title":{"rendered":"<em>Valeriana officinalis<\/em>&nbsp;L."},"content":{"rendered":"<div class=\"wp-block-image\">\n<figure class=\"aligncenter size-full\"><img decoding=\"async\" loading=\"lazy\" width=\"256\" height=\"342\" src=\"https:\/\/www.liecivebyliny.eu\/wp-content\/uploads\/2023\/12\/image-49.jpeg\" alt=\"\" class=\"wp-image-426\" srcset=\"https:\/\/www.liecivebyliny.eu\/wp-content\/uploads\/2023\/12\/image-49.jpeg 256w, https:\/\/www.liecivebyliny.eu\/wp-content\/uploads\/2023\/12\/image-49-225x300.jpeg 225w\" sizes=\"(max-width: 256px) 100vw, 256px\" \/><figcaption class=\"wp-element-caption\">Valeri\u00e1na lek\u00e1rska<\/figcaption><\/figure><\/div>\n\n\n<p><strong>Slovensk\u00fd n\u00e1zov:&nbsp;<\/strong>valeri\u00e1na lek\u00e1rska<\/p>\n\n\n\n<p><strong>Anglick\u00fd n\u00e1zov:<\/strong>&nbsp;Valerian<\/p>\n\n\n\n<p><strong>\u010cesk\u00fd n\u00e1zov:&nbsp;<\/strong>kozl\u00edk l\u00e9ka\u0159sk\u00fd<\/p>\n\n\n\n<p><strong>\u013dudov\u00e9 n\u00e1zvy:&nbsp;<\/strong>kozl\u00edk, ma\u010dacia zelina<\/p>\n\n\n\n<p><strong>\u010ce\u013ea\u010f:&nbsp;<\/strong><em>Valeriananceae&nbsp;<\/em>(valeri\u00e1novit\u00e9)<\/p>\n\n\n\n<p><strong>Botanick\u00e1 charakteristika:<\/strong>&nbsp;Trv\u00e1ca rastlina, ktor\u00e1 dorast\u00e1 do v\u00fd\u0161ky 150 cm. V&nbsp;prvom roku veget\u00e1cie vyrast\u00e1 pr\u00edzemn\u00e1 ru\u017eica listov. Listy s\u00fa perovito strihan\u00e9, protistojn\u00e9, v&nbsp;spodnej \u010dasti dlhostopkat\u00e9 a&nbsp;kopijovit\u00e9. V&nbsp;hornej \u010dasti s\u00fa listy pr\u00edsediace priamo k&nbsp;stonke. Biele a\u017e bieloru\u017eov\u00e9 kvety s\u00fa tvarovan\u00e9 do vidlicovit\u00fdch vrchol\u00edkov. Plod vytv\u00e1ra jednosemenn\u00e1 na\u017eka s&nbsp;chocholcom.<\/p>\n\n\n\n<p><strong>Mikroskopick\u00fd n\u00e1kres:<\/strong><\/p>\n\n\n<div class=\"wp-block-image\">\n<figure class=\"aligncenter size-full\"><img decoding=\"async\" loading=\"lazy\" width=\"292\" height=\"278\" src=\"https:\/\/www.liecivebyliny.eu\/wp-content\/uploads\/2023\/12\/image-54.png\" alt=\"\" class=\"wp-image-425\"\/><figcaption class=\"wp-element-caption\"><em>N\u00e1kres zobrazuje prie\u010dny rez kore\u0148om valeri\u00e1ny lek\u00e1rskej. Na povrchu prepar\u00e1tu je poko\u017eka (a), pod ktorou sa nach\u00e1dza parench\u00fdm so \u0161krobom (b). V&nbsp;strede prepar\u00e1tu je situovan\u00e1 endoderma (c), pod ktorou s\u00fa sitkovice (d) a cievy (e).<\/em><\/figcaption><\/figure><\/div>\n\n<div class=\"wp-block-image\">\n<figure class=\"aligncenter size-full\"><img decoding=\"async\" loading=\"lazy\" width=\"480\" height=\"480\" src=\"https:\/\/www.liecivebyliny.eu\/wp-content\/uploads\/2024\/01\/Valerianae-radix40x-edited.jpg\" alt=\"\" class=\"wp-image-928\" srcset=\"https:\/\/www.liecivebyliny.eu\/wp-content\/uploads\/2024\/01\/Valerianae-radix40x-edited.jpg 480w, https:\/\/www.liecivebyliny.eu\/wp-content\/uploads\/2024\/01\/Valerianae-radix40x-edited-300x300.jpg 300w, https:\/\/www.liecivebyliny.eu\/wp-content\/uploads\/2024\/01\/Valerianae-radix40x-edited-150x150.jpg 150w\" sizes=\"(max-width: 480px) 100vw, 480px\" \/><figcaption class=\"wp-element-caption\">Prie\u010dny rez kore\u0148om valeri\u00e1ny (zv\u00e4\u010d\u0161en\u00e9 40x)<\/figcaption><\/figure><\/div>\n\n\n<p><\/p>\n\n\n\n<p><strong>Roz\u0161\u00edrenie:&nbsp;<\/strong>Rastie na okrajoch lesov, pri lesn\u00fdch cest\u00e1ch, na vlhk\u00fdch l\u00fakach a&nbsp;pasienkoch, pri&nbsp;potokoch.<\/p>\n\n\n\n<p><strong>Droga:<\/strong>&nbsp;<em>Valerianae radix<\/em><\/p>\n\n\n\n<p><strong>Sp\u00f4sob zberu:&nbsp;<\/strong>Podzemok&nbsp;spolu s&nbsp;kore\u0148mi sa zber\u00e1 v&nbsp;druhom roku veget\u00e1cie na jese\u0148 a&nbsp;v&nbsp;tre\u0165om roku vegeta\u010dn\u00e9ho obdobia na jar. Zber sa uskuto\u010d\u0148uje vyr\u00fd\u013eovan\u00edm alebo vyor\u00e1van\u00edm. N\u00e1sledne sa r\u00fdchlo opl\u00e1chne vodou a&nbsp;pozd\u013a\u017ene rozre\u017ee.&nbsp;<\/p>\n\n\n\n<p><strong>Su\u0161enie:<\/strong>&nbsp;Su\u0161\u00ed sa prirodzen\u00fdm sp\u00f4sobom v&nbsp;tmavej,&nbsp;vetrate\u013enej miestnosti v&nbsp;tenk\u00fdch vrstv\u00e1ch, pr\u00edpadne zavesen\u00e9 na mot\u00faze. Umel\u00fdm teplom prebieha su\u0161enie pri teplote do 35 \u00b0C.&nbsp;<\/p>\n\n\n\n<p><strong>Obsahov\u00e9 l\u00e1tky:<\/strong>&nbsp;Valeri\u00e1na lek\u00e1rska obsahuje ve\u013ek\u00e9 mno\u017estvo silice na b\u00e1ze bornylacet\u00e1tu a&nbsp;bornylizovalerian\u00e1tu. Zna\u010dne s\u00fa zast\u00fapen\u00e9 organick\u00e9 kyseliny napr. kyselina valer\u00e9nov\u00e1, ale aj valepotri\u00e1ty, flavonoidy a&nbsp;pyrid\u00ednov\u00e9 alkaloidy.<\/p>\n\n\n\n<p><strong>Pou\u017eitie:<\/strong>&nbsp;Valeri\u00e1nov\u00fd kore\u0148 sa vyu\u017e\u00edva pre svoj upokojuj\u00faci \u00fa\u010dinok pri nepokoji, nespavosti a&nbsp;nervozite.<\/p>\n\n\n\n<p><strong>Tradi\u010dn\u00fd sp\u00f4sob pou\u017eitia v&nbsp;indik\u00e1ci\u00e1ch ur\u010den\u00fdch v\u00fdhradne na z\u00e1klade dlhodob\u00e9ho pou\u017e\u00edvania:<\/strong><\/p>\n\n\n\n<ul>\n<li>zmiernenie pr\u00edznakov psychick\u00e9ho stresu a&nbsp;podpora sp\u00e1nku.<\/li>\n<\/ul>\n\n\n\n<p><strong>Vybran\u00e9 rastlinn\u00e9 pr\u00edpravky:<\/strong>&nbsp;AGROKARPATY VALERI\u00c1NA LEK\u00c1RSKA kore\u0148 bylinn\u00fd \u010daj 1&#215;30 g, Dr.Max Upokojuj\u00faca bylinn\u00e1 zmes n\u00e1levov\u00e9 vrec\u00fa\u0161ka 20&#215;1,5 g, GRE\u0160\u00cdK BYLINN\u00c9 KVAPKY BALDERI\u00c1NSKE 50 ml, JUVAMED Pokojn\u00fd sp\u00e1nok bylinn\u00e9 kvapky 50 ml, Dr.Svatek SIRUP z byl\u00edn NA NERVY 250 ml, Dr.Theiss MELATON\u00cdN SPREJ na zasp\u00e1vanie PLUS extrakt z mu\u010denky, chme\u013eu, valeri\u00e1ny 20 ml, GS Anxiolan tbl 60 ks, JAMIESON VALERI\u00c1NA 400 mg tbl 60 ks, NEOSPAN forte cps 45 ks, ZzzQuil NATURA \u017eel\u00e9 s&nbsp;pr\u00edchu\u0165ou lesn\u00e9ho ovocia 30 ks.<\/p>\n","protected":false},"excerpt":{"rendered":"<p>Slovensk\u00fd n\u00e1zov:&nbsp;valeri\u00e1na lek\u00e1rska Anglick\u00fd n\u00e1zov:&nbsp;Valerian \u010cesk\u00fd n\u00e1zov:&nbsp;kozl\u00edk l\u00e9ka\u0159sk\u00fd \u013dudov\u00e9 n\u00e1zvy:&nbsp;kozl\u00edk, ma\u010dacia zelina \u010ce\u013ea\u010f:&nbsp;Valeriananceae&nbsp;(valeri\u00e1novit\u00e9) Botanick\u00e1 charakteristika:&nbsp;Trv\u00e1ca rastlina, ktor\u00e1 dorast\u00e1 do v\u00fd\u0161ky 150 cm. V&nbsp;prvom roku veget\u00e1cie vyrast\u00e1 pr\u00edzemn\u00e1 ru\u017eica listov. Listy s\u00fa perovito strihan\u00e9, protistojn\u00e9, v&nbsp;spodnej \u010dasti dlhostopkat\u00e9 a&nbsp;kopijovit\u00e9. V&nbsp;hornej \u010dasti s\u00fa listy pr\u00edsediace priamo k&nbsp;stonke. Biele a\u017e bieloru\u017eov\u00e9 kvety s\u00fa tvarovan\u00e9 do vidlicovit\u00fdch vrchol\u00edkov. Plod [&hellip;]<\/p>\n","protected":false},"author":1,"featured_media":0,"parent":0,"menu_order":0,"comment_status":"closed","ping_status":"closed","template":"","meta":{"_mi_skip_tracking":false},"yoast_head":"<!-- This site is optimized with the Yoast SEO plugin v20.4 - https:\/\/yoast.com\/wordpress\/plugins\/seo\/ -->\n<title>Valeriana officinalis&nbsp;L. - liecivebyliny.eu<\/title>\n<meta name=\"robots\" content=\"index, follow, max-snippet:-1, max-image-preview:large, max-video-preview:-1\" \/>\n<link rel=\"canonical\" href=\"https:\/\/www.liecivebyliny.eu\/?page_id=424\" \/>\n<meta property=\"og:locale\" content=\"sk_SK\" \/>\n<meta property=\"og:type\" content=\"article\" \/>\n<meta property=\"og:title\" content=\"Valeriana officinalis&nbsp;L. - liecivebyliny.eu\" \/>\n<meta property=\"og:description\" content=\"Slovensk\u00fd n\u00e1zov:&nbsp;valeri\u00e1na lek\u00e1rska Anglick\u00fd n\u00e1zov:&nbsp;Valerian \u010cesk\u00fd n\u00e1zov:&nbsp;kozl\u00edk l\u00e9ka\u0159sk\u00fd \u013dudov\u00e9 n\u00e1zvy:&nbsp;kozl\u00edk, ma\u010dacia zelina \u010ce\u013ea\u010f:&nbsp;Valeriananceae&nbsp;(valeri\u00e1novit\u00e9) Botanick\u00e1 charakteristika:&nbsp;Trv\u00e1ca rastlina, ktor\u00e1 dorast\u00e1 do v\u00fd\u0161ky 150 cm. V&nbsp;prvom roku veget\u00e1cie vyrast\u00e1 pr\u00edzemn\u00e1 ru\u017eica listov. Listy s\u00fa perovito strihan\u00e9, protistojn\u00e9, v&nbsp;spodnej \u010dasti dlhostopkat\u00e9 a&nbsp;kopijovit\u00e9. V&nbsp;hornej \u010dasti s\u00fa listy pr\u00edsediace priamo k&nbsp;stonke. Biele a\u017e bieloru\u017eov\u00e9 kvety s\u00fa tvarovan\u00e9 do vidlicovit\u00fdch vrchol\u00edkov. Plod [&hellip;]\" \/>\n<meta property=\"og:url\" content=\"https:\/\/www.liecivebyliny.eu\/?page_id=424\" \/>\n<meta property=\"og:site_name\" content=\"liecivebyliny.eu\" \/>\n<meta property=\"article:modified_time\" content=\"2024-01-01T19:27:23+00:00\" \/>\n<meta property=\"og:image\" content=\"https:\/\/www.liecivebyliny.eu\/wp-content\/uploads\/2023\/12\/image-49.jpeg\" \/>\n<meta name=\"twitter:card\" content=\"summary_large_image\" \/>\n<meta name=\"twitter:label1\" content=\"Predpokladan\u00fd \u010das \u010d\u00edtania\" \/>\n\t<meta name=\"twitter:data1\" content=\"3 min\u00faty\" \/>\n<script type=\"application\/ld+json\" class=\"yoast-schema-graph\">{\"@context\":\"https:\/\/schema.org\",\"@graph\":[{\"@type\":\"WebPage\",\"@id\":\"https:\/\/www.liecivebyliny.eu\/?page_id=424\",\"url\":\"https:\/\/www.liecivebyliny.eu\/?page_id=424\",\"name\":\"Valeriana officinalis&nbsp;L. - liecivebyliny.eu\",\"isPartOf\":{\"@id\":\"https:\/\/www.liecivebyliny.eu\/#website\"},\"datePublished\":\"2023-12-23T19:46:50+00:00\",\"dateModified\":\"2024-01-01T19:27:23+00:00\",\"breadcrumb\":{\"@id\":\"https:\/\/www.liecivebyliny.eu\/?page_id=424#breadcrumb\"},\"inLanguage\":\"sk-SK\",\"potentialAction\":[{\"@type\":\"ReadAction\",\"target\":[\"https:\/\/www.liecivebyliny.eu\/?page_id=424\"]}]},{\"@type\":\"BreadcrumbList\",\"@id\":\"https:\/\/www.liecivebyliny.eu\/?page_id=424#breadcrumb\",\"itemListElement\":[{\"@type\":\"ListItem\",\"position\":1,\"name\":\"Home\",\"item\":\"https:\/\/www.liecivebyliny.eu\/\"},{\"@type\":\"ListItem\",\"position\":2,\"name\":\"Valeriana officinalis&nbsp;L.\"}]},{\"@type\":\"WebSite\",\"@id\":\"https:\/\/www.liecivebyliny.eu\/#website\",\"url\":\"https:\/\/www.liecivebyliny.eu\/\",\"name\":\"liecivebyliny.eu\",\"description\":\"\",\"potentialAction\":[{\"@type\":\"SearchAction\",\"target\":{\"@type\":\"EntryPoint\",\"urlTemplate\":\"https:\/\/www.liecivebyliny.eu\/?s={search_term_string}\"},\"query-input\":\"required name=search_term_string\"}],\"inLanguage\":\"sk-SK\"}]}<\/script>\n<!-- \/ Yoast SEO plugin. -->","yoast_head_json":{"title":"Valeriana officinalis&nbsp;L. - liecivebyliny.eu","robots":{"index":"index","follow":"follow","max-snippet":"max-snippet:-1","max-image-preview":"max-image-preview:large","max-video-preview":"max-video-preview:-1"},"canonical":"https:\/\/www.liecivebyliny.eu\/?page_id=424","og_locale":"sk_SK","og_type":"article","og_title":"Valeriana officinalis&nbsp;L. - liecivebyliny.eu","og_description":"Slovensk\u00fd n\u00e1zov:&nbsp;valeri\u00e1na lek\u00e1rska Anglick\u00fd n\u00e1zov:&nbsp;Valerian \u010cesk\u00fd n\u00e1zov:&nbsp;kozl\u00edk l\u00e9ka\u0159sk\u00fd \u013dudov\u00e9 n\u00e1zvy:&nbsp;kozl\u00edk, ma\u010dacia zelina \u010ce\u013ea\u010f:&nbsp;Valeriananceae&nbsp;(valeri\u00e1novit\u00e9) Botanick\u00e1 charakteristika:&nbsp;Trv\u00e1ca rastlina, ktor\u00e1 dorast\u00e1 do v\u00fd\u0161ky 150 cm. V&nbsp;prvom roku veget\u00e1cie vyrast\u00e1 pr\u00edzemn\u00e1 ru\u017eica listov. Listy s\u00fa perovito strihan\u00e9, protistojn\u00e9, v&nbsp;spodnej \u010dasti dlhostopkat\u00e9 a&nbsp;kopijovit\u00e9. V&nbsp;hornej \u010dasti s\u00fa listy pr\u00edsediace priamo k&nbsp;stonke. Biele a\u017e bieloru\u017eov\u00e9 kvety s\u00fa tvarovan\u00e9 do vidlicovit\u00fdch vrchol\u00edkov. Plod [&hellip;]","og_url":"https:\/\/www.liecivebyliny.eu\/?page_id=424","og_site_name":"liecivebyliny.eu","article_modified_time":"2024-01-01T19:27:23+00:00","og_image":[{"url":"https:\/\/www.liecivebyliny.eu\/wp-content\/uploads\/2023\/12\/image-49.jpeg"}],"twitter_card":"summary_large_image","twitter_misc":{"Predpokladan\u00fd \u010das \u010d\u00edtania":"3 min\u00faty"},"schema":{"@context":"https:\/\/schema.org","@graph":[{"@type":"WebPage","@id":"https:\/\/www.liecivebyliny.eu\/?page_id=424","url":"https:\/\/www.liecivebyliny.eu\/?page_id=424","name":"Valeriana officinalis&nbsp;L. - liecivebyliny.eu","isPartOf":{"@id":"https:\/\/www.liecivebyliny.eu\/#website"},"datePublished":"2023-12-23T19:46:50+00:00","dateModified":"2024-01-01T19:27:23+00:00","breadcrumb":{"@id":"https:\/\/www.liecivebyliny.eu\/?page_id=424#breadcrumb"},"inLanguage":"sk-SK","potentialAction":[{"@type":"ReadAction","target":["https:\/\/www.liecivebyliny.eu\/?page_id=424"]}]},{"@type":"BreadcrumbList","@id":"https:\/\/www.liecivebyliny.eu\/?page_id=424#breadcrumb","itemListElement":[{"@type":"ListItem","position":1,"name":"Home","item":"https:\/\/www.liecivebyliny.eu\/"},{"@type":"ListItem","position":2,"name":"Valeriana officinalis&nbsp;L."}]},{"@type":"WebSite","@id":"https:\/\/www.liecivebyliny.eu\/#website","url":"https:\/\/www.liecivebyliny.eu\/","name":"liecivebyliny.eu","description":"","potentialAction":[{"@type":"SearchAction","target":{"@type":"EntryPoint","urlTemplate":"https:\/\/www.liecivebyliny.eu\/?s={search_term_string}"},"query-input":"required name=search_term_string"}],"inLanguage":"sk-SK"}]}},"_links":{"self":[{"href":"https:\/\/www.liecivebyliny.eu\/index.php?rest_route=\/wp\/v2\/pages\/424"}],"collection":[{"href":"https:\/\/www.liecivebyliny.eu\/index.php?rest_route=\/wp\/v2\/pages"}],"about":[{"href":"https:\/\/www.liecivebyliny.eu\/index.php?rest_route=\/wp\/v2\/types\/page"}],"author":[{"embeddable":true,"href":"https:\/\/www.liecivebyliny.eu\/index.php?rest_route=\/wp\/v2\/users\/1"}],"replies":[{"embeddable":true,"href":"https:\/\/www.liecivebyliny.eu\/index.php?rest_route=%2Fwp%2Fv2%2Fcomments&post=424"}],"version-history":[{"count":4,"href":"https:\/\/www.liecivebyliny.eu\/index.php?rest_route=\/wp\/v2\/pages\/424\/revisions"}],"predecessor-version":[{"id":930,"href":"https:\/\/www.liecivebyliny.eu\/index.php?rest_route=\/wp\/v2\/pages\/424\/revisions\/930"}],"wp:attachment":[{"href":"https:\/\/www.liecivebyliny.eu\/index.php?rest_route=%2Fwp%2Fv2%2Fmedia&parent=424"}],"curies":[{"name":"wp","href":"https:\/\/api.w.org\/{rel}","templated":true}]}}