{"id":470,"date":"2023-12-28T15:00:25","date_gmt":"2023-12-28T14:00:25","guid":{"rendered":"https:\/\/www.liecivebyliny.eu\/?page_id=470"},"modified":"2023-12-29T23:49:27","modified_gmt":"2023-12-29T22:49:27","slug":"plant-families","status":"publish","type":"page","link":"https:\/\/www.liecivebyliny.eu\/?page_id=470&lang=en","title":{"rendered":"Plant families"},"content":{"rendered":"\n<p><\/p>\n\n\n\n<p><strong>Family: Apiaceae<\/strong><\/p>\n\n\n\n<ul>\n<li><a href=\"https:\/\/www.liecivebyliny.eu\/?page_id=537&amp;lang=en\">Garden-angelica (<em>Archangelica archangelica<\/em>\u00a0L. syn.\u00a0<em>Angelica officinalis<\/em>\u00a0Hoffm.)<\/a>\n<ul><\/ul>\n<\/li>\n\n\n\n<li><a href=\"https:\/\/www.liecivebyliny.eu\/?page_id=664&amp;lang=en\">Lovage (<em>Levisticum officinale<\/em>\u00a0Koch.)<\/a>\n<ul><\/ul>\n<\/li>\n\n\n\n<li><a href=\"https:\/\/www.liecivebyliny.eu\/?page_id=619&amp;lang=en\">Sweet fennel (<em>Foeniculum vulgare<\/em>\u00a0Mill.)<\/a>\n<ul><\/ul>\n<\/li>\n<\/ul>\n\n\n\n<p><\/p>\n\n\n\n<p><strong>Family: Asteraceae<\/strong><\/p>\n\n\n\n<ul>\n<li><a href=\"https:\/\/www.liecivebyliny.eu\/?page_id=809&amp;lang=en\">Coltsfoot, Coughwort (<em>Tussilago farfara<\/em>\u00a0L.)<\/a>\n<ul><\/ul>\n<\/li>\n\n\n\n<li><a href=\"https:\/\/www.liecivebyliny.eu\/?page_id=782&amp;lang=en\">Common dandelion (<em>Taraxacum officinale<\/em>\u00a0F.H.Wigg.)<\/a>\n<ul><\/ul>\n<\/li>\n\n\n\n<li><a href=\"https:\/\/www.liecivebyliny.eu\/?page_id=563&amp;lang=en\">Corneflower (<em>Centaurea cyanus<\/em>\u00a0L. syn.\u00a0<em>Cyanus arvensis<\/em>\u00a0Moench.)<\/a>\n<ul><\/ul>\n<\/li>\n\n\n\n<li><a href=\"https:\/\/www.liecivebyliny.eu\/?page_id=543&amp;lang=en\">Daisy (<em>Bellis perennis<\/em>\u00a0L.)<\/a>\n<ul><\/ul>\n<\/li>\n\n\n\n<li><a href=\"https:\/\/www.liecivebyliny.eu\/?page_id=580&amp;lang=en\">Chicory, Succory (<em>Cichorium intybus<\/em>\u00a0L.)<\/a>\n<ul><\/ul>\n<\/li>\n\n\n\n<li><a href=\"https:\/\/www.liecivebyliny.eu\/?page_id=518&amp;lang=en\">Milfoil (<em>Achillea millefolium<\/em>\u00a0L.)<\/a>\n<ul><\/ul>\n<\/li>\n\n\n\n<li><a href=\"https:\/\/www.liecivebyliny.eu\/?page_id=599&amp;lang=en\">Narrow-leaved purple coneflower (<em>Echiaceae purpurea<\/em>\u00a0Moench.)<\/a>\n<ul><\/ul>\n<\/li>\n\n\n\n<li><a href=\"https:\/\/www.liecivebyliny.eu\/?page_id=549&amp;lang=en\">Pot marigold (<em>Calendula officinalis<\/em>\u00a0L.)<\/a>\n<ul><\/ul>\n<\/li>\n\n\n\n<li><a href=\"https:\/\/www.liecivebyliny.eu\/?page_id=676&amp;lang=en\">Wild chamomile (<em>Matricaria recucita<\/em>\u00a0L. syn.\u00a0<em>Chamomilla recucita<\/em>)<\/a>\n<ul><\/ul>\n<\/li>\n<\/ul>\n\n\n\n<p><\/p>\n\n\n\n<p><strong>Family: Boraginaceae&nbsp;<\/strong><\/p>\n\n\n\n<ul>\n<li><a href=\"https:\/\/www.liecivebyliny.eu\/?page_id=775&amp;lang=en\">Comfrey (<em>Symphytum officinale<\/em>\u00a0L.)<\/a>\n<ul><\/ul>\n<\/li>\n\n\n\n<li><a href=\"https:\/\/www.liecivebyliny.eu\/?page_id=734&amp;lang=en\">Lung-Wort (<em>Pulmonaria officinalis<\/em>\u00a0L.)<\/a>\n<ul><\/ul>\n<\/li>\n<\/ul>\n\n\n\n<p><\/p>\n\n\n\n<p><strong>Family: Brassicaceaea<\/strong><\/p>\n\n\n\n<ul>\n<li><a href=\"https:\/\/www.liecivebyliny.eu\/?page_id=555&amp;lang=en\">Shepherd\u2018 s purse (<em>Capsella bursa-pastoris<\/em>\u00a0(L.) Med.)<\/a>\n<ul><\/ul>\n<\/li>\n<\/ul>\n\n\n\n<p><\/p>\n\n\n\n<p><strong>Family: Caprifoliaceae<\/strong><\/p>\n\n\n\n<ul>\n<li><a href=\"https:\/\/www.liecivebyliny.eu\/?page_id=755&amp;lang=en\">Elder (<em>Sambucus nigra<\/em>\u00a0L.)<\/a>\n<ul><\/ul>\n<\/li>\n<\/ul>\n\n\n\n<p><\/p>\n\n\n\n<p><strong>Family: Cucurbitacea<\/strong><\/p>\n\n\n\n<ul>\n<li><a href=\"https:\/\/www.liecivebyliny.eu\/?page_id=593&amp;lang=en\">Pumpkin (<em>Cucurbita pepo<\/em>\u00a0L.)<\/a>\n<ul><\/ul>\n<\/li>\n<\/ul>\n\n\n\n<p><\/p>\n\n\n\n<p><strong>Family: Ericaceae<\/strong><\/p>\n\n\n\n<ul>\n<li><a href=\"https:\/\/www.liecivebyliny.eu\/?page_id=822&amp;lang=en\">Bilberry (<em>Vaccinium myrtillus<\/em>\u00a0L.)<\/a>\n<ul><\/ul>\n<\/li>\n<\/ul>\n\n\n\n<p><\/p>\n\n\n\n<p><strong>Family: Equisetaceae<\/strong><\/p>\n\n\n\n<ul>\n<li><a href=\"https:\/\/www.liecivebyliny.eu\/?page_id=604&amp;lang=en\">Common horsetail (<em>Equisetum arvense<\/em>\u00a0L.)<\/a>\n<ul><\/ul>\n<\/li>\n<\/ul>\n\n\n\n<p><\/p>\n\n\n\n<p><strong>Family: Fabaceae<\/strong><\/p>\n\n\n\n<ul>\n<li><a href=\"https:\/\/www.liecivebyliny.eu\/?page_id=694&amp;lang=en\">Common Melilot (<em>Melilotus officinalis<\/em>\u00a0L.)<\/a>\n<ul><\/ul>\n<\/li>\n\n\n\n<li><a href=\"https:\/\/www.liecivebyliny.eu\/?page_id=795&amp;lang=en\">Red clover (<em>Trifolium pratense<\/em>\u00a0L.)<\/a>\n<ul><\/ul>\n<\/li>\n<\/ul>\n\n\n\n<p><\/p>\n\n\n\n<p><strong>Family: Gentianaceae<\/strong><\/p>\n\n\n\n<ul>\n<li><a href=\"https:\/\/www.liecivebyliny.eu\/?page_id=569&amp;lang=en\">Common centaury (<em>Centaurium erytraea<\/em>\u00a0Raf.)<\/a>\n<ul><\/ul>\n<\/li>\n<\/ul>\n\n\n\n<p><\/p>\n\n\n\n<p><strong>Family: Hypericaceae<\/strong><\/p>\n\n\n\n<ul>\n<li><a href=\"https:\/\/www.liecivebyliny.eu\/?page_id=638&amp;lang=en\">Perforate st John\u00b4s Wort (<em>Hypericum perforatum<\/em>\u00a0L.)<\/a>\n<ul><\/ul>\n<\/li>\n<\/ul>\n\n\n\n<p><\/p>\n\n\n\n<p><strong>Family: Lamiaceae<\/strong><\/p>\n\n\n\n<ul>\n<li><a href=\"https:\/\/www.liecivebyliny.eu\/?page_id=682&amp;lang=en\">Balm (<em>Melissa officinalis<\/em>\u00a0L.)<\/a>\n<ul><\/ul>\n<\/li>\n\n\n\n<li><a href=\"https:\/\/www.liecivebyliny.eu\/?page_id=700&amp;lang=en\">Basil (<em>Ocimum basilicum<\/em>\u00a0L.)<\/a>\n<ul><\/ul>\n<\/li>\n\n\n\n<li><a href=\"https:\/\/www.liecivebyliny.eu\/?page_id=651&amp;lang=en\">Common Lavender (<em>Lavandula angustifolia<\/em>\u00a0Mill.)<\/a>\n<ul><\/ul>\n<\/li>\n\n\n\n<li><a href=\"https:\/\/www.liecivebyliny.eu\/?page_id=644&amp;lang=en\">Hyssop (<em>Hyssopus officinalis<\/em>\u00a0L.)<\/a>\n<ul><\/ul>\n<\/li>\n\n\n\n<li><a href=\"https:\/\/www.liecivebyliny.eu\/?page_id=688&amp;lang=en\">Peppermint (<em>Mentha \u00d7 piperita<\/em>\u00a0L.)<\/a>\n<ul><\/ul>\n<\/li>\n\n\n\n<li><a href=\"https:\/\/www.liecivebyliny.eu\/?page_id=761&amp;lang=en\">Sage (<em>Salvia officinalis<\/em>\u00a0L.)<\/a>\n<ul><\/ul>\n<\/li>\n\n\n\n<li><a href=\"https:\/\/www.liecivebyliny.eu\/?page_id=767&amp;lang=en\">Summer savory (<em>Satureja hortensis<\/em>\u00a0L.)<\/a>\n<ul><\/ul>\n<\/li>\n\n\n\n<li><a href=\"https:\/\/www.liecivebyliny.eu\/?page_id=658&amp;lang=en\">White dead nettle (<em>Lamium album<\/em>\u00a0L.)<\/a>\n<ul><\/ul>\n<\/li>\n\n\n\n<li><a href=\"https:\/\/www.liecivebyliny.eu\/?page_id=670&amp;lang=en\">White horehound (<em>Marrubium vulgare<\/em>\u00a0L.)<\/a>\n<ul><\/ul>\n\n\n\n<ul><\/ul>\n<\/li>\n\n\n\n<li><a href=\"https:\/\/www.liecivebyliny.eu\/?page_id=706&amp;lang=en\">Wild Marjoram (<em>Origanum vulgare<\/em>\u00a0L.)<\/a>\n<ul><\/ul>\n<\/li>\n\n\n\n<li><a href=\"https:\/\/www.liecivebyliny.eu\/?page_id=801&amp;lang=en\">Wild thyme (<em>Thymus serphyllum<\/em>\u00a0L.)<\/a>\n<ul><\/ul>\n<\/li>\n<\/ul>\n\n\n\n<p><\/p>\n\n\n\n<p><strong>Family: Malvaceae<\/strong><\/p>\n\n\n\n<ul>\n<li><a href=\"https:\/\/www.liecivebyliny.eu\/?page_id=531&amp;lang=en\">Marsh mallow (<em>Althaea officinalis<\/em>\u00a0L.)<\/a>\n<ul><\/ul>\n<\/li>\n<\/ul>\n\n\n\n<p><\/p>\n\n\n\n<p><strong>Family: Papaveraceae<\/strong><\/p>\n\n\n\n<ul>\n<li><a href=\"https:\/\/www.liecivebyliny.eu\/?page_id=714&amp;lang=en\">Fieldpoppy (<em>Papaver rhoeas<\/em>\u00a0L.)<\/a>\n<ul><\/ul>\n<\/li>\n<\/ul>\n\n\n\n<p><\/p>\n\n\n\n<p><strong>Family: Plantaginaceae<\/strong><\/p>\n\n\n\n<ul>\n<li><a href=\"https:\/\/www.liecivebyliny.eu\/?page_id=721&amp;lang=en\">Ribwort (<em>Plantago lanceolata<\/em>\u00a0L.)<\/a>\n<ul><\/ul>\n<\/li>\n<\/ul>\n\n\n\n<p><\/p>\n\n\n\n<p><strong>Family: Rosaceae<\/strong><\/p>\n\n\n\n<ul>\n<li><a href=\"https:\/\/www.liecivebyliny.eu\/?page_id=749&amp;lang=en\">Blackberry (<em>Rubus fructicosus<\/em>\u00a0L.)<\/a>\n<ul><\/ul>\n<\/li>\n\n\n\n<li><a href=\"https:\/\/www.liecivebyliny.eu\/?page_id=460&amp;lang=en\">Common agrimony (<em>Agrimonia eupatoria<\/em>&nbsp;L.)<\/a>\n<ul><\/ul>\n<\/li>\n\n\n\n<li><a href=\"https:\/\/www.liecivebyliny.eu\/?page_id=586&amp;lang=en\">Common hawthorn (<em>Crataegus monogyna<\/em>\u00a0Jacq.)<\/a>\n<ul><\/ul>\n<\/li>\n\n\n\n<li><a href=\"https:\/\/www.liecivebyliny.eu\/?page_id=740&amp;lang=en\">Dog rose (<em>Rosa canina<\/em>\u00a0L.)<\/a>\n<ul><\/ul>\n<\/li>\n\n\n\n<li><a href=\"https:\/\/www.liecivebyliny.eu\/?page_id=524&amp;lang=en\">Lady\u2019s mantel (<em>Alchemilla xanthochlora<\/em>\u00a0ROTHM. syn.\u00a0<em>Alchemilla vulgaris<\/em>\u00a0L.)<\/a>\n<ul><\/ul>\n<\/li>\n\n\n\n<li><a href=\"https:\/\/www.liecivebyliny.eu\/?page_id=727&amp;lang=en\">Silverweed (<em>Potentilla anserina<\/em>\u00a0L.)<\/a>\n<ul><\/ul>\n<\/li>\n\n\n\n<li><a href=\"https:\/\/www.liecivebyliny.eu\/?page_id=625&amp;lang=en\">Wild strawberry (<em>Fragaria vesca<\/em>\u00a0L.)<\/a>\n<ul><\/ul>\n<\/li>\n<\/ul>\n\n\n\n<p><\/p>\n\n\n\n<p><strong>Family: Rubiaceae&nbsp;<\/strong><\/p>\n\n\n\n<ul>\n<li><a href=\"https:\/\/www.liecivebyliny.eu\/?page_id=632&amp;lang=en\">Sweet Woodruff (<em>Galium<\/em>\u00a0<em>odoratum<\/em>\u00a0L., syn.\u00a0<em>Asperula odorata<\/em>\u00a0L.)<\/a>\n<ul><\/ul>\n<\/li>\n<\/ul>\n\n\n\n<p><\/p>\n\n\n\n<p><strong>Family: Scrophulariaceae<\/strong><\/p>\n\n\n\n<ul>\n<li><a href=\"https:\/\/www.liecivebyliny.eu\/?page_id=613&amp;lang=en\">Eyebright (<em>Euphrasia rostkoviana<\/em>\u00a0Hayne.)<\/a>\n<ul><\/ul>\n<\/li>\n\n\n\n<li><a href=\"https:\/\/www.liecivebyliny.eu\/?page_id=835&amp;lang=en\">Mullein (<em>Verbascum densiflorum<\/em>\u00a0BERTOL.)<\/a>\n<ul><\/ul>\n<\/li>\n<\/ul>\n\n\n\n<p><\/p>\n\n\n\n<p><strong>Family: Tiliaceae<\/strong><\/p>\n\n\n\n<ul>\n<li><a href=\"https:\/\/www.liecivebyliny.eu\/?page_id=789&amp;lang=en\">Common lime (<em>Tilia cordata<\/em>\u00a0Mill.,\u00a0<em>Tilia plathyphylla<\/em>\u00a0Scop.)<\/a>\n<ul><\/ul>\n<\/li>\n<\/ul>\n\n\n\n<p><\/p>\n\n\n\n<p><strong>Family: Urticaceae<\/strong><\/p>\n\n\n\n<ul>\n<li><a href=\"https:\/\/www.liecivebyliny.eu\/?page_id=816&amp;lang=en\">Stinging nettle (<em>Urtica dioica<\/em>\u00a0L.)<\/a>\n<ul><\/ul>\n<\/li>\n<\/ul>\n\n\n\n<p><\/p>\n\n\n\n<p><strong>Family: Valeriananceae<\/strong><\/p>\n\n\n\n<ul>\n<li><a href=\"https:\/\/www.liecivebyliny.eu\/?page_id=828&amp;lang=en\">Valerian (<em>Valeriana officinalis<\/em>\u00a0L.)<\/a>\n<ul><\/ul>\n<\/li>\n<\/ul>\n","protected":false},"excerpt":{"rendered":"<p>Family: Apiaceae Family: Asteraceae Family: Boraginaceae&nbsp; Family: Brassicaceaea Family: Caprifoliaceae Family: Cucurbitacea Family: Ericaceae Family: Equisetaceae Family: Fabaceae Family: Gentianaceae Family: Hypericaceae Family: Lamiaceae Family: Malvaceae Family: Papaveraceae Family: Plantaginaceae Family: Rosaceae Family: Rubiaceae&nbsp; Family: Scrophulariaceae Family: Tiliaceae Family: Urticaceae Family: Valeriananceae<\/p>\n","protected":false},"author":1,"featured_media":0,"parent":0,"menu_order":0,"comment_status":"closed","ping_status":"closed","template":"","meta":{"_mi_skip_tracking":false},"yoast_head":"<!-- This site is optimized with the Yoast SEO plugin v20.4 - https:\/\/yoast.com\/wordpress\/plugins\/seo\/ -->\n<title>Plant families - liecivebyliny.eu<\/title>\n<meta name=\"robots\" content=\"index, follow, max-snippet:-1, max-image-preview:large, max-video-preview:-1\" \/>\n<link rel=\"canonical\" href=\"https:\/\/www.liecivebyliny.eu\/?page_id=470&lang=en\" \/>\n<meta property=\"og:locale\" content=\"sk_SK\" \/>\n<meta property=\"og:type\" content=\"article\" \/>\n<meta property=\"og:title\" content=\"Plant families - liecivebyliny.eu\" \/>\n<meta property=\"og:description\" content=\"Family: Apiaceae Family: Asteraceae Family: Boraginaceae&nbsp; Family: Brassicaceaea Family: Caprifoliaceae Family: Cucurbitacea Family: Ericaceae Family: Equisetaceae Family: Fabaceae Family: Gentianaceae Family: Hypericaceae Family: Lamiaceae Family: Malvaceae Family: Papaveraceae Family: Plantaginaceae Family: Rosaceae Family: Rubiaceae&nbsp; Family: Scrophulariaceae Family: Tiliaceae Family: Urticaceae Family: Valeriananceae\" \/>\n<meta property=\"og:url\" content=\"https:\/\/www.liecivebyliny.eu\/?page_id=470&amp;lang=en\" \/>\n<meta property=\"og:site_name\" content=\"liecivebyliny.eu\" \/>\n<meta property=\"article:modified_time\" content=\"2023-12-29T22:49:27+00:00\" \/>\n<meta name=\"twitter:card\" content=\"summary_large_image\" \/>\n<meta name=\"twitter:label1\" content=\"Predpokladan\u00fd \u010das \u010d\u00edtania\" \/>\n\t<meta name=\"twitter:data1\" content=\"2 min\u00faty\" \/>\n<script type=\"application\/ld+json\" class=\"yoast-schema-graph\">{\"@context\":\"https:\/\/schema.org\",\"@graph\":[{\"@type\":\"WebPage\",\"@id\":\"https:\/\/www.liecivebyliny.eu\/?page_id=470&lang=en\",\"url\":\"https:\/\/www.liecivebyliny.eu\/?page_id=470&lang=en\",\"name\":\"Plant families - liecivebyliny.eu\",\"isPartOf\":{\"@id\":\"https:\/\/www.liecivebyliny.eu\/#website\"},\"datePublished\":\"2023-12-28T14:00:25+00:00\",\"dateModified\":\"2023-12-29T22:49:27+00:00\",\"breadcrumb\":{\"@id\":\"https:\/\/www.liecivebyliny.eu\/?page_id=470&lang=en#breadcrumb\"},\"inLanguage\":\"sk-SK\",\"potentialAction\":[{\"@type\":\"ReadAction\",\"target\":[\"https:\/\/www.liecivebyliny.eu\/?page_id=470&lang=en\"]}]},{\"@type\":\"BreadcrumbList\",\"@id\":\"https:\/\/www.liecivebyliny.eu\/?page_id=470&lang=en#breadcrumb\",\"itemListElement\":[{\"@type\":\"ListItem\",\"position\":1,\"name\":\"Home\",\"item\":\"https:\/\/www.liecivebyliny.eu\/\"},{\"@type\":\"ListItem\",\"position\":2,\"name\":\"Plant families\"}]},{\"@type\":\"WebSite\",\"@id\":\"https:\/\/www.liecivebyliny.eu\/#website\",\"url\":\"https:\/\/www.liecivebyliny.eu\/\",\"name\":\"liecivebyliny.eu\",\"description\":\"\",\"potentialAction\":[{\"@type\":\"SearchAction\",\"target\":{\"@type\":\"EntryPoint\",\"urlTemplate\":\"https:\/\/www.liecivebyliny.eu\/?s={search_term_string}\"},\"query-input\":\"required name=search_term_string\"}],\"inLanguage\":\"sk-SK\"}]}<\/script>\n<!-- \/ Yoast SEO plugin. -->","yoast_head_json":{"title":"Plant families - liecivebyliny.eu","robots":{"index":"index","follow":"follow","max-snippet":"max-snippet:-1","max-image-preview":"max-image-preview:large","max-video-preview":"max-video-preview:-1"},"canonical":"https:\/\/www.liecivebyliny.eu\/?page_id=470&lang=en","og_locale":"sk_SK","og_type":"article","og_title":"Plant families - liecivebyliny.eu","og_description":"Family: Apiaceae Family: Asteraceae Family: Boraginaceae&nbsp; Family: Brassicaceaea Family: Caprifoliaceae Family: Cucurbitacea Family: Ericaceae Family: Equisetaceae Family: Fabaceae Family: Gentianaceae Family: Hypericaceae Family: Lamiaceae Family: Malvaceae Family: Papaveraceae Family: Plantaginaceae Family: Rosaceae Family: Rubiaceae&nbsp; Family: Scrophulariaceae Family: Tiliaceae Family: Urticaceae Family: Valeriananceae","og_url":"https:\/\/www.liecivebyliny.eu\/?page_id=470&lang=en","og_site_name":"liecivebyliny.eu","article_modified_time":"2023-12-29T22:49:27+00:00","twitter_card":"summary_large_image","twitter_misc":{"Predpokladan\u00fd \u010das \u010d\u00edtania":"2 min\u00faty"},"schema":{"@context":"https:\/\/schema.org","@graph":[{"@type":"WebPage","@id":"https:\/\/www.liecivebyliny.eu\/?page_id=470&lang=en","url":"https:\/\/www.liecivebyliny.eu\/?page_id=470&lang=en","name":"Plant families - liecivebyliny.eu","isPartOf":{"@id":"https:\/\/www.liecivebyliny.eu\/#website"},"datePublished":"2023-12-28T14:00:25+00:00","dateModified":"2023-12-29T22:49:27+00:00","breadcrumb":{"@id":"https:\/\/www.liecivebyliny.eu\/?page_id=470&lang=en#breadcrumb"},"inLanguage":"sk-SK","potentialAction":[{"@type":"ReadAction","target":["https:\/\/www.liecivebyliny.eu\/?page_id=470&lang=en"]}]},{"@type":"BreadcrumbList","@id":"https:\/\/www.liecivebyliny.eu\/?page_id=470&lang=en#breadcrumb","itemListElement":[{"@type":"ListItem","position":1,"name":"Home","item":"https:\/\/www.liecivebyliny.eu\/"},{"@type":"ListItem","position":2,"name":"Plant families"}]},{"@type":"WebSite","@id":"https:\/\/www.liecivebyliny.eu\/#website","url":"https:\/\/www.liecivebyliny.eu\/","name":"liecivebyliny.eu","description":"","potentialAction":[{"@type":"SearchAction","target":{"@type":"EntryPoint","urlTemplate":"https:\/\/www.liecivebyliny.eu\/?s={search_term_string}"},"query-input":"required name=search_term_string"}],"inLanguage":"sk-SK"}]}},"_links":{"self":[{"href":"https:\/\/www.liecivebyliny.eu\/index.php?rest_route=\/wp\/v2\/pages\/470"}],"collection":[{"href":"https:\/\/www.liecivebyliny.eu\/index.php?rest_route=\/wp\/v2\/pages"}],"about":[{"href":"https:\/\/www.liecivebyliny.eu\/index.php?rest_route=\/wp\/v2\/types\/page"}],"author":[{"embeddable":true,"href":"https:\/\/www.liecivebyliny.eu\/index.php?rest_route=\/wp\/v2\/users\/1"}],"replies":[{"embeddable":true,"href":"https:\/\/www.liecivebyliny.eu\/index.php?rest_route=%2Fwp%2Fv2%2Fcomments&post=470"}],"version-history":[{"count":5,"href":"https:\/\/www.liecivebyliny.eu\/index.php?rest_route=\/wp\/v2\/pages\/470\/revisions"}],"predecessor-version":[{"id":843,"href":"https:\/\/www.liecivebyliny.eu\/index.php?rest_route=\/wp\/v2\/pages\/470\/revisions\/843"}],"wp:attachment":[{"href":"https:\/\/www.liecivebyliny.eu\/index.php?rest_route=%2Fwp%2Fv2%2Fmedia&parent=470"}],"curies":[{"name":"wp","href":"https:\/\/api.w.org\/{rel}","templated":true}]}}