{"id":473,"date":"2023-12-28T15:00:25","date_gmt":"2023-12-28T14:00:25","guid":{"rendered":"https:\/\/www.liecivebyliny.eu\/?page_id=473"},"modified":"2023-12-29T15:02:01","modified_gmt":"2023-12-29T14:02:01","slug":"references","status":"publish","type":"page","link":"https:\/\/www.liecivebyliny.eu\/?page_id=473&lang=en","title":{"rendered":"References"},"content":{"rendered":"\n<ol type=\"1\">\n<li>Eftimov\u00e1, J., &#8211; Hab\u00e1n, M. (2012). Produkcia lie\u010div\u00fdch rastl\u00edn.&nbsp;<\/li>\n\n\n\n<li>Halarewiczov\u00e1, A. (2022). Atlas jedl\u00fdch rostlin. Bookmedia s.r.o. Ostrava. 190. ISBN 978-80-7639-147-5.<\/li>\n\n\n\n<li>Hrabovsk\u00fd, M., Zahradn\u00edkov\u00e1, E., Mi\u010dieta, K. (2016). Proposal of Slovak names for Angiosperms Phylogeny Group classification of flowering plants: APG IV. Acta Botanica Universitatis Comenianae, 9 \u2013 21.<\/li>\n\n\n\n<li>Kres\u00e1nek, J. ml. &#8211; Kres\u00e1nek, J. st. (2008): Atlas lie\u010div\u00fdch rastl\u00edn a lesn\u00fdch plodov. Osveta, Martin. 424 s. ISBN 978-80-8063-292-2.&nbsp;<\/li>\n\n\n\n<li>Lux, A., Bal\u00e1\u017e, M., Kummerov\u00e1, M., Soukup, A., Votrubov\u00e1, O., Abe, J., Morita, S. Rostx, T. (2017). Obrazov\u00fd pr\u016fvodce anatomi\u00ed rostlin. Academia, Praha. 325 s. ISBN 978-80-200-2620-0.<\/li>\n\n\n\n<li>Ko\u0161\u0165\u00e1lov\u00e1, D., Fialov\u00e1, S., Ra\u010dkov\u00e1, L. (2012). Fytoterapia v s\u00fa\u010dasnej medic\u00edne. Martin: Osveta, 379 s. ISBN 978-80-8063-384-4.<\/li>\n\n\n\n<li>M\u00e1rtonfi, P. (2013). Systematika cievnat\u00fdch rastl\u00edn. Unvierzita Pavla Jozefa \u0160af\u00e1rika v Ko\u0161iciach. ISBN 978-80-8152-055-6.<\/li>\n\n\n\n<li>Nagy, M., Gran\u010dai, D., Mu\u010daji, P. (2017). Farmakogn\u00f3zia. Biologicky akt\u00edvne rastlinn\u00e9 metabolity a&nbsp;ich zdroje. Herba, Bratislava. ISBN 978-8089631-64-3-<\/li>\n\n\n\n<li>Petrovska, B. B. (2012). Historical review of medicinal plants\u2019 usage.&nbsp;<em>Pharmacognosy reviews<\/em>,&nbsp;6&nbsp;(11), 1.<\/li>\n\n\n\n<li>Thurzov\u00e1, \u013d., Kres\u00e1nek, J., Mare\u010dek, \u0160., Mika, K. (2010). Mal\u00fd atlas lie\u010div\u00fdch rastl\u00edn. Vydavate\u013estvo Osveta, Martin. ISBN 978-80-8063-318-9.<\/li>\n\n\n\n<li>\u010co potrebujete vedie\u0165 o&nbsp;bylinkovom \u010daji.&nbsp;<a href=\"https:\/\/www.liecive.herba.sk\/koncentraty\/kniha-atlas-liecivych-rastlin-do-lekarne\/303-o-potrebujete-vedie-o-bylinkovom-aji\">https:\/\/www.liecive.herba.sk\/koncentraty\/kniha-atlas-liecivych-rastlin-do-lekarne\/303-o-potrebujete-vedie-o-bylinkovom-aji<\/a><\/li>\n\n\n\n<li>Slovensk\u00fd farmaceutick\u00fd k\u00f3dex 2007.&nbsp;<a href=\"https:\/\/www.sukl.sk\/buxus\/docs\/Posudzovanie_kvality_liekov\/kodex2007.pdf\">https:\/\/www.sukl.sk\/buxus\/docs\/Posudzovanie_kvality_liekov\/kodex2007.pdf<\/a><\/li>\n\n\n\n<li>P\u0159\u00edpravky z rostlinn\u00fdch drog (Plantarum medicinalium praeparata). \u010cesk\u00fd l\u00e9kopis 2017 https:\/\/www.vovcr.cz\/odz\/zdrav\/146\/page04.html<\/li>\n\n\n\n<li>L\u00e9\u010div\u00e9 instantn\u00ed \u010daje (species solubiles). \u010cesk\u00fd l\u00e9kopis 2017&nbsp;<a href=\"https:\/\/www.vovcr.cz\/odz\/zdrav\/146\/page04.html\">https:\/\/www.vovcr.cz\/odz\/zdrav\/146\/page04.html<\/a><\/li>\n\n\n\n<li>Vranov\u00e1, V. Fytofarmaka jsou registrovan\u00fdmi l\u00e9ky. Remedia 2017; 28.&nbsp;<a href=\"https:\/\/www.remedia.cz\/rubriky\/aktuality\/fytofarmaka-jsou-registrovanymi-leky-9421\/\">https:\/\/www.remedia.cz\/rubriky\/aktuality\/fytofarmaka-jsou-registrovanymi-leky-9421\/<\/a><\/li>\n\n\n\n<li>Fytofarmak\u00e1 \u2013 defin\u00edcia z\u00e1kladn\u00fdch pojmov.&nbsp;<a href=\"https:\/\/www.liecive.herba.sk\/koncentraty\/kniha-atlas-liecivych-rastlin-do-lekarne\/300-fytofarmaka-definicia-zakladnych-pojmov\">https:\/\/www.liecive.herba.sk\/koncentraty\/kniha-atlas-liecivych-rastlin-do-lekarne\/300-fytofarmaka-definicia-zakladnych-pojmov<\/a><\/li>\n\n\n\n<li>Z\u00e1kon NR SR \u010d. 362\/2011Z. z. o&nbsp;liekoch a&nbsp;zdravotn\u00edckych pom\u00f4ckach<\/li>\n\n\n\n<li>Z\u00e1kon NR SR \u010d. 152\/1995 Z. z. o&nbsp;potravin\u00e1ch<\/li>\n\n\n\n<li>Potravinov\u00fd k\u00f3dex Slovenskej republiky (aktualizovan\u00fd k&nbsp;8.4.2021)<\/li>\n\n\n\n<li>Rutar, P. Fytofarmaka \u2013 mo\u017enosti a&nbsp;rizika. Medicina pro praxi. 2018, 15(1), 46-48.&nbsp;<a href=\"https:\/\/www.medicinapropraxi.cz\/pdfs\/med\/2018\/01\/14.pdf\">https:\/\/www.medicinapropraxi.cz\/pdfs\/med\/2018\/01\/14.pdf<\/a><\/li>\n\n\n\n<li>Datab\u00e1za produktov.&nbsp;<a href=\"https:\/\/www.adc.sk\/databazy\/potravinove-doplnky\">https:\/\/www.adc.sk\/databazy\/potravinove-doplnky<\/a><\/li>\n\n\n\n<li>Datab\u00e1za hum\u00e1nnych liekov.&nbsp;<a href=\"https:\/\/www.adc.sk\/databazy\/humanne-lieky\">https:\/\/www.adc.sk\/databazy\/humanne-lieky<\/a><\/li>\n\n\n\n<li>European Medicines Agency. European Union herbal monograph.&nbsp;<a href=\"https:\/\/www.ema.europa.eu\/en\/medicines\/field_ema_web_categories%253Aname_field\/Herbal\">https:\/\/www.ema.europa.eu\/en\/medicines\/field_ema_web_categories%253Aname_field\/Herbal<\/a><\/li>\n\n\n\n<li>European Scientific Cooperative on Phytotherapy (ESCOP). https:\/\/escop.com\/<\/li>\n<\/ol>\n","protected":false},"excerpt":{"rendered":"","protected":false},"author":1,"featured_media":0,"parent":0,"menu_order":0,"comment_status":"closed","ping_status":"closed","template":"","meta":{"_mi_skip_tracking":false},"yoast_head":"<!-- This site is optimized with the Yoast SEO plugin v20.4 - https:\/\/yoast.com\/wordpress\/plugins\/seo\/ -->\n<title>References - liecivebyliny.eu<\/title>\n<meta name=\"robots\" content=\"index, follow, max-snippet:-1, max-image-preview:large, max-video-preview:-1\" \/>\n<link rel=\"canonical\" href=\"https:\/\/www.liecivebyliny.eu\/?page_id=473&lang=en\" \/>\n<meta property=\"og:locale\" content=\"sk_SK\" \/>\n<meta property=\"og:type\" content=\"article\" \/>\n<meta property=\"og:title\" content=\"References - liecivebyliny.eu\" \/>\n<meta property=\"og:url\" content=\"https:\/\/www.liecivebyliny.eu\/?page_id=473&amp;lang=en\" \/>\n<meta property=\"og:site_name\" content=\"liecivebyliny.eu\" \/>\n<meta property=\"article:modified_time\" content=\"2023-12-29T14:02:01+00:00\" \/>\n<meta name=\"twitter:card\" content=\"summary_large_image\" \/>\n<meta name=\"twitter:label1\" content=\"Predpokladan\u00fd \u010das \u010d\u00edtania\" \/>\n\t<meta name=\"twitter:data1\" content=\"2 min\u00faty\" \/>\n<script type=\"application\/ld+json\" class=\"yoast-schema-graph\">{\"@context\":\"https:\/\/schema.org\",\"@graph\":[{\"@type\":\"WebPage\",\"@id\":\"https:\/\/www.liecivebyliny.eu\/?page_id=473&lang=en\",\"url\":\"https:\/\/www.liecivebyliny.eu\/?page_id=473&lang=en\",\"name\":\"References - liecivebyliny.eu\",\"isPartOf\":{\"@id\":\"https:\/\/www.liecivebyliny.eu\/#website\"},\"datePublished\":\"2023-12-28T14:00:25+00:00\",\"dateModified\":\"2023-12-29T14:02:01+00:00\",\"breadcrumb\":{\"@id\":\"https:\/\/www.liecivebyliny.eu\/?page_id=473&lang=en#breadcrumb\"},\"inLanguage\":\"sk-SK\",\"potentialAction\":[{\"@type\":\"ReadAction\",\"target\":[\"https:\/\/www.liecivebyliny.eu\/?page_id=473&lang=en\"]}]},{\"@type\":\"BreadcrumbList\",\"@id\":\"https:\/\/www.liecivebyliny.eu\/?page_id=473&lang=en#breadcrumb\",\"itemListElement\":[{\"@type\":\"ListItem\",\"position\":1,\"name\":\"Home\",\"item\":\"https:\/\/www.liecivebyliny.eu\/\"},{\"@type\":\"ListItem\",\"position\":2,\"name\":\"References\"}]},{\"@type\":\"WebSite\",\"@id\":\"https:\/\/www.liecivebyliny.eu\/#website\",\"url\":\"https:\/\/www.liecivebyliny.eu\/\",\"name\":\"liecivebyliny.eu\",\"description\":\"\",\"potentialAction\":[{\"@type\":\"SearchAction\",\"target\":{\"@type\":\"EntryPoint\",\"urlTemplate\":\"https:\/\/www.liecivebyliny.eu\/?s={search_term_string}\"},\"query-input\":\"required name=search_term_string\"}],\"inLanguage\":\"sk-SK\"}]}<\/script>\n<!-- \/ Yoast SEO plugin. -->","yoast_head_json":{"title":"References - liecivebyliny.eu","robots":{"index":"index","follow":"follow","max-snippet":"max-snippet:-1","max-image-preview":"max-image-preview:large","max-video-preview":"max-video-preview:-1"},"canonical":"https:\/\/www.liecivebyliny.eu\/?page_id=473&lang=en","og_locale":"sk_SK","og_type":"article","og_title":"References - liecivebyliny.eu","og_url":"https:\/\/www.liecivebyliny.eu\/?page_id=473&lang=en","og_site_name":"liecivebyliny.eu","article_modified_time":"2023-12-29T14:02:01+00:00","twitter_card":"summary_large_image","twitter_misc":{"Predpokladan\u00fd \u010das \u010d\u00edtania":"2 min\u00faty"},"schema":{"@context":"https:\/\/schema.org","@graph":[{"@type":"WebPage","@id":"https:\/\/www.liecivebyliny.eu\/?page_id=473&lang=en","url":"https:\/\/www.liecivebyliny.eu\/?page_id=473&lang=en","name":"References - liecivebyliny.eu","isPartOf":{"@id":"https:\/\/www.liecivebyliny.eu\/#website"},"datePublished":"2023-12-28T14:00:25+00:00","dateModified":"2023-12-29T14:02:01+00:00","breadcrumb":{"@id":"https:\/\/www.liecivebyliny.eu\/?page_id=473&lang=en#breadcrumb"},"inLanguage":"sk-SK","potentialAction":[{"@type":"ReadAction","target":["https:\/\/www.liecivebyliny.eu\/?page_id=473&lang=en"]}]},{"@type":"BreadcrumbList","@id":"https:\/\/www.liecivebyliny.eu\/?page_id=473&lang=en#breadcrumb","itemListElement":[{"@type":"ListItem","position":1,"name":"Home","item":"https:\/\/www.liecivebyliny.eu\/"},{"@type":"ListItem","position":2,"name":"References"}]},{"@type":"WebSite","@id":"https:\/\/www.liecivebyliny.eu\/#website","url":"https:\/\/www.liecivebyliny.eu\/","name":"liecivebyliny.eu","description":"","potentialAction":[{"@type":"SearchAction","target":{"@type":"EntryPoint","urlTemplate":"https:\/\/www.liecivebyliny.eu\/?s={search_term_string}"},"query-input":"required name=search_term_string"}],"inLanguage":"sk-SK"}]}},"_links":{"self":[{"href":"https:\/\/www.liecivebyliny.eu\/index.php?rest_route=\/wp\/v2\/pages\/473"}],"collection":[{"href":"https:\/\/www.liecivebyliny.eu\/index.php?rest_route=\/wp\/v2\/pages"}],"about":[{"href":"https:\/\/www.liecivebyliny.eu\/index.php?rest_route=\/wp\/v2\/types\/page"}],"author":[{"embeddable":true,"href":"https:\/\/www.liecivebyliny.eu\/index.php?rest_route=\/wp\/v2\/users\/1"}],"replies":[{"embeddable":true,"href":"https:\/\/www.liecivebyliny.eu\/index.php?rest_route=%2Fwp%2Fv2%2Fcomments&post=473"}],"version-history":[{"count":2,"href":"https:\/\/www.liecivebyliny.eu\/index.php?rest_route=\/wp\/v2\/pages\/473\/revisions"}],"predecessor-version":[{"id":499,"href":"https:\/\/www.liecivebyliny.eu\/index.php?rest_route=\/wp\/v2\/pages\/473\/revisions\/499"}],"wp:attachment":[{"href":"https:\/\/www.liecivebyliny.eu\/index.php?rest_route=%2Fwp%2Fv2%2Fmedia&parent=473"}],"curies":[{"name":"wp","href":"https:\/\/api.w.org\/{rel}","templated":true}]}}