{"id":493,"date":"2023-12-21T15:33:38","date_gmt":"2023-12-21T14:33:38","guid":{"rendered":"https:\/\/www.liecivebyliny.eu\/?page_id=493"},"modified":"2023-12-28T15:26:42","modified_gmt":"2023-12-28T14:26:42","slug":"glossary-of-terms-2","status":"publish","type":"page","link":"https:\/\/www.liecivebyliny.eu\/?page_id=493&lang=en","title":{"rendered":"Glossary of terms"},"content":{"rendered":"\n<p>aetheroleum \u2013 essential oil<br>balsamum \u2013 balsam<br>capsulae \u2013 gelatin capsules<br>cortex \u2013 bark<br>decoctum \u2013 decoction<br>extractum \u2013 extract<br>flos \u2013 flower<br>folium \u2013 leaf<br>fructus \u2013 fruit<br>guttae \u2013 drops<br>herba \u2013 aerial part of plant<br>infusum \u2013 infusion<br>lignum \u2013 wood<br>mucilago \u2013 slime<br>pericarp \u2013 pericarp (the part of a fruit formed from the wall of the ripened ovary)<br>pix \u2013 tar<br>radix \u2013 root<br>rhizome \u2013 rhizome (a continuously growing horizontal underground stem which puts out lateral shoots and adventitious roots at intervals)<br>seed \u2013 seed<br>sirupus \u2013 syrup<br>solutio \u2013 solution<br>species \u2013 a dried mixture of plants intended for the preparation of tea<br>spiritus \u2013 ethanol<br>tabulettae \u2013 tablets<br>tincture \u2013 tincture<br>unguentum \u2013 ointment<\/p>\n","protected":false},"excerpt":{"rendered":"<p>aetheroleum \u2013 essential oilbalsamum \u2013 balsamcapsulae \u2013 gelatin capsulescortex \u2013 barkdecoctum \u2013 decoctionextractum \u2013 extractflos \u2013 flowerfolium \u2013 leaffructus \u2013 fruitguttae \u2013 dropsherba \u2013 aerial part of plantinfusum \u2013 infusionlignum \u2013 woodmucilago \u2013 slimepericarp \u2013 pericarp (the part of a fruit formed from the wall of the ripened ovary)pix \u2013 tarradix \u2013 rootrhizome \u2013 rhizome [&hellip;]<\/p>\n","protected":false},"author":1,"featured_media":0,"parent":0,"menu_order":0,"comment_status":"closed","ping_status":"closed","template":"","meta":{"_mi_skip_tracking":false},"yoast_head":"<!-- This site is optimized with the Yoast SEO plugin v20.4 - https:\/\/yoast.com\/wordpress\/plugins\/seo\/ -->\n<title>Glossary of terms - liecivebyliny.eu<\/title>\n<meta name=\"robots\" content=\"index, follow, max-snippet:-1, max-image-preview:large, max-video-preview:-1\" \/>\n<link rel=\"canonical\" href=\"https:\/\/www.liecivebyliny.eu\/?page_id=493&lang=en\" \/>\n<meta property=\"og:locale\" content=\"sk_SK\" \/>\n<meta property=\"og:type\" content=\"article\" \/>\n<meta property=\"og:title\" content=\"Glossary of terms - liecivebyliny.eu\" \/>\n<meta property=\"og:description\" content=\"aetheroleum \u2013 essential oilbalsamum \u2013 balsamcapsulae \u2013 gelatin capsulescortex \u2013 barkdecoctum \u2013 decoctionextractum \u2013 extractflos \u2013 flowerfolium \u2013 leaffructus \u2013 fruitguttae \u2013 dropsherba \u2013 aerial part of plantinfusum \u2013 infusionlignum \u2013 woodmucilago \u2013 slimepericarp \u2013 pericarp (the part of a fruit formed from the wall of the ripened ovary)pix \u2013 tarradix \u2013 rootrhizome \u2013 rhizome [&hellip;]\" \/>\n<meta property=\"og:url\" content=\"https:\/\/www.liecivebyliny.eu\/?page_id=493&amp;lang=en\" \/>\n<meta property=\"og:site_name\" content=\"liecivebyliny.eu\" \/>\n<meta property=\"article:modified_time\" content=\"2023-12-28T14:26:42+00:00\" \/>\n<meta name=\"twitter:card\" content=\"summary_large_image\" \/>\n<meta name=\"twitter:label1\" content=\"Predpokladan\u00fd \u010das \u010d\u00edtania\" \/>\n\t<meta name=\"twitter:data1\" content=\"1 min\u00fata\" \/>\n<script type=\"application\/ld+json\" class=\"yoast-schema-graph\">{\"@context\":\"https:\/\/schema.org\",\"@graph\":[{\"@type\":\"WebPage\",\"@id\":\"https:\/\/www.liecivebyliny.eu\/?page_id=493&lang=en\",\"url\":\"https:\/\/www.liecivebyliny.eu\/?page_id=493&lang=en\",\"name\":\"Glossary of terms - liecivebyliny.eu\",\"isPartOf\":{\"@id\":\"https:\/\/www.liecivebyliny.eu\/#website\"},\"datePublished\":\"2023-12-21T14:33:38+00:00\",\"dateModified\":\"2023-12-28T14:26:42+00:00\",\"breadcrumb\":{\"@id\":\"https:\/\/www.liecivebyliny.eu\/?page_id=493&lang=en#breadcrumb\"},\"inLanguage\":\"sk-SK\",\"potentialAction\":[{\"@type\":\"ReadAction\",\"target\":[\"https:\/\/www.liecivebyliny.eu\/?page_id=493&lang=en\"]}]},{\"@type\":\"BreadcrumbList\",\"@id\":\"https:\/\/www.liecivebyliny.eu\/?page_id=493&lang=en#breadcrumb\",\"itemListElement\":[{\"@type\":\"ListItem\",\"position\":1,\"name\":\"Home\",\"item\":\"https:\/\/www.liecivebyliny.eu\/\"},{\"@type\":\"ListItem\",\"position\":2,\"name\":\"Glossary of terms\"}]},{\"@type\":\"WebSite\",\"@id\":\"https:\/\/www.liecivebyliny.eu\/#website\",\"url\":\"https:\/\/www.liecivebyliny.eu\/\",\"name\":\"liecivebyliny.eu\",\"description\":\"\",\"potentialAction\":[{\"@type\":\"SearchAction\",\"target\":{\"@type\":\"EntryPoint\",\"urlTemplate\":\"https:\/\/www.liecivebyliny.eu\/?s={search_term_string}\"},\"query-input\":\"required name=search_term_string\"}],\"inLanguage\":\"sk-SK\"}]}<\/script>\n<!-- \/ Yoast SEO plugin. -->","yoast_head_json":{"title":"Glossary of terms - liecivebyliny.eu","robots":{"index":"index","follow":"follow","max-snippet":"max-snippet:-1","max-image-preview":"max-image-preview:large","max-video-preview":"max-video-preview:-1"},"canonical":"https:\/\/www.liecivebyliny.eu\/?page_id=493&lang=en","og_locale":"sk_SK","og_type":"article","og_title":"Glossary of terms - liecivebyliny.eu","og_description":"aetheroleum \u2013 essential oilbalsamum \u2013 balsamcapsulae \u2013 gelatin capsulescortex \u2013 barkdecoctum \u2013 decoctionextractum \u2013 extractflos \u2013 flowerfolium \u2013 leaffructus \u2013 fruitguttae \u2013 dropsherba \u2013 aerial part of plantinfusum \u2013 infusionlignum \u2013 woodmucilago \u2013 slimepericarp \u2013 pericarp (the part of a fruit formed from the wall of the ripened ovary)pix \u2013 tarradix \u2013 rootrhizome \u2013 rhizome [&hellip;]","og_url":"https:\/\/www.liecivebyliny.eu\/?page_id=493&lang=en","og_site_name":"liecivebyliny.eu","article_modified_time":"2023-12-28T14:26:42+00:00","twitter_card":"summary_large_image","twitter_misc":{"Predpokladan\u00fd \u010das \u010d\u00edtania":"1 min\u00fata"},"schema":{"@context":"https:\/\/schema.org","@graph":[{"@type":"WebPage","@id":"https:\/\/www.liecivebyliny.eu\/?page_id=493&lang=en","url":"https:\/\/www.liecivebyliny.eu\/?page_id=493&lang=en","name":"Glossary of terms - liecivebyliny.eu","isPartOf":{"@id":"https:\/\/www.liecivebyliny.eu\/#website"},"datePublished":"2023-12-21T14:33:38+00:00","dateModified":"2023-12-28T14:26:42+00:00","breadcrumb":{"@id":"https:\/\/www.liecivebyliny.eu\/?page_id=493&lang=en#breadcrumb"},"inLanguage":"sk-SK","potentialAction":[{"@type":"ReadAction","target":["https:\/\/www.liecivebyliny.eu\/?page_id=493&lang=en"]}]},{"@type":"BreadcrumbList","@id":"https:\/\/www.liecivebyliny.eu\/?page_id=493&lang=en#breadcrumb","itemListElement":[{"@type":"ListItem","position":1,"name":"Home","item":"https:\/\/www.liecivebyliny.eu\/"},{"@type":"ListItem","position":2,"name":"Glossary of terms"}]},{"@type":"WebSite","@id":"https:\/\/www.liecivebyliny.eu\/#website","url":"https:\/\/www.liecivebyliny.eu\/","name":"liecivebyliny.eu","description":"","potentialAction":[{"@type":"SearchAction","target":{"@type":"EntryPoint","urlTemplate":"https:\/\/www.liecivebyliny.eu\/?s={search_term_string}"},"query-input":"required name=search_term_string"}],"inLanguage":"sk-SK"}]}},"_links":{"self":[{"href":"https:\/\/www.liecivebyliny.eu\/index.php?rest_route=\/wp\/v2\/pages\/493"}],"collection":[{"href":"https:\/\/www.liecivebyliny.eu\/index.php?rest_route=\/wp\/v2\/pages"}],"about":[{"href":"https:\/\/www.liecivebyliny.eu\/index.php?rest_route=\/wp\/v2\/types\/page"}],"author":[{"embeddable":true,"href":"https:\/\/www.liecivebyliny.eu\/index.php?rest_route=\/wp\/v2\/users\/1"}],"replies":[{"embeddable":true,"href":"https:\/\/www.liecivebyliny.eu\/index.php?rest_route=%2Fwp%2Fv2%2Fcomments&post=493"}],"version-history":[{"count":1,"href":"https:\/\/www.liecivebyliny.eu\/index.php?rest_route=\/wp\/v2\/pages\/493\/revisions"}],"predecessor-version":[{"id":494,"href":"https:\/\/www.liecivebyliny.eu\/index.php?rest_route=\/wp\/v2\/pages\/493\/revisions\/494"}],"wp:attachment":[{"href":"https:\/\/www.liecivebyliny.eu\/index.php?rest_route=%2Fwp%2Fv2%2Fmedia&parent=493"}],"curies":[{"name":"wp","href":"https:\/\/api.w.org\/{rel}","templated":true}]}}