{"id":51,"date":"2023-12-21T15:33:38","date_gmt":"2023-12-21T14:33:38","guid":{"rendered":"https:\/\/www.liecivebyliny.eu\/?page_id=51"},"modified":"2023-12-29T15:08:52","modified_gmt":"2023-12-29T14:08:52","slug":"slovnicek-pojmov","status":"publish","type":"page","link":"https:\/\/www.liecivebyliny.eu\/?page_id=51","title":{"rendered":"Slovn\u00ed\u010dek pojmov"},"content":{"rendered":"\n<p><\/p>\n\n\n\n<p><em>aetheroleum<\/em>\u00a0\u2013 silica<br><em>balsamum<\/em>\u00a0\u2013 balzam<br><em>capsulae<\/em>\u00a0\u2013 \u017eelat\u00ednov\u00e9 kapsuly<br><em>cortex<\/em>\u00a0\u2013 k\u00f4ra<br><em>decoctum<\/em>\u00a0\u2013 odvar<br><em>exsud\u00e1t\u00a0<\/em>\u2013 sekr\u00e9t, z\u00e1palov\u00e1 tekutina<br><em>extractum<\/em>\u00a0\u2013 extrakt<br><em>flos<\/em>\u00a0\u2013 kvet<br><em>folium<\/em>\u00a0\u2013 list<br><em>fructus<\/em>\u00a0\u2013 plod<br><em>guttae<\/em>\u00a0\u2013 kvapky<br><em>herba<\/em>\u00a0\u2013 v\u0148a\u0165<br><em>infusum<\/em>\u00a0\u2013 n\u00e1lev<br><em>lignum<\/em>\u00a0\u2013 drevo<br><em>mucilago<\/em>\u00a0\u2013 sliz<br><em>pericarpium<\/em>\u00a0\u2013 oplodie<br><em>pix<\/em>\u00a0\u2013 decht<br><em>radix<\/em>\u00a0\u2013 kore\u0148<br><em>rhizoma<\/em>\u00a0\u2013 podzemok<br><em>semen<\/em>\u00a0\u2013 semeno<br><em>sirupus<\/em>\u00a0\u2013 sirup<br><em>solutio<\/em>\u00a0\u2013 roztok<br><em>species<\/em>\u00a0\u2013 \u010dajovina<br><em>spiritus<\/em>\u00a0\u2013 liek<br><em>tabulettae<\/em>\u00a0\u2013 tablety<br><em>tinctura<\/em>\u00a0\u2013 tinkt\u00fara<br><em>unguentum<\/em>\u00a0\u2013 mas\u0165<\/p>\n","protected":false},"excerpt":{"rendered":"<p>aetheroleum\u00a0\u2013 silicabalsamum\u00a0\u2013 balzamcapsulae\u00a0\u2013 \u017eelat\u00ednov\u00e9 kapsulycortex\u00a0\u2013 k\u00f4radecoctum\u00a0\u2013 odvarexsud\u00e1t\u00a0\u2013 sekr\u00e9t, z\u00e1palov\u00e1 tekutinaextractum\u00a0\u2013 extraktflos\u00a0\u2013 kvetfolium\u00a0\u2013 listfructus\u00a0\u2013 plodguttae\u00a0\u2013 kvapkyherba\u00a0\u2013 v\u0148a\u0165infusum\u00a0\u2013 n\u00e1levlignum\u00a0\u2013 drevomucilago\u00a0\u2013 slizpericarpium\u00a0\u2013 oplodiepix\u00a0\u2013 dechtradix\u00a0\u2013 kore\u0148rhizoma\u00a0\u2013 podzemoksemen\u00a0\u2013 semenosirupus\u00a0\u2013 sirupsolutio\u00a0\u2013 roztokspecies\u00a0\u2013 \u010dajovinaspiritus\u00a0\u2013 liektabulettae\u00a0\u2013 tabletytinctura\u00a0\u2013 tinkt\u00faraunguentum\u00a0\u2013 mas\u0165<\/p>\n","protected":false},"author":1,"featured_media":0,"parent":0,"menu_order":0,"comment_status":"closed","ping_status":"closed","template":"","meta":{"_mi_skip_tracking":false},"yoast_head":"<!-- This site is optimized with the Yoast SEO plugin v20.4 - https:\/\/yoast.com\/wordpress\/plugins\/seo\/ -->\n<title>Slovn\u00ed\u010dek pojmov - liecivebyliny.eu<\/title>\n<meta name=\"robots\" content=\"index, follow, max-snippet:-1, max-image-preview:large, max-video-preview:-1\" \/>\n<link rel=\"canonical\" href=\"https:\/\/www.liecivebyliny.eu\/?page_id=51\" \/>\n<meta property=\"og:locale\" content=\"sk_SK\" \/>\n<meta property=\"og:type\" content=\"article\" \/>\n<meta property=\"og:title\" content=\"Slovn\u00ed\u010dek pojmov - liecivebyliny.eu\" \/>\n<meta property=\"og:description\" content=\"aetheroleum\u00a0\u2013 silicabalsamum\u00a0\u2013 balzamcapsulae\u00a0\u2013 \u017eelat\u00ednov\u00e9 kapsulycortex\u00a0\u2013 k\u00f4radecoctum\u00a0\u2013 odvarexsud\u00e1t\u00a0\u2013 sekr\u00e9t, z\u00e1palov\u00e1 tekutinaextractum\u00a0\u2013 extraktflos\u00a0\u2013 kvetfolium\u00a0\u2013 listfructus\u00a0\u2013 plodguttae\u00a0\u2013 kvapkyherba\u00a0\u2013 v\u0148a\u0165infusum\u00a0\u2013 n\u00e1levlignum\u00a0\u2013 drevomucilago\u00a0\u2013 slizpericarpium\u00a0\u2013 oplodiepix\u00a0\u2013 dechtradix\u00a0\u2013 kore\u0148rhizoma\u00a0\u2013 podzemoksemen\u00a0\u2013 semenosirupus\u00a0\u2013 sirupsolutio\u00a0\u2013 roztokspecies\u00a0\u2013 \u010dajovinaspiritus\u00a0\u2013 liektabulettae\u00a0\u2013 tabletytinctura\u00a0\u2013 tinkt\u00faraunguentum\u00a0\u2013 mas\u0165\" \/>\n<meta property=\"og:url\" content=\"https:\/\/www.liecivebyliny.eu\/?page_id=51\" \/>\n<meta property=\"og:site_name\" content=\"liecivebyliny.eu\" \/>\n<meta property=\"article:modified_time\" content=\"2023-12-29T14:08:52+00:00\" \/>\n<meta name=\"twitter:card\" content=\"summary_large_image\" \/>\n<meta name=\"twitter:label1\" content=\"Predpokladan\u00fd \u010das \u010d\u00edtania\" \/>\n\t<meta name=\"twitter:data1\" content=\"1 min\u00fata\" \/>\n<script type=\"application\/ld+json\" class=\"yoast-schema-graph\">{\"@context\":\"https:\/\/schema.org\",\"@graph\":[{\"@type\":\"WebPage\",\"@id\":\"https:\/\/www.liecivebyliny.eu\/?page_id=51\",\"url\":\"https:\/\/www.liecivebyliny.eu\/?page_id=51\",\"name\":\"Slovn\u00ed\u010dek pojmov - liecivebyliny.eu\",\"isPartOf\":{\"@id\":\"https:\/\/www.liecivebyliny.eu\/#website\"},\"datePublished\":\"2023-12-21T14:33:38+00:00\",\"dateModified\":\"2023-12-29T14:08:52+00:00\",\"breadcrumb\":{\"@id\":\"https:\/\/www.liecivebyliny.eu\/?page_id=51#breadcrumb\"},\"inLanguage\":\"sk-SK\",\"potentialAction\":[{\"@type\":\"ReadAction\",\"target\":[\"https:\/\/www.liecivebyliny.eu\/?page_id=51\"]}]},{\"@type\":\"BreadcrumbList\",\"@id\":\"https:\/\/www.liecivebyliny.eu\/?page_id=51#breadcrumb\",\"itemListElement\":[{\"@type\":\"ListItem\",\"position\":1,\"name\":\"Home\",\"item\":\"https:\/\/www.liecivebyliny.eu\/\"},{\"@type\":\"ListItem\",\"position\":2,\"name\":\"Slovn\u00ed\u010dek pojmov\"}]},{\"@type\":\"WebSite\",\"@id\":\"https:\/\/www.liecivebyliny.eu\/#website\",\"url\":\"https:\/\/www.liecivebyliny.eu\/\",\"name\":\"liecivebyliny.eu\",\"description\":\"\",\"potentialAction\":[{\"@type\":\"SearchAction\",\"target\":{\"@type\":\"EntryPoint\",\"urlTemplate\":\"https:\/\/www.liecivebyliny.eu\/?s={search_term_string}\"},\"query-input\":\"required name=search_term_string\"}],\"inLanguage\":\"sk-SK\"}]}<\/script>\n<!-- \/ Yoast SEO plugin. -->","yoast_head_json":{"title":"Slovn\u00ed\u010dek pojmov - liecivebyliny.eu","robots":{"index":"index","follow":"follow","max-snippet":"max-snippet:-1","max-image-preview":"max-image-preview:large","max-video-preview":"max-video-preview:-1"},"canonical":"https:\/\/www.liecivebyliny.eu\/?page_id=51","og_locale":"sk_SK","og_type":"article","og_title":"Slovn\u00ed\u010dek pojmov - liecivebyliny.eu","og_description":"aetheroleum\u00a0\u2013 silicabalsamum\u00a0\u2013 balzamcapsulae\u00a0\u2013 \u017eelat\u00ednov\u00e9 kapsulycortex\u00a0\u2013 k\u00f4radecoctum\u00a0\u2013 odvarexsud\u00e1t\u00a0\u2013 sekr\u00e9t, z\u00e1palov\u00e1 tekutinaextractum\u00a0\u2013 extraktflos\u00a0\u2013 kvetfolium\u00a0\u2013 listfructus\u00a0\u2013 plodguttae\u00a0\u2013 kvapkyherba\u00a0\u2013 v\u0148a\u0165infusum\u00a0\u2013 n\u00e1levlignum\u00a0\u2013 drevomucilago\u00a0\u2013 slizpericarpium\u00a0\u2013 oplodiepix\u00a0\u2013 dechtradix\u00a0\u2013 kore\u0148rhizoma\u00a0\u2013 podzemoksemen\u00a0\u2013 semenosirupus\u00a0\u2013 sirupsolutio\u00a0\u2013 roztokspecies\u00a0\u2013 \u010dajovinaspiritus\u00a0\u2013 liektabulettae\u00a0\u2013 tabletytinctura\u00a0\u2013 tinkt\u00faraunguentum\u00a0\u2013 mas\u0165","og_url":"https:\/\/www.liecivebyliny.eu\/?page_id=51","og_site_name":"liecivebyliny.eu","article_modified_time":"2023-12-29T14:08:52+00:00","twitter_card":"summary_large_image","twitter_misc":{"Predpokladan\u00fd \u010das \u010d\u00edtania":"1 min\u00fata"},"schema":{"@context":"https:\/\/schema.org","@graph":[{"@type":"WebPage","@id":"https:\/\/www.liecivebyliny.eu\/?page_id=51","url":"https:\/\/www.liecivebyliny.eu\/?page_id=51","name":"Slovn\u00ed\u010dek pojmov - liecivebyliny.eu","isPartOf":{"@id":"https:\/\/www.liecivebyliny.eu\/#website"},"datePublished":"2023-12-21T14:33:38+00:00","dateModified":"2023-12-29T14:08:52+00:00","breadcrumb":{"@id":"https:\/\/www.liecivebyliny.eu\/?page_id=51#breadcrumb"},"inLanguage":"sk-SK","potentialAction":[{"@type":"ReadAction","target":["https:\/\/www.liecivebyliny.eu\/?page_id=51"]}]},{"@type":"BreadcrumbList","@id":"https:\/\/www.liecivebyliny.eu\/?page_id=51#breadcrumb","itemListElement":[{"@type":"ListItem","position":1,"name":"Home","item":"https:\/\/www.liecivebyliny.eu\/"},{"@type":"ListItem","position":2,"name":"Slovn\u00ed\u010dek pojmov"}]},{"@type":"WebSite","@id":"https:\/\/www.liecivebyliny.eu\/#website","url":"https:\/\/www.liecivebyliny.eu\/","name":"liecivebyliny.eu","description":"","potentialAction":[{"@type":"SearchAction","target":{"@type":"EntryPoint","urlTemplate":"https:\/\/www.liecivebyliny.eu\/?s={search_term_string}"},"query-input":"required name=search_term_string"}],"inLanguage":"sk-SK"}]}},"_links":{"self":[{"href":"https:\/\/www.liecivebyliny.eu\/index.php?rest_route=\/wp\/v2\/pages\/51"}],"collection":[{"href":"https:\/\/www.liecivebyliny.eu\/index.php?rest_route=\/wp\/v2\/pages"}],"about":[{"href":"https:\/\/www.liecivebyliny.eu\/index.php?rest_route=\/wp\/v2\/types\/page"}],"author":[{"embeddable":true,"href":"https:\/\/www.liecivebyliny.eu\/index.php?rest_route=\/wp\/v2\/users\/1"}],"replies":[{"embeddable":true,"href":"https:\/\/www.liecivebyliny.eu\/index.php?rest_route=%2Fwp%2Fv2%2Fcomments&post=51"}],"version-history":[{"count":5,"href":"https:\/\/www.liecivebyliny.eu\/index.php?rest_route=\/wp\/v2\/pages\/51\/revisions"}],"predecessor-version":[{"id":505,"href":"https:\/\/www.liecivebyliny.eu\/index.php?rest_route=\/wp\/v2\/pages\/51\/revisions\/505"}],"wp:attachment":[{"href":"https:\/\/www.liecivebyliny.eu\/index.php?rest_route=%2Fwp%2Fv2%2Fmedia&parent=51"}],"curies":[{"name":"wp","href":"https:\/\/api.w.org\/{rel}","templated":true}]}}