{"id":543,"date":"2023-12-21T20:39:08","date_gmt":"2023-12-21T19:39:08","guid":{"rendered":"https:\/\/www.liecivebyliny.eu\/?page_id=543"},"modified":"2023-12-29T17:06:05","modified_gmt":"2023-12-29T16:06:05","slug":"bellis-perennis-l-2","status":"publish","type":"page","link":"https:\/\/www.liecivebyliny.eu\/?page_id=543&lang=en","title":{"rendered":"<em>Bellis perennis&nbsp;<\/em>L."},"content":{"rendered":"<div class=\"wp-block-image\">\n<figure class=\"aligncenter size-full\"><img decoding=\"async\" loading=\"lazy\" width=\"252\" height=\"334\" src=\"https:\/\/www.liecivebyliny.eu\/wp-content\/uploads\/2023\/12\/image-55.jpeg\" alt=\"\" class=\"wp-image-544\" srcset=\"https:\/\/www.liecivebyliny.eu\/wp-content\/uploads\/2023\/12\/image-55.jpeg 252w, https:\/\/www.liecivebyliny.eu\/wp-content\/uploads\/2023\/12\/image-55-226x300.jpeg 226w\" sizes=\"(max-width: 252px) 100vw, 252px\" \/><figcaption class=\"wp-element-caption\">Daisy<\/figcaption><\/figure><\/div>\n\n\n<p><strong>English name:<\/strong>\u00a0Daisy<\/p>\n\n\n\n<p><strong>Family:<\/strong>&nbsp;<em>Asteraceae<\/em><\/p>\n\n\n\n<p><strong>Botanical characteristic:<\/strong>&nbsp;Perennial herb, 5 \u2013 10 cm tall. The leaves are arranged in a ground rosette, the leaf blade is spoon-shaped. The stem is round and hairy. At the end of the stem there are 1 \u2013 3 cm wide tufts. The tongue-shaped flowers are white, the tubular flowers yellow. The fruits are achenes.<\/p>\n\n\n\n<p><strong>Microscopic drawing:<\/strong><\/p>\n\n\n<div class=\"wp-block-image\">\n<figure class=\"aligncenter size-full\"><img decoding=\"async\" loading=\"lazy\" width=\"310\" height=\"156\" src=\"https:\/\/www.liecivebyliny.eu\/wp-content\/uploads\/2023\/12\/image-62.png\" alt=\"\" class=\"wp-image-545\" srcset=\"https:\/\/www.liecivebyliny.eu\/wp-content\/uploads\/2023\/12\/image-62.png 310w, https:\/\/www.liecivebyliny.eu\/wp-content\/uploads\/2023\/12\/image-62-300x151.png 300w\" sizes=\"(max-width: 310px) 100vw, 310px\" \/><figcaption class=\"wp-element-caption\"><em>The inner skin of the corolla petals is densely covered with papillae.<\/em><\/figcaption><\/figure><\/div>\n\n\n<p><\/p>\n\n\n\n<p><strong>Distribution:<\/strong>&nbsp;It grows in gardens, parks, meadows and pastures, from lowlands to high mountain areas.<\/p>\n\n\n\n<p><strong>Drug<\/strong>:&nbsp;<em>Bellidis flos<\/em><\/p>\n\n\n\n<p><strong>Harvesting method:&nbsp;<\/strong>Flowers are collected from May to June. Flowers with a stalk are collected by hand or with scissors at the beginning of flowering.<\/p>\n\n\n\n<p><strong>Drying:<\/strong>&nbsp;The flowers are dried naturally in thin layers in an airy, ventilated place, in the shade. Artificially in a drying room, where the temperature must not exceed 40 \u00b0C.<\/p>\n\n\n\n<p><strong>Active substances:<\/strong>&nbsp;In daisies we find triterpene saponins, flavonoids, polyins and traces of essential oils.<\/p>\n\n\n\n<p><strong>Uses:<\/strong>&nbsp;It has no therapeutic use in &#8222;western medicine&#8220;. However, in folk medicine it is used for respiratory catarrh, liver diseases and skin problems.<\/p>\n\n\n\n<p><strong>Selected herbal preparations:<\/strong>&nbsp;LEROS IMMUNITY MAXIMUM infusion bags 20&#215;1.2 g, TEEKANNE B\u010c THROAT AND RESPIRATORY TRACT herbal mixture 10&#215;2 g, VITAR SUPER BETA CAROTENE tbl with marigold and daisy 120 pcs.<\/p>\n","protected":false},"excerpt":{"rendered":"<p>English name:\u00a0Daisy Family:&nbsp;Asteraceae Botanical characteristic:&nbsp;Perennial herb, 5 \u2013 10 cm tall. The leaves are arranged in a ground rosette, the leaf blade is spoon-shaped. The stem is round and hairy. At the end of the stem there are 1 \u2013 3 cm wide tufts. The tongue-shaped flowers are white, the tubular flowers yellow. The fruits [&hellip;]<\/p>\n","protected":false},"author":1,"featured_media":0,"parent":0,"menu_order":0,"comment_status":"closed","ping_status":"closed","template":"","meta":{"_mi_skip_tracking":false},"yoast_head":"<!-- This site is optimized with the Yoast SEO plugin v20.4 - https:\/\/yoast.com\/wordpress\/plugins\/seo\/ -->\n<title>Bellis perennis&nbsp;L. - liecivebyliny.eu<\/title>\n<meta name=\"robots\" content=\"index, follow, max-snippet:-1, max-image-preview:large, max-video-preview:-1\" \/>\n<link rel=\"canonical\" href=\"https:\/\/www.liecivebyliny.eu\/?page_id=543&lang=en\" \/>\n<meta property=\"og:locale\" content=\"sk_SK\" \/>\n<meta property=\"og:type\" content=\"article\" \/>\n<meta property=\"og:title\" content=\"Bellis perennis&nbsp;L. - liecivebyliny.eu\" \/>\n<meta property=\"og:description\" content=\"English name:\u00a0Daisy Family:&nbsp;Asteraceae Botanical characteristic:&nbsp;Perennial herb, 5 \u2013 10 cm tall. The leaves are arranged in a ground rosette, the leaf blade is spoon-shaped. The stem is round and hairy. At the end of the stem there are 1 \u2013 3 cm wide tufts. The tongue-shaped flowers are white, the tubular flowers yellow. The fruits [&hellip;]\" \/>\n<meta property=\"og:url\" content=\"https:\/\/www.liecivebyliny.eu\/?page_id=543&amp;lang=en\" \/>\n<meta property=\"og:site_name\" content=\"liecivebyliny.eu\" \/>\n<meta property=\"article:modified_time\" content=\"2023-12-29T16:06:05+00:00\" \/>\n<meta property=\"og:image\" content=\"https:\/\/www.liecivebyliny.eu\/wp-content\/uploads\/2023\/12\/image-55.jpeg\" \/>\n<meta name=\"twitter:card\" content=\"summary_large_image\" \/>\n<meta name=\"twitter:label1\" content=\"Predpokladan\u00fd \u010das \u010d\u00edtania\" \/>\n\t<meta name=\"twitter:data1\" content=\"2 min\u00faty\" \/>\n<script type=\"application\/ld+json\" class=\"yoast-schema-graph\">{\"@context\":\"https:\/\/schema.org\",\"@graph\":[{\"@type\":\"WebPage\",\"@id\":\"https:\/\/www.liecivebyliny.eu\/?page_id=543&lang=en\",\"url\":\"https:\/\/www.liecivebyliny.eu\/?page_id=543&lang=en\",\"name\":\"Bellis perennis&nbsp;L. - liecivebyliny.eu\",\"isPartOf\":{\"@id\":\"https:\/\/www.liecivebyliny.eu\/#website\"},\"datePublished\":\"2023-12-21T19:39:08+00:00\",\"dateModified\":\"2023-12-29T16:06:05+00:00\",\"breadcrumb\":{\"@id\":\"https:\/\/www.liecivebyliny.eu\/?page_id=543&lang=en#breadcrumb\"},\"inLanguage\":\"sk-SK\",\"potentialAction\":[{\"@type\":\"ReadAction\",\"target\":[\"https:\/\/www.liecivebyliny.eu\/?page_id=543&lang=en\"]}]},{\"@type\":\"BreadcrumbList\",\"@id\":\"https:\/\/www.liecivebyliny.eu\/?page_id=543&lang=en#breadcrumb\",\"itemListElement\":[{\"@type\":\"ListItem\",\"position\":1,\"name\":\"Home\",\"item\":\"https:\/\/www.liecivebyliny.eu\/\"},{\"@type\":\"ListItem\",\"position\":2,\"name\":\"Bellis perennis&nbsp;L.\"}]},{\"@type\":\"WebSite\",\"@id\":\"https:\/\/www.liecivebyliny.eu\/#website\",\"url\":\"https:\/\/www.liecivebyliny.eu\/\",\"name\":\"liecivebyliny.eu\",\"description\":\"\",\"potentialAction\":[{\"@type\":\"SearchAction\",\"target\":{\"@type\":\"EntryPoint\",\"urlTemplate\":\"https:\/\/www.liecivebyliny.eu\/?s={search_term_string}\"},\"query-input\":\"required name=search_term_string\"}],\"inLanguage\":\"sk-SK\"}]}<\/script>\n<!-- \/ Yoast SEO plugin. -->","yoast_head_json":{"title":"Bellis perennis&nbsp;L. - liecivebyliny.eu","robots":{"index":"index","follow":"follow","max-snippet":"max-snippet:-1","max-image-preview":"max-image-preview:large","max-video-preview":"max-video-preview:-1"},"canonical":"https:\/\/www.liecivebyliny.eu\/?page_id=543&lang=en","og_locale":"sk_SK","og_type":"article","og_title":"Bellis perennis&nbsp;L. - liecivebyliny.eu","og_description":"English name:\u00a0Daisy Family:&nbsp;Asteraceae Botanical characteristic:&nbsp;Perennial herb, 5 \u2013 10 cm tall. The leaves are arranged in a ground rosette, the leaf blade is spoon-shaped. The stem is round and hairy. At the end of the stem there are 1 \u2013 3 cm wide tufts. The tongue-shaped flowers are white, the tubular flowers yellow. The fruits [&hellip;]","og_url":"https:\/\/www.liecivebyliny.eu\/?page_id=543&lang=en","og_site_name":"liecivebyliny.eu","article_modified_time":"2023-12-29T16:06:05+00:00","og_image":[{"url":"https:\/\/www.liecivebyliny.eu\/wp-content\/uploads\/2023\/12\/image-55.jpeg"}],"twitter_card":"summary_large_image","twitter_misc":{"Predpokladan\u00fd \u010das \u010d\u00edtania":"2 min\u00faty"},"schema":{"@context":"https:\/\/schema.org","@graph":[{"@type":"WebPage","@id":"https:\/\/www.liecivebyliny.eu\/?page_id=543&lang=en","url":"https:\/\/www.liecivebyliny.eu\/?page_id=543&lang=en","name":"Bellis perennis&nbsp;L. - liecivebyliny.eu","isPartOf":{"@id":"https:\/\/www.liecivebyliny.eu\/#website"},"datePublished":"2023-12-21T19:39:08+00:00","dateModified":"2023-12-29T16:06:05+00:00","breadcrumb":{"@id":"https:\/\/www.liecivebyliny.eu\/?page_id=543&lang=en#breadcrumb"},"inLanguage":"sk-SK","potentialAction":[{"@type":"ReadAction","target":["https:\/\/www.liecivebyliny.eu\/?page_id=543&lang=en"]}]},{"@type":"BreadcrumbList","@id":"https:\/\/www.liecivebyliny.eu\/?page_id=543&lang=en#breadcrumb","itemListElement":[{"@type":"ListItem","position":1,"name":"Home","item":"https:\/\/www.liecivebyliny.eu\/"},{"@type":"ListItem","position":2,"name":"Bellis perennis&nbsp;L."}]},{"@type":"WebSite","@id":"https:\/\/www.liecivebyliny.eu\/#website","url":"https:\/\/www.liecivebyliny.eu\/","name":"liecivebyliny.eu","description":"","potentialAction":[{"@type":"SearchAction","target":{"@type":"EntryPoint","urlTemplate":"https:\/\/www.liecivebyliny.eu\/?s={search_term_string}"},"query-input":"required name=search_term_string"}],"inLanguage":"sk-SK"}]}},"_links":{"self":[{"href":"https:\/\/www.liecivebyliny.eu\/index.php?rest_route=\/wp\/v2\/pages\/543"}],"collection":[{"href":"https:\/\/www.liecivebyliny.eu\/index.php?rest_route=\/wp\/v2\/pages"}],"about":[{"href":"https:\/\/www.liecivebyliny.eu\/index.php?rest_route=\/wp\/v2\/types\/page"}],"author":[{"embeddable":true,"href":"https:\/\/www.liecivebyliny.eu\/index.php?rest_route=\/wp\/v2\/users\/1"}],"replies":[{"embeddable":true,"href":"https:\/\/www.liecivebyliny.eu\/index.php?rest_route=%2Fwp%2Fv2%2Fcomments&post=543"}],"version-history":[{"count":1,"href":"https:\/\/www.liecivebyliny.eu\/index.php?rest_route=\/wp\/v2\/pages\/543\/revisions"}],"predecessor-version":[{"id":546,"href":"https:\/\/www.liecivebyliny.eu\/index.php?rest_route=\/wp\/v2\/pages\/543\/revisions\/546"}],"wp:attachment":[{"href":"https:\/\/www.liecivebyliny.eu\/index.php?rest_route=%2Fwp%2Fv2%2Fmedia&parent=543"}],"curies":[{"name":"wp","href":"https:\/\/api.w.org\/{rel}","templated":true}]}}