{"id":563,"date":"2023-12-21T21:09:42","date_gmt":"2023-12-21T20:09:42","guid":{"rendered":"https:\/\/www.liecivebyliny.eu\/?page_id=563"},"modified":"2023-12-29T17:14:27","modified_gmt":"2023-12-29T16:14:27","slug":"centaurea-cyanus-l-syn-cyanus-arvensis-moench-2","status":"publish","type":"page","link":"https:\/\/www.liecivebyliny.eu\/?page_id=563&lang=en","title":{"rendered":"<em>Centaurea cyanus<\/em>&nbsp;L. syn.&nbsp;<em>Cyanus arvensis<\/em>&nbsp;Moench."},"content":{"rendered":"<div class=\"wp-block-image\">\n<figure class=\"aligncenter size-full\"><img decoding=\"async\" loading=\"lazy\" width=\"252\" height=\"340\" src=\"https:\/\/www.liecivebyliny.eu\/wp-content\/uploads\/2023\/12\/image-59.jpeg\" alt=\"\" class=\"wp-image-564\" srcset=\"https:\/\/www.liecivebyliny.eu\/wp-content\/uploads\/2023\/12\/image-59.jpeg 252w, https:\/\/www.liecivebyliny.eu\/wp-content\/uploads\/2023\/12\/image-59-222x300.jpeg 222w\" sizes=\"(max-width: 252px) 100vw, 252px\" \/><figcaption class=\"wp-element-caption\">Corneflower\u00a0<\/figcaption><\/figure><\/div>\n\n\n<p><strong>English name:<\/strong>\u00a0Corneflower\u00a0<\/p>\n\n\n\n<p><strong>Family:<\/strong>\u00a0<em>Asteraceae<\/em><\/p>\n\n\n\n<p><strong>Botanical characteristic:<\/strong>&nbsp;An annual herb 20 \u2013 50 cm tall with a straight stem. The stem is angular, branched, covered with trichomes. The leaves are lanceolate, pinnately sheared. The flowers are bluish-purple in colour, forming a cluster. The fruit is an achene with a two-rowed peduncle.<\/p>\n\n\n\n<p><strong>Microscopic drawing:<\/strong><\/p>\n\n\n<div class=\"wp-block-image\">\n<figure class=\"aligncenter size-full\"><img decoding=\"async\" loading=\"lazy\" width=\"332\" height=\"314\" src=\"https:\/\/www.liecivebyliny.eu\/wp-content\/uploads\/2023\/12\/image-65.png\" alt=\"\" class=\"wp-image-565\" srcset=\"https:\/\/www.liecivebyliny.eu\/wp-content\/uploads\/2023\/12\/image-65.png 332w, https:\/\/www.liecivebyliny.eu\/wp-content\/uploads\/2023\/12\/image-65-300x284.png 300w\" sizes=\"(max-width: 332px) 100vw, 332px\" \/><figcaption class=\"wp-element-caption\"><em>The cuticle of the calyx petals contains characteristic two-celled trichomes (a).<\/em><\/figcaption><\/figure><\/div>\n\n\n<p><\/p>\n\n\n\n<p><strong>Distribution:<\/strong>&nbsp;It occurs in fields, along roadsides, on sunny slopes.<\/p>\n\n\n\n<p><strong>Drug<\/strong>:&nbsp;<em>Cyani flos<\/em><\/p>\n\n\n\n<p><strong>Harvesting method:&nbsp;<\/strong>The flowers of the field cornflower are collected from May to July. Flowers without a calyx (tongue-like petals) and flowers with a calyx without a stalk are collected at the beginning of flowering.<\/p>\n\n\n\n<p><strong>Drying:<\/strong>&nbsp;The flowers are dried naturally in thin layers in an airy and shady place. Artificially in a drying room, where the temperature must not exceed 35 \u00b0C.<\/p>\n\n\n\n<p><strong>Active substances:<\/strong>&nbsp;The cornflower flower contains mainly blue anthocyanin dyes based on cyanine. Flavonoids are relatively abundant. Chemically diverse gentian substances can also be assigned to the content.<\/p>\n\n\n\n<p><strong>Uses:<\/strong>&nbsp;Because of its bitter taste, cornflower can be used to aid digestion, but it is more commonly found in teas with a variety of uses, where it performs an aesthetic function because of the attractiveness of the blue flowers.<\/p>\n\n\n\n<p><strong>Selected herbal preparations:<\/strong>&nbsp;FYTO Herbal blend for good breath 20&#215;1,5 g, HERBALMED HotDrink FORTE &#8211; Dr.Weis sachets 1&#215;12 pcs, M\u00dcLLER&#8217;S PASTILLS WITH SCOR. MAT.&nbsp;&nbsp;C (for cough) 24 pcs.<\/p>\n","protected":false},"excerpt":{"rendered":"<p>English name:\u00a0Corneflower\u00a0 Family:\u00a0Asteraceae Botanical characteristic:&nbsp;An annual herb 20 \u2013 50 cm tall with a straight stem. The stem is angular, branched, covered with trichomes. The leaves are lanceolate, pinnately sheared. The flowers are bluish-purple in colour, forming a cluster. The fruit is an achene with a two-rowed peduncle. Microscopic drawing: Distribution:&nbsp;It occurs in fields, along [&hellip;]<\/p>\n","protected":false},"author":1,"featured_media":0,"parent":0,"menu_order":0,"comment_status":"closed","ping_status":"closed","template":"","meta":{"_mi_skip_tracking":false},"yoast_head":"<!-- This site is optimized with the Yoast SEO plugin v20.4 - https:\/\/yoast.com\/wordpress\/plugins\/seo\/ -->\n<title>Centaurea cyanus&nbsp;L. syn.&nbsp;Cyanus arvensis&nbsp;Moench. - liecivebyliny.eu<\/title>\n<meta name=\"robots\" content=\"index, follow, max-snippet:-1, max-image-preview:large, max-video-preview:-1\" \/>\n<link rel=\"canonical\" href=\"https:\/\/www.liecivebyliny.eu\/?page_id=563&lang=en\" \/>\n<meta property=\"og:locale\" content=\"sk_SK\" \/>\n<meta property=\"og:type\" content=\"article\" \/>\n<meta property=\"og:title\" content=\"Centaurea cyanus&nbsp;L. syn.&nbsp;Cyanus arvensis&nbsp;Moench. - liecivebyliny.eu\" \/>\n<meta property=\"og:description\" content=\"English name:\u00a0Corneflower\u00a0 Family:\u00a0Asteraceae Botanical characteristic:&nbsp;An annual herb 20 \u2013 50 cm tall with a straight stem. The stem is angular, branched, covered with trichomes. The leaves are lanceolate, pinnately sheared. The flowers are bluish-purple in colour, forming a cluster. The fruit is an achene with a two-rowed peduncle. Microscopic drawing: Distribution:&nbsp;It occurs in fields, along [&hellip;]\" \/>\n<meta property=\"og:url\" content=\"https:\/\/www.liecivebyliny.eu\/?page_id=563&amp;lang=en\" \/>\n<meta property=\"og:site_name\" content=\"liecivebyliny.eu\" \/>\n<meta property=\"article:modified_time\" content=\"2023-12-29T16:14:27+00:00\" \/>\n<meta property=\"og:image\" content=\"https:\/\/www.liecivebyliny.eu\/wp-content\/uploads\/2023\/12\/image-59.jpeg\" \/>\n<meta name=\"twitter:card\" content=\"summary_large_image\" \/>\n<meta name=\"twitter:label1\" content=\"Predpokladan\u00fd \u010das \u010d\u00edtania\" \/>\n\t<meta name=\"twitter:data1\" content=\"2 min\u00faty\" \/>\n<script type=\"application\/ld+json\" class=\"yoast-schema-graph\">{\"@context\":\"https:\/\/schema.org\",\"@graph\":[{\"@type\":\"WebPage\",\"@id\":\"https:\/\/www.liecivebyliny.eu\/?page_id=563&lang=en\",\"url\":\"https:\/\/www.liecivebyliny.eu\/?page_id=563&lang=en\",\"name\":\"Centaurea cyanus&nbsp;L. syn.&nbsp;Cyanus arvensis&nbsp;Moench. - liecivebyliny.eu\",\"isPartOf\":{\"@id\":\"https:\/\/www.liecivebyliny.eu\/#website\"},\"datePublished\":\"2023-12-21T20:09:42+00:00\",\"dateModified\":\"2023-12-29T16:14:27+00:00\",\"breadcrumb\":{\"@id\":\"https:\/\/www.liecivebyliny.eu\/?page_id=563&lang=en#breadcrumb\"},\"inLanguage\":\"sk-SK\",\"potentialAction\":[{\"@type\":\"ReadAction\",\"target\":[\"https:\/\/www.liecivebyliny.eu\/?page_id=563&lang=en\"]}]},{\"@type\":\"BreadcrumbList\",\"@id\":\"https:\/\/www.liecivebyliny.eu\/?page_id=563&lang=en#breadcrumb\",\"itemListElement\":[{\"@type\":\"ListItem\",\"position\":1,\"name\":\"Home\",\"item\":\"https:\/\/www.liecivebyliny.eu\/\"},{\"@type\":\"ListItem\",\"position\":2,\"name\":\"Centaurea cyanus&nbsp;L. syn.&nbsp;Cyanus arvensis&nbsp;Moench.\"}]},{\"@type\":\"WebSite\",\"@id\":\"https:\/\/www.liecivebyliny.eu\/#website\",\"url\":\"https:\/\/www.liecivebyliny.eu\/\",\"name\":\"liecivebyliny.eu\",\"description\":\"\",\"potentialAction\":[{\"@type\":\"SearchAction\",\"target\":{\"@type\":\"EntryPoint\",\"urlTemplate\":\"https:\/\/www.liecivebyliny.eu\/?s={search_term_string}\"},\"query-input\":\"required name=search_term_string\"}],\"inLanguage\":\"sk-SK\"}]}<\/script>\n<!-- \/ Yoast SEO plugin. -->","yoast_head_json":{"title":"Centaurea cyanus&nbsp;L. syn.&nbsp;Cyanus arvensis&nbsp;Moench. - liecivebyliny.eu","robots":{"index":"index","follow":"follow","max-snippet":"max-snippet:-1","max-image-preview":"max-image-preview:large","max-video-preview":"max-video-preview:-1"},"canonical":"https:\/\/www.liecivebyliny.eu\/?page_id=563&lang=en","og_locale":"sk_SK","og_type":"article","og_title":"Centaurea cyanus&nbsp;L. syn.&nbsp;Cyanus arvensis&nbsp;Moench. - liecivebyliny.eu","og_description":"English name:\u00a0Corneflower\u00a0 Family:\u00a0Asteraceae Botanical characteristic:&nbsp;An annual herb 20 \u2013 50 cm tall with a straight stem. The stem is angular, branched, covered with trichomes. The leaves are lanceolate, pinnately sheared. The flowers are bluish-purple in colour, forming a cluster. The fruit is an achene with a two-rowed peduncle. Microscopic drawing: Distribution:&nbsp;It occurs in fields, along [&hellip;]","og_url":"https:\/\/www.liecivebyliny.eu\/?page_id=563&lang=en","og_site_name":"liecivebyliny.eu","article_modified_time":"2023-12-29T16:14:27+00:00","og_image":[{"url":"https:\/\/www.liecivebyliny.eu\/wp-content\/uploads\/2023\/12\/image-59.jpeg"}],"twitter_card":"summary_large_image","twitter_misc":{"Predpokladan\u00fd \u010das \u010d\u00edtania":"2 min\u00faty"},"schema":{"@context":"https:\/\/schema.org","@graph":[{"@type":"WebPage","@id":"https:\/\/www.liecivebyliny.eu\/?page_id=563&lang=en","url":"https:\/\/www.liecivebyliny.eu\/?page_id=563&lang=en","name":"Centaurea cyanus&nbsp;L. syn.&nbsp;Cyanus arvensis&nbsp;Moench. - liecivebyliny.eu","isPartOf":{"@id":"https:\/\/www.liecivebyliny.eu\/#website"},"datePublished":"2023-12-21T20:09:42+00:00","dateModified":"2023-12-29T16:14:27+00:00","breadcrumb":{"@id":"https:\/\/www.liecivebyliny.eu\/?page_id=563&lang=en#breadcrumb"},"inLanguage":"sk-SK","potentialAction":[{"@type":"ReadAction","target":["https:\/\/www.liecivebyliny.eu\/?page_id=563&lang=en"]}]},{"@type":"BreadcrumbList","@id":"https:\/\/www.liecivebyliny.eu\/?page_id=563&lang=en#breadcrumb","itemListElement":[{"@type":"ListItem","position":1,"name":"Home","item":"https:\/\/www.liecivebyliny.eu\/"},{"@type":"ListItem","position":2,"name":"Centaurea cyanus&nbsp;L. syn.&nbsp;Cyanus arvensis&nbsp;Moench."}]},{"@type":"WebSite","@id":"https:\/\/www.liecivebyliny.eu\/#website","url":"https:\/\/www.liecivebyliny.eu\/","name":"liecivebyliny.eu","description":"","potentialAction":[{"@type":"SearchAction","target":{"@type":"EntryPoint","urlTemplate":"https:\/\/www.liecivebyliny.eu\/?s={search_term_string}"},"query-input":"required name=search_term_string"}],"inLanguage":"sk-SK"}]}},"_links":{"self":[{"href":"https:\/\/www.liecivebyliny.eu\/index.php?rest_route=\/wp\/v2\/pages\/563"}],"collection":[{"href":"https:\/\/www.liecivebyliny.eu\/index.php?rest_route=\/wp\/v2\/pages"}],"about":[{"href":"https:\/\/www.liecivebyliny.eu\/index.php?rest_route=\/wp\/v2\/types\/page"}],"author":[{"embeddable":true,"href":"https:\/\/www.liecivebyliny.eu\/index.php?rest_route=\/wp\/v2\/users\/1"}],"replies":[{"embeddable":true,"href":"https:\/\/www.liecivebyliny.eu\/index.php?rest_route=%2Fwp%2Fv2%2Fcomments&post=563"}],"version-history":[{"count":1,"href":"https:\/\/www.liecivebyliny.eu\/index.php?rest_route=\/wp\/v2\/pages\/563\/revisions"}],"predecessor-version":[{"id":566,"href":"https:\/\/www.liecivebyliny.eu\/index.php?rest_route=\/wp\/v2\/pages\/563\/revisions\/566"}],"wp:attachment":[{"href":"https:\/\/www.liecivebyliny.eu\/index.php?rest_route=%2Fwp%2Fv2%2Fmedia&parent=563"}],"curies":[{"name":"wp","href":"https:\/\/api.w.org\/{rel}","templated":true}]}}