{"id":569,"date":"2023-12-21T21:13:35","date_gmt":"2023-12-21T20:13:35","guid":{"rendered":"https:\/\/www.liecivebyliny.eu\/?page_id=569"},"modified":"2024-01-02T14:36:06","modified_gmt":"2024-01-02T13:36:06","slug":"centaurium-erytraea-raf-2","status":"publish","type":"page","link":"https:\/\/www.liecivebyliny.eu\/?page_id=569&lang=en","title":{"rendered":"<em>Centaurium erytraea<\/em>&nbsp;Raf.&nbsp;"},"content":{"rendered":"<div class=\"wp-block-image\">\n<figure class=\"aligncenter size-full\"><img decoding=\"async\" loading=\"lazy\" width=\"256\" height=\"366\" src=\"https:\/\/www.liecivebyliny.eu\/wp-content\/uploads\/2023\/12\/image-60.jpeg\" alt=\"\" class=\"wp-image-570\" srcset=\"https:\/\/www.liecivebyliny.eu\/wp-content\/uploads\/2023\/12\/image-60.jpeg 256w, https:\/\/www.liecivebyliny.eu\/wp-content\/uploads\/2023\/12\/image-60-210x300.jpeg 210w\" sizes=\"(max-width: 256px) 100vw, 256px\" \/><figcaption class=\"wp-element-caption\">Common centaury<\/figcaption><\/figure><\/div>\n\n\n<p><strong>English name:<\/strong>&nbsp;Common centaury<\/p>\n\n\n\n<p><strong>Family:<\/strong>&nbsp;<em>Gentianaceae<\/em><\/p>\n\n\n\n<p><strong>Botanical characteristic:<\/strong>&nbsp;A biennial, rarely annual 20 \u2013 40 cm tall herb with a straight stem. The stem is quadrangular, hollow, forked and branched.&nbsp;&nbsp;The good leaves form a ground rosette, are ovate.The stem leaves are lanceolate, opposite-sessile, entire-margined. The five-petalled pinkish-red flowers have a tubular calyx and a funnel-shaped corolla. The inflorescence forms a panicle. The fruit is a capsule.<\/p>\n\n\n\n<p><strong>Microscopic drawing:<\/strong><\/p>\n\n\n<div class=\"wp-block-image\">\n<figure class=\"aligncenter size-full\"><img decoding=\"async\" loading=\"lazy\" width=\"342\" height=\"300\" src=\"https:\/\/www.liecivebyliny.eu\/wp-content\/uploads\/2023\/12\/image-66.png\" alt=\"\" class=\"wp-image-571\" srcset=\"https:\/\/www.liecivebyliny.eu\/wp-content\/uploads\/2023\/12\/image-66.png 342w, https:\/\/www.liecivebyliny.eu\/wp-content\/uploads\/2023\/12\/image-66-300x263.png 300w\" sizes=\"(max-width: 342px) 100vw, 342px\" \/><figcaption class=\"wp-element-caption\"><em>The lower skin of the leaf of the lesser earthworm contains a large number of stomata (a). From the inner tissues, it is sometimes possible to observe parenchymal cells with calcium oxalate crystals (b).<\/em><\/figcaption><\/figure><\/div>\n\n\n<figure class=\"is-layout-flex wp-block-gallery-1 wp-block-gallery has-nested-images columns-default is-cropped\">\n<figure class=\"wp-block-image size-large\"><img decoding=\"async\" loading=\"lazy\" width=\"640\" height=\"480\" data-id=\"1005\"  src=\"https:\/\/www.liecivebyliny.eu\/wp-content\/uploads\/2024\/01\/Centaurii-herba-100x-1.jpg\" alt=\"\" class=\"wp-image-1005\" srcset=\"https:\/\/www.liecivebyliny.eu\/wp-content\/uploads\/2024\/01\/Centaurii-herba-100x-1.jpg 640w, https:\/\/www.liecivebyliny.eu\/wp-content\/uploads\/2024\/01\/Centaurii-herba-100x-1-300x225.jpg 300w\" sizes=\"(max-width: 640px) 100vw, 640px\" \/><figcaption class=\"wp-element-caption\">Cross-section of a stem (magnified 100x)<\/figcaption><\/figure>\n\n\n\n<figure class=\"wp-block-image size-large\"><img decoding=\"async\" loading=\"lazy\" width=\"640\" height=\"480\" data-id=\"1006\"  src=\"https:\/\/www.liecivebyliny.eu\/wp-content\/uploads\/2024\/01\/Centaurii-herba-400x-1.jpg\" alt=\"\" class=\"wp-image-1006\" srcset=\"https:\/\/www.liecivebyliny.eu\/wp-content\/uploads\/2024\/01\/Centaurii-herba-400x-1.jpg 640w, https:\/\/www.liecivebyliny.eu\/wp-content\/uploads\/2024\/01\/Centaurii-herba-400x-1-300x225.jpg 300w\" sizes=\"(max-width: 640px) 100vw, 640px\" \/><figcaption class=\"wp-element-caption\">Surface of an earthworm corolla petal<\/figcaption><\/figure>\n<\/figure>\n\n\n\n<p><\/p>\n\n\n\n<p><strong>Distribution:<\/strong>&nbsp;It occurs in meadows, pastures, sunny slopes, in fields.<\/p>\n\n\n\n<p><strong>Drug:<\/strong>&nbsp;<em>Centaurii herba<\/em><\/p>\n\n\n\n<p><strong>Harvesting method:&nbsp;<\/strong>It is harvested at the beginning of flowering (from May to September) without woody parts, using secateurs. The leaves are collected before flowering.<\/p>\n\n\n\n<p><strong>Drying:<\/strong>&nbsp;It dries naturally in thin layers in an airy and shady place. Artificially in a drying room, where the temperature must not exceed 40 \u00b0C.<\/p>\n\n\n\n<p><strong>Active substances:<\/strong>&nbsp;The most therapeutically important metabolites of the common centaury&nbsp;<\/p>\n\n\n\n<p>include bitter-tasting secoiridoid glycosides (genciopicroside, swerciamarin, sweroside, gencioflavoside, centauroside and centapicrin). The drug also contains flavonoids, organic acids and phytosterols.<\/p>\n\n\n\n<p><strong>Uses:<\/strong>&nbsp;The bitters contained in the stem and leaves reflexively stimulate the production of digestive juices, thereby significantly supporting digestion and appetite.<\/p>\n\n\n\n<p><strong>Traditional method of use in indications determined solely on the basis of long-term use:<\/strong><\/p>\n\n\n\n<p>&#8211; dyspeptic and gastrointestinal disorders, temporary loss of appetite.<\/p>\n\n\n\n<p><strong>Selected herbal preparations:<\/strong>&nbsp;AGROKARPATY AGROKARPATY HERBAL TEA 1&#215;30 g, APOTHEKE HERBAL TEA FOR BELLY AND BRAIN SICKNESS 20&#215;1,5 g, NATURLAND SWEDISH CAPS 100 ml, J.V. SUGAR SUGGESTIONS &#8211; DUO for the stomach 50 ml, NaturProdukt SUGGESTIONS 50 ml, SALUS Floradix tbl 84 pcs.<\/p>\n","protected":false},"excerpt":{"rendered":"<p>English name:&nbsp;Common centaury Family:&nbsp;Gentianaceae Botanical characteristic:&nbsp;A biennial, rarely annual 20 \u2013 40 cm tall herb with a straight stem. The stem is quadrangular, hollow, forked and branched.&nbsp;&nbsp;The good leaves form a ground rosette, are ovate.The stem leaves are lanceolate, opposite-sessile, entire-margined. The five-petalled pinkish-red flowers have a tubular calyx and a funnel-shaped corolla. The inflorescence [&hellip;]<\/p>\n","protected":false},"author":1,"featured_media":0,"parent":0,"menu_order":0,"comment_status":"closed","ping_status":"closed","template":"","meta":{"_mi_skip_tracking":false},"yoast_head":"<!-- This site is optimized with the Yoast SEO plugin v20.4 - https:\/\/yoast.com\/wordpress\/plugins\/seo\/ -->\n<title>Centaurium erytraea&nbsp;Raf.&nbsp; - liecivebyliny.eu<\/title>\n<meta name=\"robots\" content=\"index, follow, max-snippet:-1, max-image-preview:large, max-video-preview:-1\" \/>\n<link rel=\"canonical\" href=\"https:\/\/www.liecivebyliny.eu\/?page_id=569&lang=en\" \/>\n<meta property=\"og:locale\" content=\"sk_SK\" \/>\n<meta property=\"og:type\" content=\"article\" \/>\n<meta property=\"og:title\" content=\"Centaurium erytraea&nbsp;Raf.&nbsp; - liecivebyliny.eu\" \/>\n<meta property=\"og:description\" content=\"English name:&nbsp;Common centaury Family:&nbsp;Gentianaceae Botanical characteristic:&nbsp;A biennial, rarely annual 20 \u2013 40 cm tall herb with a straight stem. The stem is quadrangular, hollow, forked and branched.&nbsp;&nbsp;The good leaves form a ground rosette, are ovate.The stem leaves are lanceolate, opposite-sessile, entire-margined. The five-petalled pinkish-red flowers have a tubular calyx and a funnel-shaped corolla. The inflorescence [&hellip;]\" \/>\n<meta property=\"og:url\" content=\"https:\/\/www.liecivebyliny.eu\/?page_id=569&amp;lang=en\" \/>\n<meta property=\"og:site_name\" content=\"liecivebyliny.eu\" \/>\n<meta property=\"article:modified_time\" content=\"2024-01-02T13:36:06+00:00\" \/>\n<meta property=\"og:image\" content=\"https:\/\/www.liecivebyliny.eu\/wp-content\/uploads\/2023\/12\/image-60.jpeg\" \/>\n<meta name=\"twitter:card\" content=\"summary_large_image\" \/>\n<meta name=\"twitter:label1\" content=\"Predpokladan\u00fd \u010das \u010d\u00edtania\" \/>\n\t<meta name=\"twitter:data1\" content=\"3 min\u00faty\" \/>\n<script type=\"application\/ld+json\" class=\"yoast-schema-graph\">{\"@context\":\"https:\/\/schema.org\",\"@graph\":[{\"@type\":\"WebPage\",\"@id\":\"https:\/\/www.liecivebyliny.eu\/?page_id=569&lang=en\",\"url\":\"https:\/\/www.liecivebyliny.eu\/?page_id=569&lang=en\",\"name\":\"Centaurium erytraea&nbsp;Raf.&nbsp; - liecivebyliny.eu\",\"isPartOf\":{\"@id\":\"https:\/\/www.liecivebyliny.eu\/#website\"},\"datePublished\":\"2023-12-21T20:13:35+00:00\",\"dateModified\":\"2024-01-02T13:36:06+00:00\",\"breadcrumb\":{\"@id\":\"https:\/\/www.liecivebyliny.eu\/?page_id=569&lang=en#breadcrumb\"},\"inLanguage\":\"sk-SK\",\"potentialAction\":[{\"@type\":\"ReadAction\",\"target\":[\"https:\/\/www.liecivebyliny.eu\/?page_id=569&lang=en\"]}]},{\"@type\":\"BreadcrumbList\",\"@id\":\"https:\/\/www.liecivebyliny.eu\/?page_id=569&lang=en#breadcrumb\",\"itemListElement\":[{\"@type\":\"ListItem\",\"position\":1,\"name\":\"Home\",\"item\":\"https:\/\/www.liecivebyliny.eu\/\"},{\"@type\":\"ListItem\",\"position\":2,\"name\":\"Centaurium erytraea&nbsp;Raf.&nbsp;\"}]},{\"@type\":\"WebSite\",\"@id\":\"https:\/\/www.liecivebyliny.eu\/#website\",\"url\":\"https:\/\/www.liecivebyliny.eu\/\",\"name\":\"liecivebyliny.eu\",\"description\":\"\",\"potentialAction\":[{\"@type\":\"SearchAction\",\"target\":{\"@type\":\"EntryPoint\",\"urlTemplate\":\"https:\/\/www.liecivebyliny.eu\/?s={search_term_string}\"},\"query-input\":\"required name=search_term_string\"}],\"inLanguage\":\"sk-SK\"}]}<\/script>\n<!-- \/ Yoast SEO plugin. -->","yoast_head_json":{"title":"Centaurium erytraea&nbsp;Raf.&nbsp; - liecivebyliny.eu","robots":{"index":"index","follow":"follow","max-snippet":"max-snippet:-1","max-image-preview":"max-image-preview:large","max-video-preview":"max-video-preview:-1"},"canonical":"https:\/\/www.liecivebyliny.eu\/?page_id=569&lang=en","og_locale":"sk_SK","og_type":"article","og_title":"Centaurium erytraea&nbsp;Raf.&nbsp; - liecivebyliny.eu","og_description":"English name:&nbsp;Common centaury Family:&nbsp;Gentianaceae Botanical characteristic:&nbsp;A biennial, rarely annual 20 \u2013 40 cm tall herb with a straight stem. The stem is quadrangular, hollow, forked and branched.&nbsp;&nbsp;The good leaves form a ground rosette, are ovate.The stem leaves are lanceolate, opposite-sessile, entire-margined. The five-petalled pinkish-red flowers have a tubular calyx and a funnel-shaped corolla. The inflorescence [&hellip;]","og_url":"https:\/\/www.liecivebyliny.eu\/?page_id=569&lang=en","og_site_name":"liecivebyliny.eu","article_modified_time":"2024-01-02T13:36:06+00:00","og_image":[{"url":"https:\/\/www.liecivebyliny.eu\/wp-content\/uploads\/2023\/12\/image-60.jpeg"}],"twitter_card":"summary_large_image","twitter_misc":{"Predpokladan\u00fd \u010das \u010d\u00edtania":"3 min\u00faty"},"schema":{"@context":"https:\/\/schema.org","@graph":[{"@type":"WebPage","@id":"https:\/\/www.liecivebyliny.eu\/?page_id=569&lang=en","url":"https:\/\/www.liecivebyliny.eu\/?page_id=569&lang=en","name":"Centaurium erytraea&nbsp;Raf.&nbsp; - liecivebyliny.eu","isPartOf":{"@id":"https:\/\/www.liecivebyliny.eu\/#website"},"datePublished":"2023-12-21T20:13:35+00:00","dateModified":"2024-01-02T13:36:06+00:00","breadcrumb":{"@id":"https:\/\/www.liecivebyliny.eu\/?page_id=569&lang=en#breadcrumb"},"inLanguage":"sk-SK","potentialAction":[{"@type":"ReadAction","target":["https:\/\/www.liecivebyliny.eu\/?page_id=569&lang=en"]}]},{"@type":"BreadcrumbList","@id":"https:\/\/www.liecivebyliny.eu\/?page_id=569&lang=en#breadcrumb","itemListElement":[{"@type":"ListItem","position":1,"name":"Home","item":"https:\/\/www.liecivebyliny.eu\/"},{"@type":"ListItem","position":2,"name":"Centaurium erytraea&nbsp;Raf.&nbsp;"}]},{"@type":"WebSite","@id":"https:\/\/www.liecivebyliny.eu\/#website","url":"https:\/\/www.liecivebyliny.eu\/","name":"liecivebyliny.eu","description":"","potentialAction":[{"@type":"SearchAction","target":{"@type":"EntryPoint","urlTemplate":"https:\/\/www.liecivebyliny.eu\/?s={search_term_string}"},"query-input":"required name=search_term_string"}],"inLanguage":"sk-SK"}]}},"_links":{"self":[{"href":"https:\/\/www.liecivebyliny.eu\/index.php?rest_route=\/wp\/v2\/pages\/569"}],"collection":[{"href":"https:\/\/www.liecivebyliny.eu\/index.php?rest_route=\/wp\/v2\/pages"}],"about":[{"href":"https:\/\/www.liecivebyliny.eu\/index.php?rest_route=\/wp\/v2\/types\/page"}],"author":[{"embeddable":true,"href":"https:\/\/www.liecivebyliny.eu\/index.php?rest_route=\/wp\/v2\/users\/1"}],"replies":[{"embeddable":true,"href":"https:\/\/www.liecivebyliny.eu\/index.php?rest_route=%2Fwp%2Fv2%2Fcomments&post=569"}],"version-history":[{"count":2,"href":"https:\/\/www.liecivebyliny.eu\/index.php?rest_route=\/wp\/v2\/pages\/569\/revisions"}],"predecessor-version":[{"id":1008,"href":"https:\/\/www.liecivebyliny.eu\/index.php?rest_route=\/wp\/v2\/pages\/569\/revisions\/1008"}],"wp:attachment":[{"href":"https:\/\/www.liecivebyliny.eu\/index.php?rest_route=%2Fwp%2Fv2%2Fmedia&parent=569"}],"curies":[{"name":"wp","href":"https:\/\/api.w.org\/{rel}","templated":true}]}}