{"id":586,"date":"2023-12-21T21:20:32","date_gmt":"2023-12-21T20:20:32","guid":{"rendered":"https:\/\/www.liecivebyliny.eu\/?page_id=586"},"modified":"2024-01-02T14:02:16","modified_gmt":"2024-01-02T13:02:16","slug":"crataegus-monogyna-jacq-2","status":"publish","type":"page","link":"https:\/\/www.liecivebyliny.eu\/?page_id=586&lang=en","title":{"rendered":"<em>Crataegus monogyna<\/em>&nbsp;Jacq."},"content":{"rendered":"<div class=\"wp-block-image\">\n<figure class=\"aligncenter size-full\"><img decoding=\"async\" loading=\"lazy\" width=\"256\" height=\"324\" src=\"https:\/\/www.liecivebyliny.eu\/wp-content\/uploads\/2023\/12\/image-68.png\" alt=\"\" class=\"wp-image-587\" srcset=\"https:\/\/www.liecivebyliny.eu\/wp-content\/uploads\/2023\/12\/image-68.png 256w, https:\/\/www.liecivebyliny.eu\/wp-content\/uploads\/2023\/12\/image-68-237x300.png 237w\" sizes=\"(max-width: 256px) 100vw, 256px\" \/><figcaption class=\"wp-element-caption\">Common hawthorn<\/figcaption><\/figure><\/div>\n\n\n<p><strong>English name:<\/strong>&nbsp;Common hawthorn<\/p>\n\n\n\n<p><strong>Family:<\/strong>&nbsp;<em>Rosaceae&nbsp;<\/em><\/p>\n\n\n\n<p><strong>Botanical characteristic:<\/strong>&nbsp;A thorny shrub or tree with grey bark, growing to a height of 5 \u2013 10 m. The leaves are three- to five-lobed, ovate, with a short petiole. Dark green on the underside, light green on the face. The white flowers form a pinnacle-shaped inflorescence. The fruit is a drupe.<\/p>\n\n\n\n<p><strong>Microscopic drawing:<\/strong><\/p>\n\n\n<div class=\"wp-block-image\">\n<figure class=\"aligncenter size-full\"><img decoding=\"async\" loading=\"lazy\" width=\"354\" height=\"348\" src=\"https:\/\/www.liecivebyliny.eu\/wp-content\/uploads\/2023\/12\/image-69.png\" alt=\"\" class=\"wp-image-588\" srcset=\"https:\/\/www.liecivebyliny.eu\/wp-content\/uploads\/2023\/12\/image-69.png 354w, https:\/\/www.liecivebyliny.eu\/wp-content\/uploads\/2023\/12\/image-69-300x295.png 300w\" sizes=\"(max-width: 354px) 100vw, 354px\" \/><figcaption class=\"wp-element-caption\"><em>On the surface of a transverse section of a hawthorn leaf, it is possible to observe the epidermis (a), beneath which there is a layer of palisade parenchyma (b) and fungal parenchyma. The lower epidermis is characterised by the presence of stomata (g). In the centre of the preparation are situated collateral vascular bundles formed by the lycal (e) and woody parts (f). The vascular bundles are reinforced by the sclerenchyma (d).<\/em><\/figcaption><\/figure><\/div>\n\n<div class=\"wp-block-image\">\n<figure class=\"aligncenter size-full\"><img decoding=\"async\" loading=\"lazy\" width=\"480\" height=\"640\" src=\"https:\/\/www.liecivebyliny.eu\/wp-content\/uploads\/2024\/01\/Crataegi-folium-100x-2.jpg\" alt=\"\" class=\"wp-image-958\" srcset=\"https:\/\/www.liecivebyliny.eu\/wp-content\/uploads\/2024\/01\/Crataegi-folium-100x-2.jpg 480w, https:\/\/www.liecivebyliny.eu\/wp-content\/uploads\/2024\/01\/Crataegi-folium-100x-2-225x300.jpg 225w\" sizes=\"(max-width: 480px) 100vw, 480px\" \/><figcaption class=\"wp-element-caption\">Cross section of a leaf (magnified 100x)<\/figcaption><\/figure><\/div>\n\n\n<p><\/p>\n\n\n\n<p><strong>Distribution:<\/strong>&nbsp;It grows in pastures, by rivers, at the edges of forests, on hillsides, by roadsides.<\/p>\n\n\n\n<p><strong>Drug:<\/strong>&nbsp;<strong><em>Crataegi folium cum flore, Crataegi fructus<\/em><\/strong><\/p>\n\n\n\n<p><strong>Harvesting method:<\/strong>&nbsp;The leaf with the flower is hand-picked at the beginning of flowering. Similarly, short-stalked flowers are picked at the beginning of flowering, usually in May. The stalkless fruits are hand-picked in September-October.<\/p>\n\n\n\n<p><strong>Drying:<\/strong>&nbsp;The hawthorn leaves with flowers and the flowers themselves are dried in a thin layer in the shade in a ventilated room. It is dried artificially at a temperature of up to 35 \u00b0C. The fruits are dried in thin layers in an airy place. They are dried by artificial heat at 70 \u00b0C.<\/p>\n\n\n\n<p><strong>Active substances:<\/strong>&nbsp;The most important contents undoubtedly include high levels of flavonoids (quercetin, rutin, hyperoside, vitexin), but also protoanthocyanidins, triterpenic acids, especially ursolic acid, aminopurines, saponins, catechin tannins, vitamin B and C.<\/p>\n\n\n\n<p><strong>Uses:<\/strong>&nbsp;Hawthorn preparations smell unpleasantly because of the aminopurines. That is why extracts in tablet form are preferred to teas. These are taken because of their ability to lower blood pressure. Hawthorn improves the blood supply to the coronary arteries nourishing the heart muscle.<\/p>\n\n\n\n<p><strong>Traditional method of use in indications determined solely on the basis of long-term use:<\/strong><\/p>\n\n\n\n<p>&#8211; relieving symptoms of heart muscle congestion (e.g. heart palpitations caused by stress or anxiety),<\/p>\n\n\n\n<p>&#8211; supportive treatment of insomnia and relief of stress-induced symptoms.<\/p>\n\n\n\n<p><strong>Selected herbal preparations:<\/strong>&nbsp;CannamediQ HYPETEZIN cps 60 pcs, J.V. VAPS &#8211; ALMER for memory and nervous system 50 ml, J.V. KVAPKY &#8211; CIEVY herbal complex 50 ml, PEDIAKID For easier falling asleep syrup 125 ml.<\/p>\n","protected":false},"excerpt":{"rendered":"<p>English name:&nbsp;Common hawthorn Family:&nbsp;Rosaceae&nbsp; Botanical characteristic:&nbsp;A thorny shrub or tree with grey bark, growing to a height of 5 \u2013 10 m. The leaves are three- to five-lobed, ovate, with a short petiole. Dark green on the underside, light green on the face. The white flowers form a pinnacle-shaped inflorescence. The fruit is a drupe. [&hellip;]<\/p>\n","protected":false},"author":1,"featured_media":0,"parent":0,"menu_order":0,"comment_status":"closed","ping_status":"closed","template":"","meta":{"_mi_skip_tracking":false},"yoast_head":"<!-- This site is optimized with the Yoast SEO plugin v20.4 - https:\/\/yoast.com\/wordpress\/plugins\/seo\/ -->\n<title>Crataegus monogyna&nbsp;Jacq. - liecivebyliny.eu<\/title>\n<meta name=\"robots\" content=\"index, follow, max-snippet:-1, max-image-preview:large, max-video-preview:-1\" \/>\n<link rel=\"canonical\" href=\"https:\/\/www.liecivebyliny.eu\/?page_id=586&lang=en\" \/>\n<meta property=\"og:locale\" content=\"sk_SK\" \/>\n<meta property=\"og:type\" content=\"article\" \/>\n<meta property=\"og:title\" content=\"Crataegus monogyna&nbsp;Jacq. - liecivebyliny.eu\" \/>\n<meta property=\"og:description\" content=\"English name:&nbsp;Common hawthorn Family:&nbsp;Rosaceae&nbsp; Botanical characteristic:&nbsp;A thorny shrub or tree with grey bark, growing to a height of 5 \u2013 10 m. The leaves are three- to five-lobed, ovate, with a short petiole. Dark green on the underside, light green on the face. The white flowers form a pinnacle-shaped inflorescence. The fruit is a drupe. [&hellip;]\" \/>\n<meta property=\"og:url\" content=\"https:\/\/www.liecivebyliny.eu\/?page_id=586&amp;lang=en\" \/>\n<meta property=\"og:site_name\" content=\"liecivebyliny.eu\" \/>\n<meta property=\"article:modified_time\" content=\"2024-01-02T13:02:16+00:00\" \/>\n<meta property=\"og:image\" content=\"https:\/\/www.liecivebyliny.eu\/wp-content\/uploads\/2023\/12\/image-68.png\" \/>\n<meta name=\"twitter:card\" content=\"summary_large_image\" \/>\n<meta name=\"twitter:label1\" content=\"Predpokladan\u00fd \u010das \u010d\u00edtania\" \/>\n\t<meta name=\"twitter:data1\" content=\"3 min\u00faty\" \/>\n<script type=\"application\/ld+json\" class=\"yoast-schema-graph\">{\"@context\":\"https:\/\/schema.org\",\"@graph\":[{\"@type\":\"WebPage\",\"@id\":\"https:\/\/www.liecivebyliny.eu\/?page_id=586&lang=en\",\"url\":\"https:\/\/www.liecivebyliny.eu\/?page_id=586&lang=en\",\"name\":\"Crataegus monogyna&nbsp;Jacq. - liecivebyliny.eu\",\"isPartOf\":{\"@id\":\"https:\/\/www.liecivebyliny.eu\/#website\"},\"datePublished\":\"2023-12-21T20:20:32+00:00\",\"dateModified\":\"2024-01-02T13:02:16+00:00\",\"breadcrumb\":{\"@id\":\"https:\/\/www.liecivebyliny.eu\/?page_id=586&lang=en#breadcrumb\"},\"inLanguage\":\"sk-SK\",\"potentialAction\":[{\"@type\":\"ReadAction\",\"target\":[\"https:\/\/www.liecivebyliny.eu\/?page_id=586&lang=en\"]}]},{\"@type\":\"BreadcrumbList\",\"@id\":\"https:\/\/www.liecivebyliny.eu\/?page_id=586&lang=en#breadcrumb\",\"itemListElement\":[{\"@type\":\"ListItem\",\"position\":1,\"name\":\"Home\",\"item\":\"https:\/\/www.liecivebyliny.eu\/\"},{\"@type\":\"ListItem\",\"position\":2,\"name\":\"Crataegus monogyna&nbsp;Jacq.\"}]},{\"@type\":\"WebSite\",\"@id\":\"https:\/\/www.liecivebyliny.eu\/#website\",\"url\":\"https:\/\/www.liecivebyliny.eu\/\",\"name\":\"liecivebyliny.eu\",\"description\":\"\",\"potentialAction\":[{\"@type\":\"SearchAction\",\"target\":{\"@type\":\"EntryPoint\",\"urlTemplate\":\"https:\/\/www.liecivebyliny.eu\/?s={search_term_string}\"},\"query-input\":\"required name=search_term_string\"}],\"inLanguage\":\"sk-SK\"}]}<\/script>\n<!-- \/ Yoast SEO plugin. -->","yoast_head_json":{"title":"Crataegus monogyna&nbsp;Jacq. - liecivebyliny.eu","robots":{"index":"index","follow":"follow","max-snippet":"max-snippet:-1","max-image-preview":"max-image-preview:large","max-video-preview":"max-video-preview:-1"},"canonical":"https:\/\/www.liecivebyliny.eu\/?page_id=586&lang=en","og_locale":"sk_SK","og_type":"article","og_title":"Crataegus monogyna&nbsp;Jacq. - liecivebyliny.eu","og_description":"English name:&nbsp;Common hawthorn Family:&nbsp;Rosaceae&nbsp; Botanical characteristic:&nbsp;A thorny shrub or tree with grey bark, growing to a height of 5 \u2013 10 m. The leaves are three- to five-lobed, ovate, with a short petiole. Dark green on the underside, light green on the face. The white flowers form a pinnacle-shaped inflorescence. The fruit is a drupe. [&hellip;]","og_url":"https:\/\/www.liecivebyliny.eu\/?page_id=586&lang=en","og_site_name":"liecivebyliny.eu","article_modified_time":"2024-01-02T13:02:16+00:00","og_image":[{"url":"https:\/\/www.liecivebyliny.eu\/wp-content\/uploads\/2023\/12\/image-68.png"}],"twitter_card":"summary_large_image","twitter_misc":{"Predpokladan\u00fd \u010das \u010d\u00edtania":"3 min\u00faty"},"schema":{"@context":"https:\/\/schema.org","@graph":[{"@type":"WebPage","@id":"https:\/\/www.liecivebyliny.eu\/?page_id=586&lang=en","url":"https:\/\/www.liecivebyliny.eu\/?page_id=586&lang=en","name":"Crataegus monogyna&nbsp;Jacq. - liecivebyliny.eu","isPartOf":{"@id":"https:\/\/www.liecivebyliny.eu\/#website"},"datePublished":"2023-12-21T20:20:32+00:00","dateModified":"2024-01-02T13:02:16+00:00","breadcrumb":{"@id":"https:\/\/www.liecivebyliny.eu\/?page_id=586&lang=en#breadcrumb"},"inLanguage":"sk-SK","potentialAction":[{"@type":"ReadAction","target":["https:\/\/www.liecivebyliny.eu\/?page_id=586&lang=en"]}]},{"@type":"BreadcrumbList","@id":"https:\/\/www.liecivebyliny.eu\/?page_id=586&lang=en#breadcrumb","itemListElement":[{"@type":"ListItem","position":1,"name":"Home","item":"https:\/\/www.liecivebyliny.eu\/"},{"@type":"ListItem","position":2,"name":"Crataegus monogyna&nbsp;Jacq."}]},{"@type":"WebSite","@id":"https:\/\/www.liecivebyliny.eu\/#website","url":"https:\/\/www.liecivebyliny.eu\/","name":"liecivebyliny.eu","description":"","potentialAction":[{"@type":"SearchAction","target":{"@type":"EntryPoint","urlTemplate":"https:\/\/www.liecivebyliny.eu\/?s={search_term_string}"},"query-input":"required name=search_term_string"}],"inLanguage":"sk-SK"}]}},"_links":{"self":[{"href":"https:\/\/www.liecivebyliny.eu\/index.php?rest_route=\/wp\/v2\/pages\/586"}],"collection":[{"href":"https:\/\/www.liecivebyliny.eu\/index.php?rest_route=\/wp\/v2\/pages"}],"about":[{"href":"https:\/\/www.liecivebyliny.eu\/index.php?rest_route=\/wp\/v2\/types\/page"}],"author":[{"embeddable":true,"href":"https:\/\/www.liecivebyliny.eu\/index.php?rest_route=\/wp\/v2\/users\/1"}],"replies":[{"embeddable":true,"href":"https:\/\/www.liecivebyliny.eu\/index.php?rest_route=%2Fwp%2Fv2%2Fcomments&post=586"}],"version-history":[{"count":2,"href":"https:\/\/www.liecivebyliny.eu\/index.php?rest_route=\/wp\/v2\/pages\/586\/revisions"}],"predecessor-version":[{"id":959,"href":"https:\/\/www.liecivebyliny.eu\/index.php?rest_route=\/wp\/v2\/pages\/586\/revisions\/959"}],"wp:attachment":[{"href":"https:\/\/www.liecivebyliny.eu\/index.php?rest_route=%2Fwp%2Fv2%2Fmedia&parent=586"}],"curies":[{"name":"wp","href":"https:\/\/api.w.org\/{rel}","templated":true}]}}