{"id":593,"date":"2023-12-21T21:34:09","date_gmt":"2023-12-21T20:34:09","guid":{"rendered":"https:\/\/www.liecivebyliny.eu\/?page_id=593"},"modified":"2023-12-29T19:46:49","modified_gmt":"2023-12-29T18:46:49","slug":"cucurbita-pepo-l-2","status":"publish","type":"page","link":"https:\/\/www.liecivebyliny.eu\/?page_id=593&lang=en","title":{"rendered":"<em>Cucurbita pepo<\/em>&nbsp;L."},"content":{"rendered":"<div class=\"wp-block-image\">\n<figure class=\"aligncenter size-full\"><img decoding=\"async\" loading=\"lazy\" width=\"256\" height=\"342\" src=\"https:\/\/www.liecivebyliny.eu\/wp-content\/uploads\/2023\/12\/image-62.jpeg\" alt=\"\" class=\"wp-image-594\" srcset=\"https:\/\/www.liecivebyliny.eu\/wp-content\/uploads\/2023\/12\/image-62.jpeg 256w, https:\/\/www.liecivebyliny.eu\/wp-content\/uploads\/2023\/12\/image-62-225x300.jpeg 225w\" sizes=\"(max-width: 256px) 100vw, 256px\" \/><figcaption class=\"wp-element-caption\">Pumpkin<\/figcaption><\/figure><\/div>\n\n\n<p><strong>English name:<\/strong>\u00a0Pumpkin<\/p>\n\n\n\n<p><strong>Family:<\/strong>&nbsp;<em>Cucurbitaceae<\/em><\/p>\n\n\n\n<p><strong>Botanical characteristic:<\/strong>&nbsp;An annual climbing or climbing plant, with distinctive pubescence, branched tendrils. The leaves are petiolate, broadly ovate, five-lobed. Male flowers are in axillary umbellate clusters, female flowers occur singly, pedicels are 5-edged. The crown is 7 \u2013 10 cm wide, deep yellow in colour. It flowers from June to September. The fruit is a large round to cylindrical berry, yellow or green in colour with flat white seeds.<\/p>\n\n\n\n<p><strong>Microscopic drawing:<\/strong><\/p>\n\n\n<div class=\"wp-block-image\">\n<figure class=\"aligncenter size-full\"><img decoding=\"async\" loading=\"lazy\" width=\"322\" height=\"80\" src=\"https:\/\/www.liecivebyliny.eu\/wp-content\/uploads\/2023\/12\/image-70.png\" alt=\"\" class=\"wp-image-595\" srcset=\"https:\/\/www.liecivebyliny.eu\/wp-content\/uploads\/2023\/12\/image-70.png 322w, https:\/\/www.liecivebyliny.eu\/wp-content\/uploads\/2023\/12\/image-70-300x75.png 300w\" sizes=\"(max-width: 322px) 100vw, 322px\" \/><figcaption class=\"wp-element-caption\"><em>Transverse section through a pumpkin seed showing the embryo (a) covering the embryo itself (b).<\/em><\/figcaption><\/figure><\/div>\n\n\n<p><\/p>\n\n\n\n<p><strong>Distribution:<\/strong>&nbsp;It comes from North America. It occurs worldwide in many varieties.<\/p>\n\n\n\n<p><strong>Drug<\/strong>:&nbsp;<em>Cucurbitae semen<\/em><\/p>\n\n\n\n<p><strong>Harvesting method:<\/strong>&nbsp;Pumpkin seeds are harvested at maturity from July to September.<\/p>\n\n\n\n<p><strong>Drying:<\/strong>&nbsp;The seeds are dried naturally in the air in thin layers and in electric dryers.<\/p>\n\n\n\n<p><strong>Active substances:<\/strong>&nbsp;Pumpkin seeds contain fatty oil, a high proportion of phytosterols, especially delta-7-sterol. Vitamin E, essential amino acids, the amino acid cornbitin, trace elements such as selenium, manganese, copper and zinc are present.<\/p>\n\n\n\n<p><strong>Uses:<\/strong>&nbsp;Pumpkin seeds and the oil pressed from them are used in the treatment of benign prostatic hyperplasia (benign enlargement of the prostate gland).<\/p>\n\n\n\n<p><strong>Traditional method of use in indications determined solely on the basis of long-term use:<\/strong><\/p>\n\n\n\n<ul>\n<li>symptomatic treatment of the urinary tract in benign prostatic hyperplasia or overactive bladder.<\/li>\n<\/ul>\n\n\n\n<p><strong>Selected herbal preparations:<\/strong>&nbsp;FeminHelp URO tbl 56 pcs, IVE INKONTIN STOP cps 30 pcs, KZ 4 MEN UP cps (potency, prostate, energy) 60 pcs, LIFTEA Pumpkin and cappuccino cps 30 pcs, Uropill tbl 30 pcs, Phyteneo Methionine complex cps 60 pcs, Phyteneo Vermophyt syrup 60 ml, VATRA for men gel for oral use 6&#215;7 g, VIRDE TEKVICA 100 % OIL 250 ml.<strong><\/strong><\/p>\n","protected":false},"excerpt":{"rendered":"<p>English name:\u00a0Pumpkin Family:&nbsp;Cucurbitaceae Botanical characteristic:&nbsp;An annual climbing or climbing plant, with distinctive pubescence, branched tendrils. The leaves are petiolate, broadly ovate, five-lobed. Male flowers are in axillary umbellate clusters, female flowers occur singly, pedicels are 5-edged. The crown is 7 \u2013 10 cm wide, deep yellow in colour. It flowers from June to September. The [&hellip;]<\/p>\n","protected":false},"author":1,"featured_media":0,"parent":0,"menu_order":0,"comment_status":"closed","ping_status":"closed","template":"","meta":{"_mi_skip_tracking":false},"yoast_head":"<!-- This site is optimized with the Yoast SEO plugin v20.4 - https:\/\/yoast.com\/wordpress\/plugins\/seo\/ -->\n<title>Cucurbita pepo&nbsp;L. - liecivebyliny.eu<\/title>\n<meta name=\"robots\" content=\"index, follow, max-snippet:-1, max-image-preview:large, max-video-preview:-1\" \/>\n<link rel=\"canonical\" href=\"https:\/\/www.liecivebyliny.eu\/?page_id=593&lang=en\" \/>\n<meta property=\"og:locale\" content=\"sk_SK\" \/>\n<meta property=\"og:type\" content=\"article\" \/>\n<meta property=\"og:title\" content=\"Cucurbita pepo&nbsp;L. - liecivebyliny.eu\" \/>\n<meta property=\"og:description\" content=\"English name:\u00a0Pumpkin Family:&nbsp;Cucurbitaceae Botanical characteristic:&nbsp;An annual climbing or climbing plant, with distinctive pubescence, branched tendrils. The leaves are petiolate, broadly ovate, five-lobed. Male flowers are in axillary umbellate clusters, female flowers occur singly, pedicels are 5-edged. The crown is 7 \u2013 10 cm wide, deep yellow in colour. It flowers from June to September. The [&hellip;]\" \/>\n<meta property=\"og:url\" content=\"https:\/\/www.liecivebyliny.eu\/?page_id=593&amp;lang=en\" \/>\n<meta property=\"og:site_name\" content=\"liecivebyliny.eu\" \/>\n<meta property=\"article:modified_time\" content=\"2023-12-29T18:46:49+00:00\" \/>\n<meta property=\"og:image\" content=\"https:\/\/www.liecivebyliny.eu\/wp-content\/uploads\/2023\/12\/image-62.jpeg\" \/>\n<meta name=\"twitter:card\" content=\"summary_large_image\" \/>\n<meta name=\"twitter:label1\" content=\"Predpokladan\u00fd \u010das \u010d\u00edtania\" \/>\n\t<meta name=\"twitter:data1\" content=\"2 min\u00faty\" \/>\n<script type=\"application\/ld+json\" class=\"yoast-schema-graph\">{\"@context\":\"https:\/\/schema.org\",\"@graph\":[{\"@type\":\"WebPage\",\"@id\":\"https:\/\/www.liecivebyliny.eu\/?page_id=593&lang=en\",\"url\":\"https:\/\/www.liecivebyliny.eu\/?page_id=593&lang=en\",\"name\":\"Cucurbita pepo&nbsp;L. - liecivebyliny.eu\",\"isPartOf\":{\"@id\":\"https:\/\/www.liecivebyliny.eu\/#website\"},\"datePublished\":\"2023-12-21T20:34:09+00:00\",\"dateModified\":\"2023-12-29T18:46:49+00:00\",\"breadcrumb\":{\"@id\":\"https:\/\/www.liecivebyliny.eu\/?page_id=593&lang=en#breadcrumb\"},\"inLanguage\":\"sk-SK\",\"potentialAction\":[{\"@type\":\"ReadAction\",\"target\":[\"https:\/\/www.liecivebyliny.eu\/?page_id=593&lang=en\"]}]},{\"@type\":\"BreadcrumbList\",\"@id\":\"https:\/\/www.liecivebyliny.eu\/?page_id=593&lang=en#breadcrumb\",\"itemListElement\":[{\"@type\":\"ListItem\",\"position\":1,\"name\":\"Home\",\"item\":\"https:\/\/www.liecivebyliny.eu\/\"},{\"@type\":\"ListItem\",\"position\":2,\"name\":\"Cucurbita pepo&nbsp;L.\"}]},{\"@type\":\"WebSite\",\"@id\":\"https:\/\/www.liecivebyliny.eu\/#website\",\"url\":\"https:\/\/www.liecivebyliny.eu\/\",\"name\":\"liecivebyliny.eu\",\"description\":\"\",\"potentialAction\":[{\"@type\":\"SearchAction\",\"target\":{\"@type\":\"EntryPoint\",\"urlTemplate\":\"https:\/\/www.liecivebyliny.eu\/?s={search_term_string}\"},\"query-input\":\"required name=search_term_string\"}],\"inLanguage\":\"sk-SK\"}]}<\/script>\n<!-- \/ Yoast SEO plugin. -->","yoast_head_json":{"title":"Cucurbita pepo&nbsp;L. - liecivebyliny.eu","robots":{"index":"index","follow":"follow","max-snippet":"max-snippet:-1","max-image-preview":"max-image-preview:large","max-video-preview":"max-video-preview:-1"},"canonical":"https:\/\/www.liecivebyliny.eu\/?page_id=593&lang=en","og_locale":"sk_SK","og_type":"article","og_title":"Cucurbita pepo&nbsp;L. - liecivebyliny.eu","og_description":"English name:\u00a0Pumpkin Family:&nbsp;Cucurbitaceae Botanical characteristic:&nbsp;An annual climbing or climbing plant, with distinctive pubescence, branched tendrils. The leaves are petiolate, broadly ovate, five-lobed. Male flowers are in axillary umbellate clusters, female flowers occur singly, pedicels are 5-edged. The crown is 7 \u2013 10 cm wide, deep yellow in colour. It flowers from June to September. The [&hellip;]","og_url":"https:\/\/www.liecivebyliny.eu\/?page_id=593&lang=en","og_site_name":"liecivebyliny.eu","article_modified_time":"2023-12-29T18:46:49+00:00","og_image":[{"url":"https:\/\/www.liecivebyliny.eu\/wp-content\/uploads\/2023\/12\/image-62.jpeg"}],"twitter_card":"summary_large_image","twitter_misc":{"Predpokladan\u00fd \u010das \u010d\u00edtania":"2 min\u00faty"},"schema":{"@context":"https:\/\/schema.org","@graph":[{"@type":"WebPage","@id":"https:\/\/www.liecivebyliny.eu\/?page_id=593&lang=en","url":"https:\/\/www.liecivebyliny.eu\/?page_id=593&lang=en","name":"Cucurbita pepo&nbsp;L. - liecivebyliny.eu","isPartOf":{"@id":"https:\/\/www.liecivebyliny.eu\/#website"},"datePublished":"2023-12-21T20:34:09+00:00","dateModified":"2023-12-29T18:46:49+00:00","breadcrumb":{"@id":"https:\/\/www.liecivebyliny.eu\/?page_id=593&lang=en#breadcrumb"},"inLanguage":"sk-SK","potentialAction":[{"@type":"ReadAction","target":["https:\/\/www.liecivebyliny.eu\/?page_id=593&lang=en"]}]},{"@type":"BreadcrumbList","@id":"https:\/\/www.liecivebyliny.eu\/?page_id=593&lang=en#breadcrumb","itemListElement":[{"@type":"ListItem","position":1,"name":"Home","item":"https:\/\/www.liecivebyliny.eu\/"},{"@type":"ListItem","position":2,"name":"Cucurbita pepo&nbsp;L."}]},{"@type":"WebSite","@id":"https:\/\/www.liecivebyliny.eu\/#website","url":"https:\/\/www.liecivebyliny.eu\/","name":"liecivebyliny.eu","description":"","potentialAction":[{"@type":"SearchAction","target":{"@type":"EntryPoint","urlTemplate":"https:\/\/www.liecivebyliny.eu\/?s={search_term_string}"},"query-input":"required name=search_term_string"}],"inLanguage":"sk-SK"}]}},"_links":{"self":[{"href":"https:\/\/www.liecivebyliny.eu\/index.php?rest_route=\/wp\/v2\/pages\/593"}],"collection":[{"href":"https:\/\/www.liecivebyliny.eu\/index.php?rest_route=\/wp\/v2\/pages"}],"about":[{"href":"https:\/\/www.liecivebyliny.eu\/index.php?rest_route=\/wp\/v2\/types\/page"}],"author":[{"embeddable":true,"href":"https:\/\/www.liecivebyliny.eu\/index.php?rest_route=\/wp\/v2\/users\/1"}],"replies":[{"embeddable":true,"href":"https:\/\/www.liecivebyliny.eu\/index.php?rest_route=%2Fwp%2Fv2%2Fcomments&post=593"}],"version-history":[{"count":1,"href":"https:\/\/www.liecivebyliny.eu\/index.php?rest_route=\/wp\/v2\/pages\/593\/revisions"}],"predecessor-version":[{"id":596,"href":"https:\/\/www.liecivebyliny.eu\/index.php?rest_route=\/wp\/v2\/pages\/593\/revisions\/596"}],"wp:attachment":[{"href":"https:\/\/www.liecivebyliny.eu\/index.php?rest_route=%2Fwp%2Fv2%2Fmedia&parent=593"}],"curies":[{"name":"wp","href":"https:\/\/api.w.org\/{rel}","templated":true}]}}