{"id":604,"date":"2023-12-21T21:40:19","date_gmt":"2023-12-21T20:40:19","guid":{"rendered":"https:\/\/www.liecivebyliny.eu\/?page_id=604"},"modified":"2024-01-02T14:20:59","modified_gmt":"2024-01-02T13:20:59","slug":"equisetum-arvense-l-2","status":"publish","type":"page","link":"https:\/\/www.liecivebyliny.eu\/?page_id=604&lang=en","title":{"rendered":"<em>Equisetum arvense<\/em>&nbsp;L.&nbsp;"},"content":{"rendered":"<div class=\"wp-block-image\">\n<figure class=\"aligncenter size-full\"><img decoding=\"async\" loading=\"lazy\" width=\"256\" height=\"342\" src=\"https:\/\/www.liecivebyliny.eu\/wp-content\/uploads\/2023\/12\/image-64.jpeg\" alt=\"\" class=\"wp-image-605\" srcset=\"https:\/\/www.liecivebyliny.eu\/wp-content\/uploads\/2023\/12\/image-64.jpeg 256w, https:\/\/www.liecivebyliny.eu\/wp-content\/uploads\/2023\/12\/image-64-225x300.jpeg 225w\" sizes=\"(max-width: 256px) 100vw, 256px\" \/><figcaption class=\"wp-element-caption\">Common horsetail&nbsp;<\/figcaption><\/figure><\/div>\n\n\n<p><strong>English name:<\/strong>&nbsp;Common horsetail&nbsp;<\/p>\n\n\n\n<p><strong>Family:<\/strong>&nbsp;<em>Equisetaceae&nbsp;<\/em><\/p>\n\n\n\n<p><strong>Botanical characteristic:<\/strong>&nbsp;A perennial herb 5 \u2013 50 cm tall, with a creeping, branching ground from which two types of stems grow. Barren, summer, green herbs are densely branched and have whorl-like branches and an unbranched top. Fertile, unbranched, reddish-brown bolls appear in spring and are topped by a brown cob of spore leaves. Spores ripen in March and April.<\/p>\n\n\n\n<p><strong>Microscopic drawing:<\/strong><\/p>\n\n\n<div class=\"wp-block-image\">\n<figure class=\"aligncenter size-full\"><img decoding=\"async\" loading=\"lazy\" width=\"316\" height=\"330\" src=\"https:\/\/www.liecivebyliny.eu\/wp-content\/uploads\/2023\/12\/image-72.png\" alt=\"\" class=\"wp-image-607\" srcset=\"https:\/\/www.liecivebyliny.eu\/wp-content\/uploads\/2023\/12\/image-72.png 316w, https:\/\/www.liecivebyliny.eu\/wp-content\/uploads\/2023\/12\/image-72-287x300.png 287w\" sizes=\"(max-width: 316px) 100vw, 316px\" \/><figcaption class=\"wp-element-caption\"><em>On the cross-section of the drain of the horsetail, its rib-like appearance is visible. Each rib is reinforced by sclerenchyma (a), while the tissues between the ribs are strengthened by collenchyma (b). The entire preparation contains several cavities. These are the vallecular cavity (c), the carinal cavity (d) and the central cavity (e). We find collateral vascular bundles (f) in the plant.<\/em><\/figcaption><\/figure><\/div>\n\n<div class=\"wp-block-image\">\n<figure class=\"aligncenter size-full is-resized\"><img decoding=\"async\" loading=\"lazy\" src=\"https:\/\/www.liecivebyliny.eu\/wp-content\/uploads\/2024\/01\/Equiseti-herba-40x-1.jpg\" alt=\"\" class=\"wp-image-981\" width=\"371\" height=\"278\" srcset=\"https:\/\/www.liecivebyliny.eu\/wp-content\/uploads\/2024\/01\/Equiseti-herba-40x-1.jpg 640w, https:\/\/www.liecivebyliny.eu\/wp-content\/uploads\/2024\/01\/Equiseti-herba-40x-1-300x225.jpg 300w\" sizes=\"(max-width: 371px) 100vw, 371px\" \/><figcaption class=\"wp-element-caption\">Cross-section of a stem (magnified 40x)<\/figcaption><\/figure><\/div>\n\n\n<p><\/p>\n\n\n\n<p><strong>Distribution:<\/strong>&nbsp;It grows in wet meadows, fields, along roads, on banks.<\/p>\n\n\n\n<p><strong>Drug:<\/strong>&nbsp;<em>Equiseti herba<\/em><\/p>\n\n\n\n<p><strong>Harvesting method:<\/strong>&nbsp;Barren green flowering clematis is harvested with garden shears.<\/p>\n\n\n\n<p><strong>Drying:<\/strong>&nbsp;Horsetail is dried naturally in a thin layer, in an airy and shady place. Artificially in a drying room, where the temperature must not exceed 40 \u00b0C.<\/p>\n\n\n\n<p><strong>Active substances:<\/strong>&nbsp;Horsetail contains a large amount of flavonoids and caffeic acid derivatives. The high proportion of mineral substances (up to around 10 %) is interesting, of which the soluble proportion of silicic acid with diuretic effects is therapeutically significant. We also find traces of alkaloids in the drug, especially nicotine.<\/p>\n\n\n\n<p><strong>Uses:<\/strong>&nbsp;Horsetail is used as a very effective diuretic to eliminate swelling or to &#8222;flush&#8220; the urinary tract in case of urinary infections or urinary stones.<\/p>\n\n\n\n<p><strong>Traditional method of use in indications determined solely on the basis of long-term use:<\/strong><\/p>\n\n\n\n<p>&#8211; increase in the formation and excretion of urine, supportive treatment of urinary tract diseases,<\/p>\n\n\n\n<p>&#8211; supportive treatment of superficial injuries.<\/p>\n\n\n\n<p><strong>Selected herbal preparations:&nbsp;<\/strong>AGROKARPATY Horsetail sage herb tea 1&#215;30 g, APOTHEKE Horsetail sage sage sage sage sack 20&#215;1,5 g, AGROKARPATY UROLOGICAL carob herbal tea 20&#215;2 g, Dr.Max Urological herbal mixture with cranberries infusion bags 20&#215;1,5 g, FYTO Herbal mixture for increased uric acid 20&#215;1,25 g, J.V. NEFRI drops for kidney function 50 ml, BIODREN R drops 50 ml, CLINICAL HAIR-CARE cps 60 pcs, Collagenceutical cps 60 pcs, DonnaHAIR Forte cps 30 pcs, FYTO NEPHROSAL + Cranberry for urinary tract 30 pcs.<\/p>\n","protected":false},"excerpt":{"rendered":"<p>English name:&nbsp;Common horsetail&nbsp; Family:&nbsp;Equisetaceae&nbsp; Botanical characteristic:&nbsp;A perennial herb 5 \u2013 50 cm tall, with a creeping, branching ground from which two types of stems grow. Barren, summer, green herbs are densely branched and have whorl-like branches and an unbranched top. Fertile, unbranched, reddish-brown bolls appear in spring and are topped by a brown cob of [&hellip;]<\/p>\n","protected":false},"author":1,"featured_media":0,"parent":0,"menu_order":0,"comment_status":"closed","ping_status":"closed","template":"","meta":{"_mi_skip_tracking":false},"yoast_head":"<!-- This site is optimized with the Yoast SEO plugin v20.4 - https:\/\/yoast.com\/wordpress\/plugins\/seo\/ -->\n<title>Equisetum arvense&nbsp;L.&nbsp; - liecivebyliny.eu<\/title>\n<meta name=\"robots\" content=\"index, follow, max-snippet:-1, max-image-preview:large, max-video-preview:-1\" \/>\n<link rel=\"canonical\" href=\"https:\/\/www.liecivebyliny.eu\/?page_id=604&lang=en\" \/>\n<meta property=\"og:locale\" content=\"sk_SK\" \/>\n<meta property=\"og:type\" content=\"article\" \/>\n<meta property=\"og:title\" content=\"Equisetum arvense&nbsp;L.&nbsp; - liecivebyliny.eu\" \/>\n<meta property=\"og:description\" content=\"English name:&nbsp;Common horsetail&nbsp; Family:&nbsp;Equisetaceae&nbsp; Botanical characteristic:&nbsp;A perennial herb 5 \u2013 50 cm tall, with a creeping, branching ground from which two types of stems grow. Barren, summer, green herbs are densely branched and have whorl-like branches and an unbranched top. Fertile, unbranched, reddish-brown bolls appear in spring and are topped by a brown cob of [&hellip;]\" \/>\n<meta property=\"og:url\" content=\"https:\/\/www.liecivebyliny.eu\/?page_id=604&amp;lang=en\" \/>\n<meta property=\"og:site_name\" content=\"liecivebyliny.eu\" \/>\n<meta property=\"article:modified_time\" content=\"2024-01-02T13:20:59+00:00\" \/>\n<meta property=\"og:image\" content=\"https:\/\/www.liecivebyliny.eu\/wp-content\/uploads\/2023\/12\/image-64.jpeg\" \/>\n<meta name=\"twitter:card\" content=\"summary_large_image\" \/>\n<meta name=\"twitter:label1\" content=\"Predpokladan\u00fd \u010das \u010d\u00edtania\" \/>\n\t<meta name=\"twitter:data1\" content=\"3 min\u00faty\" \/>\n<script type=\"application\/ld+json\" class=\"yoast-schema-graph\">{\"@context\":\"https:\/\/schema.org\",\"@graph\":[{\"@type\":\"WebPage\",\"@id\":\"https:\/\/www.liecivebyliny.eu\/?page_id=604&lang=en\",\"url\":\"https:\/\/www.liecivebyliny.eu\/?page_id=604&lang=en\",\"name\":\"Equisetum arvense&nbsp;L.&nbsp; - liecivebyliny.eu\",\"isPartOf\":{\"@id\":\"https:\/\/www.liecivebyliny.eu\/#website\"},\"datePublished\":\"2023-12-21T20:40:19+00:00\",\"dateModified\":\"2024-01-02T13:20:59+00:00\",\"breadcrumb\":{\"@id\":\"https:\/\/www.liecivebyliny.eu\/?page_id=604&lang=en#breadcrumb\"},\"inLanguage\":\"sk-SK\",\"potentialAction\":[{\"@type\":\"ReadAction\",\"target\":[\"https:\/\/www.liecivebyliny.eu\/?page_id=604&lang=en\"]}]},{\"@type\":\"BreadcrumbList\",\"@id\":\"https:\/\/www.liecivebyliny.eu\/?page_id=604&lang=en#breadcrumb\",\"itemListElement\":[{\"@type\":\"ListItem\",\"position\":1,\"name\":\"Home\",\"item\":\"https:\/\/www.liecivebyliny.eu\/\"},{\"@type\":\"ListItem\",\"position\":2,\"name\":\"Equisetum arvense&nbsp;L.&nbsp;\"}]},{\"@type\":\"WebSite\",\"@id\":\"https:\/\/www.liecivebyliny.eu\/#website\",\"url\":\"https:\/\/www.liecivebyliny.eu\/\",\"name\":\"liecivebyliny.eu\",\"description\":\"\",\"potentialAction\":[{\"@type\":\"SearchAction\",\"target\":{\"@type\":\"EntryPoint\",\"urlTemplate\":\"https:\/\/www.liecivebyliny.eu\/?s={search_term_string}\"},\"query-input\":\"required name=search_term_string\"}],\"inLanguage\":\"sk-SK\"}]}<\/script>\n<!-- \/ Yoast SEO plugin. -->","yoast_head_json":{"title":"Equisetum arvense&nbsp;L.&nbsp; - liecivebyliny.eu","robots":{"index":"index","follow":"follow","max-snippet":"max-snippet:-1","max-image-preview":"max-image-preview:large","max-video-preview":"max-video-preview:-1"},"canonical":"https:\/\/www.liecivebyliny.eu\/?page_id=604&lang=en","og_locale":"sk_SK","og_type":"article","og_title":"Equisetum arvense&nbsp;L.&nbsp; - liecivebyliny.eu","og_description":"English name:&nbsp;Common horsetail&nbsp; Family:&nbsp;Equisetaceae&nbsp; Botanical characteristic:&nbsp;A perennial herb 5 \u2013 50 cm tall, with a creeping, branching ground from which two types of stems grow. Barren, summer, green herbs are densely branched and have whorl-like branches and an unbranched top. Fertile, unbranched, reddish-brown bolls appear in spring and are topped by a brown cob of [&hellip;]","og_url":"https:\/\/www.liecivebyliny.eu\/?page_id=604&lang=en","og_site_name":"liecivebyliny.eu","article_modified_time":"2024-01-02T13:20:59+00:00","og_image":[{"url":"https:\/\/www.liecivebyliny.eu\/wp-content\/uploads\/2023\/12\/image-64.jpeg"}],"twitter_card":"summary_large_image","twitter_misc":{"Predpokladan\u00fd \u010das \u010d\u00edtania":"3 min\u00faty"},"schema":{"@context":"https:\/\/schema.org","@graph":[{"@type":"WebPage","@id":"https:\/\/www.liecivebyliny.eu\/?page_id=604&lang=en","url":"https:\/\/www.liecivebyliny.eu\/?page_id=604&lang=en","name":"Equisetum arvense&nbsp;L.&nbsp; - liecivebyliny.eu","isPartOf":{"@id":"https:\/\/www.liecivebyliny.eu\/#website"},"datePublished":"2023-12-21T20:40:19+00:00","dateModified":"2024-01-02T13:20:59+00:00","breadcrumb":{"@id":"https:\/\/www.liecivebyliny.eu\/?page_id=604&lang=en#breadcrumb"},"inLanguage":"sk-SK","potentialAction":[{"@type":"ReadAction","target":["https:\/\/www.liecivebyliny.eu\/?page_id=604&lang=en"]}]},{"@type":"BreadcrumbList","@id":"https:\/\/www.liecivebyliny.eu\/?page_id=604&lang=en#breadcrumb","itemListElement":[{"@type":"ListItem","position":1,"name":"Home","item":"https:\/\/www.liecivebyliny.eu\/"},{"@type":"ListItem","position":2,"name":"Equisetum arvense&nbsp;L.&nbsp;"}]},{"@type":"WebSite","@id":"https:\/\/www.liecivebyliny.eu\/#website","url":"https:\/\/www.liecivebyliny.eu\/","name":"liecivebyliny.eu","description":"","potentialAction":[{"@type":"SearchAction","target":{"@type":"EntryPoint","urlTemplate":"https:\/\/www.liecivebyliny.eu\/?s={search_term_string}"},"query-input":"required name=search_term_string"}],"inLanguage":"sk-SK"}]}},"_links":{"self":[{"href":"https:\/\/www.liecivebyliny.eu\/index.php?rest_route=\/wp\/v2\/pages\/604"}],"collection":[{"href":"https:\/\/www.liecivebyliny.eu\/index.php?rest_route=\/wp\/v2\/pages"}],"about":[{"href":"https:\/\/www.liecivebyliny.eu\/index.php?rest_route=\/wp\/v2\/types\/page"}],"author":[{"embeddable":true,"href":"https:\/\/www.liecivebyliny.eu\/index.php?rest_route=\/wp\/v2\/users\/1"}],"replies":[{"embeddable":true,"href":"https:\/\/www.liecivebyliny.eu\/index.php?rest_route=%2Fwp%2Fv2%2Fcomments&post=604"}],"version-history":[{"count":2,"href":"https:\/\/www.liecivebyliny.eu\/index.php?rest_route=\/wp\/v2\/pages\/604\/revisions"}],"predecessor-version":[{"id":982,"href":"https:\/\/www.liecivebyliny.eu\/index.php?rest_route=\/wp\/v2\/pages\/604\/revisions\/982"}],"wp:attachment":[{"href":"https:\/\/www.liecivebyliny.eu\/index.php?rest_route=%2Fwp%2Fv2%2Fmedia&parent=604"}],"curies":[{"name":"wp","href":"https:\/\/api.w.org\/{rel}","templated":true}]}}