{"id":613,"date":"2023-12-21T21:42:39","date_gmt":"2023-12-21T20:42:39","guid":{"rendered":"https:\/\/www.liecivebyliny.eu\/?page_id=613"},"modified":"2023-12-29T19:55:49","modified_gmt":"2023-12-29T18:55:49","slug":"euphrasia-rostkoviana-hayne-2","status":"publish","type":"page","link":"https:\/\/www.liecivebyliny.eu\/?page_id=613&lang=en","title":{"rendered":"<em>Euphrasia rostkoviana<\/em>&nbsp;Hayne.&nbsp;"},"content":{"rendered":"<div class=\"wp-block-image\">\n<figure class=\"aligncenter size-full\"><img decoding=\"async\" loading=\"lazy\" width=\"256\" height=\"388\" src=\"https:\/\/www.liecivebyliny.eu\/wp-content\/uploads\/2023\/12\/image-65.jpeg\" alt=\"\" class=\"wp-image-614\" srcset=\"https:\/\/www.liecivebyliny.eu\/wp-content\/uploads\/2023\/12\/image-65.jpeg 256w, https:\/\/www.liecivebyliny.eu\/wp-content\/uploads\/2023\/12\/image-65-198x300.jpeg 198w\" sizes=\"(max-width: 256px) 100vw, 256px\" \/><figcaption class=\"wp-element-caption\">Eyebright<\/figcaption><\/figure><\/div>\n\n\n<p><strong>English name:<\/strong>\u00a0Eyebright<\/p>\n\n\n\n<p><strong>Family:<\/strong>&nbsp;<em>Scrophulariaceae&nbsp;<\/em><\/p>\n\n\n\n<p><strong>Botanical characteristic:<\/strong>&nbsp;Annual herb 10 \u2013 25 cm tall. The stem is straight, hairy at the bottom and glandular at the top. The leaves are ovate to oblong, sessile, opposite, toothed. Flowers are white to pale pink, borne in spikes, with a yellow spot on the lower lip. The fruit is a capsule.<\/p>\n\n\n\n<p><strong>Microscopic drawing:<\/strong><\/p>\n\n\n<div class=\"wp-block-image\">\n<figure class=\"aligncenter size-full\"><img decoding=\"async\" loading=\"lazy\" width=\"296\" height=\"234\" src=\"https:\/\/www.liecivebyliny.eu\/wp-content\/uploads\/2023\/12\/image-73.png\" alt=\"\" class=\"wp-image-615\"\/><figcaption class=\"wp-element-caption\"><em>Covering (a) and glandular (b) trichomes are found on the epidermis of the leaf of Eyebright<\/em><\/figcaption><\/figure><\/div>\n\n\n<p><\/p>\n\n\n\n<p><strong>Distribution:<\/strong>&nbsp;It grows in wet meadows, pastures, on the edges of forests. It is not demanding on the soil.<\/p>\n\n\n\n<p><strong>Drug:<\/strong>&nbsp;<em>Euphrasiae herba<\/em><\/p>\n\n\n\n<p><strong>Harvesting method:<\/strong>&nbsp;The stalk with leaves of Eyebright is harvested from July to September. It is very fragile.<\/p>\n\n\n\n<p><strong>Drying:&nbsp;<\/strong>It is dried naturally in a thin layer or in bundles, in an airy and shady place. Artificially in a drying room where the temperature must not exceed 35 \u00b0C.<\/p>\n\n\n\n<p><strong>Active substances:<\/strong>&nbsp;Iridoglycoside minerals such as aucubin, euphroside and catalpol, as well as flavonoids, tannins, phenolic acids and traces of essential oils can be found in Eyebright.<\/p>\n\n\n\n<p><strong>Uses:<\/strong>&nbsp;Secretions from the plant are used internally to treat coughs, but more often they are indicated for the treatment of inflammation of the conjunctiva and eyelids. It is important to emphasize that home use of the drug for eye-washing or bathing is not recommended, due to the inability to achieve sterility in home conditions, which is strictly required for all drugs intended for application to the eye. Its extracts are intended for the industrial manufacture of sterile eye preparations.<\/p>\n\n\n\n<p><strong>Traditional method of use in indications determined solely on the basis of long-term use:<\/strong><\/p>\n\n\n\n<p>&#8211; symptomatic treatment and prevention of conjunctivitis,<\/p>\n\n\n\n<p>&#8211; symptomatic treatment of purulent and chronic inflammation of the structures of the eye,<\/p>\n\n\n\n<p>&#8211; suppression of symptoms &#8211; stinging of the eyes, redness of the conjunctiva of the eye, burning of the eyes, conjunctivitis,<\/p>\n\n\n\n<p>&#8211; symptomatic treatment of colds.<\/p>\n\n\n\n<p><strong>Selected herbal preparations:<\/strong>&nbsp;AGROKARPATY Eyebright scent herbal tea 1&#215;30 g, FYTO Herbal blend for good eyesight 20&#215;1,5 g, J.V. IV CAPS &#8211; AIR for eyesight 50 ml, NATURVITA BETAVID with oregano rostkova tbl 60 pcs, Noventis Ostrovidky Neo cps 45 pcs.<\/p>\n","protected":false},"excerpt":{"rendered":"<p>English name:\u00a0Eyebright Family:&nbsp;Scrophulariaceae&nbsp; Botanical characteristic:&nbsp;Annual herb 10 \u2013 25 cm tall. The stem is straight, hairy at the bottom and glandular at the top. The leaves are ovate to oblong, sessile, opposite, toothed. Flowers are white to pale pink, borne in spikes, with a yellow spot on the lower lip. The fruit is a capsule. [&hellip;]<\/p>\n","protected":false},"author":1,"featured_media":0,"parent":0,"menu_order":0,"comment_status":"closed","ping_status":"closed","template":"","meta":{"_mi_skip_tracking":false},"yoast_head":"<!-- This site is optimized with the Yoast SEO plugin v20.4 - https:\/\/yoast.com\/wordpress\/plugins\/seo\/ -->\n<title>Euphrasia rostkoviana&nbsp;Hayne.&nbsp; - liecivebyliny.eu<\/title>\n<meta name=\"robots\" content=\"index, follow, max-snippet:-1, max-image-preview:large, max-video-preview:-1\" \/>\n<link rel=\"canonical\" href=\"https:\/\/www.liecivebyliny.eu\/?page_id=613&lang=en\" \/>\n<meta property=\"og:locale\" content=\"sk_SK\" \/>\n<meta property=\"og:type\" content=\"article\" \/>\n<meta property=\"og:title\" content=\"Euphrasia rostkoviana&nbsp;Hayne.&nbsp; - liecivebyliny.eu\" \/>\n<meta property=\"og:description\" content=\"English name:\u00a0Eyebright Family:&nbsp;Scrophulariaceae&nbsp; Botanical characteristic:&nbsp;Annual herb 10 \u2013 25 cm tall. The stem is straight, hairy at the bottom and glandular at the top. The leaves are ovate to oblong, sessile, opposite, toothed. Flowers are white to pale pink, borne in spikes, with a yellow spot on the lower lip. The fruit is a capsule. [&hellip;]\" \/>\n<meta property=\"og:url\" content=\"https:\/\/www.liecivebyliny.eu\/?page_id=613&amp;lang=en\" \/>\n<meta property=\"og:site_name\" content=\"liecivebyliny.eu\" \/>\n<meta property=\"article:modified_time\" content=\"2023-12-29T18:55:49+00:00\" \/>\n<meta property=\"og:image\" content=\"https:\/\/www.liecivebyliny.eu\/wp-content\/uploads\/2023\/12\/image-65.jpeg\" \/>\n<meta name=\"twitter:card\" content=\"summary_large_image\" \/>\n<meta name=\"twitter:label1\" content=\"Predpokladan\u00fd \u010das \u010d\u00edtania\" \/>\n\t<meta name=\"twitter:data1\" content=\"3 min\u00faty\" \/>\n<script type=\"application\/ld+json\" class=\"yoast-schema-graph\">{\"@context\":\"https:\/\/schema.org\",\"@graph\":[{\"@type\":\"WebPage\",\"@id\":\"https:\/\/www.liecivebyliny.eu\/?page_id=613&lang=en\",\"url\":\"https:\/\/www.liecivebyliny.eu\/?page_id=613&lang=en\",\"name\":\"Euphrasia rostkoviana&nbsp;Hayne.&nbsp; - liecivebyliny.eu\",\"isPartOf\":{\"@id\":\"https:\/\/www.liecivebyliny.eu\/#website\"},\"datePublished\":\"2023-12-21T20:42:39+00:00\",\"dateModified\":\"2023-12-29T18:55:49+00:00\",\"breadcrumb\":{\"@id\":\"https:\/\/www.liecivebyliny.eu\/?page_id=613&lang=en#breadcrumb\"},\"inLanguage\":\"sk-SK\",\"potentialAction\":[{\"@type\":\"ReadAction\",\"target\":[\"https:\/\/www.liecivebyliny.eu\/?page_id=613&lang=en\"]}]},{\"@type\":\"BreadcrumbList\",\"@id\":\"https:\/\/www.liecivebyliny.eu\/?page_id=613&lang=en#breadcrumb\",\"itemListElement\":[{\"@type\":\"ListItem\",\"position\":1,\"name\":\"Home\",\"item\":\"https:\/\/www.liecivebyliny.eu\/\"},{\"@type\":\"ListItem\",\"position\":2,\"name\":\"Euphrasia rostkoviana&nbsp;Hayne.&nbsp;\"}]},{\"@type\":\"WebSite\",\"@id\":\"https:\/\/www.liecivebyliny.eu\/#website\",\"url\":\"https:\/\/www.liecivebyliny.eu\/\",\"name\":\"liecivebyliny.eu\",\"description\":\"\",\"potentialAction\":[{\"@type\":\"SearchAction\",\"target\":{\"@type\":\"EntryPoint\",\"urlTemplate\":\"https:\/\/www.liecivebyliny.eu\/?s={search_term_string}\"},\"query-input\":\"required name=search_term_string\"}],\"inLanguage\":\"sk-SK\"}]}<\/script>\n<!-- \/ Yoast SEO plugin. -->","yoast_head_json":{"title":"Euphrasia rostkoviana&nbsp;Hayne.&nbsp; - liecivebyliny.eu","robots":{"index":"index","follow":"follow","max-snippet":"max-snippet:-1","max-image-preview":"max-image-preview:large","max-video-preview":"max-video-preview:-1"},"canonical":"https:\/\/www.liecivebyliny.eu\/?page_id=613&lang=en","og_locale":"sk_SK","og_type":"article","og_title":"Euphrasia rostkoviana&nbsp;Hayne.&nbsp; - liecivebyliny.eu","og_description":"English name:\u00a0Eyebright Family:&nbsp;Scrophulariaceae&nbsp; Botanical characteristic:&nbsp;Annual herb 10 \u2013 25 cm tall. The stem is straight, hairy at the bottom and glandular at the top. The leaves are ovate to oblong, sessile, opposite, toothed. Flowers are white to pale pink, borne in spikes, with a yellow spot on the lower lip. The fruit is a capsule. [&hellip;]","og_url":"https:\/\/www.liecivebyliny.eu\/?page_id=613&lang=en","og_site_name":"liecivebyliny.eu","article_modified_time":"2023-12-29T18:55:49+00:00","og_image":[{"url":"https:\/\/www.liecivebyliny.eu\/wp-content\/uploads\/2023\/12\/image-65.jpeg"}],"twitter_card":"summary_large_image","twitter_misc":{"Predpokladan\u00fd \u010das \u010d\u00edtania":"3 min\u00faty"},"schema":{"@context":"https:\/\/schema.org","@graph":[{"@type":"WebPage","@id":"https:\/\/www.liecivebyliny.eu\/?page_id=613&lang=en","url":"https:\/\/www.liecivebyliny.eu\/?page_id=613&lang=en","name":"Euphrasia rostkoviana&nbsp;Hayne.&nbsp; - liecivebyliny.eu","isPartOf":{"@id":"https:\/\/www.liecivebyliny.eu\/#website"},"datePublished":"2023-12-21T20:42:39+00:00","dateModified":"2023-12-29T18:55:49+00:00","breadcrumb":{"@id":"https:\/\/www.liecivebyliny.eu\/?page_id=613&lang=en#breadcrumb"},"inLanguage":"sk-SK","potentialAction":[{"@type":"ReadAction","target":["https:\/\/www.liecivebyliny.eu\/?page_id=613&lang=en"]}]},{"@type":"BreadcrumbList","@id":"https:\/\/www.liecivebyliny.eu\/?page_id=613&lang=en#breadcrumb","itemListElement":[{"@type":"ListItem","position":1,"name":"Home","item":"https:\/\/www.liecivebyliny.eu\/"},{"@type":"ListItem","position":2,"name":"Euphrasia rostkoviana&nbsp;Hayne.&nbsp;"}]},{"@type":"WebSite","@id":"https:\/\/www.liecivebyliny.eu\/#website","url":"https:\/\/www.liecivebyliny.eu\/","name":"liecivebyliny.eu","description":"","potentialAction":[{"@type":"SearchAction","target":{"@type":"EntryPoint","urlTemplate":"https:\/\/www.liecivebyliny.eu\/?s={search_term_string}"},"query-input":"required name=search_term_string"}],"inLanguage":"sk-SK"}]}},"_links":{"self":[{"href":"https:\/\/www.liecivebyliny.eu\/index.php?rest_route=\/wp\/v2\/pages\/613"}],"collection":[{"href":"https:\/\/www.liecivebyliny.eu\/index.php?rest_route=\/wp\/v2\/pages"}],"about":[{"href":"https:\/\/www.liecivebyliny.eu\/index.php?rest_route=\/wp\/v2\/types\/page"}],"author":[{"embeddable":true,"href":"https:\/\/www.liecivebyliny.eu\/index.php?rest_route=\/wp\/v2\/users\/1"}],"replies":[{"embeddable":true,"href":"https:\/\/www.liecivebyliny.eu\/index.php?rest_route=%2Fwp%2Fv2%2Fcomments&post=613"}],"version-history":[{"count":1,"href":"https:\/\/www.liecivebyliny.eu\/index.php?rest_route=\/wp\/v2\/pages\/613\/revisions"}],"predecessor-version":[{"id":616,"href":"https:\/\/www.liecivebyliny.eu\/index.php?rest_route=\/wp\/v2\/pages\/613\/revisions\/616"}],"wp:attachment":[{"href":"https:\/\/www.liecivebyliny.eu\/index.php?rest_route=%2Fwp%2Fv2%2Fmedia&parent=613"}],"curies":[{"name":"wp","href":"https:\/\/api.w.org\/{rel}","templated":true}]}}