{"id":619,"date":"2023-12-21T21:46:33","date_gmt":"2023-12-21T20:46:33","guid":{"rendered":"https:\/\/www.liecivebyliny.eu\/?page_id=619"},"modified":"2024-01-02T14:04:52","modified_gmt":"2024-01-02T13:04:52","slug":"foeniculum-vulgare-mill-2","status":"publish","type":"page","link":"https:\/\/www.liecivebyliny.eu\/?page_id=619&lang=en","title":{"rendered":"<em>Foeniculum vulgare<\/em>&nbsp;Mill."},"content":{"rendered":"<div class=\"wp-block-image\">\n<figure class=\"aligncenter size-full\"><img decoding=\"async\" loading=\"lazy\" width=\"228\" height=\"342\" src=\"https:\/\/www.liecivebyliny.eu\/wp-content\/uploads\/2023\/12\/image-66.jpeg\" alt=\"\" class=\"wp-image-620\" srcset=\"https:\/\/www.liecivebyliny.eu\/wp-content\/uploads\/2023\/12\/image-66.jpeg 228w, https:\/\/www.liecivebyliny.eu\/wp-content\/uploads\/2023\/12\/image-66-200x300.jpeg 200w\" sizes=\"(max-width: 228px) 100vw, 228px\" \/><figcaption class=\"wp-element-caption\">Sweet fennel<\/figcaption><\/figure><\/div>\n\n\n<p><strong>English name:<\/strong>&nbsp;Sweet fennel<\/p>\n\n\n\n<p><strong>Family:<\/strong>&nbsp;<em>Apiaceae&nbsp;<\/em><\/p>\n\n\n\n<p><strong>Botanical characteristic:<\/strong>&nbsp;A perennial herb that grows to a height of 2 m. The root is fleshy, the leaves are thread-like. The yellow flowers grow in circumferential inflorescences. The fruit is a double-skinned plant, 10 mm in size. It flowers from July to September.<\/p>\n\n\n\n<p><strong>Microscopic drawing:<\/strong><\/p>\n\n\n<div class=\"wp-block-image\">\n<figure class=\"aligncenter size-full\"><img decoding=\"async\" loading=\"lazy\" width=\"434\" height=\"240\" src=\"https:\/\/www.liecivebyliny.eu\/wp-content\/uploads\/2023\/12\/image-74.png\" alt=\"\" class=\"wp-image-621\" srcset=\"https:\/\/www.liecivebyliny.eu\/wp-content\/uploads\/2023\/12\/image-74.png 434w, https:\/\/www.liecivebyliny.eu\/wp-content\/uploads\/2023\/12\/image-74-300x166.png 300w\" sizes=\"(max-width: 434px) 100vw, 434px\" \/><figcaption class=\"wp-element-caption\"><em>On a transverse section through a fennel fruit, we observe collateral vascular bundles (a) situated in the ribs of the pericarp. In the mesocarp, the siliceous ducts (b) are distributed. In the centre of the preparation we observe a seed containing the endosperm (c). The whole seed is covered by a pericarp (d).<\/em><\/figcaption><\/figure><\/div>\n\n<div class=\"wp-block-image\">\n<figure class=\"aligncenter size-full is-resized\"><img decoding=\"async\" loading=\"lazy\" src=\"https:\/\/www.liecivebyliny.eu\/wp-content\/uploads\/2024\/01\/Foeniculi-fructus-100x-1.jpg\" alt=\"\" class=\"wp-image-962\" width=\"426\" height=\"320\" srcset=\"https:\/\/www.liecivebyliny.eu\/wp-content\/uploads\/2024\/01\/Foeniculi-fructus-100x-1.jpg 640w, https:\/\/www.liecivebyliny.eu\/wp-content\/uploads\/2024\/01\/Foeniculi-fructus-100x-1-300x225.jpg 300w\" sizes=\"(max-width: 426px) 100vw, 426px\" \/><figcaption class=\"wp-element-caption\">Cross section of a fennel fruit (magnified 100x)<\/figcaption><\/figure><\/div>\n\n\n<p><\/p>\n\n\n\n<p><strong>Distribution:<\/strong>&nbsp;Native to southern Europe, it is found in France, Italy, India and Japan. It is cultivated in Central Europe.<\/p>\n\n\n\n<p><strong>Drug:<\/strong>&nbsp;<em>Foeniculi fructus<\/em><\/p>\n\n\n\n<p><strong>Harvesting method:<\/strong>&nbsp;The fruits are harvested two to three times during the growing season. First, the ripe flowers are picked with secateurs. Then the harvesting is done mechanically with a thresher.<\/p>\n\n\n\n<p><strong>Drying:<\/strong>&nbsp;The fruits are dried naturally on tarpaulins or sacks as they decompose. They are dried artificially in ovens at temperatures of up to 35 \u00b0C.<\/p>\n\n\n\n<p><strong>Active substances:<\/strong>&nbsp;Fennel is one of the stronghold plants, which are characterised by their distinctive scent. The essential oil is composed of trans-anethole, fenchone, estragole (synonymously referred to as methylchavicol), para-anisaldehyde, pinene and limonene. Storage substances such as carbohydrates, oil and proteins are also found in the seeds.<\/p>\n\n\n\n<p><strong>Uses:<\/strong>&nbsp;Fennel essential oil promotes expectoration, but is more often applied as a remedy with antispasmodic effects for spasms of the gastrointestinal tract and excessive flatulence. The whole plant stimulates increased production of breast milk, so it is used during lactation. It also promotes digestion and has an antibacterial effect. Fennel fruits are also used in the kitchen as a spice and in the production of liqueurs.<\/p>\n\n\n\n<p><strong>Traditional method of use in indications determined solely on the basis of long-term use:<\/strong><\/p>\n\n\n\n<ul>\n<li>&#8211; symptomatic treatment of mild gastrointestinal spasms, bloating and flatulence,<\/li>\n\n\n\n<li>&#8211; symptomatic treatment of menstrual cramps,<\/li>\n\n\n\n<li>&#8211; expectorant &#8211; to promote expectoration, especially for coughs associated with colds.<\/li>\n<\/ul>\n\n\n\n<p><strong>Selected herbal preparations:<\/strong>&nbsp;AGROKARPATY FENNEL herbal tea 20&#215;2 g, APOTHEKE BIO CHILDREN&#8217;S HERBAL TEA BRONCHI funnel bags 20&#215;1,5 g, BabyCalm drops (for happy tummies) 15 ml, CARBOFIT Plus cps 60 pcs, GENERICA SymbioLac syrup 100 ml.<\/p>\n","protected":false},"excerpt":{"rendered":"<p>English name:&nbsp;Sweet fennel Family:&nbsp;Apiaceae&nbsp; Botanical characteristic:&nbsp;A perennial herb that grows to a height of 2 m. The root is fleshy, the leaves are thread-like. The yellow flowers grow in circumferential inflorescences. The fruit is a double-skinned plant, 10 mm in size. It flowers from July to September. Microscopic drawing: Distribution:&nbsp;Native to southern Europe, it is [&hellip;]<\/p>\n","protected":false},"author":1,"featured_media":0,"parent":0,"menu_order":0,"comment_status":"closed","ping_status":"closed","template":"","meta":{"_mi_skip_tracking":false},"yoast_head":"<!-- This site is optimized with the Yoast SEO plugin v20.4 - https:\/\/yoast.com\/wordpress\/plugins\/seo\/ -->\n<title>Foeniculum vulgare&nbsp;Mill. - liecivebyliny.eu<\/title>\n<meta name=\"robots\" content=\"index, follow, max-snippet:-1, max-image-preview:large, max-video-preview:-1\" \/>\n<link rel=\"canonical\" href=\"https:\/\/www.liecivebyliny.eu\/?page_id=619&lang=en\" \/>\n<meta property=\"og:locale\" content=\"sk_SK\" \/>\n<meta property=\"og:type\" content=\"article\" \/>\n<meta property=\"og:title\" content=\"Foeniculum vulgare&nbsp;Mill. - liecivebyliny.eu\" \/>\n<meta property=\"og:description\" content=\"English name:&nbsp;Sweet fennel Family:&nbsp;Apiaceae&nbsp; Botanical characteristic:&nbsp;A perennial herb that grows to a height of 2 m. The root is fleshy, the leaves are thread-like. The yellow flowers grow in circumferential inflorescences. The fruit is a double-skinned plant, 10 mm in size. It flowers from July to September. Microscopic drawing: Distribution:&nbsp;Native to southern Europe, it is [&hellip;]\" \/>\n<meta property=\"og:url\" content=\"https:\/\/www.liecivebyliny.eu\/?page_id=619&amp;lang=en\" \/>\n<meta property=\"og:site_name\" content=\"liecivebyliny.eu\" \/>\n<meta property=\"article:modified_time\" content=\"2024-01-02T13:04:52+00:00\" \/>\n<meta property=\"og:image\" content=\"https:\/\/www.liecivebyliny.eu\/wp-content\/uploads\/2023\/12\/image-66.jpeg\" \/>\n<meta name=\"twitter:card\" content=\"summary_large_image\" \/>\n<meta name=\"twitter:label1\" content=\"Predpokladan\u00fd \u010das \u010d\u00edtania\" \/>\n\t<meta name=\"twitter:data1\" content=\"3 min\u00faty\" \/>\n<script type=\"application\/ld+json\" class=\"yoast-schema-graph\">{\"@context\":\"https:\/\/schema.org\",\"@graph\":[{\"@type\":\"WebPage\",\"@id\":\"https:\/\/www.liecivebyliny.eu\/?page_id=619&lang=en\",\"url\":\"https:\/\/www.liecivebyliny.eu\/?page_id=619&lang=en\",\"name\":\"Foeniculum vulgare&nbsp;Mill. - liecivebyliny.eu\",\"isPartOf\":{\"@id\":\"https:\/\/www.liecivebyliny.eu\/#website\"},\"datePublished\":\"2023-12-21T20:46:33+00:00\",\"dateModified\":\"2024-01-02T13:04:52+00:00\",\"breadcrumb\":{\"@id\":\"https:\/\/www.liecivebyliny.eu\/?page_id=619&lang=en#breadcrumb\"},\"inLanguage\":\"sk-SK\",\"potentialAction\":[{\"@type\":\"ReadAction\",\"target\":[\"https:\/\/www.liecivebyliny.eu\/?page_id=619&lang=en\"]}]},{\"@type\":\"BreadcrumbList\",\"@id\":\"https:\/\/www.liecivebyliny.eu\/?page_id=619&lang=en#breadcrumb\",\"itemListElement\":[{\"@type\":\"ListItem\",\"position\":1,\"name\":\"Home\",\"item\":\"https:\/\/www.liecivebyliny.eu\/\"},{\"@type\":\"ListItem\",\"position\":2,\"name\":\"Foeniculum vulgare&nbsp;Mill.\"}]},{\"@type\":\"WebSite\",\"@id\":\"https:\/\/www.liecivebyliny.eu\/#website\",\"url\":\"https:\/\/www.liecivebyliny.eu\/\",\"name\":\"liecivebyliny.eu\",\"description\":\"\",\"potentialAction\":[{\"@type\":\"SearchAction\",\"target\":{\"@type\":\"EntryPoint\",\"urlTemplate\":\"https:\/\/www.liecivebyliny.eu\/?s={search_term_string}\"},\"query-input\":\"required name=search_term_string\"}],\"inLanguage\":\"sk-SK\"}]}<\/script>\n<!-- \/ Yoast SEO plugin. -->","yoast_head_json":{"title":"Foeniculum vulgare&nbsp;Mill. - liecivebyliny.eu","robots":{"index":"index","follow":"follow","max-snippet":"max-snippet:-1","max-image-preview":"max-image-preview:large","max-video-preview":"max-video-preview:-1"},"canonical":"https:\/\/www.liecivebyliny.eu\/?page_id=619&lang=en","og_locale":"sk_SK","og_type":"article","og_title":"Foeniculum vulgare&nbsp;Mill. - liecivebyliny.eu","og_description":"English name:&nbsp;Sweet fennel Family:&nbsp;Apiaceae&nbsp; Botanical characteristic:&nbsp;A perennial herb that grows to a height of 2 m. The root is fleshy, the leaves are thread-like. The yellow flowers grow in circumferential inflorescences. The fruit is a double-skinned plant, 10 mm in size. It flowers from July to September. Microscopic drawing: Distribution:&nbsp;Native to southern Europe, it is [&hellip;]","og_url":"https:\/\/www.liecivebyliny.eu\/?page_id=619&lang=en","og_site_name":"liecivebyliny.eu","article_modified_time":"2024-01-02T13:04:52+00:00","og_image":[{"url":"https:\/\/www.liecivebyliny.eu\/wp-content\/uploads\/2023\/12\/image-66.jpeg"}],"twitter_card":"summary_large_image","twitter_misc":{"Predpokladan\u00fd \u010das \u010d\u00edtania":"3 min\u00faty"},"schema":{"@context":"https:\/\/schema.org","@graph":[{"@type":"WebPage","@id":"https:\/\/www.liecivebyliny.eu\/?page_id=619&lang=en","url":"https:\/\/www.liecivebyliny.eu\/?page_id=619&lang=en","name":"Foeniculum vulgare&nbsp;Mill. - liecivebyliny.eu","isPartOf":{"@id":"https:\/\/www.liecivebyliny.eu\/#website"},"datePublished":"2023-12-21T20:46:33+00:00","dateModified":"2024-01-02T13:04:52+00:00","breadcrumb":{"@id":"https:\/\/www.liecivebyliny.eu\/?page_id=619&lang=en#breadcrumb"},"inLanguage":"sk-SK","potentialAction":[{"@type":"ReadAction","target":["https:\/\/www.liecivebyliny.eu\/?page_id=619&lang=en"]}]},{"@type":"BreadcrumbList","@id":"https:\/\/www.liecivebyliny.eu\/?page_id=619&lang=en#breadcrumb","itemListElement":[{"@type":"ListItem","position":1,"name":"Home","item":"https:\/\/www.liecivebyliny.eu\/"},{"@type":"ListItem","position":2,"name":"Foeniculum vulgare&nbsp;Mill."}]},{"@type":"WebSite","@id":"https:\/\/www.liecivebyliny.eu\/#website","url":"https:\/\/www.liecivebyliny.eu\/","name":"liecivebyliny.eu","description":"","potentialAction":[{"@type":"SearchAction","target":{"@type":"EntryPoint","urlTemplate":"https:\/\/www.liecivebyliny.eu\/?s={search_term_string}"},"query-input":"required name=search_term_string"}],"inLanguage":"sk-SK"}]}},"_links":{"self":[{"href":"https:\/\/www.liecivebyliny.eu\/index.php?rest_route=\/wp\/v2\/pages\/619"}],"collection":[{"href":"https:\/\/www.liecivebyliny.eu\/index.php?rest_route=\/wp\/v2\/pages"}],"about":[{"href":"https:\/\/www.liecivebyliny.eu\/index.php?rest_route=\/wp\/v2\/types\/page"}],"author":[{"embeddable":true,"href":"https:\/\/www.liecivebyliny.eu\/index.php?rest_route=\/wp\/v2\/users\/1"}],"replies":[{"embeddable":true,"href":"https:\/\/www.liecivebyliny.eu\/index.php?rest_route=%2Fwp%2Fv2%2Fcomments&post=619"}],"version-history":[{"count":2,"href":"https:\/\/www.liecivebyliny.eu\/index.php?rest_route=\/wp\/v2\/pages\/619\/revisions"}],"predecessor-version":[{"id":963,"href":"https:\/\/www.liecivebyliny.eu\/index.php?rest_route=\/wp\/v2\/pages\/619\/revisions\/963"}],"wp:attachment":[{"href":"https:\/\/www.liecivebyliny.eu\/index.php?rest_route=%2Fwp%2Fv2%2Fmedia&parent=619"}],"curies":[{"name":"wp","href":"https:\/\/api.w.org\/{rel}","templated":true}]}}