{"id":625,"date":"2023-12-21T21:49:42","date_gmt":"2023-12-21T20:49:42","guid":{"rendered":"https:\/\/www.liecivebyliny.eu\/?page_id=625"},"modified":"2023-12-29T20:02:11","modified_gmt":"2023-12-29T19:02:11","slug":"fragaria-vesca-l-2","status":"publish","type":"page","link":"https:\/\/www.liecivebyliny.eu\/?page_id=625&lang=en","title":{"rendered":"<em>Fragaria vesca<\/em>&nbsp;L."},"content":{"rendered":"<div class=\"wp-block-image\">\n<figure class=\"aligncenter size-full\"><img decoding=\"async\" loading=\"lazy\" width=\"258\" height=\"344\" src=\"https:\/\/www.liecivebyliny.eu\/wp-content\/uploads\/2023\/12\/image-67.jpeg\" alt=\"\" class=\"wp-image-626\" srcset=\"https:\/\/www.liecivebyliny.eu\/wp-content\/uploads\/2023\/12\/image-67.jpeg 258w, https:\/\/www.liecivebyliny.eu\/wp-content\/uploads\/2023\/12\/image-67-225x300.jpeg 225w\" sizes=\"(max-width: 258px) 100vw, 258px\" \/><figcaption class=\"wp-element-caption\">Wild strawberry<\/figcaption><\/figure><\/div>\n\n\n<p><strong>English name:<\/strong>\u00a0Wild strawberry<\/p>\n\n\n\n<p><strong>Family:<\/strong>&nbsp;<em>Rosaceae&nbsp;<\/em><\/p>\n\n\n\n<p><strong>Botanical characteristic:<\/strong>&nbsp;Perennial 10 \u2013 30 cm tall herb with a creeping stem. The leaves are composed of three ovate leaves, arranged in a ground rosette. The flowers are white with a five-flowered corolla, arranged singly or in a corolla. The false fruit is a set of achenes (strawberry), composed of a large number of seeds.<\/p>\n\n\n\n<p><strong>Microscopic drawing:<\/strong><\/p>\n\n\n<div class=\"wp-block-image\">\n<figure class=\"aligncenter size-full\"><img decoding=\"async\" loading=\"lazy\" width=\"324\" height=\"308\" src=\"https:\/\/www.liecivebyliny.eu\/wp-content\/uploads\/2023\/12\/image-75.png\" alt=\"\" class=\"wp-image-627\" srcset=\"https:\/\/www.liecivebyliny.eu\/wp-content\/uploads\/2023\/12\/image-75.png 324w, https:\/\/www.liecivebyliny.eu\/wp-content\/uploads\/2023\/12\/image-75-300x285.png 300w\" sizes=\"(max-width: 324px) 100vw, 324px\" \/><figcaption class=\"wp-element-caption\"><em>The drawing shows the lower skin of a strawberry leaf with stomata.<\/em><\/figcaption><\/figure><\/div>\n\n\n<p><\/p>\n\n\n\n<p><strong>Distribution:<\/strong>&nbsp;It grows on the edges of forests, on clearings, forest clearings, meadows.<\/p>\n\n\n\n<p><strong>Drug:<\/strong>&nbsp;<em>Fragariae folium, F. herba, F. fructus<\/em><\/p>\n\n\n\n<p><strong>Harvesting method:<\/strong>&nbsp;Strawberry leaves are harvested from May to August. They are harvested by hand and with the stems, usually after the fruit has been picked.<\/p>\n\n\n\n<p><strong>Drying:<\/strong>&nbsp;The leaves are dried naturally in a thin layer in an airy and shady place. Artificially in a drying room where the temperature must not exceed 40 \u00b0C.<\/p>\n\n\n\n<p><strong>Active substances:<\/strong>&nbsp;The main constituents of strawberry include ellagic tannins, flavonoids, phenolic acid derivatives, vitamin C and traces of essential oils.<\/p>\n\n\n\n<p><strong>Uses:<\/strong>&nbsp;Because of its lower tannin content, strawberry is used as a mild astringent for mild diarrhea and milder inflammations of the mucous membranes of the mouth. Because the leaves of the strawberry are non-irritating, they are also commonly added to children&#8217;s teas.<\/p>\n\n\n\n<p><strong>Traditional method of use in indications determined solely on the basis of long-term use:<\/strong><\/p>\n\n\n\n<p>&#8211; increase urine production and excretion in urinary tract diseases,<\/p>\n\n\n\n<p>&#8211; symptomatic treatment of mild diarrhoea.<\/p>\n\n\n\n<p><strong>Selected herbal preparations:<\/strong>&nbsp;AGROKARPATY STRAWBERRY ORDINARY leaf herbal tea 1&#215;30 g, FYTO STRAWBERRY &amp; ECHINACEA fruit-herbal tea 20&#215;2 g, JUVAMED STRAWBERRY ORDINARY loose herbal tea 1&#215;40 g, Sunar Soluble drink Strawberry powder 200 g, Kitl syrup 500 ml.<\/p>\n","protected":false},"excerpt":{"rendered":"<p>English name:\u00a0Wild strawberry Family:&nbsp;Rosaceae&nbsp; Botanical characteristic:&nbsp;Perennial 10 \u2013 30 cm tall herb with a creeping stem. The leaves are composed of three ovate leaves, arranged in a ground rosette. The flowers are white with a five-flowered corolla, arranged singly or in a corolla. The false fruit is a set of achenes (strawberry), composed of a [&hellip;]<\/p>\n","protected":false},"author":1,"featured_media":0,"parent":0,"menu_order":0,"comment_status":"closed","ping_status":"closed","template":"","meta":{"_mi_skip_tracking":false},"yoast_head":"<!-- This site is optimized with the Yoast SEO plugin v20.4 - https:\/\/yoast.com\/wordpress\/plugins\/seo\/ -->\n<title>Fragaria vesca&nbsp;L. - liecivebyliny.eu<\/title>\n<meta name=\"robots\" content=\"index, follow, max-snippet:-1, max-image-preview:large, max-video-preview:-1\" \/>\n<link rel=\"canonical\" href=\"https:\/\/www.liecivebyliny.eu\/?page_id=625&lang=en\" \/>\n<meta property=\"og:locale\" content=\"sk_SK\" \/>\n<meta property=\"og:type\" content=\"article\" \/>\n<meta property=\"og:title\" content=\"Fragaria vesca&nbsp;L. - liecivebyliny.eu\" \/>\n<meta property=\"og:description\" content=\"English name:\u00a0Wild strawberry Family:&nbsp;Rosaceae&nbsp; Botanical characteristic:&nbsp;Perennial 10 \u2013 30 cm tall herb with a creeping stem. The leaves are composed of three ovate leaves, arranged in a ground rosette. The flowers are white with a five-flowered corolla, arranged singly or in a corolla. The false fruit is a set of achenes (strawberry), composed of a [&hellip;]\" \/>\n<meta property=\"og:url\" content=\"https:\/\/www.liecivebyliny.eu\/?page_id=625&amp;lang=en\" \/>\n<meta property=\"og:site_name\" content=\"liecivebyliny.eu\" \/>\n<meta property=\"article:modified_time\" content=\"2023-12-29T19:02:11+00:00\" \/>\n<meta property=\"og:image\" content=\"https:\/\/www.liecivebyliny.eu\/wp-content\/uploads\/2023\/12\/image-67.jpeg\" \/>\n<meta name=\"twitter:card\" content=\"summary_large_image\" \/>\n<meta name=\"twitter:label1\" content=\"Predpokladan\u00fd \u010das \u010d\u00edtania\" \/>\n\t<meta name=\"twitter:data1\" content=\"2 min\u00faty\" \/>\n<script type=\"application\/ld+json\" class=\"yoast-schema-graph\">{\"@context\":\"https:\/\/schema.org\",\"@graph\":[{\"@type\":\"WebPage\",\"@id\":\"https:\/\/www.liecivebyliny.eu\/?page_id=625&lang=en\",\"url\":\"https:\/\/www.liecivebyliny.eu\/?page_id=625&lang=en\",\"name\":\"Fragaria vesca&nbsp;L. - liecivebyliny.eu\",\"isPartOf\":{\"@id\":\"https:\/\/www.liecivebyliny.eu\/#website\"},\"datePublished\":\"2023-12-21T20:49:42+00:00\",\"dateModified\":\"2023-12-29T19:02:11+00:00\",\"breadcrumb\":{\"@id\":\"https:\/\/www.liecivebyliny.eu\/?page_id=625&lang=en#breadcrumb\"},\"inLanguage\":\"sk-SK\",\"potentialAction\":[{\"@type\":\"ReadAction\",\"target\":[\"https:\/\/www.liecivebyliny.eu\/?page_id=625&lang=en\"]}]},{\"@type\":\"BreadcrumbList\",\"@id\":\"https:\/\/www.liecivebyliny.eu\/?page_id=625&lang=en#breadcrumb\",\"itemListElement\":[{\"@type\":\"ListItem\",\"position\":1,\"name\":\"Home\",\"item\":\"https:\/\/www.liecivebyliny.eu\/\"},{\"@type\":\"ListItem\",\"position\":2,\"name\":\"Fragaria vesca&nbsp;L.\"}]},{\"@type\":\"WebSite\",\"@id\":\"https:\/\/www.liecivebyliny.eu\/#website\",\"url\":\"https:\/\/www.liecivebyliny.eu\/\",\"name\":\"liecivebyliny.eu\",\"description\":\"\",\"potentialAction\":[{\"@type\":\"SearchAction\",\"target\":{\"@type\":\"EntryPoint\",\"urlTemplate\":\"https:\/\/www.liecivebyliny.eu\/?s={search_term_string}\"},\"query-input\":\"required name=search_term_string\"}],\"inLanguage\":\"sk-SK\"}]}<\/script>\n<!-- \/ Yoast SEO plugin. -->","yoast_head_json":{"title":"Fragaria vesca&nbsp;L. - liecivebyliny.eu","robots":{"index":"index","follow":"follow","max-snippet":"max-snippet:-1","max-image-preview":"max-image-preview:large","max-video-preview":"max-video-preview:-1"},"canonical":"https:\/\/www.liecivebyliny.eu\/?page_id=625&lang=en","og_locale":"sk_SK","og_type":"article","og_title":"Fragaria vesca&nbsp;L. - liecivebyliny.eu","og_description":"English name:\u00a0Wild strawberry Family:&nbsp;Rosaceae&nbsp; Botanical characteristic:&nbsp;Perennial 10 \u2013 30 cm tall herb with a creeping stem. The leaves are composed of three ovate leaves, arranged in a ground rosette. The flowers are white with a five-flowered corolla, arranged singly or in a corolla. The false fruit is a set of achenes (strawberry), composed of a [&hellip;]","og_url":"https:\/\/www.liecivebyliny.eu\/?page_id=625&lang=en","og_site_name":"liecivebyliny.eu","article_modified_time":"2023-12-29T19:02:11+00:00","og_image":[{"url":"https:\/\/www.liecivebyliny.eu\/wp-content\/uploads\/2023\/12\/image-67.jpeg"}],"twitter_card":"summary_large_image","twitter_misc":{"Predpokladan\u00fd \u010das \u010d\u00edtania":"2 min\u00faty"},"schema":{"@context":"https:\/\/schema.org","@graph":[{"@type":"WebPage","@id":"https:\/\/www.liecivebyliny.eu\/?page_id=625&lang=en","url":"https:\/\/www.liecivebyliny.eu\/?page_id=625&lang=en","name":"Fragaria vesca&nbsp;L. - liecivebyliny.eu","isPartOf":{"@id":"https:\/\/www.liecivebyliny.eu\/#website"},"datePublished":"2023-12-21T20:49:42+00:00","dateModified":"2023-12-29T19:02:11+00:00","breadcrumb":{"@id":"https:\/\/www.liecivebyliny.eu\/?page_id=625&lang=en#breadcrumb"},"inLanguage":"sk-SK","potentialAction":[{"@type":"ReadAction","target":["https:\/\/www.liecivebyliny.eu\/?page_id=625&lang=en"]}]},{"@type":"BreadcrumbList","@id":"https:\/\/www.liecivebyliny.eu\/?page_id=625&lang=en#breadcrumb","itemListElement":[{"@type":"ListItem","position":1,"name":"Home","item":"https:\/\/www.liecivebyliny.eu\/"},{"@type":"ListItem","position":2,"name":"Fragaria vesca&nbsp;L."}]},{"@type":"WebSite","@id":"https:\/\/www.liecivebyliny.eu\/#website","url":"https:\/\/www.liecivebyliny.eu\/","name":"liecivebyliny.eu","description":"","potentialAction":[{"@type":"SearchAction","target":{"@type":"EntryPoint","urlTemplate":"https:\/\/www.liecivebyliny.eu\/?s={search_term_string}"},"query-input":"required name=search_term_string"}],"inLanguage":"sk-SK"}]}},"_links":{"self":[{"href":"https:\/\/www.liecivebyliny.eu\/index.php?rest_route=\/wp\/v2\/pages\/625"}],"collection":[{"href":"https:\/\/www.liecivebyliny.eu\/index.php?rest_route=\/wp\/v2\/pages"}],"about":[{"href":"https:\/\/www.liecivebyliny.eu\/index.php?rest_route=\/wp\/v2\/types\/page"}],"author":[{"embeddable":true,"href":"https:\/\/www.liecivebyliny.eu\/index.php?rest_route=\/wp\/v2\/users\/1"}],"replies":[{"embeddable":true,"href":"https:\/\/www.liecivebyliny.eu\/index.php?rest_route=%2Fwp%2Fv2%2Fcomments&post=625"}],"version-history":[{"count":1,"href":"https:\/\/www.liecivebyliny.eu\/index.php?rest_route=\/wp\/v2\/pages\/625\/revisions"}],"predecessor-version":[{"id":628,"href":"https:\/\/www.liecivebyliny.eu\/index.php?rest_route=\/wp\/v2\/pages\/625\/revisions\/628"}],"wp:attachment":[{"href":"https:\/\/www.liecivebyliny.eu\/index.php?rest_route=%2Fwp%2Fv2%2Fmedia&parent=625"}],"curies":[{"name":"wp","href":"https:\/\/api.w.org\/{rel}","templated":true}]}}